{"id":585,"date":"2023-05-05T10:42:20","date_gmt":"2023-05-05T10:42:20","guid":{"rendered":"https:\/\/wp.ull.es\/vicmovi\/?page_id=585"},"modified":"2023-05-05T10:48:05","modified_gmt":"2023-05-05T10:48:05","slug":"quienes-somos","status":"publish","type":"page","link":"https:\/\/wp.ull.es\/vicmovi\/quienes-somos\/","title":{"rendered":"\u00bfQui\u00e9nes somos?"},"content":{"rendered":"\n<p>Este espacio virtual del Vicedecanato de Igualdad y Relaciones Interuniversitarias de la Facultad de Econom\u00eda, Empresa y Turismo de la ULL surge con el objetivo de dar difusi\u00f3n a las acciones de igualdad de g\u00e9nero y de apoyar la movilidad Erasmus+ de dicha facultad. Se crea en el a\u00f1o 2023, a iniciativa de la Vicedecana, con la colaboraci\u00f3n de Jade Maquaire, estudiante de Master de Estudios Europeos e Internacionales especializado en Estrategias Culturales y Acad\u00e9micas Internacionales en la universidad de Champollion en Albi (Francia), que realiza sus pr\u00e1cticas en el Vicedecanato de enero a julio de 2023. <\/p>\n\n\n\n<hr class=\"wp-block-separator has-alpha-channel-opacity\" \/>\n\n\n\n<p>El trabajo de este Vicedecanato se sustenta en base a dos comisiones: <\/p>\n\n\n\n<p>(1) La <strong>Comisi\u00f3n de Igualdad<\/strong>, encargada de las tareas de Igualdad de G\u00e9nero de la Facultad y de organizar las Jornadas de la Mujer y la Econom\u00eda cada a\u00f1o. Est\u00e1 formada por las siguientes representantes activas:<\/p>\n\n\n\n<ul class=\"wp-block-list\"><li>Rosa Mar\u00eda Lorenzo Alegr\u00eda, Departamento de Econom\u00eda, Contabilidad y Finanzas<\/li><li>Diana Mart\u00edn Azami, Departamento de Direcci\u00f3n de Empresas e Historia Econ\u00f3mica <\/li><li>Raquel Mart\u00edn Rivero, Departamento de Econom\u00eda Aplicada y M\u00e9todos Cuantitativos<\/li><li>Candelaria Gonz\u00e1lez, Biblioteca de la Facultad de Econom\u00eda, Empresa y Turismo<\/li><li>Judit Mendoza Aguilar, Vicedecana de Igualdad y Relaciones Interuniversitarias y Presidenta de la Comisi\u00f3n <\/li><\/ul>\n\n\n\n<p>(2) La <strong>Comisi\u00f3n de Movilidad<\/strong>, que es responsable de la Movilidad Erasmus+ del alumnado saliente de esta Facultad, formada por:<\/p>\n\n\n\n<ul class=\"wp-block-list\"><li>Francisco Javier Amador Morera, Departamento de Econom\u00eda, Contabilidad y Finanzas<\/li><li>J. C\u00e9sar Rodr\u00edguez Morales, Departamento de Direcci\u00f3n de Empresas e Historia Econ\u00f3mica<\/li><li>Fabi\u00e1n Or\u00e1n Llarena, Departamento de Filolog\u00eda Inglesa y Alemana<\/li><li>Tatiana David Negre, Departamento de Direcci\u00f3n de Empresas e Historia Econ\u00f3mica<\/li><li>H\u00e9ctor Hern\u00e1ndez Arocha, Departamento de Filolog\u00eda Inglesa y Alemana<\/li><li>Alfonso Jes\u00fas Gonz\u00e1lez Rodr\u00edguez, Departamento de Econom\u00eda, Contabilidad y Finanzas<\/li><li>Estefan\u00eda Caridad de Otto, Departamento de Filolog\u00eda Inglesa y Alemana<\/li><li>Manuel Talamante P\u00e9rez, Departamento de Direcci\u00f3n de Empresas e Historia Econ\u00f3mica<\/li><li>Judit Mendoza Aguilar, Vicedecana de Igualdad y Relaciones Interuniversitarias y Presidenta de la Comisi\u00f3n <\/li><\/ul>\n","protected":false},"excerpt":{"rendered":"<p>Este espacio virtual del Vicedecanato de Igualdad y Relaciones Interuniversitarias de la Facultad de Econom\u00eda, Empresa y Turismo de la ULL surge con el objetivo de dar difusi\u00f3n a las acciones de igualdad de g\u00e9nero y de apoyar la movilidad Erasmus+ de dicha facultad. Se crea en el a\u00f1o 2023, a iniciativa de la Vicedecana, &hellip; <\/p>\n<p class=\"link-more\"><a href=\"https:\/\/wp.ull.es\/vicmovi\/quienes-somos\/\" class=\"more-link\">Continuar leyendo<span class=\"screen-reader-text\"> \u00ab\u00bfQui\u00e9nes somos?\u00bb<\/span><\/a><\/p>\n","protected":false},"author":368,"featured_media":0,"parent":0,"menu_order":0,"comment_status":"closed","ping_status":"closed","template":"","meta":{"ngg_post_thumbnail":0,"footnotes":""},"class_list":["post-585","page","type-page","status-publish","hentry"],"_links":{"self":[{"href":"https:\/\/wp.ull.es\/vicmovi\/wp-json\/wp\/v2\/pages\/585","targetHints":{"allow":["GET"]}}],"collection":[{"href":"https:\/\/wp.ull.es\/vicmovi\/wp-json\/wp\/v2\/pages"}],"about":[{"href":"https:\/\/wp.ull.es\/vicmovi\/wp-json\/wp\/v2\/types\/page"}],"author":[{"embeddable":true,"href":"https:\/\/wp.ull.es\/vicmovi\/wp-json\/wp\/v2\/users\/368"}],"replies":[{"embeddable":true,"href":"https:\/\/wp.ull.es\/vicmovi\/wp-json\/wp\/v2\/comments?post=585"}],"version-history":[{"count":2,"href":"https:\/\/wp.ull.es\/vicmovi\/wp-json\/wp\/v2\/pages\/585\/revisions"}],"predecessor-version":[{"id":852,"href":"https:\/\/wp.ull.es\/vicmovi\/wp-json\/wp\/v2\/pages\/585\/revisions\/852"}],"wp:attachment":[{"href":"https:\/\/wp.ull.es\/vicmovi\/wp-json\/wp\/v2\/media?parent=585"}],"curies":[{"name":"wp","href":"https:\/\/api.w.org\/{rel}","templated":true}]}}