{"id":27,"date":"2023-02-07T14:46:11","date_gmt":"2023-02-07T14:46:11","guid":{"rendered":"https:\/\/wp.ull.es\/vicmovi\/?page_id=27"},"modified":"2023-07-20T14:03:05","modified_gmt":"2023-07-20T14:03:05","slug":"experiencias","status":"publish","type":"page","link":"https:\/\/wp.ull.es\/vicmovi\/internacionalizacion\/experiencias\/","title":{"rendered":"Experiencias"},"content":{"rendered":"\n<p><mark style=\"background-color:#ffffff\" class=\"has-inline-color has-black-color\">\u00a1Encuentra aqu\u00ed el <em>feedback<\/em> que nos han compartido algunos\/as estudiantes de la FEET que han estado de Erasmus!  <\/mark><\/p>\n\n\n\n<figure class=\"wp-block-image size-full\"><img decoding=\"async\" width=\"960\" height=\"540\" src=\"https:\/\/wp.ull.es\/vicmovi\/wp-content\/uploads\/sites\/142\/2023\/04\/bandera-europea-edited.jpg\" alt=\"\" class=\"wp-image-769\" srcset=\"https:\/\/wp.ull.es\/vicmovi\/wp-content\/uploads\/sites\/142\/2023\/04\/bandera-europea-edited.jpg 960w, https:\/\/wp.ull.es\/vicmovi\/wp-content\/uploads\/sites\/142\/2023\/04\/bandera-europea-edited-300x169.jpg 300w, https:\/\/wp.ull.es\/vicmovi\/wp-content\/uploads\/sites\/142\/2023\/04\/bandera-europea-edited-768x432.jpg 768w\" sizes=\"(max-width: 767px) 89vw, (max-width: 1000px) 54vw, (max-width: 1071px) 543px, 580px\" \/><\/figure>\n\n\n\n<p>Los testimonios a continuaci\u00f3n relatan la experiencia de 17 alumnos que se han ido durante el curso 2022\/23, sea el primer cuatrimestre o el curso completo. Algunos de ellos han aceptado dejar su contacto para que les puedas contactar por cualquier pregunta.<\/p>\n\n\n\n<p>Haz clic en los testimonios de los destinos enlazados a continuaci\u00f3n: <\/p>\n\n\n\n<ul class=\"wp-block-list\">\n<li><a rel=\"noreferrer noopener\" href=\"https:\/\/wp.ull.es\/vicmovi\/?p=603&amp;preview=true\" target=\"_blank\">European University of Applied Sciences en Br\u00fchl, Alemania<\/a><\/li>\n\n\n\n<li><a rel=\"noreferrer noopener\" href=\"https:\/\/wp.ull.es\/vicmovi\/?p=481&amp;preview=true\" target=\"_blank\">Vives University of Applied Sciences, B\u00e9lgica<\/a><\/li>\n\n\n\n<li><a rel=\"noreferrer noopener\" href=\"https:\/\/wp.ull.es\/vicmovi\/2023\/07\/20\/destino-juraj-dobrila-university-of-pula-croacia\/\" target=\"_blank\">Juraj Dobrila University Of Pula, Croacia<\/a><\/li>\n\n\n\n<li><a rel=\"noreferrer noopener\" href=\"https:\/\/wp.ull.es\/vicmovi\/2023\/07\/20\/destino-university-of-maribor-eslovenia\/\" target=\"_blank\">University Of Maribor, Eslovenia<\/a><\/li>\n\n\n\n<li><a rel=\"noreferrer noopener\" href=\"https:\/\/wp.ull.es\/vicmovi\/2023\/06\/23\/destino-samk-satakunta-university-of-applied-sciences-en-pori-finlandia\/\" target=\"_blank\">SAMK, Satakunta University of Applied Sciences en Pori, Finlandia<\/a><\/li>\n\n\n\n<li><a rel=\"noreferrer noopener\" href=\"https:\/\/wp.ull.es\/vicmovi\/?p=479&amp;preview=true\" target=\"_blank\">Universit\u00e9 de Franche Comt\u00e9 en Besan\u00e7on, Francia<\/a><\/li>\n\n\n\n<li><a href=\"https:\/\/wp.ull.es\/vicmovi\/2023\/07\/20\/destino-alma-mater-studiorum-universita-di-bologna-italia\/\" target=\"_blank\" rel=\"noreferrer noopener\">Alma Mater Studiorum-Universit\u00e1 Di Bologna, Italia<\/a><\/li>\n\n\n\n<li><a rel=\"noreferrer noopener\" href=\"https:\/\/wp.ull.es\/vicmovi\/2023\/05\/29\/destino-universita-degli-studi-di-perugia-italia\/\" target=\"_blank\">Universit\u00e1 Degli Studi Di Perugia, Italia<\/a><\/li>\n\n\n\n<li><a rel=\"noreferrer noopener\" href=\"https:\/\/wp.ull.es\/vicmovi\/2023\/04\/14\/destino-universita-degli-studi-di-roma-tor-vergata\/\" target=\"_blank\">Universit\u00e1 Degli Studi Di Roma-Tor Vergata, Italia<\/a><\/li>\n\n\n\n<li><a rel=\"noreferrer noopener\" href=\"https:\/\/wp.ull.es\/vicmovi\/?p=473&amp;preview=true\" target=\"_blank\">Riga Technical University, Letonia<\/a><\/li>\n\n\n\n<li><a rel=\"noreferrer noopener\" href=\"https:\/\/wp.ull.es\/vicmovi\/?p=466&amp;preview=true\" target=\"_blank\">Lietuvos Verslo Kolegija, Lituania<\/a><\/li>\n\n\n\n<li><a rel=\"noreferrer noopener\" href=\"https:\/\/wp.ull.es\/vicmovi\/?p=475&amp;preview=true\" target=\"_blank\">Warsaw University of Technology, Polonia<\/a><\/li>\n\n\n\n<li><a rel=\"noreferrer noopener\" href=\"https:\/\/wp.ull.es\/vicmovi\/?p=477&amp;preview=true\" target=\"_blank\">Cracow University of Economics, Polonia<\/a><\/li>\n\n\n\n<li><a rel=\"noreferrer noopener\" href=\"https:\/\/wp.ull.es\/vicmovi\/2023\/07\/20\/desino-warsaw-university-of-technology-polonia\/\" target=\"_blank\">Warsaw University of Technology, Polonia<\/a><\/li>\n<\/ul>\n\n\n\n<hr class=\"wp-block-separator has-alpha-channel-opacity is-style-default\" \/>\n\n\n\n<p><em>Nos dan respuesta a las preguntas siguientes<\/em>:<\/p>\n\n\n\n<ol class=\"wp-block-list\">\n<li>\u00bfPor qu\u00e9 decidiste hacer un Erasmus?<\/li>\n\n\n\n<li>\u00bfPor qu\u00e9 elegiste ese destino?<\/li>\n\n\n\n<li>\u00bfEn qu\u00e9 periodo te fuiste?<\/li>\n\n\n\n<li>\u00bfC\u00f3mo fue tu llegada a la instituci\u00f3n de destino?<\/li>\n\n\n\n<li>\u00bfC\u00f3mo encontraste alojamiento?<\/li>\n\n\n\n<li>\u00bfLa organizaci\u00f3n de las clases es diferente a Espa\u00f1a?<\/li>\n\n\n\n<li>\u00bfC\u00f3mo se organizaban all\u00ed los ex\u00e1menes?&nbsp;<\/li>\n\n\n\n<li>\u00bfTe sentiste integrado en la universidad?<\/li>\n\n\n\n<li>\u00bfQu\u00e9 aspectos de tu movilidad crees que te han marcado m\u00e1s?&nbsp;<\/li>\n\n\n\n<li>\u00bfHab\u00eda muchos estudiantes de Erasmus en tu ciudad de destino?<\/li>\n\n\n\n<li>\u00bfExist\u00eda una organizaci\u00f3n Erasmus all\u00ed en la que poder apoyarte?&nbsp;<\/li>\n\n\n\n<li>\u00bfQu\u00e9 piensas de la ciudad en la que estuviste?<\/li>\n\n\n\n<li>\u00bfCu\u00e1l era tu nivel de idiomas antes de irte?<\/li>\n\n\n\n<li>\u00bfQu\u00e9 nivel de idiomas alcanzaste al final de tu estancia?<\/li>\n\n\n\n<li>\u00bfCu\u00e1les son los beneficios que sacas de esta experiencia?<\/li>\n\n\n\n<li>\u00bfQu\u00e9 consejos le podr\u00edas dar a una persona que se va de Erasmus al mismo sitio?<\/li>\n<\/ol>\n","protected":false},"excerpt":{"rendered":"<p>\u00a1Encuentra aqu\u00ed el feedback que nos han compartido algunos\/as estudiantes de la FEET que han estado de Erasmus! Los testimonios a continuaci\u00f3n relatan la experiencia de 17 alumnos que se han ido durante el curso 2022\/23, sea el primer cuatrimestre o el curso completo. Algunos de ellos han aceptado dejar su contacto para que les &hellip; <\/p>\n<p class=\"link-more\"><a href=\"https:\/\/wp.ull.es\/vicmovi\/internacionalizacion\/experiencias\/\" class=\"more-link\">Continuar leyendo<span class=\"screen-reader-text\"> \u00abExperiencias\u00bb<\/span><\/a><\/p>\n","protected":false},"author":93,"featured_media":0,"parent":22,"menu_order":0,"comment_status":"closed","ping_status":"closed","template":"","meta":{"ngg_post_thumbnail":0,"footnotes":""},"class_list":["post-27","page","type-page","status-publish","hentry"],"_links":{"self":[{"href":"https:\/\/wp.ull.es\/vicmovi\/wp-json\/wp\/v2\/pages\/27","targetHints":{"allow":["GET"]}}],"collection":[{"href":"https:\/\/wp.ull.es\/vicmovi\/wp-json\/wp\/v2\/pages"}],"about":[{"href":"https:\/\/wp.ull.es\/vicmovi\/wp-json\/wp\/v2\/types\/page"}],"author":[{"embeddable":true,"href":"https:\/\/wp.ull.es\/vicmovi\/wp-json\/wp\/v2\/users\/93"}],"replies":[{"embeddable":true,"href":"https:\/\/wp.ull.es\/vicmovi\/wp-json\/wp\/v2\/comments?post=27"}],"version-history":[{"count":1,"href":"https:\/\/wp.ull.es\/vicmovi\/wp-json\/wp\/v2\/pages\/27\/revisions"}],"predecessor-version":[{"id":1165,"href":"https:\/\/wp.ull.es\/vicmovi\/wp-json\/wp\/v2\/pages\/27\/revisions\/1165"}],"up":[{"embeddable":true,"href":"https:\/\/wp.ull.es\/vicmovi\/wp-json\/wp\/v2\/pages\/22"}],"wp:attachment":[{"href":"https:\/\/wp.ull.es\/vicmovi\/wp-json\/wp\/v2\/media?parent=27"}],"curies":[{"name":"wp","href":"https:\/\/api.w.org\/{rel}","templated":true}]}}