{"id":25,"date":"2023-02-07T14:45:37","date_gmt":"2023-02-07T14:45:37","guid":{"rendered":"https:\/\/wp.ull.es\/vicmovi\/?page_id=25"},"modified":"2023-06-15T11:57:52","modified_gmt":"2023-06-15T11:57:52","slug":"nuestros-convenios","status":"publish","type":"page","link":"https:\/\/wp.ull.es\/vicmovi\/internacionalizacion\/nuestros-convenios\/","title":{"rendered":"Nuestros convenios"},"content":{"rendered":"<div class=\"wp-block-image\">\n<figure class=\"aligncenter size-large is-resized\"><img decoding=\"async\" src=\"https:\/\/wp.ull.es\/vicmovi\/wp-content\/uploads\/sites\/142\/2023\/06\/map-of-europe-2646492_1280-edited.jpg\" alt=\"\" class=\"wp-image-966\" width=\"371\" height=\"392\" srcset=\"https:\/\/wp.ull.es\/vicmovi\/wp-content\/uploads\/sites\/142\/2023\/06\/map-of-europe-2646492_1280-edited.jpg 967w, https:\/\/wp.ull.es\/vicmovi\/wp-content\/uploads\/sites\/142\/2023\/06\/map-of-europe-2646492_1280-edited-283x300.jpg 283w, https:\/\/wp.ull.es\/vicmovi\/wp-content\/uploads\/sites\/142\/2023\/06\/map-of-europe-2646492_1280-edited-768x813.jpg 768w\" sizes=\"(max-width: 371px) 100vw, 371px\" \/><\/figure>\n<\/div>\n\n\n<p>Desde esta p\u00e1gina puedes acceder a informaci\u00f3n pr\u00e1ctica de algunas de las universidades con las que tenemos convenio. Selecciona tu pa\u00eds de destino:<\/p>\n\n\n\n<p><a rel=\"noreferrer noopener\" href=\"https:\/\/wp.ull.es\/vicmovi\/2023\/06\/08\/alemania-informaciones-practicas\/\" target=\"_blank\">Alemania<\/a><\/p>\n\n\n\n<p><a href=\"https:\/\/wp.ull.es\/vicmovi\/2023\/06\/01\/belgica-informaciones-practicas\/\" target=\"_blank\" rel=\"noreferrer noopener\">B\u00e9lgica<\/a><\/p>\n\n\n\n<p><a rel=\"noreferrer noopener\" href=\"https:\/\/wp.ull.es\/vicmovi\/2023\/06\/01\/croacia-informaciones-practicas\/\" target=\"_blank\">Croacia<\/a><\/p>\n\n\n\n<p><a href=\"https:\/\/wp.ull.es\/vicmovi\/2023\/06\/06\/eslovaquia-informaciones-practicas\/\" target=\"_blank\" rel=\"noreferrer noopener\">Eslovaquia<\/a><\/p>\n\n\n\n<p><a href=\"https:\/\/wp.ull.es\/vicmovi\/2023\/06\/06\/eslovenia-informaciones-practicas\/\" target=\"_blank\" rel=\"noreferrer noopener\">Eslovenia<\/a><\/p>\n\n\n\n<p><a href=\"https:\/\/wp.ull.es\/vicmovi\/2023\/06\/06\/finlandia-informaciones-practicas\/\" target=\"_blank\" rel=\"noreferrer noopener\">Finlandia<\/a><\/p>\n\n\n\n<p><a href=\"https:\/\/wp.ull.es\/vicmovi\/2023\/06\/01\/francia-informaciones-practicas\/\" target=\"_blank\" rel=\"noreferrer noopener\">Francia<\/a><\/p>\n\n\n\n<p><a href=\"https:\/\/wp.ull.es\/vicmovi\/2023\/06\/01\/italia-informaciones-practicas\/\" target=\"_blank\" rel=\"noreferrer noopener\">Italia<\/a><\/p>\n\n\n\n<p><a href=\"https:\/\/wp.ull.es\/vicmovi\/2023\/06\/01\/lituania-informaciones-practicas\/\" target=\"_blank\" rel=\"noreferrer noopener\">Lituania<\/a><\/p>\n\n\n\n<p><a rel=\"noreferrer noopener\" href=\"https:\/\/wp.ull.es\/vicmovi\/2023\/06\/01\/letonia-informaciones-practicas\/\" target=\"_blank\">Letonia<\/a><\/p>\n\n\n\n<p><a rel=\"noreferrer noopener\" href=\"https:\/\/wp.ull.es\/vicmovi\/2023\/06\/02\/paises-bajos-informaciones-practicas\/\" target=\"_blank\">Pa\u00edses Bajos<\/a><\/p>\n\n\n\n<p><a rel=\"noreferrer noopener\" href=\"https:\/\/wp.ull.es\/vicmovi\/2023\/06\/07\/polonia-informaciones-practicas\/\" target=\"_blank\">Polonia<\/a><\/p>\n\n\n\n<p><a href=\"https:\/\/wp.ull.es\/vicmovi\/2023\/06\/15\/portugal-informaciones-practicas\/\" target=\"_blank\" rel=\"noreferrer noopener\">Portugal<\/a><\/p>\n\n\n\n<p><a href=\"https:\/\/wp.ull.es\/vicmovi\/2023\/06\/07\/rumania-informaciones-practicas\/\" target=\"_blank\" rel=\"noreferrer noopener\">Ruman\u00eda<\/a><\/p>\n","protected":false},"excerpt":{"rendered":"<p>Desde esta p\u00e1gina puedes acceder a informaci\u00f3n pr\u00e1ctica de algunas de las universidades con las que tenemos convenio. Selecciona tu pa\u00eds de destino: Alemania B\u00e9lgica Croacia Eslovaquia Eslovenia Finlandia Francia Italia Lituania Letonia Pa\u00edses Bajos Polonia Portugal Ruman\u00eda<\/p>\n","protected":false},"author":93,"featured_media":0,"parent":22,"menu_order":0,"comment_status":"closed","ping_status":"closed","template":"","meta":{"ngg_post_thumbnail":0,"footnotes":""},"class_list":["post-25","page","type-page","status-publish","hentry"],"_links":{"self":[{"href":"https:\/\/wp.ull.es\/vicmovi\/wp-json\/wp\/v2\/pages\/25","targetHints":{"allow":["GET"]}}],"collection":[{"href":"https:\/\/wp.ull.es\/vicmovi\/wp-json\/wp\/v2\/pages"}],"about":[{"href":"https:\/\/wp.ull.es\/vicmovi\/wp-json\/wp\/v2\/types\/page"}],"author":[{"embeddable":true,"href":"https:\/\/wp.ull.es\/vicmovi\/wp-json\/wp\/v2\/users\/93"}],"replies":[{"embeddable":true,"href":"https:\/\/wp.ull.es\/vicmovi\/wp-json\/wp\/v2\/comments?post=25"}],"version-history":[{"count":3,"href":"https:\/\/wp.ull.es\/vicmovi\/wp-json\/wp\/v2\/pages\/25\/revisions"}],"predecessor-version":[{"id":1106,"href":"https:\/\/wp.ull.es\/vicmovi\/wp-json\/wp\/v2\/pages\/25\/revisions\/1106"}],"up":[{"embeddable":true,"href":"https:\/\/wp.ull.es\/vicmovi\/wp-json\/wp\/v2\/pages\/22"}],"wp:attachment":[{"href":"https:\/\/wp.ull.es\/vicmovi\/wp-json\/wp\/v2\/media?parent=25"}],"curies":[{"name":"wp","href":"https:\/\/api.w.org\/{rel}","templated":true}]}}