{"id":22,"date":"2023-02-07T14:45:14","date_gmt":"2023-02-07T14:45:14","guid":{"rendered":"https:\/\/wp.ull.es\/vicmovi\/?page_id=22"},"modified":"2023-04-27T12:42:53","modified_gmt":"2023-04-27T12:42:53","slug":"internacionalizacion","status":"publish","type":"page","link":"https:\/\/wp.ull.es\/vicmovi\/internacionalizacion\/","title":{"rendered":"Internacionalizaci\u00f3n"},"content":{"rendered":"<div class=\"wp-block-image\">\n<figure class=\"aligncenter size-full\"><img decoding=\"async\" width=\"1023\" height=\"336\" src=\"https:\/\/wp.ull.es\/vicmovi\/wp-content\/uploads\/sites\/142\/2023\/04\/dfghsdcfvgbhnjkjhbgvcxwxcvbn.jpg\" alt=\"\" class=\"wp-image-686\" srcset=\"https:\/\/wp.ull.es\/vicmovi\/wp-content\/uploads\/sites\/142\/2023\/04\/dfghsdcfvgbhnjkjhbgvcxwxcvbn.jpg 1023w, https:\/\/wp.ull.es\/vicmovi\/wp-content\/uploads\/sites\/142\/2023\/04\/dfghsdcfvgbhnjkjhbgvcxwxcvbn-300x99.jpg 300w, https:\/\/wp.ull.es\/vicmovi\/wp-content\/uploads\/sites\/142\/2023\/04\/dfghsdcfvgbhnjkjhbgvcxwxcvbn-768x252.jpg 768w\" sizes=\"(max-width: 767px) 89vw, (max-width: 1000px) 54vw, (max-width: 1071px) 543px, 580px\" \/><\/figure>\n<\/div>\n\n\n<p>Realizar un intercambio con el programa Erasmus+ es una experiencia inolvidable y enriquecedora, tanto en lo personal como en lo profesional. El intercambio complementa tus estudios con una visi\u00f3n m\u00e1s amplia y permite mejorar tu curr\u00edculum de cara a una incorporaci\u00f3n en el mercado laboral. Adem\u00e1s, te permite vivir una experiencia de inmersi\u00f3n social y cultural en un pa\u00eds nuevo, lo que fortalecer\u00e1 tus habilidades de comunicaci\u00f3n, cooperaci\u00f3n, adaptaci\u00f3n y comprensi\u00f3n de otras culturas; es decir, mejorando tus competencias de internacionalizaci\u00f3n en suma.<\/p>\n\n\n\n<p>Ponemos a disposici\u00f3n dos p\u00e1ginas (haz clic en el enlace) en las que puedes encontrar m\u00e1s informaci\u00f3n sobre Erasmus+ para los distintos destinos de la Facultad de Econom\u00eda, Empresa y Turismo: (1) <a rel=\"noreferrer noopener\" href=\"https:\/\/wp.ull.es\/vicmovi\/?page_id=27&amp;preview=true\" target=\"_blank\">Experiencias<\/a>, donde te contamos en primera persona las experiencias de alumnado de cursos anteriores y (2) <a rel=\"noreferrer noopener\" href=\"https:\/\/wp.ull.es\/vicmovi\/?page_id=25&amp;preview=true\" target=\"_blank\">Nuestros convenios<\/a>, con informaci\u00f3n de las diferentes universidades.\u00a0<\/p>\n\n\n\n<p><strong>+Info<\/strong>: en este <a rel=\"noreferrer noopener\" href=\"https:\/\/www.ull.es\/portal\/erasmus\/movilidad\/erasmus-estudios-salientes\/\" target=\"_blank\">enlace<\/a> se encuentra disponible la descripci\u00f3n detallada del procedimiento Erasmus (solicitud, cat\u00e1logos de plazas, instrucciones, becas, impresos, etc.) de la Universidad de La Laguna.<\/p>\n\n\n\n<p><\/p>\n","protected":false},"excerpt":{"rendered":"<p>Realizar un intercambio con el programa Erasmus+ es una experiencia inolvidable y enriquecedora, tanto en lo personal como en lo profesional. El intercambio complementa tus estudios con una visi\u00f3n m\u00e1s amplia y permite mejorar tu curr\u00edculum de cara a una incorporaci\u00f3n en el mercado laboral. Adem\u00e1s, te permite vivir una experiencia de inmersi\u00f3n social y &hellip; <\/p>\n<p class=\"link-more\"><a href=\"https:\/\/wp.ull.es\/vicmovi\/internacionalizacion\/\" class=\"more-link\">Continuar leyendo<span class=\"screen-reader-text\"> \u00abInternacionalizaci\u00f3n\u00bb<\/span><\/a><\/p>\n","protected":false},"author":93,"featured_media":0,"parent":0,"menu_order":0,"comment_status":"closed","ping_status":"closed","template":"","meta":{"ngg_post_thumbnail":0,"footnotes":""},"class_list":["post-22","page","type-page","status-publish","hentry"],"_links":{"self":[{"href":"https:\/\/wp.ull.es\/vicmovi\/wp-json\/wp\/v2\/pages\/22","targetHints":{"allow":["GET"]}}],"collection":[{"href":"https:\/\/wp.ull.es\/vicmovi\/wp-json\/wp\/v2\/pages"}],"about":[{"href":"https:\/\/wp.ull.es\/vicmovi\/wp-json\/wp\/v2\/types\/page"}],"author":[{"embeddable":true,"href":"https:\/\/wp.ull.es\/vicmovi\/wp-json\/wp\/v2\/users\/93"}],"replies":[{"embeddable":true,"href":"https:\/\/wp.ull.es\/vicmovi\/wp-json\/wp\/v2\/comments?post=22"}],"version-history":[{"count":2,"href":"https:\/\/wp.ull.es\/vicmovi\/wp-json\/wp\/v2\/pages\/22\/revisions"}],"predecessor-version":[{"id":785,"href":"https:\/\/wp.ull.es\/vicmovi\/wp-json\/wp\/v2\/pages\/22\/revisions\/785"}],"wp:attachment":[{"href":"https:\/\/wp.ull.es\/vicmovi\/wp-json\/wp\/v2\/media?parent=22"}],"curies":[{"name":"wp","href":"https:\/\/api.w.org\/{rel}","templated":true}]}}