{"id":20,"date":"2023-02-07T14:43:04","date_gmt":"2023-02-07T14:43:04","guid":{"rendered":"https:\/\/wp.ull.es\/vicmovi\/?page_id=20"},"modified":"2023-03-08T10:19:23","modified_gmt":"2023-03-08T10:19:23","slug":"i-jornadas-lmyle","status":"publish","type":"page","link":"https:\/\/wp.ull.es\/vicmovi\/igualdad\/i-jornadas-lmyle\/","title":{"rendered":"I Jornadas LMYLE"},"content":{"rendered":"\n<p>Las primeras Jornadas de la Mujer y la Econom\u00eda tuvieron lugar entre el 20 de noviembre y el 11 de diciembre 2020. El programa detallado esta disponible en este <a rel=\"noreferrer noopener\" href=\"https:\/\/drive.google.com\/drive\/folders\/1rA54sf1wqQb2qyEWa3gjhWmtQ4oGIX60\" target=\"_blank\">enlace<\/a>.<\/p>\n\n\n\n<div class=\"wp-block-group\"><div class=\"wp-block-group__inner-container is-layout-flow wp-block-group-is-layout-flow\"><a href=\"https:\/\/wp.ull.es\/vicmovi\/wp-content\/uploads\/sites\/142\/2023\/02\/Poster-JORNADAS.pdf\" class=\"pdfemb-viewer\" style=\"\" data-width=\"max\" data-height=\"max\" data-toolbar=\"bottom\" data-toolbar-fixed=\"off\">Poster-JORNADAS<\/a>\n<p class=\"wp-block-pdfemb-pdf-embedder-viewer\"><\/p>\n<\/div><\/div>\n\n\n\n<p>El formato de celebraci\u00f3n fue virtual debido a la crisis de la Covid-19. A continuaci\u00f3n se presentan los v\u00eddeos de las 3 sesiones.<\/p>\n\n\n\n<p>En la inauguraci\u00f3n celebrada el 20 de noviembre de 2020, tuvo lugar la presentaci\u00f3n de la exposici\u00f3n \u00abLa econom\u00eda no es s\u00f3lo cosa de hombres\u00bb, por la profesora Amalia Carrasco de la Universidad de Sevilla, con el objetivo de visibilizar las semblanzas de 15 mujeres economistas de los siglos XIX y XX.<\/p>\n\n\n\n<figure class=\"wp-block-embed is-type-video is-provider-youtube wp-block-embed-youtube wp-embed-aspect-16-9 wp-has-aspect-ratio\"><div class=\"wp-block-embed__wrapper\">\n<iframe loading=\"lazy\" title=\"I Jornadas la Mujer y la Econom\u00eda - D\u00edA 1\" width=\"525\" height=\"295\" src=\"https:\/\/www.youtube.com\/embed\/LU3FUvT_XM8?list=PLRHohqZhSJd9NDhVksnbVz3U8MJVZJUtC\" frameborder=\"0\" allow=\"accelerometer; autoplay; clipboard-write; encrypted-media; gyroscope; picture-in-picture; web-share\" referrerpolicy=\"strict-origin-when-cross-origin\" allowfullscreen><\/iframe>\n<\/div><\/figure>\n\n\n\n<p>El 27 de noviembre de 2020 tuvo lugar la segunda sesi\u00f3n de las I Jornadas la Mujer y la Econom\u00eda. Participan, en primer lugar, \u00c1ngela E. Torbay Betancor, Directora de la Unidad de Igualdad de G\u00e9nero de la ULL, exponiendo el resumen de los resultados del I Plan de Igualdad de la ULL y, a continuaci\u00f3n, Concepci\u00f3n M.A. P\u00e9rez Hern\u00e1ndez, profesora del Dpto. de Direcci\u00f3n de Empresas e Historia Econ\u00f3mica de la ULL, con la charla \u00abLas mujeres en la Facultad de Econom\u00eda, Empresa y Turismo de la ULL. Cifras para una reflexi\u00f3n\u201d.<\/p>\n\n\n\n<figure class=\"wp-block-embed is-type-video is-provider-youtube wp-block-embed-youtube wp-embed-aspect-16-9 wp-has-aspect-ratio\"><div class=\"wp-block-embed__wrapper\">\n<iframe loading=\"lazy\" title=\"I Jornadas la Mujer y la Econom\u00eda - D\u00cdA 2\" width=\"525\" height=\"295\" src=\"https:\/\/www.youtube.com\/embed\/gF2RlkaWyrc?list=PLRHohqZhSJd9NDhVksnbVz3U8MJVZJUtC\" frameborder=\"0\" allow=\"accelerometer; autoplay; clipboard-write; encrypted-media; gyroscope; picture-in-picture; web-share\" referrerpolicy=\"strict-origin-when-cross-origin\" allowfullscreen><\/iframe>\n<\/div><\/figure>\n\n\n\n<p>En la clausura, el d\u00eda 11 de diciembre de 2020, se cont\u00f3 con la participaci\u00f3n de Marta E. Jim\u00e9nez Ja\u00e9n, profesora Titular del Departamento de Sociolog\u00eda y Antropolog\u00eda de la ULL, que imparti\u00f3 la charla con t\u00edtulo \u201cEl g\u00e9nero en la Econom\u00eda\u201d. <\/p>\n\n\n\n<figure class=\"wp-block-embed is-type-video is-provider-youtube wp-block-embed-youtube wp-embed-aspect-16-9 wp-has-aspect-ratio\"><div class=\"wp-block-embed__wrapper\">\n<iframe loading=\"lazy\" title=\"I Jornadas la Mujer y la Econom\u00eda - D\u00cdA 3\" width=\"525\" height=\"295\" src=\"https:\/\/www.youtube.com\/embed\/Ephsfex8rT8?list=PLRHohqZhSJd9NDhVksnbVz3U8MJVZJUtC\" frameborder=\"0\" allow=\"accelerometer; autoplay; clipboard-write; encrypted-media; gyroscope; picture-in-picture; web-share\" referrerpolicy=\"strict-origin-when-cross-origin\" allowfullscreen><\/iframe>\n<\/div><\/figure>\n\n\n\n<p><\/p>\n\n\n\n<blockquote class=\"wp-block-quote has-text-align-right is-layout-flow wp-block-quote-is-layout-flow\"><p>\u00abHasta que no tengamos igualdad en educaci\u00f3n, no tendremos una sociedad igualitaria\u00bb<\/p><cite><br>Sonia Sotomayor, jueza estadounidense<\/cite><\/blockquote>\n\n\n\n<p class=\"has-text-align-right\"><\/p>\n","protected":false},"excerpt":{"rendered":"<p>Las primeras Jornadas de la Mujer y la Econom\u00eda tuvieron lugar entre el 20 de noviembre y el 11 de diciembre 2020. El programa detallado esta disponible en este enlace. El formato de celebraci\u00f3n fue virtual debido a la crisis de la Covid-19. A continuaci\u00f3n se presentan los v\u00eddeos de las 3 sesiones. En la &hellip; <\/p>\n<p class=\"link-more\"><a href=\"https:\/\/wp.ull.es\/vicmovi\/igualdad\/i-jornadas-lmyle\/\" class=\"more-link\">Continuar leyendo<span class=\"screen-reader-text\"> \u00abI Jornadas LMYLE\u00bb<\/span><\/a><\/p>\n","protected":false},"author":93,"featured_media":0,"parent":14,"menu_order":0,"comment_status":"closed","ping_status":"closed","template":"","meta":{"ngg_post_thumbnail":0,"footnotes":""},"class_list":["post-20","page","type-page","status-publish","hentry"],"_links":{"self":[{"href":"https:\/\/wp.ull.es\/vicmovi\/wp-json\/wp\/v2\/pages\/20","targetHints":{"allow":["GET"]}}],"collection":[{"href":"https:\/\/wp.ull.es\/vicmovi\/wp-json\/wp\/v2\/pages"}],"about":[{"href":"https:\/\/wp.ull.es\/vicmovi\/wp-json\/wp\/v2\/types\/page"}],"author":[{"embeddable":true,"href":"https:\/\/wp.ull.es\/vicmovi\/wp-json\/wp\/v2\/users\/93"}],"replies":[{"embeddable":true,"href":"https:\/\/wp.ull.es\/vicmovi\/wp-json\/wp\/v2\/comments?post=20"}],"version-history":[{"count":2,"href":"https:\/\/wp.ull.es\/vicmovi\/wp-json\/wp\/v2\/pages\/20\/revisions"}],"predecessor-version":[{"id":284,"href":"https:\/\/wp.ull.es\/vicmovi\/wp-json\/wp\/v2\/pages\/20\/revisions\/284"}],"up":[{"embeddable":true,"href":"https:\/\/wp.ull.es\/vicmovi\/wp-json\/wp\/v2\/pages\/14"}],"wp:attachment":[{"href":"https:\/\/wp.ull.es\/vicmovi\/wp-json\/wp\/v2\/media?parent=20"}],"curies":[{"name":"wp","href":"https:\/\/api.w.org\/{rel}","templated":true}]}}