{"id":2,"date":"2023-02-07T14:36:47","date_gmt":"2023-02-07T14:36:47","guid":{"rendered":"https:\/\/wp.ull.es\/vicmovi\/?page_id=2"},"modified":"2023-05-05T11:34:54","modified_gmt":"2023-05-05T11:34:54","slug":"home","status":"publish","type":"page","link":"https:\/\/wp.ull.es\/vicmovi\/home\/","title":{"rendered":"Home"},"content":{"rendered":"\n<p>El Vicedecanato de Igualdad y Relaciones Interuniversitarias de la Facultad de Econom\u00eda, Empresa y Turismo de la Universidad de la Laguna les da la bienvenida a este espacio virtual, donde ponemos a disposici\u00f3n informaci\u00f3n sobre <a href=\"https:\/\/wp.ull.es\/vicmovi\/igualdad\/\">las Jornadas La Mujer y la Econom\u00eda<\/a> y sobre la <a rel=\"noreferrer noopener\" href=\"https:\/\/wp.ull.es\/vicmovi\/internacionalizacion\/\" target=\"_blank\">movilidad internacional<\/a> de dicha facultad. <\/p>\n\n\n\n<p><strong>Novedades:<\/strong> Revisa la experiencia Erasmus de nuestro estudiantado <a rel=\"noreferrer noopener\" href=\"https:\/\/wp.ull.es\/vicmovi\/internacionalizacion\/experiencias\/?preview_id=27&amp;preview_nonce=dceaac71e7&amp;preview=true\" target=\"_blank\">aqu\u00ed<\/a>. <\/p>\n\n\n\n<p>En marzo celebramos las Jornadas La Mujer y la Econom\u00eda.  Puedes consultar las informaciones de las \u00faltimas Jornadas <a rel=\"noreferrer noopener\" href=\"https:\/\/wp.ull.es\/vicmovi\/igualdad\/iii-jornadas-4\/\" target=\"_blank\">aqu\u00ed<\/a>. <\/p>\n\n\n\n<blockquote class=\"wp-block-quote has-text-align-right is-layout-flow wp-block-quote-is-layout-flow\"><p>&nbsp;El privilegio es el mayor enemigo del derecho <\/p><cite>Marie von Ebner-Eschenbach<\/cite><\/blockquote>\n\n\n\n<p><\/p>\n","protected":false},"excerpt":{"rendered":"<p>El Vicedecanato de Igualdad y Relaciones Interuniversitarias de la Facultad de Econom\u00eda, Empresa y Turismo de la Universidad de la Laguna les da la bienvenida a este espacio virtual, donde ponemos a disposici\u00f3n informaci\u00f3n sobre las Jornadas La Mujer y la Econom\u00eda y sobre la movilidad internacional de dicha facultad. Novedades: Revisa la experiencia Erasmus &hellip; <\/p>\n<p class=\"link-more\"><a href=\"https:\/\/wp.ull.es\/vicmovi\/home\/\" class=\"more-link\">Continuar leyendo<span class=\"screen-reader-text\"> \u00abHome\u00bb<\/span><\/a><\/p>\n","protected":false},"author":93,"featured_media":0,"parent":0,"menu_order":0,"comment_status":"closed","ping_status":"closed","template":"","meta":{"ngg_post_thumbnail":0,"footnotes":""},"class_list":["post-2","page","type-page","status-publish","hentry"],"_links":{"self":[{"href":"https:\/\/wp.ull.es\/vicmovi\/wp-json\/wp\/v2\/pages\/2","targetHints":{"allow":["GET"]}}],"collection":[{"href":"https:\/\/wp.ull.es\/vicmovi\/wp-json\/wp\/v2\/pages"}],"about":[{"href":"https:\/\/wp.ull.es\/vicmovi\/wp-json\/wp\/v2\/types\/page"}],"author":[{"embeddable":true,"href":"https:\/\/wp.ull.es\/vicmovi\/wp-json\/wp\/v2\/users\/93"}],"replies":[{"embeddable":true,"href":"https:\/\/wp.ull.es\/vicmovi\/wp-json\/wp\/v2\/comments?post=2"}],"version-history":[{"count":2,"href":"https:\/\/wp.ull.es\/vicmovi\/wp-json\/wp\/v2\/pages\/2\/revisions"}],"predecessor-version":[{"id":861,"href":"https:\/\/wp.ull.es\/vicmovi\/wp-json\/wp\/v2\/pages\/2\/revisions\/861"}],"wp:attachment":[{"href":"https:\/\/wp.ull.es\/vicmovi\/wp-json\/wp\/v2\/media?parent=2"}],"curies":[{"name":"wp","href":"https:\/\/api.w.org\/{rel}","templated":true}]}}