{"id":14,"date":"2023-02-07T14:44:16","date_gmt":"2023-02-07T14:44:16","guid":{"rendered":"https:\/\/wp.ull.es\/vicmovi\/?page_id=14"},"modified":"2023-05-02T13:12:41","modified_gmt":"2023-05-02T13:12:41","slug":"igualdad","status":"publish","type":"page","link":"https:\/\/wp.ull.es\/vicmovi\/igualdad\/","title":{"rendered":"Igualdad"},"content":{"rendered":"\n<p>La Igualdad de G\u00e9nero ha sido y sigue siendo un reto importante en todos los \u00e1mbitos de nuestra vida, en lo profesional, lo acad\u00e9mico y lo personal. La comisi\u00f3n de Igualdad de la FEET, comit\u00e9 organizador de las Jornadas de la Mujer y la Econom\u00eda, considera necesario un compromiso firme por parte de la comunidad universitaria y, en particular, por la de la Facultad de Econom\u00eda, Empresa y Turismo con el Objetivo 5 sobre Igualdad de G\u00e9nero de la Agenda 2030 para el desarrollo sostenible: \u00abLograr la igualdad entre los g\u00e9neros y empoderar a todas las mujeres y las ni\u00f1as\u00bb. <\/p>\n\n\n\n<p>La docencia, la investigaci\u00f3n y la gesti\u00f3n que se desarrollan en nuestro centro, as\u00ed como las relaciones personales que nacen en el \u00e1mbito de estas tareas, pueden y deben favorecer la construcci\u00f3n de una sociedad en igualdad, en la que el g\u00e9nero no se constituya como elemento diferenciador.&nbsp;<\/p>\n\n\n\n<p>Consideramos dos aspectos para justificar la obligaci\u00f3n de emprender acciones espec\u00edficas en la Facultad de Econom\u00eda, Empresa y Turismo de la ULL: el primero, relacionado directamente con su profesorado; el segundo, con el alumnado que, formados como economistas, administradoras\/es y\/o directivas\/os de empresa, accede al mercado laboral, que ha de ser lo menos discriminatorio posible. Con cada peque\u00f1o avance, nos dirigimos hacia un mundo mejor, m\u00e1s igualitario. <\/p>\n\n\n\n<p>Destacamos as\u00ed varios de los objetivos las Jornadas de la Mujer y la Econom\u00eda que organizamos cada curso acad\u00e9mico:<\/p>\n\n\n\n<ul class=\"wp-block-list\"><li>Visibilizar a las mujeres economistas de la historia y a las profesionales de nuestra actualidad.<\/li><\/ul>\n\n\n\n<ul class=\"wp-block-list\"><li>Diversificar e incrementar el n\u00famero de referentes femeninos con los que cuentan nuestro profesorado y alumnado.<\/li><\/ul>\n\n\n\n<ul class=\"wp-block-list\"><li>Familiarizarnos con los conceptos en invitar a la reflexi\u00f3n en base a las cifras vinculadas a la Igualdad de G\u00e9nero en los distintos \u00e1mbitos.<\/li><\/ul>\n\n\n\n<ul class=\"wp-block-list\"><li>Favorecer el debate argumentado sobre las causas y consecuencias de la desigualdad de g\u00e9nero.<\/li><\/ul>\n\n\n\n<blockquote class=\"wp-block-quote has-text-align-right is-layout-flow wp-block-quote-is-layout-flow\"><p>\u00abSi valoramos lo que hemos heredado de manera gratuita del esfuerzo de otras mujeres que lucharon antes, sin duda es moralmente \u00e9tico levantarnos y decir: S\u00ed, soy feminista.\u00bb<\/p><cite>Annie Lenox<\/cite><\/blockquote>\n\n\n\n<p><\/p>\n","protected":false},"excerpt":{"rendered":"<p>La Igualdad de G\u00e9nero ha sido y sigue siendo un reto importante en todos los \u00e1mbitos de nuestra vida, en lo profesional, lo acad\u00e9mico y lo personal. La comisi\u00f3n de Igualdad de la FEET, comit\u00e9 organizador de las Jornadas de la Mujer y la Econom\u00eda, considera necesario un compromiso firme por parte de la comunidad &hellip; <\/p>\n<p class=\"link-more\"><a href=\"https:\/\/wp.ull.es\/vicmovi\/igualdad\/\" class=\"more-link\">Continuar leyendo<span class=\"screen-reader-text\"> \u00abIgualdad\u00bb<\/span><\/a><\/p>\n","protected":false},"author":93,"featured_media":0,"parent":0,"menu_order":0,"comment_status":"closed","ping_status":"closed","template":"","meta":{"ngg_post_thumbnail":0,"footnotes":""},"class_list":["post-14","page","type-page","status-publish","hentry"],"_links":{"self":[{"href":"https:\/\/wp.ull.es\/vicmovi\/wp-json\/wp\/v2\/pages\/14","targetHints":{"allow":["GET"]}}],"collection":[{"href":"https:\/\/wp.ull.es\/vicmovi\/wp-json\/wp\/v2\/pages"}],"about":[{"href":"https:\/\/wp.ull.es\/vicmovi\/wp-json\/wp\/v2\/types\/page"}],"author":[{"embeddable":true,"href":"https:\/\/wp.ull.es\/vicmovi\/wp-json\/wp\/v2\/users\/93"}],"replies":[{"embeddable":true,"href":"https:\/\/wp.ull.es\/vicmovi\/wp-json\/wp\/v2\/comments?post=14"}],"version-history":[{"count":2,"href":"https:\/\/wp.ull.es\/vicmovi\/wp-json\/wp\/v2\/pages\/14\/revisions"}],"predecessor-version":[{"id":818,"href":"https:\/\/wp.ull.es\/vicmovi\/wp-json\/wp\/v2\/pages\/14\/revisions\/818"}],"wp:attachment":[{"href":"https:\/\/wp.ull.es\/vicmovi\/wp-json\/wp\/v2\/media?parent=14"}],"curies":[{"name":"wp","href":"https:\/\/api.w.org\/{rel}","templated":true}]}}