{"id":56,"date":"2021-07-17T12:17:38","date_gmt":"2021-07-17T12:17:38","guid":{"rendered":"https:\/\/wp.ull.es\/tecnomar\/?page_id=56"},"modified":"2021-07-17T17:09:45","modified_gmt":"2021-07-17T17:09:45","slug":"equipamiento","status":"publish","type":"page","link":"https:\/\/wp.ull.es\/tecnomar\/equipamiento\/","title":{"rendered":"Equipamiento"},"content":{"rendered":"\n<p>LDF-Tecnomar dispone de tres zonas en las que se realizan las distintas actividades:<\/p>\n\n\n\n<ul class=\"wp-block-list\"><li>Zona 1: almacenaje y mantenimiento general de instrumental cient\u00edfico-t\u00e9cnico avanzado.<\/li><li>Zona 2: simulaci\u00f3n mediante realidad virtual\/aumentada desarrollo sistemas de control, an\u00e1lisis, procesado de im\u00e1genes y computaci\u00f3n.<\/li><li>Zona 3: taller para la construcci\u00f3n, montaje y mantenimiento de dispositivos.<\/li><\/ul>\n\n\n\n<p><strong>Zona 1 (Instrumentaci\u00f3n t\u00e9cnico-cient\u00edfica)<\/strong><br>&#8211; C\u00e1mara de v\u00eddeo de alta sensibilidad para aguas profundas.<br>&#8211; C\u00e1mara de v\u00eddeo 3D 360\u00ba para media profundidad.<br>&#8211; ROVs para entrenamiento y estudios a poca profundidad.<br>&#8211; C\u00e1maras de acci\u00f3n submarinas.<br>&#8211; Registradores de temperatura profundidad.<br>&#8211; Radiobalizas para la localizaci\u00f3n de equipamiento.<br>&#8211; C\u00e1mara termogr\u00e1fica con posibilidad de extracci\u00f3n de datos raw.<br>&#8211; Equipamiento de hidrofon\u00eda.<br><\/p>\n\n\n\n<p><strong>Zona 2 (Desarrollo de contenido virtual y desarrollo de ingenier\u00eda)<\/strong><br>&#8211; Estaciones de trabajo (equipos inform\u00e1ticos fijos) para el dise\u00f1o de contenidos 3D,&nbsp;<br>&nbsp;&nbsp;desarrollo y simulaciones de RV\/RA\/XR edici\u00f3n de v\u00eddeo, procesado de im\u00e1genes de alta&nbsp;<br>&nbsp;&nbsp;resoluci\u00f3n para estaciones de desarrollo, an\u00e1lisis de se\u00f1ales, as\u00ed como para el desarrollo de<br>&nbsp;&nbsp;componentes mec\u00e1nicos y electr\u00f3nicos.<br>&#8211; Equipos inform\u00e1ticos port\u00e1tiles para el trabajo, la adquisici\u00f3n de datos y su pre-procesado<br>&nbsp;&nbsp;en campo.<br>&#8211; Equipos de realidad Aumentada \/ Mixta con capacidad para interactuar.<br>&#8211; Equipos de Realidad Virtual con capacidad para interactuar.<br>&#8211; Equipamiento para asistencia remota y estudios cognitivos.<br>&#8211; Software necesario y otro material para la creaci\u00f3n y captura de contenidos virtuales.<br><\/p>\n\n\n\n<p><strong>Zona 3 (Taller para el montaje y el mantenimiento)<\/strong><br>&#8211; Equipamiento para el trabajo con elementos mec\u00e1nicos de sondas, ROVs, equipos<br>\u00a0\u00a0submarinos y de superficie: Impresora 3D, fresadora compacta de 2 y 5 ejes, soldador TIG,\u00a0<br>\u00a0\u00a0sierra compacta, amoladora, cortadora de plasma, cortadora laser.<br>&#8211; Maquinaria herramienta de mano para montajes y reparaciones.<br>&#8211; Campana y sistema de extracci\u00f3n para el trabajo con resinas y sustancias vol\u00e1tiles, como<br>\u00a0\u00a0pinturas y disolventes.<br>&#8211; Equipamiento para el trabajo con elementos electr\u00f3nicos de sondas, ROVs, equipos\u00a0<br>\u00a0\u00a0submarinos y de superficie: Estaci\u00f3n de soldadura\/desoldadura, fuentes de alimentaci\u00f3n e<br>\u00a0\u00a0instrumentaci\u00f3n electr\u00f3nica, soldadora por puntos.<br>&#8211; C\u00e1mara de vac\u00edo para curado de materiales compuestos.<br>&#8211; C\u00e1mara hiperb\u00e1rica (200 bar) para el testeo de instrumentaci\u00f3n.<br>&#8211; Equipos de protecci\u00f3n individual.<br>&#8211; Material fungible para trabajos mec\u00e1nicos y electr\u00f3nicos.<br>&#8211; Tanque de agua para calibraciones y comprobaciones.<br>&#8211; Mobiliario para las zonas de trabajo: banco de trabajo, armarios y cajoneras porta-<br>\u00a0\u00a0herramientas y taburetes.<br><\/p>\n\n\n\n<p><strong>Instrumentaci\u00f3n cient\u00edfico &#8211; t\u00e9cnica<\/strong><\/p>\n\n\n\nngg_shortcode_0_placeholder\n\n\n\n<p><strong>Equipos de desarrollo Realidad Virtual y Aumentada<\/strong><\/p>\n\n\n\nngg_shortcode_1_placeholder\n\n\n\n<p><strong>Equipos para la fabricaci\u00f3n y mantenimiento<\/strong><\/p>\n\n\n\nngg_shortcode_2_placeholder\n","protected":false},"excerpt":{"rendered":"<p>LDF-Tecnomar dispone de tres zonas en las que se realizan las distintas actividades: Zona 1: almacenaje y mantenimiento general de instrumental cient\u00edfico-t\u00e9cnico avanzado. Zona 2: simulaci\u00f3n mediante realidad virtual\/aumentada desarrollo sistemas de control, an\u00e1lisis, procesado de im\u00e1genes y computaci\u00f3n. Zona 3: taller para la construcci\u00f3n, montaje y mantenimiento de dispositivos. Zona 1 (Instrumentaci\u00f3n t\u00e9cnico-cient\u00edfica)&#8211; C\u00e1mara [&hellip;]<\/p>\n","protected":false},"author":257,"featured_media":0,"parent":0,"menu_order":0,"comment_status":"closed","ping_status":"closed","template":"","meta":{"zakra_page_container_layout":"centered","zakra_page_sidebar_layout":"no_sidebar","zakra_remove_content_margin":true,"zakra_sidebar":"customizer","zakra_transparent_header":"customizer","zakra_logo":0,"zakra_main_header_style":"default","zakra_menu_item_color":"","zakra_menu_item_hover_color":"","zakra_menu_item_active_color":"","zakra_menu_active_style":"","zakra_page_header":true,"ngg_post_thumbnail":0,"footnotes":""},"class_list":["post-56","page","type-page","status-publish","hentry"],"_links":{"self":[{"href":"https:\/\/wp.ull.es\/tecnomar\/wp-json\/wp\/v2\/pages\/56","targetHints":{"allow":["GET"]}}],"collection":[{"href":"https:\/\/wp.ull.es\/tecnomar\/wp-json\/wp\/v2\/pages"}],"about":[{"href":"https:\/\/wp.ull.es\/tecnomar\/wp-json\/wp\/v2\/types\/page"}],"author":[{"embeddable":true,"href":"https:\/\/wp.ull.es\/tecnomar\/wp-json\/wp\/v2\/users\/257"}],"replies":[{"embeddable":true,"href":"https:\/\/wp.ull.es\/tecnomar\/wp-json\/wp\/v2\/comments?post=56"}],"version-history":[{"count":1,"href":"https:\/\/wp.ull.es\/tecnomar\/wp-json\/wp\/v2\/pages\/56\/revisions"}],"predecessor-version":[{"id":137,"href":"https:\/\/wp.ull.es\/tecnomar\/wp-json\/wp\/v2\/pages\/56\/revisions\/137"}],"wp:attachment":[{"href":"https:\/\/wp.ull.es\/tecnomar\/wp-json\/wp\/v2\/media?parent=56"}],"curies":[{"name":"wp","href":"https:\/\/api.w.org\/{rel}","templated":true}]}}