{"id":41,"date":"2021-07-17T12:09:27","date_gmt":"2021-07-17T12:09:27","guid":{"rendered":"https:\/\/wp.ull.es\/tecnomar\/?page_id=41"},"modified":"2021-07-18T17:10:57","modified_gmt":"2021-07-18T17:10:57","slug":"contacto","status":"publish","type":"page","link":"https:\/\/wp.ull.es\/tecnomar\/contacto\/","title":{"rendered":"Contacto"},"content":{"rendered":"\n<p><strong>Sede de Tecnomar LAB <\/strong><\/p>\n\n\n\n<p>Secci\u00f3n de N\u00e1utica, M\u00e1quinas y Radioelectr\u00f3nica Naval<\/p>\n\n\n\n<p>Escuela Polit\u00e9cnica Superior de Ingenier\u00eda<\/p>\n\n\n\n<p>V\u00eda Auxiliar Paso Alto, 2, 38001 Santa Cruz de Tenerife<\/p>\n\n\n\n<p><a href=\"mailto:tecnomar@ull.edu.es\" target=\"_blank\" rel=\"noreferrer noopener\">tecnomar@ull.edu.es<\/a><\/p>\n\n\n\n<div class=\"wp-block-group alignfull\"><div class=\"wp-block-group__inner-container is-layout-flow wp-block-group-is-layout-flow\">\n<div class=\"wp-block-columns alignfull are-vertically-aligned-top is-layout-flex wp-container-core-columns-is-layout-28f84493 wp-block-columns-is-layout-flex\">\n<div class=\"wp-block-column is-vertically-aligned-top is-layout-flow wp-block-column-is-layout-flow\" style=\"flex-basis:100%\">\n<div class=\"wp-block-group\"><div class=\"wp-block-group__inner-container is-layout-flow wp-block-group-is-layout-flow\">\n<pre class=\"wp-block-preformatted\">Ubicaci\u00f3n<\/pre>\n<\/div><\/div>\n\n\n\n<div class=\"wp-block-group\"><div class=\"wp-block-group__inner-container is-layout-flow wp-block-group-is-layout-flow\">\n<div class=\"wp-block-columns is-layout-flex wp-container-core-columns-is-layout-28f84493 wp-block-columns-is-layout-flex\">\n<div class=\"wp-block-column is-layout-flow wp-block-column-is-layout-flow\" style=\"flex-basis:100%\">\n<div class=\"wp-block-group\"><div class=\"wp-block-group__inner-container is-layout-flow wp-block-group-is-layout-flow\">\n<p><a href=\"https:\/\/goo.gl\/maps\/L6gbRXZYQe13JWyu6\">https:\/\/goo.gl\/maps\/L6gbRXZYQe13JWyu6<\/a><\/p>\n<\/div><\/div>\n<\/div>\n<\/div>\n<\/div><\/div>\n<\/div>\n<\/div>\n<\/div><\/div>\n","protected":false},"excerpt":{"rendered":"<p>Sede de Tecnomar LAB Secci\u00f3n de N\u00e1utica, M\u00e1quinas y Radioelectr\u00f3nica Naval Escuela Polit\u00e9cnica Superior de Ingenier\u00eda V\u00eda Auxiliar Paso Alto, 2, 38001 Santa Cruz de Tenerife tecnomar@ull.edu.es Ubicaci\u00f3n https:\/\/goo.gl\/maps\/L6gbRXZYQe13JWyu6<\/p>\n","protected":false},"author":257,"featured_media":0,"parent":0,"menu_order":0,"comment_status":"closed","ping_status":"closed","template":"","meta":{"zakra_page_container_layout":"customizer","zakra_page_sidebar_layout":"customizer","zakra_remove_content_margin":true,"zakra_sidebar":"customizer","zakra_transparent_header":"customizer","zakra_logo":0,"zakra_main_header_style":"default","zakra_menu_item_color":"","zakra_menu_item_hover_color":"","zakra_menu_item_active_color":"","zakra_menu_active_style":"","zakra_page_header":true,"ngg_post_thumbnail":0,"footnotes":""},"class_list":["post-41","page","type-page","status-publish","hentry"],"_links":{"self":[{"href":"https:\/\/wp.ull.es\/tecnomar\/wp-json\/wp\/v2\/pages\/41","targetHints":{"allow":["GET"]}}],"collection":[{"href":"https:\/\/wp.ull.es\/tecnomar\/wp-json\/wp\/v2\/pages"}],"about":[{"href":"https:\/\/wp.ull.es\/tecnomar\/wp-json\/wp\/v2\/types\/page"}],"author":[{"embeddable":true,"href":"https:\/\/wp.ull.es\/tecnomar\/wp-json\/wp\/v2\/users\/257"}],"replies":[{"embeddable":true,"href":"https:\/\/wp.ull.es\/tecnomar\/wp-json\/wp\/v2\/comments?post=41"}],"version-history":[{"count":2,"href":"https:\/\/wp.ull.es\/tecnomar\/wp-json\/wp\/v2\/pages\/41\/revisions"}],"predecessor-version":[{"id":180,"href":"https:\/\/wp.ull.es\/tecnomar\/wp-json\/wp\/v2\/pages\/41\/revisions\/180"}],"wp:attachment":[{"href":"https:\/\/wp.ull.es\/tecnomar\/wp-json\/wp\/v2\/media?parent=41"}],"curies":[{"name":"wp","href":"https:\/\/api.w.org\/{rel}","templated":true}]}}