{"id":38,"date":"2021-07-17T12:09:27","date_gmt":"2021-07-17T12:09:27","guid":{"rendered":"https:\/\/wp.ull.es\/tecnomar\/?page_id=38"},"modified":"2021-07-17T17:15:25","modified_gmt":"2021-07-17T17:15:25","slug":"personas","status":"publish","type":"page","link":"https:\/\/wp.ull.es\/tecnomar\/personas\/","title":{"rendered":"Personas"},"content":{"rendered":"\n<p><strong>Director<\/strong><\/p>\n\n\n\n<p>Carlos Efr\u00e9n Mora Luis.  <a href=\"mailto:carmora@ull.edu.es\" target=\"_blank\" rel=\"noreferrer noopener\">carmora@ull.edu.es<\/a><\/p>\n\n\n\n<p><img decoding=\"async\" width=\"300\" height=\"300\" class=\"wp-image-122\" style=\"width: 150px\" src=\"https:\/\/wp.ull.es\/tecnomar\/wp-content\/uploads\/sites\/103\/2021\/07\/carlos.jpg\" alt=\"\" srcset=\"https:\/\/wp.ull.es\/tecnomar\/wp-content\/uploads\/sites\/103\/2021\/07\/carlos.jpg 300w, https:\/\/wp.ull.es\/tecnomar\/wp-content\/uploads\/sites\/103\/2021\/07\/carlos-150x150.jpg 150w\" sizes=\"(max-width: 300px) 100vw, 300px\" \/><\/p>\n\n\n\n<p>Natacha Aguilar de Soto. <a rel=\"noreferrer noopener\" href=\"mailto:naguilar@ull.edu.es\" target=\"_blank\">naguilar@ull.edu.es<\/a><\/p>\n\n\n\n<p><img decoding=\"async\" width=\"195\" height=\"187\" class=\"wp-image-125\" style=\"width: 150px\" src=\"https:\/\/wp.ull.es\/tecnomar\/wp-content\/uploads\/sites\/103\/2021\/07\/Natacha-Aguilar-e1626539626809.jpg\" alt=\"\"><\/p>\n\n\n\n<p><strong>Investigadores asociados<\/strong><\/p>\n\n\n\n<ul class=\"wp-block-list\"><li>Dra. Mar\u00eda de la Pe\u00f1a Fabiani Bendicho, <a href=\"mailto:mfabiani@ull.edu.es\">mfabiani@ull.edu.es<\/a>, Departamento de Ingenier\u00eda Industrial (an\u00e1lisis de se\u00f1ales y dise\u00f1o electr\u00f3nico). <\/li><li><img decoding=\"async\" width=\"300\" height=\"300\" class=\"wp-image-124\" style=\"width: 150px\" src=\"https:\/\/wp.ull.es\/tecnomar\/wp-content\/uploads\/sites\/103\/2021\/07\/pena.jpg\" alt=\"\" srcset=\"https:\/\/wp.ull.es\/tecnomar\/wp-content\/uploads\/sites\/103\/2021\/07\/pena.jpg 300w, https:\/\/wp.ull.es\/tecnomar\/wp-content\/uploads\/sites\/103\/2021\/07\/pena-150x150.jpg 150w\" sizes=\"(max-width: 300px) 100vw, 300px\" \/><\/li><li>Dr. Alejandro Esc\u00e1nez P\u00e9rez, <a href=\"mailto:aescanez@ull.edu.es\">aescanez@ull.edu.es<\/a>, Departamento de Biolog\u00eda Animal, Edafolog\u00eda y Geolog\u00eda (uso y promoci\u00f3n de material t\u00e9cnico y cient\u00edfico avanzado)<\/li><li>Dra. Rosa Mar\u00eda Aguilar Chinea, <a href=\"mailto:raguilar@ull.es\">raguilar@ull.es<\/a>, Departamento de Ingenier\u00eda Inform\u00e1tica y de Sistemas (an\u00e1lisis y simulaci\u00f3n de procesos y desarrollo de algoritmos de control).<\/li><li><img decoding=\"async\" width=\"248\" height=\"291\" class=\"wp-image-133\" style=\"width: 150px\" src=\"https:\/\/wp.ull.es\/tecnomar\/wp-content\/uploads\/sites\/103\/2021\/07\/rectora-e1626541328550.jpg\" alt=\"\"><\/li><li>Dr. Jes\u00fas Miguel Torres Jorge, <a href=\"mailto:jmtorres@ull.edu.es\">jmtorres@ull.edu.es<\/a>, Departamento de Ingenier\u00eda Inform\u00e1tica y de Sistemas (desarrollo de entornos de simulaci\u00f3n).<\/li><li><img decoding=\"async\" width=\"94\" height=\"119\" class=\"wp-image-134\" style=\"width: 130px\" src=\"https:\/\/wp.ull.es\/tecnomar\/wp-content\/uploads\/sites\/103\/2021\/07\/jesus-e1626541378290.jpg\" alt=\"\"><\/li><li>Dr. Jorge Mart\u00edn Guti\u00e9rrez, <a href=\"mailto:jmargu@ull.edu.es\">jmargu@ull.edu.es<\/a>, Departamento de T\u00e9cnicas y Proyectos en Ingenier\u00eda y Arquitectura (dise\u00f1o mec\u00e1nico y componentes virtuales, divulgaci\u00f3n y comunicaci\u00f3n).<\/li><li><img decoding=\"async\" width=\"300\" height=\"300\" class=\"wp-image-123\" style=\"width: 150px\" src=\"https:\/\/wp.ull.es\/tecnomar\/wp-content\/uploads\/sites\/103\/2021\/07\/jorge.jpg\" alt=\"\" srcset=\"https:\/\/wp.ull.es\/tecnomar\/wp-content\/uploads\/sites\/103\/2021\/07\/jorge.jpg 300w, https:\/\/wp.ull.es\/tecnomar\/wp-content\/uploads\/sites\/103\/2021\/07\/jorge-150x150.jpg 150w\" sizes=\"(max-width: 300px) 100vw, 300px\" \/><\/li><\/ul>\n","protected":false},"excerpt":{"rendered":"<p>Director Carlos Efr\u00e9n Mora Luis. carmora@ull.edu.es Natacha Aguilar de Soto. naguilar@ull.edu.es Investigadores asociados Dra. Mar\u00eda de la Pe\u00f1a Fabiani Bendicho, mfabiani@ull.edu.es, Departamento de Ingenier\u00eda Industrial (an\u00e1lisis de se\u00f1ales y dise\u00f1o electr\u00f3nico). Dr. Alejandro Esc\u00e1nez P\u00e9rez, aescanez@ull.edu.es, Departamento de Biolog\u00eda Animal, Edafolog\u00eda y Geolog\u00eda (uso y promoci\u00f3n de material t\u00e9cnico y cient\u00edfico avanzado) Dra. Rosa Mar\u00eda [&hellip;]<\/p>\n","protected":false},"author":257,"featured_media":0,"parent":0,"menu_order":0,"comment_status":"closed","ping_status":"closed","template":"","meta":{"zakra_page_container_layout":"customizer","zakra_page_sidebar_layout":"customizer","zakra_remove_content_margin":false,"zakra_sidebar":"customizer","zakra_transparent_header":"customizer","zakra_logo":0,"zakra_main_header_style":"default","zakra_menu_item_color":"","zakra_menu_item_hover_color":"","zakra_menu_item_active_color":"","zakra_menu_active_style":"","zakra_page_header":true,"ngg_post_thumbnail":0,"footnotes":""},"class_list":["post-38","page","type-page","status-publish","hentry"],"_links":{"self":[{"href":"https:\/\/wp.ull.es\/tecnomar\/wp-json\/wp\/v2\/pages\/38","targetHints":{"allow":["GET"]}}],"collection":[{"href":"https:\/\/wp.ull.es\/tecnomar\/wp-json\/wp\/v2\/pages"}],"about":[{"href":"https:\/\/wp.ull.es\/tecnomar\/wp-json\/wp\/v2\/types\/page"}],"author":[{"embeddable":true,"href":"https:\/\/wp.ull.es\/tecnomar\/wp-json\/wp\/v2\/users\/257"}],"replies":[{"embeddable":true,"href":"https:\/\/wp.ull.es\/tecnomar\/wp-json\/wp\/v2\/comments?post=38"}],"version-history":[{"count":2,"href":"https:\/\/wp.ull.es\/tecnomar\/wp-json\/wp\/v2\/pages\/38\/revisions"}],"predecessor-version":[{"id":140,"href":"https:\/\/wp.ull.es\/tecnomar\/wp-json\/wp\/v2\/pages\/38\/revisions\/140"}],"wp:attachment":[{"href":"https:\/\/wp.ull.es\/tecnomar\/wp-json\/wp\/v2\/media?parent=38"}],"curies":[{"name":"wp","href":"https:\/\/api.w.org\/{rel}","templated":true}]}}