{"id":36,"date":"2021-07-17T12:09:27","date_gmt":"2021-07-17T12:09:27","guid":{"rendered":"https:\/\/wp.ull.es\/tecnomar\/?page_id=36"},"modified":"2021-07-17T16:54:06","modified_gmt":"2021-07-17T16:54:06","slug":"investigacion","status":"publish","type":"page","link":"https:\/\/wp.ull.es\/tecnomar\/investigacion\/","title":{"rendered":"Investigaci\u00f3n"},"content":{"rendered":"\n<p>El m\u00faltiple e innovador enfoque del LDF-Tecnomar en las vertientes investigadora, formativa y de dise\u00f1o tecnol\u00f3gico permite el desarrollo de acciones espec\u00edficas a medida, enfocadas en la investigaci\u00f3n oceanogr\u00e1fica, tanto biol\u00f3gica, f\u00edsica, geol\u00f3gica como qu\u00edmica y su divulgaci\u00f3n a la sociedad, as\u00ed como la innovaci\u00f3n y la modernizaci\u00f3n de la industria mar\u00edtima para mejorar su eficiencia y reducir a la vez su impacto medioambiental.<\/p>\n\n\n\n<p>Las Tecnolog\u00edas Marinas son uno de los objetivos principales y con mayor potencial para el desarrollo de Canarias; constituyen los cimientos sobre los que se sustenta la investigaci\u00f3n en Ciencias Marinas, las Ciencias N\u00e1uticas, y la explotaci\u00f3n de los recursos marinos en Canarias. Los Objetivos de Desarrollo Sostenible de Naciones Unidas (ODS), se vinculan a las Tecnolog\u00edas Marinas a trav\u00e9s de su objetivo 14: vida submarina. <\/p>\n\n\n\n<p>Las instalaciones del LDF-Tecnomar permitir\u00e1n una mayor autonom\u00eda e impacto de la ULL en la consecuci\u00f3n de este objetivo, contribuyendo a la obtenci\u00f3n de resultados de investigaci\u00f3n que permitan la optimizaci\u00f3n y la preservaci\u00f3n de los recursos marinos de Canarias a trav\u00e9s de su uso sostenible, as\u00ed como a aumentar los conocimientos cient\u00edficos y la capacidad tecnol\u00f3gica de la ULL para desarrollar y potenciar la investigaci\u00f3n que actualmente se realiza en dicha instituci\u00f3n. Asimismo, contribuir\u00e1 a la mejora de la transferencia tecnol\u00f3gica y de los resultados de la investigaci\u00f3n a las industrias mar\u00edtimas que desarrollan su actividad en Canarias. Estas industrias han experimentado un auge reciente en cuanto a la llegada de plataformas petrol\u00edferas y cruceros, que constituyen una fuente de crecimiento econ\u00f3mico y presentan impactos sobre el medio ambiente. El LDF-Tecnomar tendr\u00e1 capacidades para dise\u00f1ar tecnolog\u00edas de mitigaci\u00f3n de estos impactos de modo que las actividades econ\u00f3micas se realicen de forma m\u00e1s arm\u00f3nica con la conservaci\u00f3n de los recursos y biodiversidad marinos de Canarias.&nbsp;<\/p>\n\n\n\n<p>Los siguientes son ejemplos en una lista no exhaustiva de las capacidades de desarrollo de este laboratorio: sistemas rob\u00f3ticos aut\u00f3nomos marinos para la evaluaci\u00f3n del impacto de la miner\u00eda en aguas profundas, sistemas de visi\u00f3n y monitoreo de vertidos y monitoreo de emisarios en aguas costeras, sistemas de ayuda para el monitoreo de especies en aguas costeras y profundas, tanto pel\u00e1gicas como bent\u00f3nicas, sistemas virtuales de simulaci\u00f3n para la formaci\u00f3n y entrenamiento en actividades mar\u00edtimas, virtualizaci\u00f3n de espacios en plataformas marinas para la optimizaci\u00f3n de las operaciones de mantenimiento, sistemas de medici\u00f3n y sensores para el mantenimiento inteligente e industria 4.0 en el sector mar\u00edtimo, entre otras posibilidades. <\/p>\n\n\n\n<p>LDF-Tecnomar cuenta con un equipo de investigadores asociados implicados en la optimizaci\u00f3n de los dise\u00f1os y desarrollos t\u00e9cnicos electr\u00f3nicos, mecanicos informaticos etc..<\/p>\n","protected":false},"excerpt":{"rendered":"<p>El m\u00faltiple e innovador enfoque del LDF-Tecnomar en las vertientes investigadora, formativa y de dise\u00f1o tecnol\u00f3gico permite el desarrollo de acciones espec\u00edficas a medida, enfocadas en la investigaci\u00f3n oceanogr\u00e1fica, tanto biol\u00f3gica, f\u00edsica, geol\u00f3gica como qu\u00edmica y su divulgaci\u00f3n a la sociedad, as\u00ed como la innovaci\u00f3n y la modernizaci\u00f3n de la industria mar\u00edtima para mejorar su [&hellip;]<\/p>\n","protected":false},"author":257,"featured_media":0,"parent":0,"menu_order":0,"comment_status":"closed","ping_status":"closed","template":"","meta":{"zakra_page_container_layout":"customizer","zakra_page_sidebar_layout":"customizer","zakra_remove_content_margin":false,"zakra_sidebar":"customizer","zakra_transparent_header":"customizer","zakra_logo":0,"zakra_main_header_style":"default","zakra_menu_item_color":"","zakra_menu_item_hover_color":"","zakra_menu_item_active_color":"","zakra_menu_active_style":"","zakra_page_header":true,"ngg_post_thumbnail":0,"footnotes":""},"class_list":["post-36","page","type-page","status-publish","hentry"],"_links":{"self":[{"href":"https:\/\/wp.ull.es\/tecnomar\/wp-json\/wp\/v2\/pages\/36","targetHints":{"allow":["GET"]}}],"collection":[{"href":"https:\/\/wp.ull.es\/tecnomar\/wp-json\/wp\/v2\/pages"}],"about":[{"href":"https:\/\/wp.ull.es\/tecnomar\/wp-json\/wp\/v2\/types\/page"}],"author":[{"embeddable":true,"href":"https:\/\/wp.ull.es\/tecnomar\/wp-json\/wp\/v2\/users\/257"}],"replies":[{"embeddable":true,"href":"https:\/\/wp.ull.es\/tecnomar\/wp-json\/wp\/v2\/comments?post=36"}],"version-history":[{"count":1,"href":"https:\/\/wp.ull.es\/tecnomar\/wp-json\/wp\/v2\/pages\/36\/revisions"}],"predecessor-version":[{"id":131,"href":"https:\/\/wp.ull.es\/tecnomar\/wp-json\/wp\/v2\/pages\/36\/revisions\/131"}],"wp:attachment":[{"href":"https:\/\/wp.ull.es\/tecnomar\/wp-json\/wp\/v2\/media?parent=36"}],"curies":[{"name":"wp","href":"https:\/\/api.w.org\/{rel}","templated":true}]}}