{"id":35,"date":"2021-07-17T12:09:27","date_gmt":"2021-07-17T12:09:27","guid":{"rendered":"https:\/\/wp.ull.es\/tecnomar\/?page_id=35"},"modified":"2021-07-18T12:23:29","modified_gmt":"2021-07-18T12:23:29","slug":"home","status":"publish","type":"page","link":"https:\/\/wp.ull.es\/tecnomar\/","title":{"rendered":"Inicio"},"content":{"rendered":"\n<p>El LDF-Tecnomar es un nuevo servicio, dependiente de la Universidad de La Laguna (ULL), cuyo objetivo es servir de soporte para los equipos de investigaci\u00f3n que desarrollen su actividad dentro del \u00e1mbito de las ciencias y de las tecnolog\u00edas marinas en la regi\u00f3n de Canarias y su zona de influencia. Este laboratorio pretende disponer de equipamiento avanzado vinculado a la investigaci\u00f3n tanto en aguas someras como profundas, veh\u00edculos aut\u00f3nomos y semiaut\u00f3nomos, equipamiento ac\u00fastico y t\u00e9rmico, as\u00ed como del software y del hardware necesario para la fabricaci\u00f3n, mantenimiento y an\u00e1lisis de datos. Asimismo, el laboratorio dispondr\u00e1 de equipamiento e instalaciones para el dise\u00f1o y operaci\u00f3n de instalaciones mar\u00edtimas virtuales, con el objetivo de testear nuevas instalaciones industriales marinas, as\u00ed como para establecer procedimientos de entrenamiento m\u00e1s eficaces y vers\u00e1tiles para la operaci\u00f3n de veh\u00edculos marinos.<\/p>\n\n\n\n<p><strong>Tecnomar <\/strong>tiene por objetivo:<\/p>\n\n\n\n<ul class=\"wp-block-list\"><li>Dise\u00f1ar, desarrollar y adaptar veh\u00edculos para la navegaci\u00f3n aut\u00f3noma tanto submarinos como de superficie, para la investigaci\u00f3n en aguas canarias y en su zona de influencia. Estos veh\u00edculos son ya utilizados en Canarias, con alquileres costosos del equipamiento a empresas for\u00e1neas. La ULL tiene la capacidad de ingenier\u00eda mec\u00e1nica y electr\u00f3nica, as\u00ed como de construcci\u00f3n naval, para el dise\u00f1o y desarrollo de nuevos modelos aplicables a las necesidades de Canarias y patentables.<\/li><li>Construir y mantener equipamiento espec\u00edfico de investigaci\u00f3n marina, tal como sensores, muestreadores de agua e instrumentos de captura de espec\u00edmenes y recogida de muestras de fondos y aguas en aguas someras y profundas.<\/li><li>Desarrollar, mantener y operar dispositivos para la investigaci\u00f3n de fauna y h\u00e1bitat marinos, tales como marcas electr\u00f3nicas para especies marinas (<em>biologging<\/em>), equipos hidro-ac\u00fasticos tanto activos como pasivos y equipos de imagen.<\/li><li>Desarrollar tecnolog\u00edas para el estudio y an\u00e1lisis de la contaminaci\u00f3n mar\u00edtima, incluyendo la ocasionada por el transporte mar\u00edtimo, as\u00ed como la causada por los vertidos, tales como los emisarios submarinos.<\/li><li>Desarrollar e implementar equipos de Realidad Virtual y Realidad Aumentada para su uso en entornos marinos, veh\u00edculos marinos, e instalaciones mar\u00edtimas.<\/li><li>Desarrollar estrategias para el entrenamiento eficiente y sostenible del personal a cargo de la operaci\u00f3n de instalaciones mar\u00edtimas (tanto en tierra como flotantes), veh\u00edculos marinos convencionales y veh\u00edculos marinos operados remotamente (ROVs) y aut\u00f3nomamente (AUVs).<\/li><li>Desarrollar tecnolog\u00edas virtuales inmersivas para la divulgaci\u00f3n de la geolog\u00eda y la biodiversidad de los fondos marinos de Canarias, aplicables a la docencia y formaci\u00f3n, as\u00ed como a entornos tur\u00edsticos para la mejora de la calidad del producto tur\u00edstico canario.<\/li><li>Mejorar la capacidad para la investigaci\u00f3n del impacto del uso de tecnolog\u00edas digitales para la simulaci\u00f3n de buques e instalaciones mar\u00edtimas portuarias para mejorar su eficiencia a trav\u00e9s del entrenamiento de profesionales y estudiantes con la finalidad de: mejorar su ciclo de vida y reducir su impacto ambiental, entrenamiento para la toma de decisiones en el caso de accidentes y fallos, as\u00ed como para el uso de sistemas de mantenimiento predictivos inteligentes.<\/li><\/ul>\n","protected":false},"excerpt":{"rendered":"<p>El LDF-Tecnomar es un nuevo servicio, dependiente de la Universidad de La Laguna (ULL), cuyo objetivo es servir de soporte para los equipos de investigaci\u00f3n que desarrollen su actividad dentro del \u00e1mbito de las ciencias y de las tecnolog\u00edas marinas en la regi\u00f3n de Canarias y su zona de influencia. Este laboratorio pretende disponer de [&hellip;]<\/p>\n","protected":false},"author":257,"featured_media":0,"parent":0,"menu_order":0,"comment_status":"closed","ping_status":"closed","template":"","meta":{"zakra_page_container_layout":"centered","zakra_page_sidebar_layout":"no_sidebar","zakra_remove_content_margin":true,"zakra_sidebar":"customizer","zakra_transparent_header":"customizer","zakra_logo":147,"zakra_main_header_style":"default","zakra_menu_item_color":"","zakra_menu_item_hover_color":"","zakra_menu_item_active_color":"","zakra_menu_active_style":"","zakra_page_header":true,"ngg_post_thumbnail":0,"footnotes":""},"class_list":["post-35","page","type-page","status-publish","hentry"],"_links":{"self":[{"href":"https:\/\/wp.ull.es\/tecnomar\/wp-json\/wp\/v2\/pages\/35","targetHints":{"allow":["GET"]}}],"collection":[{"href":"https:\/\/wp.ull.es\/tecnomar\/wp-json\/wp\/v2\/pages"}],"about":[{"href":"https:\/\/wp.ull.es\/tecnomar\/wp-json\/wp\/v2\/types\/page"}],"author":[{"embeddable":true,"href":"https:\/\/wp.ull.es\/tecnomar\/wp-json\/wp\/v2\/users\/257"}],"replies":[{"embeddable":true,"href":"https:\/\/wp.ull.es\/tecnomar\/wp-json\/wp\/v2\/comments?post=35"}],"version-history":[{"count":1,"href":"https:\/\/wp.ull.es\/tecnomar\/wp-json\/wp\/v2\/pages\/35\/revisions"}],"predecessor-version":[{"id":116,"href":"https:\/\/wp.ull.es\/tecnomar\/wp-json\/wp\/v2\/pages\/35\/revisions\/116"}],"wp:attachment":[{"href":"https:\/\/wp.ull.es\/tecnomar\/wp-json\/wp\/v2\/media?parent=35"}],"curies":[{"name":"wp","href":"https:\/\/api.w.org\/{rel}","templated":true}]}}