{"id":2,"date":"2019-11-15T10:38:13","date_gmt":"2019-11-15T10:38:13","guid":{"rendered":"https:\/\/wp.ull.es\/resiliencia\/?page_id=2"},"modified":"2020-04-16T17:26:57","modified_gmt":"2020-04-16T17:26:57","slug":"la-catedra","status":"publish","type":"page","link":"https:\/\/wp.ull.es\/resiliencia\/","title":{"rendered":"La C\u00e1tedra"},"content":{"rendered":"[vc_row type=\u00bbfull_width_background\u00bb full_screen_row_position=\u00bbmiddle\u00bb equal_height=\u00bbyes\u00bb content_placement=\u00bbmiddle\u00bb column_margin=\u00bbdefault\u00bb bg_image=\u00bb187&#8243; bg_position=\u00bbleft top\u00bb bg_repeat=\u00bbno-repeat\u00bb bg_color=\u00bb#141414&#8243; scene_position=\u00bbcenter\u00bb text_color=\u00bblight\u00bb text_align=\u00bbleft\u00bb top_padding=\u00bb9%\u00bb bottom_padding=\u00bb8%\u00bb color_overlay=\u00bb#212121&#8243; overlay_strength=\u00bb0.8&#8243; shape_divider_position=\u00bbbottom\u00bb bg_image_animation=\u00bbnone\u00bb shape_type=\u00bb\u00bb][vc_column column_padding=\u00bbpadding-2-percent\u00bb column_padding_position=\u00bbright\u00bb background_color_opacity=\u00bb1&#8243; background_hover_color_opacity=\u00bb1&#8243; column_link_target=\u00bb_self\u00bb column_shadow=\u00bbnone\u00bb column_border_radius=\u00bbnone\u00bb width=\u00bb1\/2&#8243; tablet_width_inherit=\u00bbdefault\u00bb tablet_text_alignment=\u00bbdefault\u00bb phone_text_alignment=\u00bbdefault\u00bb overlay_strength=\u00bb0.3&#8243; column_border_width=\u00bbnone\u00bb column_border_style=\u00bbsolid\u00bb bg_image_animation=\u00bbnone\u00bb][vc_column_text css=\u00bb.vc_custom_1579614787347{margin-bottom: 5px !important;}\u00bb]\n<h5>Creando espacios resilientes<\/h5>\n[\/vc_column_text][vc_column_text css=\u00bb.vc_custom_1579614747172{padding-right: 5% !important;}\u00bb]\n<h2>Reducci\u00f3n del Riesgo de Desastres. Ciudades resilientes<\/h2>\n[\/vc_column_text][vc_column_text css=\u00bb.vc_custom_1581595010849{margin-bottom: 30px !important;padding-right: 10% !important;}\u00bb max_width=\u00bb550&#8243;]La C\u00e1tedra Reducci\u00f3n del Riesgo de Desastres surge para dar respuesta cient\u00edfica a una creciente necesidad de aunar recursos y crear sinergias entre los diferentes agentes sociales, Gobierno, Universidad, Empresas, Asociaciones y Ciudadan\u00eda. El objetivo es contribuir al desarrollo de comunidades capaces de reducir el riesgo y crear una sociedad resiliente frente a los desastres en el actual contexto de emergencia clim\u00e1tica.[\/vc_column_text][vc_row_inner column_margin=\u00bbdefault\u00bb text_align=\u00bbleft\u00bb][vc_column_inner column_padding=\u00bbno-extra-padding\u00bb column_padding_position=\u00bball\u00bb background_color_opacity=\u00bb1&#8243; background_hover_color_opacity=\u00bb1&#8243; column_shadow=\u00bbnone\u00bb column_border_radius=\u00bbnone\u00bb column_link_target=\u00bb_self\u00bb width=\u00bb1\/1&#8243; tablet_width_inherit=\u00bbdefault\u00bb overlay_strength=\u00bb0.3&#8243; column_border_width=\u00bbnone\u00bb column_border_style=\u00bbsolid\u00bb bg_image_animation=\u00bbnone\u00bb][\/vc_column_inner][\/vc_row_inner][\/vc_column][vc_column column_padding=\u00bbno-extra-padding\u00bb column_padding_position=\u00bball\u00bb background_color_opacity=\u00bb1&#8243; background_hover_color_opacity=\u00bb1&#8243; column_link_target=\u00bb_self\u00bb column_shadow=\u00bbnone\u00bb column_border_radius=\u00bbnone\u00bb width=\u00bb1\/2&#8243; tablet_width_inherit=\u00bbdefault\u00bb tablet_text_alignment=\u00bbdefault\u00bb phone_text_alignment=\u00bbdefault\u00bb overlay_strength=\u00bb0.3&#8243; column_border_width=\u00bbnone\u00bb column_border_style=\u00bbsolid\u00bb bg_image_animation=\u00bbnone\u00bb][vc_row_inner column_margin=\u00bbnone\u00bb text_align=\u00bbleft\u00bb][vc_column_inner column_padding=\u00bbpadding-2-percent\u00bb column_padding_position=\u00bball\u00bb background_color_opacity=\u00bb1&#8243; background_hover_color_opacity=\u00bb1&#8243; column_shadow=\u00bbnone\u00bb column_border_radius=\u00bbnone\u00bb column_link_target=\u00bb_self\u00bb width=\u00bb1\/2&#8243; tablet_width_inherit=\u00bbdefault\u00bb overlay_strength=\u00bb0.3&#8243; column_border_width=\u00bbnone\u00bb column_border_style=\u00bbsolid\u00bb bg_image_animation=\u00bbnone\u00bb][fancy_box box_style=\u00bbcolor_box_basic\u00bb icon_family=\u00bbiconsmind\u00bb box_color=\u00bb#ffffff\u00bb content_color=\u00bb#3452ff\u00bb box_color_opacity=\u00bb0.6&#8243; box_alignment=\u00bbleft\u00bb border_radius=\u00bbdefault\u00bb image_loading=\u00bbdefault\u00bb enable_animation=\u00bbtrue\u00bb animation=\u00bbfade-in-from-bottom\u00bb color_scheme=\u00bbnone\u00bb secondary_content=\u00bbhere&#8217;s some awesome text that would only be shown on hover\u00bb min_height=\u00bb200&#8243; icon_iconsmind=\u00bbiconsmind-Environmental-3&#8243; css=\u00bb.vc_custom_1581595065003{margin-bottom: 1.8em !important;padding-top: 15% !important;padding-right: 15% !important;padding-bottom: 15% !important;padding-left: 15% !important;}\u00bb icon_size=\u00bb40&#8243;]\n<h4>Riesgos y territorio<\/h4>\n<p>Los riesgos de origen natural, las emergencias y los desastres, se encuentran totalmente vinculados a la forma en que ordenamos el territorio y gestionamos el medioambiente[\/fancy_box][fancy_box box_style=\u00bbcolor_box_basic\u00bb icon_family=\u00bbiconsmind\u00bb box_color=\u00bb#ffffff\u00bb content_color=\u00bb#3452ff\u00bb box_color_opacity=\u00bb1&#8243; box_alignment=\u00bbleft\u00bb border_radius=\u00bbdefault\u00bb image_loading=\u00bbdefault\u00bb enable_animation=\u00bbtrue\u00bb animation=\u00bbfade-in-from-bottom\u00bb color_scheme=\u00bbnone\u00bb secondary_content=\u00bbhere&#8217;s some awesome text that would only be shown on hover\u00bb min_height=\u00bb200&#8243; icon_iconsmind=\u00bbiconsmind-Fahrenheit\u00bb css=\u00bb.vc_custom_1581595150750{margin-bottom: 50px !important;padding-top: 15% !important;padding-right: 15% !important;padding-bottom: 15% !important;padding-left: 15% !important;}\u00bb icon_size=\u00bb40&#8243;]\n<h4>Clima y sociedad<\/h4>\n<p>Nunca antes, el clima hab\u00eda sido tan importante para la sociedad. El estudio de las condiciones clim\u00e1ticas supone un elemento clave para comprender tanto la configuraci\u00f3n de nuestros territorios as\u00ed como la g\u00e9nesis de parte de los recursos que necesitamos para la vida[\/fancy_box][\/vc_column_inner][vc_column_inner column_padding=\u00bbpadding-2-percent\u00bb column_padding_position=\u00bball\u00bb background_color_opacity=\u00bb1&#8243; background_hover_color_opacity=\u00bb1&#8243; column_shadow=\u00bbnone\u00bb column_border_radius=\u00bbnone\u00bb column_link_target=\u00bb_self\u00bb width=\u00bb1\/2&#8243; tablet_width_inherit=\u00bbdefault\u00bb overlay_strength=\u00bb0.3&#8243; column_border_width=\u00bbnone\u00bb column_border_style=\u00bbsolid\u00bb bg_image_animation=\u00bbnone\u00bb][fancy_box box_style=\u00bbcolor_box_basic\u00bb icon_family=\u00bbiconsmind\u00bb box_color=\u00bb#ffffff\u00bb content_color=\u00bb#3452ff\u00bb box_color_opacity=\u00bb1&#8243; box_alignment=\u00bbleft\u00bb border_radius=\u00bbdefault\u00bb image_loading=\u00bbdefault\u00bb enable_animation=\u00bbtrue\u00bb animation=\u00bbfade-in-from-bottom\u00bb color_scheme=\u00bbnone\u00bb secondary_content=\u00bbhere&#8217;s some awesome text that would only be shown on hover\u00bb min_height=\u00bb200&#8243; icon_iconsmind=\u00bbiconsmind-Mens\u00bb css=\u00bb.vc_custom_1581595115942{margin-bottom: 1.8em !important;padding-top: 15% !important;padding-right: 15% !important;padding-bottom: 15% !important;padding-left: 15% !important;}\u00bb delay=\u00bb100&#8243; icon_size=\u00bb40&#8243;]\n<h4>Emergencia clim\u00e1tica<\/h4>\n<p>Uno de los retos m\u00e1s importantes que afrontamos en el planeta es el cambio clim\u00e1tico y sus efectos. La transversalidad del fen\u00f3meno requiere de enfoques multidisciplinares, para su conocimiento y para la acci\u00f3n[\/fancy_box][fancy_box box_style=\u00bbcolor_box_basic\u00bb icon_family=\u00bbiconsmind\u00bb box_color=\u00bb#ffffff\u00bb content_color=\u00bb#3452ff\u00bb box_color_opacity=\u00bb1&#8243; box_alignment=\u00bbleft\u00bb border_radius=\u00bbdefault\u00bb image_loading=\u00bbdefault\u00bb enable_animation=\u00bbtrue\u00bb animation=\u00bbfade-in-from-bottom\u00bb color_scheme=\u00bbnone\u00bb secondary_content=\u00bbhere&#8217;s some awesome text that would only be shown on hover\u00bb min_height=\u00bb200&#8243; icon_iconsmind=\u00bbiconsmind-Eye-Scan\u00bb delay=\u00bb100&#8243; css=\u00bb.vc_custom_1581595199360{padding-top: 15% !important;padding-right: 15% !important;padding-bottom: 15% !important;padding-left: 15% !important;}\u00bb icon_size=\u00bb40&#8243;]\n<h4>Adaptaci\u00f3n y resiliencia<\/h4>\n<p>Frente al cambio clim\u00e1tico y sus efectos, el riesgo de desastres y un entorno en continua transformaci\u00f3n, la adaptaci\u00f3n y la resiliencia como capacidad de recuperaci\u00f3n son los conceptos clave para alcanzar el desarrollo sostenible[\/fancy_box][\/vc_column_inner][\/vc_row_inner][\/vc_column][\/vc_row][vc_row type=\u00bbin_container\u00bb full_screen_row_position=\u00bbmiddle\u00bb column_margin=\u00bbdefault\u00bb scene_position=\u00bbcenter\u00bb text_color=\u00bbdark\u00bb text_align=\u00bbleft\u00bb overlay_strength=\u00bb0.3&#8243; shape_divider_position=\u00bbbottom\u00bb bg_image_animation=\u00bbnone\u00bb][vc_column column_padding=\u00bbno-extra-padding\u00bb column_padding_position=\u00bball\u00bb background_color_opacity=\u00bb1&#8243; background_hover_color_opacity=\u00bb1&#8243; column_link_target=\u00bb_self\u00bb column_shadow=\u00bbnone\u00bb column_border_radius=\u00bbnone\u00bb width=\u00bb1\/1&#8243; tablet_width_inherit=\u00bbdefault\u00bb tablet_text_alignment=\u00bbdefault\u00bb phone_text_alignment=\u00bbdefault\u00bb overlay_strength=\u00bb0.3&#8243; column_border_width=\u00bbnone\u00bb column_border_style=\u00bbsolid\u00bb bg_image_animation=\u00bbnone\u00bb][divider line_type=\u00bbFull Width Line\u00bb line_thickness=\u00bb2&#8243; divider_color=\u00bbdefault\u00bb animate=\u00bbyes\u00bb][\/vc_column][\/vc_row][vc_row type=\u00bbin_container\u00bb full_screen_row_position=\u00bbmiddle\u00bb column_margin=\u00bbdefault\u00bb scene_position=\u00bbcenter\u00bb text_color=\u00bbdark\u00bb text_align=\u00bbleft\u00bb overlay_strength=\u00bb0.3&#8243; shape_divider_position=\u00bbbottom\u00bb bg_image_animation=\u00bbnone\u00bb][vc_column column_padding=\u00bbno-extra-padding\u00bb column_padding_position=\u00bball\u00bb background_color_opacity=\u00bb1&#8243; background_hover_color_opacity=\u00bb1&#8243; column_link_target=\u00bb_self\u00bb column_shadow=\u00bbnone\u00bb column_border_radius=\u00bbnone\u00bb width=\u00bb1\/1&#8243; tablet_width_inherit=\u00bbdefault\u00bb tablet_text_alignment=\u00bbdefault\u00bb phone_text_alignment=\u00bbdefault\u00bb overlay_strength=\u00bb0.3&#8243; column_border_width=\u00bbnone\u00bb column_border_style=\u00bbsolid\u00bb bg_image_animation=\u00bbnone\u00bb][heading]Colaboramos con m\u00faltiples organismos y entidades, entre ellas:[\/heading][clients columns=\u00bb4&#8243; hover_effect=\u00bbgreyscale_to_color\u00bb additional_padding=\u00bb4&#8243;][client image=\u00bb104&#8243; title=\u00bbClient\u00bb id=\u00bb1587057998121-10&#8243; tab_id=\u00bb1587057998122-0&#8243; url=\u00bbhttps:\/\/www.ull.es\u00bb name=\u00bbUniversidad de La Laguna\u00bb][vc_column_text][\/vc_column_text][\/client][client image=\u00bb394&#8243; title=\u00bbClient\u00bb id=\u00bb1587057998182-4&#8243; tab_id=\u00bb1587057998183-3&#8243; url=\u00bbhttps:\/\/www.undrr.org\/\u00bb name=\u00bbUnited Nations Office for Disaster Risk Reduction\u00bb][vc_column_text][\/vc_column_text][\/client][client image=\u00bb392&#8243; title=\u00bbClient\u00bb id=\u00bb1587057998213-6&#8243; tab_id=\u00bb1587057998213-10&#8243; url=\u00bbhttps:\/\/www.gobiernodecanarias.org\/principal\/\u00bb name=\u00bbGobierno de Canarias\u00bb][vc_column_text][\/vc_column_text][\/client][client image=\u00bb281&#8243; title=\u00bbClient\u00bb id=\u00bb1587057998249-0&#8243; tab_id=\u00bb1587057998250-5&#8243; url=\u00bbhttps:\/\/www.tenerife.es\/portalcabtfe\/es\/\u00bb name=\u00bbCabildo de Tenerife\u00bb][\/client][client image=\u00bb282&#8243; title=\u00bbClient\u00bb id=\u00bb1587057998281-2&#8243; tab_id=\u00bb1587057998282-7&#8243; url=\u00bbhttps:\/\/www.itcilo.org\/\u00bb name=\u00bbInternational Training Centre\u00bb][vc_column_text][\/vc_column_text][\/client][client image=\u00bb284&#8243; title=\u00bbClient\u00bb id=\u00bb1587057998318-2&#8243; tab_id=\u00bb1587057998319-3&#8243; url=\u00bbhttp:\/\/www.ayuntamientoelrosario.org\/\u00bb name=\u00bbAyuntamiento de El Rosario\u00bb][\/client][client image=\u00bb393&#8243; title=\u00bbClient\u00bb id=\u00bb1587057998349-9&#8243; tab_id=\u00bb1587057998350-10&#8243; url=\u00bbhttp:\/\/www.cabildodelapalma.es\/\u00bb name=\u00bbCabildo de La Palma\u00bb][\/client][client image=\u00bb273&#8243; title=\u00bbClient\u00bb id=\u00bb1587057998386-5&#8243; tab_id=\u00bb1587057998387-9&#8243; url=\u00bbhttp:\/\/guimar.es\/\u00bb name=\u00bbAyuntamiento de G\u00fcimar\u00bb][vc_column_text][\/vc_column_text][\/client][\/clients][\/vc_column][\/vc_row][vc_row type=\u00bbin_container\u00bb full_screen_row_position=\u00bbmiddle\u00bb column_margin=\u00bbdefault\u00bb scene_position=\u00bbcenter\u00bb text_color=\u00bbdark\u00bb text_align=\u00bbleft\u00bb overlay_strength=\u00bb0.3&#8243; shape_divider_position=\u00bbbottom\u00bb bg_image_animation=\u00bbnone\u00bb][vc_column column_padding=\u00bbno-extra-padding\u00bb column_padding_position=\u00bball\u00bb background_color_opacity=\u00bb1&#8243; background_hover_color_opacity=\u00bb1&#8243; column_link_target=\u00bb_self\u00bb column_shadow=\u00bbnone\u00bb column_border_radius=\u00bbnone\u00bb width=\u00bb1\/1&#8243; tablet_width_inherit=\u00bbdefault\u00bb tablet_text_alignment=\u00bbdefault\u00bb phone_text_alignment=\u00bbdefault\u00bb overlay_strength=\u00bb0.3&#8243; column_border_width=\u00bbnone\u00bb column_border_style=\u00bbsolid\u00bb bg_image_animation=\u00bbnone\u00bb][divider line_type=\u00bbSmall Line\u00bb line_alignment=\u00bbdefault\u00bb line_thickness=\u00bb1&#8243; divider_color=\u00bbdefault\u00bb][\/vc_column][\/vc_row]\n","protected":false},"excerpt":{"rendered":"<p>[vc_row type=\u00bbfull_width_background\u00bb full_screen_row_position=\u00bbmiddle\u00bb equal_height=\u00bbyes\u00bb content_placement=\u00bbmiddle\u00bb column_margin=\u00bbdefault\u00bb bg_image=\u00bb187&#8243; bg_position=\u00bbleft top\u00bb bg_repeat=\u00bbno-repeat\u00bb bg_color=\u00bb#141414&#8243; scene_position=\u00bbcenter\u00bb text_color=\u00bblight\u00bb text_align=\u00bbleft\u00bb top_padding=\u00bb9%\u00bb bottom_padding=\u00bb8%\u00bb color_overlay=\u00bb#212121&#8243; overlay_strength=\u00bb0.8&#8243; shape_divider_position=\u00bbbottom\u00bb bg_image_animation=\u00bbnone\u00bb shape_type=\u00bb\u00bb][vc_column column_padding=\u00bbpadding-2-percent\u00bb column_padding_position=\u00bbright\u00bb background_color_opacity=\u00bb1&#8243; background_hover_color_opacity=\u00bb1&#8243; column_link_target=\u00bb_self\u00bb column_shadow=\u00bbnone\u00bb column_border_radius=\u00bbnone\u00bb width=\u00bb1\/2&#8243; tablet_width_inherit=\u00bbdefault\u00bb&#8230;<\/p>\n","protected":false},"author":102,"featured_media":0,"parent":0,"menu_order":0,"comment_status":"closed","ping_status":"closed","template":"template-home-4.php","meta":{"ngg_post_thumbnail":0,"footnotes":""},"class_list":["post-2","page","type-page","status-publish"],"_links":{"self":[{"href":"https:\/\/wp.ull.es\/resiliencia\/wp-json\/wp\/v2\/pages\/2","targetHints":{"allow":["GET"]}}],"collection":[{"href":"https:\/\/wp.ull.es\/resiliencia\/wp-json\/wp\/v2\/pages"}],"about":[{"href":"https:\/\/wp.ull.es\/resiliencia\/wp-json\/wp\/v2\/types\/page"}],"author":[{"embeddable":true,"href":"https:\/\/wp.ull.es\/resiliencia\/wp-json\/wp\/v2\/users\/102"}],"replies":[{"embeddable":true,"href":"https:\/\/wp.ull.es\/resiliencia\/wp-json\/wp\/v2\/comments?post=2"}],"version-history":[{"count":2,"href":"https:\/\/wp.ull.es\/resiliencia\/wp-json\/wp\/v2\/pages\/2\/revisions"}],"predecessor-version":[{"id":473,"href":"https:\/\/wp.ull.es\/resiliencia\/wp-json\/wp\/v2\/pages\/2\/revisions\/473"}],"wp:attachment":[{"href":"https:\/\/wp.ull.es\/resiliencia\/wp-json\/wp\/v2\/media?parent=2"}],"curies":[{"name":"wp","href":"https:\/\/api.w.org\/{rel}","templated":true}]}}