{"id":31,"date":"2021-11-12T11:52:11","date_gmt":"2021-11-12T11:52:11","guid":{"rendered":"https:\/\/wp.ull.es\/visualmethods\/?page_id=31"},"modified":"2022-10-06T13:04:57","modified_gmt":"2022-10-06T12:04:57","slug":"home","status":"publish","type":"page","link":"https:\/\/wp.ull.es\/radar\/","title":{"rendered":"Home"},"content":{"rendered":"<p>[et_pb_section fb_built=\u00bb1&#8243; admin_label=\u00bbHero\u00bb _builder_version=\u00bb4.9.7&#8243; background_color=\u00bb#1b4794&#8243; background_color_gradient_direction=\u00bb271deg\u00bb custom_padding=\u00bb0px||0px|||\u00bb][et_pb_row column_structure=\u00bb3_5,2_5&#8243; make_equal=\u00bbon\u00bb _builder_version=\u00bb4.9.7&#8243; background_color=\u00bb#182642&#8243; background_size=\u00bbinitial\u00bb background_position=\u00bbtop_left\u00bb background_repeat=\u00bbrepeat\u00bb width=\u00bb100%\u00bb max_width=\u00bb100%\u00bb min_height=\u00bb565.3px\u00bb custom_margin=\u00bb|auto|-3px|auto||\u00bb custom_padding=\u00bb45px||45px||true|\u00bb use_custom_width=\u00bbon\u00bb width_unit=\u00bboff\u00bb custom_width_percent=\u00bb100%\u00bb][et_pb_column type=\u00bb3_5&#8243; _builder_version=\u00bb3.25&#8243; custom_padding=\u00bb60px|0px|100px|10%\u00bb custom_padding_tablet=\u00bb20px|10%|0px|10%\u00bb custom_padding_phone=\u00bb\u00bb custom_padding_last_edited=\u00bbon|desktop\u00bb custom_padding__hover=\u00bb|||\u00bb][et_pb_text _builder_version=\u00bb4.9.7&#8243; text_font=\u00bb||||||||\u00bb text_text_color=\u00bb#c9e2f4&#8243; header_font=\u00bbMerriweather|700|||||||\u00bb header_text_color=\u00bb#EDF000&#8243; header_font_size=\u00bb46px\u00bb header_line_height=\u00bb1.3em\u00bb background_layout=\u00bbdark\u00bb min_height=\u00bb137px\u00bb custom_margin=\u00bb||0px|\u00bb custom_padding=\u00bb||0px|||\u00bb animation_style=\u00bbfade\u00bb animation_direction=\u00bbtop\u00bb inline_fonts=\u00bbMontserrat\u00bb]<\/p>\n<h1><span style=\"color: #e7fe7d\"><strong><span style=\"font-family: Montserrat\">RADAR 2022<\/span><\/strong><\/span><\/h1>\n<h2><span style=\"color: #e7fe7d\"><strong><span style=\"font-family: Montserrat\">Congreso Internacional<\/span><\/strong><\/span><\/h2>\n<h2><span style=\"color: #e7fe7d\"><strong><span style=\"font-family: Montserrat\">de Investigaci\u00f3n Transversal<\/span><\/strong><\/span><\/h2>\n<h2><span style=\"color: #e7fe7d\"><strong><span style=\"font-family: Montserrat\">desde las Artes<\/span><\/strong><\/span><strong><span style=\"font-family: Montserrat\"><\/span><\/strong><b><\/b><\/h2>\n<p>[\/et_pb_text][et_pb_text _builder_version=\u00bb4.9.7&#8243; text_font=\u00bbMerriweather||||||||\u00bb text_text_color=\u00bbrgba(255,255,255,0.5)\u00bb text_font_size=\u00bb36px\u00bb text_line_height=\u00bb1.8em\u00bb header_font=\u00bb||||||||\u00bb background_layout=\u00bbdark\u00bb custom_margin=\u00bb||10px|\u00bb animation_style=\u00bbfold\u00bb animation_direction=\u00bbtop\u00bb animation_delay=\u00bb50ms\u00bb text_line_height_tablet=\u00bb1.8em\u00bb text_line_height_last_edited=\u00bboff|desktop\u00bb inline_fonts=\u00bbMontserrat\u00bb]<\/p>\n<p><span style=\"font-family: Montserrat;font-weight: normal;color: #98c1dd\">19, 20 y 21 de octubre<\/span><\/p>\n<h5><span style=\"font-family: Montserrat;font-weight: normal;color: #98c1dd\"><br \/><\/span><span style=\"font-family: Montserrat;font-weight: normal;color: #98c1dd\"><span>Formato h\u00edbrido (presencial y online)<\/span><\/span><\/h5>\n<p>[\/et_pb_text][\/et_pb_column][et_pb_column type=\u00bb2_5&#8243; _builder_version=\u00bb3.25&#8243; custom_padding=\u00bb|||\u00bb custom_padding__hover=\u00bb|||\u00bb][et_pb_image src=\u00bbhttps:\/\/wp.ull.es\/radar\/wp-content\/uploads\/sites\/120\/2022\/03\/Radar_Mesa-de-trabajo-1.png\u00bb title_text=\u00bbRadar_Mesa de trabajo 1&#8243; _builder_version=\u00bb4.9.7&#8243; _module_preset=\u00bbdefault\u00bb custom_margin=\u00bb10%||||false|false\u00bb custom_padding=\u00bb|||0px||\u00bb]<\/p>\n<p>[\/et_pb_image][\/et_pb_column][\/et_pb_row][\/et_pb_section][et_pb_section fb_built=\u00bb1&#8243; admin_label=\u00bbAbout\u00bb _builder_version=\u00bb4.9.7&#8243; min_height=\u00bb1461.5px\u00bb custom_margin=\u00bb||-6px||false|false\u00bb custom_padding=\u00bb26px|0px|100px|0px|false|false\u00bb][et_pb_row column_structure=\u00bb1_2,1_2&#8243; use_custom_gutter=\u00bbon\u00bb gutter_width=\u00bb1&#8243; disabled_on=\u00bboff|off|off\u00bb admin_label=\u00bbillustration_information\u00bb _builder_version=\u00bb4.9.7&#8243; custom_margin=\u00bb|||\u00bb custom_padding=\u00bb0px|0px|15px|0px||\u00bb locked=\u00bboff\u00bb][et_pb_column type=\u00bb1_2&#8243; _builder_version=\u00bb3.25&#8243; custom_padding=\u00bb5%|||\u00bb custom_padding__hover=\u00bb|||\u00bb][et_pb_text _builder_version=\u00bb4.9.7&#8243; text_font=\u00bbMontserrat||||||||\u00bb text_text_color=\u00bb#7e7f94&#8243; text_font_size=\u00bb18px\u00bb text_line_height=\u00bb1.9em\u00bb header_font=\u00bb||||||||\u00bb header_2_font=\u00bb|600|||||||\u00bb header_2_text_color=\u00bb#7272ff\u00bb header_2_font_size=\u00bb19px\u00bb header_4_font=\u00bbMerriweather|700|||||||\u00bb header_4_text_color=\u00bb#4646c4&#8243; header_4_font_size=\u00bb20px\u00bb header_4_line_height=\u00bb1.7em\u00bb background_color=\u00bb#edece2&#8243; text_orientation=\u00bbcenter\u00bb min_height=\u00bb204px\u00bb custom_margin=\u00bb||24px|||\u00bb custom_padding=\u00bb60px|40px|0px|40px||\u00bb animation_style=\u00bbslide\u00bb animation_direction=\u00bbbottom\u00bb animation_intensity_slide=\u00bb20%\u00bb animation_starting_opacity=\u00bb100%\u00bb]<\/p>\n<h3><strong>Convocatoria abierta<\/strong><\/h3>\n<p>Descripci\u00f3n de los conceptos claves y ejes tem\u00e1ticos, as\u00ed como de la modalidad de inscripciones, tarifas, descuentos, plazos.<\/p>\n<p>&nbsp;<\/p>\n<p>&nbsp;<\/p>\n<p>[\/et_pb_text][et_pb_button button_url=\u00bbhttps:\/\/wp.ull.es\/radar\/call-for-papers\/\u00bb button_text=\u00bbM\u00e1s informaci\u00f3n\u00bb button_alignment=\u00bbcenter\u00bb _builder_version=\u00bb4.9.7&#8243; _module_preset=\u00bbdefault\u00bb custom_button=\u00bbon\u00bb button_text_color=\u00bb#182642&#8243; button_bg_color=\u00bb#98c1dd\u00bb button_border_color=\u00bbRGBA(0,0,0,0)\u00bb custom_padding=\u00bb0px|||||\u00bb animation_style=\u00bbfold\u00bb animation_direction=\u00bbtop\u00bb box_shadow_style=\u00bbpreset3&#8243; box_shadow_vertical=\u00bb4px\u00bb box_shadow_blur=\u00bb14px\u00bb]<\/p>\n<p>[\/et_pb_button][\/et_pb_column][et_pb_column type=\u00bb1_2&#8243; _builder_version=\u00bb4.9.7&#8243; background_enable_image=\u00bboff\u00bb background_size=\u00bbinitial\u00bb background_position=\u00bbbottom_center\u00bb custom_padding=\u00bb||100px|\u00bb custom_padding__hover=\u00bb|||\u00bb][et_pb_image src=\u00bbhttps:\/\/wp.ull.es\/radar\/wp-content\/uploads\/sites\/120\/2022\/03\/foto_radar_congreso_01_.png\u00bb title_text=\u00bbfoto_radar_congreso_01_\u00bb force_fullwidth=\u00bbon\u00bb align_tablet=\u00bbcenter\u00bb align_phone=\u00bb\u00bb align_last_edited=\u00bbon|desktop\u00bb _builder_version=\u00bb4.9.7&#8243; use_background_color_gradient=\u00bbon\u00bb background_color_gradient_start=\u00bb#edf000&#8243; background_color_gradient_end=\u00bb#001456&#8243; mix_blend_mode=\u00bbmultiply\u00bb animation_style=\u00bbslide\u00bb animation_direction=\u00bbtop\u00bb animation_intensity_slide=\u00bb10%\u00bb animation_starting_opacity=\u00bb100%\u00bb]<\/p>\n<p>[\/et_pb_image][\/et_pb_column][\/et_pb_row][et_pb_row column_structure=\u00bb1_2,1_2&#8243; use_custom_gutter=\u00bbon\u00bb gutter_width=\u00bb1&#8243; admin_label=\u00bbillustration_information\u00bb _builder_version=\u00bb4.9.7&#8243; custom_margin=\u00bb|||\u00bb custom_padding=\u00bb0px|0px|15px|0px||\u00bb][et_pb_column type=\u00bb1_2&#8243; _builder_version=\u00bb3.25&#8243; custom_padding=\u00bb5%|||\u00bb custom_padding__hover=\u00bb|||\u00bb][et_pb_image src=\u00bbhttps:\/\/wp.ull.es\/radar\/wp-content\/uploads\/sites\/120\/2022\/03\/foto_radar_congreso_03_.png\u00bb title_text=\u00bbfoto_radar_congreso_03_\u00bb force_fullwidth=\u00bbon\u00bb align_tablet=\u00bbcenter\u00bb align_phone=\u00bb\u00bb align_last_edited=\u00bbon|desktop\u00bb _builder_version=\u00bb4.9.7&#8243; background_color=\u00bb#EDF000&#8243; use_background_color_gradient=\u00bbon\u00bb background_color_gradient_start=\u00bb#edf000&#8243; background_color_gradient_end=\u00bb#0a2833&#8243; animation_style=\u00bbslide\u00bb animation_direction=\u00bbtop\u00bb animation_intensity_slide=\u00bb10%\u00bb animation_starting_opacity=\u00bb100%\u00bb]<\/p>\n<p>[\/et_pb_image][\/et_pb_column][et_pb_column type=\u00bb1_2&#8243; _builder_version=\u00bb4.9.7&#8243; background_enable_image=\u00bboff\u00bb background_size=\u00bbinitial\u00bb background_position=\u00bbbottom_center\u00bb custom_padding=\u00bb||100px|\u00bb custom_padding__hover=\u00bb|||\u00bb][et_pb_text _builder_version=\u00bb4.9.7&#8243; text_font=\u00bbMontserrat||||||||\u00bb text_text_color=\u00bb#7e7f94&#8243; text_font_size=\u00bb18px\u00bb text_line_height=\u00bb1.9em\u00bb header_font=\u00bb||||||||\u00bb header_2_font=\u00bb|600|||||||\u00bb header_2_text_color=\u00bb#7272ff\u00bb header_2_font_size=\u00bb19px\u00bb header_4_font=\u00bbMerriweather|700|||||||\u00bb header_4_text_color=\u00bb#4646c4&#8243; header_4_font_size=\u00bb20px\u00bb header_4_line_height=\u00bb1.7em\u00bb background_color=\u00bb#ecede2&#8243; text_orientation=\u00bbcenter\u00bb min_height=\u00bb301px\u00bb custom_margin=\u00bb|||\u00bb custom_padding=\u00bb60px|40px|1px|40px||\u00bb animation_style=\u00bbslide\u00bb animation_direction=\u00bbbottom\u00bb animation_intensity_slide=\u00bb20%\u00bb animation_starting_opacity=\u00bb100%\u00bb]<\/p>\n<h3><strong>Comit\u00e9<\/strong><\/h3>\n<p>Comit\u00e9 cient\u00edfico<\/p>\n<p>Comit\u00e9 organizador<\/p>\n<p>&nbsp;<\/p>\n<p>[\/et_pb_text][et_pb_button button_url=\u00bbhttps:\/\/wp.ull.es\/radar\/comite-organizador\/\u00bb button_text=\u00bbQui\u00e9nes somos\u00bb button_alignment=\u00bbcenter\u00bb _builder_version=\u00bb4.9.7&#8243; _module_preset=\u00bbdefault\u00bb custom_button=\u00bbon\u00bb button_text_color=\u00bb#182642&#8243; button_bg_color=\u00bb#98c1dd\u00bb button_border_color=\u00bbRGBA(0,0,0,0)\u00bb custom_margin=\u00bb20px|||||\u00bb animation_style=\u00bbfold\u00bb animation_direction=\u00bbtop\u00bb box_shadow_style=\u00bbpreset3&#8243; box_shadow_vertical=\u00bb4px\u00bb box_shadow_blur=\u00bb14px\u00bb locked=\u00bboff\u00bb]<\/p>\n<p>[\/et_pb_button][\/et_pb_column][\/et_pb_row][et_pb_row column_structure=\u00bb1_2,1_2&#8243; use_custom_gutter=\u00bbon\u00bb gutter_width=\u00bb1&#8243; admin_label=\u00bbillustration_information\u00bb _builder_version=\u00bb4.9.7&#8243; min_height=\u00bb399.5px\u00bb custom_margin=\u00bb|auto|-37px|auto||\u00bb custom_padding=\u00bb0px|0px|0px|0px||\u00bb locked=\u00bboff\u00bb][et_pb_column type=\u00bb1_2&#8243; _builder_version=\u00bb3.25&#8243; custom_padding=\u00bb5%|||\u00bb custom_padding__hover=\u00bb|||\u00bb][et_pb_text _builder_version=\u00bb4.9.7&#8243; text_font=\u00bbMontserrat||||||||\u00bb text_text_color=\u00bb#7e7f94&#8243; text_font_size=\u00bb18px\u00bb text_line_height=\u00bb1.9em\u00bb header_font=\u00bb||||||||\u00bb header_2_font=\u00bb|600|||||||\u00bb header_2_text_color=\u00bb#7272ff\u00bb header_2_font_size=\u00bb19px\u00bb header_4_font=\u00bbMerriweather|700|||||||\u00bb header_4_text_color=\u00bb#4646c4&#8243; header_4_font_size=\u00bb20px\u00bb header_4_line_height=\u00bb1.7em\u00bb background_color=\u00bb#ecede2&#8243; text_orientation=\u00bbcenter\u00bb custom_margin=\u00bb|||\u00bb custom_padding=\u00bb60px|40px|60px|40px\u00bb animation_style=\u00bbslide\u00bb animation_direction=\u00bbbottom\u00bb animation_intensity_slide=\u00bb20%\u00bb animation_starting_opacity=\u00bb100%\u00bb]<\/p>\n<h3><strong>Lugar de celebraci\u00f3n<\/strong><\/h3>\n<p><span style=\"font-weight: 400\">Campus de Guajara, C. Radioaficionados, s\/n, 38320 San Crist\u00f3bal de La Laguna, Santa Cruz de Tenerife<\/span><\/p>\n<p>Aula 3.21<\/p>\n<p>[\/et_pb_text][\/et_pb_column][et_pb_column type=\u00bb1_2&#8243; _builder_version=\u00bb4.9.7&#8243; background_enable_image=\u00bboff\u00bb background_size=\u00bbinitial\u00bb background_position=\u00bbbottom_center\u00bb custom_padding=\u00bb||100px|\u00bb custom_padding__hover=\u00bb|||\u00bb][et_pb_image src=\u00bbhttps:\/\/wp.ull.es\/radar\/wp-content\/uploads\/sites\/120\/2022\/03\/foto_radar_congreso_04_.png\u00bb title_text=\u00bbfoto_radar_congreso_04_\u00bb force_fullwidth=\u00bbon\u00bb align_tablet=\u00bbcenter\u00bb align_phone=\u00bb\u00bb align_last_edited=\u00bbon|desktop\u00bb _builder_version=\u00bb4.9.7&#8243; animation_style=\u00bbslide\u00bb animation_direction=\u00bbtop\u00bb animation_intensity_slide=\u00bb10%\u00bb animation_starting_opacity=\u00bb100%\u00bb]<\/p>\n<p>[\/et_pb_image][\/et_pb_column][\/et_pb_row][et_pb_row column_structure=\u00bb1_2,1_2&#8243; use_custom_gutter=\u00bbon\u00bb gutter_width=\u00bb1&#8243; admin_label=\u00bbillustration_information\u00bb _builder_version=\u00bb4.9.7&#8243; vertical_offset_tablet=\u00bb0&#8243; horizontal_offset_tablet=\u00bb0&#8243; custom_margin=\u00bb|||\u00bb custom_padding=\u00bb0px|0px|15px|0px||\u00bb z_index_tablet=\u00bb0&#8243; box_shadow_horizontal_tablet=\u00bb0px\u00bb box_shadow_vertical_tablet=\u00bb0px\u00bb box_shadow_blur_tablet=\u00bb40px\u00bb box_shadow_spread_tablet=\u00bb0px\u00bb][et_pb_column type=\u00bb1_2&#8243; _builder_version=\u00bb3.25&#8243; custom_padding=\u00bb5%|||\u00bb custom_padding__hover=\u00bb|||\u00bb][et_pb_image src=\u00bbhttps:\/\/wp.ull.es\/radar\/wp-content\/uploads\/sites\/120\/2022\/09\/conferenciantes_radar.jpg\u00bb title_text=\u00bbconferenciantes_radar\u00bb force_fullwidth=\u00bbon\u00bb align_tablet=\u00bbcenter\u00bb align_phone=\u00bb\u00bb align_last_edited=\u00bbon|desktop\u00bb _builder_version=\u00bb4.9.7&#8243; background_color=\u00bb#EDF000&#8243; use_background_color_gradient=\u00bbon\u00bb background_color_gradient_start=\u00bb#edf000&#8243; background_color_gradient_end=\u00bb#0a2833&#8243; vertical_offset_tablet=\u00bb0&#8243; horizontal_offset_tablet=\u00bb0&#8243; animation_style=\u00bbslide\u00bb animation_direction=\u00bbtop\u00bb animation_intensity_slide=\u00bb10%\u00bb animation_starting_opacity=\u00bb100%\u00bb z_index_tablet=\u00bb0&#8243; box_shadow_horizontal_tablet=\u00bb0px\u00bb box_shadow_vertical_tablet=\u00bb0px\u00bb box_shadow_blur_tablet=\u00bb40px\u00bb box_shadow_spread_tablet=\u00bb0px\u00bb]<\/p>\n<p>[\/et_pb_image][\/et_pb_column][et_pb_column type=\u00bb1_2&#8243; _builder_version=\u00bb4.9.7&#8243; background_enable_image=\u00bboff\u00bb background_size=\u00bbinitial\u00bb background_position=\u00bbbottom_center\u00bb custom_padding=\u00bb||100px|\u00bb custom_padding__hover=\u00bb|||\u00bb][et_pb_text _builder_version=\u00bb4.9.7&#8243; text_font=\u00bbMontserrat||||||||\u00bb text_text_color=\u00bb#7e7f94&#8243; text_font_size=\u00bb18px\u00bb text_line_height=\u00bb1.9em\u00bb header_2_font=\u00bb|600|||||||\u00bb header_2_text_color=\u00bb#7272ff\u00bb header_2_font_size=\u00bb19px\u00bb header_4_font=\u00bbMerriweather|700|||||||\u00bb header_4_text_color=\u00bb#4646c4&#8243; header_4_font_size=\u00bb20px\u00bb header_4_line_height=\u00bb1.7em\u00bb background_color=\u00bb#ecede2&#8243; vertical_offset_tablet=\u00bb0&#8243; horizontal_offset_tablet=\u00bb0&#8243; text_orientation=\u00bbcenter\u00bb min_height=\u00bb301px\u00bb custom_margin=\u00bb|||\u00bb custom_padding=\u00bb60px|40px|1px|40px||\u00bb animation_style=\u00bbslide\u00bb animation_direction=\u00bbbottom\u00bb animation_intensity_slide=\u00bb20%\u00bb animation_starting_opacity=\u00bb100%\u00bb z_index_tablet=\u00bb0&#8243; text_text_shadow_horizontal_length_tablet=\u00bb0px\u00bb text_text_shadow_vertical_length_tablet=\u00bb0px\u00bb text_text_shadow_blur_strength_tablet=\u00bb1px\u00bb link_text_shadow_horizontal_length_tablet=\u00bb0px\u00bb link_text_shadow_vertical_length_tablet=\u00bb0px\u00bb link_text_shadow_blur_strength_tablet=\u00bb1px\u00bb ul_text_shadow_horizontal_length_tablet=\u00bb0px\u00bb ul_text_shadow_vertical_length_tablet=\u00bb0px\u00bb ul_text_shadow_blur_strength_tablet=\u00bb1px\u00bb ol_text_shadow_horizontal_length_tablet=\u00bb0px\u00bb ol_text_shadow_vertical_length_tablet=\u00bb0px\u00bb ol_text_shadow_blur_strength_tablet=\u00bb1px\u00bb quote_text_shadow_horizontal_length_tablet=\u00bb0px\u00bb quote_text_shadow_vertical_length_tablet=\u00bb0px\u00bb quote_text_shadow_blur_strength_tablet=\u00bb1px\u00bb header_text_shadow_horizontal_length_tablet=\u00bb0px\u00bb header_text_shadow_vertical_length_tablet=\u00bb0px\u00bb header_text_shadow_blur_strength_tablet=\u00bb1px\u00bb header_2_text_shadow_horizontal_length_tablet=\u00bb0px\u00bb header_2_text_shadow_vertical_length_tablet=\u00bb0px\u00bb header_2_text_shadow_blur_strength_tablet=\u00bb1px\u00bb header_3_text_shadow_horizontal_length_tablet=\u00bb0px\u00bb header_3_text_shadow_vertical_length_tablet=\u00bb0px\u00bb header_3_text_shadow_blur_strength_tablet=\u00bb1px\u00bb header_4_text_shadow_horizontal_length_tablet=\u00bb0px\u00bb header_4_text_shadow_vertical_length_tablet=\u00bb0px\u00bb header_4_text_shadow_blur_strength_tablet=\u00bb1px\u00bb header_5_text_shadow_horizontal_length_tablet=\u00bb0px\u00bb header_5_text_shadow_vertical_length_tablet=\u00bb0px\u00bb header_5_text_shadow_blur_strength_tablet=\u00bb1px\u00bb header_6_text_shadow_horizontal_length_tablet=\u00bb0px\u00bb header_6_text_shadow_vertical_length_tablet=\u00bb0px\u00bb header_6_text_shadow_blur_strength_tablet=\u00bb1px\u00bb box_shadow_horizontal_tablet=\u00bb0px\u00bb box_shadow_vertical_tablet=\u00bb0px\u00bb box_shadow_blur_tablet=\u00bb40px\u00bb box_shadow_spread_tablet=\u00bb0px\u00bb]<\/p>\n<h3><strong>Conferenciantes<\/strong><\/h3>\n<p>Conferenciantes 1: <span style=\"font-weight: 400\">Lourdes Cilleruelo y Augusto Zubiaga<\/span><\/p>\n<p>Conferenciante 2: <span style=\"font-weight: 400\">Asunci\u00f3n Molinos Gordo<\/span><\/p>\n<p>Conferenciantes 3: <span style=\"font-weight: 400\">Sof\u00eda Pi\u00f1ero Rivero y Domingo J. Gonz\u00e1lez Galv\u00e1n<\/span><\/p>\n<p>Conferenciantes 4: <span style=\"font-weight: 400\">Brigitte Vasallo<\/span><\/p>\n<p><span style=\"font-weight: 400\"><\/span><\/p>\n<p><span style=\"font-weight: 400\"><\/span><\/p>\n<p>[\/et_pb_text][et_pb_button button_url=\u00bbhttps:\/\/wp.ull.es\/radar\/conferenciantes\/\u00bb button_text=\u00bbConferenciantes\u00bb button_alignment=\u00bbcenter\u00bb _builder_version=\u00bb4.9.7&#8243; _module_preset=\u00bbdefault\u00bb custom_button=\u00bbon\u00bb button_text_color=\u00bb#182642&#8243; button_bg_color=\u00bb#98c1dd\u00bb button_border_color=\u00bbRGBA(0,0,0,0)\u00bb vertical_offset_tablet=\u00bb0&#8243; horizontal_offset_tablet=\u00bb0&#8243; custom_margin=\u00bb20px|||||\u00bb animation_style=\u00bbfold\u00bb animation_direction=\u00bbtop\u00bb z_index_tablet=\u00bb0&#8243; button_text_shadow_horizontal_length_tablet=\u00bb0px\u00bb button_text_shadow_vertical_length_tablet=\u00bb0px\u00bb button_text_shadow_blur_strength_tablet=\u00bb1px\u00bb box_shadow_style=\u00bbpreset1&#8243; locked=\u00bboff\u00bb]<\/p>\n<p>[\/et_pb_button][\/et_pb_column][\/et_pb_row][\/et_pb_section][et_pb_section fb_built=\u00bb1&#8243; inner_shadow=\u00bbon\u00bb _builder_version=\u00bb4.9.7&#8243; custom_padding=\u00bb27px|0px|32px|0px||\u00bb locked=\u00bboff\u00bb][et_pb_row _builder_version=\u00bb3.25&#8243; custom_margin=\u00bb|||\u00bb custom_padding=\u00bb|||\u00bb][et_pb_column type=\u00bb4_4&#8243; _builder_version=\u00bb3.25&#8243; custom_padding=\u00bb|||\u00bb custom_padding__hover=\u00bb|||\u00bb][et_pb_text _builder_version=\u00bb4.9.7&#8243; text_font=\u00bbMontserrat||||||||\u00bb text_text_color=\u00bb#828282&#8243; text_font_size=\u00bb26px\u00bb header_font=\u00bb||||||||\u00bb header_2_font=\u00bbMerriweather|700|||||||\u00bb header_2_text_align=\u00bbcenter\u00bb header_2_text_color=\u00bb#21212a\u00bb header_2_font_size=\u00bb40px\u00bb header_2_line_height=\u00bb1.3em\u00bb max_width=\u00bb700px\u00bb module_alignment=\u00bbcenter\u00bb custom_margin=\u00bb|||\u00bb]<\/p>\n<p style=\"text-align: center\"><strong>Partners<\/strong><\/p>\n<p>[\/et_pb_text][et_pb_divider divider_position=\u00bbcenter\u00bb divider_weight=\u00bb2px\u00bb _builder_version=\u00bb4.9.7&#8243; max_width=\u00bb90px\u00bb max_width_tablet=\u00bb12%\u00bb max_width_last_edited=\u00bboff|desktop\u00bb module_alignment=\u00bbcenter\u00bb custom_margin=\u00bb|||\u00bb locked=\u00bboff\u00bb]<\/p>\n<p>[\/et_pb_divider][\/et_pb_column][\/et_pb_row][et_pb_row column_structure=\u00bb1_2,1_2&#8243; _builder_version=\u00bb4.9.7&#8243; _module_preset=\u00bbdefault\u00bb][et_pb_column type=\u00bb1_2&#8243; _builder_version=\u00bb4.9.7&#8243; _module_preset=\u00bbdefault\u00bb][et_pb_image src=\u00bbhttps:\/\/wp.ull.es\/radar\/wp-content\/uploads\/sites\/120\/2022\/08\/bellas-artes-original.png\u00bb title_text=\u00bbbellas-artes-original\u00bb align=\u00bbcenter\u00bb align_tablet=\u00bbcenter\u00bb align_phone=\u00bb\u00bb align_last_edited=\u00bbon|desktop\u00bb _builder_version=\u00bb4.9.7&#8243; width=\u00bb83%\u00bb max_width_tablet=\u00bb50%\u00bb max_width_phone=\u00bb35%\u00bb max_width_last_edited=\u00bboff|desktop\u00bb custom_margin=\u00bb-10%||||false|false\u00bb animation_style=\u00bbfade\u00bb animation_delay=\u00bb100ms\u00bb]<\/p>\n<p>[\/et_pb_image][\/et_pb_column][et_pb_column type=\u00bb1_2&#8243; _builder_version=\u00bb4.9.7&#8243; _module_preset=\u00bbdefault\u00bb][et_pb_image src=\u00bbhttps:\/\/wp.ull.es\/radar\/wp-content\/uploads\/sites\/120\/2022\/08\/InvestigacionyTransferencia_Violeta_Mesa-de-trabajo-1.png\u00bb title_text=\u00bbInvestigacionyTransferencia_Violeta_Mesa de trabajo 1&#8243; align=\u00bbcenter\u00bb align_tablet=\u00bbcenter\u00bb align_phone=\u00bb\u00bb align_last_edited=\u00bbon|desktop\u00bb _builder_version=\u00bb4.9.7&#8243; width=\u00bb100%\u00bb max_width_tablet=\u00bb50%\u00bb max_width_phone=\u00bb35%\u00bb max_width_last_edited=\u00bboff|desktop\u00bb custom_margin=\u00bb-10%||||false|false\u00bb animation_style=\u00bbfade\u00bb animation_delay=\u00bb100ms\u00bb]<\/p>\n<p>[\/et_pb_image][\/et_pb_column][\/et_pb_row][\/et_pb_section]<\/p>\n","protected":false},"excerpt":{"rendered":"<p>[et_pb_section fb_built=\u00bb1&#8243; admin_label=\u00bbHero\u00bb _builder_version=\u00bb4.9.7&#8243; background_color=\u00bb#1b4794&#8243; background_color_gradient_direction=\u00bb271deg\u00bb custom_padding=\u00bb0px||0px|||\u00bb][et_pb_row column_structure=\u00bb3_5,2_5&#8243; make_equal=\u00bbon\u00bb _builder_version=\u00bb4.9.7&#8243; background_color=\u00bb#182642&#8243; background_size=\u00bbinitial\u00bb background_position=\u00bbtop_left\u00bb background_repeat=\u00bbrepeat\u00bb width=\u00bb100%\u00bb max_width=\u00bb100%\u00bb min_height=\u00bb565.3px\u00bb custom_margin=\u00bb|auto|-3px|auto||\u00bb custom_padding=\u00bb45px||45px||true|\u00bb use_custom_width=\u00bbon\u00bb width_unit=\u00bboff\u00bb custom_width_percent=\u00bb100%\u00bb][et_pb_column type=\u00bb3_5&#8243; _builder_version=\u00bb3.25&#8243; custom_padding=\u00bb60px|0px|100px|10%\u00bb custom_padding_tablet=\u00bb20px|10%|0px|10%\u00bb custom_padding_phone=\u00bb\u00bb custom_padding_last_edited=\u00bbon|desktop\u00bb custom_padding__hover=\u00bb|||\u00bb][et_pb_text _builder_version=\u00bb4.9.7&#8243; text_font=\u00bb||||||||\u00bb text_text_color=\u00bb#c9e2f4&#8243; header_font=\u00bbMerriweather|700|||||||\u00bb header_text_color=\u00bb#EDF000&#8243; header_font_size=\u00bb46px\u00bb header_line_height=\u00bb1.3em\u00bb background_layout=\u00bbdark\u00bb min_height=\u00bb137px\u00bb custom_margin=\u00bb||0px|\u00bb custom_padding=\u00bb||0px|||\u00bb animation_style=\u00bbfade\u00bb animation_direction=\u00bbtop\u00bb inline_fonts=\u00bbMontserrat\u00bb] RADAR 2022 Congreso Internacional de Investigaci\u00f3n Transversal desde las Artes [\/et_pb_text][et_pb_text _builder_version=\u00bb4.9.7&#8243; [&hellip;]<\/p>\n","protected":false},"author":298,"featured_media":0,"parent":0,"menu_order":0,"comment_status":"closed","ping_status":"closed","template":"","meta":{"_et_pb_use_builder":"on","_et_pb_old_content":"","_et_gb_content_width":"","ngg_post_thumbnail":0,"footnotes":""},"class_list":["post-31","page","type-page","status-publish","hentry"],"_links":{"self":[{"href":"https:\/\/wp.ull.es\/radar\/wp-json\/wp\/v2\/pages\/31","targetHints":{"allow":["GET"]}}],"collection":[{"href":"https:\/\/wp.ull.es\/radar\/wp-json\/wp\/v2\/pages"}],"about":[{"href":"https:\/\/wp.ull.es\/radar\/wp-json\/wp\/v2\/types\/page"}],"author":[{"embeddable":true,"href":"https:\/\/wp.ull.es\/radar\/wp-json\/wp\/v2\/users\/298"}],"replies":[{"embeddable":true,"href":"https:\/\/wp.ull.es\/radar\/wp-json\/wp\/v2\/comments?post=31"}],"version-history":[{"count":2,"href":"https:\/\/wp.ull.es\/radar\/wp-json\/wp\/v2\/pages\/31\/revisions"}],"predecessor-version":[{"id":488,"href":"https:\/\/wp.ull.es\/radar\/wp-json\/wp\/v2\/pages\/31\/revisions\/488"}],"wp:attachment":[{"href":"https:\/\/wp.ull.es\/radar\/wp-json\/wp\/v2\/media?parent=31"}],"curies":[{"name":"wp","href":"https:\/\/api.w.org\/{rel}","templated":true}]}}