{"id":685,"date":"2024-10-06T11:59:40","date_gmt":"2024-10-06T11:59:40","guid":{"rendered":"https:\/\/wp.ull.es\/pointsov\/?page_id=685"},"modified":"2025-06-28T12:33:34","modified_gmt":"2025-06-28T12:33:34","slug":"xxxii-siucc-chalmers","status":"publish","type":"page","link":"https:\/\/wp.ull.es\/pointsov\/xxxii-siucc-chalmers\/","title":{"rendered":"XXXII SIUCC Chalmers"},"content":{"rendered":"<h2 style=\"text-align: justify\">XXXII SIUCC. Inter-University Workshop on Philosophy and Cognitive Science<\/h2>\n<h2 style=\"text-align: justify\">David Chalmers<\/h2>\n<h2 style=\"text-align: justify\">La Laguna, June 25-27, 2025<\/h2>\n<p>&nbsp;<\/p>\n<p style=\"text-align: center\"><img fetchpriority=\"high\" decoding=\"async\" class=\"alignnone wp-image-789\" src=\"https:\/\/wp.ull.es\/pointsov\/wp-content\/uploads\/sites\/79\/2025\/06\/IMG-20250605-WA0021-1.jpg\" alt=\"\" width=\"623\" height=\"623\" srcset=\"https:\/\/wp.ull.es\/pointsov\/wp-content\/uploads\/sites\/79\/2025\/06\/IMG-20250605-WA0021-1.jpg 1024w, https:\/\/wp.ull.es\/pointsov\/wp-content\/uploads\/sites\/79\/2025\/06\/IMG-20250605-WA0021-1-300x300.jpg 300w, https:\/\/wp.ull.es\/pointsov\/wp-content\/uploads\/sites\/79\/2025\/06\/IMG-20250605-WA0021-1-150x150.jpg 150w, https:\/\/wp.ull.es\/pointsov\/wp-content\/uploads\/sites\/79\/2025\/06\/IMG-20250605-WA0021-1-768x768.jpg 768w\" sizes=\"(max-width: 623px) 100vw, 623px\" \/><\/p>\n<p>&nbsp;<\/p>\n<h3>The XXXII SIUCC. Inter-University Workshop on Philosophy and Cognitive Science<\/h3>\n<p style=\"text-align: justify\">The SIUCC Inter-University Workshop on Philosophy and Cognitive Science has been organized under the auspices of the SEFA (<a href=\"http:\/\/www.sefaweb.es\/\">www.sefaweb.es<\/a>) since the society&#8217;s founding in 1994. Invited speakers are asked to present their work,which may consist of new research or revised versions of earlier publications.<\/p>\n<p style=\"text-align: justify\">This year the workshop will be focused on the work of&nbsp; <a href=\"https:\/\/consc.net\/\">David Chalmers (New York University)<\/a>. The aim of the conference is to foster the exchange of ideas and scholarly discussion through the presentation of ten selected contributions, each paired with a discussant, addressing philosophical topics related to Chalmers\u2019 work.<\/p>\n<p>&nbsp;<\/p>\n<h3>Venue<\/h3>\n<p style=\"text-align: justify\">All sessions will be held in the <em>Sal\u00f3n de Grados<\/em>, located in the Philosophy Department building on the Guajara Campus of the Universidad de La Laguna.<\/p>\n<p>&nbsp;<\/p>\n<h3><strong>David Chalmers\u2019 Talks<\/strong><\/h3>\n<p>All keynote lectures by David Chalmers will take place at <strong>5:00 PM<\/strong>, and the titles are as follows:<\/p>\n<ol>\n<li>\u201cThe Science of Consciousness\u201d<\/li>\n<li>\u201cConsciousness and AI\u201d<\/li>\n<li>\u201cAI and the Philosophy of Mind\u201d<\/li>\n<\/ol>\n<p>&nbsp;<\/p>\n<h3><strong>Registration Link<\/strong><\/h3>\n<p>The event will be streamed online. To attend either in person or online, please fill out the following form:<\/p>\n<p><a style=\"background-color: #004080;color: white;padding: 10px 20px;text-decoration: none;border-radius: 5px\" href=\"https:\/\/docs.google.com\/forms\/d\/e\/1FAIpQLSdYEZ6hK71voaVkBYck78Utp1lSkFkYFjhbCCm_5JfQIWBH5A\/viewform?usp=sharing&amp;ouid=115922611922023829769\">Google Form<\/a><\/p>\n<p>&nbsp;<\/p>\n<h3><strong>More information<\/strong><\/h3>\n<p>Please contact the organizing committee at:<br \/>\n&nbsp;<br \/>\n<a style=\"background-color: #004080;color: white;padding: 10px 20px;text-decoration: none;border-radius: 5px\" href=\"mailto:siuccxxxii@gmail.com\">siuccxxxii@gmail.com<\/a><\/p>\n<p>&nbsp;<\/p>\n<h3><strong>Full Program<\/strong><\/h3>\n<p><a style=\"background-color: #004080;color: white;padding: 10px 20px;text-decoration: none;border-radius: 5px\" href=\"https:\/\/drive.google.com\/file\/d\/1kXJ5aAhKwlWAl2LzPI4BjvOu6Y9G3cE0\/view?usp=sharing\" target=\"_blank\" rel=\"noopener\">Download Full Program (PDF)<\/a><\/p>\n<p>&nbsp;<\/p>\n<h3>Organizing Committee<\/h3>\n<p style=\"text-align: justify\">Enrico Brugnami (ULL), Laura Garc\u00eda D\u00edaz (ULL), Natividad Garrido Rodr\u00edguez (Universit\u00e9 Bordeaux-Montaigne \/ ULL), Sara Gonz\u00e1lez Garc\u00eda (ULL), Antonio Manuel Liz Guti\u00e9rrez (ULL), Margarita V\u00e1zquez Campos (ULL) and Pablo Vera Vega (ULL)<\/p>\n<p>&nbsp;<\/p>\n<h3 style=\"text-align: justify\">Scientific Committee<\/h3>\n<p style=\"text-align: justify\">Mar\u00eda Jos\u00e9 Alcaraz, Gloria Andrada, Esa D\u00edaz-Le\u00f3n, \u00c1ngel Garc\u00eda, Manuel Garc\u00eda Carpintero, Marta Jorba, Manuel Liz, Josep Maci\u00e0, David P\u00e9rez Chico, Manuel de Pinedo, Mar\u00eda de Ponte and Vanessa Trivi\u00f1o<\/p>\n<h2>&nbsp;<\/h2>\n<h3 style=\"text-align: justify\">About the SIUCC<\/h3>\n<p style=\"text-align: justify\">Each SIUCC Workshop is centered on the work of a major contemporary philosopher. This <strong>XXXII SIUCC<\/strong> will take place at the <strong>Universidad de La Laguna<\/strong>, hosted by the <strong>Secci\u00f3n de Filosof\u00eda and PoVINv (Points of View Philosophical Investigations)<\/strong>, from <strong>June 25th to 27th, 2025<\/strong>.<\/p>\n<p style=\"text-align: justify\">Previous editions and keynote speakers include: XXXI, Seville: Hugo Mercier; XXX, Valencia: Jos\u00e9 Luis Bermudez; XXIX; Barcelona: Susanna Siegel XXVIII, Granada: Amie Thomasson; XXVII, Vitoria: Elisabeth Camp; XXVI, Madrid: David Velleman; XXV, Valencia: Timothy Williamson; XXIV, Valladolid: Jason Stanley; XXIII, Sevilla: Jennifer Hornsby; XXII, San Sebasti\u00e1n: Jesse Prinz; XXI, Granada: Jaakko Hintikka; XX, Barcelona: Crispin Wright; XIX, Zaragoza: Ernest Sosa; XVIII, Madrid: John Perry; XVII, Palma de Mallorca: Peter Carruthers; XVI, Valencia: Richard Moran; XV, Madrid: Robert Brandom; XIV, Murcia: John McDowell; XIII, Granada: Fran\u00e7ois Recanati; XII, Girona: Christopher Peacocke; XI, Oviedo: Barry Stroud; X, San Sebasti\u00e1n: Jaegwon Kim; IX, La Laguna: John Searle; VIII, Granada: Tyler Burge; VII, Barcelona: Robert Stalnaker; VI, Madrid: Ruth Millikan; V, Barcelona: Ned Block; IV, Valencia: Fred Dretske; III, Menorca: Jerry Fodor; II, Salamanca: Daniel Dennett; I, San Sebasti\u00e1n: Martin Davies &amp; Andy Clark.<\/p>\n<p style=\"text-align: justify\">&nbsp;<\/p>\n<p style=\"text-align: justify\">&nbsp;<\/p>\n<p><img decoding=\"async\" class=\"alignnone wp-image-676\" src=\"https:\/\/wp.ull.es\/pointsov\/wp-content\/uploads\/sites\/79\/2024\/10\/vicerrectorado-investigacion-copia-300x130.jpg\" alt=\"\" width=\"256\" height=\"111\" srcset=\"https:\/\/wp.ull.es\/pointsov\/wp-content\/uploads\/sites\/79\/2024\/10\/vicerrectorado-investigacion-copia-300x130.jpg 300w, https:\/\/wp.ull.es\/pointsov\/wp-content\/uploads\/sites\/79\/2024\/10\/vicerrectorado-investigacion-copia-768x334.jpg 768w, https:\/\/wp.ull.es\/pointsov\/wp-content\/uploads\/sites\/79\/2024\/10\/vicerrectorado-investigacion-copia.jpg 1024w\" sizes=\"(max-width: 256px) 100vw, 256px\" \/><img decoding=\"async\" class=\"alignnone size-medium wp-image-677\" src=\"https:\/\/wp.ull.es\/pointsov\/wp-content\/uploads\/sites\/79\/2024\/10\/gobierno-canarias-copia-300x130.jpg\" alt=\"\" width=\"300\" height=\"130\" srcset=\"https:\/\/wp.ull.es\/pointsov\/wp-content\/uploads\/sites\/79\/2024\/10\/gobierno-canarias-copia-300x130.jpg 300w, https:\/\/wp.ull.es\/pointsov\/wp-content\/uploads\/sites\/79\/2024\/10\/gobierno-canarias-copia-768x334.jpg 768w, https:\/\/wp.ull.es\/pointsov\/wp-content\/uploads\/sites\/79\/2024\/10\/gobierno-canarias-copia.jpg 1024w\" sizes=\"(max-width: 300px) 100vw, 300px\" \/><img loading=\"lazy\" decoding=\"async\" class=\"alignnone size-medium wp-image-678\" src=\"https:\/\/wp.ull.es\/pointsov\/wp-content\/uploads\/sites\/79\/2024\/10\/ministerio-copia-300x130.jpg\" alt=\"\" width=\"300\" height=\"130\" srcset=\"https:\/\/wp.ull.es\/pointsov\/wp-content\/uploads\/sites\/79\/2024\/10\/ministerio-copia-300x130.jpg 300w, https:\/\/wp.ull.es\/pointsov\/wp-content\/uploads\/sites\/79\/2024\/10\/ministerio-copia-768x334.jpg 768w, https:\/\/wp.ull.es\/pointsov\/wp-content\/uploads\/sites\/79\/2024\/10\/ministerio-copia.jpg 1024w\" sizes=\"(max-width: 300px) 100vw, 300px\" \/><\/p>\n<p>Project PID2022-142120NB-I00 funded by<\/p>\n<p><img loading=\"lazy\" decoding=\"async\" class=\"alignnone wp-image-683\" src=\"https:\/\/wp.ull.es\/pointsov\/wp-content\/uploads\/sites\/79\/2024\/10\/logos-proyecto-2-300x78.jpg\" alt=\"\" width=\"331\" height=\"86\" srcset=\"https:\/\/wp.ull.es\/pointsov\/wp-content\/uploads\/sites\/79\/2024\/10\/logos-proyecto-2-300x78.jpg 300w, https:\/\/wp.ull.es\/pointsov\/wp-content\/uploads\/sites\/79\/2024\/10\/logos-proyecto-2-768x200.jpg 768w, https:\/\/wp.ull.es\/pointsov\/wp-content\/uploads\/sites\/79\/2024\/10\/logos-proyecto-2.jpg 1024w\" sizes=\"(max-width: 331px) 100vw, 331px\" \/> <img loading=\"lazy\" decoding=\"async\" class=\"alignnone wp-image-698\" src=\"https:\/\/wp.ull.es\/pointsov\/wp-content\/uploads\/sites\/79\/2024\/10\/sefa-logo-v2-1-300x173.jpg\" alt=\"\" width=\"167\" height=\"96\" srcset=\"https:\/\/wp.ull.es\/pointsov\/wp-content\/uploads\/sites\/79\/2024\/10\/sefa-logo-v2-1-300x173.jpg 300w, https:\/\/wp.ull.es\/pointsov\/wp-content\/uploads\/sites\/79\/2024\/10\/sefa-logo-v2-1.jpg 347w\" sizes=\"(max-width: 167px) 100vw, 167px\" \/><\/p>\n","protected":false},"excerpt":{"rendered":"<p>XXXII SIUCC. Inter-University Workshop on Philosophy and Cognitive Science David Chalmers La Laguna, June 25-27, 2025 &nbsp; &nbsp; The XXXII SIUCC. Inter-University Workshop on Philosophy and Cognitive Science The SIUCC Inter-University Workshop on Philosophy and Cognitive Science has been organized under the auspices of the SEFA (www.sefaweb.es) since the society&#8217;s founding in 1994. Invited speakers &hellip;<\/p>\n","protected":false},"author":147,"featured_media":0,"parent":0,"menu_order":0,"comment_status":"closed","ping_status":"closed","template":"","meta":{"ngg_post_thumbnail":0,"footnotes":""},"class_list":["post-685","page","type-page","status-publish","hentry"],"_links":{"self":[{"href":"https:\/\/wp.ull.es\/pointsov\/wp-json\/wp\/v2\/pages\/685","targetHints":{"allow":["GET"]}}],"collection":[{"href":"https:\/\/wp.ull.es\/pointsov\/wp-json\/wp\/v2\/pages"}],"about":[{"href":"https:\/\/wp.ull.es\/pointsov\/wp-json\/wp\/v2\/types\/page"}],"author":[{"embeddable":true,"href":"https:\/\/wp.ull.es\/pointsov\/wp-json\/wp\/v2\/users\/147"}],"replies":[{"embeddable":true,"href":"https:\/\/wp.ull.es\/pointsov\/wp-json\/wp\/v2\/comments?post=685"}],"version-history":[{"count":2,"href":"https:\/\/wp.ull.es\/pointsov\/wp-json\/wp\/v2\/pages\/685\/revisions"}],"predecessor-version":[{"id":795,"href":"https:\/\/wp.ull.es\/pointsov\/wp-json\/wp\/v2\/pages\/685\/revisions\/795"}],"wp:attachment":[{"href":"https:\/\/wp.ull.es\/pointsov\/wp-json\/wp\/v2\/media?parent=685"}],"curies":[{"name":"wp","href":"https:\/\/api.w.org\/{rel}","templated":true}]}}