{"id":660,"date":"2024-10-01T10:30:39","date_gmt":"2024-10-01T10:30:39","guid":{"rendered":"https:\/\/wp.ull.es\/pointsov\/?page_id=660"},"modified":"2024-11-10T11:53:01","modified_gmt":"2024-11-10T11:53:01","slug":"workshop-baghramian","status":"publish","type":"page","link":"https:\/\/wp.ull.es\/pointsov\/workshop-baghramian\/","title":{"rendered":"Workshop Baghramian"},"content":{"rendered":"<h2 style=\"text-align: justify\">Reading Putnam by Maria Baghramian International Workshop<\/h2>\n<h2 style=\"text-align: justify\">November 12-14, 2024<\/h2>\n<h2 style=\"text-align: justify\">Edificio Departamental de Filosof\u00eda, Campus de Guajara, Universidad de La Laguna (ULL)<\/h2>\n<p style=\"text-align: justify\">&nbsp;<\/p>\n<p style=\"text-align: justify\">The workshop intends to trigger exchange of ideas and scholarly debate through the presentation of&nbsp; contributions related to any of the philosophical topics of our keynote spaker (<a href=\"https:\/\/people.ucd.ie\/maria.baghramian\">Maria Baghramian<\/a>).<\/p>\n<p style=\"text-align: justify\"><strong>In the morning, the sessions will take place in Seminar&nbsp; 3, and in the afternoon, they will be held in the Salon de Grados, both located in the Philosophy Department building on the Guajara campus at the ULL.<\/strong><\/p>\n<p style=\"text-align: justify\">Attendance to the sessions is open to the public until capacity is reached.<\/p>\n<p>All of Maria Baghramian\u2019s lectures will take place at 5:00 PM, and the titles are as follows:<br \/>\n&nbsp;<br \/>\n12. \u201cTrust and Hope in a time of Crisis\u201d<\/p>\n<p>13.&nbsp; \u201cThe Role of Externalism in Putnam\u00b4s Many Realisms\u201d<\/p>\n<p>14. \u201cExpertise, Knowledge Resistance and the Value of Epistemic Autonomy\u201d<\/p>\n<p style=\"text-align: justify\">For more information, please contact the organizing committee at <a href=\"mailto:pointsov@ull.edu.es\">pointsov@ull.edu.es<\/a><\/p>\n<p style=\"text-align: justify\">&nbsp;<\/p>\n<h2 style=\"text-align: justify\"><a href=\"https:\/\/drive.google.com\/file\/d\/1q5-6kIXs2r_7KEsoDfgkaYDjCNNd7j0p\/view?usp=drive_link\">FULL PROGRAM link here<\/a><\/h2>\n<p>&nbsp;<\/p>\n<h2 style=\"text-align: justify\">Organizing Committee<\/h2>\n<p style=\"text-align: justify\">Natividad Garrido Rodr\u00edguez (Universit\u00e9 Bordeaux-Montaigne \/ ULL), Andres Luis Jaume Rodr\u00edguez (Universitat de les Illes Balears), Antonio Manuel Liz Guti\u00e9rrez (ULL), David P\u00e9rez Chico (Universidad de Zaragoza) and Margarita V\u00e1zquez Campos (ULL)<\/p>\n<h2 style=\"text-align: justify\">&nbsp;<\/h2>\n<h2 style=\"text-align: justify\">Scientific Committee<\/h2>\n<p style=\"text-align: justify\">Antonio Manuel Liz Guti\u00e9rrez (ULL), David P\u00e9rez Chico (Universidad de Zaragoza), Margarita V\u00e1zquez Campos (ULL) and Pablo Vera Vega (ULL)<\/p>\n<h2 style=\"text-align: justify\">&nbsp;<\/h2>\n<h2 style=\"text-align: justify\">ABOUT MARIA BAGHRAMIAN:<\/h2>\n<p style=\"text-align: justify\">Maria Baghramian is &nbsp;Full Professor of Philosophy in the School of Philosophy of the University College Dublin and Professor II at the Department of Philosophy of the University of Oslo.&nbsp; From March 2025, she will take up the position of European Research Area Chair at the American University of Armenia. She has held visiting posts in Harvard, MIT, University of Yerevan, Institut Jean Nicod, Paris and in various universities in China.<\/p>\n<p style=\"text-align: justify\">In her own words her overarching research interest is in the possibility of objective knowledge in the face of intractable disagreements and incompatible knowledge claims, in both the natural and human sciences. The project has been carried out in three inter-related strands:<\/p>\n<p style=\"text-align: justify\">1. Foundational: Relativism and Pluralism and the possibility of objectivity<\/p>\n<p style=\"text-align: justify\">2. Historic: Pragmatist and Neo Pragmatist responses to the problems of truth and objectivity<\/p>\n<p style=\"text-align: justify\">3. Practical: Expert Knowledge, Disagreement and the question of who to Trust<\/p>\n<p style=\"text-align: justify\">&nbsp;<\/p>\n<p>&nbsp;<\/p>\n<h2>&nbsp;<\/h2>\n<p>&nbsp;<\/p>\n<div class=\"pG TW\" role=\"switch\" data-tooltip-contained=\"true\" data-tooltip-align=\"b,l\" data-tooltip-delay=\"1500\" aria-label=\"Mensaje importante principalmente por los integrantes de la conversaci\u00f3n\" data-is-important=\"true\">\n<p><img decoding=\"async\" class=\"alignnone wp-image-676\" src=\"https:\/\/wp.ull.es\/pointsov\/wp-content\/uploads\/sites\/79\/2024\/10\/vicerrectorado-investigacion-copia-300x130.jpg\" alt=\"\" width=\"256\" height=\"111\" srcset=\"https:\/\/wp.ull.es\/pointsov\/wp-content\/uploads\/sites\/79\/2024\/10\/vicerrectorado-investigacion-copia-300x130.jpg 300w, https:\/\/wp.ull.es\/pointsov\/wp-content\/uploads\/sites\/79\/2024\/10\/vicerrectorado-investigacion-copia-768x334.jpg 768w, https:\/\/wp.ull.es\/pointsov\/wp-content\/uploads\/sites\/79\/2024\/10\/vicerrectorado-investigacion-copia.jpg 1024w\" sizes=\"(max-width: 256px) 100vw, 256px\" \/><img decoding=\"async\" class=\"alignnone size-medium wp-image-677\" src=\"https:\/\/wp.ull.es\/pointsov\/wp-content\/uploads\/sites\/79\/2024\/10\/gobierno-canarias-copia-300x130.jpg\" alt=\"\" width=\"300\" height=\"130\" srcset=\"https:\/\/wp.ull.es\/pointsov\/wp-content\/uploads\/sites\/79\/2024\/10\/gobierno-canarias-copia-300x130.jpg 300w, https:\/\/wp.ull.es\/pointsov\/wp-content\/uploads\/sites\/79\/2024\/10\/gobierno-canarias-copia-768x334.jpg 768w, https:\/\/wp.ull.es\/pointsov\/wp-content\/uploads\/sites\/79\/2024\/10\/gobierno-canarias-copia.jpg 1024w\" sizes=\"(max-width: 300px) 100vw, 300px\" \/><img decoding=\"async\" class=\"alignnone size-medium wp-image-678\" src=\"https:\/\/wp.ull.es\/pointsov\/wp-content\/uploads\/sites\/79\/2024\/10\/ministerio-copia-300x130.jpg\" alt=\"\" width=\"300\" height=\"130\" srcset=\"https:\/\/wp.ull.es\/pointsov\/wp-content\/uploads\/sites\/79\/2024\/10\/ministerio-copia-300x130.jpg 300w, https:\/\/wp.ull.es\/pointsov\/wp-content\/uploads\/sites\/79\/2024\/10\/ministerio-copia-768x334.jpg 768w, https:\/\/wp.ull.es\/pointsov\/wp-content\/uploads\/sites\/79\/2024\/10\/ministerio-copia.jpg 1024w\" sizes=\"(max-width: 300px) 100vw, 300px\" \/><\/p>\n<p>Project PID2022-142120NB-I00 funded by<\/p>\n<p><img loading=\"lazy\" decoding=\"async\" class=\"alignnone wp-image-682\" src=\"https:\/\/wp.ull.es\/pointsov\/wp-content\/uploads\/sites\/79\/2024\/10\/logos-proyecto-1-300x78.jpg\" alt=\"\" width=\"331\" height=\"86\" srcset=\"https:\/\/wp.ull.es\/pointsov\/wp-content\/uploads\/sites\/79\/2024\/10\/logos-proyecto-1-300x78.jpg 300w, https:\/\/wp.ull.es\/pointsov\/wp-content\/uploads\/sites\/79\/2024\/10\/logos-proyecto-1-768x200.jpg 768w, https:\/\/wp.ull.es\/pointsov\/wp-content\/uploads\/sites\/79\/2024\/10\/logos-proyecto-1.jpg 1024w\" sizes=\"(max-width: 331px) 100vw, 331px\" \/> <img loading=\"lazy\" decoding=\"async\" class=\"alignnone wp-image-698\" src=\"https:\/\/wp.ull.es\/pointsov\/wp-content\/uploads\/sites\/79\/2024\/10\/sefa-logo-v2-1-300x173.jpg\" alt=\"\" width=\"168\" height=\"97\" srcset=\"https:\/\/wp.ull.es\/pointsov\/wp-content\/uploads\/sites\/79\/2024\/10\/sefa-logo-v2-1-300x173.jpg 300w, https:\/\/wp.ull.es\/pointsov\/wp-content\/uploads\/sites\/79\/2024\/10\/sefa-logo-v2-1.jpg 347w\" sizes=\"(max-width: 168px) 100vw, 168px\" \/><\/p>\n<\/div>\n","protected":false},"excerpt":{"rendered":"<p>Reading Putnam by Maria Baghramian International Workshop November 12-14, 2024 Edificio Departamental de Filosof\u00eda, Campus de Guajara, Universidad de La Laguna (ULL) &nbsp; The workshop intends to trigger exchange of ideas and scholarly debate through the presentation of&nbsp; contributions related to any of the philosophical topics of our keynote spaker (Maria Baghramian). In the morning, &hellip;<\/p>\n","protected":false},"author":147,"featured_media":0,"parent":0,"menu_order":0,"comment_status":"closed","ping_status":"closed","template":"","meta":{"ngg_post_thumbnail":0,"footnotes":""},"class_list":["post-660","page","type-page","status-publish","hentry"],"_links":{"self":[{"href":"https:\/\/wp.ull.es\/pointsov\/wp-json\/wp\/v2\/pages\/660","targetHints":{"allow":["GET"]}}],"collection":[{"href":"https:\/\/wp.ull.es\/pointsov\/wp-json\/wp\/v2\/pages"}],"about":[{"href":"https:\/\/wp.ull.es\/pointsov\/wp-json\/wp\/v2\/types\/page"}],"author":[{"embeddable":true,"href":"https:\/\/wp.ull.es\/pointsov\/wp-json\/wp\/v2\/users\/147"}],"replies":[{"embeddable":true,"href":"https:\/\/wp.ull.es\/pointsov\/wp-json\/wp\/v2\/comments?post=660"}],"version-history":[{"count":1,"href":"https:\/\/wp.ull.es\/pointsov\/wp-json\/wp\/v2\/pages\/660\/revisions"}],"predecessor-version":[{"id":717,"href":"https:\/\/wp.ull.es\/pointsov\/wp-json\/wp\/v2\/pages\/660\/revisions\/717"}],"wp:attachment":[{"href":"https:\/\/wp.ull.es\/pointsov\/wp-json\/wp\/v2\/media?parent=660"}],"curies":[{"name":"wp","href":"https:\/\/api.w.org\/{rel}","templated":true}]}}