{"id":451,"date":"2024-01-29T18:44:10","date_gmt":"2024-01-29T18:44:10","guid":{"rendered":"https:\/\/wp.ull.es\/pointsov\/?page_id=451"},"modified":"2024-05-09T16:21:55","modified_gmt":"2024-05-09T16:21:55","slug":"inicio","status":"publish","type":"page","link":"https:\/\/wp.ull.es\/pointsov\/","title":{"rendered":"Inicio"},"content":{"rendered":"\t\t<div data-elementor-type=\"wp-page\" data-elementor-id=\"451\" class=\"elementor elementor-451\">\n\t\t\t\t\t\t<section class=\"elementor-section elementor-top-section elementor-element elementor-element-440267b elementor-section-boxed elementor-section-height-default elementor-section-height-default\" data-id=\"440267b\" data-element_type=\"section\" data-e-type=\"section\">\n\t\t\t\t\t\t<div class=\"elementor-container elementor-column-gap-default\">\n\t\t\t\t\t<div class=\"elementor-column elementor-col-100 elementor-top-column elementor-element elementor-element-f7f54c9\" data-id=\"f7f54c9\" data-element_type=\"column\" data-e-type=\"column\">\n\t\t\t<div class=\"elementor-widget-wrap elementor-element-populated\">\n\t\t\t\t\t\t<div class=\"elementor-element elementor-element-12b805d elementor-widget elementor-widget-image\" data-id=\"12b805d\" data-element_type=\"widget\" data-e-type=\"widget\" data-widget_type=\"image.default\">\n\t\t\t\t<div class=\"elementor-widget-container\">\n\t\t\t\t\t\t\t\t\t\t\t\t\t\t\t<img fetchpriority=\"high\" decoding=\"async\" width=\"960\" height=\"459\" src=\"https:\/\/wp.ull.es\/pointsov\/wp-content\/uploads\/sites\/79\/2024\/02\/Mesa-de-trabajo-\u2013-10-1024x490.jpg\" class=\"attachment-large size-large wp-image-508\" alt=\"\" srcset=\"https:\/\/wp.ull.es\/pointsov\/wp-content\/uploads\/sites\/79\/2024\/02\/Mesa-de-trabajo-\u2013-10-1024x490.jpg 1024w, https:\/\/wp.ull.es\/pointsov\/wp-content\/uploads\/sites\/79\/2024\/02\/Mesa-de-trabajo-\u2013-10-300x144.jpg 300w, https:\/\/wp.ull.es\/pointsov\/wp-content\/uploads\/sites\/79\/2024\/02\/Mesa-de-trabajo-\u2013-10-768x368.jpg 768w, https:\/\/wp.ull.es\/pointsov\/wp-content\/uploads\/sites\/79\/2024\/02\/Mesa-de-trabajo-\u2013-10-1536x735.jpg 1536w, https:\/\/wp.ull.es\/pointsov\/wp-content\/uploads\/sites\/79\/2024\/02\/Mesa-de-trabajo-\u2013-10.jpg 1600w\" sizes=\"(max-width: 960px) 100vw, 960px\" \/>\t\t\t\t\t\t\t\t\t\t\t\t\t\t\t<\/div>\n\t\t\t\t<\/div>\n\t\t\t\t\t<\/div>\n\t\t<\/div>\n\t\t\t\t\t<\/div>\n\t\t<\/section>\n\t\t\t\t<section class=\"elementor-section elementor-top-section elementor-element elementor-element-c2c4098 elementor-section-boxed elementor-section-height-default elementor-section-height-default\" data-id=\"c2c4098\" data-element_type=\"section\" data-e-type=\"section\">\n\t\t\t\t\t\t<div class=\"elementor-container elementor-column-gap-default\">\n\t\t\t\t\t<div class=\"elementor-column elementor-col-100 elementor-top-column elementor-element elementor-element-190a24a\" data-id=\"190a24a\" data-element_type=\"column\" data-e-type=\"column\">\n\t\t\t<div class=\"elementor-widget-wrap elementor-element-populated\">\n\t\t\t\t\t\t<div class=\"elementor-element elementor-element-edd609f elementor-widget elementor-widget-spacer\" data-id=\"edd609f\" data-element_type=\"widget\" data-e-type=\"widget\" data-widget_type=\"spacer.default\">\n\t\t\t\t<div class=\"elementor-widget-container\">\n\t\t\t\t\t\t\t<div class=\"elementor-spacer\">\n\t\t\t<div class=\"elementor-spacer-inner\"><\/div>\n\t\t<\/div>\n\t\t\t\t\t\t<\/div>\n\t\t\t\t<\/div>\n\t\t\t\t\t<\/div>\n\t\t<\/div>\n\t\t\t\t\t<\/div>\n\t\t<\/section>\n\t\t\t\t<section class=\"elementor-section elementor-top-section elementor-element elementor-element-62fde1c elementor-section-boxed elementor-section-height-default elementor-section-height-default\" data-id=\"62fde1c\" data-element_type=\"section\" data-e-type=\"section\">\n\t\t\t\t\t\t<div class=\"elementor-container elementor-column-gap-default\">\n\t\t\t\t\t<div class=\"elementor-column elementor-col-100 elementor-top-column elementor-element elementor-element-adf8c27\" data-id=\"adf8c27\" data-element_type=\"column\" data-e-type=\"column\">\n\t\t\t<div class=\"elementor-widget-wrap elementor-element-populated\">\n\t\t\t\t\t\t<div class=\"elementor-element elementor-element-ab6d5f9 elementor-widget elementor-widget-text-editor\" data-id=\"ab6d5f9\" data-element_type=\"widget\" data-e-type=\"widget\" data-widget_type=\"text-editor.default\">\n\t\t\t\t<div class=\"elementor-widget-container\">\n\t\t\t\t\t\t\t\t\t<p><span style=\"font-weight: 400\">En el PID2022-142120NB-I00 se propone elaborar una concepci\u00f3n sustantiva del perspectivismo filos\u00f3fico integrando tres tendencias actuales: 1) el uso local, y frecuentemente desconectado, de ideas perspectivistas en diversas disciplinas filos\u00f3ficas como la filosof\u00eda de la ciencia, la filosof\u00eda del lenguaje, la epistemolog\u00eda, la filosof\u00eda de la mente, etc., 2) la revitalizaci\u00f3n de la noci\u00f3n de \u00abframe\u00bb, y de otras nociones relacionadas, en las ciencias cognitivas a fin de conceptualizar nuestras relaciones con el entorno y con nosotros mismos, y 3) el abundante, pero generalmente s\u00f3lo intuitivo, uso de esa noci\u00f3n de \u00abframe\u00bb en econom\u00eda, y en disciplinas vinculadas a la administraci\u00f3n y a los negocios, para tratar problemas que requieren tomar decisiones en ausencia de reglas o estrategias predeterminadas.<\/span><\/p><p><span style=\"font-weight: 400\">Que pueden ponerse en conexi\u00f3n esos tres campos tan diferentes es una idea sumamente atractiva. Adem\u00e1s, creemos que se puede desarrollar un enfoque general desde la hip\u00f3tesis de que los an\u00e1lisis filos\u00f3ficos de la noci\u00f3n de perspectiva, y la tradici\u00f3n del perspectivismo, pueden ofrecer conceptos, distinciones y estrategias que est\u00e1n fuera del alcance de los usos meramente locales de las intuiciones perspectivistas en campos filos\u00f3ficos particulares, y tambi\u00e9n m\u00e1s all\u00e1 del alcance de los otros usos que hemos mencionado de la noci\u00f3n de \u00abframe\u00bb.<\/span><\/p><p><span style=\"font-weight: 400\">Nuestro proyecto tiene cuatro objetivos generales:<\/span><\/p><ol><li style=\"font-weight: 400\"><span style=\"font-weight: 400\">Conectar en detalle las nociones de perspectiva y de \u00abframe\u00bb tal como se encuentras tratadas actualmente en la literatura especializada, incluyendo tambi\u00e9n otros miembros de esas familias conceptuales.<\/span><\/li><li style=\"font-weight: 400\"><span style=\"font-weight: 400\">Identificar con precisi\u00f3n c\u00f3mo son usadas las intuiciones perspectivistas en diversos campos y disciplinas filos\u00f3ficas actuales, intentando nuevamente conectar esos diversos usos.<\/span><\/li><li style=\"font-weight: 400\"><span style=\"font-weight: 400\">Analizar en profundidad un conjunto importante de actitudes que formar\u00edan el perfil del perspectivismo tal como podemos encontrarlo en los principales autores de su tradici\u00f3n. Cabe destacar la dependencia perspectivista, el pluralismo, el rechazo del igualitarismo relativista, el meliorismo y la afirmaci\u00f3n de invarianzas perspectivistas. Tambi\u00e9n otras actitudes m\u00e1s espec\u00edficas como la retractaci\u00f3n respecto de la perspectiva que se adopta y la confianza en ciertas perspectivas.\u00a0<\/span><\/li><li style=\"font-weight: 400\"><span style=\"font-weight: 400\">Abordar un conjunto muy amplio de problemas concretos, mostrando la utilidad y aplicabilidad de los conceptos, distinciones y estrategias que hemos elaborado. Un aspecto importante de nuestra metodolog\u00eda es la elaboraci\u00f3n de \u00abperfiles\u00bb a la hora de identificar posiciones filos\u00f3ficas, asumiendo que esta estrategia tiene ventajas sobre otras estrategias m\u00e1s habituales.<\/span><\/li><\/ol><p><span style=\"font-weight: 400\">Continuamos aqu\u00ed una innovadora l\u00ednea de investigaci\u00f3n filos\u00f3fica sobre las nociones de punto de vista o perspectiva, y sobre el perspectivismo. El punto al que hemos llegado permite llevar a cabo la propuesta que ahora hacemos de desarrollar un perspectivismo sustantivo capaz de ser una alternativa sugerente tanto al realismo como al relativismo, y capaz de ofrecer soluciones nuevas a una gran variedad de problemas concretos persistentes.<\/span><\/p>\t\t\t\t\t\t\t\t<\/div>\n\t\t\t\t<\/div>\n\t\t\t\t\t<\/div>\n\t\t<\/div>\n\t\t\t\t\t<\/div>\n\t\t<\/section>\n\t\t\t\t<section class=\"elementor-section elementor-top-section elementor-element elementor-element-6391a32 elementor-section-boxed elementor-section-height-default elementor-section-height-default\" data-id=\"6391a32\" data-element_type=\"section\" data-e-type=\"section\">\n\t\t\t\t\t\t<div class=\"elementor-container elementor-column-gap-default\">\n\t\t\t\t\t<div class=\"elementor-column elementor-col-100 elementor-top-column elementor-element elementor-element-98c178d\" data-id=\"98c178d\" data-element_type=\"column\" data-e-type=\"column\">\n\t\t\t<div class=\"elementor-widget-wrap\">\n\t\t\t\t\t\t\t<\/div>\n\t\t<\/div>\n\t\t\t\t\t<\/div>\n\t\t<\/section>\n\t\t\t\t<section class=\"elementor-section elementor-top-section elementor-element elementor-element-5446bb9 elementor-section-boxed elementor-section-height-default elementor-section-height-default\" data-id=\"5446bb9\" data-element_type=\"section\" data-e-type=\"section\">\n\t\t\t\t\t\t<div class=\"elementor-container elementor-column-gap-default\">\n\t\t\t\t\t<div class=\"elementor-column elementor-col-16 elementor-top-column elementor-element elementor-element-fa06dbb\" data-id=\"fa06dbb\" data-element_type=\"column\" data-e-type=\"column\">\n\t\t\t<div class=\"elementor-widget-wrap\">\n\t\t\t\t\t\t\t<\/div>\n\t\t<\/div>\n\t\t\t\t<div class=\"elementor-column elementor-col-66 elementor-top-column elementor-element elementor-element-1aef598\" data-id=\"1aef598\" data-element_type=\"column\" data-e-type=\"column\">\n\t\t\t<div class=\"elementor-widget-wrap elementor-element-populated\">\n\t\t\t\t\t\t<div class=\"elementor-element elementor-element-7072529 elementor-widget elementor-widget-image\" data-id=\"7072529\" data-element_type=\"widget\" data-e-type=\"widget\" data-widget_type=\"image.default\">\n\t\t\t\t<div class=\"elementor-widget-container\">\n\t\t\t\t\t\t\t\t\t\t\t\t\t\t\t<img decoding=\"async\" width=\"960\" height=\"188\" src=\"https:\/\/wp.ull.es\/pointsov\/wp-content\/uploads\/sites\/79\/2024\/05\/MICIUFEDERAEI-2-1-1024x201-1.jpg\" class=\"attachment-large size-large wp-image-549\" alt=\"\" srcset=\"https:\/\/wp.ull.es\/pointsov\/wp-content\/uploads\/sites\/79\/2024\/05\/MICIUFEDERAEI-2-1-1024x201-1.jpg 1024w, https:\/\/wp.ull.es\/pointsov\/wp-content\/uploads\/sites\/79\/2024\/05\/MICIUFEDERAEI-2-1-1024x201-1-300x59.jpg 300w, https:\/\/wp.ull.es\/pointsov\/wp-content\/uploads\/sites\/79\/2024\/05\/MICIUFEDERAEI-2-1-1024x201-1-768x151.jpg 768w\" sizes=\"(max-width: 960px) 100vw, 960px\" \/>\t\t\t\t\t\t\t\t\t\t\t\t\t\t\t<\/div>\n\t\t\t\t<\/div>\n\t\t\t\t\t<\/div>\n\t\t<\/div>\n\t\t\t\t<div class=\"elementor-column elementor-col-16 elementor-top-column elementor-element elementor-element-7831d73\" data-id=\"7831d73\" data-element_type=\"column\" data-e-type=\"column\">\n\t\t\t<div class=\"elementor-widget-wrap\">\n\t\t\t\t\t\t\t<\/div>\n\t\t<\/div>\n\t\t\t\t\t<\/div>\n\t\t<\/section>\n\t\t\t\t<section class=\"elementor-section elementor-top-section elementor-element elementor-element-f1782a1 elementor-section-boxed elementor-section-height-default elementor-section-height-default\" data-id=\"f1782a1\" data-element_type=\"section\" data-e-type=\"section\">\n\t\t\t\t\t\t<div class=\"elementor-container elementor-column-gap-default\">\n\t\t\t\t\t<div class=\"elementor-column elementor-col-100 elementor-top-column elementor-element elementor-element-226085d\" data-id=\"226085d\" data-element_type=\"column\" data-e-type=\"column\">\n\t\t\t<div class=\"elementor-widget-wrap\">\n\t\t\t\t\t\t\t<\/div>\n\t\t<\/div>\n\t\t\t\t\t<\/div>\n\t\t<\/section>\n\t\t\t\t<section class=\"elementor-section elementor-top-section elementor-element elementor-element-4c8e5ce elementor-section-boxed elementor-section-height-default elementor-section-height-default\" data-id=\"4c8e5ce\" data-element_type=\"section\" data-e-type=\"section\">\n\t\t\t\t\t\t<div class=\"elementor-container elementor-column-gap-default\">\n\t\t\t\t\t<div class=\"elementor-column elementor-col-100 elementor-top-column elementor-element elementor-element-97099f5\" data-id=\"97099f5\" data-element_type=\"column\" data-e-type=\"column\">\n\t\t\t<div class=\"elementor-widget-wrap elementor-element-populated\">\n\t\t\t\t\t\t<div class=\"elementor-element elementor-element-e5d183d elementor-widget elementor-widget-spacer\" data-id=\"e5d183d\" data-element_type=\"widget\" data-e-type=\"widget\" data-widget_type=\"spacer.default\">\n\t\t\t\t<div class=\"elementor-widget-container\">\n\t\t\t\t\t\t\t<div class=\"elementor-spacer\">\n\t\t\t<div class=\"elementor-spacer-inner\"><\/div>\n\t\t<\/div>\n\t\t\t\t\t\t<\/div>\n\t\t\t\t<\/div>\n\t\t\t\t\t<\/div>\n\t\t<\/div>\n\t\t\t\t\t<\/div>\n\t\t<\/section>\n\t\t\t\t<\/div>\n\t\t","protected":false},"excerpt":{"rendered":"<p>\/*! elementor &#8211; v3.21.0 &#8211; 08-05-2024 *\/ .elementor-widget-image{text-align:center}.elementor-widget-image a{display:inline-block}.elementor-widget-image a img[src$=\u00bb.svg\u00bb]{width:48px}.elementor-widget-image img{vertical-align:middle;display:inline-block} \/*! elementor &#8211; v3.21.0 &#8211; 08-05-2024 *\/ .elementor-column .elementor-spacer-inner{height:var(&#8211;spacer-size)}.e-con{&#8211;container-widget-width:100%}.e-con-inner&gt;.elementor-widget-spacer,.e-con&gt;.elementor-widget-spacer{width:var(&#8211;container-widget-width,var(&#8211;spacer-size));&#8211;align-self:var(&#8211;container-widget-align-self,initial);&#8211;flex-shrink:0}.e-con-inner&gt;.elementor-widget-spacer&gt;.elementor-widget-container,.e-con&gt;.elementor-widget-spacer&gt;.elementor-widget-container{height:100%;width:100%}.e-con-inner&gt;.elementor-widget-spacer&gt;.elementor-widget-container&gt;.elementor-spacer,.e-con&gt;.elementor-widget-spacer&gt;.elementor-widget-container&gt;.elementor-spacer{height:100%}.e-con-inner&gt;.elementor-widget-spacer&gt;.elementor-widget-container&gt;.elementor-spacer&gt;.elementor-spacer-inner,.e-con&gt;.elementor-widget-spacer&gt;.elementor-widget-container&gt;.elementor-spacer&gt;.elementor-spacer-inner{height:var(&#8211;container-widget-height,var(&#8211;spacer-size))}.e-con-inner&gt;.elementor-widget-spacer.elementor-widget-empty,.e-con&gt;.elementor-widget-spacer.elementor-widget-empty{position:relative;min-height:22px;min-width:22px}.e-con-inner&gt;.elementor-widget-spacer.elementor-widget-empty .elementor-widget-empty-icon,.e-con&gt;.elementor-widget-spacer.elementor-widget-empty .elementor-widget-empty-icon{position:absolute;top:0;bottom:0;left:0;right:0;margin:auto;padding:0;width:22px;height:22px} En el PID2022-142120NB-I00 se propone elaborar una concepci\u00f3n sustantiva del perspectivismo filos\u00f3fico integrando tres tendencias actuales: 1) el uso local, y frecuentemente desconectado, de ideas perspectivistas en diversas disciplinas filos\u00f3ficas como la &hellip;<\/p>\n","protected":false},"author":147,"featured_media":0,"parent":0,"menu_order":0,"comment_status":"closed","ping_status":"closed","template":"","meta":{"ngg_post_thumbnail":0,"footnotes":""},"class_list":["post-451","page","type-page","status-publish","hentry"],"_links":{"self":[{"href":"https:\/\/wp.ull.es\/pointsov\/wp-json\/wp\/v2\/pages\/451","targetHints":{"allow":["GET"]}}],"collection":[{"href":"https:\/\/wp.ull.es\/pointsov\/wp-json\/wp\/v2\/pages"}],"about":[{"href":"https:\/\/wp.ull.es\/pointsov\/wp-json\/wp\/v2\/types\/page"}],"author":[{"embeddable":true,"href":"https:\/\/wp.ull.es\/pointsov\/wp-json\/wp\/v2\/users\/147"}],"replies":[{"embeddable":true,"href":"https:\/\/wp.ull.es\/pointsov\/wp-json\/wp\/v2\/comments?post=451"}],"version-history":[{"count":2,"href":"https:\/\/wp.ull.es\/pointsov\/wp-json\/wp\/v2\/pages\/451\/revisions"}],"predecessor-version":[{"id":637,"href":"https:\/\/wp.ull.es\/pointsov\/wp-json\/wp\/v2\/pages\/451\/revisions\/637"}],"wp:attachment":[{"href":"https:\/\/wp.ull.es\/pointsov\/wp-json\/wp\/v2\/media?parent=451"}],"curies":[{"name":"wp","href":"https:\/\/api.w.org\/{rel}","templated":true}]}}