{"id":116,"date":"2019-01-22T18:33:43","date_gmt":"2019-01-22T18:33:43","guid":{"rendered":"https:\/\/wp.ull.es\/peppasull\/?page_id=116"},"modified":"2019-02-24T17:50:39","modified_gmt":"2019-02-24T17:50:39","slug":"contact-information","status":"publish","type":"page","link":"https:\/\/wp.ull.es\/peppasull\/contact-information\/","title":{"rendered":"Contact Information"},"content":{"rendered":"\n<h2 class=\"wp-block-heading\"><strong>Contact and Registration Information<\/strong><\/h2>\n\n\n\n<p><strong>This event is free. However, for organizational reasons, it is necessary to register. To do that, please send an email to eperezhe@ull.edu.es.<\/strong><\/p>\n\n\n\n<p>Dpto. Ingenier\u00eda Qu\u00edmica y Tecnolog\u00eda Farmac\u00e9utica. \u00c1rea de Farmacia y Tecnolog\u00eda Farmac\u00e9utica<br \/><br \/> Facultad de Farmacia. Campus de Anchieta. <br \/>Avenida Astrof\u00edsico Francisco S\u00e1nchez, s\/n.<br \/> 38206, La Laguna. S\/C de Tenerife, Spain<br \/><br \/> T. +34 922 31 65 02, ext. 6971<\/p>\n\n\n\n<p>email: eperezhe@ull.edu.es<\/p>\n\n\n\n<figure class=\"wp-block-image is-resized\"><img decoding=\"async\" src=\"https:\/\/wp.ull.es\/peppasull\/wp-content\/uploads\/sites\/64\/2019\/01\/ingenieria-quimica-tecnologia-farmaceutica-original.png\" alt=\"\" class=\"wp-image-214\" width=\"385\" height=\"167\" srcset=\"https:\/\/wp.ull.es\/peppasull\/wp-content\/uploads\/sites\/64\/2019\/01\/ingenieria-quimica-tecnologia-farmaceutica-original.png 874w, https:\/\/wp.ull.es\/peppasull\/wp-content\/uploads\/sites\/64\/2019\/01\/ingenieria-quimica-tecnologia-farmaceutica-original-300x130.png 300w, https:\/\/wp.ull.es\/peppasull\/wp-content\/uploads\/sites\/64\/2019\/01\/ingenieria-quimica-tecnologia-farmaceutica-original-768x334.png 768w\" sizes=\"(max-width: 385px) 100vw, 385px\" \/><\/figure>\n","protected":false},"excerpt":{"rendered":"<p>Contact and Registration Information This event is free. However, for organizational reasons, it is necessary to register. To do that, please send an email to eperezhe@ull.edu.es. Dpto. Ingenier\u00eda Qu\u00edmica y Tecnolog\u00eda Farmac\u00e9utica. \u00c1rea de Farmacia y Tecnolog\u00eda Farmac\u00e9utica Facultad de Farmacia. Campus de Anchieta. Avenida Astrof\u00edsico Francisco S\u00e1nchez, s\/n. 38206, La Laguna. S\/C de Tenerife, &hellip;<\/p>\n","protected":false},"author":74,"featured_media":0,"parent":0,"menu_order":0,"comment_status":"closed","ping_status":"closed","template":"","meta":{"ngg_post_thumbnail":0,"footnotes":""},"class_list":["post-116","page","type-page","status-publish","hentry"],"_links":{"self":[{"href":"https:\/\/wp.ull.es\/peppasull\/wp-json\/wp\/v2\/pages\/116","targetHints":{"allow":["GET"]}}],"collection":[{"href":"https:\/\/wp.ull.es\/peppasull\/wp-json\/wp\/v2\/pages"}],"about":[{"href":"https:\/\/wp.ull.es\/peppasull\/wp-json\/wp\/v2\/types\/page"}],"author":[{"embeddable":true,"href":"https:\/\/wp.ull.es\/peppasull\/wp-json\/wp\/v2\/users\/74"}],"replies":[{"embeddable":true,"href":"https:\/\/wp.ull.es\/peppasull\/wp-json\/wp\/v2\/comments?post=116"}],"version-history":[{"count":2,"href":"https:\/\/wp.ull.es\/peppasull\/wp-json\/wp\/v2\/pages\/116\/revisions"}],"predecessor-version":[{"id":403,"href":"https:\/\/wp.ull.es\/peppasull\/wp-json\/wp\/v2\/pages\/116\/revisions\/403"}],"wp:attachment":[{"href":"https:\/\/wp.ull.es\/peppasull\/wp-json\/wp\/v2\/media?parent=116"}],"curies":[{"name":"wp","href":"https:\/\/api.w.org\/{rel}","templated":true}]}}