{"id":111,"date":"2019-01-22T18:44:12","date_gmt":"2019-01-22T18:44:12","guid":{"rendered":"https:\/\/wp.ull.es\/peppasull\/?page_id=111"},"modified":"2019-05-13T18:27:45","modified_gmt":"2019-05-13T18:27:45","slug":"invited-speakers","status":"publish","type":"page","link":"https:\/\/wp.ull.es\/peppasull\/invited-speakers\/","title":{"rendered":"Invited Speakers"},"content":{"rendered":"\n<h2 class=\"wp-block-heading\">Confirmed Invited Speakers.<\/h2>\n\n\n\n<p><strong>Dr. Matias A. Llabr\u00e9s Martines.<\/strong> Professor of the Pharmacy and Pharmaceutical Technology Area from the <em>Chemical Engineering and Pharmaceutical Technology Department<\/em> of the <strong><em>Universidad de La Laguna<\/em>.<\/strong><\/p>\n\n\n\n<p>&nbsp;&nbsp;&nbsp;&nbsp;&nbsp;&nbsp;&nbsp;&nbsp;&nbsp;&nbsp;&nbsp;&nbsp;&nbsp;&nbsp;&nbsp;&nbsp;&nbsp;&nbsp; <\/p>\n\n\n\n<p><strong>Dra. E<\/strong><strong>mma Borges Chinea<\/strong>. Professor of the Chemical Engineering Area\ufeff from the <em>Chemical Engineering and Pharmaceutical Technology Department<\/em> of the <strong><em>Universidad de La Laguna<\/em>.<\/strong><\/p>\n\n\n\n<p>Dra. Emma Borges received her PhD of Chemistry and actually is Professor in the Chemical Engineering Department at the University of La Laguna in Tenerife, Canary Islands, Spain. She focuses on Chemical Engineering research about catalysis and catalytic applications for biofuels production and photocatalytic materials applied in wastewater polllutants decomposition and hydrogen production using sunlight. Actually she is involved in several proyects related to 3D printing applications in sustainable environmental processes for biofuels production and air\/water decontamination.<\/p>\n\n\n\n<p>&nbsp;&nbsp;&nbsp;&nbsp;&nbsp;&nbsp;&nbsp;&nbsp;&nbsp;&nbsp;&nbsp;&nbsp;&nbsp;&nbsp;&nbsp;&nbsp;&nbsp;&nbsp;&nbsp;&nbsp;&nbsp;&nbsp;&nbsp; <\/p>\n\n\n\n<p><strong>Dr. Tom\u00e1s Mart\u00edn Ruiz<\/strong>. Head Scientist. Coordinator of the research group \u00abMolecular recognition and supramolecular chemistry\u00bb. <strong>CSIC. Instituto de Productos Naturales y Agrobiolog\u00eda<\/strong>.<\/p>\n\n\n\n<p><strong>Tom\u00e1s Mart\u00edn <\/strong>received his B.Sc. in Chemistry at the University of La Laguna, Tenerife, Spain in 1991 and obtained his Ph.D. degree in 1996, at the same University, working on the enantioselective synthesis of \u03b3-lactones, under the guidance of Dra. C. M. Rodr\u00edguez and Professor V\u00edctor S. Mart\u00edn. He spent two years (1997-1998) at the Scripps Research Institute as a postdoctoral fellow, with Professor Julius Rebek working in supramolecular chemistry. In 1999, he came back to Canary Islands, with a reincorporation contract of the Spanish MEC, joining the Victor S. Mart\u00edn group. In 2002, he won a contract of the \u201cRam\u00f3n y Cajal\u201d programme. In 2005 he was promoted Tenured Scientist, and in 2018 Research Scientist at the Instituto de Productos Naturales y Agrobiolog\u00eda-CSIC, Tenerife, Spain. His research interests include supramolecular chemistry, methodology and total synthesis of bioactive natural products.<\/p>\n\n\n\n<p>&nbsp;&nbsp;&nbsp;&nbsp;&nbsp;&nbsp;&nbsp;&nbsp;&nbsp;&nbsp;&nbsp;&nbsp;&nbsp;&nbsp;&nbsp;&nbsp;&nbsp;&nbsp;&nbsp;&nbsp;&nbsp;&nbsp;&nbsp;&nbsp;&nbsp;&nbsp;&nbsp; <\/p>\n\n\n\n<p><strong>Dr. Gorka Orive Arroyo\ufeff<\/strong>. Associate Professor of the <em> Pharmacy and Food Science&#8217;s Department<\/em> of the <strong><em>Universidad del Pa\u00eds Vasco (UPV\/EHU)<\/em>.&nbsp; <\/strong>Networking Biomedical Research Center on Bioengineering, Biomaterials and Nanomedicine, CIBER-BBN.&nbsp;University Institute for Regenerative Medicine and Oral Implantology &#8211; UIRMI (UPV\/EHU &#8211; Fundaci\u00f3n Eduardo Anitua)<\/p>\n\n\n\n<p><\/p>\n","protected":false},"excerpt":{"rendered":"<p>Confirmed Invited Speakers. Dr. Matias A. Llabr\u00e9s Martines. Professor of the Pharmacy and Pharmaceutical Technology Area from the Chemical Engineering and Pharmaceutical Technology Department of the Universidad de La Laguna. &nbsp;&nbsp;&nbsp;&nbsp;&nbsp;&nbsp;&nbsp;&nbsp;&nbsp;&nbsp;&nbsp;&nbsp;&nbsp;&nbsp;&nbsp;&nbsp;&nbsp;&nbsp; Dra. Emma Borges Chinea. Professor of the Chemical Engineering Area\ufeff from the Chemical Engineering and Pharmaceutical Technology Department of the Universidad de La Laguna. &hellip;<\/p>\n","protected":false},"author":74,"featured_media":0,"parent":0,"menu_order":0,"comment_status":"closed","ping_status":"closed","template":"","meta":{"ngg_post_thumbnail":0,"footnotes":""},"class_list":["post-111","page","type-page","status-publish","hentry"],"_links":{"self":[{"href":"https:\/\/wp.ull.es\/peppasull\/wp-json\/wp\/v2\/pages\/111","targetHints":{"allow":["GET"]}}],"collection":[{"href":"https:\/\/wp.ull.es\/peppasull\/wp-json\/wp\/v2\/pages"}],"about":[{"href":"https:\/\/wp.ull.es\/peppasull\/wp-json\/wp\/v2\/types\/page"}],"author":[{"embeddable":true,"href":"https:\/\/wp.ull.es\/peppasull\/wp-json\/wp\/v2\/users\/74"}],"replies":[{"embeddable":true,"href":"https:\/\/wp.ull.es\/peppasull\/wp-json\/wp\/v2\/comments?post=111"}],"version-history":[{"count":2,"href":"https:\/\/wp.ull.es\/peppasull\/wp-json\/wp\/v2\/pages\/111\/revisions"}],"predecessor-version":[{"id":426,"href":"https:\/\/wp.ull.es\/peppasull\/wp-json\/wp\/v2\/pages\/111\/revisions\/426"}],"wp:attachment":[{"href":"https:\/\/wp.ull.es\/peppasull\/wp-json\/wp\/v2\/media?parent=111"}],"curies":[{"name":"wp","href":"https:\/\/api.w.org\/{rel}","templated":true}]}}