{"id":104,"date":"2019-01-22T19:14:39","date_gmt":"2019-01-22T19:14:39","guid":{"rendered":"https:\/\/wp.ull.es\/peppasull\/?page_id=104"},"modified":"2019-05-13T18:17:03","modified_gmt":"2019-05-13T18:17:03","slug":"organizing-committe","status":"publish","type":"page","link":"https:\/\/wp.ull.es\/peppasull\/organizing-committe\/","title":{"rendered":"Committe"},"content":{"rendered":"\n<h2 class=\"wp-block-heading\">Committe<\/h2>\n\n\n\n<p>  \u2014\u2014\u2014\u2014\u2014\u2014\u2014\u2014\u2014\u2014\u2014\u2014\u2014\u2014\u2014\u2013  <\/p>\n\n\n\n<p><strong>Symposium Chair:<\/strong><\/p>\n\n\n\n<p><strong>Dr. Edgar P\u00e9rez Herrero<\/strong>. Assistant Professor of the Pharmacy and Pharmaceutical Technology Area from the <em>Chemical Engineering and Pharmaceutical Technology Department<\/em> of the <strong><em>Universidad de La Laguna<\/em>.<\/strong><\/p>\n\n\n\n<p> \u2014\u2014\u2014\u2014\u2014\u2014\u2014\u2014\u2014\u2014\u2014\u2014\u2014\u2014\u2014\u2013 <\/p>\n\n\n\n<p><strong>Symposium Co-Chair:<\/strong><\/p>\n\n\n\n<p><strong>Dra. Araceli Delgado Hern\u00e1ndez.<\/strong> Associate Professor of the Pharmacy and Pharmaceutical Technology Area from the <em>Chemical Engineering and Pharmaceutical Technology Department<\/em> of the <strong><em>Universidad de La Laguna<\/em>.<\/strong><\/p>\n\n\n\n<p>  \u2014\u2014\u2014\u2014\u2014\u2014\u2014\u2014\u2014\u2014\u2014\u2014\u2014\u2014\u2014\u2013  <\/p>\n\n\n\n<p style=\"text-align:left\"><strong>Organizing Committe:<\/strong><\/p>\n\n\n\n<p><strong>Dra. Carmen \u00c9vora Garc\u00eda<\/strong>. Full Professor of the Pharmacy and Pharmaceutical Technology Area from the Chemical Engineering and Pharmaceutical Technology Department of the <strong><em>Universidad de La Laguna<\/em><\/strong>.<\/p>\n\n\n\n<p><strong>Dr. Mat\u00edas Llabr\u00e9s Mart\u00ednez<\/strong>. Full Professor of the Pharmacy and  Pharmaceutical Technology Area from the Chemical Engineering and  Pharmaceutical Technology Department of the <strong><em>Universidad de La Laguna<\/em><\/strong>. <br><\/p>\n","protected":false},"excerpt":{"rendered":"<p>Committe \u2014\u2014\u2014\u2014\u2014\u2014\u2014\u2014\u2014\u2014\u2014\u2014\u2014\u2014\u2014\u2013 Symposium Chair: Dr. Edgar P\u00e9rez Herrero. Assistant Professor of the Pharmacy and Pharmaceutical Technology Area from the Chemical Engineering and Pharmaceutical Technology Department of the Universidad de La Laguna. \u2014\u2014\u2014\u2014\u2014\u2014\u2014\u2014\u2014\u2014\u2014\u2014\u2014\u2014\u2014\u2013 Symposium Co-Chair: Dra. Araceli Delgado Hern\u00e1ndez. Associate Professor of the Pharmacy and Pharmaceutical Technology Area from the Chemical Engineering and Pharmaceutical Technology Department &hellip;<\/p>\n","protected":false},"author":74,"featured_media":0,"parent":0,"menu_order":0,"comment_status":"closed","ping_status":"closed","template":"","meta":{"ngg_post_thumbnail":0,"footnotes":""},"class_list":["post-104","page","type-page","status-publish","hentry"],"_links":{"self":[{"href":"https:\/\/wp.ull.es\/peppasull\/wp-json\/wp\/v2\/pages\/104","targetHints":{"allow":["GET"]}}],"collection":[{"href":"https:\/\/wp.ull.es\/peppasull\/wp-json\/wp\/v2\/pages"}],"about":[{"href":"https:\/\/wp.ull.es\/peppasull\/wp-json\/wp\/v2\/types\/page"}],"author":[{"embeddable":true,"href":"https:\/\/wp.ull.es\/peppasull\/wp-json\/wp\/v2\/users\/74"}],"replies":[{"embeddable":true,"href":"https:\/\/wp.ull.es\/peppasull\/wp-json\/wp\/v2\/comments?post=104"}],"version-history":[{"count":2,"href":"https:\/\/wp.ull.es\/peppasull\/wp-json\/wp\/v2\/pages\/104\/revisions"}],"predecessor-version":[{"id":422,"href":"https:\/\/wp.ull.es\/peppasull\/wp-json\/wp\/v2\/pages\/104\/revisions\/422"}],"wp:attachment":[{"href":"https:\/\/wp.ull.es\/peppasull\/wp-json\/wp\/v2\/media?parent=104"}],"curies":[{"name":"wp","href":"https:\/\/api.w.org\/{rel}","templated":true}]}}