{"id":82,"date":"2021-10-12T10:47:09","date_gmt":"2021-10-12T10:47:09","guid":{"rendered":"https:\/\/wp.ull.es\/omacc\/?page_id=82"},"modified":"2026-02-04T16:09:26","modified_gmt":"2026-02-04T16:09:26","slug":"home","status":"publish","type":"page","link":"https:\/\/wp.ull.es\/omacc\/","title":{"rendered":"Home"},"content":{"rendered":"[et_pb_section fb_built=\u00bb1&#8243; _builder_version=\u00bb4.9.7&#8243; _module_preset=\u00bbdefault\u00bb custom_padding=\u00bb0px||0px|||\u00bb][et_pb_row column_structure=\u00bb1_2,1_2&#8243; use_custom_gutter=\u00bbon\u00bb make_equal=\u00bbon\u00bb _builder_version=\u00bb4.9.7&#8243; _module_preset=\u00bbdefault\u00bb background_color=\u00bb#0D8097&#8243; use_background_color_gradient=\u00bbon\u00bb background_color_gradient_start=\u00bb#1c346b\u00bb background_color_gradient_end=\u00bb#0d8097&#8243; background_color_gradient_direction=\u00bb168deg\u00bb width=\u00bb100%\u00bb max_width=\u00bb100%\u00bb custom_padding=\u00bb0px||0px|||\u00bb][et_pb_column type=\u00bb1_2&#8243; _builder_version=\u00bb4.9.7&#8243; _module_preset=\u00bbdefault\u00bb background_image=\u00bbhttps:\/\/wp.ull.es\/omacc\/wp-content\/uploads\/sites\/110\/2022\/05\/faro-fuencaliente-lapalma-omacc.jpg\u00bb animation_style=\u00bbslide\u00bb animation_direction=\u00bbleft\u00bb][et_pb_text _builder_version=\u00bb4.9.7&#8243; _module_preset=\u00bbdefault\u00bb custom_padding=\u00bb293px||293px||true|false\u00bb animation_style=\u00bbfade\u00bb border_color_bottom=\u00bb#1C346B\u00bb][\/et_pb_text][\/et_pb_column][et_pb_column type=\u00bb1_2&#8243; _builder_version=\u00bb4.9.7&#8243; _module_preset=\u00bbdefault\u00bb background_image=\u00bbhttps:\/\/wp.ull.es\/omacc\/wp-content\/uploads\/sites\/110\/2022\/04\/Icono-fondo2.png\u00bb custom_padding=\u00bb120px|150px|120px||true|false\u00bb custom_padding_tablet=\u00bb40px|90px|90px|90px|false|false\u00bb custom_padding_phone=\u00bb|40px||40px|true|true\u00bb custom_padding_last_edited=\u00bbon|phone\u00bb][et_pb_text _builder_version=\u00bb4.9.7&#8243; _module_preset=\u00bbdefault\u00bb text_line_height=\u00bb1.5em\u00bb header_font=\u00bb|800||on|||||\u00bb header_font_size=\u00bb50px\u00bb header_line_height=\u00bb1.3em\u00bb background_layout=\u00bbdark\u00bb animation_style=\u00bbfade\u00bb text_font_size_tablet=\u00bb\u00bb text_font_size_phone=\u00bb14px\u00bb text_font_size_last_edited=\u00bbon|phone\u00bb text_orientation_tablet=\u00bbleft\u00bb text_orientation_phone=\u00bbleft\u00bb text_orientation_last_edited=\u00bbon|phone\u00bb]\n<h1>OMACC<\/h1>\n<p><strong>El Observatorio Marino de Cambio Clim\u00e1tico &#8211; Punta de Fuencaliente, OMACC<\/strong><span style=\"font-weight: 400\"> sirve tanto de centro de interpretaci\u00f3n de los afloramientos de CO2, como de centro educativo y laboratorio marino para aquellos grupos de investigaci\u00f3n nacionales e internacionales interesados en trabajar en el ecosistema marino de La Palma.&nbsp;<\/span><\/p>\n<p><span style=\"font-weight: 400\">Es un enclave excepcional para realizar investigaci\u00f3n marina y especialmente estudios para entender los efectos de la Acidificaci\u00f3n Oce\u00e1nica en los organismos y en el funcionamiento de los ecosistemas marinos. Estos estudios pueden contribuir a un mejor entendimiento de c\u00f3mo ha persistido la vida a lo largo de \u00e9pocas pasadas, con una mayor concentraci\u00f3n de CO2 atmosf\u00e9rico, o para predecir las consecuencias del uso actual de combustibles f\u00f3siles en los ecosistemas marinos de los oc\u00e9anos del futuro.<\/span><\/p>\n[\/et_pb_text][\/et_pb_column][\/et_pb_row][\/et_pb_section][et_pb_section fb_built=\u00bb1&#8243; _builder_version=\u00bb4.9.7&#8243; _module_preset=\u00bbdefault\u00bb][et_pb_row _builder_version=\u00bb4.9.7&#8243; _module_preset=\u00bbdefault\u00bb][et_pb_column type=\u00bb4_4&#8243; _builder_version=\u00bb4.9.7&#8243; _module_preset=\u00bbdefault\u00bb][et_pb_text _builder_version=\u00bb4.9.7&#8243; _module_preset=\u00bbdefault\u00bb text_text_color=\u00bb#0C997F\u00bb text_line_height=\u00bb1.5em\u00bb header_font=\u00bb|800||on|||||\u00bb header_text_color=\u00bb#000000&#8243; header_font_size=\u00bb50px\u00bb header_line_height=\u00bb1.3em\u00bb header_2_font=\u00bb|800||on|||||\u00bb header_2_text_color=\u00bb#000000&#8243; header_2_font_size=\u00bb35px\u00bb animation_style=\u00bbfade\u00bb text_font_size_tablet=\u00bb\u00bb text_font_size_phone=\u00bb14px\u00bb text_font_size_last_edited=\u00bbon|phone\u00bb header_2_font_size_tablet=\u00bb\u00bb header_2_font_size_phone=\u00bb30px\u00bb header_2_font_size_last_edited=\u00bbon|phone\u00bb text_orientation_tablet=\u00bbleft\u00bb text_orientation_phone=\u00bbleft\u00bb text_orientation_last_edited=\u00bbon|phone\u00bb]\n<h2>Actividades<\/h2>\n<p><b>Pr\u00f3ximos eventos \/ cursos \/ workshops<\/b><\/p>\n[\/et_pb_text][et_pb_text module_class=\u00bbeventoclaro\u00bb _builder_version=\u00bb4.9.7&#8243; _module_preset=\u00bbdefault\u00bb text_font=\u00bb||||||||\u00bb text_font_size=\u00bb13px\u00bb text_line_height=\u00bb1.4em\u00bb header_text_color=\u00bb#FFFFFF\u00bb background_layout=\u00bbdark\u00bb custom_margin=\u00bb1px|||||\u00bb]\n<div class=\"mec-wrap mec-skin-list-container  \" id=\"mec_skin_660\">\r\n    \r\n    \r\n        <div class=\"mec-skin-list-events-container\" id=\"mec_skin_events_660\">\r\n        \u00a1No hay eventos!    <\/div>\r\n        \r\n        \r\n<\/div>\n[\/et_pb_text][\/et_pb_column][\/et_pb_row][\/et_pb_section][et_pb_section fb_built=\u00bb1&#8243; _builder_version=\u00bb4.9.7&#8243; _module_preset=\u00bbdefault\u00bb background_color=\u00bb#1C346B\u00bb custom_padding=\u00bb85px||43px||false|false\u00bb][et_pb_row _builder_version=\u00bb4.9.7&#8243; _module_preset=\u00bbdefault\u00bb custom_padding=\u00bb0px||0px||true|\u00bb][et_pb_column type=\u00bb4_4&#8243; _builder_version=\u00bb4.9.7&#8243; _module_preset=\u00bbdefault\u00bb][et_pb_text _builder_version=\u00bb4.9.7&#8243; _module_preset=\u00bbdefault\u00bb header_2_font=\u00bbRaleway|800||on|||||\u00bb header_2_text_align=\u00bbcenter\u00bb background_layout=\u00bbdark\u00bb custom_margin=\u00bb||18px|||\u00bb]\n<h2>L\u00edneas de investigaci\u00f3n<\/h2>\n[\/et_pb_text][et_pb_divider color=\u00bb#0D8097&#8243; divider_weight=\u00bb2px\u00bb _builder_version=\u00bb4.9.7&#8243; _module_preset=\u00bbdefault\u00bb width=\u00bb14%\u00bb module_alignment=\u00bbcenter\u00bb][\/et_pb_divider][\/et_pb_column][\/et_pb_row][\/et_pb_section][et_pb_section fb_built=\u00bb1&#8243; _builder_version=\u00bb4.9.7&#8243; _module_preset=\u00bbdefault\u00bb background_color=\u00bb#1C346B\u00bb custom_padding=\u00bb0px||0px|||\u00bb box_shadow_style=\u00bbpreset3&#8243;][et_pb_row column_structure=\u00bb1_4,1_4,1_4,1_4&#8243; use_custom_gutter=\u00bbon\u00bb gutter_width=\u00bb1&#8243; make_equal=\u00bbon\u00bb _builder_version=\u00bb4.9.7&#8243; _module_preset=\u00bbdefault\u00bb width=\u00bb100%\u00bb max_width=\u00bb100%\u00bb custom_padding=\u00bb0px||0px|||\u00bb animation_style=\u00bbslide\u00bb animation_direction=\u00bbright\u00bb][et_pb_column type=\u00bb1_4&#8243; _builder_version=\u00bb4.9.7&#8243; _module_preset=\u00bbdefault\u00bb hover_enabled=\u00bb0&#8243; sticky_enabled=\u00bb0&#8243;][et_pb_cta title=\u00bbVulcanismo reciente\u00bb button_url=\u00bbhttps:\/\/wp.ull.es\/omacc\/lineas-de-investigacion\/#vulcanismo\u00bb button_text=\u00bbVer\u00bb _builder_version=\u00bb4.9.7&#8243; _module_preset=\u00bbdefault\u00bb header_font=\u00bbRaleway|800||on|||||\u00bb header_font_size=\u00bb21px\u00bb body_font=\u00bbRaleway|600|||||||\u00bb body_line_height=\u00bb1.4em\u00bb background_enable_color=\u00bboff\u00bb use_background_color_gradient=\u00bbon\u00bb background_color_gradient_start=\u00bbrgba(0,0,0,0.3)\u00bb background_color_gradient_end=\u00bbrgba(0,0,0,0.35)\u00bb background_image=\u00bbhttps:\/\/wp.ull.es\/omacc\/wp-content\/uploads\/sites\/110\/2022\/04\/erupcio\u0301n-volca\u0301n.jpeg\u00bb background_blend=\u00bbmultiply\u00bb custom_button=\u00bbon\u00bb button_text_size=\u00bb15px\u00bb button_bg_color=\u00bbRGBA(0,0,0,0)\u00bb button_border_width=\u00bb0px\u00bb button_border_radius=\u00bb0px\u00bb button_letter_spacing=\u00bb1px\u00bb button_font=\u00bb|600||on|||||\u00bb button_icon_color=\u00bb#FFFFFF\u00bb button_alignment=\u00bbcenter\u00bb custom_margin=\u00bb||||false|false\u00bb custom_padding=\u00bb100px||100px||true|false\u00bb custom_padding_tablet=\u00bb60px||60px||true|false\u00bb custom_padding_phone=\u00bb\u00bb custom_padding_last_edited=\u00bbon|phone\u00bb link_option_url=\u00bbhttps:\/\/wp.ull.es\/omacc\/lineas-de-investigacion\/#vulcanismo\u00bb hover_enabled=\u00bb0&#8243; header_font_size_tablet=\u00bb20px\u00bb header_font_size_phone=\u00bb19px\u00bb header_font_size_last_edited=\u00bbon|phone\u00bb header_text_shadow_style=\u00bbpreset1&#8243; body_text_shadow_style=\u00bbpreset1&#8243; body_text_shadow_color=\u00bbrgba(0,0,0,0.39)\u00bb box_shadow_style_button=\u00bbpreset5&#8243; box_shadow_horizontal_button=\u00bb1px\u00bb box_shadow_vertical_button=\u00bb15px\u00bb box_shadow_spread_button=\u00bb-12px\u00bb box_shadow_color_button=\u00bb#FFFFFF\u00bb background__hover_enabled=\u00bbon|hover\u00bb background_color_gradient_start__hover=\u00bb#1c346b\u00bb use_background_color_gradient__hover=\u00bboff\u00bb background_color_gradient_end__hover=\u00bb#1c346b\u00bb background_blend__hover=\u00bbnormal\u00bb background_color__hover=\u00bb#0C997F\u00bb background_enable_color__hover=\u00bbon\u00bb background_enable_image__hover=\u00bboff\u00bb sticky_enabled=\u00bb0&#8243;]\n<p>Acidificaci\u00f3n oce\u00e1nica, colonizaci\u00f3n de las nuevas coladas en la zona costera y submareal.<\/p>\n[\/et_pb_cta][\/et_pb_column][et_pb_column type=\u00bb1_4&#8243; _builder_version=\u00bb4.9.7&#8243; _module_preset=\u00bbdefault\u00bb][et_pb_cta title=\u00bbBiodiversidad marina\u00bb button_url=\u00bbhttps:\/\/wp.ull.es\/omacc\/lineas-de-investigacion\/#biodiversidad\u00bb button_text=\u00bbVer\u00bb _builder_version=\u00bb4.9.7&#8243; _module_preset=\u00bbdefault\u00bb header_font=\u00bb|700||on|||||\u00bb header_font_size=\u00bb21px\u00bb body_font=\u00bb|600|||||||\u00bb body_line_height=\u00bb1.4em\u00bb background_enable_color=\u00bboff\u00bb use_background_color_gradient=\u00bbon\u00bb background_color_gradient_start=\u00bbrgba(0,0,0,0.3)\u00bb background_color_gradient_end=\u00bbrgba(0,0,0,0.35)\u00bb background_image=\u00bbhttps:\/\/wp.ull.es\/omacc\/wp-content\/uploads\/sites\/110\/2022\/04\/biodiversidad-marina.jpg\u00bb background_blend=\u00bbmultiply\u00bb custom_button=\u00bbon\u00bb button_text_size=\u00bb15px\u00bb button_bg_color=\u00bbRGBA(0,0,0,0)\u00bb button_border_width=\u00bb0px\u00bb button_border_radius=\u00bb0px\u00bb button_letter_spacing=\u00bb1px\u00bb button_font=\u00bb|600||on|||||\u00bb button_icon_color=\u00bb#FFFFFF\u00bb button_alignment=\u00bbcenter\u00bb custom_margin=\u00bb||||false|false\u00bb custom_padding=\u00bb100px||100px||true|false\u00bb custom_padding_tablet=\u00bb60px||60px||true|false\u00bb custom_padding_phone=\u00bb\u00bb custom_padding_last_edited=\u00bbon|phone\u00bb link_option_url=\u00bbhttps:\/\/wp.ull.es\/omacc\/lineas-de-investigacion\/#biodiversidad\u00bb hover_enabled=\u00bb0&#8243; header_font_size_tablet=\u00bb20px\u00bb header_font_size_phone=\u00bb19px\u00bb header_font_size_last_edited=\u00bbon|phone\u00bb header_text_shadow_style=\u00bbpreset1&#8243; body_text_shadow_style=\u00bbpreset1&#8243; body_text_shadow_color=\u00bbrgba(0,0,0,0.39)\u00bb box_shadow_style_button=\u00bbpreset5&#8243; box_shadow_horizontal_button=\u00bb1px\u00bb box_shadow_vertical_button=\u00bb15px\u00bb box_shadow_spread_button=\u00bb-12px\u00bb box_shadow_color_button=\u00bb#FFFFFF\u00bb background__hover_enabled=\u00bbon|hover\u00bb background_color_gradient_start__hover=\u00bb#1c346b\u00bb use_background_color_gradient__hover=\u00bboff\u00bb background_color_gradient_end__hover=\u00bb#1c346b\u00bb background_blend__hover=\u00bbnormal\u00bb background_color__hover=\u00bb#0D8097&#8243; background_enable_color__hover=\u00bbon\u00bb background_enable_image__hover=\u00bboff\u00bb min_height=\u00bb321.9px\u00bb sticky_enabled=\u00bb0&#8243;]\n<p>Estudio de la biota marina de La Palma, estructura y din\u00e1mica de las comunidades bent\u00f3nicas<\/p>\n[\/et_pb_cta][\/et_pb_column][et_pb_column type=\u00bb1_4&#8243; _builder_version=\u00bb4.9.7&#8243; _module_preset=\u00bbdefault\u00bb][et_pb_cta title=\u00bbConservaci\u00f3n\u00bb button_url=\u00bbhttps:\/\/wp.ull.es\/omacc\/lineas-de-investigacion\/#conservacion\u00bb button_text=\u00bbVer\u00bb _builder_version=\u00bb4.9.7&#8243; _module_preset=\u00bbdefault\u00bb header_font=\u00bb|700||on|||||\u00bb header_font_size=\u00bb21px\u00bb body_font=\u00bb|600|||||||\u00bb body_line_height=\u00bb1.4em\u00bb background_enable_color=\u00bboff\u00bb use_background_color_gradient=\u00bbon\u00bb background_color_gradient_start=\u00bbrgba(0,0,0,0.3)\u00bb background_color_gradient_end=\u00bbrgba(0,0,0,0.35)\u00bb background_image=\u00bbhttps:\/\/wp.ull.es\/omacc\/wp-content\/uploads\/sites\/110\/2022\/04\/Conservacion.jpg\u00bb background_blend=\u00bbmultiply\u00bb custom_button=\u00bbon\u00bb button_text_size=\u00bb15px\u00bb button_bg_color=\u00bbRGBA(0,0,0,0)\u00bb button_border_width=\u00bb0px\u00bb button_border_radius=\u00bb0px\u00bb button_font=\u00bb|||on|||||\u00bb button_icon_color=\u00bb#FFFFFF\u00bb custom_padding=\u00bb100px||100px||true|false\u00bb custom_padding_tablet=\u00bb60px||60px||true|false\u00bb custom_padding_phone=\u00bb\u00bb custom_padding_last_edited=\u00bbon|tablet\u00bb link_option_url=\u00bbhttps:\/\/wp.ull.es\/omacc\/lineas-de-investigacion\/#conservacion\u00bb hover_enabled=\u00bb0&#8243; header_font_size_tablet=\u00bb20px\u00bb header_font_size_phone=\u00bb19px\u00bb header_font_size_last_edited=\u00bbon|phone\u00bb header_text_shadow_style=\u00bbpreset1&#8243; body_text_shadow_style=\u00bbpreset1&#8243; body_text_shadow_color=\u00bbrgba(0,0,0,0.39)\u00bb box_shadow_style_button=\u00bbpreset5&#8243; box_shadow_horizontal_button=\u00bb1px\u00bb box_shadow_vertical_button=\u00bb15px\u00bb box_shadow_spread_button=\u00bb-12px\u00bb box_shadow_color_button=\u00bb#FFFFFF\u00bb background__hover_enabled=\u00bbon|hover\u00bb background_color_gradient_start__hover=\u00bb#1c346b\u00bb use_background_color_gradient__hover=\u00bboff\u00bb background_color_gradient_end__hover=\u00bb#1c346b\u00bb background_blend__hover=\u00bbnormal\u00bb background_color__hover=\u00bb#0C997F\u00bb background_enable_color__hover=\u00bbon\u00bb background_enable_image__hover=\u00bboff\u00bb custom_margin=\u00bb||22px|||\u00bb sticky_enabled=\u00bb0&#8243;]\n<p>Seguimiento de la Reserva Marina de La Palma y de los recursos marinos de la Isla.<\/p>\n[\/et_pb_cta][\/et_pb_column][et_pb_column type=\u00bb1_4&#8243; _builder_version=\u00bb4.9.7&#8243; _module_preset=\u00bbdefault\u00bb][et_pb_cta title=\u00bbAcidificaci\u00f3n Oce\u00e1nica y Ciclos Bioquimicos\u00bb button_url=\u00bbhttps:\/\/wp.ull.es\/omacc\/lineas-de-investigacion\/#conservacion\u00bb button_text=\u00bbVer\u00bb _builder_version=\u00bb4.9.7&#8243; _module_preset=\u00bbdefault\u00bb header_font=\u00bb|700||on|||||\u00bb header_font_size=\u00bb21px\u00bb body_font=\u00bb|600|||||||\u00bb body_line_height=\u00bb1.4em\u00bb background_enable_color=\u00bboff\u00bb use_background_color_gradient=\u00bbon\u00bb background_color_gradient_start=\u00bbrgba(0,0,0,0.3)\u00bb background_color_gradient_end=\u00bbrgba(0,0,0,0.35)\u00bb background_image=\u00bbhttps:\/\/wp.ull.es\/omacc\/wp-content\/uploads\/sites\/110\/2026\/02\/Boya_el-hierro.jpeg\u00bb background_blend=\u00bbmultiply\u00bb custom_button=\u00bbon\u00bb button_text_size=\u00bb15px\u00bb button_bg_color=\u00bbRGBA(0,0,0,0)\u00bb button_border_width=\u00bb0px\u00bb button_border_radius=\u00bb0px\u00bb button_font=\u00bb|||on|||||\u00bb button_icon_color=\u00bb#FFFFFF\u00bb custom_padding=\u00bb100px||100px||true|false\u00bb custom_padding_tablet=\u00bb60px||60px||true|false\u00bb custom_padding_phone=\u00bb\u00bb custom_padding_last_edited=\u00bbon|tablet\u00bb link_option_url=\u00bbhttps:\/\/wp.ull.es\/omacc\/lineas-de-investigacion\/#conservacion\u00bb hover_enabled=\u00bb0&#8243; header_font_size_tablet=\u00bb20px\u00bb header_font_size_phone=\u00bb19px\u00bb header_font_size_last_edited=\u00bbon|phone\u00bb header_text_shadow_style=\u00bbpreset1&#8243; body_text_shadow_style=\u00bbpreset1&#8243; body_text_shadow_color=\u00bbrgba(0,0,0,0.39)\u00bb box_shadow_style_button=\u00bbpreset5&#8243; box_shadow_horizontal_button=\u00bb1px\u00bb box_shadow_vertical_button=\u00bb15px\u00bb box_shadow_spread_button=\u00bb-12px\u00bb box_shadow_color_button=\u00bb#FFFFFF\u00bb background__hover_enabled=\u00bbon|hover\u00bb background_color_gradient_start__hover=\u00bb#1c346b\u00bb use_background_color_gradient__hover=\u00bboff\u00bb background_color_gradient_end__hover=\u00bb#1c346b\u00bb background_blend__hover=\u00bbnormal\u00bb background_color__hover=\u00bb#0C997F\u00bb background_enable_color__hover=\u00bbon\u00bb background_enable_image__hover=\u00bboff\u00bb sticky_enabled=\u00bb0&#8243;]\n<p>Sistema de CO2 y ciclos bioqu\u00edmicos de metales trazas en el oc\u00e9ano.<\/p>\n[\/et_pb_cta][\/et_pb_column][\/et_pb_row][\/et_pb_section][et_pb_section fb_built=\u00bb1&#8243; _builder_version=\u00bb4.9.7&#8243; _module_preset=\u00bbdefault\u00bb background_color=\u00bb#1C346B\u00bb background_color_gradient_direction=\u00bb23deg\u00bb background_image=\u00bbhttps:\/\/wp.ull.es\/omacc\/wp-content\/uploads\/sites\/110\/2022\/04\/linea-fondo-omacc-trans2.png\u00bb background_position=\u00bbbottom_center\u00bb custom_padding=\u00bb85px||51px|||\u00bb][et_pb_row _builder_version=\u00bb4.9.7&#8243; _module_preset=\u00bbdefault\u00bb custom_padding=\u00bb0px||0px||true|\u00bb][et_pb_column type=\u00bb4_4&#8243; _builder_version=\u00bb4.9.7&#8243; _module_preset=\u00bbdefault\u00bb][et_pb_text _builder_version=\u00bb4.9.7&#8243; _module_preset=\u00bbdefault\u00bb header_2_font=\u00bbRaleway|800||on|||||\u00bb header_2_text_align=\u00bbcenter\u00bb header_2_text_color=\u00bb#FFFFFF\u00bb header_2_letter_spacing=\u00bb1px\u00bb header_2_line_height=\u00bb1.3em\u00bb custom_margin=\u00bb||19px|||\u00bb]\n<h2>\u00daltimos trabajos publicados<\/h2>\n[\/et_pb_text][et_pb_divider color=\u00bb#0D8097&#8243; divider_weight=\u00bb2px\u00bb _builder_version=\u00bb4.9.7&#8243; _module_preset=\u00bbdefault\u00bb width=\u00bb14%\u00bb module_alignment=\u00bbcenter\u00bb][\/et_pb_divider][\/et_pb_column][\/et_pb_row][et_pb_row _builder_version=\u00bb4.9.7&#8243; _module_preset=\u00bbdefault\u00bb max_width=\u00bb80%\u00bb module_alignment=\u00bbcenter\u00bb custom_padding=\u00bb5px|||||\u00bb][et_pb_column type=\u00bb4_4&#8243; _builder_version=\u00bb4.9.7&#8243; _module_preset=\u00bbdefault\u00bb][et_pb_portfolio fullwidth=\u00bboff\u00bb posts_number=\u00bb4&#8243; include_categories=\u00bb10&#8243; show_categories=\u00bboff\u00bb zoom_icon_color=\u00bbrgba(255,255,255,0.51)\u00bb hover_overlay_color=\u00bb#0D8097&#8243; _builder_version=\u00bb4.9.7&#8243; _module_preset=\u00bbdefault\u00bb title_font=\u00bb||||||||\u00bb title_text_align=\u00bbcenter\u00bb title_text_color=\u00bbrgba(255,255,255,0.68)\u00bb title_font_size=\u00bb14px\u00bb title_line_height=\u00bb1.3em\u00bb pagination_font=\u00bb||on||||||\u00bb pagination_text_color=\u00bb#0D8097&#8243; pagination_font_size=\u00bb14px\u00bb pagination_line_height=\u00bb2em\u00bb custom_margin=\u00bb18px||8px|||\u00bb custom_padding=\u00bb0px||0px||false|false\u00bb border_width_all_image=\u00bb6px\u00bb border_color_all_image=\u00bbrgba(255,255,255,0.18)\u00bb box_shadow_style=\u00bbpreset4&#8243; box_shadow_horizontal=\u00bb0px\u00bb box_shadow_vertical=\u00bb1px\u00bb box_shadow_color=\u00bbrgba(255,255,255,0.24)\u00bb box_shadow_style_image=\u00bbpreset3&#8243; box_shadow_vertical_image=\u00bb4px\u00bb box_shadow_blur_image=\u00bb12px\u00bb][\/et_pb_portfolio][\/et_pb_column][\/et_pb_row][\/et_pb_section]\n","protected":false},"excerpt":{"rendered":"<p>[et_pb_section fb_built=\u00bb1&#8243; _builder_version=\u00bb4.9.7&#8243; _module_preset=\u00bbdefault\u00bb custom_padding=\u00bb0px||0px|||\u00bb][et_pb_row column_structure=\u00bb1_2,1_2&#8243; use_custom_gutter=\u00bbon\u00bb make_equal=\u00bbon\u00bb _builder_version=\u00bb4.9.7&#8243; _module_preset=\u00bbdefault\u00bb background_color=\u00bb#0D8097&#8243; use_background_color_gradient=\u00bbon\u00bb background_color_gradient_start=\u00bb#1c346b\u00bb background_color_gradient_end=\u00bb#0d8097&#8243; background_color_gradient_direction=\u00bb168deg\u00bb width=\u00bb100%\u00bb max_width=\u00bb100%\u00bb custom_padding=\u00bb0px||0px|||\u00bb][et_pb_column type=\u00bb1_2&#8243; _builder_version=\u00bb4.9.7&#8243; _module_preset=\u00bbdefault\u00bb background_image=\u00bbhttps:\/\/wp.ull.es\/omacc\/wp-content\/uploads\/sites\/110\/2022\/05\/faro-fuencaliente-lapalma-omacc.jpg\u00bb animation_style=\u00bbslide\u00bb animation_direction=\u00bbleft\u00bb][et_pb_text _builder_version=\u00bb4.9.7&#8243; _module_preset=\u00bbdefault\u00bb custom_padding=\u00bb293px||293px||true|false\u00bb animation_style=\u00bbfade\u00bb border_color_bottom=\u00bb#1C346B\u00bb][\/et_pb_text][\/et_pb_column][et_pb_column type=\u00bb1_2&#8243; _builder_version=\u00bb4.9.7&#8243; _module_preset=\u00bbdefault\u00bb background_image=\u00bbhttps:\/\/wp.ull.es\/omacc\/wp-content\/uploads\/sites\/110\/2022\/04\/Icono-fondo2.png\u00bb custom_padding=\u00bb120px|150px|120px||true|false\u00bb custom_padding_tablet=\u00bb40px|90px|90px|90px|false|false\u00bb custom_padding_phone=\u00bb|40px||40px|true|true\u00bb custom_padding_last_edited=\u00bbon|phone\u00bb][et_pb_text _builder_version=\u00bb4.9.7&#8243; _module_preset=\u00bbdefault\u00bb text_line_height=\u00bb1.5em\u00bb header_font=\u00bb|800||on|||||\u00bb header_font_size=\u00bb50px\u00bb header_line_height=\u00bb1.3em\u00bb background_layout=\u00bbdark\u00bb animation_style=\u00bbfade\u00bb text_font_size_tablet=\u00bb\u00bb text_font_size_phone=\u00bb14px\u00bb text_font_size_last_edited=\u00bbon|phone\u00bb text_orientation_tablet=\u00bbleft\u00bb text_orientation_phone=\u00bbleft\u00bb text_orientation_last_edited=\u00bbon|phone\u00bb] OMACC El Observatorio Marino [&hellip;]<\/p>\n","protected":false},"author":268,"featured_media":0,"parent":0,"menu_order":0,"comment_status":"closed","ping_status":"closed","template":"","meta":{"_et_pb_use_builder":"on","_et_pb_old_content":"","_et_gb_content_width":"","ngg_post_thumbnail":0,"footnotes":""},"class_list":["post-82","page","type-page","status-publish","hentry"],"_links":{"self":[{"href":"https:\/\/wp.ull.es\/omacc\/wp-json\/wp\/v2\/pages\/82","targetHints":{"allow":["GET"]}}],"collection":[{"href":"https:\/\/wp.ull.es\/omacc\/wp-json\/wp\/v2\/pages"}],"about":[{"href":"https:\/\/wp.ull.es\/omacc\/wp-json\/wp\/v2\/types\/page"}],"author":[{"embeddable":true,"href":"https:\/\/wp.ull.es\/omacc\/wp-json\/wp\/v2\/users\/268"}],"replies":[{"embeddable":true,"href":"https:\/\/wp.ull.es\/omacc\/wp-json\/wp\/v2\/comments?post=82"}],"version-history":[{"count":1,"href":"https:\/\/wp.ull.es\/omacc\/wp-json\/wp\/v2\/pages\/82\/revisions"}],"predecessor-version":[{"id":1669,"href":"https:\/\/wp.ull.es\/omacc\/wp-json\/wp\/v2\/pages\/82\/revisions\/1669"}],"wp:attachment":[{"href":"https:\/\/wp.ull.es\/omacc\/wp-json\/wp\/v2\/media?parent=82"}],"curies":[{"name":"wp","href":"https:\/\/api.w.org\/{rel}","templated":true}]}}