{"id":379,"date":"2022-04-28T12:36:18","date_gmt":"2022-04-28T12:36:18","guid":{"rendered":"https:\/\/wp.ull.es\/omacc\/?page_id=379"},"modified":"2026-02-04T16:01:11","modified_gmt":"2026-02-04T16:01:11","slug":"lineas-de-investigacion","status":"publish","type":"page","link":"https:\/\/wp.ull.es\/omacc\/lineas-de-investigacion\/","title":{"rendered":"L\u00edneas de investigaci\u00f3n"},"content":{"rendered":"[et_pb_section fb_built=\u00bb1&#8243; _builder_version=\u00bb4.9.7&#8243; _module_preset=\u00bbdefault\u00bb background_image=\u00bbhttps:\/\/wp.ull.es\/omacc\/wp-content\/uploads\/sites\/110\/2022\/05\/Olas.jpg\u00bb parallax=\u00bbon\u00bb custom_padding=\u00bb92px||92px||true|\u00bb][et_pb_row _builder_version=\u00bb4.9.7&#8243; _module_preset=\u00bbdefault\u00bb width=\u00bb100%\u00bb max_width=\u00bb100%\u00bb custom_padding=\u00bb10px||10px||true|false\u00bb][et_pb_column type=\u00bb4_4&#8243; _builder_version=\u00bb4.9.7&#8243; _module_preset=\u00bbdefault\u00bb][et_pb_text _builder_version=\u00bb4.9.7&#8243; _module_preset=\u00bbdefault\u00bb][\/et_pb_text][et_pb_text _builder_version=\u00bb4.9.7&#8243; _module_preset=\u00bbdefault\u00bb header_2_font=\u00bbRaleway|800||on|||||\u00bb header_2_text_align=\u00bbcenter\u00bb background_layout=\u00bbdark\u00bb custom_margin=\u00bb||18px|||\u00bb]\n<h2>L\u00edneas de investigaci\u00f3n<\/h2>\n[\/et_pb_text][\/et_pb_column][\/et_pb_row][et_pb_row _builder_version=\u00bb4.9.7&#8243; _module_preset=\u00bbdefault\u00bb custom_padding=\u00bb0px||0px||true|\u00bb][et_pb_column type=\u00bb4_4&#8243; _builder_version=\u00bb4.9.7&#8243; _module_preset=\u00bbdefault\u00bb][et_pb_divider color=\u00bb#0D8097&#8243; divider_weight=\u00bb2px\u00bb _builder_version=\u00bb4.9.7&#8243; _module_preset=\u00bbdefault\u00bb width=\u00bb14%\u00bb module_alignment=\u00bbcenter\u00bb][\/et_pb_divider][\/et_pb_column][\/et_pb_row][\/et_pb_section][et_pb_section fb_built=\u00bb1&#8243; _builder_version=\u00bb4.9.7&#8243; _module_preset=\u00bbdefault\u00bb use_background_color_gradient=\u00bbon\u00bb background_color_gradient_start=\u00bb#1c346b\u00bb background_color_gradient_end=\u00bb#0d8097&#8243; background_color_gradient_direction=\u00bb134deg\u00bb custom_padding=\u00bb0px||0px|||\u00bb][et_pb_row column_structure=\u00bb1_2,1_2&#8243; use_custom_gutter=\u00bbon\u00bb gutter_width=\u00bb1&#8243; make_equal=\u00bbon\u00bb module_id=\u00bbvulcanismo\u00bb _builder_version=\u00bb4.9.7&#8243; _module_preset=\u00bbdefault\u00bb parallax=\u00bbon\u00bb width=\u00bb100%\u00bb max_width=\u00bb100%\u00bb module_alignment=\u00bbcenter\u00bb custom_padding=\u00bb0px||0px|||\u00bb][et_pb_column type=\u00bb1_2&#8243; _builder_version=\u00bb4.9.7&#8243; _module_preset=\u00bbdefault\u00bb background_image=\u00bbhttps:\/\/wp.ull.es\/omacc\/wp-content\/uploads\/sites\/110\/2022\/04\/erupcio\u0301n-volcan-V.jpeg\u00bb parallax=\u00bbon\u00bb][et_pb_text _builder_version=\u00bb4.9.7&#8243; _module_preset=\u00bbdefault\u00bb custom_padding=\u00bb200px||200px||true|false\u00bb custom_padding_tablet=\u00bb\u00bb custom_padding_phone=\u00bb150px||150px||true|false\u00bb custom_padding_last_edited=\u00bbon|phone\u00bb]\n<p>&nbsp;<\/p>\n<p>&nbsp;<\/p>\n[\/et_pb_text][\/et_pb_column][et_pb_column type=\u00bb1_2&#8243; _builder_version=\u00bb4.9.7&#8243; _module_preset=\u00bbdefault\u00bb custom_padding=\u00bb100px|100px|100px|100px|true|true\u00bb custom_padding_tablet=\u00bb\u00bb custom_padding_phone=\u00bb50px|50px|50px|50px|true|true\u00bb custom_padding_last_edited=\u00bbon|phone\u00bb][et_pb_text _builder_version=\u00bb4.9.7&#8243; _module_preset=\u00bbdefault\u00bb text_line_height=\u00bb1.5em\u00bb header_font=\u00bb|800||on|||||\u00bb header_font_size=\u00bb27px\u00bb header_line_height=\u00bb1.3em\u00bb header_2_font=\u00bb|800||on|||||\u00bb header_2_font_size=\u00bb25px\u00bb background_layout=\u00bbdark\u00bb custom_margin=\u00bb|0px|||false|false\u00bb custom_padding=\u00bb||||false|false\u00bb animation_style=\u00bbfade\u00bb text_font_size_tablet=\u00bb\u00bb text_font_size_phone=\u00bb14px\u00bb text_font_size_last_edited=\u00bbon|phone\u00bb header_font_size_tablet=\u00bb27px\u00bb header_font_size_phone=\u00bb22px\u00bb header_font_size_last_edited=\u00bbon|phone\u00bb header_2_font_size_tablet=\u00bb\u00bb header_2_font_size_phone=\u00bb23px\u00bb header_2_font_size_last_edited=\u00bbon|phone\u00bb text_orientation_tablet=\u00bbleft\u00bb text_orientation_phone=\u00bbleft\u00bb text_orientation_last_edited=\u00bbon|phone\u00bb]\n<h2>VULCANISMO RECIENTE<\/h2>\n<p><strong>Las islas Canarias surgen del fondo oce\u00e1nico hace 22 millones de a\u00f1os y desde entonces se ha mantenido un vulcanismo activo en ciertos sectores de las Islas<\/strong>, siendo particularmente importante los fen\u00f3menos registrados en el oeste del archipi\u00e9lago durante los \u00faltimos a\u00f1os (erupci\u00f3n submarina de Tagoro en el Mar de Las Calmas de la isla de El Hierro-2010 y Cumbre Vieja-2021 en la isla de La Palma). Esta actividad volc\u00e1nica reciente hace de La Palma un lugar id\u00f3neo para estudiar fen\u00f3menos como el de la acidificaci\u00f3n oce\u00e1nica en la Punta de Fuencaliente, donde tiene su sede el OMACC, o la sucesi\u00f3n ecol\u00f3gica en coladas submarinas recientes del volc\u00e1n Tajogaite.<\/p>\n[\/et_pb_text][\/et_pb_column][\/et_pb_row][et_pb_row column_structure=\u00bb1_2,1_2&#8243; use_custom_gutter=\u00bbon\u00bb gutter_width=\u00bb1&#8243; make_equal=\u00bbon\u00bb module_id=\u00bbbiodiversidad\u00bb _builder_version=\u00bb4.9.7&#8243; _module_preset=\u00bbdefault\u00bb width=\u00bb100%\u00bb max_width=\u00bb100%\u00bb module_alignment=\u00bbcenter\u00bb custom_padding=\u00bb0px||0px|||\u00bb custom_css_main_element=\u00bbdisplay:flex;||flex-wrap: wrap;\u00bb][et_pb_column type=\u00bb1_2&#8243; _builder_version=\u00bb4.9.7&#8243; _module_preset=\u00bbdefault\u00bb custom_padding=\u00bb100px|100px|100px|100px|true|true\u00bb custom_padding_tablet=\u00bb\u00bb custom_padding_phone=\u00bb50px|50px|50px|50px|true|true\u00bb custom_padding_last_edited=\u00bbon|phone\u00bb custom_css_main_element_last_edited=\u00bbon|phone\u00bb custom_css_main_element_tablet=\u00bborder: 2;\u00bb][et_pb_text _builder_version=\u00bb4.9.7&#8243; _module_preset=\u00bbdefault\u00bb text_line_height=\u00bb1.5em\u00bb header_font=\u00bb|800||on|||||\u00bb header_font_size=\u00bb27px\u00bb header_line_height=\u00bb1.3em\u00bb header_2_font=\u00bb|800||on|||||\u00bb header_2_font_size=\u00bb25px\u00bb background_layout=\u00bbdark\u00bb custom_margin=\u00bb|0px|||false|false\u00bb custom_padding=\u00bb||||false|false\u00bb animation_style=\u00bbfade\u00bb text_font_size_tablet=\u00bb\u00bb text_font_size_phone=\u00bb14px\u00bb text_font_size_last_edited=\u00bbon|phone\u00bb header_font_size_tablet=\u00bb27px\u00bb header_font_size_phone=\u00bb22px\u00bb header_font_size_last_edited=\u00bbon|phone\u00bb header_2_font_size_tablet=\u00bb\u00bb header_2_font_size_phone=\u00bb23px\u00bb header_2_font_size_last_edited=\u00bbon|phone\u00bb text_orientation_tablet=\u00bbleft\u00bb text_orientation_phone=\u00bbleft\u00bb text_orientation_last_edited=\u00bbon|phone\u00bb]\n<h2>BIODIVERSIDAD MARINA<\/h2>\n<p><strong>Las Islas albergan una biodiversidad marina \u00fanica, que caracteriza la ecoregi\u00f3n biogeogr\u00e1fica Webbnesia y que conformamos con el archipi\u00e9lago de Madeira<\/strong>. Sin embargo, \u00e9sta no ha sido estudiada por completo y siguen existiendo muchas deficiencias en cuanto al conocimiento taxon\u00f3mico de algunos grupos, la biolog\u00eda de muchas especies, as\u00ed como en las din\u00e1micas ecol\u00f3gicas de las comunidades marinas. La localizaci\u00f3n de la isla de La Palma, y concretamente el sur de la Isla, donde se encuentra el OMACC, es un lugar id\u00f3neo para estudiar la vida marina puesto que no existen grandes n\u00facleos urbanos en las cercan\u00edas que afecten a dicha diversidad. Adem\u00e1s, este enclave caracterizado por las aguas m\u00e1s c\u00e1lidas del archipi\u00e9lago hacen del OMACC un vig\u00eda excepcional para estudiar la tropicalizaci\u00f3n que est\u00e1 teniendo lugar en Canarias.<\/p>\n[\/et_pb_text][\/et_pb_column][et_pb_column type=\u00bb1_2&#8243; _builder_version=\u00bb4.9.7&#8243; _module_preset=\u00bbdefault\u00bb background_image=\u00bbhttps:\/\/wp.ull.es\/omacc\/wp-content\/uploads\/sites\/110\/2022\/04\/biodiversidad-marina.jpg\u00bb parallax=\u00bbon\u00bb custom_css_main_element_last_edited=\u00bbon|phone\u00bb custom_css_main_element_tablet=\u00bborder: 1;\u00bb][et_pb_text _builder_version=\u00bb4.9.7&#8243; _module_preset=\u00bbdefault\u00bb custom_padding=\u00bb200px||200px||true|false\u00bb custom_padding_tablet=\u00bb\u00bb custom_padding_phone=\u00bb150px||150px||true|false\u00bb custom_padding_last_edited=\u00bbon|phone\u00bb]\n<p>&nbsp;<\/p>\n<p>&nbsp;<\/p>\n[\/et_pb_text][\/et_pb_column][\/et_pb_row][et_pb_row column_structure=\u00bb1_2,1_2&#8243; use_custom_gutter=\u00bbon\u00bb gutter_width=\u00bb1&#8243; make_equal=\u00bbon\u00bb module_id=\u00bbconservacion\u00bb _builder_version=\u00bb4.9.7&#8243; _module_preset=\u00bbdefault\u00bb width=\u00bb100%\u00bb max_width=\u00bb100%\u00bb module_alignment=\u00bbcenter\u00bb custom_padding=\u00bb0px||0px|||\u00bb][et_pb_column type=\u00bb1_2&#8243; _builder_version=\u00bb4.9.7&#8243; _module_preset=\u00bbdefault\u00bb background_image=\u00bbhttps:\/\/wp.ull.es\/omacc\/wp-content\/uploads\/sites\/110\/2022\/04\/Conservacion.jpg\u00bb parallax=\u00bbon\u00bb][et_pb_text _builder_version=\u00bb4.9.7&#8243; _module_preset=\u00bbdefault\u00bb custom_padding=\u00bb200px||200px||true|false\u00bb custom_padding_tablet=\u00bb\u00bb custom_padding_phone=\u00bb150px||150px||true|false\u00bb custom_padding_last_edited=\u00bbon|phone\u00bb]\n<p>&nbsp;<\/p>\n<p>&nbsp;<\/p>\n[\/et_pb_text][\/et_pb_column][et_pb_column type=\u00bb1_2&#8243; _builder_version=\u00bb4.9.7&#8243; _module_preset=\u00bbdefault\u00bb custom_padding=\u00bb100px|100px|100px|100px|true|true\u00bb custom_padding_tablet=\u00bb\u00bb custom_padding_phone=\u00bb50px|50px|50px|50px|true|true\u00bb custom_padding_last_edited=\u00bbon|phone\u00bb][et_pb_text _builder_version=\u00bb4.9.7&#8243; _module_preset=\u00bbdefault\u00bb text_line_height=\u00bb1.5em\u00bb header_font=\u00bb|800||on|||||\u00bb header_font_size=\u00bb27px\u00bb header_line_height=\u00bb1.3em\u00bb header_2_font=\u00bb|800||on|||||\u00bb header_2_font_size=\u00bb25px\u00bb background_layout=\u00bbdark\u00bb custom_margin=\u00bb|0px|||false|false\u00bb custom_padding=\u00bb||||false|false\u00bb animation_style=\u00bbfade\u00bb text_font_size_tablet=\u00bb\u00bb text_font_size_phone=\u00bb14px\u00bb text_font_size_last_edited=\u00bbon|phone\u00bb header_font_size_tablet=\u00bb27px\u00bb header_font_size_phone=\u00bb22px\u00bb header_font_size_last_edited=\u00bbon|phone\u00bb header_2_font_size_tablet=\u00bb\u00bb header_2_font_size_phone=\u00bb23px\u00bb header_2_font_size_last_edited=\u00bbon|phone\u00bb text_orientation_tablet=\u00bbleft\u00bb text_orientation_phone=\u00bbleft\u00bb text_orientation_last_edited=\u00bbon|phone\u00bb]\n<h2>CONSERVACI\u00d3N<\/h2>\n<p><strong>Uno de los objetivos principales del OMACC no pod\u00eda ser otro que la conservaci\u00f3n la naturaleza marina, tal y como la conocemos, para asegurar unos servicios ecosist\u00e9micos esenciales para la vida sobre la faz de la tierra<\/strong>. En este sentido se plantean la mayor\u00eda de los estudios que llevamos a cabo en el OMACC. Por ejemplo, los estudios para entender c\u00f3mo la acidificaci\u00f3n oce\u00e1nica afecta a los recursos marinos o como una zona protegida puede mejorar la biomasa de recursos. Adem\u00e1s, es relevante se\u00f1alar que tenemos una reserva marina a muy pocas millas, la Reserva Marina de La Palma, y que solemos utilizar para comprender la utilidad de las medidas de protecci\u00f3n del medio marino sobre los recursos y el funcionamiento de las comunidades marinas.<\/p>\n[\/et_pb_text][\/et_pb_column][\/et_pb_row][et_pb_row column_structure=\u00bb1_2,1_2&#8243; use_custom_gutter=\u00bbon\u00bb gutter_width=\u00bb1&#8243; make_equal=\u00bbon\u00bb module_id=\u00bbbiodiversidad\u00bb _builder_version=\u00bb4.9.7&#8243; _module_preset=\u00bbdefault\u00bb width=\u00bb100%\u00bb max_width=\u00bb100%\u00bb module_alignment=\u00bbcenter\u00bb custom_padding=\u00bb0px||0px|||\u00bb hover_enabled=\u00bb0&#8243; custom_css_main_element=\u00bbdisplay:flex;||flex-wrap: wrap;\u00bb sticky_enabled=\u00bb0&#8243;][et_pb_column type=\u00bb1_2&#8243; _builder_version=\u00bb4.9.7&#8243; _module_preset=\u00bbdefault\u00bb custom_padding=\u00bb100px|100px|100px|100px|true|true\u00bb custom_padding_tablet=\u00bb\u00bb custom_padding_phone=\u00bb50px|50px|50px|50px|true|true\u00bb custom_padding_last_edited=\u00bbon|phone\u00bb custom_css_main_element_last_edited=\u00bbon|phone\u00bb custom_css_main_element_tablet=\u00bborder: 2;\u00bb][et_pb_text _builder_version=\u00bb4.9.7&#8243; _module_preset=\u00bbdefault\u00bb text_line_height=\u00bb1.5em\u00bb header_font=\u00bb|800||on|||||\u00bb header_font_size=\u00bb27px\u00bb header_line_height=\u00bb1.3em\u00bb header_2_font=\u00bb|800||on|||||\u00bb header_2_font_size=\u00bb25px\u00bb background_layout=\u00bbdark\u00bb custom_margin=\u00bb|0px|||false|false\u00bb custom_padding=\u00bb||||false|false\u00bb animation_style=\u00bbfade\u00bb text_font_size_tablet=\u00bb\u00bb text_font_size_phone=\u00bb14px\u00bb text_font_size_last_edited=\u00bbon|phone\u00bb header_font_size_tablet=\u00bb27px\u00bb header_font_size_phone=\u00bb22px\u00bb header_font_size_last_edited=\u00bbon|phone\u00bb header_2_font_size_tablet=\u00bb\u00bb header_2_font_size_phone=\u00bb23px\u00bb header_2_font_size_last_edited=\u00bbon|phone\u00bb text_orientation_tablet=\u00bbleft\u00bb text_orientation_phone=\u00bbleft\u00bb text_orientation_last_edited=\u00bbon|phone\u00bb]\n<h2>ACIDIFICACI\u00d3N OCE\u00c1NICA Y CICLOS BIOGEOQU\u00cdMICOS<\/h2>\n<p><strong>El sistema del CO2 y la acidificaci\u00f3n oce\u00e1nica, junto con la qu\u00edmica de metales traza como el hierro y el cobre son dos procesos fundamentales e interconectados<\/strong><strong>.<\/strong> El aumento del CO2 absorbido por el oc\u00e9ano est\u00e1 reduciendo el pH y alterando el contenido de iones carbonato, conocido como acidificaci\u00f3n oce\u00e1nica. Este fen\u00f3meno, afecta a la qu\u00edmica de estos metales y sus ciclos biogeoqu\u00edmicos. La posici\u00f3n del OMACC en aguas oce\u00e1nicas con influencias volc\u00e1nicas y su ubicaci\u00f3n estrat\u00e9gica en el Atl\u00e1ntico subtropical lo convierten en un enclave id\u00f3neo para monitorizar estos cambios y comprender c\u00f3mo el cambio global est\u00e1 transformando la qu\u00edmica del oc\u00e9ano.<\/p>\n[\/et_pb_text][\/et_pb_column][et_pb_column type=\u00bb1_2&#8243; _builder_version=\u00bb4.9.7&#8243; _module_preset=\u00bbdefault\u00bb background_image=\u00bbhttps:\/\/wp.ull.es\/omacc\/wp-content\/uploads\/sites\/110\/2026\/02\/Boya_el-hierro.jpeg\u00bb parallax=\u00bbon\u00bb hover_enabled=\u00bb0&#8243; custom_css_main_element_last_edited=\u00bbon|phone\u00bb custom_css_main_element_tablet=\u00bborder: 1;\u00bb title_text=\u00bbBoya_el hierro\u00bb sticky_enabled=\u00bb0&#8243;][et_pb_text _builder_version=\u00bb4.9.7&#8243; _module_preset=\u00bbdefault\u00bb custom_padding=\u00bb200px||200px||true|false\u00bb custom_padding_tablet=\u00bb\u00bb custom_padding_phone=\u00bb150px||150px||true|false\u00bb custom_padding_last_edited=\u00bbon|phone\u00bb hover_enabled=\u00bb0&#8243; sticky_enabled=\u00bb0&#8243;]\n<p>&nbsp;<\/p>\n<p>&nbsp;<\/p>\n[\/et_pb_text][\/et_pb_column][\/et_pb_row][\/et_pb_section]\n","protected":false},"excerpt":{"rendered":"<p>[et_pb_section fb_built=\u00bb1&#8243; _builder_version=\u00bb4.9.7&#8243; _module_preset=\u00bbdefault\u00bb background_image=\u00bbhttps:\/\/wp.ull.es\/omacc\/wp-content\/uploads\/sites\/110\/2022\/05\/Olas.jpg\u00bb parallax=\u00bbon\u00bb custom_padding=\u00bb92px||92px||true|\u00bb][et_pb_row _builder_version=\u00bb4.9.7&#8243; _module_preset=\u00bbdefault\u00bb width=\u00bb100%\u00bb max_width=\u00bb100%\u00bb custom_padding=\u00bb10px||10px||true|false\u00bb][et_pb_column type=\u00bb4_4&#8243; _builder_version=\u00bb4.9.7&#8243; _module_preset=\u00bbdefault\u00bb][et_pb_text _builder_version=\u00bb4.9.7&#8243; _module_preset=\u00bbdefault\u00bb][\/et_pb_text][et_pb_text _builder_version=\u00bb4.9.7&#8243; _module_preset=\u00bbdefault\u00bb header_2_font=\u00bbRaleway|800||on|||||\u00bb header_2_text_align=\u00bbcenter\u00bb background_layout=\u00bbdark\u00bb custom_margin=\u00bb||18px|||\u00bb] L\u00edneas de investigaci\u00f3n [\/et_pb_text][\/et_pb_column][\/et_pb_row][et_pb_row _builder_version=\u00bb4.9.7&#8243; _module_preset=\u00bbdefault\u00bb custom_padding=\u00bb0px||0px||true|\u00bb][et_pb_column type=\u00bb4_4&#8243; _builder_version=\u00bb4.9.7&#8243; _module_preset=\u00bbdefault\u00bb][et_pb_divider color=\u00bb#0D8097&#8243; divider_weight=\u00bb2px\u00bb _builder_version=\u00bb4.9.7&#8243; _module_preset=\u00bbdefault\u00bb width=\u00bb14%\u00bb module_alignment=\u00bbcenter\u00bb][\/et_pb_divider][\/et_pb_column][\/et_pb_row][\/et_pb_section][et_pb_section fb_built=\u00bb1&#8243; _builder_version=\u00bb4.9.7&#8243; _module_preset=\u00bbdefault\u00bb use_background_color_gradient=\u00bbon\u00bb background_color_gradient_start=\u00bb#1c346b\u00bb background_color_gradient_end=\u00bb#0d8097&#8243; background_color_gradient_direction=\u00bb134deg\u00bb custom_padding=\u00bb0px||0px|||\u00bb][et_pb_row column_structure=\u00bb1_2,1_2&#8243; use_custom_gutter=\u00bbon\u00bb gutter_width=\u00bb1&#8243; make_equal=\u00bbon\u00bb module_id=\u00bbvulcanismo\u00bb _builder_version=\u00bb4.9.7&#8243; _module_preset=\u00bbdefault\u00bb parallax=\u00bbon\u00bb [&hellip;]<\/p>\n","protected":false},"author":268,"featured_media":0,"parent":0,"menu_order":0,"comment_status":"closed","ping_status":"closed","template":"","meta":{"_et_pb_use_builder":"on","_et_pb_old_content":"","_et_gb_content_width":"","ngg_post_thumbnail":0,"footnotes":""},"class_list":["post-379","page","type-page","status-publish","hentry"],"_links":{"self":[{"href":"https:\/\/wp.ull.es\/omacc\/wp-json\/wp\/v2\/pages\/379","targetHints":{"allow":["GET"]}}],"collection":[{"href":"https:\/\/wp.ull.es\/omacc\/wp-json\/wp\/v2\/pages"}],"about":[{"href":"https:\/\/wp.ull.es\/omacc\/wp-json\/wp\/v2\/types\/page"}],"author":[{"embeddable":true,"href":"https:\/\/wp.ull.es\/omacc\/wp-json\/wp\/v2\/users\/268"}],"replies":[{"embeddable":true,"href":"https:\/\/wp.ull.es\/omacc\/wp-json\/wp\/v2\/comments?post=379"}],"version-history":[{"count":2,"href":"https:\/\/wp.ull.es\/omacc\/wp-json\/wp\/v2\/pages\/379\/revisions"}],"predecessor-version":[{"id":1665,"href":"https:\/\/wp.ull.es\/omacc\/wp-json\/wp\/v2\/pages\/379\/revisions\/1665"}],"wp:attachment":[{"href":"https:\/\/wp.ull.es\/omacc\/wp-json\/wp\/v2\/media?parent=379"}],"curies":[{"name":"wp","href":"https:\/\/api.w.org\/{rel}","templated":true}]}}