{"id":324,"date":"2022-04-21T12:45:50","date_gmt":"2022-04-21T12:45:50","guid":{"rendered":"https:\/\/wp.ull.es\/omacc\/?page_id=324"},"modified":"2023-03-21T11:30:47","modified_gmt":"2023-03-21T11:30:47","slug":"nuestra-historia","status":"publish","type":"page","link":"https:\/\/wp.ull.es\/omacc\/nuestra-historia\/","title":{"rendered":"Nuestra Historia"},"content":{"rendered":"[et_pb_section fb_built=\u00bb1&#8243; _builder_version=\u00bb4.9.7&#8243; _module_preset=\u00bbdefault\u00bb background_color=\u00bb#1C346B\u00bb use_background_color_gradient=\u00bbon\u00bb background_color_gradient_start=\u00bb#0d8097&#8243; background_color_gradient_end=\u00bb#1c346b\u00bb background_color_gradient_direction=\u00bb360deg\u00bb custom_padding=\u00bb84px||84px||true|\u00bb][et_pb_row _builder_version=\u00bb4.9.7&#8243; _module_preset=\u00bbdefault\u00bb custom_padding=\u00bb0px||31px||false|false\u00bb][et_pb_column type=\u00bb4_4&#8243; _builder_version=\u00bb4.9.7&#8243; _module_preset=\u00bbdefault\u00bb][et_pb_text _builder_version=\u00bb4.9.7&#8243; _module_preset=\u00bbdefault\u00bb header_2_font=\u00bbRaleway|800||on|||||\u00bb header_2_text_align=\u00bbcenter\u00bb background_layout=\u00bbdark\u00bb custom_margin=\u00bb||18px|||\u00bb]\n<h2>Nuestra historia<\/h2>\n[\/et_pb_text][et_pb_divider color=\u00bb#0D8097&#8243; divider_weight=\u00bb2px\u00bb _builder_version=\u00bb4.9.7&#8243; _module_preset=\u00bbdefault\u00bb width=\u00bb14%\u00bb module_alignment=\u00bbcenter\u00bb][\/et_pb_divider][\/et_pb_column][\/et_pb_row][et_pb_row custom_padding_last_edited=\u00bbon|phone\u00bb _builder_version=\u00bb4.9.7&#8243; _module_preset=\u00bbdefault\u00bb background_color=\u00bb#FFFFFF\u00bb custom_padding=\u00bb50px|50px|50px|50px|true|true\u00bb custom_padding_tablet=\u00bb\u00bb custom_padding_phone=\u00bb20px|20px|20px|20px|true|true\u00bb border_width_all=\u00bb1px\u00bb border_color_all=\u00bb#eaeaea\u00bb][et_pb_column type=\u00bb4_4&#8243; _builder_version=\u00bb4.9.7&#8243; _module_preset=\u00bbdefault\u00bb][et_pb_text _builder_version=\u00bb4.9.7&#8243; _module_preset=\u00bbdefault\u00bb text_text_color=\u00bb#000000&#8243;]\n<p><strong>El Observatorio Marino de Cambio Clim\u00e1tico &#8211; Punta de Fuencaliente, OMACC<\/strong> nace en 2015 con el descubrimiento de la primera afloramientos de CO2 en zona suroeste de La Palma y se consolida gracias a la iniciativa de investigadores de la Universidad de La Laguna, de la Universidad de Las Palmas de Gran Canaria, junto con el apoyo del Ayuntamiento de Fuencaliente y el respaldo del Cabildo La Palma. Su funci\u00f3n es tanto como centro de interpretaci\u00f3n de los afloramientos de CO2, como de centro educativo y laboratorio marino para aquellos grupos de investigaci\u00f3n nacionales e internacionales interesados en trabajar en el ecosistema marino de La Palma.<\/p>\n<p><strong>Se trata de un enclave excepcional para realizar investigaci\u00f3n marina<\/strong>. Especialmente estudios para entender los efectos de la Acidificaci\u00f3n Oce\u00e1nica en los organismos y en el funcionamiento de los ecosistemas marinos. Estos estudios pueden contribuir a un mejor entendimiento de c\u00f3mo ha persistido la vida a lo largo de \u00e9pocas pasadas, con una mayor concentraci\u00f3n de CO2 atmosf\u00e9rico, o para predecir las consecuencias del uso actual de combustibles f\u00f3siles en los ecosistemas marinos de los oc\u00e9anos del futuro. Por otro lado, es un punto perfecto para estudiar la colonizaci\u00f3n&nbsp; y evoluci\u00f3n de las comunidades marinas tras la creaci\u00f3n de coladas recientes originadas por la \u00faltima erupci\u00f3n del volc\u00e1n de Tajogaite. Adem\u00e1s, nos permite investigar la eficiencia de las reservas marinas y el impacto de las pesquer\u00edas en la conservaci\u00f3n de la biodiversidad marina y sobretodo en los recursos marinos de la isla.&nbsp;<\/p>\n[\/et_pb_text][\/et_pb_column][\/et_pb_row][et_pb_row column_structure=\u00bb1_2,1_2&#8243; _builder_version=\u00bb4.9.7&#8243; _module_preset=\u00bbdefault\u00bb][et_pb_column type=\u00bb1_2&#8243; _builder_version=\u00bb4.9.7&#8243; _module_preset=\u00bbdefault\u00bb][et_pb_gallery gallery_ids=\u00bb1121,1123,1122,1125,1120&#8243; fullwidth=\u00bbon\u00bb _builder_version=\u00bb4.9.7&#8243; _module_preset=\u00bbdefault\u00bb title_text_color=\u00bb#FFFFFF\u00bb pagination_text_color=\u00bb#FFFFFF\u00bb background_layout=\u00bbdark\u00bb auto=\u00bbon\u00bb auto_speed=\u00bb6000&#8243; border_color_all=\u00bb#FFFFFF\u00bb][\/et_pb_gallery][\/et_pb_column][et_pb_column type=\u00bb1_2&#8243; _builder_version=\u00bb4.9.7&#8243; _module_preset=\u00bbdefault\u00bb][et_pb_map address=\u00bbFuencaliente de la Palma, 38740, Santa Cruz de Tenerife, Espa\u00f1a\u00bb zoom_level=\u00bb15&#8243; address_lat=\u00bb28.45531916931&#8243; address_lng=\u00bb-17.846308143408&#8243; _builder_version=\u00bb4.9.7&#8243; _module_preset=\u00bbdefault\u00bb height=\u00bb387px\u00bb][et_pb_map_pin title=\u00bbFaro de Fuencaliente, Espa\u00f1a\u00bb pin_address=\u00bbFuencaliente de la Palma, 38740, Santa Cruz de Tenerife, Espa\u00f1a\u00bb zoom_level=\u00bb15&#8243; pin_address_lat=\u00bb28.4553569&#8243; pin_address_lng=\u00bb-17.8433899&#8243; _builder_version=\u00bb4.9.7&#8243; _module_preset=\u00bbdefault\u00bb][\/et_pb_map_pin][\/et_pb_map][\/et_pb_column][\/et_pb_row][et_pb_row column_structure=\u00bb3_5,2_5&#8243; disabled_on=\u00bbon|on|on\u00bb _builder_version=\u00bb4.9.7&#8243; _module_preset=\u00bbdefault\u00bb background_color=\u00bb#FFFFFF\u00bb background_image=\u00bbhttps:\/\/wp.ull.es\/omacc\/wp-content\/uploads\/sites\/110\/2022\/04\/Mapa-fuencaliente-low.jpeg\u00bb max_width_tablet=\u00bb\u00bb max_width_phone=\u00bb\u00bb max_width_last_edited=\u00bbon|phone\u00bb custom_margin=\u00bb81px|auto||auto||\u00bb disabled=\u00bbon\u00bb][et_pb_column type=\u00bb3_5&#8243; _builder_version=\u00bb4.9.7&#8243; _module_preset=\u00bbdefault\u00bb][\/et_pb_column][et_pb_column type=\u00bb2_5&#8243; _builder_version=\u00bb4.9.7&#8243; _module_preset=\u00bbdefault\u00bb custom_padding=\u00bb50px|50px|50px||true|false\u00bb][et_pb_blurb title=\u00bb\u00bfSabes d\u00f3nde estamos?\u00bb _builder_version=\u00bb4.9.7&#8243; _module_preset=\u00bbdefault\u00bb header_font_size=\u00bb27px\u00bb background_color=\u00bb#FFFFFF\u00bb custom_padding=\u00bb35px|35px|35px|35px|true|true\u00bb header_font_size_tablet=\u00bb25px\u00bb header_font_size_phone=\u00bb22px\u00bb header_font_size_last_edited=\u00bbon|phone\u00bb]\n<p>Direcci\u00f3n:<\/p>\n<p>&nbsp;<\/p>\n<p>&nbsp;<\/p>\n<p>Tel\u00e9fono:<br \/>Email:<\/p>\n[\/et_pb_blurb][\/et_pb_column][\/et_pb_row][\/et_pb_section][et_pb_section fb_built=\u00bb1&#8243; _builder_version=\u00bb4.9.7&#8243; _module_preset=\u00bbdefault\u00bb background_color=\u00bb#FFFFFF\u00bb custom_padding=\u00bb84px||84px||true|false\u00bb border_width_top=\u00bb1px\u00bb border_color_top=\u00bb#eaeaea\u00bb][et_pb_row _builder_version=\u00bb4.9.7&#8243; _module_preset=\u00bbdefault\u00bb custom_padding=\u00bb0px||0px||true|\u00bb][et_pb_column type=\u00bb4_4&#8243; _builder_version=\u00bb4.9.7&#8243; _module_preset=\u00bbdefault\u00bb][et_pb_text _builder_version=\u00bb4.9.7&#8243; _module_preset=\u00bbdefault\u00bb header_2_font=\u00bbRaleway|800||on|||||\u00bb header_2_text_align=\u00bbcenter\u00bb custom_margin=\u00bb||18px|||\u00bb]\n<h2>Grupos de investigaci\u00f3n vinculados<\/h2>\n[\/et_pb_text][et_pb_divider color=\u00bb#0D8097&#8243; divider_weight=\u00bb2px\u00bb _builder_version=\u00bb4.9.7&#8243; _module_preset=\u00bbdefault\u00bb width=\u00bb14%\u00bb module_alignment=\u00bbcenter\u00bb][\/et_pb_divider][\/et_pb_column][\/et_pb_row][et_pb_row column_structure=\u00bb1_4,1_4,1_4,1_4&#8243; use_custom_gutter=\u00bbon\u00bb _builder_version=\u00bb4.9.7&#8243; _module_preset=\u00bbdefault\u00bb][et_pb_column type=\u00bb1_4&#8243; _builder_version=\u00bb4.9.7&#8243; _module_preset=\u00bbdefault\u00bb][et_pb_blurb title=\u00bbEcomar\u00bb url=\u00bbhttps:\/\/wp.ull.es\/jocarher\/\u00bb image=\u00bbhttps:\/\/wp.ull.es\/omacc\/wp-content\/uploads\/sites\/110\/2022\/06\/Logo_grupo_ECOMAR-1.png\u00bb image_max_width=\u00bb32%\u00bb _builder_version=\u00bb4.9.7&#8243; _module_preset=\u00bbdefault\u00bb header_font=\u00bb|||on|||||\u00bb header_text_align=\u00bbcenter\u00bb header_text_color=\u00bb#000000&#8243; body_text_color=\u00bb#1C346B\u00bb body_font_size=\u00bb15px\u00bb hover_enabled=\u00bb0&#8243; sticky_enabled=\u00bb0&#8243;]\n<p style=\"text-align: center\"><a href=\"https:\/\/wp.ull.es\/jocarher\/\">ecomarlab.com<\/a><\/p>\n[\/et_pb_blurb][et_pb_social_media_follow _builder_version=\u00bb4.9.7&#8243; _module_preset=\u00bbdefault\u00bb text_orientation=\u00bbcenter\u00bb hover_enabled=\u00bb0&#8243; sticky_enabled=\u00bb0&#8243; admin_label=\u00bbSeguir en medios sociales\u00bb][et_pb_social_media_follow_network social_network=\u00bbfacebook\u00bb url=\u00bbhttps:\/\/www.facebook.com\/ecomarlab\u00bb _builder_version=\u00bb4.9.7&#8243; _module_preset=\u00bbdefault\u00bb background_color=\u00bb#3b5998&#8243; hover_enabled=\u00bb0&#8243; follow_button=\u00bboff\u00bb url_new_window=\u00bbon\u00bb sticky_enabled=\u00bb0&#8243;]facebook[\/et_pb_social_media_follow_network][et_pb_social_media_follow_network social_network=\u00bbinstagram\u00bb url=\u00bbhttps:\/\/www.instagram.com\/ecomarlab\/\u00bb _builder_version=\u00bb4.9.7&#8243; _module_preset=\u00bbdefault\u00bb background_color=\u00bb#ea2c59&#8243; follow_button=\u00bboff\u00bb url_new_window=\u00bbon\u00bb]instagram[\/et_pb_social_media_follow_network][\/et_pb_social_media_follow][\/et_pb_column][et_pb_column type=\u00bb1_4&#8243; _builder_version=\u00bb4.9.7&#8243; _module_preset=\u00bbdefault\u00bb hover_enabled=\u00bb0&#8243; sticky_enabled=\u00bb0&#8243;][et_pb_blurb title=\u00bbQUIMA\u00bb url=\u00bbhttps:\/\/iocag.ulpgc.es\/research\/research-units\/quima\u00bb image=\u00bbhttps:\/\/wp.ull.es\/omacc\/wp-content\/uploads\/sites\/110\/2022\/06\/Logo-QUIMA.jpeg\u00bb image_max_width=\u00bb55%\u00bb _builder_version=\u00bb4.9.7&#8243; _module_preset=\u00bbdefault\u00bb header_font=\u00bb|||on|||||\u00bb header_text_align=\u00bbcenter\u00bb header_text_color=\u00bb#000000&#8243; body_text_color=\u00bb#1C346B\u00bb body_font_size=\u00bb15px\u00bb hover_enabled=\u00bb0&#8243; sticky_enabled=\u00bb0&#8243;]\n<p style=\"text-align: center\"><a href=\"https:\/\/iocag.ulpgc.es\/research\/research-units\/quima\" target=\"_blank\" rel=\"noopener\">iocag.ulpgc.es<\/a><\/p>\n<p style=\"text-align: center\"><a href=\"http:\/\/eacfe-quima.blogspot.com\/\" target=\"_blank\" rel=\"noopener\">eacfe-quima.blogspot.com<\/a><\/p>\n[\/et_pb_blurb][et_pb_social_media_follow _builder_version=\u00bb4.9.7&#8243; _module_preset=\u00bbdefault\u00bb text_orientation=\u00bbcenter\u00bb hover_enabled=\u00bb0&#8243; sticky_enabled=\u00bb0&#8243;][et_pb_social_media_follow_network _builder_version=\u00bb4.9.7&#8243; _module_preset=\u00bbdefault\u00bb follow_button=\u00bboff\u00bb url_new_window=\u00bbon\u00bb social_network=\u00bbtwitter\u00bb background_color=\u00bb#00aced\u00bb url=\u00bbhttps:\/\/twitter.com\/IOCAG1&#8243; hover_enabled=\u00bb0&#8243; sticky_enabled=\u00bb0&#8243;]twitter[\/et_pb_social_media_follow_network][\/et_pb_social_media_follow][\/et_pb_column][et_pb_column type=\u00bb1_4&#8243; _builder_version=\u00bb4.9.7&#8243; _module_preset=\u00bbdefault\u00bb hover_enabled=\u00bb0&#8243; sticky_enabled=\u00bb0&#8243;][et_pb_blurb title=\u00bbADAPTIVE TEAM\u00bb url=\u00bbhttps:\/\/rfvilert.wixsite.com\/adaptive-team\u00bb image=\u00bbhttps:\/\/wp.ull.es\/omacc\/wp-content\/uploads\/sites\/110\/2022\/06\/LOGO-ADAPTIVE-1.jpg\u00bb image_max_width=\u00bb55%\u00bb _builder_version=\u00bb4.9.7&#8243; _module_preset=\u00bbdefault\u00bb header_font=\u00bb|||on|||||\u00bb header_text_align=\u00bbcenter\u00bb header_text_color=\u00bb#000000&#8243; body_text_color=\u00bb#1C346B\u00bb body_font_size=\u00bb15px\u00bb hover_enabled=\u00bb0&#8243; sticky_enabled=\u00bb0&#8243; title_text=\u00bbLOGO ADAPTIVE (1)\u00bb]\n<p style=\"text-align: center\">&nbsp;<a href=\"https:\/\/rfvilert.wixsite.com\/adaptive-team\">EchinoAdaptive.es<\/a><\/p>\n[\/et_pb_blurb][et_pb_social_media_follow _builder_version=\u00bb4.9.7&#8243; _module_preset=\u00bbdefault\u00bb text_orientation=\u00bbcenter\u00bb hover_enabled=\u00bb0&#8243; sticky_enabled=\u00bb0&#8243;][et_pb_social_media_follow_network _builder_version=\u00bb4.9.7&#8243; _module_preset=\u00bbdefault\u00bb follow_button=\u00bboff\u00bb url_new_window=\u00bbon\u00bb social_network=\u00bbtwitter\u00bb background_color=\u00bb#00aced\u00bb url=\u00bbhttps:\/\/twitter.com\/EchinoAdaptive\u00bb hover_enabled=\u00bb0&#8243; sticky_enabled=\u00bb0&#8243;]twitter[\/et_pb_social_media_follow_network][et_pb_social_media_follow_network _builder_version=\u00bb4.9.7&#8243; _module_preset=\u00bbdefault\u00bb follow_button=\u00bboff\u00bb url_new_window=\u00bbon\u00bb social_network=\u00bbinstagram\u00bb background_color=\u00bb#ea2c59&#8243; url=\u00bbhttps:\/\/www.instagram.com\/echinoadaptive\/\u00bb hover_enabled=\u00bb0&#8243; sticky_enabled=\u00bb0&#8243;]instagram[\/et_pb_social_media_follow_network][\/et_pb_social_media_follow][\/et_pb_column][et_pb_column type=\u00bb1_4&#8243; _builder_version=\u00bb4.9.7&#8243; _module_preset=\u00bbdefault\u00bb hover_enabled=\u00bb0&#8243; sticky_enabled=\u00bb0&#8243;][et_pb_blurb title=\u00bbBot\u00e1nica Marina\u00bb url=\u00bbhttps:\/\/iocag.ulpgc.es\/research\/research-units\/quima\u00bb image=\u00bbhttps:\/\/wp.ull.es\/omacc\/wp-content\/uploads\/sites\/110\/2023\/03\/botanica_marina.jpeg\u00bb image_max_width=\u00bb55%\u00bb _builder_version=\u00bb4.9.7&#8243; _module_preset=\u00bbdefault\u00bb header_font=\u00bb|||on|||||\u00bb header_text_align=\u00bbcenter\u00bb header_text_color=\u00bb#000000&#8243; body_text_color=\u00bb#1C346B\u00bb body_font_size=\u00bb15px\u00bb hover_enabled=\u00bb0&#8243; sticky_enabled=\u00bb0&#8243; title_text=\u00bbbotanica_marina\u00bb]\n<p style=\"text-align: center\"><a href=\"https:\/\/portalciencia.ull.es\/grupos\/6266\/detalle\">Botanica.Marina.ULL.es<\/a><\/p>\n[\/et_pb_blurb][et_pb_social_media_follow _builder_version=\u00bb4.9.7&#8243; _module_preset=\u00bbdefault\u00bb text_orientation=\u00bbcenter\u00bb hover_enabled=\u00bb0&#8243; sticky_enabled=\u00bb0&#8243;][\/et_pb_social_media_follow][\/et_pb_column][\/et_pb_row][\/et_pb_section]\n","protected":false},"excerpt":{"rendered":"<p>[et_pb_section fb_built=\u00bb1&#8243; _builder_version=\u00bb4.9.7&#8243; _module_preset=\u00bbdefault\u00bb background_color=\u00bb#1C346B\u00bb use_background_color_gradient=\u00bbon\u00bb background_color_gradient_start=\u00bb#0d8097&#8243; background_color_gradient_end=\u00bb#1c346b\u00bb background_color_gradient_direction=\u00bb360deg\u00bb custom_padding=\u00bb84px||84px||true|\u00bb][et_pb_row _builder_version=\u00bb4.9.7&#8243; _module_preset=\u00bbdefault\u00bb custom_padding=\u00bb0px||31px||false|false\u00bb][et_pb_column type=\u00bb4_4&#8243; _builder_version=\u00bb4.9.7&#8243; _module_preset=\u00bbdefault\u00bb][et_pb_text _builder_version=\u00bb4.9.7&#8243; _module_preset=\u00bbdefault\u00bb header_2_font=\u00bbRaleway|800||on|||||\u00bb header_2_text_align=\u00bbcenter\u00bb background_layout=\u00bbdark\u00bb custom_margin=\u00bb||18px|||\u00bb] Nuestra historia [\/et_pb_text][et_pb_divider color=\u00bb#0D8097&#8243; divider_weight=\u00bb2px\u00bb _builder_version=\u00bb4.9.7&#8243; _module_preset=\u00bbdefault\u00bb width=\u00bb14%\u00bb module_alignment=\u00bbcenter\u00bb][\/et_pb_divider][\/et_pb_column][\/et_pb_row][et_pb_row custom_padding_last_edited=\u00bbon|phone\u00bb _builder_version=\u00bb4.9.7&#8243; _module_preset=\u00bbdefault\u00bb background_color=\u00bb#FFFFFF\u00bb custom_padding=\u00bb50px|50px|50px|50px|true|true\u00bb custom_padding_tablet=\u00bb\u00bb custom_padding_phone=\u00bb20px|20px|20px|20px|true|true\u00bb border_width_all=\u00bb1px\u00bb border_color_all=\u00bb#eaeaea\u00bb][et_pb_column type=\u00bb4_4&#8243; _builder_version=\u00bb4.9.7&#8243; _module_preset=\u00bbdefault\u00bb][et_pb_text _builder_version=\u00bb4.9.7&#8243; _module_preset=\u00bbdefault\u00bb text_text_color=\u00bb#000000&#8243;] El Observatorio Marino de Cambio Clim\u00e1tico &#8211; Punta de [&hellip;]<\/p>\n","protected":false},"author":268,"featured_media":0,"parent":0,"menu_order":0,"comment_status":"closed","ping_status":"closed","template":"","meta":{"_et_pb_use_builder":"on","_et_pb_old_content":"","_et_gb_content_width":"","ngg_post_thumbnail":0,"footnotes":""},"class_list":["post-324","page","type-page","status-publish","hentry"],"_links":{"self":[{"href":"https:\/\/wp.ull.es\/omacc\/wp-json\/wp\/v2\/pages\/324","targetHints":{"allow":["GET"]}}],"collection":[{"href":"https:\/\/wp.ull.es\/omacc\/wp-json\/wp\/v2\/pages"}],"about":[{"href":"https:\/\/wp.ull.es\/omacc\/wp-json\/wp\/v2\/types\/page"}],"author":[{"embeddable":true,"href":"https:\/\/wp.ull.es\/omacc\/wp-json\/wp\/v2\/users\/268"}],"replies":[{"embeddable":true,"href":"https:\/\/wp.ull.es\/omacc\/wp-json\/wp\/v2\/comments?post=324"}],"version-history":[{"count":1,"href":"https:\/\/wp.ull.es\/omacc\/wp-json\/wp\/v2\/pages\/324\/revisions"}],"predecessor-version":[{"id":1323,"href":"https:\/\/wp.ull.es\/omacc\/wp-json\/wp\/v2\/pages\/324\/revisions\/1323"}],"wp:attachment":[{"href":"https:\/\/wp.ull.es\/omacc\/wp-json\/wp\/v2\/media?parent=324"}],"curies":[{"name":"wp","href":"https:\/\/api.w.org\/{rel}","templated":true}]}}