{"id":302,"date":"2024-05-24T13:12:58","date_gmt":"2024-05-24T11:12:58","guid":{"rendered":"https:\/\/wp.ull.es\/jmgarcal\/?page_id=72"},"modified":"2025-09-14T23:14:50","modified_gmt":"2025-09-14T21:14:50","slug":"more","status":"publish","type":"page","link":"https:\/\/wp.ull.es\/mepadron\/more\/","title":{"rendered":"More"},"content":{"rendered":"\t\t<div data-elementor-type=\"wp-page\" data-elementor-id=\"302\" class=\"elementor elementor-302\">\n\t\t\t\t<div class=\"elementor-element elementor-element-ecf7a14 e-con-full e-flex e-con e-parent\" data-id=\"ecf7a14\" data-element_type=\"container\" data-e-type=\"container\">\n\t\t\t\t<div class=\"elementor-element elementor-element-bba9d32 elementor-view-stacked elementor-shape-circle elementor-mobile-position-block-start elementor-widget elementor-widget-icon-box\" data-id=\"bba9d32\" data-element_type=\"widget\" data-e-type=\"widget\" data-widget_type=\"icon-box.default\">\n\t\t\t\t<div class=\"elementor-widget-container\">\n\t\t\t\t\t\t\t<div class=\"elementor-icon-box-wrapper\">\n\n\t\t\t\t\t\t<div class=\"elementor-icon-box-icon\">\n\t\t\t\t<span  class=\"elementor-icon\">\n\t\t\t\t<svg aria-hidden=\"true\" class=\"e-font-icon-svg e-fas-user-graduate\" viewBox=\"0 0 448 512\" xmlns=\"http:\/\/www.w3.org\/2000\/svg\"><path d=\"M319.4 320.6L224 416l-95.4-95.4C57.1 323.7 0 382.2 0 454.4v9.6c0 26.5 21.5 48 48 48h352c26.5 0 48-21.5 48-48v-9.6c0-72.2-57.1-130.7-128.6-133.8zM13.6 79.8l6.4 1.5v58.4c-7 4.2-12 11.5-12 20.3 0 8.4 4.6 15.4 11.1 19.7L3.5 242c-1.7 6.9 2.1 14 7.6 14h41.8c5.5 0 9.3-7.1 7.6-14l-15.6-62.3C51.4 175.4 56 168.4 56 160c0-8.8-5-16.1-12-20.3V87.1l66 15.9c-8.6 17.2-14 36.4-14 57 0 70.7 57.3 128 128 128s128-57.3 128-128c0-20.6-5.3-39.8-14-57l96.3-23.2c18.2-4.4 18.2-27.1 0-31.5l-190.4-46c-13-3.1-26.7-3.1-39.7 0L13.6 48.2c-18.1 4.4-18.1 27.2 0 31.6z\"><\/path><\/svg>\t\t\t\t<\/span>\n\t\t\t<\/div>\n\t\t\t\n\t\t\t\t\t\t<div class=\"elementor-icon-box-content\">\n\n\t\t\t\t\t\t\t\t\t<h3 class=\"elementor-icon-box-title\">\n\t\t\t\t\t\t<span  >\n\t\t\t\t\t\t\tStudents\t\t\t\t\t\t<\/span>\n\t\t\t\t\t<\/h3>\n\t\t\t\t\n\t\t\t\t\n\t\t\t<\/div>\n\t\t\t\n\t\t<\/div>\n\t\t\t\t\t\t<\/div>\n\t\t\t\t<\/div>\n\t\t\t\t<div class=\"elementor-element elementor-element-a2bfea3 elementor-widget-divider--view-line elementor-widget elementor-widget-divider\" data-id=\"a2bfea3\" data-element_type=\"widget\" data-e-type=\"widget\" data-widget_type=\"divider.default\">\n\t\t\t\t<div class=\"elementor-widget-container\">\n\t\t\t\t\t\t\t<div class=\"elementor-divider\">\n\t\t\t<span class=\"elementor-divider-separator\">\n\t\t\t\t\t\t<\/span>\n\t\t<\/div>\n\t\t\t\t\t\t<\/div>\n\t\t\t\t<\/div>\n\t\t\t\t<div class=\"elementor-element elementor-element-90db3b1 elementor-widget elementor-widget-text-editor\" data-id=\"90db3b1\" data-element_type=\"widget\" data-e-type=\"widget\" data-widget_type=\"text-editor.default\">\n\t\t\t\t<div class=\"elementor-widget-container\">\n\t\t\t\t\t\t\t\t\t<div class=\"wp-block-group alignfull\"><div class=\"wp-block-group__inner-container is-layout-flow wp-block-group-is-layout-flow\"><p><strong>\u00a0 PhD\u00a0<\/strong><\/p><ul><li>Bel\u00e9n L\u00f3pez Brito. Teor\u00eda de homolog\u00eda y cohomolog\u00eda en variedades de Jacobi. 2002.<\/li><\/ul><\/div><\/div>\t\t\t\t\t\t\t\t<\/div>\n\t\t\t\t<\/div>\n\t\t\t\t<div class=\"elementor-element elementor-element-865386e elementor-widget-divider--view-line elementor-widget elementor-widget-divider\" data-id=\"865386e\" data-element_type=\"widget\" data-e-type=\"widget\" data-widget_type=\"divider.default\">\n\t\t\t\t<div class=\"elementor-widget-container\">\n\t\t\t\t\t\t\t<div class=\"elementor-divider\">\n\t\t\t<span class=\"elementor-divider-separator\">\n\t\t\t\t\t\t<\/span>\n\t\t<\/div>\n\t\t\t\t\t\t<\/div>\n\t\t\t\t<\/div>\n\t\t\t\t<div class=\"elementor-element elementor-element-e7cb090 elementor-widget elementor-widget-text-editor\" data-id=\"e7cb090\" data-element_type=\"widget\" data-e-type=\"widget\" data-widget_type=\"text-editor.default\">\n\t\t\t\t<div class=\"elementor-widget-container\">\n\t\t\t\t\t\t\t\t\t<div><div><p><strong>\u00a0\u00a0<\/strong><strong style=\"font-size: 16px;color: var( --e-global-color-text );text-align: var(--text-align);text-transform: inherit\">M. Sc<\/strong><\/p><\/div><\/div><ul><li style=\"list-style-type: none\"><ul><li>Patricia S\u00e1nchez Vega.\u00a0<span style=\"font-family: Roboto, sans-serif;font-size: 16px;font-style: normal;font-weight: 400\">Programaci\u00f3n did\u00e1ctica anual de matem\u00e1ticas orientadas a las ense\u00f1anzas aplicadas de 3\u00baESO. Unidad de programaci\u00f3n: \u00a1Misi\u00f3n Espacial! 2025.<\/span><\/li><li><span style=\"font-family: Roboto, sans-serif;font-size: 16px;font-style: normal;font-weight: 400\">Francisco Javier Garc\u00eda Gonz\u00e1lez.\u00a0<\/span><span style=\"font-family: Roboto, sans-serif;font-size: 16px;font-style: normal;font-weight: 400\">Programaci\u00f3n did\u00e1ctica anual de matem\u00e1ticas orientadas a\u00a0 1\u00ba de Bachillerato Modalidad General y Situaci\u00f3n de Aprendizaje:\u00a0<\/span>En busca del camino perdido: Exploraci\u00f3n de Rutas a trav\u00e9s de los Grafos 2024.<\/li><li>Maryam Hern\u00e1ndez Felipe. Programaci\u00f3n did\u00e1ctica anual de matem\u00e1ticas orientadas a las ense\u00f1anzas aplicadas de 3\u00baESO. Unidad de programaci\u00f3n: \u00a1Que no te enga\u00f1en! 2022.<\/li><li>Juan Fernando de la Rosa Reyes. La impresio\u0301n 3D como recurso educativo en el a\u0301mbito de las Matema\u0301ticas. 2017<\/li><li>Macarena Fari\u00f1a Casta\u00f1eda. Descubriendo el Panto\u0301grafo y el Calidoscopio. 2016<\/li><li>Luis Santana Sanchez. Programacio\u0301n dida\u0301ctica y Programacio\u0301n de Aula en la ESO. 2016.<\/li><li>Yurena Cabrera Hernandez. Formaci\u00f3n del profesorado de Educaci\u00f3n Secundaria Obligatoria, Bachillerato, Formaci\u00f3n Profesional y ense\u00f1anza de idiomas. 2015.<\/li><li>Joel Rivero Dom\u00ednguez. Formaci\u00f3n del profesorado de Educaci\u00f3n Secundaria Obligatoria, Bachillerato, Formaci\u00f3n Profesional y ense\u00f1anza de idiomas. 2015.<\/li><li>Daniel Rodr\u00edguez D\u00edaz. Formaci\u00f3n del profesorado de Educaci\u00f3n Secundaria Obligatoria, Bachillerato, Formaci\u00f3n Profesional y ense\u00f1anza de idiomas. 2014.<\/li><li>Raquel Armas Padr\u00f3n. Formaci\u00f3n del profesorado de Educaci\u00f3n Secundaria Obligatoria, Bachillerato, Formaci\u00f3n Profesional y ense\u00f1anza de idiomas. 2014.<\/li><li>Daniel Rodr\u00edguez D\u00edaz. The Marle-Guillemin-Sternberg Normal form. 2013.<\/li><li>Bencomo Dom\u00ednguez Mart\u00edn. Formaci\u00f3n del profesorado de Educaci\u00f3n Secundaria Obligatoria. 2013.<\/li><li>Pascual D\u00edaz Valenzuela. Formacio\u0301n del profesorado de Educacio\u0301n Secundaria Obligatoria, Bachillerato, Formacio\u0301n Profesional y ensen\u0303anza de idiomas. 2011.<\/li><li>Diana Sosa Mart\u00edn. Sobre la cohomolog\u00eda de De Rham de variedades localmente D-conforme cosimpl\u00e9cticas paralelas, 1999.<\/li><\/ul><\/li><\/ul>\t\t\t\t\t\t\t\t<\/div>\n\t\t\t\t<\/div>\n\t\t\t\t<div class=\"elementor-element elementor-element-87949b6 elementor-widget-divider--view-line elementor-widget elementor-widget-divider\" data-id=\"87949b6\" data-element_type=\"widget\" data-e-type=\"widget\" data-widget_type=\"divider.default\">\n\t\t\t\t<div class=\"elementor-widget-container\">\n\t\t\t\t\t\t\t<div class=\"elementor-divider\">\n\t\t\t<span class=\"elementor-divider-separator\">\n\t\t\t\t\t\t<\/span>\n\t\t<\/div>\n\t\t\t\t\t\t<\/div>\n\t\t\t\t<\/div>\n\t\t\t\t<div class=\"elementor-element elementor-element-21aebfe elementor-widget elementor-widget-text-editor\" data-id=\"21aebfe\" data-element_type=\"widget\" data-e-type=\"widget\" data-widget_type=\"text-editor.default\">\n\t\t\t\t<div class=\"elementor-widget-container\">\n\t\t\t\t\t\t\t\t\t<div><div><p><strong>\u00a0 B. Sc.<\/strong><\/p><ul><li>Giulia Giraldo,\u00a0 Formulaciones geom\u00e9tricas de la mec\u00e1nica lagrangiana y hamiltoniana, 2025<\/li><li>Mar\u00eda Castro Campos, El plano proyectivo y el juego del Dobble, 2025<\/li><li>Sandra Arranz Torres, <a href=\"https:\/\/riull.ull.es\/xmlui\/handle\/915\/38540\" target=\"_blank\" rel=\"noopener\">Diagramas de Voronoi: Teor\u00eda y aplicaciones<\/a>, 2024<\/li><li><span style=\"font-family: Roboto, sans-serif;font-size: 16px;font-style: normal;font-weight: 400\">Carla Ben\u00edtez Garc\u00eda,\u00a0<\/span><a href=\"https:\/\/riull.ull.es\/xmlui\/handle\/915\/33390\" target=\"_blank\" rel=\"noopener\">Teorema de Malus-Dupin y Geometr\u00eda Simpl\u00e9ctica,<\/a> 2023<\/li><li style=\"font-size: 16px\">Indira Caballero Romero, <a href=\"https:\/\/riull.ull.es\/xmlui\/handle\/915\/25101\" target=\"_blank\" rel=\"noopener\">La geometr\u00eda del plano hiperb\u00f3lico<\/a>, 2021<\/li><li>Jos\u00e9 Fabrizio Pineda Ramos. <a href=\"https:\/\/riull.ull.es\/xmlui\/handle\/915\/15755\" target=\"_blank\" rel=\"noopener\">Geometr\u00eda de Superficies Minimales.<\/a> 2019.<\/li><li>Erika Magdalena Herrera Machado. <a href=\"https:\/\/riull.ull.es\/xmlui\/handle\/915\/15750\" target=\"_blank\" rel=\"noopener\">Topolog\u00eda y Neurociencia<\/a>. 2019.<\/li><li>Sara Santana Romero. <a href=\"https:\/\/riull.ull.es\/xmlui\/handle\/915\/13477\" target=\"_blank\" rel=\"noopener\">La geometri\u0301a del Indicador del Sur.<\/a> 2019.<\/li><li>Clara Rodr\u00edguez P\u00e9rez. <a href=\"https:\/\/riull.ull.es\/xmlui\/handle\/915\/6757\" target=\"_blank\" rel=\"noopener\">Geometri\u0301a diferencial en el estudio de ima\u0301genes me\u0301dicas.<\/a> 2017.<\/li><li>Cynthia Bolan\u0303os Florido. <a href=\"https:\/\/riull.ull.es\/xmlui\/handle\/915\/3054\" target=\"_blank\" rel=\"noopener\">Dibujando curvas algebraicas con sistemas articulados<\/a>. 2016.<\/li><li>Bencomo Domi\u0301nguez Marti\u0301n. Introduccio\u0301n a la Geometri\u0301a de Poisson. 2012.<\/li><li>Daniel Rodri\u0301guez Di\u0301az. La Geometri\u0301a de la Ecuacio\u0301n de Hamilton-Jacobi. 2010.<\/li><\/ul><\/div><\/div>\t\t\t\t\t\t\t\t<\/div>\n\t\t\t\t<\/div>\n\t\t\t\t<div class=\"elementor-element elementor-element-10021cf elementor-widget-divider--view-line elementor-widget elementor-widget-divider\" data-id=\"10021cf\" data-element_type=\"widget\" data-e-type=\"widget\" data-widget_type=\"divider.default\">\n\t\t\t\t<div class=\"elementor-widget-container\">\n\t\t\t\t\t\t\t<div class=\"elementor-divider\">\n\t\t\t<span class=\"elementor-divider-separator\">\n\t\t\t\t\t\t<\/span>\n\t\t<\/div>\n\t\t\t\t\t\t<\/div>\n\t\t\t\t<\/div>\n\t\t\t\t<\/div>\n\t\t<div class=\"elementor-element elementor-element-0edb679 e-con-full e-flex e-con e-parent\" data-id=\"0edb679\" data-element_type=\"container\" data-e-type=\"container\">\n\t\t\t\t<div class=\"elementor-element elementor-element-dc1f89a elementor-view-stacked elementor-shape-circle elementor-mobile-position-block-start elementor-widget elementor-widget-icon-box\" data-id=\"dc1f89a\" data-element_type=\"widget\" data-e-type=\"widget\" data-widget_type=\"icon-box.default\">\n\t\t\t\t<div class=\"elementor-widget-container\">\n\t\t\t\t\t\t\t<div class=\"elementor-icon-box-wrapper\">\n\n\t\t\t\t\t\t<div class=\"elementor-icon-box-icon\">\n\t\t\t\t<span  class=\"elementor-icon\">\n\t\t\t\t<svg aria-hidden=\"true\" class=\"e-font-icon-svg e-fas-link\" viewBox=\"0 0 512 512\" xmlns=\"http:\/\/www.w3.org\/2000\/svg\"><path d=\"M326.612 185.391c59.747 59.809 58.927 155.698.36 214.59-.11.12-.24.25-.36.37l-67.2 67.2c-59.27 59.27-155.699 59.262-214.96 0-59.27-59.26-59.27-155.7 0-214.96l37.106-37.106c9.84-9.84 26.786-3.3 27.294 10.606.648 17.722 3.826 35.527 9.69 52.721 1.986 5.822.567 12.262-3.783 16.612l-13.087 13.087c-28.026 28.026-28.905 73.66-1.155 101.96 28.024 28.579 74.086 28.749 102.325.51l67.2-67.19c28.191-28.191 28.073-73.757 0-101.83-3.701-3.694-7.429-6.564-10.341-8.569a16.037 16.037 0 0 1-6.947-12.606c-.396-10.567 3.348-21.456 11.698-29.806l21.054-21.055c5.521-5.521 14.182-6.199 20.584-1.731a152.482 152.482 0 0 1 20.522 17.197zM467.547 44.449c-59.261-59.262-155.69-59.27-214.96 0l-67.2 67.2c-.12.12-.25.25-.36.37-58.566 58.892-59.387 154.781.36 214.59a152.454 152.454 0 0 0 20.521 17.196c6.402 4.468 15.064 3.789 20.584-1.731l21.054-21.055c8.35-8.35 12.094-19.239 11.698-29.806a16.037 16.037 0 0 0-6.947-12.606c-2.912-2.005-6.64-4.875-10.341-8.569-28.073-28.073-28.191-73.639 0-101.83l67.2-67.19c28.239-28.239 74.3-28.069 102.325.51 27.75 28.3 26.872 73.934-1.155 101.96l-13.087 13.087c-4.35 4.35-5.769 10.79-3.783 16.612 5.864 17.194 9.042 34.999 9.69 52.721.509 13.906 17.454 20.446 27.294 10.606l37.106-37.106c59.271-59.259 59.271-155.699.001-214.959z\"><\/path><\/svg>\t\t\t\t<\/span>\n\t\t\t<\/div>\n\t\t\t\n\t\t\t\t\t\t<div class=\"elementor-icon-box-content\">\n\n\t\t\t\t\t\t\t\t\t<h3 class=\"elementor-icon-box-title\">\n\t\t\t\t\t\t<span  >\n\t\t\t\t\t\t\tLinks\t\t\t\t\t\t<\/span>\n\t\t\t\t\t<\/h3>\n\t\t\t\t\n\t\t\t\t\n\t\t\t<\/div>\n\t\t\t\n\t\t<\/div>\n\t\t\t\t\t\t<\/div>\n\t\t\t\t<\/div>\n\t\t<div class=\"elementor-element elementor-element-ded8047 e-grid e-con-full e-con e-child\" data-id=\"ded8047\" data-element_type=\"container\" data-e-type=\"container\">\n\t\t\t\t<div class=\"elementor-element elementor-element-e78e9a4 elementor-widget__width-inherit elementor-button-info elementor-widget elementor-widget-button\" data-id=\"e78e9a4\" data-element_type=\"widget\" data-e-type=\"widget\" data-widget_type=\"button.default\">\n\t\t\t\t<div class=\"elementor-widget-container\">\n\t\t\t\t\t\t\t\t\t<div class=\"elementor-button-wrapper\">\n\t\t\t\t\t<a class=\"elementor-button elementor-button-link elementor-size-sm\" href=\"https:\/\/gmcnet.webs.ull.es\/\" target=\"_blank\">\n\t\t\t\t\t\t<span class=\"elementor-button-content-wrapper\">\n\t\t\t\t\t\t<span class=\"elementor-button-icon\">\n\t\t\t\t<svg aria-hidden=\"true\" class=\"e-font-icon-svg e-far-arrow-alt-circle-right\" viewBox=\"0 0 512 512\" xmlns=\"http:\/\/www.w3.org\/2000\/svg\"><path d=\"M504 256C504 119 393 8 256 8S8 119 8 256s111 248 248 248 248-111 248-248zm-448 0c0-110.5 89.5-200 200-200s200 89.5 200 200-89.5 200-200 200S56 366.5 56 256zm72 20v-40c0-6.6 5.4-12 12-12h116v-67c0-10.7 12.9-16 20.5-8.5l99 99c4.7 4.7 4.7 12.3 0 17l-99 99c-7.6 7.6-20.5 2.2-20.5-8.5v-67H140c-6.6 0-12-5.4-12-12z\"><\/path><\/svg>\t\t\t<\/span>\n\t\t\t\t\t\t\t\t\t<span class=\"elementor-button-text\">GMC Network<\/span>\n\t\t\t\t\t<\/span>\n\t\t\t\t\t<\/a>\n\t\t\t\t<\/div>\n\t\t\t\t\t\t\t\t<\/div>\n\t\t\t\t<\/div>\n\t\t\t\t<div class=\"elementor-element elementor-element-a45a4f3 elementor-widget__width-inherit elementor-button-info elementor-widget elementor-widget-button\" data-id=\"a45a4f3\" data-element_type=\"widget\" data-e-type=\"widget\" data-widget_type=\"button.default\">\n\t\t\t\t<div class=\"elementor-widget-container\">\n\t\t\t\t\t\t\t\t\t<div class=\"elementor-button-wrapper\">\n\t\t\t\t\t<a class=\"elementor-button elementor-button-link elementor-size-sm\" href=\"https:\/\/matdivu.webs.ull.es\/\" target=\"_blank\">\n\t\t\t\t\t\t<span class=\"elementor-button-content-wrapper\">\n\t\t\t\t\t\t<span class=\"elementor-button-icon\">\n\t\t\t\t<svg aria-hidden=\"true\" class=\"e-font-icon-svg e-far-arrow-alt-circle-right\" viewBox=\"0 0 512 512\" xmlns=\"http:\/\/www.w3.org\/2000\/svg\"><path d=\"M504 256C504 119 393 8 256 8S8 119 8 256s111 248 248 248 248-111 248-248zm-448 0c0-110.5 89.5-200 200-200s200 89.5 200 200-89.5 200-200 200S56 366.5 56 256zm72 20v-40c0-6.6 5.4-12 12-12h116v-67c0-10.7 12.9-16 20.5-8.5l99 99c4.7 4.7 4.7 12.3 0 17l-99 99c-7.6 7.6-20.5 2.2-20.5-8.5v-67H140c-6.6 0-12-5.4-12-12z\"><\/path><\/svg>\t\t\t<\/span>\n\t\t\t\t\t\t\t\t\t<span class=\"elementor-button-text\">MATDIVULL<\/span>\n\t\t\t\t\t<\/span>\n\t\t\t\t\t<\/a>\n\t\t\t\t<\/div>\n\t\t\t\t\t\t\t\t<\/div>\n\t\t\t\t<\/div>\n\t\t\t\t<\/div>\n\t\t\t\t<div class=\"elementor-element elementor-element-d342640 elementor-widget-divider--view-line elementor-widget elementor-widget-divider\" data-id=\"d342640\" data-element_type=\"widget\" data-e-type=\"widget\" data-widget_type=\"divider.default\">\n\t\t\t\t<div class=\"elementor-widget-container\">\n\t\t\t\t\t\t\t<div class=\"elementor-divider\">\n\t\t\t<span class=\"elementor-divider-separator\">\n\t\t\t\t\t\t<\/span>\n\t\t<\/div>\n\t\t\t\t\t\t<\/div>\n\t\t\t\t<\/div>\n\t\t\t\t<\/div>\n\t\t\t\t<\/div>\n\t\t","protected":false},"excerpt":{"rendered":"<p>Students \u00a0 PhD\u00a0 Bel\u00e9n L\u00f3pez Brito. Teor\u00eda de homolog\u00eda y cohomolog\u00eda en variedades de Jacobi. 2002. \u00a0\u00a0M. Sc Patricia S\u00e1nchez Vega.\u00a0Programaci\u00f3n did\u00e1ctica anual de matem\u00e1ticas orientadas a las ense\u00f1anzas aplicadas de 3\u00baESO. Unidad de programaci\u00f3n: \u00a1Misi\u00f3n Espacial! 2025. Francisco Javier &hellip;<\/p>\n<p class=\"read-more\"> <a class=\"more-link\" href=\"https:\/\/wp.ull.es\/mepadron\/more\/\"> <span class=\"screen-reader-text\">More<\/span> Leer m\u00e1s \u00bb<\/a><\/p>\n","protected":false},"author":460,"featured_media":0,"parent":0,"menu_order":0,"comment_status":"closed","ping_status":"closed","template":"","meta":{"footnotes":""},"class_list":["post-302","page","type-page","status-publish","hentry"],"_links":{"self":[{"href":"https:\/\/wp.ull.es\/mepadron\/wp-json\/wp\/v2\/pages\/302","targetHints":{"allow":["GET"]}}],"collection":[{"href":"https:\/\/wp.ull.es\/mepadron\/wp-json\/wp\/v2\/pages"}],"about":[{"href":"https:\/\/wp.ull.es\/mepadron\/wp-json\/wp\/v2\/types\/page"}],"author":[{"embeddable":true,"href":"https:\/\/wp.ull.es\/mepadron\/wp-json\/wp\/v2\/users\/460"}],"replies":[{"embeddable":true,"href":"https:\/\/wp.ull.es\/mepadron\/wp-json\/wp\/v2\/comments?post=302"}],"version-history":[{"count":2,"href":"https:\/\/wp.ull.es\/mepadron\/wp-json\/wp\/v2\/pages\/302\/revisions"}],"predecessor-version":[{"id":1123,"href":"https:\/\/wp.ull.es\/mepadron\/wp-json\/wp\/v2\/pages\/302\/revisions\/1123"}],"wp:attachment":[{"href":"https:\/\/wp.ull.es\/mepadron\/wp-json\/wp\/v2\/media?parent=302"}],"curies":[{"name":"wp","href":"https:\/\/api.w.org\/{rel}","templated":true}]}}