{"id":1390,"date":"2023-04-11T18:36:33","date_gmt":"2023-04-11T18:36:33","guid":{"rendered":"https:\/\/wp.ull.es\/jute2023\/?page_id=1390"},"modified":"2023-04-11T18:37:04","modified_gmt":"2023-04-11T18:37:04","slug":"alojamiento","status":"publish","type":"page","link":"https:\/\/wp.ull.es\/jute2023\/alojamiento\/","title":{"rendered":"Alojamiento"},"content":{"rendered":"\t\t<div data-elementor-type=\"wp-page\" data-elementor-id=\"1390\" class=\"elementor elementor-1390\">\n\t\t\t\t\t\t<section class=\"elementor-section elementor-top-section elementor-element elementor-element-1994700 elementor-section-height-min-height elementor-section-boxed elementor-section-height-default elementor-section-items-middle\" data-id=\"1994700\" data-element_type=\"section\" data-e-type=\"section\" data-settings=\"{&quot;background_background&quot;:&quot;classic&quot;}\">\n\t\t\t\t\t\t\t<div class=\"elementor-background-overlay\"><\/div>\n\t\t\t\t\t\t\t<div class=\"elementor-container elementor-column-gap-default\">\n\t\t\t\t\t<div class=\"elementor-column elementor-col-100 elementor-top-column elementor-element elementor-element-ab115cb\" data-id=\"ab115cb\" data-element_type=\"column\" data-e-type=\"column\">\n\t\t\t<div class=\"elementor-widget-wrap elementor-element-populated\">\n\t\t\t\t\t\t<div class=\"elementor-element elementor-element-7a1cb7f elementor-widget elementor-widget-heading\" data-id=\"7a1cb7f\" data-element_type=\"widget\" data-e-type=\"widget\" data-widget_type=\"heading.default\">\n\t\t\t\t<div class=\"elementor-widget-container\">\n\t\t\t\t\t<h1 class=\"elementor-heading-title elementor-size-default\">Alojamiento en La Laguna<\/h1>\t\t\t\t<\/div>\n\t\t\t\t<\/div>\n\t\t\t\t\t<\/div>\n\t\t<\/div>\n\t\t\t\t\t<\/div>\n\t\t<\/section>\n\t\t\t\t<section class=\"elementor-section elementor-top-section elementor-element elementor-element-21f31048 elementor-section-height-min-height elementor-section-boxed elementor-section-height-default elementor-section-items-middle\" data-id=\"21f31048\" data-element_type=\"section\" data-e-type=\"section\" data-settings=\"{&quot;background_background&quot;:&quot;classic&quot;}\">\n\t\t\t\t\t\t<div class=\"elementor-container elementor-column-gap-default\">\n\t\t\t\t\t<div class=\"elementor-column elementor-col-100 elementor-top-column elementor-element elementor-element-17798258\" data-id=\"17798258\" data-element_type=\"column\" data-e-type=\"column\">\n\t\t\t<div class=\"elementor-widget-wrap\">\n\t\t\t\t\t\t\t<\/div>\n\t\t<\/div>\n\t\t\t\t\t<\/div>\n\t\t<\/section>\n\t\t\t\t<section class=\"elementor-section elementor-top-section elementor-element elementor-element-e64387c elementor-reverse-mobile elementor-reverse-tablet elementor-section-boxed elementor-section-height-default elementor-section-height-default\" data-id=\"e64387c\" data-element_type=\"section\" data-e-type=\"section\">\n\t\t\t\t\t\t<div class=\"elementor-container elementor-column-gap-wide\">\n\t\t\t\t\t<div class=\"elementor-column elementor-col-100 elementor-top-column elementor-element elementor-element-9a30366\" data-id=\"9a30366\" data-element_type=\"column\" data-e-type=\"column\">\n\t\t\t<div class=\"elementor-widget-wrap elementor-element-populated\">\n\t\t\t\t\t\t<div class=\"elementor-element elementor-element-2db0ead elementor-widget elementor-widget-heading\" data-id=\"2db0ead\" data-element_type=\"widget\" data-e-type=\"widget\" data-widget_type=\"heading.default\">\n\t\t\t\t<div class=\"elementor-widget-container\">\n\t\t\t\t\t<h2 class=\"elementor-heading-title elementor-size-default\">Reserva el alojamiento directamente con la Secretar\u00eda T\u00e9cnica de las jornadas<\/h2>\t\t\t\t<\/div>\n\t\t\t\t<\/div>\n\t\t\t\t<div class=\"elementor-element elementor-element-dd3610d elementor-widget elementor-widget-spacer\" data-id=\"dd3610d\" data-element_type=\"widget\" data-e-type=\"widget\" data-widget_type=\"spacer.default\">\n\t\t\t\t<div class=\"elementor-widget-container\">\n\t\t\t\t\t\t\t<div class=\"elementor-spacer\">\n\t\t\t<div class=\"elementor-spacer-inner\"><\/div>\n\t\t<\/div>\n\t\t\t\t\t\t<\/div>\n\t\t\t\t<\/div>\n\t\t\t\t<div class=\"elementor-element elementor-element-0639c5e elementor-widget elementor-widget-text-editor\" data-id=\"0639c5e\" data-element_type=\"widget\" data-e-type=\"widget\" data-widget_type=\"text-editor.default\">\n\t\t\t\t<div class=\"elementor-widget-container\">\n\t\t\t\t\t\t\t\t\t<p>San Crist\u00f3bal de La Laguna dispone de 3 hoteles, con alta ocupaci\u00f3n. Por ello se ha\u00a0<strong>reservado un cupo de habitaciones<\/strong>\u00a0en cada hotel. \u00a0Bajo disponibilidad. En caso de estar interesado\/a, por favor contactar con la secretar\u00eda t\u00e9cnica:\u00a0<a href=\"mailto:jute2023@magnacongresos.es\">jute2023@magnacongresos.es. <\/a>Puede reservar y efectuar el pago del alojamiento directamente a trav\u00e9s de la secretar\u00eda t\u00e9cnica, mediante el formulario habilitado para ello, indicando fechas de llegada y salida y n\u00famero de noches.\u00a0<\/p>\t\t\t\t\t\t\t\t<\/div>\n\t\t\t\t<\/div>\n\t\t\t\t<div class=\"elementor-element elementor-element-6286ba1 elementor-align-center elementor-widget__width-inherit elementor-widget elementor-widget-button\" data-id=\"6286ba1\" data-element_type=\"widget\" data-e-type=\"widget\" data-widget_type=\"button.default\">\n\t\t\t\t<div class=\"elementor-widget-container\">\n\t\t\t\t\t\t\t\t\t<div class=\"elementor-button-wrapper\">\n\t\t\t\t\t<a class=\"elementor-button elementor-button-link elementor-size-lg\" href=\"https:\/\/www.magnacongresos.com\/jute-23-alojamiento\/\">\n\t\t\t\t\t\t<span class=\"elementor-button-content-wrapper\">\n\t\t\t\t\t\t\t\t\t<span class=\"elementor-button-text\">RESERVAR ALOJAMIENTO<\/span>\n\t\t\t\t\t<\/span>\n\t\t\t\t\t<\/a>\n\t\t\t\t<\/div>\n\t\t\t\t\t\t\t\t<\/div>\n\t\t\t\t<\/div>\n\t\t\t\t\t<\/div>\n\t\t<\/div>\n\t\t\t\t\t<\/div>\n\t\t<\/section>\n\t\t\t\t<section class=\"elementor-section elementor-top-section elementor-element elementor-element-612b44c elementor-reverse-mobile elementor-reverse-tablet elementor-section-boxed elementor-section-height-default elementor-section-height-default\" data-id=\"612b44c\" data-element_type=\"section\" data-e-type=\"section\">\n\t\t\t\t\t\t<div class=\"elementor-container elementor-column-gap-wide\">\n\t\t\t\t\t<div class=\"elementor-column elementor-col-50 elementor-top-column elementor-element elementor-element-e15a85b\" data-id=\"e15a85b\" data-element_type=\"column\" data-e-type=\"column\">\n\t\t\t<div class=\"elementor-widget-wrap elementor-element-populated\">\n\t\t\t\t\t\t<div class=\"elementor-element elementor-element-32073cd elementor-widget__width-inherit elementor-widget elementor-widget-image\" data-id=\"32073cd\" data-element_type=\"widget\" data-e-type=\"widget\" data-widget_type=\"image.default\">\n\t\t\t\t<div class=\"elementor-widget-container\">\n\t\t\t\t\t\t\t\t\t\t\t\t\t\t\t<img fetchpriority=\"high\" decoding=\"async\" width=\"1600\" height=\"1067\" src=\"https:\/\/wp.ull.es\/jute2023\/wp-content\/uploads\/sites\/151\/2023\/04\/Hall-principal-de-La-Laguna-Gran-Hotel-min-1.jpg\" class=\"attachment-full size-full wp-image-1393\" alt=\"\" srcset=\"https:\/\/wp.ull.es\/jute2023\/wp-content\/uploads\/sites\/151\/2023\/04\/Hall-principal-de-La-Laguna-Gran-Hotel-min-1.jpg 1600w, https:\/\/wp.ull.es\/jute2023\/wp-content\/uploads\/sites\/151\/2023\/04\/Hall-principal-de-La-Laguna-Gran-Hotel-min-1-300x200.jpg 300w, https:\/\/wp.ull.es\/jute2023\/wp-content\/uploads\/sites\/151\/2023\/04\/Hall-principal-de-La-Laguna-Gran-Hotel-min-1-1024x683.jpg 1024w, https:\/\/wp.ull.es\/jute2023\/wp-content\/uploads\/sites\/151\/2023\/04\/Hall-principal-de-La-Laguna-Gran-Hotel-min-1-768x512.jpg 768w, https:\/\/wp.ull.es\/jute2023\/wp-content\/uploads\/sites\/151\/2023\/04\/Hall-principal-de-La-Laguna-Gran-Hotel-min-1-1536x1024.jpg 1536w, https:\/\/wp.ull.es\/jute2023\/wp-content\/uploads\/sites\/151\/2023\/04\/Hall-principal-de-La-Laguna-Gran-Hotel-min-1-500x333.jpg 500w\" sizes=\"(max-width: 1600px) 100vw, 1600px\" \/>\t\t\t\t\t\t\t\t\t\t\t\t\t\t\t<\/div>\n\t\t\t\t<\/div>\n\t\t\t\t\t<\/div>\n\t\t<\/div>\n\t\t\t\t<div class=\"elementor-column elementor-col-50 elementor-top-column elementor-element elementor-element-d83a981\" data-id=\"d83a981\" data-element_type=\"column\" data-e-type=\"column\">\n\t\t\t<div class=\"elementor-widget-wrap elementor-element-populated\">\n\t\t\t\t\t\t<div class=\"elementor-element elementor-element-0d6a6ff elementor-widget elementor-widget-heading\" data-id=\"0d6a6ff\" data-element_type=\"widget\" data-e-type=\"widget\" data-widget_type=\"heading.default\">\n\t\t\t\t<div class=\"elementor-widget-container\">\n\t\t\t\t\t<h2 class=\"elementor-heading-title elementor-size-default\">La Laguna Gran Hotel\n<\/h2>\t\t\t\t<\/div>\n\t\t\t\t<\/div>\n\t\t\t\t<div class=\"elementor-element elementor-element-21b562a elementor-widget elementor-widget-spacer\" data-id=\"21b562a\" data-element_type=\"widget\" data-e-type=\"widget\" data-widget_type=\"spacer.default\">\n\t\t\t\t<div class=\"elementor-widget-container\">\n\t\t\t\t\t\t\t<div class=\"elementor-spacer\">\n\t\t\t<div class=\"elementor-spacer-inner\"><\/div>\n\t\t<\/div>\n\t\t\t\t\t\t<\/div>\n\t\t\t\t<\/div>\n\t\t\t\t<div class=\"elementor-element elementor-element-c278378 elementor-widget elementor-widget-text-editor\" data-id=\"c278378\" data-element_type=\"widget\" data-e-type=\"widget\" data-widget_type=\"text-editor.default\">\n\t\t\t\t<div class=\"elementor-widget-container\">\n\t\t\t\t\t\t\t\t\t<p><strong>C\/ Nava y grim\u00f3n, 18. La Laguna<\/strong><\/p><ul><li>Habitaci\u00f3n doble de uso individual con desayuno: 87,00 euros<\/li><li>Habitaci\u00f3n doble con desayuno: 115,00 euros<\/li><\/ul>\t\t\t\t\t\t\t\t<\/div>\n\t\t\t\t<\/div>\n\t\t\t\t\t<\/div>\n\t\t<\/div>\n\t\t\t\t\t<\/div>\n\t\t<\/section>\n\t\t\t\t<section class=\"elementor-section elementor-top-section elementor-element elementor-element-7ccd2ea elementor-reverse-mobile elementor-reverse-tablet elementor-section-boxed elementor-section-height-default elementor-section-height-default\" data-id=\"7ccd2ea\" data-element_type=\"section\" data-e-type=\"section\">\n\t\t\t\t\t\t<div class=\"elementor-container elementor-column-gap-wide\">\n\t\t\t\t\t<div class=\"elementor-column elementor-col-50 elementor-top-column elementor-element elementor-element-b8f50b1\" data-id=\"b8f50b1\" data-element_type=\"column\" data-e-type=\"column\">\n\t\t\t<div class=\"elementor-widget-wrap elementor-element-populated\">\n\t\t\t\t\t\t<div class=\"elementor-element elementor-element-990cbe4 elementor-widget elementor-widget-heading\" data-id=\"990cbe4\" data-element_type=\"widget\" data-e-type=\"widget\" data-widget_type=\"heading.default\">\n\t\t\t\t<div class=\"elementor-widget-container\">\n\t\t\t\t\t<h2 class=\"elementor-heading-title elementor-size-default\">Hotel Nivaria<\/h2>\t\t\t\t<\/div>\n\t\t\t\t<\/div>\n\t\t\t\t<div class=\"elementor-element elementor-element-0cfc55e elementor-widget elementor-widget-spacer\" data-id=\"0cfc55e\" data-element_type=\"widget\" data-e-type=\"widget\" data-widget_type=\"spacer.default\">\n\t\t\t\t<div class=\"elementor-widget-container\">\n\t\t\t\t\t\t\t<div class=\"elementor-spacer\">\n\t\t\t<div class=\"elementor-spacer-inner\"><\/div>\n\t\t<\/div>\n\t\t\t\t\t\t<\/div>\n\t\t\t\t<\/div>\n\t\t\t\t<div class=\"elementor-element elementor-element-58cb959 elementor-widget elementor-widget-text-editor\" data-id=\"58cb959\" data-element_type=\"widget\" data-e-type=\"widget\" data-widget_type=\"text-editor.default\">\n\t\t\t\t<div class=\"elementor-widget-container\">\n\t\t\t\t\t\t\t\t\t<p><strong>Plaza Adelantado, 11. La Laguna<\/strong><\/p><ul><li>Habitaci\u00f3n doble de uso individual con desayuno: 82,00 euros<\/li><li>Habitaci\u00f3n doble con desayuno: 91,00 euros<\/li><\/ul>\t\t\t\t\t\t\t\t<\/div>\n\t\t\t\t<\/div>\n\t\t\t\t\t<\/div>\n\t\t<\/div>\n\t\t\t\t<div class=\"elementor-column elementor-col-50 elementor-top-column elementor-element elementor-element-cd3315d\" data-id=\"cd3315d\" data-element_type=\"column\" data-e-type=\"column\">\n\t\t\t<div class=\"elementor-widget-wrap elementor-element-populated\">\n\t\t\t\t\t\t<div class=\"elementor-element elementor-element-9e5952b elementor-widget__width-inherit elementor-widget elementor-widget-image\" data-id=\"9e5952b\" data-element_type=\"widget\" data-e-type=\"widget\" data-widget_type=\"image.default\">\n\t\t\t\t<div class=\"elementor-widget-container\">\n\t\t\t\t\t\t\t\t\t\t\t\t\t\t\t<img decoding=\"async\" width=\"1024\" height=\"685\" src=\"https:\/\/wp.ull.es\/jute2023\/wp-content\/uploads\/sites\/151\/2023\/04\/49663030-min-2.jpg\" class=\"attachment-full size-full wp-image-1394\" alt=\"\" srcset=\"https:\/\/wp.ull.es\/jute2023\/wp-content\/uploads\/sites\/151\/2023\/04\/49663030-min-2.jpg 1024w, https:\/\/wp.ull.es\/jute2023\/wp-content\/uploads\/sites\/151\/2023\/04\/49663030-min-2-300x201.jpg 300w, https:\/\/wp.ull.es\/jute2023\/wp-content\/uploads\/sites\/151\/2023\/04\/49663030-min-2-768x514.jpg 768w, https:\/\/wp.ull.es\/jute2023\/wp-content\/uploads\/sites\/151\/2023\/04\/49663030-min-2-500x334.jpg 500w\" sizes=\"(max-width: 1024px) 100vw, 1024px\" \/>\t\t\t\t\t\t\t\t\t\t\t\t\t\t\t<\/div>\n\t\t\t\t<\/div>\n\t\t\t\t\t<\/div>\n\t\t<\/div>\n\t\t\t\t\t<\/div>\n\t\t<\/section>\n\t\t\t\t<section class=\"elementor-section elementor-top-section elementor-element elementor-element-8b24ada elementor-reverse-mobile elementor-reverse-tablet elementor-section-boxed elementor-section-height-default elementor-section-height-default\" data-id=\"8b24ada\" data-element_type=\"section\" data-e-type=\"section\">\n\t\t\t\t\t\t<div class=\"elementor-container elementor-column-gap-wide\">\n\t\t\t\t\t<div class=\"elementor-column elementor-col-50 elementor-top-column elementor-element elementor-element-b801582\" data-id=\"b801582\" data-element_type=\"column\" data-e-type=\"column\">\n\t\t\t<div class=\"elementor-widget-wrap elementor-element-populated\">\n\t\t\t\t\t\t<div class=\"elementor-element elementor-element-aa1d7b3 elementor-widget__width-inherit elementor-widget elementor-widget-image\" data-id=\"aa1d7b3\" data-element_type=\"widget\" data-e-type=\"widget\" data-widget_type=\"image.default\">\n\t\t\t\t<div class=\"elementor-widget-container\">\n\t\t\t\t\t\t\t\t\t\t\t\t\t\t\t<img decoding=\"async\" width=\"1024\" height=\"683\" src=\"https:\/\/wp.ull.es\/jute2023\/wp-content\/uploads\/sites\/151\/2023\/04\/180383576-min-2.jpg\" class=\"attachment-full size-full wp-image-1395\" alt=\"\" srcset=\"https:\/\/wp.ull.es\/jute2023\/wp-content\/uploads\/sites\/151\/2023\/04\/180383576-min-2.jpg 1024w, https:\/\/wp.ull.es\/jute2023\/wp-content\/uploads\/sites\/151\/2023\/04\/180383576-min-2-300x200.jpg 300w, https:\/\/wp.ull.es\/jute2023\/wp-content\/uploads\/sites\/151\/2023\/04\/180383576-min-2-768x512.jpg 768w, https:\/\/wp.ull.es\/jute2023\/wp-content\/uploads\/sites\/151\/2023\/04\/180383576-min-2-500x333.jpg 500w\" sizes=\"(max-width: 1024px) 100vw, 1024px\" \/>\t\t\t\t\t\t\t\t\t\t\t\t\t\t\t<\/div>\n\t\t\t\t<\/div>\n\t\t\t\t\t<\/div>\n\t\t<\/div>\n\t\t\t\t<div class=\"elementor-column elementor-col-50 elementor-top-column elementor-element elementor-element-f77695c\" data-id=\"f77695c\" data-element_type=\"column\" data-e-type=\"column\">\n\t\t\t<div class=\"elementor-widget-wrap elementor-element-populated\">\n\t\t\t\t\t\t<div class=\"elementor-element elementor-element-545a661 elementor-widget elementor-widget-heading\" data-id=\"545a661\" data-element_type=\"widget\" data-e-type=\"widget\" data-widget_type=\"heading.default\">\n\t\t\t\t<div class=\"elementor-widget-container\">\n\t\t\t\t\t<h2 class=\"elementor-heading-title elementor-size-default\">Hotel Aguere<\/h2>\t\t\t\t<\/div>\n\t\t\t\t<\/div>\n\t\t\t\t<div class=\"elementor-element elementor-element-589861f elementor-widget elementor-widget-spacer\" data-id=\"589861f\" data-element_type=\"widget\" data-e-type=\"widget\" data-widget_type=\"spacer.default\">\n\t\t\t\t<div class=\"elementor-widget-container\">\n\t\t\t\t\t\t\t<div class=\"elementor-spacer\">\n\t\t\t<div class=\"elementor-spacer-inner\"><\/div>\n\t\t<\/div>\n\t\t\t\t\t\t<\/div>\n\t\t\t\t<\/div>\n\t\t\t\t<div class=\"elementor-element elementor-element-78108ce elementor-widget elementor-widget-text-editor\" data-id=\"78108ce\" data-element_type=\"widget\" data-e-type=\"widget\" data-widget_type=\"text-editor.default\">\n\t\t\t\t<div class=\"elementor-widget-container\">\n\t\t\t\t\t\t\t\t\t<p><strong>C\/Obispo Rey Redondo, 55. La Laguna<\/strong><\/p><ul><li>Habitaci\u00f3n doble de uso individual con desayuno: 80,00 euros<\/li><li>Habitaci\u00f3n doble con desayuno: 90,00 euros<\/li><\/ul>\t\t\t\t\t\t\t\t<\/div>\n\t\t\t\t<\/div>\n\t\t\t\t\t<\/div>\n\t\t<\/div>\n\t\t\t\t\t<\/div>\n\t\t<\/section>\n\t\t\t\t<\/div>\n\t\t","protected":false},"excerpt":{"rendered":"<p>Alojamiento en La Laguna Reserva el alojamiento directamente con la Secretar\u00eda T\u00e9cnica de las jornadas San Crist\u00f3bal de La Laguna dispone de 3 hoteles, con alta ocupaci\u00f3n. Por ello se ha\u00a0reservado un cupo de habitaciones\u00a0en cada hotel. \u00a0Bajo disponibilidad. En caso de estar interesado\/a, por favor contactar con la secretar\u00eda t\u00e9cnica:\u00a0jute2023@magnacongresos.es. Puede reservar y efectuar [&hellip;]<\/p>\n","protected":false},"author":385,"featured_media":0,"parent":0,"menu_order":0,"comment_status":"closed","ping_status":"closed","template":"","meta":{"zakra_page_container_layout":"stretched","zakra_page_sidebar_layout":"no_sidebar","zakra_remove_content_margin":false,"zakra_sidebar":"customizer","zakra_transparent_header":"1","zakra_logo":0,"zakra_main_header_style":"default","zakra_menu_item_color":"","zakra_menu_item_hover_color":"","zakra_menu_item_active_color":"","zakra_menu_active_style":"","zakra_page_header":false,"ngg_post_thumbnail":0,"footnotes":""},"class_list":["post-1390","page","type-page","status-publish","hentry"],"_links":{"self":[{"href":"https:\/\/wp.ull.es\/jute2023\/wp-json\/wp\/v2\/pages\/1390","targetHints":{"allow":["GET"]}}],"collection":[{"href":"https:\/\/wp.ull.es\/jute2023\/wp-json\/wp\/v2\/pages"}],"about":[{"href":"https:\/\/wp.ull.es\/jute2023\/wp-json\/wp\/v2\/types\/page"}],"author":[{"embeddable":true,"href":"https:\/\/wp.ull.es\/jute2023\/wp-json\/wp\/v2\/users\/385"}],"replies":[{"embeddable":true,"href":"https:\/\/wp.ull.es\/jute2023\/wp-json\/wp\/v2\/comments?post=1390"}],"version-history":[{"count":2,"href":"https:\/\/wp.ull.es\/jute2023\/wp-json\/wp\/v2\/pages\/1390\/revisions"}],"predecessor-version":[{"id":1398,"href":"https:\/\/wp.ull.es\/jute2023\/wp-json\/wp\/v2\/pages\/1390\/revisions\/1398"}],"wp:attachment":[{"href":"https:\/\/wp.ull.es\/jute2023\/wp-json\/wp\/v2\/media?parent=1390"}],"curies":[{"name":"wp","href":"https:\/\/api.w.org\/{rel}","templated":true}]}}