{"id":1335,"date":"2023-04-11T14:10:50","date_gmt":"2023-04-11T14:10:50","guid":{"rendered":"https:\/\/wp.ull.es\/jute2023\/?page_id=1335"},"modified":"2023-06-22T09:17:38","modified_gmt":"2023-06-22T09:17:38","slug":"comites","status":"publish","type":"page","link":"https:\/\/wp.ull.es\/jute2023\/comites\/","title":{"rendered":"Comit\u00e9s"},"content":{"rendered":"\t\t<div data-elementor-type=\"wp-page\" data-elementor-id=\"1335\" class=\"elementor elementor-1335\">\n\t\t\t\t\t\t<section class=\"elementor-section elementor-top-section elementor-element elementor-element-1994700 elementor-section-height-min-height elementor-section-boxed elementor-section-height-default elementor-section-items-middle\" data-id=\"1994700\" data-element_type=\"section\" data-e-type=\"section\" data-settings=\"{&quot;background_background&quot;:&quot;classic&quot;}\">\n\t\t\t\t\t\t\t<div class=\"elementor-background-overlay\"><\/div>\n\t\t\t\t\t\t\t<div class=\"elementor-container elementor-column-gap-default\">\n\t\t\t\t\t<div class=\"elementor-column elementor-col-100 elementor-top-column elementor-element elementor-element-ab115cb\" data-id=\"ab115cb\" data-element_type=\"column\" data-e-type=\"column\">\n\t\t\t<div class=\"elementor-widget-wrap elementor-element-populated\">\n\t\t\t\t\t\t<div class=\"elementor-element elementor-element-7a1cb7f elementor-widget elementor-widget-heading\" data-id=\"7a1cb7f\" data-element_type=\"widget\" data-e-type=\"widget\" data-widget_type=\"heading.default\">\n\t\t\t\t<div class=\"elementor-widget-container\">\n\t\t\t\t\t<h1 class=\"elementor-heading-title elementor-size-default\">Comit\u00e9s<\/h1>\t\t\t\t<\/div>\n\t\t\t\t<\/div>\n\t\t\t\t\t<\/div>\n\t\t<\/div>\n\t\t\t\t\t<\/div>\n\t\t<\/section>\n\t\t\t\t<section class=\"elementor-section elementor-top-section elementor-element elementor-element-21f31048 elementor-section-height-min-height elementor-section-boxed elementor-section-height-default elementor-section-items-middle\" data-id=\"21f31048\" data-element_type=\"section\" data-e-type=\"section\" data-settings=\"{&quot;background_background&quot;:&quot;classic&quot;}\">\n\t\t\t\t\t\t<div class=\"elementor-container elementor-column-gap-default\">\n\t\t\t\t\t<div class=\"elementor-column elementor-col-100 elementor-top-column elementor-element elementor-element-17798258\" data-id=\"17798258\" data-element_type=\"column\" data-e-type=\"column\">\n\t\t\t<div class=\"elementor-widget-wrap\">\n\t\t\t\t\t\t\t<\/div>\n\t\t<\/div>\n\t\t\t\t\t<\/div>\n\t\t<\/section>\n\t\t\t\t<section class=\"elementor-section elementor-top-section elementor-element elementor-element-e64387c elementor-reverse-mobile elementor-reverse-tablet elementor-section-boxed elementor-section-height-default elementor-section-height-default\" data-id=\"e64387c\" data-element_type=\"section\" data-e-type=\"section\">\n\t\t\t\t\t\t<div class=\"elementor-container elementor-column-gap-wide\">\n\t\t\t\t\t<div class=\"elementor-column elementor-col-50 elementor-top-column elementor-element elementor-element-9a30366\" data-id=\"9a30366\" data-element_type=\"column\" data-e-type=\"column\">\n\t\t\t<div class=\"elementor-widget-wrap elementor-element-populated\">\n\t\t\t\t\t\t<div class=\"elementor-element elementor-element-2db0ead elementor-widget elementor-widget-heading\" data-id=\"2db0ead\" data-element_type=\"widget\" data-e-type=\"widget\" data-widget_type=\"heading.default\">\n\t\t\t\t<div class=\"elementor-widget-container\">\n\t\t\t\t\t<h2 class=\"elementor-heading-title elementor-size-default\">Comit\u00e9 organizador<\/h2>\t\t\t\t<\/div>\n\t\t\t\t<\/div>\n\t\t\t\t<div class=\"elementor-element elementor-element-3254f50 elementor-widget elementor-widget-heading\" data-id=\"3254f50\" data-element_type=\"widget\" data-e-type=\"widget\" data-widget_type=\"heading.default\">\n\t\t\t\t<div class=\"elementor-widget-container\">\n\t\t\t\t\t<h2 class=\"elementor-heading-title elementor-size-default\">Grupo EDULLAB (Universidad de La Laguna)<\/h2>\t\t\t\t<\/div>\n\t\t\t\t<\/div>\n\t\t\t\t<div class=\"elementor-element elementor-element-dd3610d elementor-widget elementor-widget-spacer\" data-id=\"dd3610d\" data-element_type=\"widget\" data-e-type=\"widget\" data-widget_type=\"spacer.default\">\n\t\t\t\t<div class=\"elementor-widget-container\">\n\t\t\t\t\t\t\t<div class=\"elementor-spacer\">\n\t\t\t<div class=\"elementor-spacer-inner\"><\/div>\n\t\t<\/div>\n\t\t\t\t\t\t<\/div>\n\t\t\t\t<\/div>\n\t\t\t\t<section class=\"elementor-section elementor-inner-section elementor-element elementor-element-462f972 elementor-section-boxed elementor-section-height-default elementor-section-height-default\" data-id=\"462f972\" data-element_type=\"section\" data-e-type=\"section\">\n\t\t\t\t\t\t<div class=\"elementor-container elementor-column-gap-default\">\n\t\t\t\t\t<div class=\"elementor-column elementor-col-50 elementor-inner-column elementor-element elementor-element-7f09c13\" data-id=\"7f09c13\" data-element_type=\"column\" data-e-type=\"column\">\n\t\t\t<div class=\"elementor-widget-wrap elementor-element-populated\">\n\t\t\t\t\t\t<div class=\"elementor-element elementor-element-0639c5e elementor-widget elementor-widget-text-editor\" data-id=\"0639c5e\" data-element_type=\"widget\" data-e-type=\"widget\" data-widget_type=\"text-editor.default\">\n\t\t\t\t<div class=\"elementor-widget-container\">\n\t\t\t\t\t\t\t\t\t<p>Manuel Area Moreira (Presidente)<br \/>Sebasti\u00e1n Mart\u00edn G\u00f3mez<br \/>Cecilia V. Becerra Brito<br \/>Anabel Bethencourt Aguilar<br \/>Daniel J. Cabrera Hern\u00e1ndez<br \/>M\u00edriam Gonz\u00e1lez Gonz\u00e1lez<br \/>Inmaculada Fern\u00e1ndez Esteban<br \/>Carlos J. Gonz\u00e1lez Ruiz<br \/>M\u00f3nica Y. Gonz\u00e1lez Delgado<br \/>Ana L. Sanabria Mesa<br \/>Annachiara del Petre<\/p>\t\t\t\t\t\t\t\t<\/div>\n\t\t\t\t<\/div>\n\t\t\t\t\t<\/div>\n\t\t<\/div>\n\t\t\t\t<div class=\"elementor-column elementor-col-50 elementor-inner-column elementor-element elementor-element-622dea8\" data-id=\"622dea8\" data-element_type=\"column\" data-e-type=\"column\">\n\t\t\t<div class=\"elementor-widget-wrap elementor-element-populated\">\n\t\t\t\t\t\t<div class=\"elementor-element elementor-element-02e24fe elementor-widget elementor-widget-text-editor\" data-id=\"02e24fe\" data-element_type=\"widget\" data-e-type=\"widget\" data-widget_type=\"text-editor.default\">\n\t\t\t\t<div class=\"elementor-widget-container\">\n\t\t\t\t\t\t\t\t\t<p>M\u00aa Bel\u00e9n San Nicol\u00e1s Santos (Secretaria)<br \/>Jos\u00e9 M\u00aa Castillo-Olivares Barberan<br \/>F\u00e1tima M. Castro Le\u00f3n<br \/>Olga Cepeda Romero<br \/>Yaritza Garc\u00e9s Delgado<br \/>Desiree Gonzalez Martin<br \/>Concepci\u00f3n Riera Quintana<br \/>Juan Jos\u00e9 Sosa Alonso<br \/>Ana M\u00aa Vega Navarro<br \/>Victor M. Hernandez Rivero<br \/>Arminda Su\u00e1rez Perdomo<\/p>\t\t\t\t\t\t\t\t<\/div>\n\t\t\t\t<\/div>\n\t\t\t\t\t<\/div>\n\t\t<\/div>\n\t\t\t\t\t<\/div>\n\t\t<\/section>\n\t\t\t\t\t<\/div>\n\t\t<\/div>\n\t\t\t\t<div class=\"elementor-column elementor-col-50 elementor-top-column elementor-element elementor-element-96bdcfc\" data-id=\"96bdcfc\" data-element_type=\"column\" data-e-type=\"column\">\n\t\t\t<div class=\"elementor-widget-wrap elementor-element-populated\">\n\t\t\t\t\t\t<div class=\"elementor-element elementor-element-8796dbd elementor-widget__width-inherit elementor-widget elementor-widget-image\" data-id=\"8796dbd\" data-element_type=\"widget\" data-e-type=\"widget\" data-widget_type=\"image.default\">\n\t\t\t\t<div class=\"elementor-widget-container\">\n\t\t\t\t\t\t\t\t\t\t\t\t\t\t\t<img fetchpriority=\"high\" decoding=\"async\" width=\"1600\" height=\"900\" src=\"https:\/\/wp.ull.es\/jute2023\/wp-content\/uploads\/sites\/151\/2023\/04\/Foto-EDULLAB-2022.jpg\" class=\"attachment-full size-full wp-image-1337\" alt=\"\" srcset=\"https:\/\/wp.ull.es\/jute2023\/wp-content\/uploads\/sites\/151\/2023\/04\/Foto-EDULLAB-2022.jpg 1600w, https:\/\/wp.ull.es\/jute2023\/wp-content\/uploads\/sites\/151\/2023\/04\/Foto-EDULLAB-2022-300x169.jpg 300w, https:\/\/wp.ull.es\/jute2023\/wp-content\/uploads\/sites\/151\/2023\/04\/Foto-EDULLAB-2022-1024x576.jpg 1024w, https:\/\/wp.ull.es\/jute2023\/wp-content\/uploads\/sites\/151\/2023\/04\/Foto-EDULLAB-2022-768x432.jpg 768w, https:\/\/wp.ull.es\/jute2023\/wp-content\/uploads\/sites\/151\/2023\/04\/Foto-EDULLAB-2022-1536x864.jpg 1536w\" sizes=\"(max-width: 1600px) 100vw, 1600px\" \/>\t\t\t\t\t\t\t\t\t\t\t\t\t\t\t<\/div>\n\t\t\t\t<\/div>\n\t\t\t\t\t<\/div>\n\t\t<\/div>\n\t\t\t\t\t<\/div>\n\t\t<\/section>\n\t\t\t\t<section class=\"elementor-section elementor-top-section elementor-element elementor-element-ddc9144 elementor-section-boxed elementor-section-height-default elementor-section-height-default\" data-id=\"ddc9144\" data-element_type=\"section\" data-e-type=\"section\" data-settings=\"{&quot;background_background&quot;:&quot;classic&quot;}\">\n\t\t\t\t\t\t<div class=\"elementor-container elementor-column-gap-wide\">\n\t\t\t\t\t<div class=\"elementor-column elementor-col-100 elementor-top-column elementor-element elementor-element-9e04abf\" data-id=\"9e04abf\" data-element_type=\"column\" data-e-type=\"column\">\n\t\t\t<div class=\"elementor-widget-wrap elementor-element-populated\">\n\t\t\t\t\t\t<div class=\"elementor-element elementor-element-c91733a elementor-widget elementor-widget-heading\" data-id=\"c91733a\" data-element_type=\"widget\" data-e-type=\"widget\" data-widget_type=\"heading.default\">\n\t\t\t\t<div class=\"elementor-widget-container\">\n\t\t\t\t\t<h2 class=\"elementor-heading-title elementor-size-default\">Comit\u00e9 cient\u00edfico<\/h2>\t\t\t\t<\/div>\n\t\t\t\t<\/div>\n\t\t\t\t\t<\/div>\n\t\t<\/div>\n\t\t\t\t\t<\/div>\n\t\t<\/section>\n\t\t\t\t<section class=\"elementor-section elementor-top-section elementor-element elementor-element-3060fb1 elementor-section-boxed elementor-section-height-default elementor-section-height-default\" data-id=\"3060fb1\" data-element_type=\"section\" data-e-type=\"section\" data-settings=\"{&quot;background_background&quot;:&quot;classic&quot;}\">\n\t\t\t\t\t\t<div class=\"elementor-container elementor-column-gap-wide\">\n\t\t\t\t\t<div class=\"elementor-column elementor-col-50 elementor-top-column elementor-element elementor-element-50c73c3\" data-id=\"50c73c3\" data-element_type=\"column\" data-e-type=\"column\">\n\t\t\t<div class=\"elementor-widget-wrap elementor-element-populated\">\n\t\t\t\t\t\t<div class=\"elementor-element elementor-element-48db0f3 elementor-widget elementor-widget-text-editor\" data-id=\"48db0f3\" data-element_type=\"widget\" data-e-type=\"widget\" data-widget_type=\"text-editor.default\">\n\t\t\t\t<div class=\"elementor-widget-container\">\n\t\t\t\t\t\t\t\t\t<p>Dra. Ainara Zubillaga (Vocal RUTE, Universidad Complutense de Madrid, Espa\u00f1a)<br \/>Dr. Albert Sangr\u00e1 Morer (Universitat Oberta de Catalunya, Espa\u00f1a)<br \/>Dr. Amador Guarro Pall\u00e1s (Universidad de La Laguna, Espa\u00f1a)<br \/>Dra. Ana Am\u00e9lia Amorim Carvalho (Universidade de Coimbra, Portugal)<br \/>Dra. Ana Maria Fran\u00e7a Freitas Kot Kotecki (Universidade da Madeira, Portugal)<br \/>Dra. Ana L. Sanabria Mesa (Universidad de La Laguna, Espa\u00f1a)<br \/>Dra. Ana M\u00aa Vega Navarro (Universidad de La Laguna, Espa\u00f1a)<br \/>Dr. \u00c1ngel San Mart\u00edn (Universidad de Valencia, Espa\u00f1a)<br \/>Dra. Annachiara del Petre (Universidad de La Laguna, Espa\u00f1a)<br \/>Dr. Antonio Bautista Garcia-Vera (Universidad Complutense de Madrid, Espa\u00f1a)<br \/>Dra. Araceli Mart\u00ednez Arroyo (Universidad Iberoamericana Ciudad de M\u00e9xico, M\u00e9xico)<br \/>Dra. Arminda Su\u00e1rez Perdomo (Universidad de La Laguna, Espa\u00f1a)<br \/>Dr. Bartolom\u00e9 Rubia Avi (Universidad de Valladolid, Espa\u00f1a)<br \/>Dra. Carina Soledad Gonz\u00e1lez Gonz\u00e1lez (Universidad de La Laguna, Espa\u00f1a)<br \/>Dr. Carlos Jos\u00e9 Gonz\u00e1lez Ruiz (Universidad de La Laguna, Espa\u00f1a)<br \/>Dr. Carlos Nogueira Fino (Universidade da Madeira, Portugal)<br \/>Dra. Carmen Alba Pastor (Universidad Complutense de Madrid, Espa\u00f1a)<br \/>Dra. Carmen Nuria Arvelo Rosales (Universidad de La Laguna, Espa\u00f1a)<br \/>Dra. Coromoto Le\u00f3n Hern\u00e1ndez (Universidad de La Laguna, Espa\u00f1a)<br \/>Dr. Dagoberto Castellanos Nieves (Universidad de La Laguna, Espa\u00f1a)<br \/>Dr. David L\u00f3pez Aguilar (Universidad de La Laguna, Espa\u00f1a)<br \/>Dra. Desire\u00e9 Gonz\u00e1lez Mart\u00edn (Universidad de La Laguna, Espa\u00f1a)<br \/>Dra. Elena Chirino Alem\u00e1n (Universidad de Las Palmas de Gran Canaria, Espa\u00f1a)<br \/>Dra. Elia Fern\u00e1ndez (Secretaria RUTE, Universidad de Cantabria, Espa\u00f1a)<br \/>Dr. Emanuel do Ros\u00e1rio Santos Nonato (Universidade do Estado da Bah\u00eda, Brasil)<br \/>Dr. Fernando Lu\u00eds de Sousa Correia (Universidade da Madeira, Portugal)<br \/>Dr. Fernando Trujillo S\u00e1ez (Universidad de Granada, Espa\u00f1a)<br \/>Dr. Francisco Ignacio Revuelta Dom\u00ednguez (Universidad de Extremadura)<br \/>Dr. Francisco Martinez S\u00e1nchez (Universidad Murcia, Espa\u00f1a)<br \/>Dra. Geovana Lunardi-Mendes ( Universidade do Estado de Santa Catarina, Brasil)<br \/>Dr. Ignacio Aguaded (Universidad de Huelva, Espa\u00f1a)<br \/>Dr. Iv\u00e1n M. Jorr\u00edn Abell\u00e1n (Tesorero RUTE, Kennesaw State University (USA)<br \/>Dr. Javier Ballesta Pag\u00e1n (Universidad de Murcia, Espa\u00f1a)<br \/>Dr. Javier Esteban Marrero Acosta (Universidad de La Laguna, Espa\u00f1a)<br \/>Dr. Jes\u00fas Rodr\u00edguez Rodr\u00edguez (Universidad de Santiago de Compostela, Espa\u00f1a)<br \/>Dr. Joan-Anton S\u00e1nchez i Valero (Universitat de Barcelona, Espa\u00f1a)<br \/>Dr. Joaquin A. Paredes Labra (Universidad Aut\u00f3noma de Madrid, Espa\u00f1a)<\/p><p>Dr. Jose Mar\u00eda Castillo-Olivares Barberan (Universidad de La Laguna, Espa\u00f1a)<\/p><p>\u00a0<\/p>\t\t\t\t\t\t\t\t<\/div>\n\t\t\t\t<\/div>\n\t\t\t\t\t<\/div>\n\t\t<\/div>\n\t\t\t\t<div class=\"elementor-column elementor-col-50 elementor-top-column elementor-element elementor-element-093b2a2\" data-id=\"093b2a2\" data-element_type=\"column\" data-e-type=\"column\">\n\t\t\t<div class=\"elementor-widget-wrap elementor-element-populated\">\n\t\t\t\t\t\t<div class=\"elementor-element elementor-element-7558c15 elementor-widget elementor-widget-text-editor\" data-id=\"7558c15\" data-element_type=\"widget\" data-e-type=\"widget\" data-widget_type=\"text-editor.default\">\n\t\t\t\t<div class=\"elementor-widget-container\">\n\t\t\t\t\t\t\t\t\t<p>Dr. Jordi Adell i Segura (Universitat Jaume I de Castell\u00f3, Espa\u00f1a)<br \/>Dr. Jorge Valenzuela G\u00e1rate (Universidad Aut\u00f3noma de Chile, Chile)<br \/>Dr. Jos\u00e9 Juan Castro S\u00e1nchez (Universidad de Las Palmas de Gran Canaria, Espa\u00f1a)<br \/>Dr. Jose Miguel Correa Gorospe (Universidad del Pa\u00eds Vasco, Espa\u00f1a)<br \/>Dr. Jos\u00e9 Peirats Chac\u00f3n (Universidad de Valencia, Espa\u00f1a)<br \/>Dr. Juan Jos\u00e9 Sosa Alonso (Universidad de La Laguna, Espa\u00f1a)<br \/>Dr. Julio Barroso Osuna (Universidad de Sevilla, Espa\u00f1a)<br \/>Dra. Lidia Barboza Norbis (Consejo de Formaci\u00f3n en Educaci\u00f3n de ANEP, Uruguay)<br \/>Dra. Linda Casta\u00f1eda (Universidad de Murcia, Espa\u00f1a)<br \/>Dra. Lorea Fern\u00e1ndez Olaskoaga (Presidenta RUTE, Universidad del Pa\u00eds Vasco, Espa\u00f1a)<br \/>Dr. Lorenzo Garc\u00eda Aretio (Universidad Nacional de Educaci\u00f3n a Distancia, Espa\u00f1a)<br \/>Dr. Manuel Area Moreira (Presidente JUTE23, Universidad de La Laguna, Espa\u00f1a)<br \/>Dr. Manuel Cebrian de la Serna (Universidad de M\u00e1laga, Espa\u00f1a)<br \/>Dra. Mar\u00eda Bel\u00e9n San Nicol\u00e1s Santos (Secretaria JUTE23, Universidad de La Laguna, Espa\u00f1a)<br \/>Dra. Mar\u00eda Del Pilar Etopa Bitata (Universidad de Las Palmas de Gran Canaria, Espa\u00f1a)<br \/>Dra. Mar\u00eda Elena Conde Miranda (Universidad de La Laguna, Espa\u00f1a)<br \/>Dra. Mar\u00eda Inmaculada Fern\u00e1ndez Esteban (Universidad de La Laguna, Espa\u00f1a)<br \/>Dra. Mar\u00eda Isabel Sim\u00f3n Gonzalez (Universidad de La Laguna, Espa\u00f1a)<br \/>Dra. Mar\u00eda Teresa Lugo (Universidad Nacional de Quilmes, Argentina)<br \/>Dra. Maria Teresa Pess\u00f4a (Universidad de Coimbra, Portugal)<br \/>Dra. Mar\u00eda Victoria Aguiar Perera (Universidad de Las Palmas de Gran Canaria)<br \/>Dr. Merc\u00e8 Gisbert Cervera (Universitat Rovira i Virgili, Espa\u00f1a)<br \/>Dra. Mercedes Gonz\u00e1lez Sanmamed (Universidad de A Coru\u00f1a, Espa\u00f1a)<br \/>Dra. Montse Guitert Catas\u00fas (Universitat Oberta de Catalunya, Espa\u00f1a)<br \/>Dr. Nuno Miguel da Silva Fraga (Universidade da Madeira, Portugal)<br \/>Dra. Olga Cepeda Romero (Universidad de La Laguna, Espa\u00f1a)<br \/>Dra. Paula Maria Gon\u00e7alves Alves (Polit\u00e9cnico do Porto, Escola Superior de Educa\u00e7\u00e3o, Portugal)<br \/>Dr. Pedro Antonio Toledo Delgado (Universidad de La Laguna, Espa\u00f1a)<br \/>Dr. Pedro Ricardo \u00c1lvarez P\u00e9rez (Universidad de La Laguna, Espa\u00f1a)<br \/>Dra. Prudencia Guti\u00e9rrez Esteban (Vocal RUTE, Universidad de Extremadura, Espa\u00f1a)<br \/>Dra. Rosabel Roig Vila (Universidad de Alicante, Espa\u00f1a)<br \/>Dra. Sara L. Villagr\u00e1 (Vicepresidenta RUTE, Universidad de Valladolid, Espa\u00f1a)<br \/>Dr. Sebasti\u00e1n Mart\u00edn G\u00f3mez (Universidad de La Laguna, Espa\u00f1a)<br \/>Dra. T\u00e2nia Maria Figueiredo Braga Garcia (Universidade Federal do Paran\u00e1, Brasil)<br \/>Dr. V\u00edctor Abella (Vocal RUTE, Universidad de Burgos, Espa\u00f1a)<br \/>Dr. Vitor M. Barrig\u00e3o Gon\u00e7alves (Instituto Polit\u00e9cnico de Bragan\u00e7a, Portugal)<br \/>Dra. Yaritza Garc\u00e9s Delgado (Universidad de La Laguna, Espa\u00f1a)<\/p>\t\t\t\t\t\t\t\t<\/div>\n\t\t\t\t<\/div>\n\t\t\t\t\t<\/div>\n\t\t<\/div>\n\t\t\t\t\t<\/div>\n\t\t<\/section>\n\t\t\t\t<\/div>\n\t\t","protected":false},"excerpt":{"rendered":"<p>\/*! elementor &#8211; v3.14.0 &#8211; 18-06-2023 *\/ .elementor-heading-title{padding:0;margin:0;line-height:1}.elementor-widget-heading .elementor-heading-title[class*=elementor-size-]&gt;a{color:inherit;font-size:inherit;line-height:inherit}.elementor-widget-heading .elementor-heading-title.elementor-size-small{font-size:15px}.elementor-widget-heading .elementor-heading-title.elementor-size-medium{font-size:19px}.elementor-widget-heading .elementor-heading-title.elementor-size-large{font-size:29px}.elementor-widget-heading .elementor-heading-title.elementor-size-xl{font-size:39px}.elementor-widget-heading .elementor-heading-title.elementor-size-xxl{font-size:59px} Comit\u00e9s Comit\u00e9 organizador Grupo EDULLAB (Universidad de La Laguna) \/*! elementor &#8211; v3.14.0 &#8211; 18-06-2023 *\/ .elementor-column .elementor-spacer-inner{height:var(&#8211;spacer-size)}.e-con{&#8211;container-widget-width:100%}.e-con-inner&gt;.elementor-widget-spacer,.e-con&gt;.elementor-widget-spacer{width:var(&#8211;container-widget-width,var(&#8211;spacer-size));&#8211;align-self:var(&#8211;container-widget-align-self,initial);&#8211;flex-shrink:0}.e-con-inner&gt;.elementor-widget-spacer&gt;.elementor-widget-container,.e-con-inner&gt;.elementor-widget-spacer&gt;.elementor-widget-container&gt;.elementor-spacer,.e-con&gt;.elementor-widget-spacer&gt;.elementor-widget-container,.e-con&gt;.elementor-widget-spacer&gt;.elementor-widget-container&gt;.elementor-spacer{height:100%}.e-con-inner&gt;.elementor-widget-spacer&gt;.elementor-widget-container&gt;.elementor-spacer&gt;.elementor-spacer-inner,.e-con&gt;.elementor-widget-spacer&gt;.elementor-widget-container&gt;.elementor-spacer&gt;.elementor-spacer-inner{height:var(&#8211;container-widget-height,var(&#8211;spacer-size))} Manuel Area Moreira (Presidente)Sebasti\u00e1n Mart\u00edn G\u00f3mezCecilia V. Becerra BritoAnabel Bethencourt AguilarDaniel J. Cabrera Hern\u00e1ndezM\u00edriam Gonz\u00e1lez Gonz\u00e1lezInmaculada Fern\u00e1ndez EstebanCarlos J. Gonz\u00e1lez RuizM\u00f3nica Y. Gonz\u00e1lez [&hellip;]<\/p>\n","protected":false},"author":385,"featured_media":0,"parent":0,"menu_order":0,"comment_status":"closed","ping_status":"closed","template":"","meta":{"zakra_page_container_layout":"stretched","zakra_page_sidebar_layout":"no_sidebar","zakra_remove_content_margin":false,"zakra_sidebar":"customizer","zakra_transparent_header":"1","zakra_logo":0,"zakra_main_header_style":"default","zakra_menu_item_color":"","zakra_menu_item_hover_color":"","zakra_menu_item_active_color":"","zakra_menu_active_style":"","zakra_page_header":false,"ngg_post_thumbnail":0,"footnotes":""},"class_list":["post-1335","page","type-page","status-publish","hentry"],"_links":{"self":[{"href":"https:\/\/wp.ull.es\/jute2023\/wp-json\/wp\/v2\/pages\/1335","targetHints":{"allow":["GET"]}}],"collection":[{"href":"https:\/\/wp.ull.es\/jute2023\/wp-json\/wp\/v2\/pages"}],"about":[{"href":"https:\/\/wp.ull.es\/jute2023\/wp-json\/wp\/v2\/types\/page"}],"author":[{"embeddable":true,"href":"https:\/\/wp.ull.es\/jute2023\/wp-json\/wp\/v2\/users\/385"}],"replies":[{"embeddable":true,"href":"https:\/\/wp.ull.es\/jute2023\/wp-json\/wp\/v2\/comments?post=1335"}],"version-history":[{"count":2,"href":"https:\/\/wp.ull.es\/jute2023\/wp-json\/wp\/v2\/pages\/1335\/revisions"}],"predecessor-version":[{"id":1707,"href":"https:\/\/wp.ull.es\/jute2023\/wp-json\/wp\/v2\/pages\/1335\/revisions\/1707"}],"wp:attachment":[{"href":"https:\/\/wp.ull.es\/jute2023\/wp-json\/wp\/v2\/media?parent=1335"}],"curies":[{"name":"wp","href":"https:\/\/api.w.org\/{rel}","templated":true}]}}