{"id":301,"date":"2024-05-24T13:12:58","date_gmt":"2024-05-24T11:12:58","guid":{"rendered":"https:\/\/wp.ull.es\/jmgarcal\/?page_id=71"},"modified":"2025-08-25T14:40:50","modified_gmt":"2025-08-25T12:40:50","slug":"teaching","status":"publish","type":"page","link":"https:\/\/wp.ull.es\/jcmarrer\/teaching\/","title":{"rendered":"Teaching"},"content":{"rendered":"\t\t<div data-elementor-type=\"wp-page\" data-elementor-id=\"301\" class=\"elementor elementor-301\">\n\t\t\t\t<div class=\"elementor-element elementor-element-c5f71df e-con-full e-flex e-con e-parent\" data-id=\"c5f71df\" data-element_type=\"container\" data-e-type=\"container\">\n\t\t<div class=\"elementor-element elementor-element-743dba1 e-con-full e-flex e-con e-child\" data-id=\"743dba1\" data-element_type=\"container\" data-e-type=\"container\">\n\t\t\t\t<div class=\"elementor-element elementor-element-277ea52 elementor-view-stacked elementor-shape-circle elementor-position-block-start elementor-mobile-position-block-start elementor-widget elementor-widget-icon-box\" data-id=\"277ea52\" data-element_type=\"widget\" data-e-type=\"widget\" data-widget_type=\"icon-box.default\">\n\t\t\t\t<div class=\"elementor-widget-container\">\n\t\t\t\t\t\t\t<div class=\"elementor-icon-box-wrapper\">\n\n\t\t\t\t\t\t<div class=\"elementor-icon-box-icon\">\n\t\t\t\t<span  class=\"elementor-icon\">\n\t\t\t\t<svg aria-hidden=\"true\" class=\"e-font-icon-svg e-fas-user-graduate\" viewBox=\"0 0 448 512\" xmlns=\"http:\/\/www.w3.org\/2000\/svg\"><path d=\"M319.4 320.6L224 416l-95.4-95.4C57.1 323.7 0 382.2 0 454.4v9.6c0 26.5 21.5 48 48 48h352c26.5 0 48-21.5 48-48v-9.6c0-72.2-57.1-130.7-128.6-133.8zM13.6 79.8l6.4 1.5v58.4c-7 4.2-12 11.5-12 20.3 0 8.4 4.6 15.4 11.1 19.7L3.5 242c-1.7 6.9 2.1 14 7.6 14h41.8c5.5 0 9.3-7.1 7.6-14l-15.6-62.3C51.4 175.4 56 168.4 56 160c0-8.8-5-16.1-12-20.3V87.1l66 15.9c-8.6 17.2-14 36.4-14 57 0 70.7 57.3 128 128 128s128-57.3 128-128c0-20.6-5.3-39.8-14-57l96.3-23.2c18.2-4.4 18.2-27.1 0-31.5l-190.4-46c-13-3.1-26.7-3.1-39.7 0L13.6 48.2c-18.1 4.4-18.1 27.2 0 31.6z\"><\/path><\/svg>\t\t\t\t<\/span>\n\t\t\t<\/div>\n\t\t\t\n\t\t\t\t\t\t<div class=\"elementor-icon-box-content\">\n\n\t\t\t\t\t\t\t\t\t<h3 class=\"elementor-icon-box-title\">\n\t\t\t\t\t\t<span  >\n\t\t\t\t\t\t\tTeaching (Last 5 Years)\t\t\t\t\t\t<\/span>\n\t\t\t\t\t<\/h3>\n\t\t\t\t\n\t\t\t\t\n\t\t\t<\/div>\n\t\t\t\n\t\t<\/div>\n\t\t\t\t\t\t<\/div>\n\t\t\t\t<\/div>\n\t\t\t\t<div class=\"elementor-element elementor-element-a6398f5 elementor-widget elementor-widget-text-editor\" data-id=\"a6398f5\" data-element_type=\"widget\" data-e-type=\"widget\" data-widget_type=\"text-editor.default\">\n\t\t\t\t<div class=\"elementor-widget-container\">\n\t\t\t\t\t\t\t\t\t<p>\u00a0<\/p><ul><li>Geometr\u00eda Diferencial y Aplicaciones. Grado en Matem\u00e1ticas, 2021-2022 and 2022-2023. Universidad de La Laguna.<\/li><li>M\u00e9todos matem\u00e1ticos, Grado de ingenier\u00eda electr\u00f3nica\u00a0 industrial y autom\u00e1tica, 2023-2024 and 2025-2025, Universidad de La Laguna.<\/li><li>Geometr\u00eda Diferencial de Curvas y Superficies, 2025-2026, Universidad de La Laguna<\/li><\/ul><div>\u00a0<\/div>\t\t\t\t\t\t\t\t<\/div>\n\t\t\t\t<\/div>\n\t\t\t\t<\/div>\n\t\t\t\t<\/div>\n\t\t<div class=\"elementor-element elementor-element-3c98406 e-con-full e-flex e-con e-parent\" data-id=\"3c98406\" data-element_type=\"container\" data-e-type=\"container\">\n\t\t\t\t<div class=\"elementor-element elementor-element-5b2982e elementor-view-stacked elementor-shape-circle elementor-position-block-start elementor-mobile-position-block-start elementor-widget elementor-widget-icon-box\" data-id=\"5b2982e\" data-element_type=\"widget\" data-e-type=\"widget\" data-widget_type=\"icon-box.default\">\n\t\t\t\t<div class=\"elementor-widget-container\">\n\t\t\t\t\t\t\t<div class=\"elementor-icon-box-wrapper\">\n\n\t\t\t\t\t\t<div class=\"elementor-icon-box-icon\">\n\t\t\t\t<span  class=\"elementor-icon\">\n\t\t\t\t<svg aria-hidden=\"true\" class=\"e-font-icon-svg e-fas-user-graduate\" viewBox=\"0 0 448 512\" xmlns=\"http:\/\/www.w3.org\/2000\/svg\"><path d=\"M319.4 320.6L224 416l-95.4-95.4C57.1 323.7 0 382.2 0 454.4v9.6c0 26.5 21.5 48 48 48h352c26.5 0 48-21.5 48-48v-9.6c0-72.2-57.1-130.7-128.6-133.8zM13.6 79.8l6.4 1.5v58.4c-7 4.2-12 11.5-12 20.3 0 8.4 4.6 15.4 11.1 19.7L3.5 242c-1.7 6.9 2.1 14 7.6 14h41.8c5.5 0 9.3-7.1 7.6-14l-15.6-62.3C51.4 175.4 56 168.4 56 160c0-8.8-5-16.1-12-20.3V87.1l66 15.9c-8.6 17.2-14 36.4-14 57 0 70.7 57.3 128 128 128s128-57.3 128-128c0-20.6-5.3-39.8-14-57l96.3-23.2c18.2-4.4 18.2-27.1 0-31.5l-190.4-46c-13-3.1-26.7-3.1-39.7 0L13.6 48.2c-18.1 4.4-18.1 27.2 0 31.6z\"><\/path><\/svg>\t\t\t\t<\/span>\n\t\t\t<\/div>\n\t\t\t\n\t\t\t\t\t\t<div class=\"elementor-icon-box-content\">\n\n\t\t\t\t\t\t\t\t\t<h3 class=\"elementor-icon-box-title\">\n\t\t\t\t\t\t<span  >\n\t\t\t\t\t\t\tStudents\t\t\t\t\t\t<\/span>\n\t\t\t\t\t<\/h3>\n\t\t\t\t\n\t\t\t\t\n\t\t\t<\/div>\n\t\t\t\n\t\t<\/div>\n\t\t\t\t\t\t<\/div>\n\t\t\t\t<\/div>\n\t\t<div class=\"elementor-element elementor-element-7f9cbba e-flex e-con-boxed e-con e-child\" data-id=\"7f9cbba\" data-element_type=\"container\" data-e-type=\"container\">\n\t\t\t\t\t<div class=\"e-con-inner\">\n\t\t\t\t<div class=\"elementor-element elementor-element-6e0152a elementor-widget elementor-widget-text-editor\" data-id=\"6e0152a\" data-element_type=\"widget\" data-e-type=\"widget\" data-widget_type=\"text-editor.default\">\n\t\t\t\t<div class=\"elementor-widget-container\">\n\t\t\t\t\t\t\t\t\t<h3><strong>B. Sc.<\/strong><\/h3><ol><li>Giulia Giraldo (codirectora Edith Padr\u00f3n Fern\u00e1ndez) <a href=\"https:\/\/riull.ull.es\/xmlui\/handle\/915\/42897\" target=\"_blank\" rel=\"noopener\">FORMULACIONES GEOM\u00c9TRICAS DE LA MEC\u00c1NICA LAGRANGIANA Y HAMILTONIANA,<\/a> 2025,\u00a0 <span style=\"font-family: Roboto, sans-serif;font-size: 16px;font-style: normal;font-weight: 400\">La Laguna, Canary Islands, Spain.<\/span><\/li><li>Carla Benitez Garc\u00eda (codirectora Edith Padr\u00f3n Fern\u00e1ndez).\u00a0 <a href=\"https:\/\/riull.ull.es\/xmlui\/handle\/915\/33390\" target=\"_blank\" rel=\"noopener\">TEOREMA DE MALUS-DUPIN Y GEOMETR\u00cdA SYMPLECTICA<\/a>.\u00a0<span style=\"font-family: Roboto, sans-serif;font-size: 16px;font-style: normal;font-weight: 400\">University of La Laguna, 2023, La Laguna, Canary Islands, Spain.\u00a0<\/span><a href=\"https:\/\/temat.es\/articulo\/2024-p17\" target=\"_blank\" rel=\"noopener\">TEMat, 8 (2024), p\u00e1gs. 17-30.<\/a><\/li><li>Samuel Quintero Gonzalez. <a href=\"https:\/\/riull.ull.es\/xmlui\/bitstream\/handle\/915\/29074\/Estudio%20geometrico%20de%20la%20ecuacion%20de%20Hamilton-Jacobi.pdf?sequence=1&amp;isAllowed=y\" target=\"_blank\" rel=\"noopener\">ESTUDIO GEOMETRICO DE LA ECUACION DE HAMILTON-JACOBI.<\/a>\u00a0<span style=\"font-family: Roboto, sans-serif;font-size: 16px;font-style: normal;font-weight: 400\">University of La Laguna, 2022, La Laguna, Canary Islands, Spain.<\/span>\u00a0<\/li><li>Karim Omar J\u00e9rez Santana. <a href=\"https:\/\/riull.ull.es\/xmlui\/bitstream\/handle\/915\/20053\/Espacios%20recubridores.pdf?sequence=1\" target=\"_blank\" rel=\"noopener\">ESPACIOS RECUBRIDORES<\/a>. University of La Laguna, 2020, La Laguna, Canary Islands, Spain.<\/li><li>Sara Santana Romero (codirectora Edith Padr\u00f3n Fern\u00e1ndez).\u00a0 <a href=\"https:\/\/riull.ull.es\/xmlui\/bitstream\/handle\/915\/13477\/La+Geometria+del+Indicador+del+Sur.pdf?sequence=1\" target=\"_blank\" rel=\"noopener\">LA GEOMETRIA DEL INDICADOR<\/a> SUR,\u00a0University of La Laguna, 2019, La Laguna, Canary Islands, Spain<\/li><li>Clara Rodr\u00edguez P\u00e9rez (codirectora Edith Padr\u00f3n Fern\u00e1ndez).<a href=\"https:\/\/riull.ull.es\/xmlui\/handle\/915\/6757\" target=\"_blank\" rel=\"noopener\"> GEOMETR\u00cdA DIFERENCIAL EN EL ESTUDIO DE IM\u00c1GENES M\u00c9DICAS<\/a>. University of La Laguna, 2017, La Laguna, Canary Islands, Spain, <a href=\"https:\/\/temat.es\/articulo\/2019-p17\" target=\"_blank\" rel=\"noopener\">TEMat (2019)<\/a>\u00a0<\/li><li>Victor Manuel Jime\u0301nez Morales.\u00a0SYMPLECTIC REDUCTION.\u00a0University of La Laguna, 2013, La Laguna, Canary Islands, Spain<\/li><li>Mo\u0300nica Aymerich Valls.\u00a0LIE-POISSON REDUCTION.\u00a0University of La Laguna, 2010, La Laguna, Canary Islands, Spain<\/li><li>David Iglesias Ponte.\u00a0MARSDEN-WEINSTEIN SYMPLECTIC REDUCTION.\u00a0University of La Laguna, 2009, La Laguna, Canary Islands, Spain<\/li><\/ol>\t\t\t\t\t\t\t\t<\/div>\n\t\t\t\t<\/div>\n\t\t\t\t\t<\/div>\n\t\t\t\t<\/div>\n\t\t\t\t<div class=\"elementor-element elementor-element-dbf0c54 elementor-widget-divider--view-line elementor-widget elementor-widget-divider\" data-id=\"dbf0c54\" data-element_type=\"widget\" data-e-type=\"widget\" data-widget_type=\"divider.default\">\n\t\t\t\t<div class=\"elementor-widget-container\">\n\t\t\t\t\t\t\t<div class=\"elementor-divider\">\n\t\t\t<span class=\"elementor-divider-separator\">\n\t\t\t\t\t\t<\/span>\n\t\t<\/div>\n\t\t\t\t\t\t<\/div>\n\t\t\t\t<\/div>\n\t\t\t\t<div class=\"elementor-element elementor-element-0478bf1 elementor-widget elementor-widget-text-editor\" data-id=\"0478bf1\" data-element_type=\"widget\" data-e-type=\"widget\" data-widget_type=\"text-editor.default\">\n\t\t\t\t<div class=\"elementor-widget-container\">\n\t\t\t\t\t\t\t\t\t<h3><strong>M. Sc.<\/strong><\/h3>\n<ol>\n<li style=\"list-style-type: none\">\n<ol>\n<li>Kevin Gabriel Cabrera Marrero (codirigida con D. Iglesias).&nbsp;AN INTRODUCTION TO SYMPLECTIC GROUPOIDS AND POISSON GEOMETRY,&nbsp;20\/09\/2024, UNED<\/li>\n<li>Leonardo Galleguillos Sagredo.&nbsp;MARSDEN-WEINSTEIN REDUCTION.&nbsp;University of the Basque Country.&nbsp;26\/09\/2017,&nbsp;Bilbao, Basque Country, Spain.<\/li>\n<li>Mo\u0300nica Aymerich Valls.&nbsp;LAGRANGIAN LIE SUBALGEBROIDS OF THE CANONICAL SYMPLECTIC LIE ALGEBROID&nbsp;(codirector Narciso Rom\u00e1n Roy). Polytechnic University of Catalonia&nbsp;13\/07\/2011,&nbsp;Barcelona, Catalonia, Spain.<\/li>\n<li>Elisa Lavinia Guzma\u0301n Alonso.&nbsp;ON TULCZYJEW TRIPLES FOR TIME-DEPENDENT MECHANICS.&nbsp; University of La Laguna,&nbsp;02\/07\/2010,&nbsp;La Laguna, Canary Islands, Spain<\/li>\n<li>Diana Sosa Mart\u00edn (codirector Edith Padr\u00f3n) ON THE DE RHAM COHOMOLOGY OF PARALLEL LOCALLY D-CONFORMAL COSYMPLECTIC MANIFOLDS.&nbsp;&nbsp;University of La Laguna 04\/10\/1999&nbsp;La Laguna, Canary Islands, Spain.<\/li>\n<li>Juan Rocha Marti\u0301n.&nbsp;GENERALIZED HOPF M-HYPERBOLIC MANIFOLDS.&nbsp;University of La Laguna,&nbsp;10\/09\/1991,&nbsp;La Laguna, Canary Islands, Spain<\/li>\n<\/ol>\n<\/li>\n<\/ol>\t\t\t\t\t\t\t\t<\/div>\n\t\t\t\t<\/div>\n\t\t\t\t<\/div>\n\t\t<div class=\"elementor-element elementor-element-f44dbe2 e-flex e-con-boxed e-con e-parent\" data-id=\"f44dbe2\" data-element_type=\"container\" data-e-type=\"container\">\n\t\t\t\t\t<div class=\"e-con-inner\">\n\t\t\t\t<div class=\"elementor-element elementor-element-e33fa38 elementor-widget-divider--view-line elementor-widget elementor-widget-divider\" data-id=\"e33fa38\" data-element_type=\"widget\" data-e-type=\"widget\" data-widget_type=\"divider.default\">\n\t\t\t\t<div class=\"elementor-widget-container\">\n\t\t\t\t\t\t\t<div class=\"elementor-divider\">\n\t\t\t<span class=\"elementor-divider-separator\">\n\t\t\t\t\t\t<\/span>\n\t\t<\/div>\n\t\t\t\t\t\t<\/div>\n\t\t\t\t<\/div>\n\t\t\t\t<div class=\"elementor-element elementor-element-a57f71c animated-slow elementor-invisible elementor-widget elementor-widget-image\" data-id=\"a57f71c\" data-element_type=\"widget\" data-e-type=\"widget\" data-settings=\"{&quot;_animation&quot;:&quot;fadeInRight&quot;}\" data-widget_type=\"image.default\">\n\t\t\t\t<div class=\"elementor-widget-container\">\n\t\t\t\t\t\t\t\t\t\t\t\t\t\t\t<img fetchpriority=\"high\" decoding=\"async\" width=\"1024\" height=\"498\" src=\"https:\/\/wp.ull.es\/jcmarrer\/wp-content\/uploads\/sites\/199\/2024\/08\/20190921_185958.jpg\" class=\"attachment-1536x1536 size-1536x1536 wp-image-1100\" alt=\"\" srcset=\"https:\/\/wp.ull.es\/jcmarrer\/wp-content\/uploads\/sites\/199\/2024\/08\/20190921_185958.jpg 1024w, https:\/\/wp.ull.es\/jcmarrer\/wp-content\/uploads\/sites\/199\/2024\/08\/20190921_185958-150x73.jpg 150w, https:\/\/wp.ull.es\/jcmarrer\/wp-content\/uploads\/sites\/199\/2024\/08\/20190921_185958-768x374.jpg 768w, https:\/\/wp.ull.es\/jcmarrer\/wp-content\/uploads\/sites\/199\/2024\/08\/20190921_185958-100x49.jpg 100w, https:\/\/wp.ull.es\/jcmarrer\/wp-content\/uploads\/sites\/199\/2024\/08\/20190921_185958-200x97.jpg 200w, https:\/\/wp.ull.es\/jcmarrer\/wp-content\/uploads\/sites\/199\/2024\/08\/20190921_185958-300x146.jpg 300w, https:\/\/wp.ull.es\/jcmarrer\/wp-content\/uploads\/sites\/199\/2024\/08\/20190921_185958-450x219.jpg 450w, https:\/\/wp.ull.es\/jcmarrer\/wp-content\/uploads\/sites\/199\/2024\/08\/20190921_185958-600x292.jpg 600w, https:\/\/wp.ull.es\/jcmarrer\/wp-content\/uploads\/sites\/199\/2024\/08\/20190921_185958-900x438.jpg 900w\" sizes=\"(max-width: 1024px) 100vw, 1024px\" \/>\t\t\t\t\t\t\t\t\t\t\t\t\t\t\t<\/div>\n\t\t\t\t<\/div>\n\t\t\t\t\t<\/div>\n\t\t\t\t<\/div>\n\t\t<div class=\"elementor-element elementor-element-5d777f6 e-flex e-con-boxed e-con e-parent\" data-id=\"5d777f6\" data-element_type=\"container\" data-e-type=\"container\">\n\t\t\t\t\t<div class=\"e-con-inner\">\n\t\t\t\t\t<\/div>\n\t\t\t\t<\/div>\n\t\t<div class=\"elementor-element elementor-element-caaf5af e-flex e-con-boxed e-con e-parent\" data-id=\"caaf5af\" data-element_type=\"container\" data-e-type=\"container\">\n\t\t\t\t\t<div class=\"e-con-inner\">\n\t\t\t\t\t<\/div>\n\t\t\t\t<\/div>\n\t\t\t\t<\/div>\n\t\t","protected":false},"excerpt":{"rendered":"<p>Teaching (Last 5 Years) \u00a0 Geometr\u00eda Diferencial y Aplicaciones. Grado en Matem\u00e1ticas, 2021-2022 and 2022-2023. Universidad de La Laguna. M\u00e9todos matem\u00e1ticos, Grado de ingenier\u00eda electr\u00f3nica\u00a0 industrial y autom\u00e1tica, 2023-2024 and 2025-2025, Universidad de La Laguna. Geometr\u00eda Diferencial de Curvas y &hellip;<\/p>\n<p class=\"read-more\"> <a class=\"more-link\" href=\"https:\/\/wp.ull.es\/jcmarrer\/teaching\/\"> <span class=\"screen-reader-text\">Teaching<\/span> Leer m\u00e1s \u00bb<\/a><\/p>\n","protected":false},"author":461,"featured_media":0,"parent":0,"menu_order":0,"comment_status":"closed","ping_status":"closed","template":"","meta":{"footnotes":""},"class_list":["post-301","page","type-page","status-publish","hentry"],"_links":{"self":[{"href":"https:\/\/wp.ull.es\/jcmarrer\/wp-json\/wp\/v2\/pages\/301","targetHints":{"allow":["GET"]}}],"collection":[{"href":"https:\/\/wp.ull.es\/jcmarrer\/wp-json\/wp\/v2\/pages"}],"about":[{"href":"https:\/\/wp.ull.es\/jcmarrer\/wp-json\/wp\/v2\/types\/page"}],"author":[{"embeddable":true,"href":"https:\/\/wp.ull.es\/jcmarrer\/wp-json\/wp\/v2\/users\/461"}],"replies":[{"embeddable":true,"href":"https:\/\/wp.ull.es\/jcmarrer\/wp-json\/wp\/v2\/comments?post=301"}],"version-history":[{"count":3,"href":"https:\/\/wp.ull.es\/jcmarrer\/wp-json\/wp\/v2\/pages\/301\/revisions"}],"predecessor-version":[{"id":1295,"href":"https:\/\/wp.ull.es\/jcmarrer\/wp-json\/wp\/v2\/pages\/301\/revisions\/1295"}],"wp:attachment":[{"href":"https:\/\/wp.ull.es\/jcmarrer\/wp-json\/wp\/v2\/media?parent=301"}],"curies":[{"name":"wp","href":"https:\/\/api.w.org\/{rel}","templated":true}]}}