{"id":98,"date":"2022-11-19T14:18:20","date_gmt":"2022-11-19T14:18:20","guid":{"rendered":"https:\/\/fundicionartisticaull.wordpress.com\/?page_id=98"},"modified":"2026-03-17T20:18:38","modified_gmt":"2026-03-17T20:18:38","slug":"exposiciones","status":"publish","type":"page","link":"https:\/\/wp.ull.es\/fundicionartisticaull\/exposiciones\/","title":{"rendered":"\u00abExposiciones\u00bb"},"content":{"rendered":"\n<hr class=\"wp-block-separator alignwide has-alpha-channel-opacity is-style-wide\" \/>\n\n\n\n<h4 class=\"wp-block-heading alignwide has-text-align-center has-background-color has-foreground-background-color has-text-color has-background has-link-color wp-elements-f6aab3317a1b1ed1183bb252f886b59a\" style=\"margin-top:var(--wp--preset--spacing--20);margin-bottom:var(--wp--preset--spacing--20);padding-top:var(--wp--preset--spacing--60);padding-right:0;padding-bottom:var(--wp--preset--spacing--60);padding-left:0\">EXPOSICIONES<\/h4>\n\n\n\n<hr class=\"wp-block-separator alignwide has-alpha-channel-opacity is-style-wide\" style=\"margin-top:var(--wp--preset--spacing--20);margin-bottom:var(--wp--preset--spacing--20)\" \/>\n\n\n\n<div class=\"wp-block-group alignwide is-layout-flow wp-block-group-is-layout-flow\">\n<div class=\"wp-block-columns is-layout-flex wp-container-core-columns-is-layout-28f84493 wp-block-columns-is-layout-flex\">\n<div class=\"wp-block-column is-vertically-aligned-center is-layout-flow wp-block-column-is-layout-flow\">\n<figure class=\"wp-block-image aligncenter size-large is-resized margin-bottom-half\"><a href=\"https:\/\/wp.ull.es\/fundicionartisticaull\/diez-anos\/\"><img decoding=\"async\" src=\"https:\/\/fundicionartisticaull.files.wordpress.com\/2022\/11\/40e136e9-213d-424f-b5f0-f4c44261e992.jpeg?w=212\" alt=\"\" class=\"wp-image-32\" style=\"width:282px;height:282px\" \/><\/a><\/figure>\n\n\n\n<h6 class=\"wp-block-heading has-text-align-center margin-top-half\"> <strong>\u00abDiez a\u00f1os\u00bb<\/strong><\/h6>\n<\/div>\n\n\n\n<div class=\"wp-block-column is-layout-flow wp-block-column-is-layout-flow\">\n<figure class=\"wp-block-image aligncenter size-large margin-bottom-half\"><a href=\"https:\/\/wp.ull.es\/fundicionartisticaull\/porfolio\/\"><img decoding=\"async\" src=\"https:\/\/fundicionartisticaull.files.wordpress.com\/2022\/11\/ba00d1ce-2da4-469b-a888-97c3ccbb65aa.jpeg?w=283\" alt=\"\" class=\"wp-image-33\" \/><\/a><\/figure>\n\n\n\n<h6 class=\"wp-block-heading has-text-align-center margin-top-half\"><strong>\u00abAleaciones\u00bb<\/strong><\/h6>\n<\/div>\n\n\n\n<div class=\"wp-block-column is-layout-flow wp-block-column-is-layout-flow\">\n<figure class=\"wp-block-image aligncenter size-large is-resized margin-bottom-half\"><a href=\"https:\/\/wp.ull.es\/fundicionartisticaull\/porfolio-2\/\"><img decoding=\"async\" src=\"https:\/\/fundicionartisticaull.files.wordpress.com\/2022\/11\/40808097-4866-4717-b583-3dbd43637690.jpeg?w=212\" alt=\"\" class=\"wp-image-34\" style=\"width:286px;height:286px\" \/><\/a><\/figure>\n\n\n\n<h6 class=\"wp-block-heading has-text-align-center margin-top-half\"><strong>\u00abMAr de bronce\u00bb<\/strong><\/h6>\n<\/div>\n<\/div>\n<\/div>\n\n\n\n<div class=\"wp-block-group alignwide is-layout-flow wp-block-group-is-layout-flow\">\n<div class=\"wp-block-columns is-layout-flex wp-container-core-columns-is-layout-28f84493 wp-block-columns-is-layout-flex\">\n<div class=\"wp-block-column is-layout-flow wp-block-column-is-layout-flow\">\n<figure class=\"wp-block-image aligncenter size-large is-resized margin-bottom-half\"><a href=\"https:\/\/wp.ull.es\/fundicionartisticaull\/huella-del-lobo-estepario\/\"><img decoding=\"async\" src=\"https:\/\/fundicionartisticaull.files.wordpress.com\/2022\/11\/83300eac-54d6-4a59-8c8f-4f004e2a1231.jpeg?w=212\" alt=\"\" class=\"wp-image-25\" style=\"width:281px;height:281px\" \/><\/a><\/figure>\n\n\n\n<h6 class=\"wp-block-heading has-text-align-center margin-top-half\"><strong>\u00abHuella y obra del lobo<\/strong>  <strong> estepario\u00bb<\/strong><\/h6>\n<\/div>\n\n\n\n<div class=\"wp-block-column is-layout-flow wp-block-column-is-layout-flow\">\n<figure class=\"wp-block-image aligncenter size-large margin-bottom-half\"><a href=\"https:\/\/wp.ull.es\/fundicionartisticaull\/caja-canarias\/\"><img decoding=\"async\" src=\"https:\/\/fundicionartisticaull.files.wordpress.com\/2022\/11\/ab645884-9a89-4760-8f06-30f11309a65e.jpeg?w=283\" alt=\"\" class=\"wp-image-31\" \/><\/a><\/figure>\n\n\n\n<h6 class=\"wp-block-heading has-text-align-center margin-top-half\"><strong>\u00abcaja canarias\u00bb<\/strong><\/h6>\n<\/div>\n\n\n\n<div class=\"wp-block-column is-layout-flow wp-block-column-is-layout-flow\">\n<figure class=\"wp-block-image aligncenter size-large is-resized margin-bottom-half\"><img decoding=\"async\" src=\"https:\/\/fundicionartisticaull.files.wordpress.com\/2022\/11\/7e2651fe-94ae-4dc9-ae3b-90af4fd1b204.jpeg?w=640\" alt=\"\" class=\"wp-image-24\" style=\"width:301px;height:286px\" \/><\/figure>\n\n\n\n<h6 class=\"wp-block-heading has-text-align-center margin-top-half\"><strong>\u00abJoyas de autor<\/strong>\u00ab<\/h6>\n<\/div>\n<\/div>\n<\/div>\n\n\n\n<div class=\"wp-block-group alignwide is-layout-flow wp-block-group-is-layout-flow\">\n<div class=\"wp-block-columns is-layout-flex wp-container-core-columns-is-layout-28f84493 wp-block-columns-is-layout-flex\">\n<div class=\"wp-block-column is-layout-flow wp-block-column-is-layout-flow\">\n<figure class=\"wp-block-image aligncenter size-full is-resized\"><img fetchpriority=\"high\" decoding=\"async\" width=\"331\" height=\"496\" src=\"https:\/\/wp.ull.es\/fundicionartisticaull\/wp-content\/uploads\/sites\/145\/2024\/03\/Screenshot_60-1-edited.jpg\" alt=\"\" class=\"wp-image-1259\" style=\"width:276px;height:auto\" srcset=\"https:\/\/wp.ull.es\/fundicionartisticaull\/wp-content\/uploads\/sites\/145\/2024\/03\/Screenshot_60-1-edited.jpg 331w, https:\/\/wp.ull.es\/fundicionartisticaull\/wp-content\/uploads\/sites\/145\/2024\/03\/Screenshot_60-1-edited-200x300.jpg 200w\" sizes=\"(max-width: 331px) 100vw, 331px\" \/><\/figure>\n\n\n\n<h6 class=\"wp-block-heading has-text-align-center margin-top-half\"><strong>\u00ab150kg de bronce\u00bb<\/strong><\/h6>\n<\/div>\n\n\n\n<div class=\"wp-block-column is-layout-flow wp-block-column-is-layout-flow\">\n<figure class=\"wp-block-image aligncenter size-large is-resized margin-bottom-half\"><a href=\"https:\/\/wp.ull.es\/fundicionartisticaull\/porfolio-3\/\"><img decoding=\"async\" src=\"https:\/\/fundicionartisticaull.files.wordpress.com\/2022\/11\/cartel-poeticas-de-peso-2_mesa-de-trabajo-1-copia-2.jpg?w=734\" alt=\"\" class=\"wp-image-103\" style=\"aspect-ratio:0.717607973421927;width:287px;height:auto\" \/><\/a><\/figure>\n\n\n\n<h6 class=\"wp-block-heading has-text-align-center margin-top-half\"><strong>\u00abPO\u00c9TICAS DE PESO\u00bb<\/strong><\/h6>\n<\/div>\n\n\n\n<div class=\"wp-block-column is-layout-flow wp-block-column-is-layout-flow\"><\/div>\n<\/div>\n<\/div>\n","protected":false},"excerpt":{"rendered":"<p>EXPOSICIONES \u00abDiez a\u00f1os\u00bb \u00abAleaciones\u00bb \u00abMAr de bronce\u00bb \u00abHuella y obra del lobo estepario\u00bb \u00abcaja canarias\u00bb \u00abJoyas de autor\u00ab \u00ab150kg de bronce\u00bb \u00abPO\u00c9TICAS DE PESO\u00bb<\/p>\n","protected":false},"author":441,"featured_media":0,"parent":0,"menu_order":0,"comment_status":"closed","ping_status":"closed","template":"","meta":{"ngg_post_thumbnail":0,"footnotes":""},"class_list":["post-98","page","type-page","status-publish","hentry"],"yoast_head":"<!-- This site is optimized with the Yoast SEO plugin v27.4 - https:\/\/yoast.com\/product\/yoast-seo-wordpress\/ -->\n<title>&quot;Exposiciones&quot; - Fundici\u00f3n Art\u00edstica ULL<\/title>\n<meta name=\"description\" content=\"Exposiciones conformadas por piezas realizadas en el Taller de Fundici\u00f3n\" \/>\n<meta name=\"robots\" content=\"index, follow, max-snippet:-1, max-image-preview:large, max-video-preview:-1\" \/>\n<link rel=\"canonical\" href=\"https:\/\/wp.ull.es\/fundicionartisticaull\/exposiciones\/\" \/>\n<meta property=\"og:locale\" content=\"es_ES\" \/>\n<meta property=\"og:type\" content=\"article\" \/>\n<meta property=\"og:title\" content=\"&quot;Exposiciones&quot; - Fundici\u00f3n Art\u00edstica ULL\" \/>\n<meta property=\"og:description\" content=\"Exposiciones conformadas por piezas realizadas en el Taller de Fundici\u00f3n\" \/>\n<meta property=\"og:url\" content=\"https:\/\/wp.ull.es\/fundicionartisticaull\/exposiciones\/\" \/>\n<meta property=\"og:site_name\" content=\"Fundici\u00f3n Art\u00edstica ULL\" \/>\n<meta property=\"article:modified_time\" content=\"2026-03-17T20:18:38+00:00\" \/>\n<meta name=\"twitter:card\" content=\"summary_large_image\" \/>\n<meta name=\"twitter:label1\" content=\"Tiempo de lectura\" \/>\n\t<meta name=\"twitter:data1\" content=\"2 minutos\" \/>\n<script type=\"application\/ld+json\" class=\"yoast-schema-graph\">{\"@context\":\"https:\\\/\\\/schema.org\",\"@graph\":[{\"@type\":\"WebPage\",\"@id\":\"https:\\\/\\\/wp.ull.es\\\/fundicionartisticaull\\\/exposiciones\\\/\",\"url\":\"https:\\\/\\\/wp.ull.es\\\/fundicionartisticaull\\\/exposiciones\\\/\",\"name\":\"\\\"Exposiciones\\\" - Fundici\u00f3n Art\u00edstica ULL\",\"isPartOf\":{\"@id\":\"https:\\\/\\\/wp.ull.es\\\/fundicionartisticaull\\\/#website\"},\"primaryImageOfPage\":{\"@id\":\"https:\\\/\\\/wp.ull.es\\\/fundicionartisticaull\\\/exposiciones\\\/#primaryimage\"},\"image\":{\"@id\":\"https:\\\/\\\/wp.ull.es\\\/fundicionartisticaull\\\/exposiciones\\\/#primaryimage\"},\"thumbnailUrl\":\"https:\\\/\\\/fundicionartisticaull.files.wordpress.com\\\/2022\\\/11\\\/40e136e9-213d-424f-b5f0-f4c44261e992.jpeg?w=212\",\"datePublished\":\"2022-11-19T14:18:20+00:00\",\"dateModified\":\"2026-03-17T20:18:38+00:00\",\"description\":\"Exposiciones conformadas por piezas realizadas en el Taller de Fundici\u00f3n\",\"breadcrumb\":{\"@id\":\"https:\\\/\\\/wp.ull.es\\\/fundicionartisticaull\\\/exposiciones\\\/#breadcrumb\"},\"inLanguage\":\"es\",\"potentialAction\":[{\"@type\":\"ReadAction\",\"target\":[\"https:\\\/\\\/wp.ull.es\\\/fundicionartisticaull\\\/exposiciones\\\/\"]}]},{\"@type\":\"ImageObject\",\"inLanguage\":\"es\",\"@id\":\"https:\\\/\\\/wp.ull.es\\\/fundicionartisticaull\\\/exposiciones\\\/#primaryimage\",\"url\":\"https:\\\/\\\/fundicionartisticaull.files.wordpress.com\\\/2022\\\/11\\\/40e136e9-213d-424f-b5f0-f4c44261e992.jpeg?w=212\",\"contentUrl\":\"https:\\\/\\\/fundicionartisticaull.files.wordpress.com\\\/2022\\\/11\\\/40e136e9-213d-424f-b5f0-f4c44261e992.jpeg?w=212\"},{\"@type\":\"BreadcrumbList\",\"@id\":\"https:\\\/\\\/wp.ull.es\\\/fundicionartisticaull\\\/exposiciones\\\/#breadcrumb\",\"itemListElement\":[{\"@type\":\"ListItem\",\"position\":1,\"name\":\"Portada\",\"item\":\"https:\\\/\\\/wp.ull.es\\\/fundicionartisticaull\\\/\"},{\"@type\":\"ListItem\",\"position\":2,\"name\":\"\u00abExposiciones\u00bb\"}]},{\"@type\":\"WebSite\",\"@id\":\"https:\\\/\\\/wp.ull.es\\\/fundicionartisticaull\\\/#website\",\"url\":\"https:\\\/\\\/wp.ull.es\\\/fundicionartisticaull\\\/\",\"name\":\"FUNIDICI\u00d3N ART\u00cdSTICA ULL\",\"description\":\"Taller de fundici\u00f3n en la Universidad de La Laguna\",\"publisher\":{\"@id\":\"https:\\\/\\\/wp.ull.es\\\/fundicionartisticaull\\\/#organization\"},\"potentialAction\":[{\"@type\":\"SearchAction\",\"target\":{\"@type\":\"EntryPoint\",\"urlTemplate\":\"https:\\\/\\\/wp.ull.es\\\/fundicionartisticaull\\\/?s={search_term_string}\"},\"query-input\":{\"@type\":\"PropertyValueSpecification\",\"valueRequired\":true,\"valueName\":\"search_term_string\"}}],\"inLanguage\":\"es\"},{\"@type\":\"Organization\",\"@id\":\"https:\\\/\\\/wp.ull.es\\\/fundicionartisticaull\\\/#organization\",\"name\":\"AULA DE FUNDICI\u00d3N\",\"url\":\"https:\\\/\\\/wp.ull.es\\\/fundicionartisticaull\\\/\",\"logo\":{\"@type\":\"ImageObject\",\"inLanguage\":\"es\",\"@id\":\"https:\\\/\\\/wp.ull.es\\\/fundicionartisticaull\\\/#\\\/schema\\\/logo\\\/image\\\/\",\"url\":\"https:\\\/\\\/wp.ull.es\\\/fundicionartisticaull\\\/wp-content\\\/uploads\\\/sites\\\/145\\\/2024\\\/03\\\/9CC10F4E-628E-4F8B-BFA4-29DE0BAE15F2-edited.jpg\",\"contentUrl\":\"https:\\\/\\\/wp.ull.es\\\/fundicionartisticaull\\\/wp-content\\\/uploads\\\/sites\\\/145\\\/2024\\\/03\\\/9CC10F4E-628E-4F8B-BFA4-29DE0BAE15F2-edited.jpg\",\"width\":768,\"height\":768,\"caption\":\"AULA DE FUNDICI\u00d3N\"},\"image\":{\"@id\":\"https:\\\/\\\/wp.ull.es\\\/fundicionartisticaull\\\/#\\\/schema\\\/logo\\\/image\\\/\"}}]}<\/script>\n<!-- \/ Yoast SEO plugin. -->","yoast_head_json":{"title":"\"Exposiciones\" - Fundici\u00f3n Art\u00edstica ULL","description":"Exposiciones conformadas por piezas realizadas en el Taller de Fundici\u00f3n","robots":{"index":"index","follow":"follow","max-snippet":"max-snippet:-1","max-image-preview":"max-image-preview:large","max-video-preview":"max-video-preview:-1"},"canonical":"https:\/\/wp.ull.es\/fundicionartisticaull\/exposiciones\/","og_locale":"es_ES","og_type":"article","og_title":"\"Exposiciones\" - Fundici\u00f3n Art\u00edstica ULL","og_description":"Exposiciones conformadas por piezas realizadas en el Taller de Fundici\u00f3n","og_url":"https:\/\/wp.ull.es\/fundicionartisticaull\/exposiciones\/","og_site_name":"Fundici\u00f3n Art\u00edstica ULL","article_modified_time":"2026-03-17T20:18:38+00:00","twitter_card":"summary_large_image","twitter_misc":{"Tiempo de lectura":"2 minutos"},"schema":{"@context":"https:\/\/schema.org","@graph":[{"@type":"WebPage","@id":"https:\/\/wp.ull.es\/fundicionartisticaull\/exposiciones\/","url":"https:\/\/wp.ull.es\/fundicionartisticaull\/exposiciones\/","name":"\"Exposiciones\" - Fundici\u00f3n Art\u00edstica ULL","isPartOf":{"@id":"https:\/\/wp.ull.es\/fundicionartisticaull\/#website"},"primaryImageOfPage":{"@id":"https:\/\/wp.ull.es\/fundicionartisticaull\/exposiciones\/#primaryimage"},"image":{"@id":"https:\/\/wp.ull.es\/fundicionartisticaull\/exposiciones\/#primaryimage"},"thumbnailUrl":"https:\/\/fundicionartisticaull.files.wordpress.com\/2022\/11\/40e136e9-213d-424f-b5f0-f4c44261e992.jpeg?w=212","datePublished":"2022-11-19T14:18:20+00:00","dateModified":"2026-03-17T20:18:38+00:00","description":"Exposiciones conformadas por piezas realizadas en el Taller de Fundici\u00f3n","breadcrumb":{"@id":"https:\/\/wp.ull.es\/fundicionartisticaull\/exposiciones\/#breadcrumb"},"inLanguage":"es","potentialAction":[{"@type":"ReadAction","target":["https:\/\/wp.ull.es\/fundicionartisticaull\/exposiciones\/"]}]},{"@type":"ImageObject","inLanguage":"es","@id":"https:\/\/wp.ull.es\/fundicionartisticaull\/exposiciones\/#primaryimage","url":"https:\/\/fundicionartisticaull.files.wordpress.com\/2022\/11\/40e136e9-213d-424f-b5f0-f4c44261e992.jpeg?w=212","contentUrl":"https:\/\/fundicionartisticaull.files.wordpress.com\/2022\/11\/40e136e9-213d-424f-b5f0-f4c44261e992.jpeg?w=212"},{"@type":"BreadcrumbList","@id":"https:\/\/wp.ull.es\/fundicionartisticaull\/exposiciones\/#breadcrumb","itemListElement":[{"@type":"ListItem","position":1,"name":"Portada","item":"https:\/\/wp.ull.es\/fundicionartisticaull\/"},{"@type":"ListItem","position":2,"name":"\u00abExposiciones\u00bb"}]},{"@type":"WebSite","@id":"https:\/\/wp.ull.es\/fundicionartisticaull\/#website","url":"https:\/\/wp.ull.es\/fundicionartisticaull\/","name":"FUNIDICI\u00d3N ART\u00cdSTICA ULL","description":"Taller de fundici\u00f3n en la Universidad de La Laguna","publisher":{"@id":"https:\/\/wp.ull.es\/fundicionartisticaull\/#organization"},"potentialAction":[{"@type":"SearchAction","target":{"@type":"EntryPoint","urlTemplate":"https:\/\/wp.ull.es\/fundicionartisticaull\/?s={search_term_string}"},"query-input":{"@type":"PropertyValueSpecification","valueRequired":true,"valueName":"search_term_string"}}],"inLanguage":"es"},{"@type":"Organization","@id":"https:\/\/wp.ull.es\/fundicionartisticaull\/#organization","name":"AULA DE FUNDICI\u00d3N","url":"https:\/\/wp.ull.es\/fundicionartisticaull\/","logo":{"@type":"ImageObject","inLanguage":"es","@id":"https:\/\/wp.ull.es\/fundicionartisticaull\/#\/schema\/logo\/image\/","url":"https:\/\/wp.ull.es\/fundicionartisticaull\/wp-content\/uploads\/sites\/145\/2024\/03\/9CC10F4E-628E-4F8B-BFA4-29DE0BAE15F2-edited.jpg","contentUrl":"https:\/\/wp.ull.es\/fundicionartisticaull\/wp-content\/uploads\/sites\/145\/2024\/03\/9CC10F4E-628E-4F8B-BFA4-29DE0BAE15F2-edited.jpg","width":768,"height":768,"caption":"AULA DE FUNDICI\u00d3N"},"image":{"@id":"https:\/\/wp.ull.es\/fundicionartisticaull\/#\/schema\/logo\/image\/"}}]}},"_links":{"self":[{"href":"https:\/\/wp.ull.es\/fundicionartisticaull\/wp-json\/wp\/v2\/pages\/98","targetHints":{"allow":["GET"]}}],"collection":[{"href":"https:\/\/wp.ull.es\/fundicionartisticaull\/wp-json\/wp\/v2\/pages"}],"about":[{"href":"https:\/\/wp.ull.es\/fundicionartisticaull\/wp-json\/wp\/v2\/types\/page"}],"author":[{"embeddable":true,"href":"https:\/\/wp.ull.es\/fundicionartisticaull\/wp-json\/wp\/v2\/users\/441"}],"replies":[{"embeddable":true,"href":"https:\/\/wp.ull.es\/fundicionartisticaull\/wp-json\/wp\/v2\/comments?post=98"}],"version-history":[{"count":2,"href":"https:\/\/wp.ull.es\/fundicionartisticaull\/wp-json\/wp\/v2\/pages\/98\/revisions"}],"predecessor-version":[{"id":2370,"href":"https:\/\/wp.ull.es\/fundicionartisticaull\/wp-json\/wp\/v2\/pages\/98\/revisions\/2370"}],"wp:attachment":[{"href":"https:\/\/wp.ull.es\/fundicionartisticaull\/wp-json\/wp\/v2\/media?parent=98"}],"curies":[{"name":"wp","href":"https:\/\/api.w.org\/{rel}","templated":true}]}}