{"id":834,"date":"2024-03-07T14:38:22","date_gmt":"2024-03-07T14:38:22","guid":{"rendered":"https:\/\/fundicionartisticaull.wordpress.com\/?page_id=834"},"modified":"2025-11-03T13:36:19","modified_gmt":"2025-11-03T13:36:19","slug":"actualidad","status":"publish","type":"page","link":"https:\/\/wp.ull.es\/fundicionartisticaull\/actualidad\/","title":{"rendered":"E.Actualidad"},"content":{"rendered":"\n<hr class=\"wp-block-separator alignwide has-text-color has-foreground-color has-alpha-channel-opacity has-foreground-background-color has-background is-style-wide\" \/>\n\n\n\n<h4 class=\"wp-block-heading alignwide has-text-align-center has-background-color has-foreground-background-color has-text-color has-background has-link-color has-x-large-font-size wp-elements-2854d42f190b593baa184e295528d82e\" style=\"margin-top:var(--wp--preset--spacing--20);margin-bottom:var(--wp--preset--spacing--20);text-transform:uppercase\">Actualidad<\/h4>\n\n\n\n<hr class=\"wp-block-separator alignwide has-alpha-channel-opacity is-style-wide\" style=\"margin-top:var(--wp--preset--spacing--20);margin-bottom:var(--wp--preset--spacing--20)\" \/>\n\n\n\n<figure class=\"wp-block-image size-full\"><img fetchpriority=\"high\" decoding=\"async\" width=\"1024\" height=\"576\" src=\"https:\/\/wp.ull.es\/fundicionartisticaull\/wp-content\/uploads\/sites\/145\/2025\/11\/Captura-de-pantalla-2025-11-03-a-las-13.30.45.jpeg\" alt=\"\" class=\"wp-image-2458\" srcset=\"https:\/\/wp.ull.es\/fundicionartisticaull\/wp-content\/uploads\/sites\/145\/2025\/11\/Captura-de-pantalla-2025-11-03-a-las-13.30.45.jpeg 1024w, https:\/\/wp.ull.es\/fundicionartisticaull\/wp-content\/uploads\/sites\/145\/2025\/11\/Captura-de-pantalla-2025-11-03-a-las-13.30.45-300x169.jpeg 300w, https:\/\/wp.ull.es\/fundicionartisticaull\/wp-content\/uploads\/sites\/145\/2025\/11\/Captura-de-pantalla-2025-11-03-a-las-13.30.45-768x432.jpeg 768w\" sizes=\"(max-width: 1024px) 100vw, 1024px\" \/><\/figure>\n\n\n\n<p><a href=\"https:\/\/youtu.be\/qGK1JF6oOZ4?si=R1QQvzT5eD3m2U22\">\u00ab<strong>TEKNE<\/strong>\u00bb <strong>TE<\/strong>nerife\u00a0<strong>KN<\/strong>owledge\u00a0<strong>E<\/strong>ntrepreneurship es el programa de acompa\u00f1amiento de iniciativas empresariales basadas en conocimiento generado en la Universidad de La Laguna.<\/a><\/p>\n\n\n\n<p>1 de abril 2025<\/p>\n\n\n\n<p>TEKNE \/ PULL<\/p>\n\n\n\n<div class=\"wp-block-group alignwide is-layout-constrained wp-block-group-is-layout-constrained\">\n<div class=\"wp-block-columns alignwide is-layout-flex wp-container-core-columns-is-layout-28f84493 wp-block-columns-is-layout-flex\">\n<div class=\"wp-block-column is-layout-flow wp-block-column-is-layout-flow\">\n<figure class=\"wp-block-image size-large\"><img decoding=\"async\" src=\"https:\/\/fundicionartisticaull.files.wordpress.com\/2024\/03\/screenshot_9-edited.png\" alt=\"\" class=\"wp-image-857\" \/><\/figure>\n\n\n\n<p><a href=\"https:\/\/periodismo.ull.es\/troncos-piteras-y-palmeras\/\"><strong>Troncos, piteras y palmeras<\/strong><\/a><\/p>\n\n\n\n<p class=\"has-small-font-size\">30 de julio 2023<\/p>\n\n\n\n<p>PULL<\/p>\n<\/div>\n\n\n\n<div class=\"wp-block-column is-layout-flow wp-block-column-is-layout-flow\">\n<figure class=\"wp-block-image size-large\"><img decoding=\"async\" src=\"https:\/\/fundicionartisticaull.files.wordpress.com\/2024\/03\/screenshot_8-edited.png\" alt=\"\" class=\"wp-image-855\" \/><\/figure>\n\n\n\n<p><a href=\"https:\/\/periodismo.ull.es\/detras-de-los-troncos-se-ven-las-palmeras\/\"><strong>Detr\u00e1s de los troncos se ven las palmeras<\/strong><\/a><\/p>\n\n\n\n<p class=\"has-small-font-size\">29 de julio 2023<\/p>\n\n\n\n<p>PULL<\/p>\n<\/div>\n<\/div>\n\n\n\n<div class=\"wp-block-columns alignwide is-layout-flex wp-container-core-columns-is-layout-28f84493 wp-block-columns-is-layout-flex\">\n<div class=\"wp-block-column is-layout-flow wp-block-column-is-layout-flow\">\n<figure class=\"wp-block-image size-large\"><img decoding=\"async\" src=\"https:\/\/fundicionartisticaull.files.wordpress.com\/2024\/03\/whatsapp-image-2023-07-26-at-17.47.56-edited.jpeg\" alt=\"\" class=\"wp-image-852\" \/><\/figure>\n\n\n\n<p><a href=\"https:\/\/periodismo.ull.es\/lanzarote-se-vuelca-con-la-segunda-edicion-del-campus-de-escultura\/\"><strong>Lanzarote se vuelca con la segunda edici\u00f3n del Campus de Escultura<\/strong><\/a><\/p>\n\n\n\n<p class=\"has-small-font-size\">26 de julio 2023<\/p>\n\n\n\n<p>PULL<\/p>\n<\/div>\n\n\n\n<div class=\"wp-block-column is-layout-flow wp-block-column-is-layout-flow\">\n<figure class=\"wp-block-image size-large is-resized\"><img decoding=\"async\" src=\"https:\/\/fundicionartisticaull.files.wordpress.com\/2024\/03\/foto-campus-edited.jpeg\" alt=\"\" class=\"wp-image-851\" style=\"width:597px;height:auto\" \/><\/figure>\n\n\n\n<p><a href=\"https:\/\/www.laprovincia.es\/lanzarote\/2022\/07\/28\/estudiantes-bellas-artes-periodismo-participan-71949934.html\"><strong>Estudiantes de Bellas Artes y Periodismo participan en el primer campus de escultura de Espa\u00f1a<\/strong><\/a><\/p>\n\n\n\n<p class=\"has-small-font-size\">24 de julio 2023 <\/p>\n\n\n\n<p>PULL<\/p>\n<\/div>\n<\/div>\n\n\n\n<div class=\"wp-block-columns alignwide is-layout-flex wp-container-core-columns-is-layout-28f84493 wp-block-columns-is-layout-flex\">\n<div class=\"wp-block-column is-layout-flow wp-block-column-is-layout-flow\">\n<figure class=\"wp-block-image size-large\"><img decoding=\"async\" src=\"https:\/\/fundicionartisticaull.files.wordpress.com\/2024\/03\/screenshot_10-edited.png\" alt=\"\" class=\"wp-image-860\" \/><\/figure>\n\n\n\n<p><a href=\"https:\/\/periodismo.ull.es\/homenaje-a-blas-cabrera-en-el-edificio-de-fisica-y-matematicas-de-la-ull\/\"><strong>Homenaje a Blas Cabrera en el edificio de F\u00edsica y Matem\u00e1ticas de la ULL<\/strong><\/a><\/p>\n\n\n\n<p class=\"has-small-font-size\">25 de marzo 2023<\/p>\n\n\n\n<p><a href=\"https:\/\/periodismo.ull.es\/\">PULL<\/a><\/p>\n<\/div>\n\n\n\n<div class=\"wp-block-column is-layout-flow wp-block-column-is-layout-flow\">\n<figure class=\"wp-block-image size-large is-resized\"><img decoding=\"async\" src=\"https:\/\/fundicionartisticaull.files.wordpress.com\/2024\/03\/screenshot_11-edited.png\" alt=\"\" class=\"wp-image-862\" style=\"width:597px;height:auto\" \/><\/figure>\n\n\n\n<p><a href=\"https:\/\/periodismo.ull.es\/la-ull-homenajea-al-profesor-hayek-calil-en-el-centenario-de-su-nacimiento\/\"><strong>La ULL homenajea al profesor Hayek Calil en el centenario de su nacimiento<\/strong><\/a><\/p>\n\n\n\n<p class=\"has-small-font-size\">19 de septiembre 2022<\/p>\n\n\n\n<p><a href=\"https:\/\/periodismo.ull.es\/\">PULL<\/a><\/p>\n<\/div>\n<\/div>\n\n\n\n<div class=\"wp-block-columns alignwide is-layout-flex wp-container-core-columns-is-layout-28f84493 wp-block-columns-is-layout-flex\">\n<div class=\"wp-block-column is-layout-flow wp-block-column-is-layout-flow\">\n<figure class=\"wp-block-image size-large\"><img decoding=\"async\" src=\"https:\/\/fundicionartisticaull.files.wordpress.com\/2024\/03\/screenshot_14-edited.png\" alt=\"\" class=\"wp-image-869\" \/><\/figure>\n\n\n\n<p><a href=\"https:\/\/periodismo.ull.es\/un-campus-de-escultura-a-la-sombra-del-soco\/\"><strong>Un campus de escultura a la sombra del soco<\/strong><\/a><\/p>\n\n\n\n<p class=\"has-small-font-size\">31 de julio 2022<\/p>\n\n\n\n<p><a href=\"https:\/\/periodismo.ull.es\/\">PULL<\/a><\/p>\n<\/div>\n\n\n\n<div class=\"wp-block-column is-layout-flow wp-block-column-is-layout-flow\">\n<figure class=\"wp-block-image size-large is-resized\"><img decoding=\"async\" src=\"https:\/\/fundicionartisticaull.files.wordpress.com\/2024\/03\/screenshot_15.png?w=984\" alt=\"\" class=\"wp-image-870\" style=\"width:597px;height:auto\" \/><\/figure>\n\n\n\n<p><a href=\"https:\/\/www.laprovincia.es\/lanzarote\/2022\/07\/28\/estudiantes-bellas-artes-periodismo-participan-71949934.html\"><strong>Estudiantes de Bellas Artes y Periodismo participan en el primer campus de escultura de Espa\u00f1a<\/strong><\/a><\/p>\n\n\n\n<p class=\"has-small-font-size\">28 de julio 2022<\/p>\n\n\n\n<p><a href=\"https:\/\/www.laprovincia.es\/\">La Provincia<\/a><\/p>\n<\/div>\n<\/div>\n\n\n\n<div class=\"wp-block-columns alignwide is-layout-flex wp-container-core-columns-is-layout-28f84493 wp-block-columns-is-layout-flex\">\n<div class=\"wp-block-column is-layout-flow wp-block-column-is-layout-flow\">\n<figure class=\"wp-block-image size-large\"><img decoding=\"async\" src=\"https:\/\/fundicionartisticaull.files.wordpress.com\/2024\/03\/screenshot_12-edited.png\" alt=\"\" class=\"wp-image-866\" \/><\/figure>\n\n\n\n<p><a href=\"https:\/\/periodismo.ull.es\/el-i-campus-de-escultura-de-lanzarote-se-presenta-manana-miercoles\/\"><strong>El I Campus de Escultura de Lanzarote se presenta ma\u00f1ana mi\u00e9rcoles<\/strong><\/a><\/p>\n\n\n\n<p class=\"has-small-font-size\">26 de julio 2022<\/p>\n\n\n\n<p><a href=\"https:\/\/periodismo.ull.es\/\">PULL<\/a><\/p>\n<\/div>\n\n\n\n<div class=\"wp-block-column is-layout-flow wp-block-column-is-layout-flow\">\n<figure class=\"wp-block-image size-large is-resized\"><img decoding=\"async\" src=\"https:\/\/fundicionartisticaull.files.wordpress.com\/2024\/03\/screenshot_13-edited.png\" alt=\"\" class=\"wp-image-867\" style=\"width:597px;height:auto\" \/><\/figure>\n\n\n\n<p><a href=\"https:\/\/periodismo.ull.es\/lanzarote-se-compromete-a-la-continuidad-del-campus-de-escultura\/\"><strong>Lanzarote se compromete a la continuidad del Campus de Escultura<\/strong><\/a><\/p>\n\n\n\n<p class=\"has-small-font-size\">27 de julio 2022<\/p>\n\n\n\n<p><a href=\"https:\/\/periodismo.ull.es\/\">PULL<\/a><\/p>\n<\/div>\n<\/div>\n\n\n\n<div class=\"wp-block-columns alignwide is-layout-flex wp-container-core-columns-is-layout-28f84493 wp-block-columns-is-layout-flex\">\n<div class=\"wp-block-column is-layout-flow wp-block-column-is-layout-flow\">\n<figure class=\"wp-block-image size-large\"><img decoding=\"async\" src=\"https:\/\/fundicionartisticaull.files.wordpress.com\/2024\/03\/screenshot_16-edited.png\" alt=\"\" class=\"wp-image-874\" \/><\/figure>\n\n\n\n<p><a href=\"https:\/\/periodismo.ull.es\/la-capilla-acoge-una-muestra-colectiva-de-estudiantes-de-bellas-artes\/\"><strong>La Capilla acoge una muestra colectiva de estudiantes de Bellas Artes<\/strong><\/a><\/p>\n\n\n\n<p class=\"has-small-font-size\">14 de junio 2022<\/p>\n\n\n\n<p><a href=\"https:\/\/periodismo.ull.es\/\">PULL<\/a><\/p>\n<\/div>\n\n\n\n<div class=\"wp-block-column is-layout-flow wp-block-column-is-layout-flow\">\n<figure class=\"wp-block-image size-large is-resized\"><img decoding=\"async\" src=\"https:\/\/fundicionartisticaull.files.wordpress.com\/2024\/03\/screenshot_17-edited.png\" alt=\"\" class=\"wp-image-876\" style=\"width:597px;height:auto\" \/><\/figure>\n\n\n\n<p><a href=\"https:\/\/periodismo.ull.es\/la-ull-y-la-fundacion-curbelo-santana-impulsan-un-campus-de-arte-en-lanzarote\/\"><strong>La ULL y la Fundaci\u00f3n Curbelo Santana impulsan un campus de arte en Lanzarote<\/strong><\/a><\/p>\n\n\n\n<p class=\"has-small-font-size\">10 de junio 2022<\/p>\n\n\n\n<p><a href=\"https:\/\/periodismo.ull.es\/\">PULL<\/a><\/p>\n<\/div>\n<\/div>\n<\/div>\n","protected":false},"excerpt":{"rendered":"<p>Actualidad \u00abTEKNE\u00bb TEnerife\u00a0KNowledge\u00a0Entrepreneurship es el programa de acompa\u00f1amiento de iniciativas empresariales basadas en conocimiento generado en la Universidad de La Laguna. 1 de abril 2025 TEKNE \/ PULL Troncos, piteras y palmeras 30 de julio 2023 PULL Detr\u00e1s de los troncos se ven las palmeras 29 de julio 2023 PULL Lanzarote se vuelca con la [&hellip;]<\/p>\n","protected":false},"author":441,"featured_media":0,"parent":0,"menu_order":0,"comment_status":"closed","ping_status":"closed","template":"page-large-header","meta":{"ngg_post_thumbnail":0,"footnotes":""},"class_list":["post-834","page","type-page","status-publish","hentry"],"yoast_head":"<!-- This site is optimized with the Yoast SEO plugin v27.4 - https:\/\/yoast.com\/product\/yoast-seo-wordpress\/ -->\n<title>E.Actualidad - Fundici\u00f3n Art\u00edstica ULL<\/title>\n<meta name=\"robots\" content=\"index, follow, max-snippet:-1, max-image-preview:large, max-video-preview:-1\" \/>\n<link rel=\"canonical\" href=\"https:\/\/wp.ull.es\/fundicionartisticaull\/actualidad\/\" \/>\n<meta property=\"og:locale\" content=\"es_ES\" \/>\n<meta property=\"og:type\" content=\"article\" \/>\n<meta property=\"og:title\" content=\"E.Actualidad - Fundici\u00f3n Art\u00edstica ULL\" \/>\n<meta property=\"og:description\" content=\"Actualidad \u00abTEKNE\u00bb TEnerife\u00a0KNowledge\u00a0Entrepreneurship es el programa de acompa\u00f1amiento de iniciativas empresariales basadas en conocimiento generado en la Universidad de La Laguna. 1 de abril 2025 TEKNE \/ PULL Troncos, piteras y palmeras 30 de julio 2023 PULL Detr\u00e1s de los troncos se ven las palmeras 29 de julio 2023 PULL Lanzarote se vuelca con la [&hellip;]\" \/>\n<meta property=\"og:url\" content=\"https:\/\/wp.ull.es\/fundicionartisticaull\/actualidad\/\" \/>\n<meta property=\"og:site_name\" content=\"Fundici\u00f3n Art\u00edstica ULL\" \/>\n<meta property=\"article:modified_time\" content=\"2025-11-03T13:36:19+00:00\" \/>\n<meta property=\"og:image\" content=\"https:\/\/wp.ull.es\/fundicionartisticaull\/wp-content\/uploads\/sites\/145\/2025\/11\/Captura-de-pantalla-2025-11-03-a-las-13.30.45.jpeg\" \/>\n<meta name=\"twitter:card\" content=\"summary_large_image\" \/>\n<meta name=\"twitter:label1\" content=\"Tiempo de lectura\" \/>\n\t<meta name=\"twitter:data1\" content=\"4 minutos\" \/>\n<script type=\"application\/ld+json\" class=\"yoast-schema-graph\">{\"@context\":\"https:\\\/\\\/schema.org\",\"@graph\":[{\"@type\":\"WebPage\",\"@id\":\"https:\\\/\\\/wp.ull.es\\\/fundicionartisticaull\\\/actualidad\\\/\",\"url\":\"https:\\\/\\\/wp.ull.es\\\/fundicionartisticaull\\\/actualidad\\\/\",\"name\":\"E.Actualidad - Fundici\u00f3n Art\u00edstica ULL\",\"isPartOf\":{\"@id\":\"https:\\\/\\\/wp.ull.es\\\/fundicionartisticaull\\\/#website\"},\"primaryImageOfPage\":{\"@id\":\"https:\\\/\\\/wp.ull.es\\\/fundicionartisticaull\\\/actualidad\\\/#primaryimage\"},\"image\":{\"@id\":\"https:\\\/\\\/wp.ull.es\\\/fundicionartisticaull\\\/actualidad\\\/#primaryimage\"},\"thumbnailUrl\":\"https:\\\/\\\/wp.ull.es\\\/fundicionartisticaull\\\/wp-content\\\/uploads\\\/sites\\\/145\\\/2025\\\/11\\\/Captura-de-pantalla-2025-11-03-a-las-13.30.45.jpeg\",\"datePublished\":\"2024-03-07T14:38:22+00:00\",\"dateModified\":\"2025-11-03T13:36:19+00:00\",\"breadcrumb\":{\"@id\":\"https:\\\/\\\/wp.ull.es\\\/fundicionartisticaull\\\/actualidad\\\/#breadcrumb\"},\"inLanguage\":\"es\",\"potentialAction\":[{\"@type\":\"ReadAction\",\"target\":[\"https:\\\/\\\/wp.ull.es\\\/fundicionartisticaull\\\/actualidad\\\/\"]}]},{\"@type\":\"ImageObject\",\"inLanguage\":\"es\",\"@id\":\"https:\\\/\\\/wp.ull.es\\\/fundicionartisticaull\\\/actualidad\\\/#primaryimage\",\"url\":\"https:\\\/\\\/wp.ull.es\\\/fundicionartisticaull\\\/wp-content\\\/uploads\\\/sites\\\/145\\\/2025\\\/11\\\/Captura-de-pantalla-2025-11-03-a-las-13.30.45.jpeg\",\"contentUrl\":\"https:\\\/\\\/wp.ull.es\\\/fundicionartisticaull\\\/wp-content\\\/uploads\\\/sites\\\/145\\\/2025\\\/11\\\/Captura-de-pantalla-2025-11-03-a-las-13.30.45.jpeg\",\"width\":1024,\"height\":576,\"caption\":\"Screenshot\"},{\"@type\":\"BreadcrumbList\",\"@id\":\"https:\\\/\\\/wp.ull.es\\\/fundicionartisticaull\\\/actualidad\\\/#breadcrumb\",\"itemListElement\":[{\"@type\":\"ListItem\",\"position\":1,\"name\":\"Portada\",\"item\":\"https:\\\/\\\/wp.ull.es\\\/fundicionartisticaull\\\/\"},{\"@type\":\"ListItem\",\"position\":2,\"name\":\"E.Actualidad\"}]},{\"@type\":\"WebSite\",\"@id\":\"https:\\\/\\\/wp.ull.es\\\/fundicionartisticaull\\\/#website\",\"url\":\"https:\\\/\\\/wp.ull.es\\\/fundicionartisticaull\\\/\",\"name\":\"FUNIDICI\u00d3N ART\u00cdSTICA ULL\",\"description\":\"Taller de fundici\u00f3n en la Universidad de La Laguna\",\"publisher\":{\"@id\":\"https:\\\/\\\/wp.ull.es\\\/fundicionartisticaull\\\/#organization\"},\"potentialAction\":[{\"@type\":\"SearchAction\",\"target\":{\"@type\":\"EntryPoint\",\"urlTemplate\":\"https:\\\/\\\/wp.ull.es\\\/fundicionartisticaull\\\/?s={search_term_string}\"},\"query-input\":{\"@type\":\"PropertyValueSpecification\",\"valueRequired\":true,\"valueName\":\"search_term_string\"}}],\"inLanguage\":\"es\"},{\"@type\":\"Organization\",\"@id\":\"https:\\\/\\\/wp.ull.es\\\/fundicionartisticaull\\\/#organization\",\"name\":\"AULA DE FUNDICI\u00d3N\",\"url\":\"https:\\\/\\\/wp.ull.es\\\/fundicionartisticaull\\\/\",\"logo\":{\"@type\":\"ImageObject\",\"inLanguage\":\"es\",\"@id\":\"https:\\\/\\\/wp.ull.es\\\/fundicionartisticaull\\\/#\\\/schema\\\/logo\\\/image\\\/\",\"url\":\"https:\\\/\\\/wp.ull.es\\\/fundicionartisticaull\\\/wp-content\\\/uploads\\\/sites\\\/145\\\/2024\\\/03\\\/9CC10F4E-628E-4F8B-BFA4-29DE0BAE15F2-edited.jpg\",\"contentUrl\":\"https:\\\/\\\/wp.ull.es\\\/fundicionartisticaull\\\/wp-content\\\/uploads\\\/sites\\\/145\\\/2024\\\/03\\\/9CC10F4E-628E-4F8B-BFA4-29DE0BAE15F2-edited.jpg\",\"width\":768,\"height\":768,\"caption\":\"AULA DE FUNDICI\u00d3N\"},\"image\":{\"@id\":\"https:\\\/\\\/wp.ull.es\\\/fundicionartisticaull\\\/#\\\/schema\\\/logo\\\/image\\\/\"}}]}<\/script>\n<!-- \/ Yoast SEO plugin. -->","yoast_head_json":{"title":"E.Actualidad - Fundici\u00f3n Art\u00edstica ULL","robots":{"index":"index","follow":"follow","max-snippet":"max-snippet:-1","max-image-preview":"max-image-preview:large","max-video-preview":"max-video-preview:-1"},"canonical":"https:\/\/wp.ull.es\/fundicionartisticaull\/actualidad\/","og_locale":"es_ES","og_type":"article","og_title":"E.Actualidad - Fundici\u00f3n Art\u00edstica ULL","og_description":"Actualidad \u00abTEKNE\u00bb TEnerife\u00a0KNowledge\u00a0Entrepreneurship es el programa de acompa\u00f1amiento de iniciativas empresariales basadas en conocimiento generado en la Universidad de La Laguna. 1 de abril 2025 TEKNE \/ PULL Troncos, piteras y palmeras 30 de julio 2023 PULL Detr\u00e1s de los troncos se ven las palmeras 29 de julio 2023 PULL Lanzarote se vuelca con la [&hellip;]","og_url":"https:\/\/wp.ull.es\/fundicionartisticaull\/actualidad\/","og_site_name":"Fundici\u00f3n Art\u00edstica ULL","article_modified_time":"2025-11-03T13:36:19+00:00","og_image":[{"url":"https:\/\/wp.ull.es\/fundicionartisticaull\/wp-content\/uploads\/sites\/145\/2025\/11\/Captura-de-pantalla-2025-11-03-a-las-13.30.45.jpeg","type":"","width":"","height":""}],"twitter_card":"summary_large_image","twitter_misc":{"Tiempo de lectura":"4 minutos"},"schema":{"@context":"https:\/\/schema.org","@graph":[{"@type":"WebPage","@id":"https:\/\/wp.ull.es\/fundicionartisticaull\/actualidad\/","url":"https:\/\/wp.ull.es\/fundicionartisticaull\/actualidad\/","name":"E.Actualidad - Fundici\u00f3n Art\u00edstica ULL","isPartOf":{"@id":"https:\/\/wp.ull.es\/fundicionartisticaull\/#website"},"primaryImageOfPage":{"@id":"https:\/\/wp.ull.es\/fundicionartisticaull\/actualidad\/#primaryimage"},"image":{"@id":"https:\/\/wp.ull.es\/fundicionartisticaull\/actualidad\/#primaryimage"},"thumbnailUrl":"https:\/\/wp.ull.es\/fundicionartisticaull\/wp-content\/uploads\/sites\/145\/2025\/11\/Captura-de-pantalla-2025-11-03-a-las-13.30.45.jpeg","datePublished":"2024-03-07T14:38:22+00:00","dateModified":"2025-11-03T13:36:19+00:00","breadcrumb":{"@id":"https:\/\/wp.ull.es\/fundicionartisticaull\/actualidad\/#breadcrumb"},"inLanguage":"es","potentialAction":[{"@type":"ReadAction","target":["https:\/\/wp.ull.es\/fundicionartisticaull\/actualidad\/"]}]},{"@type":"ImageObject","inLanguage":"es","@id":"https:\/\/wp.ull.es\/fundicionartisticaull\/actualidad\/#primaryimage","url":"https:\/\/wp.ull.es\/fundicionartisticaull\/wp-content\/uploads\/sites\/145\/2025\/11\/Captura-de-pantalla-2025-11-03-a-las-13.30.45.jpeg","contentUrl":"https:\/\/wp.ull.es\/fundicionartisticaull\/wp-content\/uploads\/sites\/145\/2025\/11\/Captura-de-pantalla-2025-11-03-a-las-13.30.45.jpeg","width":1024,"height":576,"caption":"Screenshot"},{"@type":"BreadcrumbList","@id":"https:\/\/wp.ull.es\/fundicionartisticaull\/actualidad\/#breadcrumb","itemListElement":[{"@type":"ListItem","position":1,"name":"Portada","item":"https:\/\/wp.ull.es\/fundicionartisticaull\/"},{"@type":"ListItem","position":2,"name":"E.Actualidad"}]},{"@type":"WebSite","@id":"https:\/\/wp.ull.es\/fundicionartisticaull\/#website","url":"https:\/\/wp.ull.es\/fundicionartisticaull\/","name":"FUNIDICI\u00d3N ART\u00cdSTICA ULL","description":"Taller de fundici\u00f3n en la Universidad de La Laguna","publisher":{"@id":"https:\/\/wp.ull.es\/fundicionartisticaull\/#organization"},"potentialAction":[{"@type":"SearchAction","target":{"@type":"EntryPoint","urlTemplate":"https:\/\/wp.ull.es\/fundicionartisticaull\/?s={search_term_string}"},"query-input":{"@type":"PropertyValueSpecification","valueRequired":true,"valueName":"search_term_string"}}],"inLanguage":"es"},{"@type":"Organization","@id":"https:\/\/wp.ull.es\/fundicionartisticaull\/#organization","name":"AULA DE FUNDICI\u00d3N","url":"https:\/\/wp.ull.es\/fundicionartisticaull\/","logo":{"@type":"ImageObject","inLanguage":"es","@id":"https:\/\/wp.ull.es\/fundicionartisticaull\/#\/schema\/logo\/image\/","url":"https:\/\/wp.ull.es\/fundicionartisticaull\/wp-content\/uploads\/sites\/145\/2024\/03\/9CC10F4E-628E-4F8B-BFA4-29DE0BAE15F2-edited.jpg","contentUrl":"https:\/\/wp.ull.es\/fundicionartisticaull\/wp-content\/uploads\/sites\/145\/2024\/03\/9CC10F4E-628E-4F8B-BFA4-29DE0BAE15F2-edited.jpg","width":768,"height":768,"caption":"AULA DE FUNDICI\u00d3N"},"image":{"@id":"https:\/\/wp.ull.es\/fundicionartisticaull\/#\/schema\/logo\/image\/"}}]}},"_links":{"self":[{"href":"https:\/\/wp.ull.es\/fundicionartisticaull\/wp-json\/wp\/v2\/pages\/834","targetHints":{"allow":["GET"]}}],"collection":[{"href":"https:\/\/wp.ull.es\/fundicionartisticaull\/wp-json\/wp\/v2\/pages"}],"about":[{"href":"https:\/\/wp.ull.es\/fundicionartisticaull\/wp-json\/wp\/v2\/types\/page"}],"author":[{"embeddable":true,"href":"https:\/\/wp.ull.es\/fundicionartisticaull\/wp-json\/wp\/v2\/users\/441"}],"replies":[{"embeddable":true,"href":"https:\/\/wp.ull.es\/fundicionartisticaull\/wp-json\/wp\/v2\/comments?post=834"}],"version-history":[{"count":2,"href":"https:\/\/wp.ull.es\/fundicionartisticaull\/wp-json\/wp\/v2\/pages\/834\/revisions"}],"predecessor-version":[{"id":2909,"href":"https:\/\/wp.ull.es\/fundicionartisticaull\/wp-json\/wp\/v2\/pages\/834\/revisions\/2909"}],"wp:attachment":[{"href":"https:\/\/wp.ull.es\/fundicionartisticaull\/wp-json\/wp\/v2\/media?parent=834"}],"curies":[{"name":"wp","href":"https:\/\/api.w.org\/{rel}","templated":true}]}}