{"id":647,"date":"2024-03-07T14:31:37","date_gmt":"2024-03-07T14:31:37","guid":{"rendered":"https:\/\/fundicionartisticaull.wordpress.com\/?page_id=647"},"modified":"2024-05-23T20:29:46","modified_gmt":"2024-05-23T20:29:46","slug":"caja-canarias","status":"publish","type":"page","link":"https:\/\/wp.ull.es\/fundicionartisticaull\/caja-canarias\/","title":{"rendered":"\u00abCaja Canarias\u00bb"},"content":{"rendered":"\n<hr class=\"wp-block-separator alignwide has-alpha-channel-opacity is-style-wide\" \/>\n\n\n\n<h4 class=\"wp-block-heading alignwide has-text-align-center has-background-color has-foreground-background-color has-text-color has-background has-link-color wp-elements-168d6dbc1139e9dd5bf39f6afec4dbf5\" style=\"margin-top:var(--wp--preset--spacing--20);margin-bottom:var(--wp--preset--spacing--20);padding-top:var(--wp--preset--spacing--60);padding-right:0;padding-bottom:var(--wp--preset--spacing--60);padding-left:0\">CAJA CANARIAS<\/h4>\n\n\n\n<hr class=\"wp-block-separator alignwide has-alpha-channel-opacity is-style-wide\" style=\"margin-top:0;margin-bottom:0\" \/>\n\n\n\n<div class=\"wp-block-group alignfull is-layout-flow wp-block-group-is-layout-flow\">\n<div class=\"wp-block-group is-layout-flow wp-block-group-is-layout-flow\">\n<div class=\"wp-block-columns is-layout-flex wp-container-core-columns-is-layout-28f84493 wp-block-columns-is-layout-flex\">\n<div class=\"wp-block-column is-layout-flow wp-block-column-is-layout-flow\">\n<figure class=\"wp-block-image size-large is-resized margin-bottom-half\"><img decoding=\"async\" src=\"https:\/\/fundicionartisticaull.files.wordpress.com\/2024\/02\/fatimilla-edited.jpg\" alt=\"\" class=\"wp-image-664\" style=\"width:434px;height:auto\" \/><\/figure>\n\n\n\n<h5 class=\"wp-block-heading margin-top-half\">F\u00e1tima acosta <\/h5>\n<\/div>\n\n\n\n<div class=\"wp-block-column is-layout-flow wp-block-column-is-layout-flow\">\n<figure class=\"wp-block-image size-large is-resized margin-bottom-half\"><img decoding=\"async\" src=\"https:\/\/fundicionartisticaull.files.wordpress.com\/2024\/02\/juan-carlosw1.jpg?w=1024\" alt=\"\" class=\"wp-image-650\" style=\"width:433px;height:auto\" \/><\/figure>\n\n\n\n<h5 class=\"wp-block-heading margin-top-half\">Juan Carlos Albaladejo <\/h5>\n<\/div>\n\n\n\n<div class=\"wp-block-column is-layout-flow wp-block-column-is-layout-flow\">\n<figure class=\"wp-block-image size-large is-resized margin-bottom-half\"><img decoding=\"async\" src=\"https:\/\/fundicionartisticaull.files.wordpress.com\/2024\/02\/marimarw1.jpg?w=1024\" alt=\"\" class=\"wp-image-651\" style=\"width:434px;height:auto\" \/><\/figure>\n\n\n\n<h5 class=\"wp-block-heading margin-top-half\">Mar\u00eda del mar caballero <\/h5>\n<\/div>\n<\/div>\n<\/div>\n<\/div>\n\n\n\n<div class=\"wp-block-group alignfull is-layout-flow wp-block-group-is-layout-flow\">\n<div class=\"wp-block-group is-layout-flow wp-block-group-is-layout-flow\">\n<div class=\"wp-block-columns is-layout-flex wp-container-core-columns-is-layout-28f84493 wp-block-columns-is-layout-flex\">\n<div class=\"wp-block-column is-layout-flow wp-block-column-is-layout-flow\">\n<figure class=\"wp-block-image size-large margin-bottom-half\"><img decoding=\"async\" src=\"https:\/\/fundicionartisticaull.files.wordpress.com\/2024\/02\/cristinaw1.jpg?w=768\" alt=\"\" class=\"wp-image-652\" \/><\/figure>\n\n\n\n<h5 class=\"wp-block-heading margin-top-half\">Cristina den\u00edz<\/h5>\n<\/div>\n\n\n\n<div class=\"wp-block-column is-layout-flow wp-block-column-is-layout-flow\">\n<figure class=\"wp-block-image size-large margin-bottom-half\"><img decoding=\"async\" src=\"https:\/\/fundicionartisticaull.files.wordpress.com\/2024\/02\/puyw1-1.jpg?w=1024\" alt=\"\" class=\"wp-image-663\" \/><\/figure>\n\n\n\n<h5 class=\"wp-block-heading margin-top-half\">pui boneta <\/h5>\n<\/div>\n\n\n\n<div class=\"wp-block-column is-layout-flow wp-block-column-is-layout-flow\">\n<figure class=\"wp-block-image size-large is-resized margin-bottom-half\"><img decoding=\"async\" src=\"https:\/\/fundicionartisticaull.files.wordpress.com\/2024\/02\/manos1w-2.jpg?w=710\" alt=\"\" class=\"wp-image-661\" style=\"width:433px;height:auto\" \/><\/figure>\n\n\n\n<h5 class=\"wp-block-heading margin-top-half\">Soledad del pino<\/h5>\n<\/div>\n<\/div>\n<\/div>\n<\/div>\n\n\n\n<div class=\"wp-block-group alignfull is-layout-flow wp-block-group-is-layout-flow\">\n<div class=\"wp-block-group is-layout-flow wp-block-group-is-layout-flow\">\n<div class=\"wp-block-columns is-layout-flex wp-container-core-columns-is-layout-28f84493 wp-block-columns-is-layout-flex\">\n<div class=\"wp-block-column is-layout-flow wp-block-column-is-layout-flow\">\n<figure class=\"wp-block-image size-large is-resized margin-bottom-half\"><img decoding=\"async\" src=\"https:\/\/fundicionartisticaull.files.wordpress.com\/2024\/02\/screenshot_5.png?w=256\" alt=\"\" class=\"wp-image-666\" style=\"width:433px;height:auto\" \/><\/figure>\n\n\n\n<h5 class=\"wp-block-heading margin-top-half\">iv\u00e1n rodr\u00edguez<\/h5>\n<\/div>\n\n\n\n<div class=\"wp-block-column is-layout-flow wp-block-column-is-layout-flow\">\n<figure class=\"wp-block-image size-large margin-bottom-half\"><img decoding=\"async\" src=\"https:\/\/fundicionartisticaull.files.wordpress.com\/2024\/02\/betyw-2.jpg?w=1024\" alt=\"\" class=\"wp-image-668\" \/><\/figure>\n\n\n\n<h5 class=\"wp-block-heading margin-top-half\">Beatriz pi\u00f1ero <\/h5>\n<\/div>\n\n\n\n<div class=\"wp-block-column is-layout-flow wp-block-column-is-layout-flow\">\n<figure class=\"wp-block-image size-large is-resized margin-bottom-half\"><img decoding=\"async\" src=\"https:\/\/fundicionartisticaull.files.wordpress.com\/2024\/02\/screenshot_6.png?w=239\" alt=\"\" class=\"wp-image-667\" style=\"width:433px;height:auto\" \/><\/figure>\n\n\n\n<h5 class=\"wp-block-heading margin-top-half\">C\u00e1rlos sanch\u00e9z calero<\/h5>\n<\/div>\n<\/div>\n<\/div>\n<\/div>\n","protected":false},"excerpt":{"rendered":"<p>CAJA CANARIAS F\u00e1tima acosta Juan Carlos Albaladejo Mar\u00eda del mar caballero Cristina den\u00edz pui boneta Soledad del pino iv\u00e1n rodr\u00edguez Beatriz pi\u00f1ero C\u00e1rlos sanch\u00e9z calero<\/p>\n","protected":false},"author":441,"featured_media":0,"parent":0,"menu_order":0,"comment_status":"closed","ping_status":"closed","template":"page-large-header","meta":{"ngg_post_thumbnail":0,"footnotes":""},"class_list":["post-647","page","type-page","status-publish","hentry"],"yoast_head":"<!-- This site is optimized with the Yoast SEO plugin v27.4 - https:\/\/yoast.com\/product\/yoast-seo-wordpress\/ -->\n<title>&quot;Caja Canarias&quot; - Fundici\u00f3n Art\u00edstica ULL<\/title>\n<meta name=\"robots\" content=\"index, follow, max-snippet:-1, max-image-preview:large, max-video-preview:-1\" \/>\n<link rel=\"canonical\" href=\"https:\/\/wp.ull.es\/fundicionartisticaull\/caja-canarias\/\" \/>\n<meta property=\"og:locale\" content=\"es_ES\" \/>\n<meta property=\"og:type\" content=\"article\" \/>\n<meta property=\"og:title\" content=\"&quot;Caja Canarias&quot; - Fundici\u00f3n Art\u00edstica ULL\" \/>\n<meta property=\"og:description\" content=\"CAJA CANARIAS F\u00e1tima acosta Juan Carlos Albaladejo Mar\u00eda del mar caballero Cristina den\u00edz pui boneta Soledad del pino iv\u00e1n rodr\u00edguez Beatriz pi\u00f1ero C\u00e1rlos sanch\u00e9z calero\" \/>\n<meta property=\"og:url\" content=\"https:\/\/wp.ull.es\/fundicionartisticaull\/caja-canarias\/\" \/>\n<meta property=\"og:site_name\" content=\"Fundici\u00f3n Art\u00edstica ULL\" \/>\n<meta property=\"article:modified_time\" content=\"2024-05-23T20:29:46+00:00\" \/>\n<meta property=\"og:image\" content=\"https:\/\/fundicionartisticaull.files.wordpress.com\/2024\/02\/fatimilla-edited.jpg\" \/>\n<meta name=\"twitter:card\" content=\"summary_large_image\" \/>\n<meta name=\"twitter:label1\" content=\"Tiempo de lectura\" \/>\n\t<meta name=\"twitter:data1\" content=\"2 minutos\" \/>\n<script type=\"application\/ld+json\" class=\"yoast-schema-graph\">{\"@context\":\"https:\\\/\\\/schema.org\",\"@graph\":[{\"@type\":\"WebPage\",\"@id\":\"https:\\\/\\\/wp.ull.es\\\/fundicionartisticaull\\\/caja-canarias\\\/\",\"url\":\"https:\\\/\\\/wp.ull.es\\\/fundicionartisticaull\\\/caja-canarias\\\/\",\"name\":\"\\\"Caja Canarias\\\" - Fundici\u00f3n Art\u00edstica ULL\",\"isPartOf\":{\"@id\":\"https:\\\/\\\/wp.ull.es\\\/fundicionartisticaull\\\/#website\"},\"primaryImageOfPage\":{\"@id\":\"https:\\\/\\\/wp.ull.es\\\/fundicionartisticaull\\\/caja-canarias\\\/#primaryimage\"},\"image\":{\"@id\":\"https:\\\/\\\/wp.ull.es\\\/fundicionartisticaull\\\/caja-canarias\\\/#primaryimage\"},\"thumbnailUrl\":\"https:\\\/\\\/fundicionartisticaull.files.wordpress.com\\\/2024\\\/02\\\/fatimilla-edited.jpg\",\"datePublished\":\"2024-03-07T14:31:37+00:00\",\"dateModified\":\"2024-05-23T20:29:46+00:00\",\"breadcrumb\":{\"@id\":\"https:\\\/\\\/wp.ull.es\\\/fundicionartisticaull\\\/caja-canarias\\\/#breadcrumb\"},\"inLanguage\":\"es\",\"potentialAction\":[{\"@type\":\"ReadAction\",\"target\":[\"https:\\\/\\\/wp.ull.es\\\/fundicionartisticaull\\\/caja-canarias\\\/\"]}]},{\"@type\":\"ImageObject\",\"inLanguage\":\"es\",\"@id\":\"https:\\\/\\\/wp.ull.es\\\/fundicionartisticaull\\\/caja-canarias\\\/#primaryimage\",\"url\":\"https:\\\/\\\/fundicionartisticaull.files.wordpress.com\\\/2024\\\/02\\\/fatimilla-edited.jpg\",\"contentUrl\":\"https:\\\/\\\/fundicionartisticaull.files.wordpress.com\\\/2024\\\/02\\\/fatimilla-edited.jpg\"},{\"@type\":\"BreadcrumbList\",\"@id\":\"https:\\\/\\\/wp.ull.es\\\/fundicionartisticaull\\\/caja-canarias\\\/#breadcrumb\",\"itemListElement\":[{\"@type\":\"ListItem\",\"position\":1,\"name\":\"Portada\",\"item\":\"https:\\\/\\\/wp.ull.es\\\/fundicionartisticaull\\\/\"},{\"@type\":\"ListItem\",\"position\":2,\"name\":\"\u00abCaja Canarias\u00bb\"}]},{\"@type\":\"WebSite\",\"@id\":\"https:\\\/\\\/wp.ull.es\\\/fundicionartisticaull\\\/#website\",\"url\":\"https:\\\/\\\/wp.ull.es\\\/fundicionartisticaull\\\/\",\"name\":\"FUNIDICI\u00d3N ART\u00cdSTICA ULL\",\"description\":\"Taller de fundici\u00f3n en la Universidad de La Laguna\",\"publisher\":{\"@id\":\"https:\\\/\\\/wp.ull.es\\\/fundicionartisticaull\\\/#organization\"},\"potentialAction\":[{\"@type\":\"SearchAction\",\"target\":{\"@type\":\"EntryPoint\",\"urlTemplate\":\"https:\\\/\\\/wp.ull.es\\\/fundicionartisticaull\\\/?s={search_term_string}\"},\"query-input\":{\"@type\":\"PropertyValueSpecification\",\"valueRequired\":true,\"valueName\":\"search_term_string\"}}],\"inLanguage\":\"es\"},{\"@type\":\"Organization\",\"@id\":\"https:\\\/\\\/wp.ull.es\\\/fundicionartisticaull\\\/#organization\",\"name\":\"AULA DE FUNDICI\u00d3N\",\"url\":\"https:\\\/\\\/wp.ull.es\\\/fundicionartisticaull\\\/\",\"logo\":{\"@type\":\"ImageObject\",\"inLanguage\":\"es\",\"@id\":\"https:\\\/\\\/wp.ull.es\\\/fundicionartisticaull\\\/#\\\/schema\\\/logo\\\/image\\\/\",\"url\":\"https:\\\/\\\/wp.ull.es\\\/fundicionartisticaull\\\/wp-content\\\/uploads\\\/sites\\\/145\\\/2024\\\/03\\\/9CC10F4E-628E-4F8B-BFA4-29DE0BAE15F2-edited.jpg\",\"contentUrl\":\"https:\\\/\\\/wp.ull.es\\\/fundicionartisticaull\\\/wp-content\\\/uploads\\\/sites\\\/145\\\/2024\\\/03\\\/9CC10F4E-628E-4F8B-BFA4-29DE0BAE15F2-edited.jpg\",\"width\":768,\"height\":768,\"caption\":\"AULA DE FUNDICI\u00d3N\"},\"image\":{\"@id\":\"https:\\\/\\\/wp.ull.es\\\/fundicionartisticaull\\\/#\\\/schema\\\/logo\\\/image\\\/\"}}]}<\/script>\n<!-- \/ Yoast SEO plugin. -->","yoast_head_json":{"title":"\"Caja Canarias\" - Fundici\u00f3n Art\u00edstica ULL","robots":{"index":"index","follow":"follow","max-snippet":"max-snippet:-1","max-image-preview":"max-image-preview:large","max-video-preview":"max-video-preview:-1"},"canonical":"https:\/\/wp.ull.es\/fundicionartisticaull\/caja-canarias\/","og_locale":"es_ES","og_type":"article","og_title":"\"Caja Canarias\" - Fundici\u00f3n Art\u00edstica ULL","og_description":"CAJA CANARIAS F\u00e1tima acosta Juan Carlos Albaladejo Mar\u00eda del mar caballero Cristina den\u00edz pui boneta Soledad del pino iv\u00e1n rodr\u00edguez Beatriz pi\u00f1ero C\u00e1rlos sanch\u00e9z calero","og_url":"https:\/\/wp.ull.es\/fundicionartisticaull\/caja-canarias\/","og_site_name":"Fundici\u00f3n Art\u00edstica ULL","article_modified_time":"2024-05-23T20:29:46+00:00","og_image":[{"url":"https:\/\/fundicionartisticaull.files.wordpress.com\/2024\/02\/fatimilla-edited.jpg","type":"","width":"","height":""}],"twitter_card":"summary_large_image","twitter_misc":{"Tiempo de lectura":"2 minutos"},"schema":{"@context":"https:\/\/schema.org","@graph":[{"@type":"WebPage","@id":"https:\/\/wp.ull.es\/fundicionartisticaull\/caja-canarias\/","url":"https:\/\/wp.ull.es\/fundicionartisticaull\/caja-canarias\/","name":"\"Caja Canarias\" - Fundici\u00f3n Art\u00edstica ULL","isPartOf":{"@id":"https:\/\/wp.ull.es\/fundicionartisticaull\/#website"},"primaryImageOfPage":{"@id":"https:\/\/wp.ull.es\/fundicionartisticaull\/caja-canarias\/#primaryimage"},"image":{"@id":"https:\/\/wp.ull.es\/fundicionartisticaull\/caja-canarias\/#primaryimage"},"thumbnailUrl":"https:\/\/fundicionartisticaull.files.wordpress.com\/2024\/02\/fatimilla-edited.jpg","datePublished":"2024-03-07T14:31:37+00:00","dateModified":"2024-05-23T20:29:46+00:00","breadcrumb":{"@id":"https:\/\/wp.ull.es\/fundicionartisticaull\/caja-canarias\/#breadcrumb"},"inLanguage":"es","potentialAction":[{"@type":"ReadAction","target":["https:\/\/wp.ull.es\/fundicionartisticaull\/caja-canarias\/"]}]},{"@type":"ImageObject","inLanguage":"es","@id":"https:\/\/wp.ull.es\/fundicionartisticaull\/caja-canarias\/#primaryimage","url":"https:\/\/fundicionartisticaull.files.wordpress.com\/2024\/02\/fatimilla-edited.jpg","contentUrl":"https:\/\/fundicionartisticaull.files.wordpress.com\/2024\/02\/fatimilla-edited.jpg"},{"@type":"BreadcrumbList","@id":"https:\/\/wp.ull.es\/fundicionartisticaull\/caja-canarias\/#breadcrumb","itemListElement":[{"@type":"ListItem","position":1,"name":"Portada","item":"https:\/\/wp.ull.es\/fundicionartisticaull\/"},{"@type":"ListItem","position":2,"name":"\u00abCaja Canarias\u00bb"}]},{"@type":"WebSite","@id":"https:\/\/wp.ull.es\/fundicionartisticaull\/#website","url":"https:\/\/wp.ull.es\/fundicionartisticaull\/","name":"FUNIDICI\u00d3N ART\u00cdSTICA ULL","description":"Taller de fundici\u00f3n en la Universidad de La Laguna","publisher":{"@id":"https:\/\/wp.ull.es\/fundicionartisticaull\/#organization"},"potentialAction":[{"@type":"SearchAction","target":{"@type":"EntryPoint","urlTemplate":"https:\/\/wp.ull.es\/fundicionartisticaull\/?s={search_term_string}"},"query-input":{"@type":"PropertyValueSpecification","valueRequired":true,"valueName":"search_term_string"}}],"inLanguage":"es"},{"@type":"Organization","@id":"https:\/\/wp.ull.es\/fundicionartisticaull\/#organization","name":"AULA DE FUNDICI\u00d3N","url":"https:\/\/wp.ull.es\/fundicionartisticaull\/","logo":{"@type":"ImageObject","inLanguage":"es","@id":"https:\/\/wp.ull.es\/fundicionartisticaull\/#\/schema\/logo\/image\/","url":"https:\/\/wp.ull.es\/fundicionartisticaull\/wp-content\/uploads\/sites\/145\/2024\/03\/9CC10F4E-628E-4F8B-BFA4-29DE0BAE15F2-edited.jpg","contentUrl":"https:\/\/wp.ull.es\/fundicionartisticaull\/wp-content\/uploads\/sites\/145\/2024\/03\/9CC10F4E-628E-4F8B-BFA4-29DE0BAE15F2-edited.jpg","width":768,"height":768,"caption":"AULA DE FUNDICI\u00d3N"},"image":{"@id":"https:\/\/wp.ull.es\/fundicionartisticaull\/#\/schema\/logo\/image\/"}}]}},"_links":{"self":[{"href":"https:\/\/wp.ull.es\/fundicionartisticaull\/wp-json\/wp\/v2\/pages\/647","targetHints":{"allow":["GET"]}}],"collection":[{"href":"https:\/\/wp.ull.es\/fundicionartisticaull\/wp-json\/wp\/v2\/pages"}],"about":[{"href":"https:\/\/wp.ull.es\/fundicionartisticaull\/wp-json\/wp\/v2\/types\/page"}],"author":[{"embeddable":true,"href":"https:\/\/wp.ull.es\/fundicionartisticaull\/wp-json\/wp\/v2\/users\/441"}],"replies":[{"embeddable":true,"href":"https:\/\/wp.ull.es\/fundicionartisticaull\/wp-json\/wp\/v2\/comments?post=647"}],"version-history":[{"count":2,"href":"https:\/\/wp.ull.es\/fundicionartisticaull\/wp-json\/wp\/v2\/pages\/647\/revisions"}],"predecessor-version":[{"id":2343,"href":"https:\/\/wp.ull.es\/fundicionartisticaull\/wp-json\/wp\/v2\/pages\/647\/revisions\/2343"}],"wp:attachment":[{"href":"https:\/\/wp.ull.es\/fundicionartisticaull\/wp-json\/wp\/v2\/media?parent=647"}],"curies":[{"name":"wp","href":"https:\/\/api.w.org\/{rel}","templated":true}]}}