{"id":2663,"date":"2025-11-18T17:56:52","date_gmt":"2025-11-18T17:56:52","guid":{"rendered":"https:\/\/wp.ull.es\/fundicionartisticaull\/?page_id=2663"},"modified":"2025-11-19T13:42:59","modified_gmt":"2025-11-19T13:42:59","slug":"campus-de-escultura-iii","status":"publish","type":"page","link":"https:\/\/wp.ull.es\/fundicionartisticaull\/campus-de-escultura-iii\/","title":{"rendered":"Campus Escultura III"},"content":{"rendered":"\n<hr class=\"wp-block-separator alignwide has-alpha-channel-opacity is-style-wide\" style=\"margin-top:var(--wp--preset--spacing--20);margin-bottom:var(--wp--preset--spacing--20)\" \/>\n\n\n\n<h4 class=\"wp-block-heading alignfull has-text-align-center has-background\" id=\"1--iii-campus-escultura\" style=\"border-style:none;border-width:0px;background-color:#fff374;margin-top:var(--wp--preset--spacing--20);margin-bottom:var(--wp--preset--spacing--20)\"> III CAMPUS ESCULTURA<\/h4>\n\n\n\n<hr class=\"wp-block-separator alignwide has-alpha-channel-opacity is-style-wide\" style=\"margin-top:var(--wp--preset--spacing--20);margin-bottom:var(--wp--preset--spacing--20)\" \/>\n\n\n\n<div class=\"wp-block-columns alignwide has-background-color has-text-color has-background has-link-color wp-elements-2d5443f1c37c1cd447e3f9c2fa4e7f1a is-layout-flex wp-container-core-columns-is-layout-3d1a2892 wp-block-columns-is-layout-flex\" style=\"background-color:#000000a1;margin-top:var(--wp--preset--spacing--20);margin-bottom:var(--wp--preset--spacing--20)\">\n<div class=\"wp-block-column is-vertically-aligned-center is-layout-flow wp-block-column-is-layout-flow\">\n<h4 class=\"wp-block-heading has-text-align-center has-background-color has-text-color has-link-color has-large-font-size wp-elements-2dad570cd63ea7053db5e28e0786afda\" style=\"margin-top:0px\"><strong>Campus de Escultura de Lanzarote<\/strong> <strong> III<\/strong><\/h4>\n\n\n\n<p class=\"has-text-align-center\">El Campus de Escultura de Lanzarote se configura como un programa de residencia y experimentaci\u00f3n art\u00edstica para estudiantes universitarios. La iniciativa surgi\u00f3 a trav\u00e9s de un convenio de colaboraci\u00f3n entre la Fundaci\u00f3n Curbelo Santana y la Universidad de La Laguna. En este proyecto colaboran: Consejer\u00eda de Cultura del Cabildo de Lanzarote, Ayuntamiento de San Bartolom\u00e9, Centros de Arte Cultura y Turismo del Cabildo de Lanzarote, Festival Traslaci\u00f3n y Seaside Hotels &#8211; los Jameos.<\/p>\n<\/div>\n\n\n\n<div class=\"wp-block-column is-layout-flow wp-block-column-is-layout-flow\">\n<figure class=\"wp-block-image size-full\"><img fetchpriority=\"high\" decoding=\"async\" width=\"1024\" height=\"578\" src=\"https:\/\/wp.ull.es\/fundicionartisticaull\/wp-content\/uploads\/sites\/145\/2025\/11\/Captura-de-pantalla-2025-11-18-a-las-17.18.43.jpeg\" alt=\"\" class=\"wp-image-2719\" srcset=\"https:\/\/wp.ull.es\/fundicionartisticaull\/wp-content\/uploads\/sites\/145\/2025\/11\/Captura-de-pantalla-2025-11-18-a-las-17.18.43.jpeg 1024w, https:\/\/wp.ull.es\/fundicionartisticaull\/wp-content\/uploads\/sites\/145\/2025\/11\/Captura-de-pantalla-2025-11-18-a-las-17.18.43-300x169.jpeg 300w, https:\/\/wp.ull.es\/fundicionartisticaull\/wp-content\/uploads\/sites\/145\/2025\/11\/Captura-de-pantalla-2025-11-18-a-las-17.18.43-768x434.jpeg 768w\" sizes=\"(max-width: 1024px) 100vw, 1024px\" \/><figcaption class=\"wp-element-caption\">Screenshot<\/figcaption><\/figure>\n<\/div>\n<\/div>\n\n\n\n<div class=\"wp-block-columns alignwide has-foreground-color has-background-background-color has-text-color has-background has-link-color wp-elements-fe5989eba45582af82eed4fcad139c70 is-layout-flex wp-container-core-columns-is-layout-3d1a2892 wp-block-columns-is-layout-flex\" style=\"margin-top:var(--wp--preset--spacing--20);margin-bottom:var(--wp--preset--spacing--20)\">\n<div class=\"wp-block-column is-vertically-aligned-center is-layout-flow wp-block-column-is-layout-flow\">\n<p class=\"has-text-align-center\"><\/p>\n\n\n\n<figure class=\"wp-block-image size-full\"><img decoding=\"async\" width=\"1024\" height=\"684\" src=\"https:\/\/wp.ull.es\/fundicionartisticaull\/wp-content\/uploads\/sites\/145\/2025\/11\/Captura-de-pantalla-2025-11-18-a-las-17.25.24.jpeg\" alt=\"\" class=\"wp-image-2720\" srcset=\"https:\/\/wp.ull.es\/fundicionartisticaull\/wp-content\/uploads\/sites\/145\/2025\/11\/Captura-de-pantalla-2025-11-18-a-las-17.25.24.jpeg 1024w, https:\/\/wp.ull.es\/fundicionartisticaull\/wp-content\/uploads\/sites\/145\/2025\/11\/Captura-de-pantalla-2025-11-18-a-las-17.25.24-300x200.jpeg 300w, https:\/\/wp.ull.es\/fundicionartisticaull\/wp-content\/uploads\/sites\/145\/2025\/11\/Captura-de-pantalla-2025-11-18-a-las-17.25.24-768x513.jpeg 768w\" sizes=\"(max-width: 1024px) 100vw, 1024px\" \/><\/figure>\n\n\n\n<p class=\"has-text-align-center\"><\/p>\n<\/div>\n\n\n\n<div class=\"wp-block-column is-layout-flow wp-block-column-is-layout-flow\">\n<p><\/p>\n\n\n\n<p><\/p>\n\n\n\n<h4 class=\"wp-block-heading has-foreground-color has-text-color has-link-color has-large-font-size wp-elements-02a2a19ce70e74e1ff89c708389f94d7\"><em>\u00abMu\u00e9strame lo que eres\u00bb<\/em><\/h4>\n\n\n\n<p>Tras una semana de duro trabajo, la escultura&nbsp;<em>Mu\u00e9strame lo que eres o lo descubrir\u00e9 cuando vaya&nbsp;<\/em>se plant\u00f3 en suelo volc\u00e1nico. Bianca Gonz\u00e1lez, estudiante de Bellas Artes, explic\u00f3 que la obra es una representaci\u00f3n sobre el desplazamiento: \u00abQueremos transmitir la idealizaci\u00f3n y la realidad de los lugares a los que vamos, no solo de Canarias, sino de todo el Mundo\u00bb.<\/p>\n<\/div>\n<\/div>\n\n\n\n<hr class=\"wp-block-separator alignfull has-alpha-channel-opacity is-style-wide\" \/>\n\n\n\n<h4 class=\"wp-block-heading alignfull has-text-align-center has-background has-large-font-size\" style=\"background-color:#fff37373\">EXPERIMENTACI\u00d3N CON EL ENTORNO<\/h4>\n\n\n\n<hr class=\"wp-block-separator alignfull has-alpha-channel-opacity is-style-wide\" \/>\n\n\n\n<div class=\"wp-block-columns alignwide is-layout-flex wp-container-core-columns-is-layout-28f84493 wp-block-columns-is-layout-flex\">\n<div class=\"wp-block-column is-layout-flow wp-block-column-is-layout-flow\">\n<figure class=\"wp-block-image size-full\"><img decoding=\"async\" width=\"839\" height=\"629\" src=\"https:\/\/wp.ull.es\/fundicionartisticaull\/wp-content\/uploads\/sites\/145\/2025\/11\/Captura-de-pantalla-2025-11-18-a-las-17.36.55-edited.jpeg\" alt=\"\" class=\"wp-image-2724\" srcset=\"https:\/\/wp.ull.es\/fundicionartisticaull\/wp-content\/uploads\/sites\/145\/2025\/11\/Captura-de-pantalla-2025-11-18-a-las-17.36.55-edited.jpeg 839w, https:\/\/wp.ull.es\/fundicionartisticaull\/wp-content\/uploads\/sites\/145\/2025\/11\/Captura-de-pantalla-2025-11-18-a-las-17.36.55-edited-300x225.jpeg 300w, https:\/\/wp.ull.es\/fundicionartisticaull\/wp-content\/uploads\/sites\/145\/2025\/11\/Captura-de-pantalla-2025-11-18-a-las-17.36.55-edited-768x576.jpeg 768w\" sizes=\"(max-width: 839px) 100vw, 839px\" \/><\/figure>\n<\/div>\n\n\n\n<div class=\"wp-block-column is-layout-flow wp-block-column-is-layout-flow\">\n<figure class=\"wp-block-image size-full\"><img loading=\"lazy\" decoding=\"async\" width=\"852\" height=\"639\" src=\"https:\/\/wp.ull.es\/fundicionartisticaull\/wp-content\/uploads\/sites\/145\/2025\/11\/Captura-de-pantalla-2025-11-18-a-las-17.37.05-edited.jpeg\" alt=\"\" class=\"wp-image-2726\" srcset=\"https:\/\/wp.ull.es\/fundicionartisticaull\/wp-content\/uploads\/sites\/145\/2025\/11\/Captura-de-pantalla-2025-11-18-a-las-17.37.05-edited.jpeg 852w, https:\/\/wp.ull.es\/fundicionartisticaull\/wp-content\/uploads\/sites\/145\/2025\/11\/Captura-de-pantalla-2025-11-18-a-las-17.37.05-edited-300x225.jpeg 300w, https:\/\/wp.ull.es\/fundicionartisticaull\/wp-content\/uploads\/sites\/145\/2025\/11\/Captura-de-pantalla-2025-11-18-a-las-17.37.05-edited-768x576.jpeg 768w\" sizes=\"(max-width: 852px) 100vw, 852px\" \/><\/figure>\n<\/div>\n\n\n\n<div class=\"wp-block-column is-layout-flow wp-block-column-is-layout-flow\">\n<figure class=\"wp-block-gallery has-nested-images columns-default is-cropped wp-block-gallery-1 is-layout-flex wp-block-gallery-is-layout-flex\">\n<figure class=\"wp-block-image size-full\"><img loading=\"lazy\" decoding=\"async\" width=\"936\" height=\"702\" data-id=\"2728\" src=\"https:\/\/wp.ull.es\/fundicionartisticaull\/wp-content\/uploads\/sites\/145\/2025\/11\/Captura-de-pantalla-2025-11-18-a-las-17.37.01-edited.jpeg\" alt=\"\" class=\"wp-image-2728\" srcset=\"https:\/\/wp.ull.es\/fundicionartisticaull\/wp-content\/uploads\/sites\/145\/2025\/11\/Captura-de-pantalla-2025-11-18-a-las-17.37.01-edited.jpeg 936w, https:\/\/wp.ull.es\/fundicionartisticaull\/wp-content\/uploads\/sites\/145\/2025\/11\/Captura-de-pantalla-2025-11-18-a-las-17.37.01-edited-300x225.jpeg 300w, https:\/\/wp.ull.es\/fundicionartisticaull\/wp-content\/uploads\/sites\/145\/2025\/11\/Captura-de-pantalla-2025-11-18-a-las-17.37.01-edited-768x576.jpeg 768w\" sizes=\"(max-width: 936px) 100vw, 936px\" \/><\/figure>\n<\/figure>\n<\/div>\n<\/div>\n\n\n\n<hr class=\"wp-block-separator alignfull has-alpha-channel-opacity is-style-wide\" \/>\n\n\n\n<h4 class=\"wp-block-heading alignfull has-text-align-center has-background has-large-font-size\" style=\"background-color:#fff37373\">REPORTAJES Y ENTREVISTAS<\/h4>\n\n\n\n<hr class=\"wp-block-separator alignfull has-alpha-channel-opacity is-style-wide\" style=\"margin-top:var(--wp--preset--spacing--40);margin-bottom:var(--wp--preset--spacing--40)\" \/>\n\n\n\n<div class=\"wp-block-columns alignwide has-background-color has-text-color has-background has-link-color wp-elements-b1638bffe91a9ed2a132f27f35391138 is-layout-flex wp-container-core-columns-is-layout-3d1a2892 wp-block-columns-is-layout-flex\" style=\"background-color:#00000087;margin-top:var(--wp--preset--spacing--20);margin-bottom:var(--wp--preset--spacing--20)\">\n<div class=\"wp-block-column is-vertically-aligned-center is-layout-flow wp-block-column-is-layout-flow\">\n<h4 class=\"wp-block-heading has-text-align-center has-background-color has-text-color has-link-color has-large-font-size wp-elements-214e3139275db028bf19790cdcbea174\" style=\"margin-top:0px\">Reportaje audiovisual, residencia art\u00edstica,<strong> <strong>Lanzarote Art Center.<\/strong><\/strong><\/h4>\n<\/div>\n\n\n\n<div class=\"wp-block-column is-layout-flow wp-block-column-is-layout-flow\">\n<figure class=\"wp-block-embed is-type-video is-provider-youtube wp-block-embed-youtube wp-embed-aspect-16-9 wp-has-aspect-ratio\"><div class=\"wp-block-embed__wrapper\">\n<iframe title=\"III Campus de Escultura 2024 | Video Resumen\" width=\"500\" height=\"281\" src=\"https:\/\/www.youtube.com\/embed\/uvGIvOV1B88?feature=oembed\" frameborder=\"0\" allow=\"accelerometer; autoplay; clipboard-write; encrypted-media; gyroscope; picture-in-picture; web-share\" referrerpolicy=\"strict-origin-when-cross-origin\" allowfullscreen><\/iframe>\n<\/div><\/figure>\n<\/div>\n<\/div>\n\n\n\n<hr class=\"wp-block-separator alignfull has-alpha-channel-opacity is-style-wide\" style=\"margin-top:var(--wp--preset--spacing--40);margin-bottom:var(--wp--preset--spacing--40)\" \/>\n\n\n\n<div class=\"wp-block-columns alignwide has-background-color has-text-color has-background has-link-color wp-elements-bbb9d04c95db721391e1ffb87387ce3f is-layout-flex wp-container-core-columns-is-layout-3d1a2892 wp-block-columns-is-layout-flex\" style=\"background-color:#0000004f;margin-top:var(--wp--preset--spacing--20);margin-bottom:var(--wp--preset--spacing--20)\">\n<div class=\"wp-block-column is-vertically-aligned-center is-layout-flow wp-block-column-is-layout-flow\">\n<h4 class=\"wp-block-heading has-text-align-center has-text-color has-link-color has-large-font-size wp-elements-379f96478f68b2368680f6a2f76ccf0d\" style=\"color:#0000009e;margin-top:0px\">Entrevistas y reportajes en \u00abEl Peri\u00f3dico de la Universidad de La Laguna\u00bb<strong><a href=\"https:\/\/periodismo.ull.es\/la-fundacion-curbelo-santana-busca-dejar-un-legado-a-la-cultura-y-juventud\/\">PULL<\/a><\/strong>.<\/h4>\n<\/div>\n\n\n\n<div class=\"wp-block-column is-layout-flow wp-block-column-is-layout-flow\">\n<figure class=\"wp-block-embed is-type-video is-provider-youtube wp-block-embed-youtube wp-embed-aspect-16-9 wp-has-aspect-ratio\"><div class=\"wp-block-embed__wrapper\">\n<iframe title=\"Mu\u00e9strame lo que eres \/\/ Periodismo ULL\" width=\"500\" height=\"281\" src=\"https:\/\/www.youtube.com\/embed\/7U_XRY7oXo0?feature=oembed\" frameborder=\"0\" allow=\"accelerometer; autoplay; clipboard-write; encrypted-media; gyroscope; picture-in-picture; web-share\" referrerpolicy=\"strict-origin-when-cross-origin\" allowfullscreen><\/iframe>\n<\/div><\/figure>\n<\/div>\n<\/div>\n\n\n\n<hr class=\"wp-block-separator alignfull has-alpha-channel-opacity is-style-wide\" style=\"margin-top:var(--wp--preset--spacing--40);margin-bottom:var(--wp--preset--spacing--40)\" \/>\n\n\n\n<div class=\"wp-block-columns alignwide has-background-color has-text-color has-background has-link-color wp-elements-9eff2b8d5419b5cd5e1f83d79e809287 is-layout-flex wp-container-core-columns-is-layout-3d1a2892 wp-block-columns-is-layout-flex\" style=\"background-color:#00000024;margin-top:var(--wp--preset--spacing--20);margin-bottom:var(--wp--preset--spacing--20)\">\n<div class=\"wp-block-column is-vertically-aligned-center is-layout-flow wp-block-column-is-layout-flow\">\n<h4 class=\"wp-block-heading has-text-align-center has-foreground-color has-text-color has-link-color has-large-font-size wp-elements-3d1c1a8a0a9f46d389576837a2e8e941\" style=\"margin-top:0px\">Entrevistas y reportajes en la<a href=\"https:\/\/fundacioncurbelosantana.org\/campus-de-escultura-2-2\"> <strong>Fundaci\u00f3n Curbelo Santana.<\/strong><\/a><\/h4>\n<\/div>\n\n\n\n<div class=\"wp-block-column is-layout-flow wp-block-column-is-layout-flow\">\n<figure class=\"wp-block-image size-full\"><a href=\"https:\/\/fundacioncurbelosantana.org\/campus-de-escultura-2-2\"><img loading=\"lazy\" decoding=\"async\" width=\"1024\" height=\"417\" src=\"https:\/\/wp.ull.es\/fundicionartisticaull\/wp-content\/uploads\/sites\/145\/2025\/11\/Captura-de-pantalla-2025-11-18-a-las-17.35.03.jpeg\" alt=\"\" class=\"wp-image-2722\" srcset=\"https:\/\/wp.ull.es\/fundicionartisticaull\/wp-content\/uploads\/sites\/145\/2025\/11\/Captura-de-pantalla-2025-11-18-a-las-17.35.03.jpeg 1024w, https:\/\/wp.ull.es\/fundicionartisticaull\/wp-content\/uploads\/sites\/145\/2025\/11\/Captura-de-pantalla-2025-11-18-a-las-17.35.03-300x122.jpeg 300w, https:\/\/wp.ull.es\/fundicionartisticaull\/wp-content\/uploads\/sites\/145\/2025\/11\/Captura-de-pantalla-2025-11-18-a-las-17.35.03-768x313.jpeg 768w\" sizes=\"(max-width: 1024px) 100vw, 1024px\" \/><\/a><\/figure>\n<\/div>\n<\/div>\n\n\n\n<hr class=\"wp-block-separator alignfull has-alpha-channel-opacity is-style-wide\" style=\"margin-top:var(--wp--preset--spacing--40);margin-bottom:var(--wp--preset--spacing--40)\" \/>\n\n\n\n<figure class=\"wp-block-image alignfull size-large\"><img decoding=\"async\" src=\"https:\/\/fundicionartisticaull.files.wordpress.com\/2024\/03\/diseno-sin-titulo-1.png?w=1024\" alt=\"\" class=\"wp-image-1090\" \/><\/figure>\n","protected":false},"excerpt":{"rendered":"<p>III CAMPUS ESCULTURA Campus de Escultura de Lanzarote III El Campus de Escultura de Lanzarote se configura como un programa de residencia y experimentaci\u00f3n art\u00edstica para estudiantes universitarios. La iniciativa surgi\u00f3 a trav\u00e9s de un convenio de colaboraci\u00f3n entre la Fundaci\u00f3n Curbelo Santana y la Universidad de La Laguna. En este proyecto colaboran: Consejer\u00eda de [&hellip;]<\/p>\n","protected":false},"author":441,"featured_media":0,"parent":0,"menu_order":0,"comment_status":"closed","ping_status":"closed","template":"","meta":{"ngg_post_thumbnail":0,"footnotes":""},"class_list":["post-2663","page","type-page","status-publish","hentry"],"yoast_head":"<!-- This site is optimized with the Yoast SEO plugin v27.4 - https:\/\/yoast.com\/product\/yoast-seo-wordpress\/ -->\n<title>Campus Escultura III - Fundici\u00f3n Art\u00edstica ULL<\/title>\n<meta name=\"robots\" content=\"index, follow, max-snippet:-1, max-image-preview:large, max-video-preview:-1\" \/>\n<link rel=\"canonical\" href=\"https:\/\/wp.ull.es\/fundicionartisticaull\/campus-de-escultura-iii\/\" \/>\n<meta property=\"og:locale\" content=\"es_ES\" \/>\n<meta property=\"og:type\" content=\"article\" \/>\n<meta property=\"og:title\" content=\"Campus Escultura III - Fundici\u00f3n Art\u00edstica ULL\" \/>\n<meta property=\"og:description\" content=\"III CAMPUS ESCULTURA Campus de Escultura de Lanzarote III El Campus de Escultura de Lanzarote se configura como un programa de residencia y experimentaci\u00f3n art\u00edstica para estudiantes universitarios. La iniciativa surgi\u00f3 a trav\u00e9s de un convenio de colaboraci\u00f3n entre la Fundaci\u00f3n Curbelo Santana y la Universidad de La Laguna. En este proyecto colaboran: Consejer\u00eda de [&hellip;]\" \/>\n<meta property=\"og:url\" content=\"https:\/\/wp.ull.es\/fundicionartisticaull\/campus-de-escultura-iii\/\" \/>\n<meta property=\"og:site_name\" content=\"Fundici\u00f3n Art\u00edstica ULL\" \/>\n<meta property=\"article:modified_time\" content=\"2025-11-19T13:42:59+00:00\" \/>\n<meta property=\"og:image\" content=\"https:\/\/wp.ull.es\/fundicionartisticaull\/wp-content\/uploads\/sites\/145\/2025\/11\/Captura-de-pantalla-2025-11-18-a-las-17.18.43.jpeg\" \/>\n<meta name=\"twitter:card\" content=\"summary_large_image\" \/>\n<meta name=\"twitter:label1\" content=\"Tiempo de lectura\" \/>\n\t<meta name=\"twitter:data1\" content=\"3 minutos\" \/>\n<script type=\"application\/ld+json\" class=\"yoast-schema-graph\">{\"@context\":\"https:\\\/\\\/schema.org\",\"@graph\":[{\"@type\":\"WebPage\",\"@id\":\"https:\\\/\\\/wp.ull.es\\\/fundicionartisticaull\\\/campus-de-escultura-iii\\\/\",\"url\":\"https:\\\/\\\/wp.ull.es\\\/fundicionartisticaull\\\/campus-de-escultura-iii\\\/\",\"name\":\"Campus Escultura III - Fundici\u00f3n Art\u00edstica ULL\",\"isPartOf\":{\"@id\":\"https:\\\/\\\/wp.ull.es\\\/fundicionartisticaull\\\/#website\"},\"primaryImageOfPage\":{\"@id\":\"https:\\\/\\\/wp.ull.es\\\/fundicionartisticaull\\\/campus-de-escultura-iii\\\/#primaryimage\"},\"image\":{\"@id\":\"https:\\\/\\\/wp.ull.es\\\/fundicionartisticaull\\\/campus-de-escultura-iii\\\/#primaryimage\"},\"thumbnailUrl\":\"https:\\\/\\\/wp.ull.es\\\/fundicionartisticaull\\\/wp-content\\\/uploads\\\/sites\\\/145\\\/2025\\\/11\\\/Captura-de-pantalla-2025-11-18-a-las-17.18.43.jpeg\",\"datePublished\":\"2025-11-18T17:56:52+00:00\",\"dateModified\":\"2025-11-19T13:42:59+00:00\",\"breadcrumb\":{\"@id\":\"https:\\\/\\\/wp.ull.es\\\/fundicionartisticaull\\\/campus-de-escultura-iii\\\/#breadcrumb\"},\"inLanguage\":\"es\",\"potentialAction\":[{\"@type\":\"ReadAction\",\"target\":[\"https:\\\/\\\/wp.ull.es\\\/fundicionartisticaull\\\/campus-de-escultura-iii\\\/\"]}]},{\"@type\":\"ImageObject\",\"inLanguage\":\"es\",\"@id\":\"https:\\\/\\\/wp.ull.es\\\/fundicionartisticaull\\\/campus-de-escultura-iii\\\/#primaryimage\",\"url\":\"https:\\\/\\\/wp.ull.es\\\/fundicionartisticaull\\\/wp-content\\\/uploads\\\/sites\\\/145\\\/2025\\\/11\\\/Captura-de-pantalla-2025-11-18-a-las-17.18.43.jpeg\",\"contentUrl\":\"https:\\\/\\\/wp.ull.es\\\/fundicionartisticaull\\\/wp-content\\\/uploads\\\/sites\\\/145\\\/2025\\\/11\\\/Captura-de-pantalla-2025-11-18-a-las-17.18.43.jpeg\",\"width\":1024,\"height\":578,\"caption\":\"Screenshot\"},{\"@type\":\"BreadcrumbList\",\"@id\":\"https:\\\/\\\/wp.ull.es\\\/fundicionartisticaull\\\/campus-de-escultura-iii\\\/#breadcrumb\",\"itemListElement\":[{\"@type\":\"ListItem\",\"position\":1,\"name\":\"Portada\",\"item\":\"https:\\\/\\\/wp.ull.es\\\/fundicionartisticaull\\\/\"},{\"@type\":\"ListItem\",\"position\":2,\"name\":\"Campus Escultura III\"}]},{\"@type\":\"WebSite\",\"@id\":\"https:\\\/\\\/wp.ull.es\\\/fundicionartisticaull\\\/#website\",\"url\":\"https:\\\/\\\/wp.ull.es\\\/fundicionartisticaull\\\/\",\"name\":\"FUNIDICI\u00d3N ART\u00cdSTICA ULL\",\"description\":\"Taller de fundici\u00f3n en la Universidad de La Laguna\",\"publisher\":{\"@id\":\"https:\\\/\\\/wp.ull.es\\\/fundicionartisticaull\\\/#organization\"},\"potentialAction\":[{\"@type\":\"SearchAction\",\"target\":{\"@type\":\"EntryPoint\",\"urlTemplate\":\"https:\\\/\\\/wp.ull.es\\\/fundicionartisticaull\\\/?s={search_term_string}\"},\"query-input\":{\"@type\":\"PropertyValueSpecification\",\"valueRequired\":true,\"valueName\":\"search_term_string\"}}],\"inLanguage\":\"es\"},{\"@type\":\"Organization\",\"@id\":\"https:\\\/\\\/wp.ull.es\\\/fundicionartisticaull\\\/#organization\",\"name\":\"AULA DE FUNDICI\u00d3N\",\"url\":\"https:\\\/\\\/wp.ull.es\\\/fundicionartisticaull\\\/\",\"logo\":{\"@type\":\"ImageObject\",\"inLanguage\":\"es\",\"@id\":\"https:\\\/\\\/wp.ull.es\\\/fundicionartisticaull\\\/#\\\/schema\\\/logo\\\/image\\\/\",\"url\":\"https:\\\/\\\/wp.ull.es\\\/fundicionartisticaull\\\/wp-content\\\/uploads\\\/sites\\\/145\\\/2024\\\/03\\\/9CC10F4E-628E-4F8B-BFA4-29DE0BAE15F2-edited.jpg\",\"contentUrl\":\"https:\\\/\\\/wp.ull.es\\\/fundicionartisticaull\\\/wp-content\\\/uploads\\\/sites\\\/145\\\/2024\\\/03\\\/9CC10F4E-628E-4F8B-BFA4-29DE0BAE15F2-edited.jpg\",\"width\":768,\"height\":768,\"caption\":\"AULA DE FUNDICI\u00d3N\"},\"image\":{\"@id\":\"https:\\\/\\\/wp.ull.es\\\/fundicionartisticaull\\\/#\\\/schema\\\/logo\\\/image\\\/\"}}]}<\/script>\n<!-- \/ Yoast SEO plugin. -->","yoast_head_json":{"title":"Campus Escultura III - Fundici\u00f3n Art\u00edstica ULL","robots":{"index":"index","follow":"follow","max-snippet":"max-snippet:-1","max-image-preview":"max-image-preview:large","max-video-preview":"max-video-preview:-1"},"canonical":"https:\/\/wp.ull.es\/fundicionartisticaull\/campus-de-escultura-iii\/","og_locale":"es_ES","og_type":"article","og_title":"Campus Escultura III - Fundici\u00f3n Art\u00edstica ULL","og_description":"III CAMPUS ESCULTURA Campus de Escultura de Lanzarote III El Campus de Escultura de Lanzarote se configura como un programa de residencia y experimentaci\u00f3n art\u00edstica para estudiantes universitarios. La iniciativa surgi\u00f3 a trav\u00e9s de un convenio de colaboraci\u00f3n entre la Fundaci\u00f3n Curbelo Santana y la Universidad de La Laguna. En este proyecto colaboran: Consejer\u00eda de [&hellip;]","og_url":"https:\/\/wp.ull.es\/fundicionartisticaull\/campus-de-escultura-iii\/","og_site_name":"Fundici\u00f3n Art\u00edstica ULL","article_modified_time":"2025-11-19T13:42:59+00:00","og_image":[{"url":"https:\/\/wp.ull.es\/fundicionartisticaull\/wp-content\/uploads\/sites\/145\/2025\/11\/Captura-de-pantalla-2025-11-18-a-las-17.18.43.jpeg","type":"","width":"","height":""}],"twitter_card":"summary_large_image","twitter_misc":{"Tiempo de lectura":"3 minutos"},"schema":{"@context":"https:\/\/schema.org","@graph":[{"@type":"WebPage","@id":"https:\/\/wp.ull.es\/fundicionartisticaull\/campus-de-escultura-iii\/","url":"https:\/\/wp.ull.es\/fundicionartisticaull\/campus-de-escultura-iii\/","name":"Campus Escultura III - Fundici\u00f3n Art\u00edstica ULL","isPartOf":{"@id":"https:\/\/wp.ull.es\/fundicionartisticaull\/#website"},"primaryImageOfPage":{"@id":"https:\/\/wp.ull.es\/fundicionartisticaull\/campus-de-escultura-iii\/#primaryimage"},"image":{"@id":"https:\/\/wp.ull.es\/fundicionartisticaull\/campus-de-escultura-iii\/#primaryimage"},"thumbnailUrl":"https:\/\/wp.ull.es\/fundicionartisticaull\/wp-content\/uploads\/sites\/145\/2025\/11\/Captura-de-pantalla-2025-11-18-a-las-17.18.43.jpeg","datePublished":"2025-11-18T17:56:52+00:00","dateModified":"2025-11-19T13:42:59+00:00","breadcrumb":{"@id":"https:\/\/wp.ull.es\/fundicionartisticaull\/campus-de-escultura-iii\/#breadcrumb"},"inLanguage":"es","potentialAction":[{"@type":"ReadAction","target":["https:\/\/wp.ull.es\/fundicionartisticaull\/campus-de-escultura-iii\/"]}]},{"@type":"ImageObject","inLanguage":"es","@id":"https:\/\/wp.ull.es\/fundicionartisticaull\/campus-de-escultura-iii\/#primaryimage","url":"https:\/\/wp.ull.es\/fundicionartisticaull\/wp-content\/uploads\/sites\/145\/2025\/11\/Captura-de-pantalla-2025-11-18-a-las-17.18.43.jpeg","contentUrl":"https:\/\/wp.ull.es\/fundicionartisticaull\/wp-content\/uploads\/sites\/145\/2025\/11\/Captura-de-pantalla-2025-11-18-a-las-17.18.43.jpeg","width":1024,"height":578,"caption":"Screenshot"},{"@type":"BreadcrumbList","@id":"https:\/\/wp.ull.es\/fundicionartisticaull\/campus-de-escultura-iii\/#breadcrumb","itemListElement":[{"@type":"ListItem","position":1,"name":"Portada","item":"https:\/\/wp.ull.es\/fundicionartisticaull\/"},{"@type":"ListItem","position":2,"name":"Campus Escultura III"}]},{"@type":"WebSite","@id":"https:\/\/wp.ull.es\/fundicionartisticaull\/#website","url":"https:\/\/wp.ull.es\/fundicionartisticaull\/","name":"FUNIDICI\u00d3N ART\u00cdSTICA ULL","description":"Taller de fundici\u00f3n en la Universidad de La Laguna","publisher":{"@id":"https:\/\/wp.ull.es\/fundicionartisticaull\/#organization"},"potentialAction":[{"@type":"SearchAction","target":{"@type":"EntryPoint","urlTemplate":"https:\/\/wp.ull.es\/fundicionartisticaull\/?s={search_term_string}"},"query-input":{"@type":"PropertyValueSpecification","valueRequired":true,"valueName":"search_term_string"}}],"inLanguage":"es"},{"@type":"Organization","@id":"https:\/\/wp.ull.es\/fundicionartisticaull\/#organization","name":"AULA DE FUNDICI\u00d3N","url":"https:\/\/wp.ull.es\/fundicionartisticaull\/","logo":{"@type":"ImageObject","inLanguage":"es","@id":"https:\/\/wp.ull.es\/fundicionartisticaull\/#\/schema\/logo\/image\/","url":"https:\/\/wp.ull.es\/fundicionartisticaull\/wp-content\/uploads\/sites\/145\/2024\/03\/9CC10F4E-628E-4F8B-BFA4-29DE0BAE15F2-edited.jpg","contentUrl":"https:\/\/wp.ull.es\/fundicionartisticaull\/wp-content\/uploads\/sites\/145\/2024\/03\/9CC10F4E-628E-4F8B-BFA4-29DE0BAE15F2-edited.jpg","width":768,"height":768,"caption":"AULA DE FUNDICI\u00d3N"},"image":{"@id":"https:\/\/wp.ull.es\/fundicionartisticaull\/#\/schema\/logo\/image\/"}}]}},"_links":{"self":[{"href":"https:\/\/wp.ull.es\/fundicionartisticaull\/wp-json\/wp\/v2\/pages\/2663","targetHints":{"allow":["GET"]}}],"collection":[{"href":"https:\/\/wp.ull.es\/fundicionartisticaull\/wp-json\/wp\/v2\/pages"}],"about":[{"href":"https:\/\/wp.ull.es\/fundicionartisticaull\/wp-json\/wp\/v2\/types\/page"}],"author":[{"embeddable":true,"href":"https:\/\/wp.ull.es\/fundicionartisticaull\/wp-json\/wp\/v2\/users\/441"}],"replies":[{"embeddable":true,"href":"https:\/\/wp.ull.es\/fundicionartisticaull\/wp-json\/wp\/v2\/comments?post=2663"}],"version-history":[{"count":2,"href":"https:\/\/wp.ull.es\/fundicionartisticaull\/wp-json\/wp\/v2\/pages\/2663\/revisions"}],"predecessor-version":[{"id":2792,"href":"https:\/\/wp.ull.es\/fundicionartisticaull\/wp-json\/wp\/v2\/pages\/2663\/revisions\/2792"}],"wp:attachment":[{"href":"https:\/\/wp.ull.es\/fundicionartisticaull\/wp-json\/wp\/v2\/media?parent=2663"}],"curies":[{"name":"wp","href":"https:\/\/api.w.org\/{rel}","templated":true}]}}