{"id":2147,"date":"2024-04-30T13:45:06","date_gmt":"2024-04-30T13:45:06","guid":{"rendered":"https:\/\/wp.ull.es\/fundicionartisticaull\/?page_id=2147"},"modified":"2024-04-30T13:45:07","modified_gmt":"2024-04-30T13:45:07","slug":"p-galardon-oficial-del-premio-anual-de-la-academia-de-gastronomia","status":"publish","type":"page","link":"https:\/\/wp.ull.es\/fundicionartisticaull\/p-galardon-oficial-del-premio-anual-de-la-academia-de-gastronomia\/","title":{"rendered":"P. Galard\u00f3n Oficial del premio Anual de la Academia de Gastronom\u00eda"},"content":{"rendered":"\n<hr class=\"wp-block-separator alignwide has-alpha-channel-opacity is-style-wide\" \/>\n\n\n\n<h2 class=\"wp-block-heading alignwide has-text-align-center has-background-color has-foreground-background-color has-text-color has-background has-link-color has-large-font-size wp-elements-45d8180a2b06c70bcbf4e354d0f3f5bd\" style=\"margin-top:var(--wp--preset--spacing--20);margin-bottom:var(--wp--preset--spacing--20);padding-top:var(--wp--preset--spacing--30);padding-right:0;padding-bottom:var(--wp--preset--spacing--30);padding-left:0;text-transform:uppercase\">Galard\u00f3n Oficial del premio Anual de la Academia de Gastronom\u00eda <\/h2>\n\n\n\n<hr class=\"wp-block-separator alignwide has-alpha-channel-opacity is-style-wide\" style=\"margin-top:0;margin-bottom:0\" \/>\n\n\n\n<h5 class=\"wp-block-heading alignwide has-text-align-left\" style=\"text-transform:none\">Materializaci\u00f3n de una escultura en bronce (4 ejemplares) representativa del Galard\u00f3n Oficial del premio Anual de la Academia de Gastronom\u00eda de Santa Cruz de Tenerife para el concurso del 2021.<\/h5>\n\n\n\n<div class=\"wp-block-columns alignwide is-layout-flex wp-container-core-columns-is-layout-28f84493 wp-block-columns-is-layout-flex\">\n<div class=\"wp-block-column is-layout-flow wp-block-column-is-layout-flow\">\n<figure class=\"wp-block-image size-full\"><img fetchpriority=\"high\" decoding=\"async\" width=\"1024\" height=\"766\" src=\"https:\/\/wp.ull.es\/fundicionartisticaull\/wp-content\/uploads\/sites\/145\/2024\/04\/IMG_20210507_182247.jpg\" alt=\"\" class=\"wp-image-2149\" srcset=\"https:\/\/wp.ull.es\/fundicionartisticaull\/wp-content\/uploads\/sites\/145\/2024\/04\/IMG_20210507_182247.jpg 1024w, https:\/\/wp.ull.es\/fundicionartisticaull\/wp-content\/uploads\/sites\/145\/2024\/04\/IMG_20210507_182247-300x224.jpg 300w, https:\/\/wp.ull.es\/fundicionartisticaull\/wp-content\/uploads\/sites\/145\/2024\/04\/IMG_20210507_182247-768x575.jpg 768w\" sizes=\"(max-width: 1024px) 100vw, 1024px\" \/><\/figure>\n<\/div>\n\n\n\n<div class=\"wp-block-column is-layout-flow wp-block-column-is-layout-flow\">\n<figure class=\"wp-block-image size-full\"><img decoding=\"async\" width=\"766\" height=\"575\" src=\"https:\/\/wp.ull.es\/fundicionartisticaull\/wp-content\/uploads\/sites\/145\/2024\/04\/IMG_20210507_182234-edited.jpg\" alt=\"\" class=\"wp-image-2160\" srcset=\"https:\/\/wp.ull.es\/fundicionartisticaull\/wp-content\/uploads\/sites\/145\/2024\/04\/IMG_20210507_182234-edited.jpg 766w, https:\/\/wp.ull.es\/fundicionartisticaull\/wp-content\/uploads\/sites\/145\/2024\/04\/IMG_20210507_182234-edited-300x225.jpg 300w\" sizes=\"(max-width: 766px) 100vw, 766px\" \/><\/figure>\n<\/div>\n\n\n\n<div class=\"wp-block-column is-layout-flow wp-block-column-is-layout-flow\">\n<figure class=\"wp-block-image size-full\"><img decoding=\"async\" width=\"766\" height=\"575\" src=\"https:\/\/wp.ull.es\/fundicionartisticaull\/wp-content\/uploads\/sites\/145\/2024\/04\/IMG_20210507_181117-edited.jpg\" alt=\"\" class=\"wp-image-2161\" srcset=\"https:\/\/wp.ull.es\/fundicionartisticaull\/wp-content\/uploads\/sites\/145\/2024\/04\/IMG_20210507_181117-edited.jpg 766w, https:\/\/wp.ull.es\/fundicionartisticaull\/wp-content\/uploads\/sites\/145\/2024\/04\/IMG_20210507_181117-edited-300x225.jpg 300w\" sizes=\"(max-width: 766px) 100vw, 766px\" \/><\/figure>\n<\/div>\n\n\n\n<div class=\"wp-block-column is-layout-flow wp-block-column-is-layout-flow\">\n<figure class=\"wp-block-image size-full\"><img loading=\"lazy\" decoding=\"async\" width=\"1024\" height=\"766\" src=\"https:\/\/wp.ull.es\/fundicionartisticaull\/wp-content\/uploads\/sites\/145\/2024\/04\/IMG_20210507_181107.jpg\" alt=\"\" class=\"wp-image-2152\" srcset=\"https:\/\/wp.ull.es\/fundicionartisticaull\/wp-content\/uploads\/sites\/145\/2024\/04\/IMG_20210507_181107.jpg 1024w, https:\/\/wp.ull.es\/fundicionartisticaull\/wp-content\/uploads\/sites\/145\/2024\/04\/IMG_20210507_181107-300x224.jpg 300w, https:\/\/wp.ull.es\/fundicionartisticaull\/wp-content\/uploads\/sites\/145\/2024\/04\/IMG_20210507_181107-768x575.jpg 768w\" sizes=\"(max-width: 1024px) 100vw, 1024px\" \/><\/figure>\n<\/div>\n<\/div>\n\n\n\n<div class=\"wp-block-columns alignwide is-layout-flex wp-container-core-columns-is-layout-28f84493 wp-block-columns-is-layout-flex\">\n<div class=\"wp-block-column is-layout-flow wp-block-column-is-layout-flow\">\n<figure class=\"wp-block-image size-full\"><img loading=\"lazy\" decoding=\"async\" width=\"766\" height=\"1024\" src=\"https:\/\/wp.ull.es\/fundicionartisticaull\/wp-content\/uploads\/sites\/145\/2024\/04\/IMG_20210507_175106.jpg\" alt=\"\" class=\"wp-image-2153\" srcset=\"https:\/\/wp.ull.es\/fundicionartisticaull\/wp-content\/uploads\/sites\/145\/2024\/04\/IMG_20210507_175106.jpg 766w, https:\/\/wp.ull.es\/fundicionartisticaull\/wp-content\/uploads\/sites\/145\/2024\/04\/IMG_20210507_175106-224x300.jpg 224w\" sizes=\"(max-width: 766px) 100vw, 766px\" \/><\/figure>\n<\/div>\n\n\n\n<div class=\"wp-block-column is-layout-flow wp-block-column-is-layout-flow\">\n<figure class=\"wp-block-image size-full\"><img loading=\"lazy\" decoding=\"async\" width=\"766\" height=\"1024\" src=\"https:\/\/wp.ull.es\/fundicionartisticaull\/wp-content\/uploads\/sites\/145\/2024\/04\/IMG_20210507_141326.jpg\" alt=\"\" class=\"wp-image-2155\" srcset=\"https:\/\/wp.ull.es\/fundicionartisticaull\/wp-content\/uploads\/sites\/145\/2024\/04\/IMG_20210507_141326.jpg 766w, https:\/\/wp.ull.es\/fundicionartisticaull\/wp-content\/uploads\/sites\/145\/2024\/04\/IMG_20210507_141326-224x300.jpg 224w\" sizes=\"(max-width: 766px) 100vw, 766px\" \/><\/figure>\n<\/div>\n\n\n\n<div class=\"wp-block-column is-layout-flow wp-block-column-is-layout-flow\">\n<figure class=\"wp-block-image size-full\"><img loading=\"lazy\" decoding=\"async\" width=\"766\" height=\"1024\" src=\"https:\/\/wp.ull.es\/fundicionartisticaull\/wp-content\/uploads\/sites\/145\/2024\/04\/IMG_20210507_141243.jpg\" alt=\"\" class=\"wp-image-2156\" srcset=\"https:\/\/wp.ull.es\/fundicionartisticaull\/wp-content\/uploads\/sites\/145\/2024\/04\/IMG_20210507_141243.jpg 766w, https:\/\/wp.ull.es\/fundicionartisticaull\/wp-content\/uploads\/sites\/145\/2024\/04\/IMG_20210507_141243-224x300.jpg 224w\" sizes=\"(max-width: 766px) 100vw, 766px\" \/><\/figure>\n<\/div>\n\n\n\n<div class=\"wp-block-column is-layout-flow wp-block-column-is-layout-flow\">\n<figure class=\"wp-block-image size-full\"><img loading=\"lazy\" decoding=\"async\" width=\"576\" height=\"768\" src=\"https:\/\/wp.ull.es\/fundicionartisticaull\/wp-content\/uploads\/sites\/145\/2024\/04\/20210915_120057-edited.jpg\" alt=\"\" class=\"wp-image-2159\" srcset=\"https:\/\/wp.ull.es\/fundicionartisticaull\/wp-content\/uploads\/sites\/145\/2024\/04\/20210915_120057-edited.jpg 576w, https:\/\/wp.ull.es\/fundicionartisticaull\/wp-content\/uploads\/sites\/145\/2024\/04\/20210915_120057-edited-225x300.jpg 225w\" sizes=\"(max-width: 576px) 100vw, 576px\" \/><\/figure>\n<\/div>\n<\/div>\n","protected":false},"excerpt":{"rendered":"<p>Galard\u00f3n Oficial del premio Anual de la Academia de Gastronom\u00eda Materializaci\u00f3n de una escultura en bronce (4 ejemplares) representativa del Galard\u00f3n Oficial del premio Anual de la Academia de Gastronom\u00eda de Santa Cruz de Tenerife para el concurso del 2021.<\/p>\n","protected":false},"author":441,"featured_media":0,"parent":0,"menu_order":0,"comment_status":"closed","ping_status":"closed","template":"page-large-header","meta":{"ngg_post_thumbnail":0,"footnotes":""},"class_list":["post-2147","page","type-page","status-publish","hentry"],"yoast_head":"<!-- This site is optimized with the Yoast SEO plugin v27.4 - https:\/\/yoast.com\/product\/yoast-seo-wordpress\/ -->\n<title>P. Galard\u00f3n Oficial del premio Anual de la Academia de Gastronom\u00eda - Fundici\u00f3n Art\u00edstica ULL<\/title>\n<meta name=\"robots\" content=\"index, follow, max-snippet:-1, max-image-preview:large, max-video-preview:-1\" \/>\n<link rel=\"canonical\" href=\"https:\/\/wp.ull.es\/fundicionartisticaull\/p-galardon-oficial-del-premio-anual-de-la-academia-de-gastronomia\/\" \/>\n<meta property=\"og:locale\" content=\"es_ES\" \/>\n<meta property=\"og:type\" content=\"article\" \/>\n<meta property=\"og:title\" content=\"P. Galard\u00f3n Oficial del premio Anual de la Academia de Gastronom\u00eda - Fundici\u00f3n Art\u00edstica ULL\" \/>\n<meta property=\"og:description\" content=\"Galard\u00f3n Oficial del premio Anual de la Academia de Gastronom\u00eda Materializaci\u00f3n de una escultura en bronce (4 ejemplares) representativa del Galard\u00f3n Oficial del premio Anual de la Academia de Gastronom\u00eda de Santa Cruz de Tenerife para el concurso del 2021.\" \/>\n<meta property=\"og:url\" content=\"https:\/\/wp.ull.es\/fundicionartisticaull\/p-galardon-oficial-del-premio-anual-de-la-academia-de-gastronomia\/\" \/>\n<meta property=\"og:site_name\" content=\"Fundici\u00f3n Art\u00edstica ULL\" \/>\n<meta property=\"article:modified_time\" content=\"2024-04-30T13:45:07+00:00\" \/>\n<meta property=\"og:image\" content=\"https:\/\/wp.ull.es\/fundicionartisticaull\/wp-content\/uploads\/sites\/145\/2024\/04\/IMG_20210507_182247.jpg\" \/>\n<meta name=\"twitter:card\" content=\"summary_large_image\" \/>\n<meta name=\"twitter:label1\" content=\"Tiempo de lectura\" \/>\n\t<meta name=\"twitter:data1\" content=\"2 minutos\" \/>\n<script type=\"application\/ld+json\" class=\"yoast-schema-graph\">{\"@context\":\"https:\\\/\\\/schema.org\",\"@graph\":[{\"@type\":\"WebPage\",\"@id\":\"https:\\\/\\\/wp.ull.es\\\/fundicionartisticaull\\\/p-galardon-oficial-del-premio-anual-de-la-academia-de-gastronomia\\\/\",\"url\":\"https:\\\/\\\/wp.ull.es\\\/fundicionartisticaull\\\/p-galardon-oficial-del-premio-anual-de-la-academia-de-gastronomia\\\/\",\"name\":\"P. Galard\u00f3n Oficial del premio Anual de la Academia de Gastronom\u00eda - Fundici\u00f3n Art\u00edstica ULL\",\"isPartOf\":{\"@id\":\"https:\\\/\\\/wp.ull.es\\\/fundicionartisticaull\\\/#website\"},\"primaryImageOfPage\":{\"@id\":\"https:\\\/\\\/wp.ull.es\\\/fundicionartisticaull\\\/p-galardon-oficial-del-premio-anual-de-la-academia-de-gastronomia\\\/#primaryimage\"},\"image\":{\"@id\":\"https:\\\/\\\/wp.ull.es\\\/fundicionartisticaull\\\/p-galardon-oficial-del-premio-anual-de-la-academia-de-gastronomia\\\/#primaryimage\"},\"thumbnailUrl\":\"https:\\\/\\\/wp.ull.es\\\/fundicionartisticaull\\\/wp-content\\\/uploads\\\/sites\\\/145\\\/2024\\\/04\\\/IMG_20210507_182247.jpg\",\"datePublished\":\"2024-04-30T13:45:06+00:00\",\"dateModified\":\"2024-04-30T13:45:07+00:00\",\"breadcrumb\":{\"@id\":\"https:\\\/\\\/wp.ull.es\\\/fundicionartisticaull\\\/p-galardon-oficial-del-premio-anual-de-la-academia-de-gastronomia\\\/#breadcrumb\"},\"inLanguage\":\"es\",\"potentialAction\":[{\"@type\":\"ReadAction\",\"target\":[\"https:\\\/\\\/wp.ull.es\\\/fundicionartisticaull\\\/p-galardon-oficial-del-premio-anual-de-la-academia-de-gastronomia\\\/\"]}]},{\"@type\":\"ImageObject\",\"inLanguage\":\"es\",\"@id\":\"https:\\\/\\\/wp.ull.es\\\/fundicionartisticaull\\\/p-galardon-oficial-del-premio-anual-de-la-academia-de-gastronomia\\\/#primaryimage\",\"url\":\"https:\\\/\\\/wp.ull.es\\\/fundicionartisticaull\\\/wp-content\\\/uploads\\\/sites\\\/145\\\/2024\\\/04\\\/IMG_20210507_182247.jpg\",\"contentUrl\":\"https:\\\/\\\/wp.ull.es\\\/fundicionartisticaull\\\/wp-content\\\/uploads\\\/sites\\\/145\\\/2024\\\/04\\\/IMG_20210507_182247.jpg\",\"width\":1024,\"height\":766},{\"@type\":\"BreadcrumbList\",\"@id\":\"https:\\\/\\\/wp.ull.es\\\/fundicionartisticaull\\\/p-galardon-oficial-del-premio-anual-de-la-academia-de-gastronomia\\\/#breadcrumb\",\"itemListElement\":[{\"@type\":\"ListItem\",\"position\":1,\"name\":\"Portada\",\"item\":\"https:\\\/\\\/wp.ull.es\\\/fundicionartisticaull\\\/\"},{\"@type\":\"ListItem\",\"position\":2,\"name\":\"P. Galard\u00f3n Oficial del premio Anual de la Academia de Gastronom\u00eda\"}]},{\"@type\":\"WebSite\",\"@id\":\"https:\\\/\\\/wp.ull.es\\\/fundicionartisticaull\\\/#website\",\"url\":\"https:\\\/\\\/wp.ull.es\\\/fundicionartisticaull\\\/\",\"name\":\"FUNIDICI\u00d3N ART\u00cdSTICA ULL\",\"description\":\"Taller de fundici\u00f3n en la Universidad de La Laguna\",\"publisher\":{\"@id\":\"https:\\\/\\\/wp.ull.es\\\/fundicionartisticaull\\\/#organization\"},\"potentialAction\":[{\"@type\":\"SearchAction\",\"target\":{\"@type\":\"EntryPoint\",\"urlTemplate\":\"https:\\\/\\\/wp.ull.es\\\/fundicionartisticaull\\\/?s={search_term_string}\"},\"query-input\":{\"@type\":\"PropertyValueSpecification\",\"valueRequired\":true,\"valueName\":\"search_term_string\"}}],\"inLanguage\":\"es\"},{\"@type\":\"Organization\",\"@id\":\"https:\\\/\\\/wp.ull.es\\\/fundicionartisticaull\\\/#organization\",\"name\":\"AULA DE FUNDICI\u00d3N\",\"url\":\"https:\\\/\\\/wp.ull.es\\\/fundicionartisticaull\\\/\",\"logo\":{\"@type\":\"ImageObject\",\"inLanguage\":\"es\",\"@id\":\"https:\\\/\\\/wp.ull.es\\\/fundicionartisticaull\\\/#\\\/schema\\\/logo\\\/image\\\/\",\"url\":\"https:\\\/\\\/wp.ull.es\\\/fundicionartisticaull\\\/wp-content\\\/uploads\\\/sites\\\/145\\\/2024\\\/03\\\/9CC10F4E-628E-4F8B-BFA4-29DE0BAE15F2-edited.jpg\",\"contentUrl\":\"https:\\\/\\\/wp.ull.es\\\/fundicionartisticaull\\\/wp-content\\\/uploads\\\/sites\\\/145\\\/2024\\\/03\\\/9CC10F4E-628E-4F8B-BFA4-29DE0BAE15F2-edited.jpg\",\"width\":768,\"height\":768,\"caption\":\"AULA DE FUNDICI\u00d3N\"},\"image\":{\"@id\":\"https:\\\/\\\/wp.ull.es\\\/fundicionartisticaull\\\/#\\\/schema\\\/logo\\\/image\\\/\"}}]}<\/script>\n<!-- \/ Yoast SEO plugin. -->","yoast_head_json":{"title":"P. Galard\u00f3n Oficial del premio Anual de la Academia de Gastronom\u00eda - Fundici\u00f3n Art\u00edstica ULL","robots":{"index":"index","follow":"follow","max-snippet":"max-snippet:-1","max-image-preview":"max-image-preview:large","max-video-preview":"max-video-preview:-1"},"canonical":"https:\/\/wp.ull.es\/fundicionartisticaull\/p-galardon-oficial-del-premio-anual-de-la-academia-de-gastronomia\/","og_locale":"es_ES","og_type":"article","og_title":"P. Galard\u00f3n Oficial del premio Anual de la Academia de Gastronom\u00eda - Fundici\u00f3n Art\u00edstica ULL","og_description":"Galard\u00f3n Oficial del premio Anual de la Academia de Gastronom\u00eda Materializaci\u00f3n de una escultura en bronce (4 ejemplares) representativa del Galard\u00f3n Oficial del premio Anual de la Academia de Gastronom\u00eda de Santa Cruz de Tenerife para el concurso del 2021.","og_url":"https:\/\/wp.ull.es\/fundicionartisticaull\/p-galardon-oficial-del-premio-anual-de-la-academia-de-gastronomia\/","og_site_name":"Fundici\u00f3n Art\u00edstica ULL","article_modified_time":"2024-04-30T13:45:07+00:00","og_image":[{"url":"https:\/\/wp.ull.es\/fundicionartisticaull\/wp-content\/uploads\/sites\/145\/2024\/04\/IMG_20210507_182247.jpg","type":"","width":"","height":""}],"twitter_card":"summary_large_image","twitter_misc":{"Tiempo de lectura":"2 minutos"},"schema":{"@context":"https:\/\/schema.org","@graph":[{"@type":"WebPage","@id":"https:\/\/wp.ull.es\/fundicionartisticaull\/p-galardon-oficial-del-premio-anual-de-la-academia-de-gastronomia\/","url":"https:\/\/wp.ull.es\/fundicionartisticaull\/p-galardon-oficial-del-premio-anual-de-la-academia-de-gastronomia\/","name":"P. Galard\u00f3n Oficial del premio Anual de la Academia de Gastronom\u00eda - Fundici\u00f3n Art\u00edstica ULL","isPartOf":{"@id":"https:\/\/wp.ull.es\/fundicionartisticaull\/#website"},"primaryImageOfPage":{"@id":"https:\/\/wp.ull.es\/fundicionartisticaull\/p-galardon-oficial-del-premio-anual-de-la-academia-de-gastronomia\/#primaryimage"},"image":{"@id":"https:\/\/wp.ull.es\/fundicionartisticaull\/p-galardon-oficial-del-premio-anual-de-la-academia-de-gastronomia\/#primaryimage"},"thumbnailUrl":"https:\/\/wp.ull.es\/fundicionartisticaull\/wp-content\/uploads\/sites\/145\/2024\/04\/IMG_20210507_182247.jpg","datePublished":"2024-04-30T13:45:06+00:00","dateModified":"2024-04-30T13:45:07+00:00","breadcrumb":{"@id":"https:\/\/wp.ull.es\/fundicionartisticaull\/p-galardon-oficial-del-premio-anual-de-la-academia-de-gastronomia\/#breadcrumb"},"inLanguage":"es","potentialAction":[{"@type":"ReadAction","target":["https:\/\/wp.ull.es\/fundicionartisticaull\/p-galardon-oficial-del-premio-anual-de-la-academia-de-gastronomia\/"]}]},{"@type":"ImageObject","inLanguage":"es","@id":"https:\/\/wp.ull.es\/fundicionartisticaull\/p-galardon-oficial-del-premio-anual-de-la-academia-de-gastronomia\/#primaryimage","url":"https:\/\/wp.ull.es\/fundicionartisticaull\/wp-content\/uploads\/sites\/145\/2024\/04\/IMG_20210507_182247.jpg","contentUrl":"https:\/\/wp.ull.es\/fundicionartisticaull\/wp-content\/uploads\/sites\/145\/2024\/04\/IMG_20210507_182247.jpg","width":1024,"height":766},{"@type":"BreadcrumbList","@id":"https:\/\/wp.ull.es\/fundicionartisticaull\/p-galardon-oficial-del-premio-anual-de-la-academia-de-gastronomia\/#breadcrumb","itemListElement":[{"@type":"ListItem","position":1,"name":"Portada","item":"https:\/\/wp.ull.es\/fundicionartisticaull\/"},{"@type":"ListItem","position":2,"name":"P. Galard\u00f3n Oficial del premio Anual de la Academia de Gastronom\u00eda"}]},{"@type":"WebSite","@id":"https:\/\/wp.ull.es\/fundicionartisticaull\/#website","url":"https:\/\/wp.ull.es\/fundicionartisticaull\/","name":"FUNIDICI\u00d3N ART\u00cdSTICA ULL","description":"Taller de fundici\u00f3n en la Universidad de La Laguna","publisher":{"@id":"https:\/\/wp.ull.es\/fundicionartisticaull\/#organization"},"potentialAction":[{"@type":"SearchAction","target":{"@type":"EntryPoint","urlTemplate":"https:\/\/wp.ull.es\/fundicionartisticaull\/?s={search_term_string}"},"query-input":{"@type":"PropertyValueSpecification","valueRequired":true,"valueName":"search_term_string"}}],"inLanguage":"es"},{"@type":"Organization","@id":"https:\/\/wp.ull.es\/fundicionartisticaull\/#organization","name":"AULA DE FUNDICI\u00d3N","url":"https:\/\/wp.ull.es\/fundicionartisticaull\/","logo":{"@type":"ImageObject","inLanguage":"es","@id":"https:\/\/wp.ull.es\/fundicionartisticaull\/#\/schema\/logo\/image\/","url":"https:\/\/wp.ull.es\/fundicionartisticaull\/wp-content\/uploads\/sites\/145\/2024\/03\/9CC10F4E-628E-4F8B-BFA4-29DE0BAE15F2-edited.jpg","contentUrl":"https:\/\/wp.ull.es\/fundicionartisticaull\/wp-content\/uploads\/sites\/145\/2024\/03\/9CC10F4E-628E-4F8B-BFA4-29DE0BAE15F2-edited.jpg","width":768,"height":768,"caption":"AULA DE FUNDICI\u00d3N"},"image":{"@id":"https:\/\/wp.ull.es\/fundicionartisticaull\/#\/schema\/logo\/image\/"}}]}},"_links":{"self":[{"href":"https:\/\/wp.ull.es\/fundicionartisticaull\/wp-json\/wp\/v2\/pages\/2147","targetHints":{"allow":["GET"]}}],"collection":[{"href":"https:\/\/wp.ull.es\/fundicionartisticaull\/wp-json\/wp\/v2\/pages"}],"about":[{"href":"https:\/\/wp.ull.es\/fundicionartisticaull\/wp-json\/wp\/v2\/types\/page"}],"author":[{"embeddable":true,"href":"https:\/\/wp.ull.es\/fundicionartisticaull\/wp-json\/wp\/v2\/users\/441"}],"replies":[{"embeddable":true,"href":"https:\/\/wp.ull.es\/fundicionartisticaull\/wp-json\/wp\/v2\/comments?post=2147"}],"version-history":[{"count":1,"href":"https:\/\/wp.ull.es\/fundicionartisticaull\/wp-json\/wp\/v2\/pages\/2147\/revisions"}],"predecessor-version":[{"id":2162,"href":"https:\/\/wp.ull.es\/fundicionartisticaull\/wp-json\/wp\/v2\/pages\/2147\/revisions\/2162"}],"wp:attachment":[{"href":"https:\/\/wp.ull.es\/fundicionartisticaull\/wp-json\/wp\/v2\/media?parent=2147"}],"curies":[{"name":"wp","href":"https:\/\/api.w.org\/{rel}","templated":true}]}}