{"id":1803,"date":"2024-04-10T13:01:01","date_gmt":"2024-04-10T13:01:01","guid":{"rendered":"https:\/\/wp.ull.es\/fundicionartisticaull\/?page_id=1803"},"modified":"2025-11-03T11:42:05","modified_gmt":"2025-11-03T11:42:05","slug":"congresos","status":"publish","type":"page","link":"https:\/\/wp.ull.es\/fundicionartisticaull\/congresos\/","title":{"rendered":"Congresos"},"content":{"rendered":"\n<hr class=\"wp-block-separator alignwide has-alpha-channel-opacity is-style-wide\" \/>\n\n\n\n<h4 class=\"wp-block-heading alignwide has-text-align-center has-background-color has-foreground-background-color has-text-color has-background has-link-color wp-elements-ed73e2e797721c3eab3a706d0c6e8418\">CONGRESOS<\/h4>\n\n\n\n<hr class=\"wp-block-separator alignwide has-alpha-channel-opacity is-style-wide\" \/>\n\n\n\n<div class=\"wp-block-columns alignfull has-foreground-color has-text-color has-link-color wp-elements-cc83059d7a142400b0b8a89005ca6c1a is-layout-flex wp-container-core-columns-is-layout-cad298ab wp-block-columns-is-layout-flex\" style=\"padding-right:var(--wp--preset--spacing--60);padding-left:var(--wp--preset--spacing--60)\">\n<div class=\"wp-block-column is-layout-flow wp-block-column-is-layout-flow\">\n<figure class=\"wp-block-gallery has-nested-images columns-default is-cropped wp-block-gallery-1 is-layout-flex wp-block-gallery-is-layout-flex\">\n<figure class=\"wp-block-image size-large\" style=\"margin-right:0;margin-left:0\"><img fetchpriority=\"high\" decoding=\"async\" width=\"768\" height=\"1024\" data-id=\"2413\" src=\"https:\/\/wp.ull.es\/fundicionartisticaull\/wp-content\/uploads\/sites\/145\/2025\/11\/Captura-de-pantalla-2025-10-31-a-las-13.56.55-edited.jpeg\" alt=\"\" class=\"wp-image-2413\" srcset=\"https:\/\/wp.ull.es\/fundicionartisticaull\/wp-content\/uploads\/sites\/145\/2025\/11\/Captura-de-pantalla-2025-10-31-a-las-13.56.55-edited.jpeg 768w, https:\/\/wp.ull.es\/fundicionartisticaull\/wp-content\/uploads\/sites\/145\/2025\/11\/Captura-de-pantalla-2025-10-31-a-las-13.56.55-edited-225x300.jpeg 225w\" sizes=\"(max-width: 768px) 100vw, 768px\" \/><\/figure>\n<\/figure>\n\n\n\n<details class=\"wp-block-details is-layout-flow wp-block-details-is-layout-flow\"><summary>Tecnolog\u00eda 3D de posprocesamiento CNC como sustitutivo de los sistemas tradicionales para la producci\u00f3n de escultura monumental fundida en bronce.<\/summary>\n<p><strong>Autores:<\/strong><a href=\"https:\/\/portalciencia.ull.es\/investigadores\/2043492\/detalle\"> Alejandro Hern\u00e1ndez P\u00e9rez<\/a>, <a href=\"https:\/\/portalciencia.ull.es\/investigadores\/278595\/detalle\">Rut Cavero Luj\u00e1n<\/a>, <a href=\"https:\/\/portalciencia.ull.es\/investigadores\/81657\/detalle\">Itahisa P\u00e9rez Conesa<\/a>.<\/p>\n\n\n\n<p>Proceedings. 3rd International Congress: Humanities and Knowledge.<\/p>\n\n\n\n<p>Enlace: https:\/\/portalciencia.ull.es\/documentos\/679a81992523672cc6140c4e<\/p>\n<\/details>\n<\/div>\n\n\n\n<div class=\"wp-block-column is-layout-flow wp-block-column-is-layout-flow\">\n<figure class=\"wp-block-image size-full\"><img decoding=\"async\" width=\"768\" height=\"1024\" src=\"https:\/\/wp.ull.es\/fundicionartisticaull\/wp-content\/uploads\/sites\/145\/2025\/11\/Captura-de-pantalla-2025-11-03-a-las-10.21.56-edited.jpeg\" alt=\"\" class=\"wp-image-2411\" srcset=\"https:\/\/wp.ull.es\/fundicionartisticaull\/wp-content\/uploads\/sites\/145\/2025\/11\/Captura-de-pantalla-2025-11-03-a-las-10.21.56-edited.jpeg 768w, https:\/\/wp.ull.es\/fundicionartisticaull\/wp-content\/uploads\/sites\/145\/2025\/11\/Captura-de-pantalla-2025-11-03-a-las-10.21.56-edited-225x300.jpeg 225w\" sizes=\"(max-width: 768px) 100vw, 768px\" \/><\/figure>\n\n\n\n<details class=\"wp-block-details is-layout-flow wp-block-details-is-layout-flow\"><summary>Libro de res\u00famenes. RADAR 2022, Congreso Internacional de Investigaci\u00f3n Transversal desde las Artes.<\/summary>\n<p><strong>Autores:<\/strong> T. Castellano San Jacinto, D. Cort\u00e9s Santamarta, E.M. D\u00edaz Gonz\u00e1lez, C. Jim\u00e9nez Mart\u00ednez, I. P\u00e9rez Conesa y B.A. Candela Sanju\u00e1n.<\/p>\n\n\n\n<p><a href=\"T. Castellano San Jacinto, D. Cort\u00e9s Santamarta, E.M. D\u00edaz Gonz\u00e1lez, C. Jim\u00e9nez Mart\u00ednez, I. P\u00e9rez Conesa y B.A. Candela Sanju\u00e1n.\">Radar 2022 tiene como objetivo destacar investigaciones desarrolladas en diferentes campos relacionados con las artes con el objetivo de destacar el territorio com\u00fan que comparten estas propuestas. Se trata de una visi\u00f3n transversal que incluye contribuciones de Bellas Artes, Dise\u00f1o, Est\u00e9tica, Conservaci\u00f3n, Restauraci\u00f3n, Historia del Arte, etc., en torno a temas como la memoria, la esfera p\u00fablica, las nuevas ecolog\u00edas, la emergencia tecnol\u00f3gica, el post-trabajo y las visualidades contempor\u00e1neas.<\/a><\/p>\n\n\n\n<p>Enlace: http:\/\/riull.ull.es\/xmlui\/handle\/915\/30378<\/p>\n<\/details>\n<\/div>\n\n\n\n<div class=\"wp-block-column is-layout-flow wp-block-column-is-layout-flow\">\n<figure class=\"wp-block-image size-full\"><img decoding=\"async\" width=\"509\" height=\"679\" src=\"https:\/\/wp.ull.es\/fundicionartisticaull\/wp-content\/uploads\/sites\/145\/2025\/11\/Captura-de-pantalla-2025-11-03-a-las-10.27.53-2-edited.jpeg\" alt=\"\" class=\"wp-image-2407\" srcset=\"https:\/\/wp.ull.es\/fundicionartisticaull\/wp-content\/uploads\/sites\/145\/2025\/11\/Captura-de-pantalla-2025-11-03-a-las-10.27.53-2-edited.jpeg 509w, https:\/\/wp.ull.es\/fundicionartisticaull\/wp-content\/uploads\/sites\/145\/2025\/11\/Captura-de-pantalla-2025-11-03-a-las-10.27.53-2-edited-225x300.jpeg 225w\" sizes=\"(max-width: 509px) 100vw, 509px\" \/><\/figure>\n\n\n\n<details class=\"wp-block-details is-layout-flow wp-block-details-is-layout-flow\"><summary>RADAR 2020. Seminario de Investigaci\u00f3n y Transferencia en Arte, Dise\u00f1o y Restauraci\u00f3n. Un espacio de intercambio y reflexi\u00f3n adaptado a tiempos de pandemia desde la Facultad de Bellas Artes de la Universidad de La Laguna. 11, 12 y 13 de noviembre de 2020 Bellas Artes.<br><\/summary>\n<p><strong>Autores<\/strong>: Revista de artes pl\u00e1sticas, est\u00e9tica, dise\u00f1o e imagen.<\/p>\n\n\n\n<p><br>Rese\u00f1as RADAR 2020.<\/p>\n\n\n\n<p>DOI: https:\/\/doi.org\/10.25145\/j.bbaa.2021.15.09<br><\/p>\n<\/details>\n<\/div>\n\n\n\n<div class=\"wp-block-column is-layout-flow wp-block-column-is-layout-flow\">\n<figure class=\"wp-block-image size-full\"><img loading=\"lazy\" decoding=\"async\" width=\"768\" height=\"1024\" src=\"https:\/\/wp.ull.es\/fundicionartisticaull\/wp-content\/uploads\/sites\/145\/2025\/11\/Captura-de-pantalla-2025-11-03-a-las-11.35.16-edited.jpeg\" alt=\"\" class=\"wp-image-2421\" srcset=\"https:\/\/wp.ull.es\/fundicionartisticaull\/wp-content\/uploads\/sites\/145\/2025\/11\/Captura-de-pantalla-2025-11-03-a-las-11.35.16-edited.jpeg 768w, https:\/\/wp.ull.es\/fundicionartisticaull\/wp-content\/uploads\/sites\/145\/2025\/11\/Captura-de-pantalla-2025-11-03-a-las-11.35.16-edited-225x300.jpeg 225w\" sizes=\"(max-width: 768px) 100vw, 768px\" \/><\/figure>\n\n\n\n<details class=\"wp-block-details is-layout-flow wp-block-details-is-layout-flow\"><summary>Variables de la tecnolog\u00eda electrol\u00edtica aplicadas a escultura en materias termofusibles de producci\u00f3n digital. Deposici\u00f3n, tratamiento y extracci\u00f3n de n\u00facleos.<\/summary>\n<p><strong>Autores:<\/strong><a href=\"https:\/\/portalciencia.ull.es\/investigadores\/2043492\/detalle\">Hern\u00e1ndez P\u00e9rez Alejandro<\/a>, <a href=\"https:\/\/portalciencia.ull.es\/investigadores\/81657\/detalle\">P\u00e9rez Conesa Itahisa<\/a>.<\/p>\n<\/details>\n\n\n\n<p>El <em>electroforming <\/em>es un proceso electroqu\u00edmico que permite la creaci\u00f3n de capas met\u00e1licas sobre sustratos no conductores, generando estructuras ligeras pero resistentes. Los materiales y procesos tradicionales de esta t\u00e9cnica implica procesos largos, costos elevados y sistemas complejos, a\u00f1adiendo problemas severos en la conservaci\u00f3n de las piezas. <\/p>\n\n\n\n<p>DOI: <a href=\"https:\/\/doi.org\/10.37811\/cli_w1175\">https:\/\/doi.org\/10.37811\/cli_w1175<\/a><\/p>\n\n\n\n<p><br><\/p>\n<\/div>\n\n\n\n<div class=\"wp-block-column is-layout-flow wp-block-column-is-layout-flow\"><\/div>\n<\/div>\n\n\n\n<p><\/p>\n","protected":false},"excerpt":{"rendered":"<p>CONGRESOS El electroforming es un proceso electroqu\u00edmico que permite la creaci\u00f3n de capas met\u00e1licas sobre sustratos no conductores, generando estructuras ligeras pero resistentes. Los materiales y procesos tradicionales de esta t\u00e9cnica implica procesos largos, costos elevados y sistemas complejos, a\u00f1adiendo problemas severos en la conservaci\u00f3n de las piezas. DOI: https:\/\/doi.org\/10.37811\/cli_w1175<\/p>\n","protected":false},"author":441,"featured_media":0,"parent":0,"menu_order":0,"comment_status":"closed","ping_status":"closed","template":"page-large-header","meta":{"ngg_post_thumbnail":0,"footnotes":""},"class_list":["post-1803","page","type-page","status-publish","hentry"],"yoast_head":"<!-- This site is optimized with the Yoast SEO plugin v27.5 - https:\/\/yoast.com\/product\/yoast-seo-wordpress\/ -->\n<title>Congresos - Fundici\u00f3n Art\u00edstica ULL<\/title>\n<meta name=\"robots\" content=\"index, follow, max-snippet:-1, max-image-preview:large, max-video-preview:-1\" \/>\n<link rel=\"canonical\" href=\"https:\/\/wp.ull.es\/fundicionartisticaull\/congresos\/\" \/>\n<meta property=\"og:locale\" content=\"es_ES\" \/>\n<meta property=\"og:type\" content=\"article\" \/>\n<meta property=\"og:title\" content=\"Congresos - Fundici\u00f3n Art\u00edstica ULL\" \/>\n<meta property=\"og:description\" content=\"CONGRESOS El electroforming es un proceso electroqu\u00edmico que permite la creaci\u00f3n de capas met\u00e1licas sobre sustratos no conductores, generando estructuras ligeras pero resistentes. Los materiales y procesos tradicionales de esta t\u00e9cnica implica procesos largos, costos elevados y sistemas complejos, a\u00f1adiendo problemas severos en la conservaci\u00f3n de las piezas. DOI: https:\/\/doi.org\/10.37811\/cli_w1175\" \/>\n<meta property=\"og:url\" content=\"https:\/\/wp.ull.es\/fundicionartisticaull\/congresos\/\" \/>\n<meta property=\"og:site_name\" content=\"Fundici\u00f3n Art\u00edstica ULL\" \/>\n<meta property=\"article:modified_time\" content=\"2025-11-03T11:42:05+00:00\" \/>\n<meta property=\"og:image\" content=\"https:\/\/wp.ull.es\/fundicionartisticaull\/wp-content\/uploads\/sites\/145\/2025\/11\/Captura-de-pantalla-2025-10-31-a-las-13.56.55-edited.jpeg\" \/>\n<meta name=\"twitter:card\" content=\"summary_large_image\" \/>\n<meta name=\"twitter:label1\" content=\"Tiempo de lectura\" \/>\n\t<meta name=\"twitter:data1\" content=\"3 minutos\" \/>\n<script type=\"application\/ld+json\" class=\"yoast-schema-graph\">{\"@context\":\"https:\\\/\\\/schema.org\",\"@graph\":[{\"@type\":\"WebPage\",\"@id\":\"https:\\\/\\\/wp.ull.es\\\/fundicionartisticaull\\\/congresos\\\/\",\"url\":\"https:\\\/\\\/wp.ull.es\\\/fundicionartisticaull\\\/congresos\\\/\",\"name\":\"Congresos - Fundici\u00f3n Art\u00edstica ULL\",\"isPartOf\":{\"@id\":\"https:\\\/\\\/wp.ull.es\\\/fundicionartisticaull\\\/#website\"},\"primaryImageOfPage\":{\"@id\":\"https:\\\/\\\/wp.ull.es\\\/fundicionartisticaull\\\/congresos\\\/#primaryimage\"},\"image\":{\"@id\":\"https:\\\/\\\/wp.ull.es\\\/fundicionartisticaull\\\/congresos\\\/#primaryimage\"},\"thumbnailUrl\":\"https:\\\/\\\/wp.ull.es\\\/fundicionartisticaull\\\/wp-content\\\/uploads\\\/sites\\\/145\\\/2025\\\/11\\\/Captura-de-pantalla-2025-10-31-a-las-13.56.55-edited.jpeg\",\"datePublished\":\"2024-04-10T13:01:01+00:00\",\"dateModified\":\"2025-11-03T11:42:05+00:00\",\"breadcrumb\":{\"@id\":\"https:\\\/\\\/wp.ull.es\\\/fundicionartisticaull\\\/congresos\\\/#breadcrumb\"},\"inLanguage\":\"es\",\"potentialAction\":[{\"@type\":\"ReadAction\",\"target\":[\"https:\\\/\\\/wp.ull.es\\\/fundicionartisticaull\\\/congresos\\\/\"]}]},{\"@type\":\"ImageObject\",\"inLanguage\":\"es\",\"@id\":\"https:\\\/\\\/wp.ull.es\\\/fundicionartisticaull\\\/congresos\\\/#primaryimage\",\"url\":\"https:\\\/\\\/wp.ull.es\\\/fundicionartisticaull\\\/wp-content\\\/uploads\\\/sites\\\/145\\\/2025\\\/11\\\/Captura-de-pantalla-2025-10-31-a-las-13.56.55-edited.jpeg\",\"contentUrl\":\"https:\\\/\\\/wp.ull.es\\\/fundicionartisticaull\\\/wp-content\\\/uploads\\\/sites\\\/145\\\/2025\\\/11\\\/Captura-de-pantalla-2025-10-31-a-las-13.56.55-edited.jpeg\",\"width\":768,\"height\":1024,\"caption\":\"Screenshot\"},{\"@type\":\"BreadcrumbList\",\"@id\":\"https:\\\/\\\/wp.ull.es\\\/fundicionartisticaull\\\/congresos\\\/#breadcrumb\",\"itemListElement\":[{\"@type\":\"ListItem\",\"position\":1,\"name\":\"Portada\",\"item\":\"https:\\\/\\\/wp.ull.es\\\/fundicionartisticaull\\\/\"},{\"@type\":\"ListItem\",\"position\":2,\"name\":\"Congresos\"}]},{\"@type\":\"WebSite\",\"@id\":\"https:\\\/\\\/wp.ull.es\\\/fundicionartisticaull\\\/#website\",\"url\":\"https:\\\/\\\/wp.ull.es\\\/fundicionartisticaull\\\/\",\"name\":\"FUNIDICI\u00d3N ART\u00cdSTICA ULL\",\"description\":\"Taller de fundici\u00f3n en la Universidad de La Laguna\",\"publisher\":{\"@id\":\"https:\\\/\\\/wp.ull.es\\\/fundicionartisticaull\\\/#organization\"},\"potentialAction\":[{\"@type\":\"SearchAction\",\"target\":{\"@type\":\"EntryPoint\",\"urlTemplate\":\"https:\\\/\\\/wp.ull.es\\\/fundicionartisticaull\\\/?s={search_term_string}\"},\"query-input\":{\"@type\":\"PropertyValueSpecification\",\"valueRequired\":true,\"valueName\":\"search_term_string\"}}],\"inLanguage\":\"es\"},{\"@type\":\"Organization\",\"@id\":\"https:\\\/\\\/wp.ull.es\\\/fundicionartisticaull\\\/#organization\",\"name\":\"AULA DE FUNDICI\u00d3N\",\"url\":\"https:\\\/\\\/wp.ull.es\\\/fundicionartisticaull\\\/\",\"logo\":{\"@type\":\"ImageObject\",\"inLanguage\":\"es\",\"@id\":\"https:\\\/\\\/wp.ull.es\\\/fundicionartisticaull\\\/#\\\/schema\\\/logo\\\/image\\\/\",\"url\":\"https:\\\/\\\/wp.ull.es\\\/fundicionartisticaull\\\/wp-content\\\/uploads\\\/sites\\\/145\\\/2024\\\/03\\\/9CC10F4E-628E-4F8B-BFA4-29DE0BAE15F2-edited.jpg\",\"contentUrl\":\"https:\\\/\\\/wp.ull.es\\\/fundicionartisticaull\\\/wp-content\\\/uploads\\\/sites\\\/145\\\/2024\\\/03\\\/9CC10F4E-628E-4F8B-BFA4-29DE0BAE15F2-edited.jpg\",\"width\":768,\"height\":768,\"caption\":\"AULA DE FUNDICI\u00d3N\"},\"image\":{\"@id\":\"https:\\\/\\\/wp.ull.es\\\/fundicionartisticaull\\\/#\\\/schema\\\/logo\\\/image\\\/\"}}]}<\/script>\n<!-- \/ Yoast SEO plugin. -->","yoast_head_json":{"title":"Congresos - Fundici\u00f3n Art\u00edstica ULL","robots":{"index":"index","follow":"follow","max-snippet":"max-snippet:-1","max-image-preview":"max-image-preview:large","max-video-preview":"max-video-preview:-1"},"canonical":"https:\/\/wp.ull.es\/fundicionartisticaull\/congresos\/","og_locale":"es_ES","og_type":"article","og_title":"Congresos - Fundici\u00f3n Art\u00edstica ULL","og_description":"CONGRESOS El electroforming es un proceso electroqu\u00edmico que permite la creaci\u00f3n de capas met\u00e1licas sobre sustratos no conductores, generando estructuras ligeras pero resistentes. Los materiales y procesos tradicionales de esta t\u00e9cnica implica procesos largos, costos elevados y sistemas complejos, a\u00f1adiendo problemas severos en la conservaci\u00f3n de las piezas. DOI: https:\/\/doi.org\/10.37811\/cli_w1175","og_url":"https:\/\/wp.ull.es\/fundicionartisticaull\/congresos\/","og_site_name":"Fundici\u00f3n Art\u00edstica ULL","article_modified_time":"2025-11-03T11:42:05+00:00","og_image":[{"url":"https:\/\/wp.ull.es\/fundicionartisticaull\/wp-content\/uploads\/sites\/145\/2025\/11\/Captura-de-pantalla-2025-10-31-a-las-13.56.55-edited.jpeg","type":"","width":"","height":""}],"twitter_card":"summary_large_image","twitter_misc":{"Tiempo de lectura":"3 minutos"},"schema":{"@context":"https:\/\/schema.org","@graph":[{"@type":"WebPage","@id":"https:\/\/wp.ull.es\/fundicionartisticaull\/congresos\/","url":"https:\/\/wp.ull.es\/fundicionartisticaull\/congresos\/","name":"Congresos - Fundici\u00f3n Art\u00edstica ULL","isPartOf":{"@id":"https:\/\/wp.ull.es\/fundicionartisticaull\/#website"},"primaryImageOfPage":{"@id":"https:\/\/wp.ull.es\/fundicionartisticaull\/congresos\/#primaryimage"},"image":{"@id":"https:\/\/wp.ull.es\/fundicionartisticaull\/congresos\/#primaryimage"},"thumbnailUrl":"https:\/\/wp.ull.es\/fundicionartisticaull\/wp-content\/uploads\/sites\/145\/2025\/11\/Captura-de-pantalla-2025-10-31-a-las-13.56.55-edited.jpeg","datePublished":"2024-04-10T13:01:01+00:00","dateModified":"2025-11-03T11:42:05+00:00","breadcrumb":{"@id":"https:\/\/wp.ull.es\/fundicionartisticaull\/congresos\/#breadcrumb"},"inLanguage":"es","potentialAction":[{"@type":"ReadAction","target":["https:\/\/wp.ull.es\/fundicionartisticaull\/congresos\/"]}]},{"@type":"ImageObject","inLanguage":"es","@id":"https:\/\/wp.ull.es\/fundicionartisticaull\/congresos\/#primaryimage","url":"https:\/\/wp.ull.es\/fundicionartisticaull\/wp-content\/uploads\/sites\/145\/2025\/11\/Captura-de-pantalla-2025-10-31-a-las-13.56.55-edited.jpeg","contentUrl":"https:\/\/wp.ull.es\/fundicionartisticaull\/wp-content\/uploads\/sites\/145\/2025\/11\/Captura-de-pantalla-2025-10-31-a-las-13.56.55-edited.jpeg","width":768,"height":1024,"caption":"Screenshot"},{"@type":"BreadcrumbList","@id":"https:\/\/wp.ull.es\/fundicionartisticaull\/congresos\/#breadcrumb","itemListElement":[{"@type":"ListItem","position":1,"name":"Portada","item":"https:\/\/wp.ull.es\/fundicionartisticaull\/"},{"@type":"ListItem","position":2,"name":"Congresos"}]},{"@type":"WebSite","@id":"https:\/\/wp.ull.es\/fundicionartisticaull\/#website","url":"https:\/\/wp.ull.es\/fundicionartisticaull\/","name":"FUNIDICI\u00d3N ART\u00cdSTICA ULL","description":"Taller de fundici\u00f3n en la Universidad de La Laguna","publisher":{"@id":"https:\/\/wp.ull.es\/fundicionartisticaull\/#organization"},"potentialAction":[{"@type":"SearchAction","target":{"@type":"EntryPoint","urlTemplate":"https:\/\/wp.ull.es\/fundicionartisticaull\/?s={search_term_string}"},"query-input":{"@type":"PropertyValueSpecification","valueRequired":true,"valueName":"search_term_string"}}],"inLanguage":"es"},{"@type":"Organization","@id":"https:\/\/wp.ull.es\/fundicionartisticaull\/#organization","name":"AULA DE FUNDICI\u00d3N","url":"https:\/\/wp.ull.es\/fundicionartisticaull\/","logo":{"@type":"ImageObject","inLanguage":"es","@id":"https:\/\/wp.ull.es\/fundicionartisticaull\/#\/schema\/logo\/image\/","url":"https:\/\/wp.ull.es\/fundicionartisticaull\/wp-content\/uploads\/sites\/145\/2024\/03\/9CC10F4E-628E-4F8B-BFA4-29DE0BAE15F2-edited.jpg","contentUrl":"https:\/\/wp.ull.es\/fundicionartisticaull\/wp-content\/uploads\/sites\/145\/2024\/03\/9CC10F4E-628E-4F8B-BFA4-29DE0BAE15F2-edited.jpg","width":768,"height":768,"caption":"AULA DE FUNDICI\u00d3N"},"image":{"@id":"https:\/\/wp.ull.es\/fundicionartisticaull\/#\/schema\/logo\/image\/"}}]}},"_links":{"self":[{"href":"https:\/\/wp.ull.es\/fundicionartisticaull\/wp-json\/wp\/v2\/pages\/1803","targetHints":{"allow":["GET"]}}],"collection":[{"href":"https:\/\/wp.ull.es\/fundicionartisticaull\/wp-json\/wp\/v2\/pages"}],"about":[{"href":"https:\/\/wp.ull.es\/fundicionartisticaull\/wp-json\/wp\/v2\/types\/page"}],"author":[{"embeddable":true,"href":"https:\/\/wp.ull.es\/fundicionartisticaull\/wp-json\/wp\/v2\/users\/441"}],"replies":[{"embeddable":true,"href":"https:\/\/wp.ull.es\/fundicionartisticaull\/wp-json\/wp\/v2\/comments?post=1803"}],"version-history":[{"count":1,"href":"https:\/\/wp.ull.es\/fundicionartisticaull\/wp-json\/wp\/v2\/pages\/1803\/revisions"}],"predecessor-version":[{"id":2422,"href":"https:\/\/wp.ull.es\/fundicionartisticaull\/wp-json\/wp\/v2\/pages\/1803\/revisions\/2422"}],"wp:attachment":[{"href":"https:\/\/wp.ull.es\/fundicionartisticaull\/wp-json\/wp\/v2\/media?parent=1803"}],"curies":[{"name":"wp","href":"https:\/\/api.w.org\/{rel}","templated":true}]}}