{"id":1745,"date":"2024-04-22T10:27:19","date_gmt":"2024-04-22T10:27:19","guid":{"rendered":"https:\/\/wp.ull.es\/fundicionartisticaull\/?page_id=1745"},"modified":"2026-02-05T12:44:58","modified_gmt":"2026-02-05T12:44:58","slug":"agenda","status":"publish","type":"page","link":"https:\/\/wp.ull.es\/fundicionartisticaull\/agenda\/","title":{"rendered":"E.Agenda"},"content":{"rendered":"\n<hr class=\"wp-block-separator alignwide has-alpha-channel-opacity is-style-wide\" style=\"margin-top:0;margin-bottom:0\" \/>\n\n\n\n<h4 class=\"wp-block-heading alignwide has-text-align-center has-background-color has-foreground-background-color has-text-color has-background has-link-color wp-elements-00a101e4d97e0d1dce54db6a4f3c5104\" style=\"margin-top:var(--wp--preset--spacing--30);margin-bottom:var(--wp--preset--spacing--30)\">AGENDA<\/h4>\n\n\n\n<hr class=\"wp-block-separator alignwide has-alpha-channel-opacity is-style-wide\" style=\"margin-top:var(--wp--preset--spacing--20);margin-bottom:var(--wp--preset--spacing--20)\" \/>\n\n\n\n<p class=\"has-text-align-left\" style=\"font-size:26px\">Calendario acad\u00e9mico  2025-2026<\/p>\n\n\n\n<div class=\"wp-block-buttons is-horizontal is-layout-flex wp-container-core-buttons-is-layout-1a5e64c8 wp-block-buttons-is-layout-flex\">\n<div class=\"wp-block-button\"><a class=\"wp-block-button__link has-foreground-background-color has-text-color has-background wp-element-button\" href=\"https:\/\/calendar.google.com\/calendar\/u\/4?cid=Y19iMmEwMDYwMzRjNWE5NDE4MWFiZDhmZDk3ZmY4Y2QzZDAyNTg3MzFlZGM0ZGI2YjQ1OGFjN2Q0ZjBlNmFjNGZjQGdyb3VwLmNhbGVuZGFyLmdvb2dsZS5jb20\" style=\"border-radius:2px;color:#ffffff\">Ver m\u00e1s<\/a><\/div>\n<\/div>\n\n\n\n<p class=\"has-text-align-center\" style=\"font-size:11px\">Proximamente:<\/p>\n\n\n\n<details class=\"wp-block-details is-layout-flow wp-block-details-is-layout-flow\"><summary> 9-13 de Marzo de 2026. \u00ab<strong>Electroforming y Tecnolog\u00eda 3D aplicado a la producci\u00f3n de escultura en metal<\/strong>\u00ab<\/summary>\n<p>El curso trata incorporar conocimientos de electroformado en la aplicaci\u00f3n de microesculturas.<\/p>\n\n\n\n<p><a href=\"https:\/\/sede.fg.ull.es\/es\/curso\/detalle?code=a26030121&amp;name=electroforming-y-tecnologia-3d-aplicado-a-la-produccion-de-escultura-en-metal\">https:\/\/sede.fg.ull.es\/es\/curso\/detalle?code=a26030121&amp;name=electroforming-y-tecnologia-3d-aplicado-a-la-produccion-de-escultura-en-metal<\/a><\/p>\n<\/details>\n\n\n\n<details class=\"wp-block-details is-layout-flow wp-block-details-is-layout-flow\"><summary>23-27 de Febrero de 2026.<strong>\u00abProcesos de soldadura aplicados a la creaci\u00f3n escult\u00f3rica en metal\u00bb<\/strong><\/summary>\n<p><a href=\"https:\/\/sede.fg.ull.es\/es\/curso\/detalle?code=a26030124&amp;name=procesos-de-soldadura-aplicados-a-la-creacion-escultorica-en-metal\">https:\/\/sede.fg.ull.es\/es\/curso\/detalle?code=a26030124&amp;name=procesos-de-soldadura-aplicados-a-la-creacion-escultorica-en-metal<\/a> <\/p>\n<\/details>\n\n\n\n<p><\/p>\n","protected":false},"excerpt":{"rendered":"<p>AGENDA Calendario acad\u00e9mico 2025-2026 Proximamente:<\/p>\n","protected":false},"author":441,"featured_media":0,"parent":0,"menu_order":0,"comment_status":"closed","ping_status":"closed","template":"page-large-header","meta":{"ngg_post_thumbnail":0,"footnotes":""},"class_list":["post-1745","page","type-page","status-publish","hentry"],"yoast_head":"<!-- This site is optimized with the Yoast SEO plugin v27.4 - https:\/\/yoast.com\/product\/yoast-seo-wordpress\/ -->\n<title>E.Agenda - Fundici\u00f3n Art\u00edstica ULL<\/title>\n<meta name=\"robots\" content=\"index, follow, max-snippet:-1, max-image-preview:large, max-video-preview:-1\" \/>\n<link rel=\"canonical\" href=\"https:\/\/wp.ull.es\/fundicionartisticaull\/agenda\/\" \/>\n<meta property=\"og:locale\" content=\"es_ES\" \/>\n<meta property=\"og:type\" content=\"article\" \/>\n<meta property=\"og:title\" content=\"E.Agenda - Fundici\u00f3n Art\u00edstica ULL\" \/>\n<meta property=\"og:description\" content=\"AGENDA Calendario acad\u00e9mico 2025-2026 Proximamente:\" \/>\n<meta property=\"og:url\" content=\"https:\/\/wp.ull.es\/fundicionartisticaull\/agenda\/\" \/>\n<meta property=\"og:site_name\" content=\"Fundici\u00f3n Art\u00edstica ULL\" \/>\n<meta property=\"article:modified_time\" content=\"2026-02-05T12:44:58+00:00\" \/>\n<meta name=\"twitter:card\" content=\"summary_large_image\" \/>\n<meta name=\"twitter:label1\" content=\"Tiempo de lectura\" \/>\n\t<meta name=\"twitter:data1\" content=\"1 minuto\" \/>\n<script type=\"application\/ld+json\" class=\"yoast-schema-graph\">{\"@context\":\"https:\\\/\\\/schema.org\",\"@graph\":[{\"@type\":\"WebPage\",\"@id\":\"https:\\\/\\\/wp.ull.es\\\/fundicionartisticaull\\\/agenda\\\/\",\"url\":\"https:\\\/\\\/wp.ull.es\\\/fundicionartisticaull\\\/agenda\\\/\",\"name\":\"E.Agenda - Fundici\u00f3n Art\u00edstica ULL\",\"isPartOf\":{\"@id\":\"https:\\\/\\\/wp.ull.es\\\/fundicionartisticaull\\\/#website\"},\"datePublished\":\"2024-04-22T10:27:19+00:00\",\"dateModified\":\"2026-02-05T12:44:58+00:00\",\"breadcrumb\":{\"@id\":\"https:\\\/\\\/wp.ull.es\\\/fundicionartisticaull\\\/agenda\\\/#breadcrumb\"},\"inLanguage\":\"es\",\"potentialAction\":[{\"@type\":\"ReadAction\",\"target\":[\"https:\\\/\\\/wp.ull.es\\\/fundicionartisticaull\\\/agenda\\\/\"]}]},{\"@type\":\"BreadcrumbList\",\"@id\":\"https:\\\/\\\/wp.ull.es\\\/fundicionartisticaull\\\/agenda\\\/#breadcrumb\",\"itemListElement\":[{\"@type\":\"ListItem\",\"position\":1,\"name\":\"Portada\",\"item\":\"https:\\\/\\\/wp.ull.es\\\/fundicionartisticaull\\\/\"},{\"@type\":\"ListItem\",\"position\":2,\"name\":\"E.Agenda\"}]},{\"@type\":\"WebSite\",\"@id\":\"https:\\\/\\\/wp.ull.es\\\/fundicionartisticaull\\\/#website\",\"url\":\"https:\\\/\\\/wp.ull.es\\\/fundicionartisticaull\\\/\",\"name\":\"FUNIDICI\u00d3N ART\u00cdSTICA ULL\",\"description\":\"Taller de fundici\u00f3n en la Universidad de La Laguna\",\"publisher\":{\"@id\":\"https:\\\/\\\/wp.ull.es\\\/fundicionartisticaull\\\/#organization\"},\"potentialAction\":[{\"@type\":\"SearchAction\",\"target\":{\"@type\":\"EntryPoint\",\"urlTemplate\":\"https:\\\/\\\/wp.ull.es\\\/fundicionartisticaull\\\/?s={search_term_string}\"},\"query-input\":{\"@type\":\"PropertyValueSpecification\",\"valueRequired\":true,\"valueName\":\"search_term_string\"}}],\"inLanguage\":\"es\"},{\"@type\":\"Organization\",\"@id\":\"https:\\\/\\\/wp.ull.es\\\/fundicionartisticaull\\\/#organization\",\"name\":\"AULA DE FUNDICI\u00d3N\",\"url\":\"https:\\\/\\\/wp.ull.es\\\/fundicionartisticaull\\\/\",\"logo\":{\"@type\":\"ImageObject\",\"inLanguage\":\"es\",\"@id\":\"https:\\\/\\\/wp.ull.es\\\/fundicionartisticaull\\\/#\\\/schema\\\/logo\\\/image\\\/\",\"url\":\"https:\\\/\\\/wp.ull.es\\\/fundicionartisticaull\\\/wp-content\\\/uploads\\\/sites\\\/145\\\/2024\\\/03\\\/9CC10F4E-628E-4F8B-BFA4-29DE0BAE15F2-edited.jpg\",\"contentUrl\":\"https:\\\/\\\/wp.ull.es\\\/fundicionartisticaull\\\/wp-content\\\/uploads\\\/sites\\\/145\\\/2024\\\/03\\\/9CC10F4E-628E-4F8B-BFA4-29DE0BAE15F2-edited.jpg\",\"width\":768,\"height\":768,\"caption\":\"AULA DE FUNDICI\u00d3N\"},\"image\":{\"@id\":\"https:\\\/\\\/wp.ull.es\\\/fundicionartisticaull\\\/#\\\/schema\\\/logo\\\/image\\\/\"}}]}<\/script>\n<!-- \/ Yoast SEO plugin. -->","yoast_head_json":{"title":"E.Agenda - Fundici\u00f3n Art\u00edstica ULL","robots":{"index":"index","follow":"follow","max-snippet":"max-snippet:-1","max-image-preview":"max-image-preview:large","max-video-preview":"max-video-preview:-1"},"canonical":"https:\/\/wp.ull.es\/fundicionartisticaull\/agenda\/","og_locale":"es_ES","og_type":"article","og_title":"E.Agenda - Fundici\u00f3n Art\u00edstica ULL","og_description":"AGENDA Calendario acad\u00e9mico 2025-2026 Proximamente:","og_url":"https:\/\/wp.ull.es\/fundicionartisticaull\/agenda\/","og_site_name":"Fundici\u00f3n Art\u00edstica ULL","article_modified_time":"2026-02-05T12:44:58+00:00","twitter_card":"summary_large_image","twitter_misc":{"Tiempo de lectura":"1 minuto"},"schema":{"@context":"https:\/\/schema.org","@graph":[{"@type":"WebPage","@id":"https:\/\/wp.ull.es\/fundicionartisticaull\/agenda\/","url":"https:\/\/wp.ull.es\/fundicionartisticaull\/agenda\/","name":"E.Agenda - Fundici\u00f3n Art\u00edstica ULL","isPartOf":{"@id":"https:\/\/wp.ull.es\/fundicionartisticaull\/#website"},"datePublished":"2024-04-22T10:27:19+00:00","dateModified":"2026-02-05T12:44:58+00:00","breadcrumb":{"@id":"https:\/\/wp.ull.es\/fundicionartisticaull\/agenda\/#breadcrumb"},"inLanguage":"es","potentialAction":[{"@type":"ReadAction","target":["https:\/\/wp.ull.es\/fundicionartisticaull\/agenda\/"]}]},{"@type":"BreadcrumbList","@id":"https:\/\/wp.ull.es\/fundicionartisticaull\/agenda\/#breadcrumb","itemListElement":[{"@type":"ListItem","position":1,"name":"Portada","item":"https:\/\/wp.ull.es\/fundicionartisticaull\/"},{"@type":"ListItem","position":2,"name":"E.Agenda"}]},{"@type":"WebSite","@id":"https:\/\/wp.ull.es\/fundicionartisticaull\/#website","url":"https:\/\/wp.ull.es\/fundicionartisticaull\/","name":"FUNIDICI\u00d3N ART\u00cdSTICA ULL","description":"Taller de fundici\u00f3n en la Universidad de La Laguna","publisher":{"@id":"https:\/\/wp.ull.es\/fundicionartisticaull\/#organization"},"potentialAction":[{"@type":"SearchAction","target":{"@type":"EntryPoint","urlTemplate":"https:\/\/wp.ull.es\/fundicionartisticaull\/?s={search_term_string}"},"query-input":{"@type":"PropertyValueSpecification","valueRequired":true,"valueName":"search_term_string"}}],"inLanguage":"es"},{"@type":"Organization","@id":"https:\/\/wp.ull.es\/fundicionartisticaull\/#organization","name":"AULA DE FUNDICI\u00d3N","url":"https:\/\/wp.ull.es\/fundicionartisticaull\/","logo":{"@type":"ImageObject","inLanguage":"es","@id":"https:\/\/wp.ull.es\/fundicionartisticaull\/#\/schema\/logo\/image\/","url":"https:\/\/wp.ull.es\/fundicionartisticaull\/wp-content\/uploads\/sites\/145\/2024\/03\/9CC10F4E-628E-4F8B-BFA4-29DE0BAE15F2-edited.jpg","contentUrl":"https:\/\/wp.ull.es\/fundicionartisticaull\/wp-content\/uploads\/sites\/145\/2024\/03\/9CC10F4E-628E-4F8B-BFA4-29DE0BAE15F2-edited.jpg","width":768,"height":768,"caption":"AULA DE FUNDICI\u00d3N"},"image":{"@id":"https:\/\/wp.ull.es\/fundicionartisticaull\/#\/schema\/logo\/image\/"}}]}},"_links":{"self":[{"href":"https:\/\/wp.ull.es\/fundicionartisticaull\/wp-json\/wp\/v2\/pages\/1745","targetHints":{"allow":["GET"]}}],"collection":[{"href":"https:\/\/wp.ull.es\/fundicionartisticaull\/wp-json\/wp\/v2\/pages"}],"about":[{"href":"https:\/\/wp.ull.es\/fundicionartisticaull\/wp-json\/wp\/v2\/types\/page"}],"author":[{"embeddable":true,"href":"https:\/\/wp.ull.es\/fundicionartisticaull\/wp-json\/wp\/v2\/users\/441"}],"replies":[{"embeddable":true,"href":"https:\/\/wp.ull.es\/fundicionartisticaull\/wp-json\/wp\/v2\/comments?post=1745"}],"version-history":[{"count":1,"href":"https:\/\/wp.ull.es\/fundicionartisticaull\/wp-json\/wp\/v2\/pages\/1745\/revisions"}],"predecessor-version":[{"id":2866,"href":"https:\/\/wp.ull.es\/fundicionartisticaull\/wp-json\/wp\/v2\/pages\/1745\/revisions\/2866"}],"wp:attachment":[{"href":"https:\/\/wp.ull.es\/fundicionartisticaull\/wp-json\/wp\/v2\/media?parent=1745"}],"curies":[{"name":"wp","href":"https:\/\/api.w.org\/{rel}","templated":true}]}}