{"id":1615,"date":"2024-04-03T12:28:17","date_gmt":"2024-04-03T12:28:17","guid":{"rendered":"https:\/\/wp.ull.es\/fundicionartisticaull\/?page_id=1615"},"modified":"2024-04-08T10:55:28","modified_gmt":"2024-04-08T10:55:28","slug":"crisol-fusible","status":"publish","type":"page","link":"https:\/\/wp.ull.es\/fundicionartisticaull\/crisol-fusible\/","title":{"rendered":"T\u00e9cnica de Crisol Fusible"},"content":{"rendered":"\n<hr class=\"wp-block-separator alignwide has-alpha-channel-opacity is-style-wide\" \/>\n\n\n\n<h4 class=\"wp-block-heading alignwide has-text-align-center has-cyan-bluish-gray-background-color has-background\">CRISOL FUSIBLE:                                       IDEADO POR JUAN CARLOS ALBALADEJO<\/h4>\n\n\n\n<hr class=\"wp-block-separator alignwide has-alpha-channel-opacity is-style-wide\" \/>\n\n\n\n<h4 class=\"wp-block-heading alignwide\"><strong>EJECUCI\u00d3N DEL MODELO EN CERA<\/strong><\/h4>\n\n\n\n<div class=\"wp-block-media-text alignwide is-stacked-on-mobile\" style=\"grid-template-columns:29% auto\"><figure class=\"wp-block-media-text__media\"><img fetchpriority=\"high\" decoding=\"async\" width=\"552\" height=\"529\" src=\"https:\/\/wp.ull.es\/fundicionartisticaull\/wp-content\/uploads\/sites\/145\/2024\/04\/Captura-de-pantalla-2024-04-03-131659.png\" alt=\"\" class=\"wp-image-1616 size-full\" srcset=\"https:\/\/wp.ull.es\/fundicionartisticaull\/wp-content\/uploads\/sites\/145\/2024\/04\/Captura-de-pantalla-2024-04-03-131659.png 552w, https:\/\/wp.ull.es\/fundicionartisticaull\/wp-content\/uploads\/sites\/145\/2024\/04\/Captura-de-pantalla-2024-04-03-131659-300x288.png 300w\" sizes=\"(max-width: 552px) 100vw, 552px\" \/><\/figure><div class=\"wp-block-media-text__content\">\n<p>El modelo de crisol y pieza est\u00e1n unidos por un mecanismo que permite la bajada del metal fundido en su debido tiempo, por lo tanto, no se necesita manipulaci\u00f3n alguna<br>durante el proceso, adem\u00e1s de que se simplifica la infraestructura necesaria.<\/p>\n<\/div><\/div>\n\n\n\n<h4 class=\"wp-block-heading alignwide has-text-align-right\"><strong>MOLDE REFRACTARIO<br>(CASCARILLA CER\u00c1MICA)<\/strong><\/h4>\n\n\n\n<div class=\"wp-block-columns alignwide is-layout-flex wp-container-core-columns-is-layout-28f84493 wp-block-columns-is-layout-flex\">\n<div class=\"wp-block-column is-layout-flow wp-block-column-is-layout-flow\">\n<p class=\"has-text-align-center\">\u00c1RBOL DE COLADA CON EL CRISOL POR<br>SEPARADO<\/p>\n\n\n\n<figure class=\"wp-block-image size-full\"><img decoding=\"async\" width=\"334\" height=\"334\" src=\"https:\/\/wp.ull.es\/fundicionartisticaull\/wp-content\/uploads\/sites\/145\/2024\/04\/Captura-de-pantalla-2024-04-03-132013-edited.png\" alt=\"\" class=\"wp-image-1620\" srcset=\"https:\/\/wp.ull.es\/fundicionartisticaull\/wp-content\/uploads\/sites\/145\/2024\/04\/Captura-de-pantalla-2024-04-03-132013-edited.png 334w, https:\/\/wp.ull.es\/fundicionartisticaull\/wp-content\/uploads\/sites\/145\/2024\/04\/Captura-de-pantalla-2024-04-03-132013-edited-300x300.png 300w, https:\/\/wp.ull.es\/fundicionartisticaull\/wp-content\/uploads\/sites\/145\/2024\/04\/Captura-de-pantalla-2024-04-03-132013-edited-150x150.png 150w\" sizes=\"(max-width: 334px) 100vw, 334px\" \/><\/figure>\n<\/div>\n\n\n\n<div class=\"wp-block-column is-layout-flow wp-block-column-is-layout-flow\">\n<p class=\"has-text-align-center\">\u00c1RBOL DE COLADA CON EL CRISOL POR<br>SEPARADO<\/p>\n\n\n\n<figure class=\"wp-block-image size-full\"><img decoding=\"async\" width=\"319\" height=\"319\" src=\"https:\/\/wp.ull.es\/fundicionartisticaull\/wp-content\/uploads\/sites\/145\/2024\/04\/Captura-de-pantalla-2024-04-03-132031-edited.png\" alt=\"\" class=\"wp-image-1621\" srcset=\"https:\/\/wp.ull.es\/fundicionartisticaull\/wp-content\/uploads\/sites\/145\/2024\/04\/Captura-de-pantalla-2024-04-03-132031-edited.png 319w, https:\/\/wp.ull.es\/fundicionartisticaull\/wp-content\/uploads\/sites\/145\/2024\/04\/Captura-de-pantalla-2024-04-03-132031-edited-300x300.png 300w, https:\/\/wp.ull.es\/fundicionartisticaull\/wp-content\/uploads\/sites\/145\/2024\/04\/Captura-de-pantalla-2024-04-03-132031-edited-150x150.png 150w\" sizes=\"(max-width: 319px) 100vw, 319px\" \/><\/figure>\n<\/div>\n\n\n\n<div class=\"wp-block-column is-layout-flow wp-block-column-is-layout-flow\">\n<p class=\"has-text-align-center\">\u00c1RBOL DE COLADA CON EL CRISOL POR SEPARADO<\/p>\n\n\n\n<figure class=\"wp-block-image size-full\"><img loading=\"lazy\" decoding=\"async\" width=\"346\" height=\"346\" src=\"https:\/\/wp.ull.es\/fundicionartisticaull\/wp-content\/uploads\/sites\/145\/2024\/04\/Captura-de-pantalla-2024-04-03-132055-edited.png\" alt=\"\" class=\"wp-image-1622\" srcset=\"https:\/\/wp.ull.es\/fundicionartisticaull\/wp-content\/uploads\/sites\/145\/2024\/04\/Captura-de-pantalla-2024-04-03-132055-edited.png 346w, https:\/\/wp.ull.es\/fundicionartisticaull\/wp-content\/uploads\/sites\/145\/2024\/04\/Captura-de-pantalla-2024-04-03-132055-edited-300x300.png 300w, https:\/\/wp.ull.es\/fundicionartisticaull\/wp-content\/uploads\/sites\/145\/2024\/04\/Captura-de-pantalla-2024-04-03-132055-edited-150x150.png 150w\" sizes=\"(max-width: 346px) 100vw, 346px\" \/><\/figure>\n<\/div>\n<\/div>\n\n\n\n<hr class=\"wp-block-separator has-alpha-channel-opacity\" style=\"margin-bottom:var(--wp--preset--spacing--60)\" \/>\n\n\n\n<div class=\"wp-block-media-text alignwide has-media-on-the-right is-stacked-on-mobile\" style=\"grid-template-columns:auto 33%\"><div class=\"wp-block-media-text__content\">\n<h4 class=\"wp-block-heading\" style=\"margin-bottom:var(--wp--preset--spacing--20)\"><strong>DESCERE<\/strong><\/h4>\n\n\n\n<p>Se realiza mediante choque t\u00e9rmico, con los dos elementos por separado. Una vez desceradas, se unen entre s\u00ed aplicando fibra de vidrio y mascarilla cer\u00e1mica.<br>Obtenido el conjunto, se aplican ba\u00f1os de refuerzo.<\/p>\n<\/div><figure class=\"wp-block-media-text__media\"><img loading=\"lazy\" decoding=\"async\" width=\"782\" height=\"836\" src=\"https:\/\/wp.ull.es\/fundicionartisticaull\/wp-content\/uploads\/sites\/145\/2024\/04\/Captura-de-pantalla-2024-04-03-132246.png\" alt=\"\" class=\"wp-image-1623 size-full\" srcset=\"https:\/\/wp.ull.es\/fundicionartisticaull\/wp-content\/uploads\/sites\/145\/2024\/04\/Captura-de-pantalla-2024-04-03-132246.png 782w, https:\/\/wp.ull.es\/fundicionartisticaull\/wp-content\/uploads\/sites\/145\/2024\/04\/Captura-de-pantalla-2024-04-03-132246-281x300.png 281w, https:\/\/wp.ull.es\/fundicionartisticaull\/wp-content\/uploads\/sites\/145\/2024\/04\/Captura-de-pantalla-2024-04-03-132246-768x821.png 768w\" sizes=\"(max-width: 782px) 100vw, 782px\" \/><\/figure><\/div>\n\n\n\n<div class=\"wp-block-media-text alignwide is-stacked-on-mobile\" style=\"grid-template-columns:27% auto\"><figure class=\"wp-block-media-text__media\"><img loading=\"lazy\" decoding=\"async\" width=\"579\" height=\"700\" src=\"https:\/\/wp.ull.es\/fundicionartisticaull\/wp-content\/uploads\/sites\/145\/2024\/04\/Captura-de-pantalla-2024-04-03-132313.png\" alt=\"\" class=\"wp-image-1624 size-full\" srcset=\"https:\/\/wp.ull.es\/fundicionartisticaull\/wp-content\/uploads\/sites\/145\/2024\/04\/Captura-de-pantalla-2024-04-03-132313.png 579w, https:\/\/wp.ull.es\/fundicionartisticaull\/wp-content\/uploads\/sites\/145\/2024\/04\/Captura-de-pantalla-2024-04-03-132313-248x300.png 248w\" sizes=\"(max-width: 579px) 100vw, 579px\" \/><\/figure><div class=\"wp-block-media-text__content\">\n<h4 class=\"wp-block-heading\" style=\"margin-bottom:var(--wp--preset--spacing--20)\"><strong>FUNDICI\u00d3N<\/strong><\/h4>\n\n\n\n<p>Es un sistema formado por un metal, cuyo punto de fusi\u00f3n es superior al del bronce, son chapas de cobre unidas entre s\u00ed (en relaci\u00f3n al peso determinado de la pieza as\u00ed ser\u00e1 el numero de las mismas) que una vez fundidas facilitar\u00e1n el paso del bronce l\u00edquido, llenando de metal la cavidad vac\u00eda existente dentro del molde para obtener de esta manera el objeto a reproducir.<br>Se consiguen \u00ednfimos detalles, ya que metal y molde est\u00e1n en el mismo horno, por tanto, a la misma temperatura.<\/p>\n<\/div><\/div>\n","protected":false},"excerpt":{"rendered":"<p>CRISOL FUSIBLE: IDEADO POR JUAN CARLOS ALBALADEJO EJECUCI\u00d3N DEL MODELO EN CERA El modelo de crisol y pieza est\u00e1n unidos por un mecanismo que permite la bajada del metal fundido en su debido tiempo, por lo tanto, no se necesita manipulaci\u00f3n algunadurante el proceso, adem\u00e1s de que se simplifica la infraestructura necesaria. MOLDE REFRACTARIO(CASCARILLA CER\u00c1MICA) [&hellip;]<\/p>\n","protected":false},"author":441,"featured_media":0,"parent":0,"menu_order":0,"comment_status":"closed","ping_status":"closed","template":"page-large-header","meta":{"ngg_post_thumbnail":0,"footnotes":""},"class_list":["post-1615","page","type-page","status-publish","hentry"],"yoast_head":"<!-- This site is optimized with the Yoast SEO plugin v27.4 - https:\/\/yoast.com\/product\/yoast-seo-wordpress\/ -->\n<title>T\u00e9cnica de Crisol Fusible - Fundici\u00f3n Art\u00edstica ULL<\/title>\n<meta name=\"robots\" content=\"index, follow, max-snippet:-1, max-image-preview:large, max-video-preview:-1\" \/>\n<link rel=\"canonical\" href=\"https:\/\/wp.ull.es\/fundicionartisticaull\/crisol-fusible\/\" \/>\n<meta property=\"og:locale\" content=\"es_ES\" \/>\n<meta property=\"og:type\" content=\"article\" \/>\n<meta property=\"og:title\" content=\"T\u00e9cnica de Crisol Fusible - Fundici\u00f3n Art\u00edstica ULL\" \/>\n<meta property=\"og:description\" content=\"CRISOL FUSIBLE: IDEADO POR JUAN CARLOS ALBALADEJO EJECUCI\u00d3N DEL MODELO EN CERA El modelo de crisol y pieza est\u00e1n unidos por un mecanismo que permite la bajada del metal fundido en su debido tiempo, por lo tanto, no se necesita manipulaci\u00f3n algunadurante el proceso, adem\u00e1s de que se simplifica la infraestructura necesaria. MOLDE REFRACTARIO(CASCARILLA CER\u00c1MICA) [&hellip;]\" \/>\n<meta property=\"og:url\" content=\"https:\/\/wp.ull.es\/fundicionartisticaull\/crisol-fusible\/\" \/>\n<meta property=\"og:site_name\" content=\"Fundici\u00f3n Art\u00edstica ULL\" \/>\n<meta property=\"article:modified_time\" content=\"2024-04-08T10:55:28+00:00\" \/>\n<meta property=\"og:image\" content=\"https:\/\/wp.ull.es\/fundicionartisticaull\/wp-content\/uploads\/sites\/145\/2024\/04\/Captura-de-pantalla-2024-04-03-131659.png\" \/>\n<meta name=\"twitter:card\" content=\"summary_large_image\" \/>\n<meta name=\"twitter:label1\" content=\"Tiempo de lectura\" \/>\n\t<meta name=\"twitter:data1\" content=\"3 minutos\" \/>\n<script type=\"application\/ld+json\" class=\"yoast-schema-graph\">{\"@context\":\"https:\\\/\\\/schema.org\",\"@graph\":[{\"@type\":\"WebPage\",\"@id\":\"https:\\\/\\\/wp.ull.es\\\/fundicionartisticaull\\\/crisol-fusible\\\/\",\"url\":\"https:\\\/\\\/wp.ull.es\\\/fundicionartisticaull\\\/crisol-fusible\\\/\",\"name\":\"T\u00e9cnica de Crisol Fusible - Fundici\u00f3n Art\u00edstica ULL\",\"isPartOf\":{\"@id\":\"https:\\\/\\\/wp.ull.es\\\/fundicionartisticaull\\\/#website\"},\"primaryImageOfPage\":{\"@id\":\"https:\\\/\\\/wp.ull.es\\\/fundicionartisticaull\\\/crisol-fusible\\\/#primaryimage\"},\"image\":{\"@id\":\"https:\\\/\\\/wp.ull.es\\\/fundicionartisticaull\\\/crisol-fusible\\\/#primaryimage\"},\"thumbnailUrl\":\"https:\\\/\\\/wp.ull.es\\\/fundicionartisticaull\\\/wp-content\\\/uploads\\\/sites\\\/145\\\/2024\\\/04\\\/Captura-de-pantalla-2024-04-03-131659.png\",\"datePublished\":\"2024-04-03T12:28:17+00:00\",\"dateModified\":\"2024-04-08T10:55:28+00:00\",\"breadcrumb\":{\"@id\":\"https:\\\/\\\/wp.ull.es\\\/fundicionartisticaull\\\/crisol-fusible\\\/#breadcrumb\"},\"inLanguage\":\"es\",\"potentialAction\":[{\"@type\":\"ReadAction\",\"target\":[\"https:\\\/\\\/wp.ull.es\\\/fundicionartisticaull\\\/crisol-fusible\\\/\"]}]},{\"@type\":\"ImageObject\",\"inLanguage\":\"es\",\"@id\":\"https:\\\/\\\/wp.ull.es\\\/fundicionartisticaull\\\/crisol-fusible\\\/#primaryimage\",\"url\":\"https:\\\/\\\/wp.ull.es\\\/fundicionartisticaull\\\/wp-content\\\/uploads\\\/sites\\\/145\\\/2024\\\/04\\\/Captura-de-pantalla-2024-04-03-131659.png\",\"contentUrl\":\"https:\\\/\\\/wp.ull.es\\\/fundicionartisticaull\\\/wp-content\\\/uploads\\\/sites\\\/145\\\/2024\\\/04\\\/Captura-de-pantalla-2024-04-03-131659.png\",\"width\":552,\"height\":529},{\"@type\":\"BreadcrumbList\",\"@id\":\"https:\\\/\\\/wp.ull.es\\\/fundicionartisticaull\\\/crisol-fusible\\\/#breadcrumb\",\"itemListElement\":[{\"@type\":\"ListItem\",\"position\":1,\"name\":\"Portada\",\"item\":\"https:\\\/\\\/wp.ull.es\\\/fundicionartisticaull\\\/\"},{\"@type\":\"ListItem\",\"position\":2,\"name\":\"T\u00e9cnica de Crisol Fusible\"}]},{\"@type\":\"WebSite\",\"@id\":\"https:\\\/\\\/wp.ull.es\\\/fundicionartisticaull\\\/#website\",\"url\":\"https:\\\/\\\/wp.ull.es\\\/fundicionartisticaull\\\/\",\"name\":\"FUNIDICI\u00d3N ART\u00cdSTICA ULL\",\"description\":\"Taller de fundici\u00f3n en la Universidad de La Laguna\",\"publisher\":{\"@id\":\"https:\\\/\\\/wp.ull.es\\\/fundicionartisticaull\\\/#organization\"},\"potentialAction\":[{\"@type\":\"SearchAction\",\"target\":{\"@type\":\"EntryPoint\",\"urlTemplate\":\"https:\\\/\\\/wp.ull.es\\\/fundicionartisticaull\\\/?s={search_term_string}\"},\"query-input\":{\"@type\":\"PropertyValueSpecification\",\"valueRequired\":true,\"valueName\":\"search_term_string\"}}],\"inLanguage\":\"es\"},{\"@type\":\"Organization\",\"@id\":\"https:\\\/\\\/wp.ull.es\\\/fundicionartisticaull\\\/#organization\",\"name\":\"AULA DE FUNDICI\u00d3N\",\"url\":\"https:\\\/\\\/wp.ull.es\\\/fundicionartisticaull\\\/\",\"logo\":{\"@type\":\"ImageObject\",\"inLanguage\":\"es\",\"@id\":\"https:\\\/\\\/wp.ull.es\\\/fundicionartisticaull\\\/#\\\/schema\\\/logo\\\/image\\\/\",\"url\":\"https:\\\/\\\/wp.ull.es\\\/fundicionartisticaull\\\/wp-content\\\/uploads\\\/sites\\\/145\\\/2024\\\/03\\\/9CC10F4E-628E-4F8B-BFA4-29DE0BAE15F2-edited.jpg\",\"contentUrl\":\"https:\\\/\\\/wp.ull.es\\\/fundicionartisticaull\\\/wp-content\\\/uploads\\\/sites\\\/145\\\/2024\\\/03\\\/9CC10F4E-628E-4F8B-BFA4-29DE0BAE15F2-edited.jpg\",\"width\":768,\"height\":768,\"caption\":\"AULA DE FUNDICI\u00d3N\"},\"image\":{\"@id\":\"https:\\\/\\\/wp.ull.es\\\/fundicionartisticaull\\\/#\\\/schema\\\/logo\\\/image\\\/\"}}]}<\/script>\n<!-- \/ Yoast SEO plugin. -->","yoast_head_json":{"title":"T\u00e9cnica de Crisol Fusible - Fundici\u00f3n Art\u00edstica ULL","robots":{"index":"index","follow":"follow","max-snippet":"max-snippet:-1","max-image-preview":"max-image-preview:large","max-video-preview":"max-video-preview:-1"},"canonical":"https:\/\/wp.ull.es\/fundicionartisticaull\/crisol-fusible\/","og_locale":"es_ES","og_type":"article","og_title":"T\u00e9cnica de Crisol Fusible - Fundici\u00f3n Art\u00edstica ULL","og_description":"CRISOL FUSIBLE: IDEADO POR JUAN CARLOS ALBALADEJO EJECUCI\u00d3N DEL MODELO EN CERA El modelo de crisol y pieza est\u00e1n unidos por un mecanismo que permite la bajada del metal fundido en su debido tiempo, por lo tanto, no se necesita manipulaci\u00f3n algunadurante el proceso, adem\u00e1s de que se simplifica la infraestructura necesaria. MOLDE REFRACTARIO(CASCARILLA CER\u00c1MICA) [&hellip;]","og_url":"https:\/\/wp.ull.es\/fundicionartisticaull\/crisol-fusible\/","og_site_name":"Fundici\u00f3n Art\u00edstica ULL","article_modified_time":"2024-04-08T10:55:28+00:00","og_image":[{"url":"https:\/\/wp.ull.es\/fundicionartisticaull\/wp-content\/uploads\/sites\/145\/2024\/04\/Captura-de-pantalla-2024-04-03-131659.png","type":"","width":"","height":""}],"twitter_card":"summary_large_image","twitter_misc":{"Tiempo de lectura":"3 minutos"},"schema":{"@context":"https:\/\/schema.org","@graph":[{"@type":"WebPage","@id":"https:\/\/wp.ull.es\/fundicionartisticaull\/crisol-fusible\/","url":"https:\/\/wp.ull.es\/fundicionartisticaull\/crisol-fusible\/","name":"T\u00e9cnica de Crisol Fusible - Fundici\u00f3n Art\u00edstica ULL","isPartOf":{"@id":"https:\/\/wp.ull.es\/fundicionartisticaull\/#website"},"primaryImageOfPage":{"@id":"https:\/\/wp.ull.es\/fundicionartisticaull\/crisol-fusible\/#primaryimage"},"image":{"@id":"https:\/\/wp.ull.es\/fundicionartisticaull\/crisol-fusible\/#primaryimage"},"thumbnailUrl":"https:\/\/wp.ull.es\/fundicionartisticaull\/wp-content\/uploads\/sites\/145\/2024\/04\/Captura-de-pantalla-2024-04-03-131659.png","datePublished":"2024-04-03T12:28:17+00:00","dateModified":"2024-04-08T10:55:28+00:00","breadcrumb":{"@id":"https:\/\/wp.ull.es\/fundicionartisticaull\/crisol-fusible\/#breadcrumb"},"inLanguage":"es","potentialAction":[{"@type":"ReadAction","target":["https:\/\/wp.ull.es\/fundicionartisticaull\/crisol-fusible\/"]}]},{"@type":"ImageObject","inLanguage":"es","@id":"https:\/\/wp.ull.es\/fundicionartisticaull\/crisol-fusible\/#primaryimage","url":"https:\/\/wp.ull.es\/fundicionartisticaull\/wp-content\/uploads\/sites\/145\/2024\/04\/Captura-de-pantalla-2024-04-03-131659.png","contentUrl":"https:\/\/wp.ull.es\/fundicionartisticaull\/wp-content\/uploads\/sites\/145\/2024\/04\/Captura-de-pantalla-2024-04-03-131659.png","width":552,"height":529},{"@type":"BreadcrumbList","@id":"https:\/\/wp.ull.es\/fundicionartisticaull\/crisol-fusible\/#breadcrumb","itemListElement":[{"@type":"ListItem","position":1,"name":"Portada","item":"https:\/\/wp.ull.es\/fundicionartisticaull\/"},{"@type":"ListItem","position":2,"name":"T\u00e9cnica de Crisol Fusible"}]},{"@type":"WebSite","@id":"https:\/\/wp.ull.es\/fundicionartisticaull\/#website","url":"https:\/\/wp.ull.es\/fundicionartisticaull\/","name":"FUNIDICI\u00d3N ART\u00cdSTICA ULL","description":"Taller de fundici\u00f3n en la Universidad de La Laguna","publisher":{"@id":"https:\/\/wp.ull.es\/fundicionartisticaull\/#organization"},"potentialAction":[{"@type":"SearchAction","target":{"@type":"EntryPoint","urlTemplate":"https:\/\/wp.ull.es\/fundicionartisticaull\/?s={search_term_string}"},"query-input":{"@type":"PropertyValueSpecification","valueRequired":true,"valueName":"search_term_string"}}],"inLanguage":"es"},{"@type":"Organization","@id":"https:\/\/wp.ull.es\/fundicionartisticaull\/#organization","name":"AULA DE FUNDICI\u00d3N","url":"https:\/\/wp.ull.es\/fundicionartisticaull\/","logo":{"@type":"ImageObject","inLanguage":"es","@id":"https:\/\/wp.ull.es\/fundicionartisticaull\/#\/schema\/logo\/image\/","url":"https:\/\/wp.ull.es\/fundicionartisticaull\/wp-content\/uploads\/sites\/145\/2024\/03\/9CC10F4E-628E-4F8B-BFA4-29DE0BAE15F2-edited.jpg","contentUrl":"https:\/\/wp.ull.es\/fundicionartisticaull\/wp-content\/uploads\/sites\/145\/2024\/03\/9CC10F4E-628E-4F8B-BFA4-29DE0BAE15F2-edited.jpg","width":768,"height":768,"caption":"AULA DE FUNDICI\u00d3N"},"image":{"@id":"https:\/\/wp.ull.es\/fundicionartisticaull\/#\/schema\/logo\/image\/"}}]}},"_links":{"self":[{"href":"https:\/\/wp.ull.es\/fundicionartisticaull\/wp-json\/wp\/v2\/pages\/1615","targetHints":{"allow":["GET"]}}],"collection":[{"href":"https:\/\/wp.ull.es\/fundicionartisticaull\/wp-json\/wp\/v2\/pages"}],"about":[{"href":"https:\/\/wp.ull.es\/fundicionartisticaull\/wp-json\/wp\/v2\/types\/page"}],"author":[{"embeddable":true,"href":"https:\/\/wp.ull.es\/fundicionartisticaull\/wp-json\/wp\/v2\/users\/441"}],"replies":[{"embeddable":true,"href":"https:\/\/wp.ull.es\/fundicionartisticaull\/wp-json\/wp\/v2\/comments?post=1615"}],"version-history":[{"count":2,"href":"https:\/\/wp.ull.es\/fundicionartisticaull\/wp-json\/wp\/v2\/pages\/1615\/revisions"}],"predecessor-version":[{"id":1682,"href":"https:\/\/wp.ull.es\/fundicionartisticaull\/wp-json\/wp\/v2\/pages\/1615\/revisions\/1682"}],"wp:attachment":[{"href":"https:\/\/wp.ull.es\/fundicionartisticaull\/wp-json\/wp\/v2\/media?parent=1615"}],"curies":[{"name":"wp","href":"https:\/\/api.w.org\/{rel}","templated":true}]}}