{"id":1586,"date":"2024-04-03T12:28:29","date_gmt":"2024-04-03T12:28:29","guid":{"rendered":"https:\/\/wp.ull.es\/fundicionartisticaull\/?page_id=1586"},"modified":"2024-04-10T13:05:01","modified_gmt":"2024-04-10T13:05:01","slug":"microfusion-por-volteotecnica-a-la-cascarilla-ceramica","status":"publish","type":"page","link":"https:\/\/wp.ull.es\/fundicionartisticaull\/microfusion-por-volteotecnica-a-la-cascarilla-ceramica\/","title":{"rendered":"T\u00e9cnica Microfusi\u00f3n por volteo: T\u00e9cnica a la cascarilla cer\u00e1mica"},"content":{"rendered":"\n<hr class=\"wp-block-separator alignwide has-alpha-channel-opacity is-style-wide\" \/>\n\n\n\n<h4 class=\"wp-block-heading alignwide has-text-align-center has-cyan-bluish-gray-background-color has-background\">MICROFUSI\u00d3N POR VOLTEO:<br>T\u00c9CNICA A LA CASCARILLA CER\u00c1MICA<\/h4>\n\n\n\n<hr class=\"wp-block-separator alignwide has-alpha-channel-opacity is-style-wide\" style=\"margin-bottom:var(--wp--preset--spacing--60)\" \/>\n\n\n\n<h6 class=\"wp-block-heading alignwide has-text-align-left has-medium-font-size\" style=\"text-transform:none\">Se trata de una variante de la t\u00e9cnica de cascarilla cer\u00e1mica usada en la fundici\u00f3n escult\u00f3rica para obtener peque\u00f1os formatos reproducidos en metal. Funciona por medio de la gravedad, que a diferencia de las utilizadas en la joyer\u00eda actual, se necesita de fuerzas adicionales para obtener piezas finas y delgadas. Esto es gracias a este tipo de molde refractario.<\/h6>\n\n\n\n<hr class=\"wp-block-separator has-alpha-channel-opacity\" style=\"margin-top:var(--wp--preset--spacing--60)\" \/>\n\n\n\n<div class=\"wp-block-columns alignwide is-layout-flex wp-container-core-columns-is-layout-28f84493 wp-block-columns-is-layout-flex\">\n<div class=\"wp-block-column is-layout-flow wp-block-column-is-layout-flow\">\n<p class=\"has-text-align-center\">MODELO EN CERA<\/p>\n\n\n\n<figure class=\"wp-block-image size-full\"><img fetchpriority=\"high\" decoding=\"async\" width=\"211\" height=\"281\" src=\"https:\/\/wp.ull.es\/fundicionartisticaull\/wp-content\/uploads\/sites\/145\/2024\/04\/Captura-de-pantalla-2024-04-03-124835-1-edited.png\" alt=\"\" class=\"wp-image-1604\" \/><\/figure>\n<\/div>\n\n\n\n<div class=\"wp-block-column is-layout-flow wp-block-column-is-layout-flow\">\n<p class=\"has-text-align-center\">DISE\u00d1O Y CONSTRUCCI\u00d3N DEL<br>\u00c1RBOL DE COLADA<\/p>\n\n\n\n<figure class=\"wp-block-image size-full is-resized\"><img decoding=\"async\" width=\"351\" height=\"339\" src=\"https:\/\/wp.ull.es\/fundicionartisticaull\/wp-content\/uploads\/sites\/145\/2024\/04\/Captura-de-pantalla-2024-04-03-125744.png\" alt=\"\" class=\"wp-image-1601\" style=\"width:256px;height:auto\" srcset=\"https:\/\/wp.ull.es\/fundicionartisticaull\/wp-content\/uploads\/sites\/145\/2024\/04\/Captura-de-pantalla-2024-04-03-125744.png 351w, https:\/\/wp.ull.es\/fundicionartisticaull\/wp-content\/uploads\/sites\/145\/2024\/04\/Captura-de-pantalla-2024-04-03-125744-300x290.png 300w\" sizes=\"(max-width: 351px) 100vw, 351px\" \/><\/figure>\n<\/div>\n\n\n\n<div class=\"wp-block-column is-layout-flow wp-block-column-is-layout-flow\">\n<p class=\"has-text-align-center\">MOLDE REFRACTARIO<br>DESCERADO<\/p>\n\n\n\n<figure class=\"wp-block-image size-full\"><img decoding=\"async\" width=\"208\" height=\"312\" src=\"https:\/\/wp.ull.es\/fundicionartisticaull\/wp-content\/uploads\/sites\/145\/2024\/04\/Captura-de-pantalla-2024-04-03-124912-1-edited.png\" alt=\"\" class=\"wp-image-1605\" srcset=\"https:\/\/wp.ull.es\/fundicionartisticaull\/wp-content\/uploads\/sites\/145\/2024\/04\/Captura-de-pantalla-2024-04-03-124912-1-edited.png 208w, https:\/\/wp.ull.es\/fundicionartisticaull\/wp-content\/uploads\/sites\/145\/2024\/04\/Captura-de-pantalla-2024-04-03-124912-1-edited-200x300.png 200w\" sizes=\"(max-width: 208px) 100vw, 208px\" \/><\/figure>\n<\/div>\n\n\n\n<div class=\"wp-block-column is-layout-flow wp-block-column-is-layout-flow\">\n<p class=\"has-text-align-center\">PIEZA EN METAL<\/p>\n\n\n\n<figure class=\"wp-block-image size-full\"><img loading=\"lazy\" decoding=\"async\" width=\"237\" height=\"355\" src=\"https:\/\/wp.ull.es\/fundicionartisticaull\/wp-content\/uploads\/sites\/145\/2024\/04\/Captura-de-pantalla-2024-04-03-124922-1-edited.png\" alt=\"\" class=\"wp-image-1606\" srcset=\"https:\/\/wp.ull.es\/fundicionartisticaull\/wp-content\/uploads\/sites\/145\/2024\/04\/Captura-de-pantalla-2024-04-03-124922-1-edited.png 237w, https:\/\/wp.ull.es\/fundicionartisticaull\/wp-content\/uploads\/sites\/145\/2024\/04\/Captura-de-pantalla-2024-04-03-124922-1-edited-200x300.png 200w\" sizes=\"(max-width: 237px) 100vw, 237px\" \/><\/figure>\n<\/div>\n<\/div>\n\n\n\n<hr class=\"wp-block-separator has-alpha-channel-opacity\" \/>\n\n\n\n<div class=\"wp-block-media-text alignwide is-stacked-on-mobile\" style=\"grid-template-columns:36% auto\"><figure class=\"wp-block-media-text__media\"><img loading=\"lazy\" decoding=\"async\" width=\"543\" height=\"379\" src=\"https:\/\/wp.ull.es\/fundicionartisticaull\/wp-content\/uploads\/sites\/145\/2024\/04\/Captura-de-pantalla-2024-04-03-130047.png\" alt=\"\" class=\"wp-image-1607 size-full\" srcset=\"https:\/\/wp.ull.es\/fundicionartisticaull\/wp-content\/uploads\/sites\/145\/2024\/04\/Captura-de-pantalla-2024-04-03-130047.png 543w, https:\/\/wp.ull.es\/fundicionartisticaull\/wp-content\/uploads\/sites\/145\/2024\/04\/Captura-de-pantalla-2024-04-03-130047-300x209.png 300w\" sizes=\"(max-width: 543px) 100vw, 543px\" \/><\/figure><div class=\"wp-block-media-text__content\">\n<h4 class=\"wp-block-heading\" style=\"margin-top:0;margin-bottom:var(--wp--preset--spacing--20)\"><strong>EJECUCI\u00d3N DEL MODELO EN CERA<\/strong><\/h4>\n\n\n\n<p>Se efect\u00faa por el volteo manual de todo el conjunto. El objeto a reproducir y el crisol est\u00e1n unidos en un solo componente. El metal l\u00edquido pasa, mediante la gravedad, a la cavidad del molde ocupando el volumen del objeto.<br>Es una t\u00e9cnica \u00f3ptima para realizar piezas complejas y finas, ya que, tanto molde y metal est\u00e1n en el mismo horno y por tanto, a la misma temperatura.<br>De este modo, el caldo es muy fluido y facilita el llenado<\/p>\n<\/div><\/div>\n\n\n\n<div class=\"wp-block-columns alignwide is-layout-flex wp-container-core-columns-is-layout-69cf8084 wp-block-columns-is-layout-flex\" style=\"margin-top:var(--wp--preset--spacing--40)\">\n<div class=\"wp-block-column is-layout-flow wp-block-column-is-layout-flow\">\n<h4 class=\"wp-block-heading has-text-align-center\"><strong>MOLDE REFRACTARIO<br>(CASCARILLA CER\u00c1MICA)<\/strong><\/h4>\n\n\n\n<figure class=\"wp-block-image aligncenter size-full is-resized\"><img loading=\"lazy\" decoding=\"async\" width=\"457\" height=\"499\" src=\"https:\/\/wp.ull.es\/fundicionartisticaull\/wp-content\/uploads\/sites\/145\/2024\/04\/Captura-de-pantalla-2024-04-03-130411.png\" alt=\"\" class=\"wp-image-1608\" style=\"width:454px;height:auto\" srcset=\"https:\/\/wp.ull.es\/fundicionartisticaull\/wp-content\/uploads\/sites\/145\/2024\/04\/Captura-de-pantalla-2024-04-03-130411.png 457w, https:\/\/wp.ull.es\/fundicionartisticaull\/wp-content\/uploads\/sites\/145\/2024\/04\/Captura-de-pantalla-2024-04-03-130411-275x300.png 275w\" sizes=\"(max-width: 457px) 100vw, 457px\" \/><\/figure>\n<\/div>\n\n\n\n<div class=\"wp-block-column is-layout-flow wp-block-column-is-layout-flow\">\n<figure class=\"wp-block-image aligncenter size-full is-resized\"><img loading=\"lazy\" decoding=\"async\" width=\"475\" height=\"663\" src=\"https:\/\/wp.ull.es\/fundicionartisticaull\/wp-content\/uploads\/sites\/145\/2024\/04\/Captura-de-pantalla-2024-04-03-130420.png\" alt=\"\" class=\"wp-image-1609\" style=\"width:443px;height:auto\" srcset=\"https:\/\/wp.ull.es\/fundicionartisticaull\/wp-content\/uploads\/sites\/145\/2024\/04\/Captura-de-pantalla-2024-04-03-130420.png 475w, https:\/\/wp.ull.es\/fundicionartisticaull\/wp-content\/uploads\/sites\/145\/2024\/04\/Captura-de-pantalla-2024-04-03-130420-215x300.png 215w\" sizes=\"(max-width: 475px) 100vw, 475px\" \/><\/figure>\n<\/div>\n<\/div>\n\n\n\n<div class=\"wp-block-media-text alignwide is-stacked-on-mobile\" style=\"grid-template-columns:35% auto\"><figure class=\"wp-block-media-text__media\"><img loading=\"lazy\" decoding=\"async\" width=\"561\" height=\"554\" src=\"https:\/\/wp.ull.es\/fundicionartisticaull\/wp-content\/uploads\/sites\/145\/2024\/04\/Captura-de-pantalla-2024-04-03-131014.png\" alt=\"\" class=\"wp-image-1611 size-full\" srcset=\"https:\/\/wp.ull.es\/fundicionartisticaull\/wp-content\/uploads\/sites\/145\/2024\/04\/Captura-de-pantalla-2024-04-03-131014.png 561w, https:\/\/wp.ull.es\/fundicionartisticaull\/wp-content\/uploads\/sites\/145\/2024\/04\/Captura-de-pantalla-2024-04-03-131014-300x296.png 300w\" sizes=\"(max-width: 561px) 100vw, 561px\" \/><\/figure><div class=\"wp-block-media-text__content\">\n<h4 class=\"wp-block-heading\" style=\"margin-bottom:var(--wp--preset--spacing--20)\"><strong>FUNDICI\u00d3N <\/strong><\/h4>\n\n\n\n<p>Juan Carlos Albaladejo transform\u00f3 la idea inicial de David Reid, en un modelo de crisol semiabierto, posibilitando el dominio de la acci\u00f3n, ya que se puede controlar el momento de la fusi\u00f3n del metal.<br>Cualquier horno puede ser adaptable a cualquier formato. Siendo recomendable no fundir piezas de m\u00e1s de 1,5 kg.<\/p>\n<\/div><\/div>\n\n\n\n<figure class=\"wp-block-image alignwide size-large\"><img loading=\"lazy\" decoding=\"async\" width=\"1024\" height=\"364\" src=\"https:\/\/wp.ull.es\/fundicionartisticaull\/wp-content\/uploads\/sites\/145\/2024\/04\/Captura-de-pantalla-2024-04-03-130524.png\" alt=\"\" class=\"wp-image-1612\" srcset=\"https:\/\/wp.ull.es\/fundicionartisticaull\/wp-content\/uploads\/sites\/145\/2024\/04\/Captura-de-pantalla-2024-04-03-130524.png 1024w, https:\/\/wp.ull.es\/fundicionartisticaull\/wp-content\/uploads\/sites\/145\/2024\/04\/Captura-de-pantalla-2024-04-03-130524-300x107.png 300w, https:\/\/wp.ull.es\/fundicionartisticaull\/wp-content\/uploads\/sites\/145\/2024\/04\/Captura-de-pantalla-2024-04-03-130524-768x273.png 768w\" sizes=\"(max-width: 1024px) 100vw, 1024px\" \/><\/figure>\n","protected":false},"excerpt":{"rendered":"<p>MICROFUSI\u00d3N POR VOLTEO:T\u00c9CNICA A LA CASCARILLA CER\u00c1MICA Se trata de una variante de la t\u00e9cnica de cascarilla cer\u00e1mica usada en la fundici\u00f3n escult\u00f3rica para obtener peque\u00f1os formatos reproducidos en metal. Funciona por medio de la gravedad, que a diferencia de las utilizadas en la joyer\u00eda actual, se necesita de fuerzas adicionales para obtener piezas finas [&hellip;]<\/p>\n","protected":false},"author":441,"featured_media":0,"parent":0,"menu_order":0,"comment_status":"closed","ping_status":"closed","template":"page-large-header","meta":{"ngg_post_thumbnail":0,"footnotes":""},"class_list":["post-1586","page","type-page","status-publish","hentry"],"yoast_head":"<!-- This site is optimized with the Yoast SEO plugin v27.4 - https:\/\/yoast.com\/product\/yoast-seo-wordpress\/ -->\n<title>T\u00e9cnica Microfusi\u00f3n por volteo: T\u00e9cnica a la cascarilla cer\u00e1mica - Fundici\u00f3n Art\u00edstica ULL<\/title>\n<meta name=\"robots\" content=\"index, follow, max-snippet:-1, max-image-preview:large, max-video-preview:-1\" \/>\n<link rel=\"canonical\" href=\"https:\/\/wp.ull.es\/fundicionartisticaull\/microfusion-por-volteotecnica-a-la-cascarilla-ceramica\/\" \/>\n<meta property=\"og:locale\" content=\"es_ES\" \/>\n<meta property=\"og:type\" content=\"article\" \/>\n<meta property=\"og:title\" content=\"T\u00e9cnica Microfusi\u00f3n por volteo: T\u00e9cnica a la cascarilla cer\u00e1mica - Fundici\u00f3n Art\u00edstica ULL\" \/>\n<meta property=\"og:description\" content=\"MICROFUSI\u00d3N POR VOLTEO:T\u00c9CNICA A LA CASCARILLA CER\u00c1MICA Se trata de una variante de la t\u00e9cnica de cascarilla cer\u00e1mica usada en la fundici\u00f3n escult\u00f3rica para obtener peque\u00f1os formatos reproducidos en metal. Funciona por medio de la gravedad, que a diferencia de las utilizadas en la joyer\u00eda actual, se necesita de fuerzas adicionales para obtener piezas finas [&hellip;]\" \/>\n<meta property=\"og:url\" content=\"https:\/\/wp.ull.es\/fundicionartisticaull\/microfusion-por-volteotecnica-a-la-cascarilla-ceramica\/\" \/>\n<meta property=\"og:site_name\" content=\"Fundici\u00f3n Art\u00edstica ULL\" \/>\n<meta property=\"article:modified_time\" content=\"2024-04-10T13:05:01+00:00\" \/>\n<meta property=\"og:image\" content=\"https:\/\/wp.ull.es\/fundicionartisticaull\/wp-content\/uploads\/sites\/145\/2024\/04\/Captura-de-pantalla-2024-04-03-124835-1-edited.png\" \/>\n<meta name=\"twitter:card\" content=\"summary_large_image\" \/>\n<meta name=\"twitter:label1\" content=\"Tiempo de lectura\" \/>\n\t<meta name=\"twitter:data1\" content=\"3 minutos\" \/>\n<script type=\"application\/ld+json\" class=\"yoast-schema-graph\">{\"@context\":\"https:\\\/\\\/schema.org\",\"@graph\":[{\"@type\":\"WebPage\",\"@id\":\"https:\\\/\\\/wp.ull.es\\\/fundicionartisticaull\\\/microfusion-por-volteotecnica-a-la-cascarilla-ceramica\\\/\",\"url\":\"https:\\\/\\\/wp.ull.es\\\/fundicionartisticaull\\\/microfusion-por-volteotecnica-a-la-cascarilla-ceramica\\\/\",\"name\":\"T\u00e9cnica Microfusi\u00f3n por volteo: T\u00e9cnica a la cascarilla cer\u00e1mica - Fundici\u00f3n Art\u00edstica ULL\",\"isPartOf\":{\"@id\":\"https:\\\/\\\/wp.ull.es\\\/fundicionartisticaull\\\/#website\"},\"primaryImageOfPage\":{\"@id\":\"https:\\\/\\\/wp.ull.es\\\/fundicionartisticaull\\\/microfusion-por-volteotecnica-a-la-cascarilla-ceramica\\\/#primaryimage\"},\"image\":{\"@id\":\"https:\\\/\\\/wp.ull.es\\\/fundicionartisticaull\\\/microfusion-por-volteotecnica-a-la-cascarilla-ceramica\\\/#primaryimage\"},\"thumbnailUrl\":\"https:\\\/\\\/wp.ull.es\\\/fundicionartisticaull\\\/wp-content\\\/uploads\\\/sites\\\/145\\\/2024\\\/04\\\/Captura-de-pantalla-2024-04-03-124835-1-edited.png\",\"datePublished\":\"2024-04-03T12:28:29+00:00\",\"dateModified\":\"2024-04-10T13:05:01+00:00\",\"breadcrumb\":{\"@id\":\"https:\\\/\\\/wp.ull.es\\\/fundicionartisticaull\\\/microfusion-por-volteotecnica-a-la-cascarilla-ceramica\\\/#breadcrumb\"},\"inLanguage\":\"es\",\"potentialAction\":[{\"@type\":\"ReadAction\",\"target\":[\"https:\\\/\\\/wp.ull.es\\\/fundicionartisticaull\\\/microfusion-por-volteotecnica-a-la-cascarilla-ceramica\\\/\"]}]},{\"@type\":\"ImageObject\",\"inLanguage\":\"es\",\"@id\":\"https:\\\/\\\/wp.ull.es\\\/fundicionartisticaull\\\/microfusion-por-volteotecnica-a-la-cascarilla-ceramica\\\/#primaryimage\",\"url\":\"https:\\\/\\\/wp.ull.es\\\/fundicionartisticaull\\\/wp-content\\\/uploads\\\/sites\\\/145\\\/2024\\\/04\\\/Captura-de-pantalla-2024-04-03-124835-1-edited.png\",\"contentUrl\":\"https:\\\/\\\/wp.ull.es\\\/fundicionartisticaull\\\/wp-content\\\/uploads\\\/sites\\\/145\\\/2024\\\/04\\\/Captura-de-pantalla-2024-04-03-124835-1-edited.png\",\"width\":211,\"height\":281},{\"@type\":\"BreadcrumbList\",\"@id\":\"https:\\\/\\\/wp.ull.es\\\/fundicionartisticaull\\\/microfusion-por-volteotecnica-a-la-cascarilla-ceramica\\\/#breadcrumb\",\"itemListElement\":[{\"@type\":\"ListItem\",\"position\":1,\"name\":\"Portada\",\"item\":\"https:\\\/\\\/wp.ull.es\\\/fundicionartisticaull\\\/\"},{\"@type\":\"ListItem\",\"position\":2,\"name\":\"T\u00e9cnica Microfusi\u00f3n por volteo: T\u00e9cnica a la cascarilla cer\u00e1mica\"}]},{\"@type\":\"WebSite\",\"@id\":\"https:\\\/\\\/wp.ull.es\\\/fundicionartisticaull\\\/#website\",\"url\":\"https:\\\/\\\/wp.ull.es\\\/fundicionartisticaull\\\/\",\"name\":\"FUNIDICI\u00d3N ART\u00cdSTICA ULL\",\"description\":\"Taller de fundici\u00f3n en la Universidad de La Laguna\",\"publisher\":{\"@id\":\"https:\\\/\\\/wp.ull.es\\\/fundicionartisticaull\\\/#organization\"},\"potentialAction\":[{\"@type\":\"SearchAction\",\"target\":{\"@type\":\"EntryPoint\",\"urlTemplate\":\"https:\\\/\\\/wp.ull.es\\\/fundicionartisticaull\\\/?s={search_term_string}\"},\"query-input\":{\"@type\":\"PropertyValueSpecification\",\"valueRequired\":true,\"valueName\":\"search_term_string\"}}],\"inLanguage\":\"es\"},{\"@type\":\"Organization\",\"@id\":\"https:\\\/\\\/wp.ull.es\\\/fundicionartisticaull\\\/#organization\",\"name\":\"AULA DE FUNDICI\u00d3N\",\"url\":\"https:\\\/\\\/wp.ull.es\\\/fundicionartisticaull\\\/\",\"logo\":{\"@type\":\"ImageObject\",\"inLanguage\":\"es\",\"@id\":\"https:\\\/\\\/wp.ull.es\\\/fundicionartisticaull\\\/#\\\/schema\\\/logo\\\/image\\\/\",\"url\":\"https:\\\/\\\/wp.ull.es\\\/fundicionartisticaull\\\/wp-content\\\/uploads\\\/sites\\\/145\\\/2024\\\/03\\\/9CC10F4E-628E-4F8B-BFA4-29DE0BAE15F2-edited.jpg\",\"contentUrl\":\"https:\\\/\\\/wp.ull.es\\\/fundicionartisticaull\\\/wp-content\\\/uploads\\\/sites\\\/145\\\/2024\\\/03\\\/9CC10F4E-628E-4F8B-BFA4-29DE0BAE15F2-edited.jpg\",\"width\":768,\"height\":768,\"caption\":\"AULA DE FUNDICI\u00d3N\"},\"image\":{\"@id\":\"https:\\\/\\\/wp.ull.es\\\/fundicionartisticaull\\\/#\\\/schema\\\/logo\\\/image\\\/\"}}]}<\/script>\n<!-- \/ Yoast SEO plugin. -->","yoast_head_json":{"title":"T\u00e9cnica Microfusi\u00f3n por volteo: T\u00e9cnica a la cascarilla cer\u00e1mica - Fundici\u00f3n Art\u00edstica ULL","robots":{"index":"index","follow":"follow","max-snippet":"max-snippet:-1","max-image-preview":"max-image-preview:large","max-video-preview":"max-video-preview:-1"},"canonical":"https:\/\/wp.ull.es\/fundicionartisticaull\/microfusion-por-volteotecnica-a-la-cascarilla-ceramica\/","og_locale":"es_ES","og_type":"article","og_title":"T\u00e9cnica Microfusi\u00f3n por volteo: T\u00e9cnica a la cascarilla cer\u00e1mica - Fundici\u00f3n Art\u00edstica ULL","og_description":"MICROFUSI\u00d3N POR VOLTEO:T\u00c9CNICA A LA CASCARILLA CER\u00c1MICA Se trata de una variante de la t\u00e9cnica de cascarilla cer\u00e1mica usada en la fundici\u00f3n escult\u00f3rica para obtener peque\u00f1os formatos reproducidos en metal. Funciona por medio de la gravedad, que a diferencia de las utilizadas en la joyer\u00eda actual, se necesita de fuerzas adicionales para obtener piezas finas [&hellip;]","og_url":"https:\/\/wp.ull.es\/fundicionartisticaull\/microfusion-por-volteotecnica-a-la-cascarilla-ceramica\/","og_site_name":"Fundici\u00f3n Art\u00edstica ULL","article_modified_time":"2024-04-10T13:05:01+00:00","og_image":[{"url":"https:\/\/wp.ull.es\/fundicionartisticaull\/wp-content\/uploads\/sites\/145\/2024\/04\/Captura-de-pantalla-2024-04-03-124835-1-edited.png","type":"","width":"","height":""}],"twitter_card":"summary_large_image","twitter_misc":{"Tiempo de lectura":"3 minutos"},"schema":{"@context":"https:\/\/schema.org","@graph":[{"@type":"WebPage","@id":"https:\/\/wp.ull.es\/fundicionartisticaull\/microfusion-por-volteotecnica-a-la-cascarilla-ceramica\/","url":"https:\/\/wp.ull.es\/fundicionartisticaull\/microfusion-por-volteotecnica-a-la-cascarilla-ceramica\/","name":"T\u00e9cnica Microfusi\u00f3n por volteo: T\u00e9cnica a la cascarilla cer\u00e1mica - Fundici\u00f3n Art\u00edstica ULL","isPartOf":{"@id":"https:\/\/wp.ull.es\/fundicionartisticaull\/#website"},"primaryImageOfPage":{"@id":"https:\/\/wp.ull.es\/fundicionartisticaull\/microfusion-por-volteotecnica-a-la-cascarilla-ceramica\/#primaryimage"},"image":{"@id":"https:\/\/wp.ull.es\/fundicionartisticaull\/microfusion-por-volteotecnica-a-la-cascarilla-ceramica\/#primaryimage"},"thumbnailUrl":"https:\/\/wp.ull.es\/fundicionartisticaull\/wp-content\/uploads\/sites\/145\/2024\/04\/Captura-de-pantalla-2024-04-03-124835-1-edited.png","datePublished":"2024-04-03T12:28:29+00:00","dateModified":"2024-04-10T13:05:01+00:00","breadcrumb":{"@id":"https:\/\/wp.ull.es\/fundicionartisticaull\/microfusion-por-volteotecnica-a-la-cascarilla-ceramica\/#breadcrumb"},"inLanguage":"es","potentialAction":[{"@type":"ReadAction","target":["https:\/\/wp.ull.es\/fundicionartisticaull\/microfusion-por-volteotecnica-a-la-cascarilla-ceramica\/"]}]},{"@type":"ImageObject","inLanguage":"es","@id":"https:\/\/wp.ull.es\/fundicionartisticaull\/microfusion-por-volteotecnica-a-la-cascarilla-ceramica\/#primaryimage","url":"https:\/\/wp.ull.es\/fundicionartisticaull\/wp-content\/uploads\/sites\/145\/2024\/04\/Captura-de-pantalla-2024-04-03-124835-1-edited.png","contentUrl":"https:\/\/wp.ull.es\/fundicionartisticaull\/wp-content\/uploads\/sites\/145\/2024\/04\/Captura-de-pantalla-2024-04-03-124835-1-edited.png","width":211,"height":281},{"@type":"BreadcrumbList","@id":"https:\/\/wp.ull.es\/fundicionartisticaull\/microfusion-por-volteotecnica-a-la-cascarilla-ceramica\/#breadcrumb","itemListElement":[{"@type":"ListItem","position":1,"name":"Portada","item":"https:\/\/wp.ull.es\/fundicionartisticaull\/"},{"@type":"ListItem","position":2,"name":"T\u00e9cnica Microfusi\u00f3n por volteo: T\u00e9cnica a la cascarilla cer\u00e1mica"}]},{"@type":"WebSite","@id":"https:\/\/wp.ull.es\/fundicionartisticaull\/#website","url":"https:\/\/wp.ull.es\/fundicionartisticaull\/","name":"FUNIDICI\u00d3N ART\u00cdSTICA ULL","description":"Taller de fundici\u00f3n en la Universidad de La Laguna","publisher":{"@id":"https:\/\/wp.ull.es\/fundicionartisticaull\/#organization"},"potentialAction":[{"@type":"SearchAction","target":{"@type":"EntryPoint","urlTemplate":"https:\/\/wp.ull.es\/fundicionartisticaull\/?s={search_term_string}"},"query-input":{"@type":"PropertyValueSpecification","valueRequired":true,"valueName":"search_term_string"}}],"inLanguage":"es"},{"@type":"Organization","@id":"https:\/\/wp.ull.es\/fundicionartisticaull\/#organization","name":"AULA DE FUNDICI\u00d3N","url":"https:\/\/wp.ull.es\/fundicionartisticaull\/","logo":{"@type":"ImageObject","inLanguage":"es","@id":"https:\/\/wp.ull.es\/fundicionartisticaull\/#\/schema\/logo\/image\/","url":"https:\/\/wp.ull.es\/fundicionartisticaull\/wp-content\/uploads\/sites\/145\/2024\/03\/9CC10F4E-628E-4F8B-BFA4-29DE0BAE15F2-edited.jpg","contentUrl":"https:\/\/wp.ull.es\/fundicionartisticaull\/wp-content\/uploads\/sites\/145\/2024\/03\/9CC10F4E-628E-4F8B-BFA4-29DE0BAE15F2-edited.jpg","width":768,"height":768,"caption":"AULA DE FUNDICI\u00d3N"},"image":{"@id":"https:\/\/wp.ull.es\/fundicionartisticaull\/#\/schema\/logo\/image\/"}}]}},"_links":{"self":[{"href":"https:\/\/wp.ull.es\/fundicionartisticaull\/wp-json\/wp\/v2\/pages\/1586","targetHints":{"allow":["GET"]}}],"collection":[{"href":"https:\/\/wp.ull.es\/fundicionartisticaull\/wp-json\/wp\/v2\/pages"}],"about":[{"href":"https:\/\/wp.ull.es\/fundicionartisticaull\/wp-json\/wp\/v2\/types\/page"}],"author":[{"embeddable":true,"href":"https:\/\/wp.ull.es\/fundicionartisticaull\/wp-json\/wp\/v2\/users\/441"}],"replies":[{"embeddable":true,"href":"https:\/\/wp.ull.es\/fundicionartisticaull\/wp-json\/wp\/v2\/comments?post=1586"}],"version-history":[{"count":2,"href":"https:\/\/wp.ull.es\/fundicionartisticaull\/wp-json\/wp\/v2\/pages\/1586\/revisions"}],"predecessor-version":[{"id":1815,"href":"https:\/\/wp.ull.es\/fundicionartisticaull\/wp-json\/wp\/v2\/pages\/1586\/revisions\/1815"}],"wp:attachment":[{"href":"https:\/\/wp.ull.es\/fundicionartisticaull\/wp-json\/wp\/v2\/media?parent=1586"}],"curies":[{"name":"wp","href":"https:\/\/api.w.org\/{rel}","templated":true}]}}