{"id":1562,"date":"2024-04-03T12:28:38","date_gmt":"2024-04-03T12:28:38","guid":{"rendered":"https:\/\/wp.ull.es\/fundicionartisticaull\/?page_id=1562"},"modified":"2024-04-10T13:06:12","modified_gmt":"2024-04-10T13:06:12","slug":"colada-directa-cascarilla-ceramica","status":"publish","type":"page","link":"https:\/\/wp.ull.es\/fundicionartisticaull\/colada-directa-cascarilla-ceramica\/","title":{"rendered":"T\u00e9cnica Colada directa cascarilla cer\u00e1mica"},"content":{"rendered":"\n<hr class=\"wp-block-separator alignwide has-alpha-channel-opacity is-style-wide\" \/>\n\n\n\n<h4 class=\"wp-block-heading alignwide has-text-align-center has-cyan-bluish-gray-background-color has-background\">COLADA DIRECTA CASCARILLA CER\u00c1MICA<\/h4>\n\n\n\n<hr class=\"wp-block-separator alignwide has-alpha-channel-opacity is-style-wide\" style=\"margin-bottom:var(--wp--preset--spacing--60)\" \/>\n\n\n\n<div class=\"wp-block-columns alignwide is-layout-flex wp-container-core-columns-is-layout-28f84493 wp-block-columns-is-layout-flex\">\n<div class=\"wp-block-column is-layout-flow wp-block-column-is-layout-flow\">\n<div class=\"wp-block-media-text has-media-on-the-right is-stacked-on-mobile\" style=\"grid-template-columns:auto 25%\"><div class=\"wp-block-media-text__content\">\n<p>Se trata de la t\u00e9cnica de actualidad por excelencia en los procesos de fundici\u00f3n art\u00edstica. Se puede considerar la t\u00e9cnica de la cascarilla cer\u00e1mica como una adaptaci\u00f3n de la tecnolog\u00eda industrial de la fundici\u00f3n art\u00edstica. <\/p>\n\n\n\n<p>La \u00abCeramic ShellCasting\u00bb o Cascarilla Cer\u00e1mica, como su nombre indica, es una de las variantes de la llamada fundici\u00f3n de revestimiento por capas. <\/p>\n\n\n\n<p>Ofrece, entre otras, ventajas en su modo de aplicaci\u00f3n. Se trata de una papilla densa o mezcla que se aplica a base de capas sobre el modelo perdido a reproducir, dej\u00e1ndolo secar se endurece para conformar un molde poroso y resistente <\/p>\n<\/div><figure class=\"wp-block-media-text__media\"><img fetchpriority=\"high\" decoding=\"async\" width=\"424\" height=\"412\" src=\"https:\/\/wp.ull.es\/fundicionartisticaull\/wp-content\/uploads\/sites\/145\/2024\/04\/Captura-de-pantalla-2024-04-03-115721.png\" alt=\"\" class=\"wp-image-1568 size-full\" srcset=\"https:\/\/wp.ull.es\/fundicionartisticaull\/wp-content\/uploads\/sites\/145\/2024\/04\/Captura-de-pantalla-2024-04-03-115721.png 424w, https:\/\/wp.ull.es\/fundicionartisticaull\/wp-content\/uploads\/sites\/145\/2024\/04\/Captura-de-pantalla-2024-04-03-115721-300x292.png 300w\" sizes=\"(max-width: 424px) 100vw, 424px\" \/><\/figure><\/div>\n\n\n\n<hr class=\"wp-block-separator has-alpha-channel-opacity is-style-default\" \/>\n\n\n\n<div class=\"wp-block-columns is-layout-flex wp-container-core-columns-is-layout-dc63b7a3 wp-block-columns-is-layout-flex\" style=\"margin-top:var(--wp--preset--spacing--60)\">\n<div class=\"wp-block-column is-layout-flow wp-block-column-is-layout-flow\">\n<p class=\"has-text-align-center\">PIEZA EN CERA <\/p>\n\n\n\n<figure class=\"wp-block-gallery has-nested-images columns-default is-cropped wp-block-gallery-1 is-layout-flex wp-block-gallery-is-layout-flex\">\n<figure class=\"wp-block-image size-large\"><img decoding=\"async\" width=\"302\" height=\"403\" data-id=\"1575\" src=\"https:\/\/wp.ull.es\/fundicionartisticaull\/wp-content\/uploads\/sites\/145\/2024\/04\/Captura-de-pantalla-2024-04-03-120117-edited.png\" alt=\"\" class=\"wp-image-1575\" srcset=\"https:\/\/wp.ull.es\/fundicionartisticaull\/wp-content\/uploads\/sites\/145\/2024\/04\/Captura-de-pantalla-2024-04-03-120117-edited.png 302w, https:\/\/wp.ull.es\/fundicionartisticaull\/wp-content\/uploads\/sites\/145\/2024\/04\/Captura-de-pantalla-2024-04-03-120117-edited-225x300.png 225w\" sizes=\"(max-width: 302px) 100vw, 302px\" \/><\/figure>\n<\/figure>\n<\/div>\n\n\n\n<div class=\"wp-block-column is-layout-flow wp-block-column-is-layout-flow\">\n<p class=\"has-text-align-center\">CONSTRUCCI\u00d3N DEL \u00c1RBOL DE COLADA<\/p>\n\n\n\n<figure class=\"wp-block-image size-full\"><img decoding=\"async\" width=\"308\" height=\"411\" src=\"https:\/\/wp.ull.es\/fundicionartisticaull\/wp-content\/uploads\/sites\/145\/2024\/04\/Captura-de-pantalla-2024-04-03-120129-edited.png\" alt=\"\" class=\"wp-image-1576\" srcset=\"https:\/\/wp.ull.es\/fundicionartisticaull\/wp-content\/uploads\/sites\/145\/2024\/04\/Captura-de-pantalla-2024-04-03-120129-edited.png 308w, https:\/\/wp.ull.es\/fundicionartisticaull\/wp-content\/uploads\/sites\/145\/2024\/04\/Captura-de-pantalla-2024-04-03-120129-edited-225x300.png 225w\" sizes=\"(max-width: 308px) 100vw, 308px\" \/><\/figure>\n<\/div>\n\n\n\n<div class=\"wp-block-column is-layout-flow wp-block-column-is-layout-flow\">\n<p class=\"has-text-align-center\">MOLDE REFRACTARIO DE CASCARILLA CER\u00c1MICA <\/p>\n\n\n\n<figure class=\"wp-block-gallery has-nested-images columns-default is-cropped wp-block-gallery-2 is-layout-flex wp-block-gallery-is-layout-flex\">\n<figure class=\"wp-block-image size-large\"><img loading=\"lazy\" decoding=\"async\" width=\"313\" height=\"418\" data-id=\"1577\" src=\"https:\/\/wp.ull.es\/fundicionartisticaull\/wp-content\/uploads\/sites\/145\/2024\/04\/Captura-de-pantalla-2024-04-03-120145-1-edited.png\" alt=\"\" class=\"wp-image-1577\" srcset=\"https:\/\/wp.ull.es\/fundicionartisticaull\/wp-content\/uploads\/sites\/145\/2024\/04\/Captura-de-pantalla-2024-04-03-120145-1-edited.png 313w, https:\/\/wp.ull.es\/fundicionartisticaull\/wp-content\/uploads\/sites\/145\/2024\/04\/Captura-de-pantalla-2024-04-03-120145-1-edited-225x300.png 225w\" sizes=\"(max-width: 313px) 100vw, 313px\" \/><\/figure>\n<\/figure>\n<\/div>\n\n\n\n<div class=\"wp-block-column is-layout-flow wp-block-column-is-layout-flow\">\n<p class=\"has-text-align-center\">PIEZA EN BRONCE CON BEBEDEROS <\/p>\n\n\n\n<figure class=\"wp-block-gallery has-nested-images columns-default is-cropped wp-block-gallery-3 is-layout-flex wp-block-gallery-is-layout-flex\">\n<figure class=\"wp-block-image size-large\"><img loading=\"lazy\" decoding=\"async\" width=\"296\" height=\"394\" data-id=\"1578\" src=\"https:\/\/wp.ull.es\/fundicionartisticaull\/wp-content\/uploads\/sites\/145\/2024\/04\/Captura-de-pantalla-2024-04-03-120155-edited.png\" alt=\"\" class=\"wp-image-1578\" srcset=\"https:\/\/wp.ull.es\/fundicionartisticaull\/wp-content\/uploads\/sites\/145\/2024\/04\/Captura-de-pantalla-2024-04-03-120155-edited.png 296w, https:\/\/wp.ull.es\/fundicionartisticaull\/wp-content\/uploads\/sites\/145\/2024\/04\/Captura-de-pantalla-2024-04-03-120155-edited-225x300.png 225w\" sizes=\"(max-width: 296px) 100vw, 296px\" \/><\/figure>\n<\/figure>\n<\/div>\n\n\n\n<div class=\"wp-block-column is-layout-flow wp-block-column-is-layout-flow\">\n<p class=\"has-text-align-center\">REPASADO Y P\u00c1TINAS <\/p>\n\n\n\n<figure class=\"wp-block-image size-full\"><img loading=\"lazy\" decoding=\"async\" width=\"291\" height=\"388\" src=\"https:\/\/wp.ull.es\/fundicionartisticaull\/wp-content\/uploads\/sites\/145\/2024\/04\/Captura-de-pantalla-2024-04-03-120229-edited.png\" alt=\"\" class=\"wp-image-1579\" srcset=\"https:\/\/wp.ull.es\/fundicionartisticaull\/wp-content\/uploads\/sites\/145\/2024\/04\/Captura-de-pantalla-2024-04-03-120229-edited.png 291w, https:\/\/wp.ull.es\/fundicionartisticaull\/wp-content\/uploads\/sites\/145\/2024\/04\/Captura-de-pantalla-2024-04-03-120229-edited-225x300.png 225w\" sizes=\"(max-width: 291px) 100vw, 291px\" \/><\/figure>\n<\/div>\n<\/div>\n\n\n\n<div class=\"wp-block-media-text has-media-on-the-right is-stacked-on-mobile is-vertically-aligned-center\" style=\"grid-template-columns:auto 31%\"><div class=\"wp-block-media-text__content\">\n<p>No se les a\u00f1ade respiraderos, ya que el molde en s\u00ed respira por toda<br>su superficie y facilita la entrada del metal sin que aparezcan las tan<br>temidas bolsas de aire. La resistencia permite que los bebederos<br>sean directos, finos y con poco n\u00famero, seg\u00fan las necesidades de la<br>pieza<\/p>\n\n\n\n<h3 class=\"wp-block-heading\" style=\"margin-bottom:var(--wp--preset--spacing--20)\"><strong>DESCERE<\/strong><\/h3>\n\n\n\n<p><em>CHOQUE T\u00c9RMICO (Ing.Flash Dewaxing)<\/em><br>Consiste en calentar un horno previamente (entre 600\u00baC y 800\u00baC) e<br>introducirlo la pieza r\u00e1pidamente, con la intenci\u00f3n de crear una<br>junta de dilataci\u00f3n entre el modelo de cera y el molde, es decir, un<br>peque\u00f1o espacio que d\u00e9 cierto margen de dilataci\u00f3n al resto de<br>masa de cera que compone el modelo y que inevitablemente se expande al someterlo a tan altas temperaturas.<\/p>\n<\/div><figure class=\"wp-block-media-text__media\"><img loading=\"lazy\" decoding=\"async\" width=\"549\" height=\"601\" src=\"https:\/\/wp.ull.es\/fundicionartisticaull\/wp-content\/uploads\/sites\/145\/2024\/04\/Captura-de-pantalla-2024-04-03-121023-1.png\" alt=\"\" class=\"wp-image-1582 size-full\" srcset=\"https:\/\/wp.ull.es\/fundicionartisticaull\/wp-content\/uploads\/sites\/145\/2024\/04\/Captura-de-pantalla-2024-04-03-121023-1.png 549w, https:\/\/wp.ull.es\/fundicionartisticaull\/wp-content\/uploads\/sites\/145\/2024\/04\/Captura-de-pantalla-2024-04-03-121023-1-274x300.png 274w\" sizes=\"(max-width: 549px) 100vw, 549px\" \/><\/figure><\/div>\n<\/div>\n<\/div>\n\n\n\n<div class=\"wp-block-columns alignwide is-layout-flex wp-container-core-columns-is-layout-28f84493 wp-block-columns-is-layout-flex\">\n<div class=\"wp-block-column is-layout-flow wp-block-column-is-layout-flow\" style=\"flex-basis:100%\">\n<figure class=\"wp-block-image aligncenter size-full is-resized\"><img loading=\"lazy\" decoding=\"async\" width=\"1024\" height=\"509\" src=\"https:\/\/wp.ull.es\/fundicionartisticaull\/wp-content\/uploads\/sites\/145\/2024\/04\/Captura-de-pantalla-2024-04-03-122048.jpg\" alt=\"\" class=\"wp-image-1583\" style=\"width:1126px;height:auto\" srcset=\"https:\/\/wp.ull.es\/fundicionartisticaull\/wp-content\/uploads\/sites\/145\/2024\/04\/Captura-de-pantalla-2024-04-03-122048.jpg 1024w, https:\/\/wp.ull.es\/fundicionartisticaull\/wp-content\/uploads\/sites\/145\/2024\/04\/Captura-de-pantalla-2024-04-03-122048-300x149.jpg 300w, https:\/\/wp.ull.es\/fundicionartisticaull\/wp-content\/uploads\/sites\/145\/2024\/04\/Captura-de-pantalla-2024-04-03-122048-768x382.jpg 768w\" sizes=\"(max-width: 1024px) 100vw, 1024px\" \/><\/figure>\n<\/div>\n<\/div>\n\n\n\n<div class=\"wp-block-media-text alignwide is-stacked-on-mobile\" style=\"grid-template-columns:31% auto\"><figure class=\"wp-block-media-text__media\"><img loading=\"lazy\" decoding=\"async\" width=\"619\" height=\"589\" src=\"https:\/\/wp.ull.es\/fundicionartisticaull\/wp-content\/uploads\/sites\/145\/2024\/04\/Captura-de-pantalla-2024-04-03-122316.jpg\" alt=\"\" class=\"wp-image-1584 size-full\" srcset=\"https:\/\/wp.ull.es\/fundicionartisticaull\/wp-content\/uploads\/sites\/145\/2024\/04\/Captura-de-pantalla-2024-04-03-122316.jpg 619w, https:\/\/wp.ull.es\/fundicionartisticaull\/wp-content\/uploads\/sites\/145\/2024\/04\/Captura-de-pantalla-2024-04-03-122316-300x285.jpg 300w\" sizes=\"(max-width: 619px) 100vw, 619px\" \/><\/figure><div class=\"wp-block-media-text__content\">\n<h4 class=\"wp-block-heading has-text-align-left\" style=\"margin-bottom:var(--wp--preset--spacing--20)\"><strong>FUNDICI\u00d3N<\/strong><\/h4>\n\n\n\n<p style=\"margin-top:0\">El proceso de metal fundido se realiza en dos habit\u00e1culos t\u00e9rmicos diferentes. De un lado, el horno donde se funde el metal y de otro, una mufla que alberga los moldes refractarios. Pues estos deben estar calientes para recibir el metal fundido.<br>Se trata de una t\u00e9cnica de modelo perdido y molde perdido, ya que tanto el modelo, normalmente en cera, se eliminar\u00e1 para obtener su cavidad y el molde, una vez llenado, se romper\u00e1 para obtener la pieza fundida.<\/p>\n<\/div><\/div>\n","protected":false},"excerpt":{"rendered":"<p>COLADA DIRECTA CASCARILLA CER\u00c1MICA Se trata de la t\u00e9cnica de actualidad por excelencia en los procesos de fundici\u00f3n art\u00edstica. Se puede considerar la t\u00e9cnica de la cascarilla cer\u00e1mica como una adaptaci\u00f3n de la tecnolog\u00eda industrial de la fundici\u00f3n art\u00edstica. La \u00abCeramic ShellCasting\u00bb o Cascarilla Cer\u00e1mica, como su nombre indica, es una de las variantes de [&hellip;]<\/p>\n","protected":false},"author":441,"featured_media":0,"parent":0,"menu_order":0,"comment_status":"closed","ping_status":"closed","template":"page-large-header","meta":{"ngg_post_thumbnail":0,"footnotes":""},"class_list":["post-1562","page","type-page","status-publish","hentry"],"yoast_head":"<!-- This site is optimized with the Yoast SEO plugin v27.4 - https:\/\/yoast.com\/product\/yoast-seo-wordpress\/ -->\n<title>T\u00e9cnica Colada directa cascarilla cer\u00e1mica - Fundici\u00f3n Art\u00edstica ULL<\/title>\n<meta name=\"robots\" content=\"index, follow, max-snippet:-1, max-image-preview:large, max-video-preview:-1\" \/>\n<link rel=\"canonical\" href=\"https:\/\/wp.ull.es\/fundicionartisticaull\/colada-directa-cascarilla-ceramica\/\" \/>\n<meta property=\"og:locale\" content=\"es_ES\" \/>\n<meta property=\"og:type\" content=\"article\" \/>\n<meta property=\"og:title\" content=\"T\u00e9cnica Colada directa cascarilla cer\u00e1mica - Fundici\u00f3n Art\u00edstica ULL\" \/>\n<meta property=\"og:description\" content=\"COLADA DIRECTA CASCARILLA CER\u00c1MICA Se trata de la t\u00e9cnica de actualidad por excelencia en los procesos de fundici\u00f3n art\u00edstica. Se puede considerar la t\u00e9cnica de la cascarilla cer\u00e1mica como una adaptaci\u00f3n de la tecnolog\u00eda industrial de la fundici\u00f3n art\u00edstica. La \u00abCeramic ShellCasting\u00bb o Cascarilla Cer\u00e1mica, como su nombre indica, es una de las variantes de [&hellip;]\" \/>\n<meta property=\"og:url\" content=\"https:\/\/wp.ull.es\/fundicionartisticaull\/colada-directa-cascarilla-ceramica\/\" \/>\n<meta property=\"og:site_name\" content=\"Fundici\u00f3n Art\u00edstica ULL\" \/>\n<meta property=\"article:modified_time\" content=\"2024-04-10T13:06:12+00:00\" \/>\n<meta property=\"og:image\" content=\"https:\/\/wp.ull.es\/fundicionartisticaull\/wp-content\/uploads\/sites\/145\/2024\/04\/Captura-de-pantalla-2024-04-03-115721.png\" \/>\n<meta name=\"twitter:card\" content=\"summary_large_image\" \/>\n<meta name=\"twitter:label1\" content=\"Tiempo de lectura\" \/>\n\t<meta name=\"twitter:data1\" content=\"4 minutos\" \/>\n<script type=\"application\/ld+json\" class=\"yoast-schema-graph\">{\"@context\":\"https:\\\/\\\/schema.org\",\"@graph\":[{\"@type\":\"WebPage\",\"@id\":\"https:\\\/\\\/wp.ull.es\\\/fundicionartisticaull\\\/colada-directa-cascarilla-ceramica\\\/\",\"url\":\"https:\\\/\\\/wp.ull.es\\\/fundicionartisticaull\\\/colada-directa-cascarilla-ceramica\\\/\",\"name\":\"T\u00e9cnica Colada directa cascarilla cer\u00e1mica - Fundici\u00f3n Art\u00edstica ULL\",\"isPartOf\":{\"@id\":\"https:\\\/\\\/wp.ull.es\\\/fundicionartisticaull\\\/#website\"},\"primaryImageOfPage\":{\"@id\":\"https:\\\/\\\/wp.ull.es\\\/fundicionartisticaull\\\/colada-directa-cascarilla-ceramica\\\/#primaryimage\"},\"image\":{\"@id\":\"https:\\\/\\\/wp.ull.es\\\/fundicionartisticaull\\\/colada-directa-cascarilla-ceramica\\\/#primaryimage\"},\"thumbnailUrl\":\"https:\\\/\\\/wp.ull.es\\\/fundicionartisticaull\\\/wp-content\\\/uploads\\\/sites\\\/145\\\/2024\\\/04\\\/Captura-de-pantalla-2024-04-03-115721.png\",\"datePublished\":\"2024-04-03T12:28:38+00:00\",\"dateModified\":\"2024-04-10T13:06:12+00:00\",\"breadcrumb\":{\"@id\":\"https:\\\/\\\/wp.ull.es\\\/fundicionartisticaull\\\/colada-directa-cascarilla-ceramica\\\/#breadcrumb\"},\"inLanguage\":\"es\",\"potentialAction\":[{\"@type\":\"ReadAction\",\"target\":[\"https:\\\/\\\/wp.ull.es\\\/fundicionartisticaull\\\/colada-directa-cascarilla-ceramica\\\/\"]}]},{\"@type\":\"ImageObject\",\"inLanguage\":\"es\",\"@id\":\"https:\\\/\\\/wp.ull.es\\\/fundicionartisticaull\\\/colada-directa-cascarilla-ceramica\\\/#primaryimage\",\"url\":\"https:\\\/\\\/wp.ull.es\\\/fundicionartisticaull\\\/wp-content\\\/uploads\\\/sites\\\/145\\\/2024\\\/04\\\/Captura-de-pantalla-2024-04-03-115721.png\",\"contentUrl\":\"https:\\\/\\\/wp.ull.es\\\/fundicionartisticaull\\\/wp-content\\\/uploads\\\/sites\\\/145\\\/2024\\\/04\\\/Captura-de-pantalla-2024-04-03-115721.png\",\"width\":424,\"height\":412},{\"@type\":\"BreadcrumbList\",\"@id\":\"https:\\\/\\\/wp.ull.es\\\/fundicionartisticaull\\\/colada-directa-cascarilla-ceramica\\\/#breadcrumb\",\"itemListElement\":[{\"@type\":\"ListItem\",\"position\":1,\"name\":\"Portada\",\"item\":\"https:\\\/\\\/wp.ull.es\\\/fundicionartisticaull\\\/\"},{\"@type\":\"ListItem\",\"position\":2,\"name\":\"T\u00e9cnica Colada directa cascarilla cer\u00e1mica\"}]},{\"@type\":\"WebSite\",\"@id\":\"https:\\\/\\\/wp.ull.es\\\/fundicionartisticaull\\\/#website\",\"url\":\"https:\\\/\\\/wp.ull.es\\\/fundicionartisticaull\\\/\",\"name\":\"FUNIDICI\u00d3N ART\u00cdSTICA ULL\",\"description\":\"Taller de fundici\u00f3n en la Universidad de La Laguna\",\"publisher\":{\"@id\":\"https:\\\/\\\/wp.ull.es\\\/fundicionartisticaull\\\/#organization\"},\"potentialAction\":[{\"@type\":\"SearchAction\",\"target\":{\"@type\":\"EntryPoint\",\"urlTemplate\":\"https:\\\/\\\/wp.ull.es\\\/fundicionartisticaull\\\/?s={search_term_string}\"},\"query-input\":{\"@type\":\"PropertyValueSpecification\",\"valueRequired\":true,\"valueName\":\"search_term_string\"}}],\"inLanguage\":\"es\"},{\"@type\":\"Organization\",\"@id\":\"https:\\\/\\\/wp.ull.es\\\/fundicionartisticaull\\\/#organization\",\"name\":\"AULA DE FUNDICI\u00d3N\",\"url\":\"https:\\\/\\\/wp.ull.es\\\/fundicionartisticaull\\\/\",\"logo\":{\"@type\":\"ImageObject\",\"inLanguage\":\"es\",\"@id\":\"https:\\\/\\\/wp.ull.es\\\/fundicionartisticaull\\\/#\\\/schema\\\/logo\\\/image\\\/\",\"url\":\"https:\\\/\\\/wp.ull.es\\\/fundicionartisticaull\\\/wp-content\\\/uploads\\\/sites\\\/145\\\/2024\\\/03\\\/9CC10F4E-628E-4F8B-BFA4-29DE0BAE15F2-edited.jpg\",\"contentUrl\":\"https:\\\/\\\/wp.ull.es\\\/fundicionartisticaull\\\/wp-content\\\/uploads\\\/sites\\\/145\\\/2024\\\/03\\\/9CC10F4E-628E-4F8B-BFA4-29DE0BAE15F2-edited.jpg\",\"width\":768,\"height\":768,\"caption\":\"AULA DE FUNDICI\u00d3N\"},\"image\":{\"@id\":\"https:\\\/\\\/wp.ull.es\\\/fundicionartisticaull\\\/#\\\/schema\\\/logo\\\/image\\\/\"}}]}<\/script>\n<!-- \/ Yoast SEO plugin. -->","yoast_head_json":{"title":"T\u00e9cnica Colada directa cascarilla cer\u00e1mica - Fundici\u00f3n Art\u00edstica ULL","robots":{"index":"index","follow":"follow","max-snippet":"max-snippet:-1","max-image-preview":"max-image-preview:large","max-video-preview":"max-video-preview:-1"},"canonical":"https:\/\/wp.ull.es\/fundicionartisticaull\/colada-directa-cascarilla-ceramica\/","og_locale":"es_ES","og_type":"article","og_title":"T\u00e9cnica Colada directa cascarilla cer\u00e1mica - Fundici\u00f3n Art\u00edstica ULL","og_description":"COLADA DIRECTA CASCARILLA CER\u00c1MICA Se trata de la t\u00e9cnica de actualidad por excelencia en los procesos de fundici\u00f3n art\u00edstica. Se puede considerar la t\u00e9cnica de la cascarilla cer\u00e1mica como una adaptaci\u00f3n de la tecnolog\u00eda industrial de la fundici\u00f3n art\u00edstica. La \u00abCeramic ShellCasting\u00bb o Cascarilla Cer\u00e1mica, como su nombre indica, es una de las variantes de [&hellip;]","og_url":"https:\/\/wp.ull.es\/fundicionartisticaull\/colada-directa-cascarilla-ceramica\/","og_site_name":"Fundici\u00f3n Art\u00edstica ULL","article_modified_time":"2024-04-10T13:06:12+00:00","og_image":[{"url":"https:\/\/wp.ull.es\/fundicionartisticaull\/wp-content\/uploads\/sites\/145\/2024\/04\/Captura-de-pantalla-2024-04-03-115721.png","type":"","width":"","height":""}],"twitter_card":"summary_large_image","twitter_misc":{"Tiempo de lectura":"4 minutos"},"schema":{"@context":"https:\/\/schema.org","@graph":[{"@type":"WebPage","@id":"https:\/\/wp.ull.es\/fundicionartisticaull\/colada-directa-cascarilla-ceramica\/","url":"https:\/\/wp.ull.es\/fundicionartisticaull\/colada-directa-cascarilla-ceramica\/","name":"T\u00e9cnica Colada directa cascarilla cer\u00e1mica - Fundici\u00f3n Art\u00edstica ULL","isPartOf":{"@id":"https:\/\/wp.ull.es\/fundicionartisticaull\/#website"},"primaryImageOfPage":{"@id":"https:\/\/wp.ull.es\/fundicionartisticaull\/colada-directa-cascarilla-ceramica\/#primaryimage"},"image":{"@id":"https:\/\/wp.ull.es\/fundicionartisticaull\/colada-directa-cascarilla-ceramica\/#primaryimage"},"thumbnailUrl":"https:\/\/wp.ull.es\/fundicionartisticaull\/wp-content\/uploads\/sites\/145\/2024\/04\/Captura-de-pantalla-2024-04-03-115721.png","datePublished":"2024-04-03T12:28:38+00:00","dateModified":"2024-04-10T13:06:12+00:00","breadcrumb":{"@id":"https:\/\/wp.ull.es\/fundicionartisticaull\/colada-directa-cascarilla-ceramica\/#breadcrumb"},"inLanguage":"es","potentialAction":[{"@type":"ReadAction","target":["https:\/\/wp.ull.es\/fundicionartisticaull\/colada-directa-cascarilla-ceramica\/"]}]},{"@type":"ImageObject","inLanguage":"es","@id":"https:\/\/wp.ull.es\/fundicionartisticaull\/colada-directa-cascarilla-ceramica\/#primaryimage","url":"https:\/\/wp.ull.es\/fundicionartisticaull\/wp-content\/uploads\/sites\/145\/2024\/04\/Captura-de-pantalla-2024-04-03-115721.png","contentUrl":"https:\/\/wp.ull.es\/fundicionartisticaull\/wp-content\/uploads\/sites\/145\/2024\/04\/Captura-de-pantalla-2024-04-03-115721.png","width":424,"height":412},{"@type":"BreadcrumbList","@id":"https:\/\/wp.ull.es\/fundicionartisticaull\/colada-directa-cascarilla-ceramica\/#breadcrumb","itemListElement":[{"@type":"ListItem","position":1,"name":"Portada","item":"https:\/\/wp.ull.es\/fundicionartisticaull\/"},{"@type":"ListItem","position":2,"name":"T\u00e9cnica Colada directa cascarilla cer\u00e1mica"}]},{"@type":"WebSite","@id":"https:\/\/wp.ull.es\/fundicionartisticaull\/#website","url":"https:\/\/wp.ull.es\/fundicionartisticaull\/","name":"FUNIDICI\u00d3N ART\u00cdSTICA ULL","description":"Taller de fundici\u00f3n en la Universidad de La Laguna","publisher":{"@id":"https:\/\/wp.ull.es\/fundicionartisticaull\/#organization"},"potentialAction":[{"@type":"SearchAction","target":{"@type":"EntryPoint","urlTemplate":"https:\/\/wp.ull.es\/fundicionartisticaull\/?s={search_term_string}"},"query-input":{"@type":"PropertyValueSpecification","valueRequired":true,"valueName":"search_term_string"}}],"inLanguage":"es"},{"@type":"Organization","@id":"https:\/\/wp.ull.es\/fundicionartisticaull\/#organization","name":"AULA DE FUNDICI\u00d3N","url":"https:\/\/wp.ull.es\/fundicionartisticaull\/","logo":{"@type":"ImageObject","inLanguage":"es","@id":"https:\/\/wp.ull.es\/fundicionartisticaull\/#\/schema\/logo\/image\/","url":"https:\/\/wp.ull.es\/fundicionartisticaull\/wp-content\/uploads\/sites\/145\/2024\/03\/9CC10F4E-628E-4F8B-BFA4-29DE0BAE15F2-edited.jpg","contentUrl":"https:\/\/wp.ull.es\/fundicionartisticaull\/wp-content\/uploads\/sites\/145\/2024\/03\/9CC10F4E-628E-4F8B-BFA4-29DE0BAE15F2-edited.jpg","width":768,"height":768,"caption":"AULA DE FUNDICI\u00d3N"},"image":{"@id":"https:\/\/wp.ull.es\/fundicionartisticaull\/#\/schema\/logo\/image\/"}}]}},"_links":{"self":[{"href":"https:\/\/wp.ull.es\/fundicionartisticaull\/wp-json\/wp\/v2\/pages\/1562","targetHints":{"allow":["GET"]}}],"collection":[{"href":"https:\/\/wp.ull.es\/fundicionartisticaull\/wp-json\/wp\/v2\/pages"}],"about":[{"href":"https:\/\/wp.ull.es\/fundicionartisticaull\/wp-json\/wp\/v2\/types\/page"}],"author":[{"embeddable":true,"href":"https:\/\/wp.ull.es\/fundicionartisticaull\/wp-json\/wp\/v2\/users\/441"}],"replies":[{"embeddable":true,"href":"https:\/\/wp.ull.es\/fundicionartisticaull\/wp-json\/wp\/v2\/comments?post=1562"}],"version-history":[{"count":2,"href":"https:\/\/wp.ull.es\/fundicionartisticaull\/wp-json\/wp\/v2\/pages\/1562\/revisions"}],"predecessor-version":[{"id":1817,"href":"https:\/\/wp.ull.es\/fundicionartisticaull\/wp-json\/wp\/v2\/pages\/1562\/revisions\/1817"}],"wp:attachment":[{"href":"https:\/\/wp.ull.es\/fundicionartisticaull\/wp-json\/wp\/v2\/media?parent=1562"}],"curies":[{"name":"wp","href":"https:\/\/api.w.org\/{rel}","templated":true}]}}