{"id":957,"date":"2024-11-23T23:41:00","date_gmt":"2024-11-23T23:41:00","guid":{"rendered":"https:\/\/wp.ull.es\/fpiem\/?page_id=957"},"modified":"2026-03-27T19:11:40","modified_gmt":"2026-03-27T19:11:40","slug":"numero-xvi-2024","status":"publish","type":"page","link":"https:\/\/wp.ull.es\/fpiem\/numero-xvi-2024\/","title":{"rendered":"N\u00famero XVI &#8211; 2024"},"content":{"rendered":"\n<figure class=\"wp-block-image aligncenter size-full is-resized is-style-default\"><img fetchpriority=\"high\" decoding=\"async\" width=\"736\" height=\"1024\" src=\"https:\/\/wp.ull.es\/fpiem\/wp-content\/uploads\/sites\/158\/2024\/11\/u_Portada-vol-16-1-pagina.jpg\" alt=\"\" class=\"wp-image-1084\" style=\"width:337px;height:auto\" srcset=\"https:\/\/wp.ull.es\/fpiem\/wp-content\/uploads\/sites\/158\/2024\/11\/u_Portada-vol-16-1-pagina.jpg 736w, https:\/\/wp.ull.es\/fpiem\/wp-content\/uploads\/sites\/158\/2024\/11\/u_Portada-vol-16-1-pagina-216x300.jpg 216w, https:\/\/wp.ull.es\/fpiem\/wp-content\/uploads\/sites\/158\/2024\/11\/u_Portada-vol-16-1-pagina-100x139.jpg 100w, https:\/\/wp.ull.es\/fpiem\/wp-content\/uploads\/sites\/158\/2024\/11\/u_Portada-vol-16-1-pagina-150x209.jpg 150w, https:\/\/wp.ull.es\/fpiem\/wp-content\/uploads\/sites\/158\/2024\/11\/u_Portada-vol-16-1-pagina-200x278.jpg 200w, https:\/\/wp.ull.es\/fpiem\/wp-content\/uploads\/sites\/158\/2024\/11\/u_Portada-vol-16-1-pagina-300x417.jpg 300w, https:\/\/wp.ull.es\/fpiem\/wp-content\/uploads\/sites\/158\/2024\/11\/u_Portada-vol-16-1-pagina-450x626.jpg 450w, https:\/\/wp.ull.es\/fpiem\/wp-content\/uploads\/sites\/158\/2024\/11\/u_Portada-vol-16-1-pagina-600x835.jpg 600w\" sizes=\"(max-width: 736px) 100vw, 736px\" \/><\/figure>\n\n\n\n<p><\/p>\n\n\n\n<div class=\"wp-block-columns has-responsive-main-container-background-color-background-color has-background is-layout-flex wp-container-core-columns-is-layout-9d6595d7 wp-block-columns-is-layout-flex\">\n<div class=\"wp-block-column has-white-color has-text-color has-background is-layout-flow wp-block-column-is-layout-flow\" style=\"background-color:#f4cb92\">\n<p class=\"has-text-align-center has-responsive-container-background-color-color has-text-color has-link-color wp-elements-70585070594b48831361ca883bd0e76a\"><strong>\u00cdndice<\/strong><\/p>\n<\/div>\n\n\n\n<div class=\"wp-block-column is-layout-flow wp-block-column-is-layout-flow\"><\/div>\n\n\n\n<div class=\"wp-block-column is-vertically-aligned-center has-white-color has-text-color has-background is-layout-flow wp-block-column-is-layout-flow\" style=\"background-color:#f4cb92\">\n<p class=\"has-text-align-center has-responsive-container-background-color-color has-text-color has-link-color wp-elements-4ccbc48224c26c9041ee1139e4c3a078\"><strong><strong>Presentaci\u00f3n<\/strong><\/strong><\/p>\n<\/div>\n<\/div>\n\n\n\n<h2 class=\"wp-block-heading\"><em>Art\u00edculos:<\/em><\/h2>\n\n\n\n<p class=\"has-responsive-container-background-color-color has-text-color has-background\" style=\"background-color:#f4cb92\"><strong><a href=\"https:\/\/wp.ull.es\/fpiem\/2024\/11\/23\/16_01-el-rol-de-la-modelizacion-matematica-y-el-uso-de-la-tecnologia-en-la-formulacion-de-problemas-en-una-perspectiva-de-integracion-stem-en-la-formacion-de-profesores-de-educacion-secundaria\/\" data-type=\"post\" data-id=\"975\" target=\"_blank\" rel=\"noreferrer noopener\">01 <strong>El rol de la modelizaci\u00f3n matem\u00e1tica y el uso de la tecnolog\u00eda en la formulaci\u00f3n de problemas en una perspectiva de integraci\u00f3n STEM en la formaci\u00f3n de profesores de Educaci\u00f3n Secundaria<\/strong>.<\/a><a href=\"https:\/\/wp.ull.es\/fpiem\/wp-content\/uploads\/sites\/158\/2023\/07\/Z01.Acosta-Pincheira-y-Alsina.-FPIEM-FIN-Vol.14.pdf\" data-type=\"attachment\" data-id=\"35\" target=\"_blank\" rel=\"noreferrer noopener\"><\/a>(Camacho-Mach\u00edn, M.; Hitt, F. y Hern\u00e1ndez, A.)<\/strong><\/p>\n\n\n\n<p class=\"has-responsive-container-background-color-color has-text-color has-background\" style=\"background-color:#f4cb92\"><strong><a href=\"https:\/\/wp.ull.es\/fpiem\/2024\/11\/24\/16_02-problemas-de-fracciones-formulados-con-lapiz-y-papel-y-con-herramientas-tecnologicas-un-estudio-comparativo\/\" data-type=\"post\" data-id=\"990\" target=\"_blank\" rel=\"noreferrer noopener\">02 <strong>Evaluaci\u00f3n del potencial de distintos chatbots para la formulaci\u00f3n de problemas matem\u00e1ticos<\/strong>. <\/a>(Embid, S. y Perdomo-D\u00edaz, J.)<\/strong><\/p>\n\n\n\n<p class=\"has-responsive-container-background-color-color has-text-color has-background\" style=\"background-color:#f4cb92\"><strong>03 <a href=\"https:\/\/wp.ull.es\/fpiem\/2024\/11\/24\/16_03-el-uso-del-protocolo-de-observacion-como-herramienta-para-desarrollo-profesional-docente\/\">Peticiones y valoraciones de la formulaci\u00f3n de problemas asistida por inteligencia artificial generativa<\/a>. (Embid S. y Perdomo-D\u00edaz, J.)<\/strong><\/p>\n\n\n\n<p class=\"has-responsive-container-background-color-color has-text-color has-background\" style=\"background-color:#f4cb92\"><strong>04 <a href=\"https:\/\/wp.ull.es\/fpiem\/2024\/11\/24\/16_04-integracion-en-el-tercer-ciclo-de-primaria-de-un-proyecto-de-centro-de-pensamiento-computacional-con-la-propuesta-curricular-de-innovamat\/\">Integraci\u00f3n en el tercer ciclo de primaria de un proyecto de centro de pensamiento computacional con la propuesta curricular de INNOVAMAT<\/a>. (Hern\u00e1ndez-Moreno, C.; Zurita de Le\u00f3n, N. y Quevedo-Guti\u00e9rrez, E.)<\/strong><\/p>\n\n\n\n<p class=\"has-responsive-container-background-color-color has-text-color has-background\" style=\"background-color:#f4cb92\"><strong>05 <a href=\"https:\/\/wp.ull.es\/fpiem\/2024\/11\/24\/16_05-integracion-en-el-segundo-ciclo-de-primaria-de-un-proyecto-de-centro-de-pensamiento-computacional-con-la-propuesta-curricular-de-innovamat\/\">Integraci\u00f3n en el segundo ciclo de primaria de un proyecto de centro de pensamiento computacional con la propuesta curricular de INNOVAMAT<\/a>. (L\u00f3pez-Alem\u00e1n, I; Marcial-Romero, T. y Quevedo-Guti\u00e9rrez, E.)<\/strong><\/p>\n\n\n\n<p class=\"has-responsive-container-background-color-color has-text-color has-background\" style=\"background-color:#f4cb92\"><strong>06 <a href=\"https:\/\/wp.ull.es\/fpiem\/2024\/11\/24\/16_06-intervencion-en-orientacion-educativa-desde-el-pensamiento-computacional-como-medio-de-atencion-a-la-diversidad\/\">Intervenci\u00f3n en orientaci\u00f3n educativa desde el pensamiento computacional como medio de atenci\u00f3n a la diversidad<\/a>. (Marcial-Romero, T.; Quevedo-Guti\u00e9rrez, E.; Judit \u00c1lamo-Rosales, J. y Morales-Almeida, P.)<\/strong><\/p>\n\n\n\n<p class=\"has-responsive-container-background-color-color has-text-color has-background\" style=\"background-color:#f4cb92\"><strong><a href=\"https:\/\/wp.ull.es\/fpiem\/2024\/11\/24\/16_07-reformulacion-de-problemas-matematicos-por-futuros-profesores-de-secundaria\/\" data-type=\"post\" data-id=\"1004\" target=\"_blank\" rel=\"noreferrer noopener\">07 Reformulaci\u00f3n de problemas matem\u00e1ticos por futuros profesores de secundaria.<\/a> (Mart\u00edn-Ferraz,A.; Hern\u00e1ndez,A. y Camacho-Mach\u00edn, M.)<\/strong><\/p>\n\n\n\n<p class=\"has-responsive-container-background-color-color has-text-color has-background\" style=\"background-color:#f4cb92\"><strong>08 <a href=\"https:\/\/wp.ull.es\/fpiem\/2024\/11\/24\/16_08-algunas-caracteristicas-en-las-etapas-de-creatividad-matematica-al-incorporar-geogebra-en-la-resolucion-de-problemas\/\">Algunas caracter\u00edsticas en las etapas de creatividad matem\u00e1tica al incorporar GeoGebra en la resoluci\u00f3n de problemas<\/a>. (P\u00e9rez-Olvera, E.; Barrera, F. y Reyes-Rodr\u00edguez, A.)<\/strong><\/p>\n\n\n\n<p class=\"has-responsive-container-background-color-color has-text-color has-background\" style=\"background-color:#f4cb92\"><strong>09 <a href=\"https:\/\/wp.ull.es\/fpiem\/2024\/11\/24\/16_09-formulacion-de-problemas-de-areas-por-parte-de-futuros-docentes-de-educacion-primaria\/\">Formulaci\u00f3n de problemas de \u00e1reas por parte de futuros docentes de Educaci\u00f3n Primaria<\/a>. (Sosa-Mart\u00edn, D.; Garc\u00eda-Alonso, I. y Bruno, A.)<\/strong><\/p>\n\n\n\n<div class=\"wp-block-buttons is-layout-flex wp-block-buttons-is-layout-flex\">\n<div class=\"wp-block-button\"><a class=\"wp-block-button__link has-black-color has-luminous-vivid-amber-background-color has-text-color has-background wp-element-button\" href=\"https:\/\/wp.ull.es\/fpiem\/\"><strong>&lt;&lt;&lt; Volver al inicio<\/strong><\/a><\/div>\n<\/div>\n\n\n\n<p><\/p>\n","protected":false},"excerpt":{"rendered":"<p>\u00cdndice Presentaci\u00f3n Art\u00edculos: 01 El rol de la modelizaci\u00f3n matem\u00e1tica y el uso de la tecnolog\u00eda en la formulaci\u00f3n de problemas en una perspectiva de integraci\u00f3n STEM en la formaci\u00f3n de profesores de Educaci\u00f3n Secundaria.(Camacho-Mach\u00edn, M.; Hitt, F. y Hern\u00e1ndez, &hellip;<\/p>\n<p class=\"read-more\"> <a class=\"more-link\" href=\"https:\/\/wp.ull.es\/fpiem\/numero-xvi-2024\/\"> <span class=\"screen-reader-text\">N\u00famero XVI &#8211; 2024<\/span> Leer m\u00e1s \u00bb<\/a><\/p>\n","protected":false},"author":394,"featured_media":0,"parent":0,"menu_order":0,"comment_status":"closed","ping_status":"closed","template":"","meta":{"footnotes":""},"class_list":["post-957","page","type-page","status-publish","hentry"],"_links":{"self":[{"href":"https:\/\/wp.ull.es\/fpiem\/wp-json\/wp\/v2\/pages\/957","targetHints":{"allow":["GET"]}}],"collection":[{"href":"https:\/\/wp.ull.es\/fpiem\/wp-json\/wp\/v2\/pages"}],"about":[{"href":"https:\/\/wp.ull.es\/fpiem\/wp-json\/wp\/v2\/types\/page"}],"author":[{"embeddable":true,"href":"https:\/\/wp.ull.es\/fpiem\/wp-json\/wp\/v2\/users\/394"}],"replies":[{"embeddable":true,"href":"https:\/\/wp.ull.es\/fpiem\/wp-json\/wp\/v2\/comments?post=957"}],"version-history":[{"count":3,"href":"https:\/\/wp.ull.es\/fpiem\/wp-json\/wp\/v2\/pages\/957\/revisions"}],"predecessor-version":[{"id":1126,"href":"https:\/\/wp.ull.es\/fpiem\/wp-json\/wp\/v2\/pages\/957\/revisions\/1126"}],"wp:attachment":[{"href":"https:\/\/wp.ull.es\/fpiem\/wp-json\/wp\/v2\/media?parent=957"}],"curies":[{"name":"wp","href":"https:\/\/api.w.org\/{rel}","templated":true}]}}