{"id":831,"date":"2023-12-22T00:40:58","date_gmt":"2023-12-22T00:40:58","guid":{"rendered":"https:\/\/wp.ull.es\/fpiem\/?page_id=831"},"modified":"2024-02-14T16:33:23","modified_gmt":"2024-02-14T16:33:23","slug":"numero-xv","status":"publish","type":"page","link":"https:\/\/wp.ull.es\/fpiem\/numero-xv\/","title":{"rendered":"N\u00famero XV &#8211; 2023"},"content":{"rendered":"\n<figure class=\"wp-block-image aligncenter size-large is-resized\"><img fetchpriority=\"high\" decoding=\"async\" width=\"740\" height=\"1024\" src=\"https:\/\/wp.ull.es\/fpiem\/wp-content\/uploads\/sites\/158\/2023\/12\/Portada-vol-15-media-740x1024.jpg\" alt=\"\" class=\"wp-image-858\" style=\"width:337px;height:auto\" \/><\/figure>\n\n\n\n<p> <\/p>\n\n\n\n<div class=\"wp-block-columns is-layout-flex wp-container-core-columns-is-layout-9d6595d7 wp-block-columns-is-layout-flex\">\n<div class=\"wp-block-column has-white-color has-text-color has-background is-layout-flow wp-block-column-is-layout-flow\" style=\"background-color:#b7e7ab\">\n<p class=\"has-text-align-center\"><strong><strong><a href=\"https:\/\/wp.ull.es\/fpiem\/wp-content\/uploads\/sites\/158\/2024\/02\/15_0a_XV0a-indice.pdf\" data-type=\"attachment\" data-id=\"923\">\u00cdndice<\/a><\/strong><\/strong><\/p>\n<\/div>\n\n\n\n<div class=\"wp-block-column has-white-color has-text-color has-background is-layout-flow wp-block-column-is-layout-flow\" style=\"background-color:#b7e7ab\">\n<p class=\"has-text-align-center\"><strong><strong><a href=\"https:\/\/wp.ull.es\/fpiem\/wp-content\/uploads\/sites\/158\/2023\/12\/XV0b-presentacion.pdf\" data-type=\"attachment\" data-id=\"885\">Presentaci\u00f3n<\/a><\/strong><\/strong><\/p>\n<\/div>\n<\/div>\n\n\n\n<h2 class=\"wp-block-heading\"><em>Art\u00edculos:<\/em><\/h2>\n\n\n\n<p class=\"has-responsive-container-background-color-color has-text-color has-background\" style=\"background-color:#b7e7ab\"><strong><a href=\"https:\/\/wp.ull.es\/fpiem\/wp-content\/uploads\/sites\/158\/2023\/12\/XV01.-Almeida-Bruno-Noda-Perdomo.pdf\" data-type=\"attachment\" data-id=\"835\">01 Una experiencia de formaci\u00f3n de profesorado de educaci\u00f3n infantil sobre resoluci\u00f3n de problemas.<\/a><a href=\"https:\/\/wp.ull.es\/fpiem\/wp-content\/uploads\/sites\/158\/2023\/07\/Z01.Acosta-Pincheira-y-Alsina.-FPIEM-FIN-Vol.14.pdf\" data-type=\"attachment\" data-id=\"35\" target=\"_blank\" rel=\"noreferrer noopener\"> <\/a>(Almeida, R.; Bruno, A.; Noda, A. y Perdomo-D\u00edaz, J<\/strong>.<strong>)<\/strong><\/p>\n\n\n\n<p class=\"has-responsive-container-background-color-color has-text-color has-background\" style=\"background-color:#b7e7ab\"><strong><a href=\"https:\/\/wp.ull.es\/fpiem\/wp-content\/uploads\/sites\/158\/2023\/12\/XV02.-Armas-Hernandez-Mato-FPIEM-VolXV-2023.pdf\" data-type=\"attachment\" data-id=\"836\">02 Propuesta did\u00e1ctica de Matem\u00e1ticas de 3\u00ba de ESO: aplicaciones tecnol\u00f3gicas del saber algebraico.<\/a> (Armas-D\u00edaz, T. R.; Hern\u00e1ndez-Su\u00e1rez, V. M. y Mato-Carrodeguas, M. C.)<\/strong><\/p>\n\n\n\n<p class=\"has-responsive-container-background-color-color has-text-color has-background\" style=\"background-color:#b7e7ab\"><strong><a href=\"https:\/\/wp.ull.es\/fpiem\/wp-content\/uploads\/sites\/158\/2023\/12\/XV03.-Camino-Fortes-y-Nunez-FPIEM-Vol-XV-2023-copia.pdf\" data-type=\"attachment\" data-id=\"837\">03 La ense\u00f1anza online de las matem\u00e1ticas en Espa\u00f1a durante la pandemia COVID-19 vista por docentes y estudiantes.<\/a> (Camino, P.; Fortes, S. y N\u00fa\u00f1ez, J.)<\/strong><\/p>\n\n\n\n<p class=\"has-responsive-container-background-color-color has-text-color has-background\" style=\"background-color:#b7e7ab\"><strong><a href=\"https:\/\/wp.ull.es\/fpiem\/wp-content\/uploads\/sites\/158\/2023\/12\/XV04.-Embid-Garcia-Bruno-FPIEM-Vol-XV-2023.pdf\" data-type=\"attachment\" data-id=\"838\">04 El uso de herramientas digitales en la formulaci\u00f3n de problemas sobre fracciones: un estudio exploratorio con futuros maestros.<\/a> (Embid, S., Garc\u00eda, I. y Bruno, A.)<\/strong><\/p>\n\n\n\n<p class=\"has-responsive-container-background-color-color has-text-color has-background\" style=\"background-color:#b7e7ab\"><strong><a href=\"https:\/\/wp.ull.es\/fpiem\/wp-content\/uploads\/sites\/158\/2023\/12\/XV05.-Garcia-Sosa-Trujillo-FPIEM-Vol-XV-2023.pdf\" data-type=\"attachment\" data-id=\"839\">05 Educaci\u00f3n para el Desarrollo Sostenible en la formaci\u00f3n inicial de futuros profesores de matem\u00e1ticas: una nueva mirada.<\/a> (Garc\u00eda-Alonso, I.; Sosa-Mart\u00edn D. y Trujillo-Gonz\u00e1lez, R.)<\/strong><\/p>\n\n\n\n<p class=\"has-responsive-container-background-color-color has-text-color has-background\" style=\"background-color:#b7e7ab\"><strong><a href=\"https:\/\/wp.ull.es\/fpiem\/wp-content\/uploads\/sites\/158\/2024\/02\/XV06.-Hernandez-Perdomo-Camacho-FPIEM-Vol-XV-2023Formulacion-de-problemas-FPIEM-Final.pdf\" data-type=\"attachment\" data-id=\"925\">06 Formulaci\u00f3n de problemas matem\u00e1ticos con GeoGebra. Un estudio inicial.<\/a> (Hern\u00e1ndez A.; Perdomo-D\u00edaz, J. y Camacho-Mach\u00edn, M.)<\/strong><\/p>\n\n\n\n<p class=\"has-responsive-container-background-color-color has-text-color has-background\" style=\"background-color:#b7e7ab\"><strong><a href=\"https:\/\/wp.ull.es\/fpiem\/wp-content\/uploads\/sites\/158\/2023\/12\/XV07.-Lijo-Zapatera-Quevedo-HedezSuarez-FPIEM-VolXV-2023.pdf\" data-type=\"attachment\" data-id=\"840\">07 An\u00e1lisis sobre la predisposici\u00f3n frente a las matem\u00e1ticas del estudiantado para maestro en la Universidad de las Palmas de Gran Canaria. <\/a>(Lij\u00f3-S\u00e1nchez, R.; Zapatera-Llinares, A.; Quevedo-Guti\u00e9rrez, E. y Hern\u00e1ndez Su\u00e1rez, V. M.)<\/strong><\/p>\n\n\n\n<p class=\"has-responsive-container-background-color-color has-text-color has-background\" style=\"background-color:#b7e7ab\"><strong><a href=\"https:\/\/wp.ull.es\/fpiem\/wp-content\/uploads\/sites\/158\/2023\/12\/XV08.-Lijo-Diaz-Hdez-et-al.FPIEM-Vol-XV-2023.pdf\" data-type=\"attachment\" data-id=\"841\">08 Intervenci\u00f3n de pensamiento computacional en educaci\u00f3n infantil en el marco de la ordenaci\u00f3n curricular propuesta por la LOMLOE.<\/a> (<em>Lij\u00f3-S\u00e1nchez, R.; D\u00edaz-D\u00edaz, J. A.; Hern\u00e1ndez-Moreno, C.; Zapatera-Llinares, A.; Morales-Socorro, A.; Judit \u00c1lamo-Rosales, J. y Quevedo-Guti\u00e9rrez, E<\/em>.)<\/strong><\/p>\n\n\n\n<p class=\"has-responsive-container-background-color-color has-text-color has-background\" style=\"background-color:#b7e7ab\"><strong><a href=\"https:\/\/wp.ull.es\/fpiem\/wp-content\/uploads\/sites\/158\/2023\/12\/XV09.-Perdomo-Sosa-Almeida-Peres-FPIEM-VolXV-2023.pdf\" data-type=\"attachment\" data-id=\"842\">09 La razonabilidad contextual en problemas de \u00e1reas formulados por futuros maestros y maestras. <\/a>(Perdomo-D\u00edaz, J.; Sosa-Mart\u00edn, D.; Almeida, R. P\u00e9rez, P.)<\/strong><\/p>\n\n\n\n<p class=\"has-responsive-container-background-color-color has-text-color has-background\" style=\"background-color:#b7e7ab\"><strong><a href=\"https:\/\/wp.ull.es\/fpiem\/wp-content\/uploads\/sites\/158\/2023\/12\/XV10.-Quevedo-Lijo-Quevedo-FPEIM-VolXV-2023.pdf\" data-type=\"attachment\" data-id=\"834\">10 El Pensamiento Computacional en el Curr\u00edculo de Matem\u00e1ticas de la Ense\u00f1anza B\u00e1sica y la Formaci\u00f3n del Profesorado: \u00a1Una Segunda Oportunidad!<\/a> (<\/strong><em><strong>Quevedo-Sarmiento, J.;&nbsp;Lij\u00f3-S\u00e1nchez, R.; Quevedo-Guti\u00e9rrez, E<\/strong><\/em><strong>.)<\/strong><\/p>\n\n\n\n<div class=\"wp-block-buttons is-layout-flex wp-block-buttons-is-layout-flex\">\n<div class=\"wp-block-button\"><a class=\"wp-block-button__link has-black-color has-luminous-vivid-amber-background-color has-text-color has-background wp-element-button\" href=\"https:\/\/wp.ull.es\/fpiem\/\"><strong>&lt;&lt;&lt; Volver al inicio<\/strong><\/a><\/div>\n<\/div>\n","protected":false},"excerpt":{"rendered":"<p>\u00cdndice Presentaci\u00f3n Art\u00edculos: 01 Una experiencia de formaci\u00f3n de profesorado de educaci\u00f3n infantil sobre resoluci\u00f3n de problemas. (Almeida, R.; Bruno, A.; Noda, A. y Perdomo-D\u00edaz, J.) 02 Propuesta did\u00e1ctica de Matem\u00e1ticas de 3\u00ba de ESO: aplicaciones tecnol\u00f3gicas del saber algebraico. &hellip;<\/p>\n<p class=\"read-more\"> <a class=\"more-link\" href=\"https:\/\/wp.ull.es\/fpiem\/numero-xv\/\"> <span class=\"screen-reader-text\">N\u00famero XV &#8211; 2023<\/span> Leer m\u00e1s \u00bb<\/a><\/p>\n","protected":false},"author":396,"featured_media":0,"parent":0,"menu_order":0,"comment_status":"closed","ping_status":"closed","template":"","meta":{"footnotes":""},"class_list":["post-831","page","type-page","status-publish","hentry"],"_links":{"self":[{"href":"https:\/\/wp.ull.es\/fpiem\/wp-json\/wp\/v2\/pages\/831","targetHints":{"allow":["GET"]}}],"collection":[{"href":"https:\/\/wp.ull.es\/fpiem\/wp-json\/wp\/v2\/pages"}],"about":[{"href":"https:\/\/wp.ull.es\/fpiem\/wp-json\/wp\/v2\/types\/page"}],"author":[{"embeddable":true,"href":"https:\/\/wp.ull.es\/fpiem\/wp-json\/wp\/v2\/users\/396"}],"replies":[{"embeddable":true,"href":"https:\/\/wp.ull.es\/fpiem\/wp-json\/wp\/v2\/comments?post=831"}],"version-history":[{"count":2,"href":"https:\/\/wp.ull.es\/fpiem\/wp-json\/wp\/v2\/pages\/831\/revisions"}],"predecessor-version":[{"id":926,"href":"https:\/\/wp.ull.es\/fpiem\/wp-json\/wp\/v2\/pages\/831\/revisions\/926"}],"wp:attachment":[{"href":"https:\/\/wp.ull.es\/fpiem\/wp-json\/wp\/v2\/media?parent=831"}],"curies":[{"name":"wp","href":"https:\/\/api.w.org\/{rel}","templated":true}]}}