{"id":69,"date":"2023-07-21T23:14:15","date_gmt":"2023-07-21T21:14:15","guid":{"rendered":"https:\/\/wp.ull.es\/fpiem\/?page_id=69"},"modified":"2023-07-31T12:28:13","modified_gmt":"2023-07-31T11:28:13","slug":"politica-editorial","status":"publish","type":"page","link":"https:\/\/wp.ull.es\/fpiem\/politica-editorial\/","title":{"rendered":"Normas Generales"},"content":{"rendered":"\n<figure class=\"wp-block-image aligncenter size-full is-resized\"><img fetchpriority=\"high\" decoding=\"async\" src=\"https:\/\/wp.ull.es\/fpiem\/wp-content\/uploads\/sites\/158\/2023\/07\/image-1.png\" alt=\"\" class=\"wp-image-213\" width=\"488\" height=\"326\" srcset=\"https:\/\/wp.ull.es\/fpiem\/wp-content\/uploads\/sites\/158\/2023\/07\/image-1.png 640w, https:\/\/wp.ull.es\/fpiem\/wp-content\/uploads\/sites\/158\/2023\/07\/image-1-300x200.png 300w\" sizes=\"(max-width: 488px) 100vw, 488px\" \/><\/figure>\n\n\n\n<ol class=\"wp-block-list\">\n<li>Hasta la fecha todos los vol\u00famenes publicados son monogr\u00e1ficos y gran la mayor\u00eda de los art\u00edculos publicados son versiones revisadas de comunicaciones presentadas en la Reuniones Interuniversitarias de Formaci\u00f3n del Profesorado e Investigaci\u00f3n Matem\u00e1ticas celebradas alternativamente desde el a\u00f1o 1998 bianualmente.<\/li>\n\n\n\n<li>El proceso de publicaci\u00f3n lleva la revisi\u00f3n de todos los trabajos por parte del equipo Editorial y en su caso, revisores externos especializados en el tema.<\/li>\n\n\n\n<li>Los manuscritos deber\u00e1n ser in\u00e9ditos y los autores asumen la aceptaci\u00f3n de esta revista para la difusi\u00f3n del trabajo. Una vez aceptados para su publicaci\u00f3n, los derechos de impresi\u00f3n y reproducci\u00f3n por cualquier medio quedan en propiedad de la revista Formaci\u00f3n del Profesorado e Investigaci\u00f3n en Educaci\u00f3n Matem\u00e1tica (FPIEM).<\/li>\n\n\n\n<li>El lenguaje de los trabajos publicados puede ser espa\u00f1ol o ingl\u00e9s. En todo caso debe tener un resumen en espa\u00f1ol y otro en ingl\u00e9s (Abstract). <\/li>\n\n\n\n<li>Las opiniones expresadas en los trabajos publicados son de exclusiva responsabilidad de los autores. <\/li>\n\n\n\n<li>Las actividades descritas se adaptar\u00e1n a los criterios de \u00e9tica cient\u00edfica y profesional tanto en los trabajos con humanos.<\/li>\n\n\n\n<li>El manuscrito deber\u00e1 tener una extensi\u00f3n m\u00e1xima de 30 p\u00e1ginas de texto, escritas a 1,5 l\u00edneas de espacio (y otras especificaciones que encontrar\u00e1 en la plantilla).<\/li>\n\n\n\n<li>El uso de siglas, se puede hacer en la segunda ocasi\u00f3n en que se ha utilizado la expresi\u00f3n. Por ejemplo, <em>Computer Algebra Systems (CAS) <\/em>puede escribirse en la segunda ocasi\u00f3n <em>CAS<\/em>.<\/li>\n\n\n\n<li>Las tablas y figuras deben estar claras y formateadas. Se podr\u00e1 utilizar colores.<\/li>\n\n\n\n<li>El env\u00edo del manuscrito debe hacerse a trav\u00e9s de la p\u00e1gina web de la revista en la secci\u00f3n de Autores, en el correspondiente formulario de env\u00edo.<\/li>\n\n\n\n<li>Todos los manuscritos son evaluados por, al menos, dos evaluadores distintos que remitir\u00e1n sus conclusiones al Comit\u00e9 Editorial de la revista. Este comit\u00e9 integrar\u00e1 las evaluaciones y las pondr\u00e1 en comunicaci\u00f3n de los autores del trabajo para su revisi\u00f3n.<\/li>\n<\/ol>\n","protected":false},"excerpt":{"rendered":"","protected":false},"author":394,"featured_media":0,"parent":0,"menu_order":0,"comment_status":"closed","ping_status":"closed","template":"","meta":{"footnotes":""},"class_list":["post-69","page","type-page","status-publish","hentry"],"_links":{"self":[{"href":"https:\/\/wp.ull.es\/fpiem\/wp-json\/wp\/v2\/pages\/69","targetHints":{"allow":["GET"]}}],"collection":[{"href":"https:\/\/wp.ull.es\/fpiem\/wp-json\/wp\/v2\/pages"}],"about":[{"href":"https:\/\/wp.ull.es\/fpiem\/wp-json\/wp\/v2\/types\/page"}],"author":[{"embeddable":true,"href":"https:\/\/wp.ull.es\/fpiem\/wp-json\/wp\/v2\/users\/394"}],"replies":[{"embeddable":true,"href":"https:\/\/wp.ull.es\/fpiem\/wp-json\/wp\/v2\/comments?post=69"}],"version-history":[{"count":2,"href":"https:\/\/wp.ull.es\/fpiem\/wp-json\/wp\/v2\/pages\/69\/revisions"}],"predecessor-version":[{"id":813,"href":"https:\/\/wp.ull.es\/fpiem\/wp-json\/wp\/v2\/pages\/69\/revisions\/813"}],"wp:attachment":[{"href":"https:\/\/wp.ull.es\/fpiem\/wp-json\/wp\/v2\/media?parent=69"}],"curies":[{"name":"wp","href":"https:\/\/api.w.org\/{rel}","templated":true}]}}