{"id":54,"date":"2023-07-21T17:33:52","date_gmt":"2023-07-21T15:33:52","guid":{"rendered":"https:\/\/wp.ull.es\/fpiem\/?page_id=54"},"modified":"2026-03-26T19:06:52","modified_gmt":"2026-03-26T19:06:52","slug":"biblioteca","status":"publish","type":"page","link":"https:\/\/wp.ull.es\/fpiem\/biblioteca\/","title":{"rendered":"Biblioteca"},"content":{"rendered":"\n<p>Aqu\u00ed puede encontrar los n\u00fameros anteriores.<\/p>\n\n\n\n<p>Aqu\u00ed puede encontrar los n\u00fameros anteriores.<\/p>\n\n\n\n<div class=\"wp-block-columns is-layout-flex wp-container-core-columns-is-layout-9d6595d7 wp-block-columns-is-layout-flex\">\n<div class=\"wp-block-column is-layout-flow wp-block-column-is-layout-flow\">\n<figure class=\"wp-block-image size-full\"><img fetchpriority=\"high\" decoding=\"async\" width=\"736\" height=\"1024\" src=\"https:\/\/wp.ull.es\/fpiem\/wp-content\/uploads\/sites\/158\/2026\/03\/Portada-vol-17-1-pag.jpg\" alt=\"\" class=\"wp-image-1102\" srcset=\"https:\/\/wp.ull.es\/fpiem\/wp-content\/uploads\/sites\/158\/2026\/03\/Portada-vol-17-1-pag.jpg 736w, https:\/\/wp.ull.es\/fpiem\/wp-content\/uploads\/sites\/158\/2026\/03\/Portada-vol-17-1-pag-216x300.jpg 216w, https:\/\/wp.ull.es\/fpiem\/wp-content\/uploads\/sites\/158\/2026\/03\/Portada-vol-17-1-pag-100x139.jpg 100w, https:\/\/wp.ull.es\/fpiem\/wp-content\/uploads\/sites\/158\/2026\/03\/Portada-vol-17-1-pag-150x209.jpg 150w, https:\/\/wp.ull.es\/fpiem\/wp-content\/uploads\/sites\/158\/2026\/03\/Portada-vol-17-1-pag-200x278.jpg 200w, https:\/\/wp.ull.es\/fpiem\/wp-content\/uploads\/sites\/158\/2026\/03\/Portada-vol-17-1-pag-300x417.jpg 300w, https:\/\/wp.ull.es\/fpiem\/wp-content\/uploads\/sites\/158\/2026\/03\/Portada-vol-17-1-pag-450x626.jpg 450w, https:\/\/wp.ull.es\/fpiem\/wp-content\/uploads\/sites\/158\/2026\/03\/Portada-vol-17-1-pag-600x835.jpg 600w\" sizes=\"(max-width: 736px) 100vw, 736px\" \/><\/figure>\n<\/div>\n\n\n\n<div class=\"wp-block-column is-vertically-aligned-center is-layout-flow wp-block-column-is-layout-flow\"><\/div>\n\n\n\n<div class=\"wp-block-column is-layout-flow wp-block-column-is-layout-flow\">\n<figure class=\"wp-block-image size-full\"><a href=\"https:\/\/wp.ull.es\/fpiem\/numero-xvi\/\"><img decoding=\"async\" width=\"736\" height=\"1024\" src=\"https:\/\/wp.ull.es\/fpiem\/wp-content\/uploads\/sites\/158\/2024\/11\/u_Portada-vol-16-1-pagina.jpg\" alt=\"\" class=\"wp-image-1084\" srcset=\"https:\/\/wp.ull.es\/fpiem\/wp-content\/uploads\/sites\/158\/2024\/11\/u_Portada-vol-16-1-pagina.jpg 736w, https:\/\/wp.ull.es\/fpiem\/wp-content\/uploads\/sites\/158\/2024\/11\/u_Portada-vol-16-1-pagina-216x300.jpg 216w, https:\/\/wp.ull.es\/fpiem\/wp-content\/uploads\/sites\/158\/2024\/11\/u_Portada-vol-16-1-pagina-100x139.jpg 100w, https:\/\/wp.ull.es\/fpiem\/wp-content\/uploads\/sites\/158\/2024\/11\/u_Portada-vol-16-1-pagina-150x209.jpg 150w, https:\/\/wp.ull.es\/fpiem\/wp-content\/uploads\/sites\/158\/2024\/11\/u_Portada-vol-16-1-pagina-200x278.jpg 200w, https:\/\/wp.ull.es\/fpiem\/wp-content\/uploads\/sites\/158\/2024\/11\/u_Portada-vol-16-1-pagina-300x417.jpg 300w, https:\/\/wp.ull.es\/fpiem\/wp-content\/uploads\/sites\/158\/2024\/11\/u_Portada-vol-16-1-pagina-450x626.jpg 450w, https:\/\/wp.ull.es\/fpiem\/wp-content\/uploads\/sites\/158\/2024\/11\/u_Portada-vol-16-1-pagina-600x835.jpg 600w\" sizes=\"(max-width: 736px) 100vw, 736px\" \/><\/a><\/figure>\n<\/div>\n<\/div>\n\n\n\n<div class=\"wp-block-columns are-vertically-aligned-center is-layout-flex wp-container-core-columns-is-layout-9d6595d7 wp-block-columns-is-layout-flex\">\n<div class=\"wp-block-column is-vertically-aligned-center is-layout-flow wp-block-column-is-layout-flow\">\n<figure class=\"wp-block-image size-large\"><a href=\"https:\/\/wp.ull.es\/fpiem\/numero-xv\/\"><img decoding=\"async\" width=\"740\" height=\"1024\" src=\"https:\/\/wp.ull.es\/fpiem\/wp-content\/uploads\/sites\/158\/2023\/12\/Portada-vol-15-media-740x1024.jpg\" alt=\"\" class=\"wp-image-858\" \/><\/a><\/figure>\n<\/div>\n\n\n\n<div class=\"wp-block-column is-vertically-aligned-center is-layout-flow wp-block-column-is-layout-flow\">\n<figure class=\"wp-block-image aligncenter size-full\"><a href=\"https:\/\/wp.ull.es\/fpiem\/numero-xiv\/\"><img decoding=\"async\" src=\"https:\/\/wp.ull.es\/fpiem\/wp-content\/uploads\/sites\/158\/2023\/07\/portada-vol-XIV.jpg\" alt=\"\" class=\"wp-image-29\" \/><\/a><\/figure>\n<\/div>\n\n\n\n<div class=\"wp-block-column is-vertically-aligned-center is-layout-flow wp-block-column-is-layout-flow\">\n<figure class=\"wp-block-image aligncenter size-full\"><a href=\"https:\/\/wp.ull.es\/fpiem\/numero-xiii-2020\/\"><img loading=\"lazy\" decoding=\"async\" width=\"380\" height=\"536\" src=\"https:\/\/wp.ull.es\/fpiem\/wp-content\/uploads\/sites\/158\/2023\/07\/image.png\" alt=\"\" class=\"wp-image-97\" srcset=\"https:\/\/wp.ull.es\/fpiem\/wp-content\/uploads\/sites\/158\/2023\/07\/image.png 380w, https:\/\/wp.ull.es\/fpiem\/wp-content\/uploads\/sites\/158\/2023\/07\/image-213x300.png 213w\" sizes=\"(max-width: 380px) 100vw, 380px\" \/><\/a><\/figure>\n<\/div>\n<\/div>\n\n\n\n<div class=\"wp-block-columns is-layout-flex wp-container-core-columns-is-layout-9d6595d7 wp-block-columns-is-layout-flex\">\n<div class=\"wp-block-column is-layout-flow wp-block-column-is-layout-flow\">\n<figure class=\"wp-block-image size-full\"><img loading=\"lazy\" decoding=\"async\" width=\"464\" height=\"650\" src=\"https:\/\/wp.ull.es\/fpiem\/wp-content\/uploads\/sites\/158\/2023\/07\/vol12.jpg\" alt=\"\" class=\"wp-image-125\" srcset=\"https:\/\/wp.ull.es\/fpiem\/wp-content\/uploads\/sites\/158\/2023\/07\/vol12.jpg 464w, https:\/\/wp.ull.es\/fpiem\/wp-content\/uploads\/sites\/158\/2023\/07\/vol12-214x300.jpg 214w\" sizes=\"(max-width: 464px) 100vw, 464px\" \/><\/figure>\n<\/div>\n\n\n\n<div class=\"wp-block-column is-layout-flow wp-block-column-is-layout-flow\">\n<figure class=\"wp-block-image size-full\"><img loading=\"lazy\" decoding=\"async\" width=\"628\" height=\"880\" src=\"https:\/\/wp.ull.es\/fpiem\/wp-content\/uploads\/sites\/158\/2023\/07\/vol11.png\" alt=\"\" class=\"wp-image-124\" srcset=\"https:\/\/wp.ull.es\/fpiem\/wp-content\/uploads\/sites\/158\/2023\/07\/vol11.png 628w, https:\/\/wp.ull.es\/fpiem\/wp-content\/uploads\/sites\/158\/2023\/07\/vol11-214x300.png 214w\" sizes=\"(max-width: 628px) 100vw, 628px\" \/><\/figure>\n<\/div>\n\n\n\n<div class=\"wp-block-column is-layout-flow wp-block-column-is-layout-flow\">\n<figure class=\"wp-block-image size-full\"><a href=\"https:\/\/wp.ull.es\/fpiem\/numero-x-2010\/\"><img loading=\"lazy\" decoding=\"async\" width=\"590\" height=\"834\" src=\"https:\/\/wp.ull.es\/fpiem\/wp-content\/uploads\/sites\/158\/2023\/07\/vol10.jpg\" alt=\"\" class=\"wp-image-123\" srcset=\"https:\/\/wp.ull.es\/fpiem\/wp-content\/uploads\/sites\/158\/2023\/07\/vol10.jpg 590w, https:\/\/wp.ull.es\/fpiem\/wp-content\/uploads\/sites\/158\/2023\/07\/vol10-212x300.jpg 212w\" sizes=\"(max-width: 590px) 100vw, 590px\" \/><\/a><\/figure>\n<\/div>\n<\/div>\n\n\n\n<div class=\"wp-block-columns is-layout-flex wp-container-core-columns-is-layout-9d6595d7 wp-block-columns-is-layout-flex\">\n<div class=\"wp-block-column is-layout-flow wp-block-column-is-layout-flow\">\n<figure class=\"wp-block-image size-full\"><img loading=\"lazy\" decoding=\"async\" width=\"421\" height=\"600\" src=\"https:\/\/wp.ull.es\/fpiem\/wp-content\/uploads\/sites\/158\/2023\/07\/vol09.jpg\" alt=\"\" class=\"wp-image-122\" srcset=\"https:\/\/wp.ull.es\/fpiem\/wp-content\/uploads\/sites\/158\/2023\/07\/vol09.jpg 421w, https:\/\/wp.ull.es\/fpiem\/wp-content\/uploads\/sites\/158\/2023\/07\/vol09-211x300.jpg 211w\" sizes=\"(max-width: 421px) 100vw, 421px\" \/><\/figure>\n<\/div>\n\n\n\n<div class=\"wp-block-column is-layout-flow wp-block-column-is-layout-flow\">\n<figure class=\"wp-block-image size-full\"><a href=\"https:\/\/wp.ull.es\/fpiem\/numero-viii-2007\/\"><img loading=\"lazy\" decoding=\"async\" width=\"424\" height=\"600\" src=\"https:\/\/wp.ull.es\/fpiem\/wp-content\/uploads\/sites\/158\/2023\/07\/vol08.jpg\" alt=\"\" class=\"wp-image-121\" srcset=\"https:\/\/wp.ull.es\/fpiem\/wp-content\/uploads\/sites\/158\/2023\/07\/vol08.jpg 424w, https:\/\/wp.ull.es\/fpiem\/wp-content\/uploads\/sites\/158\/2023\/07\/vol08-212x300.jpg 212w\" sizes=\"(max-width: 424px) 100vw, 424px\" \/><\/a><\/figure>\n<\/div>\n\n\n\n<div class=\"wp-block-column is-layout-flow wp-block-column-is-layout-flow\">\n<figure class=\"wp-block-image size-full\"><a href=\"https:\/\/wp.ull.es\/fpiem\/numero-vii-2005\/\"><img loading=\"lazy\" decoding=\"async\" width=\"424\" height=\"600\" src=\"https:\/\/wp.ull.es\/fpiem\/wp-content\/uploads\/sites\/158\/2023\/07\/vol07.jpg\" alt=\"\" class=\"wp-image-120\" srcset=\"https:\/\/wp.ull.es\/fpiem\/wp-content\/uploads\/sites\/158\/2023\/07\/vol07.jpg 424w, https:\/\/wp.ull.es\/fpiem\/wp-content\/uploads\/sites\/158\/2023\/07\/vol07-212x300.jpg 212w\" sizes=\"(max-width: 424px) 100vw, 424px\" \/><\/a><\/figure>\n<\/div>\n<\/div>\n\n\n\n<div class=\"wp-block-columns is-layout-flex wp-container-core-columns-is-layout-9d6595d7 wp-block-columns-is-layout-flex\">\n<div class=\"wp-block-column is-layout-flow wp-block-column-is-layout-flow\">\n<figure class=\"wp-block-image size-full\"><a href=\"https:\/\/wp.ull.es\/fpiem\/numero-vi-2004\/\"><img loading=\"lazy\" decoding=\"async\" width=\"424\" height=\"600\" src=\"https:\/\/wp.ull.es\/fpiem\/wp-content\/uploads\/sites\/158\/2023\/07\/vol06.jpg\" alt=\"\" class=\"wp-image-119\" srcset=\"https:\/\/wp.ull.es\/fpiem\/wp-content\/uploads\/sites\/158\/2023\/07\/vol06.jpg 424w, https:\/\/wp.ull.es\/fpiem\/wp-content\/uploads\/sites\/158\/2023\/07\/vol06-212x300.jpg 212w\" sizes=\"(max-width: 424px) 100vw, 424px\" \/><\/a><\/figure>\n<\/div>\n\n\n\n<div class=\"wp-block-column is-layout-flow wp-block-column-is-layout-flow\">\n<figure class=\"wp-block-image size-full\"><a href=\"https:\/\/wp.ull.es\/fpiem\/numero-v-2003\/\"><img loading=\"lazy\" decoding=\"async\" width=\"552\" height=\"784\" src=\"https:\/\/wp.ull.es\/fpiem\/wp-content\/uploads\/sites\/158\/2023\/07\/vol05.png\" alt=\"\" class=\"wp-image-118\" srcset=\"https:\/\/wp.ull.es\/fpiem\/wp-content\/uploads\/sites\/158\/2023\/07\/vol05.png 552w, https:\/\/wp.ull.es\/fpiem\/wp-content\/uploads\/sites\/158\/2023\/07\/vol05-211x300.png 211w\" sizes=\"(max-width: 552px) 100vw, 552px\" \/><\/a><\/figure>\n<\/div>\n\n\n\n<div class=\"wp-block-column is-layout-flow wp-block-column-is-layout-flow\">\n<figure class=\"wp-block-image size-full\"><a href=\"https:\/\/wp.ull.es\/fpiem\/numero-iv-2002\/\"><img loading=\"lazy\" decoding=\"async\" width=\"682\" height=\"964\" src=\"https:\/\/wp.ull.es\/fpiem\/wp-content\/uploads\/sites\/158\/2023\/07\/vol04.jpg\" alt=\"\" class=\"wp-image-117\" srcset=\"https:\/\/wp.ull.es\/fpiem\/wp-content\/uploads\/sites\/158\/2023\/07\/vol04.jpg 682w, https:\/\/wp.ull.es\/fpiem\/wp-content\/uploads\/sites\/158\/2023\/07\/vol04-212x300.jpg 212w\" sizes=\"(max-width: 682px) 100vw, 682px\" \/><\/a><\/figure>\n<\/div>\n<\/div>\n\n\n\n<div class=\"wp-block-columns is-layout-flex wp-container-core-columns-is-layout-9d6595d7 wp-block-columns-is-layout-flex\">\n<div class=\"wp-block-column is-layout-flow wp-block-column-is-layout-flow\">\n<figure class=\"wp-block-image size-full\"><a href=\"https:\/\/wp.ull.es\/fpiem\/numero-iii-2001\/\"><img loading=\"lazy\" decoding=\"async\" width=\"416\" height=\"590\" src=\"https:\/\/wp.ull.es\/fpiem\/wp-content\/uploads\/sites\/158\/2023\/07\/vol03.jpg\" alt=\"\" class=\"wp-image-116\" srcset=\"https:\/\/wp.ull.es\/fpiem\/wp-content\/uploads\/sites\/158\/2023\/07\/vol03.jpg 416w, https:\/\/wp.ull.es\/fpiem\/wp-content\/uploads\/sites\/158\/2023\/07\/vol03-212x300.jpg 212w\" sizes=\"(max-width: 416px) 100vw, 416px\" \/><\/a><\/figure>\n<\/div>\n\n\n\n<div class=\"wp-block-column is-layout-flow wp-block-column-is-layout-flow\">\n<figure class=\"wp-block-image size-full\"><img loading=\"lazy\" decoding=\"async\" width=\"672\" height=\"950\" src=\"https:\/\/wp.ull.es\/fpiem\/wp-content\/uploads\/sites\/158\/2023\/07\/vol02.png\" alt=\"\" class=\"wp-image-115\" srcset=\"https:\/\/wp.ull.es\/fpiem\/wp-content\/uploads\/sites\/158\/2023\/07\/vol02.png 672w, https:\/\/wp.ull.es\/fpiem\/wp-content\/uploads\/sites\/158\/2023\/07\/vol02-212x300.png 212w\" sizes=\"(max-width: 672px) 100vw, 672px\" \/><\/figure>\n<\/div>\n\n\n\n<div class=\"wp-block-column is-layout-flow wp-block-column-is-layout-flow\">\n<figure class=\"wp-block-image size-full\"><a href=\"https:\/\/wp.ull.es\/fpiem\/numero-i-1999\/\"><img loading=\"lazy\" decoding=\"async\" width=\"672\" height=\"954\" src=\"https:\/\/wp.ull.es\/fpiem\/wp-content\/uploads\/sites\/158\/2023\/07\/vol01.png\" alt=\"\" class=\"wp-image-114\" srcset=\"https:\/\/wp.ull.es\/fpiem\/wp-content\/uploads\/sites\/158\/2023\/07\/vol01.png 672w, https:\/\/wp.ull.es\/fpiem\/wp-content\/uploads\/sites\/158\/2023\/07\/vol01-211x300.png 211w\" sizes=\"(max-width: 672px) 100vw, 672px\" \/><\/a><\/figure>\n<\/div>\n<\/div>\n","protected":false},"excerpt":{"rendered":"<p>Aqu\u00ed puede encontrar los n\u00fameros anteriores. Aqu\u00ed puede encontrar los n\u00fameros anteriores.<\/p>\n","protected":false},"author":394,"featured_media":0,"parent":0,"menu_order":0,"comment_status":"closed","ping_status":"closed","template":"","meta":{"footnotes":""},"class_list":["post-54","page","type-page","status-publish","hentry"],"_links":{"self":[{"href":"https:\/\/wp.ull.es\/fpiem\/wp-json\/wp\/v2\/pages\/54","targetHints":{"allow":["GET"]}}],"collection":[{"href":"https:\/\/wp.ull.es\/fpiem\/wp-json\/wp\/v2\/pages"}],"about":[{"href":"https:\/\/wp.ull.es\/fpiem\/wp-json\/wp\/v2\/types\/page"}],"author":[{"embeddable":true,"href":"https:\/\/wp.ull.es\/fpiem\/wp-json\/wp\/v2\/users\/394"}],"replies":[{"embeddable":true,"href":"https:\/\/wp.ull.es\/fpiem\/wp-json\/wp\/v2\/comments?post=54"}],"version-history":[{"count":2,"href":"https:\/\/wp.ull.es\/fpiem\/wp-json\/wp\/v2\/pages\/54\/revisions"}],"predecessor-version":[{"id":1106,"href":"https:\/\/wp.ull.es\/fpiem\/wp-json\/wp\/v2\/pages\/54\/revisions\/1106"}],"wp:attachment":[{"href":"https:\/\/wp.ull.es\/fpiem\/wp-json\/wp\/v2\/media?parent=54"}],"curies":[{"name":"wp","href":"https:\/\/api.w.org\/{rel}","templated":true}]}}