{"id":51,"date":"2023-07-21T17:31:14","date_gmt":"2023-07-21T15:31:14","guid":{"rendered":"https:\/\/wp.ull.es\/fpiem\/?page_id=51"},"modified":"2024-11-24T02:27:47","modified_gmt":"2024-11-24T02:27:47","slug":"para-autores","status":"publish","type":"page","link":"https:\/\/wp.ull.es\/fpiem\/para-autores\/","title":{"rendered":"Para Autores"},"content":{"rendered":"\n<p>Aqu\u00ed se recogen las instrucciones para autores que quieren enviar un art\u00edculo a la revista.<\/p>\n\n\n\n<figure class=\"wp-block-image aligncenter size-large is-resized\"><img decoding=\"async\" src=\"https:\/\/catholic-link.com\/wp-content\/uploads\/2015\/01\/EnviarArticulo.jpg\" alt=\"\" style=\"width:500px;height:357px\" \/><\/figure>\n\n\n\n<h2 class=\"wp-block-heading\">Plantilla<\/h2>\n\n\n\n<p>Aqu\u00ed dispone de la plantilla que se utilizar\u00e1 para el env\u00edo de trabajos. Tiene estilos predise\u00f1ados que se aconseja no modificar.<\/p>\n\n\n\n<div class=\"wp-block-buttons is-content-justification-center is-layout-flex wp-container-core-buttons-is-layout-16018d1d wp-block-buttons-is-layout-flex\">\n<div class=\"wp-block-button\"><a class=\"wp-block-button__link has-button-hover-color-background-color has-background wp-element-button\" href=\"https:\/\/wp.ull.es\/fpiem\/wp-content\/uploads\/sites\/158\/2024\/11\/Plantilla-FPIEM-2025-Vol-XVII.docx\" target=\"_blank\" rel=\"noreferrer noopener\">Descargue la plantilla &gt;&gt;&gt;<\/a><\/div>\n<\/div>\n\n\n\n<h2 class=\"wp-block-heading\">Formulario para env\u00edo de trabajos:<\/h2>\n\n\n\n<div class=\"wp-block-buttons is-content-justification-center is-layout-flex wp-container-core-buttons-is-layout-16018d1d wp-block-buttons-is-layout-flex\">\n<div class=\"wp-block-button\"><a class=\"wp-block-button__link has-background wp-element-button\" href=\"https:\/\/forms.gle\/dJuZLVvBDeYSLRd79\" style=\"background-color:#00a329\"><strong>Ir al Formulario de Env\u00edo &gt;&gt;&gt; <\/strong><\/a><\/div>\n<\/div>\n","protected":false},"excerpt":{"rendered":"<p>Aqu\u00ed se recogen las instrucciones para autores que quieren enviar un art\u00edculo a la revista. Plantilla Aqu\u00ed dispone de la plantilla que se utilizar\u00e1 para el env\u00edo de trabajos. Tiene estilos predise\u00f1ados que se aconseja no modificar. Formulario para env\u00edo &hellip;<\/p>\n<p class=\"read-more\"> <a class=\"more-link\" href=\"https:\/\/wp.ull.es\/fpiem\/para-autores\/\"> <span class=\"screen-reader-text\">Para Autores<\/span> Leer m\u00e1s \u00bb<\/a><\/p>\n","protected":false},"author":394,"featured_media":0,"parent":0,"menu_order":0,"comment_status":"closed","ping_status":"closed","template":"","meta":{"footnotes":""},"class_list":["post-51","page","type-page","status-publish","hentry"],"_links":{"self":[{"href":"https:\/\/wp.ull.es\/fpiem\/wp-json\/wp\/v2\/pages\/51","targetHints":{"allow":["GET"]}}],"collection":[{"href":"https:\/\/wp.ull.es\/fpiem\/wp-json\/wp\/v2\/pages"}],"about":[{"href":"https:\/\/wp.ull.es\/fpiem\/wp-json\/wp\/v2\/types\/page"}],"author":[{"embeddable":true,"href":"https:\/\/wp.ull.es\/fpiem\/wp-json\/wp\/v2\/users\/394"}],"replies":[{"embeddable":true,"href":"https:\/\/wp.ull.es\/fpiem\/wp-json\/wp\/v2\/comments?post=51"}],"version-history":[{"count":2,"href":"https:\/\/wp.ull.es\/fpiem\/wp-json\/wp\/v2\/pages\/51\/revisions"}],"predecessor-version":[{"id":1018,"href":"https:\/\/wp.ull.es\/fpiem\/wp-json\/wp\/v2\/pages\/51\/revisions\/1018"}],"wp:attachment":[{"href":"https:\/\/wp.ull.es\/fpiem\/wp-json\/wp\/v2\/media?parent=51"}],"curies":[{"name":"wp","href":"https:\/\/api.w.org\/{rel}","templated":true}]}}