{"id":415,"date":"2023-07-24T12:40:14","date_gmt":"2023-07-24T11:40:14","guid":{"rendered":"https:\/\/wp.ull.es\/fpiem\/?page_id=415"},"modified":"2024-06-04T17:57:48","modified_gmt":"2024-06-04T16:57:48","slug":"numero-i-1999","status":"publish","type":"page","link":"https:\/\/wp.ull.es\/fpiem\/numero-i-1999\/","title":{"rendered":"N\u00famero I &#8211; 1999"},"content":{"rendered":"\n<figure class=\"wp-block-image aligncenter size-full is-resized\"><img fetchpriority=\"high\" decoding=\"async\" width=\"672\" height=\"954\" src=\"https:\/\/wp.ull.es\/fpiem\/wp-content\/uploads\/sites\/158\/2023\/07\/vol01.png\" alt=\"\" class=\"wp-image-114\" style=\"width:336px;height:477px\" srcset=\"https:\/\/wp.ull.es\/fpiem\/wp-content\/uploads\/sites\/158\/2023\/07\/vol01.png 672w, https:\/\/wp.ull.es\/fpiem\/wp-content\/uploads\/sites\/158\/2023\/07\/vol01-211x300.png 211w\" sizes=\"(max-width: 672px) 100vw, 672px\" \/><\/figure>\n\n\n\n<div class=\"wp-block-columns is-layout-flex wp-container-core-columns-is-layout-9d6595d7 wp-block-columns-is-layout-flex\">\n<div class=\"wp-block-column has-black-color has-vivid-cyan-blue-background-color has-text-color has-background is-layout-flow wp-block-column-is-layout-flow\" style=\"font-style:normal;font-weight:700\">\n<p class=\"has-text-align-center has-black-color has-text-color\"><a href=\"https:\/\/wp.ull.es\/fpiem\/wp-content\/uploads\/sites\/158\/2023\/07\/01_0a-Indice-Vol-I.pdf\" data-type=\"attachment\" data-id=\"413\">\u00cdndice<\/a><\/p>\n<\/div>\n\n\n\n<div class=\"wp-block-column has-black-color has-vivid-cyan-blue-background-color has-text-color has-background is-layout-flow wp-block-column-is-layout-flow\" style=\"font-style:normal;font-weight:700\">\n<p class=\"has-text-align-center has-black-color has-text-color\"><a href=\"https:\/\/wp.ull.es\/fpiem\/wp-content\/uploads\/sites\/158\/2023\/07\/01_0b-presentacion.pdf\" data-type=\"attachment\" data-id=\"328\">Presentaci\u00f3n<\/a><\/p>\n<\/div>\n<\/div>\n\n\n\n<h2 class=\"wp-block-heading\"><em>Art\u00edculos:<\/em><\/h2>\n\n\n\n<p class=\"has-black-color has-vivid-cyan-blue-background-color has-text-color has-background\" style=\"font-style:normal;font-weight:700\"><a href=\"https:\/\/wp.ull.es\/fpiem\/wp-content\/uploads\/sites\/158\/2023\/07\/01_01-socas-el-papel.pdf\" data-type=\"attachment\" data-id=\"329\">1.- El papel de los materiales concretos con fines did\u00e1cticos en las clase de matem\u00e1ticas.<\/a> (Socas, M. M.)<\/p>\n\n\n\n<p class=\"has-black-color has-vivid-cyan-blue-background-color has-text-color has-background\" style=\"font-style:normal;font-weight:700\"><a href=\"https:\/\/wp.ull.es\/fpiem\/wp-content\/uploads\/sites\/158\/2023\/07\/01_02-martel-la-ecuacion.pdf\" data-type=\"attachment\" data-id=\"330\">2.- La ecuaci\u00f3n de segundo grado a trav\u00e9s de la historia. <\/a>(Martel, J.)<\/p>\n\n\n\n<p class=\"has-black-color has-vivid-cyan-blue-background-color has-text-color has-background\" style=\"font-style:normal;font-weight:700\"><a href=\"https:\/\/wp.ull.es\/fpiem\/wp-content\/uploads\/sites\/158\/2023\/07\/01_03-moreno-modelos.pdf\" data-type=\"attachment\" data-id=\"331\">3.- Modelos visuales en una clase de Matem\u00e1ticas.<\/a> (Martel, M\u00aa D.)<\/p>\n\n\n\n<p class=\"has-black-color has-vivid-cyan-blue-background-color has-text-color has-background\" style=\"font-style:normal;font-weight:700\"><a href=\"https:\/\/wp.ull.es\/fpiem\/wp-content\/uploads\/sites\/158\/2023\/07\/01_04-afonso-camacho-socas-la-ensenanza.pdf\" data-type=\"attachment\" data-id=\"332\">4.- La ense\u00f1anza de la Unidad de aprendizaje \u201c\u00c1ngulo\u201d desde la teor\u00eda de los Van Hiele.<\/a> (Afonso, M\u00aa. C.; Camacho, M. y Socas, M. M.)<\/p>\n\n\n\n<p class=\"has-black-color has-vivid-cyan-blue-background-color has-text-color has-background\" style=\"font-style:normal;font-weight:700\"><a href=\"https:\/\/wp.ull.es\/fpiem\/wp-content\/uploads\/sites\/158\/2023\/07\/01_05-espinel-resena.pdf\" data-type=\"attachment\" data-id=\"333\">5.- Rese\u00f1a y presentaci\u00f3n del material \u00abMatem\u00e1ticas para nuestro tiempo\u00bb. <\/a>(Espinel, M\u00aa.C.)<\/p>\n\n\n\n<p class=\"has-black-color has-vivid-cyan-blue-background-color has-text-color has-background\" style=\"font-style:normal;font-weight:700\"><a href=\"https:\/\/wp.ull.es\/fpiem\/wp-content\/uploads\/sites\/158\/2023\/07\/01_06-morales-geometria.pdf\" data-type=\"attachment\" data-id=\"334\">6.- Geometr\u00eda elemental y realidad. Propuesta de actividades.<\/a> (Morales, A.)<\/p>\n\n\n\n<p class=\"has-black-color has-vivid-cyan-blue-background-color has-text-color has-background\" style=\"font-style:normal;font-weight:700\"><a href=\"https:\/\/wp.ull.es\/fpiem\/wp-content\/uploads\/sites\/158\/2023\/07\/01_07-hernandez-socas-las-actitudes.pdf\" data-type=\"attachment\" data-id=\"335\">7.- Las actitudes de los alumnos hacia las matem\u00e1ticas. el papel de los materiales did\u00e1cticos. <\/a>(Hern\u00e1ndez, J.; Socas, M. M.)<\/p>\n\n\n\n<p class=\"has-black-color has-vivid-cyan-blue-background-color has-text-color has-background\" style=\"font-style:normal;font-weight:700\"><a href=\"https:\/\/wp.ull.es\/fpiem\/wp-content\/uploads\/sites\/158\/2023\/07\/01_08-carrion-El-trabajo.pdf\" data-type=\"attachment\" data-id=\"336\">8.- El trabajo de investigaci\u00f3n sobre las matem\u00e1ticas en la vida cotidiana: una propuesta did\u00e1ctica para la ense\u00f1anza de las matem\u00e1ticas.<\/a> (Carri\u00f3n, J. C.)<\/p>\n\n\n\n<p class=\"has-black-color has-vivid-cyan-blue-background-color has-text-color has-background\" style=\"font-style:normal;font-weight:700\"><a href=\"https:\/\/wp.ull.es\/fpiem\/wp-content\/uploads\/sites\/158\/2023\/07\/01_09-plasencia-dorta-espinel-reflexiones.pdf\" data-type=\"attachment\" data-id=\"337\">9.- Reflexiones sobre un alumno visualizador.<\/a> (Plasencia, I. C.; Dorta, J. A.; Espinel, M\u00b0. C.)<\/p>\n\n\n\n<p class=\"has-black-color has-vivid-cyan-blue-background-color has-text-color has-background\" style=\"font-style:normal;font-weight:700\"><a href=\"https:\/\/wp.ull.es\/fpiem\/wp-content\/uploads\/sites\/158\/2023\/07\/01_10-palarea-socas-la-adquisicion.pdf\" data-type=\"attachment\" data-id=\"338\">10.- La adquisici\u00f3n del lenguaje algebraico. Elementos organizadores de una investigaci\u00f3n. <\/a>(Palarea, M\u00b0 M.; Socas, M. M.)<\/p>\n\n\n\n<p class=\"has-black-color has-vivid-cyan-blue-background-color has-text-color has-background\" style=\"font-style:normal;font-weight:700\"><a href=\"https:\/\/wp.ull.es\/fpiem\/wp-content\/uploads\/sites\/158\/2023\/07\/01_11-camacho-La-ensenanza.pdf\" data-type=\"attachment\" data-id=\"339\">11.- La ense\u00f1anza de la geometr\u00eda en secundaria utilizando entornos de Geometr\u00eda Din\u00e1mica (EGD). Algunas investigaciones.<\/a> (Camacho, M.)<\/p>\n\n\n\n<p class=\"has-black-color has-vivid-cyan-blue-background-color has-text-color has-background\" style=\"font-style:normal;font-weight:700\"><a href=\"https:\/\/wp.ull.es\/fpiem\/wp-content\/uploads\/sites\/158\/2024\/06\/01_12_Noda-Gonzalez-y-Socas.pdf\" data-type=\"attachment\" data-id=\"928\">12.- Problemas de encontrar bien y mal definidos. Una propuesta de caracterizaci\u00f3n.<\/a> (Noda, A.; Hern\u00e1ndez, J. y Socas, M. M.)<\/p>\n\n\n\n<div class=\"wp-block-buttons is-layout-flex wp-block-buttons-is-layout-flex\">\n<div class=\"wp-block-button\"><a class=\"wp-block-button__link has-black-color has-luminous-vivid-amber-background-color has-text-color has-background wp-element-button\" href=\"https:\/\/wp.ull.es\/fpiem\/\"><strong>&lt;&lt;&lt; Volver al inicio<\/strong><\/a><\/div>\n<\/div>\n","protected":false},"excerpt":{"rendered":"<p>\u00cdndice Presentaci\u00f3n Art\u00edculos: 1.- El papel de los materiales concretos con fines did\u00e1cticos en las clase de matem\u00e1ticas. (Socas, M. M.) 2.- La ecuaci\u00f3n de segundo grado a trav\u00e9s de la historia. (Martel, J.) 3.- Modelos visuales en una clase &hellip;<\/p>\n<p class=\"read-more\"> <a class=\"more-link\" href=\"https:\/\/wp.ull.es\/fpiem\/numero-i-1999\/\"> <span class=\"screen-reader-text\">N\u00famero I &#8211; 1999<\/span> Leer m\u00e1s \u00bb<\/a><\/p>\n","protected":false},"author":394,"featured_media":0,"parent":0,"menu_order":0,"comment_status":"closed","ping_status":"closed","template":"","meta":{"footnotes":""},"class_list":["post-415","page","type-page","status-publish","hentry"],"_links":{"self":[{"href":"https:\/\/wp.ull.es\/fpiem\/wp-json\/wp\/v2\/pages\/415","targetHints":{"allow":["GET"]}}],"collection":[{"href":"https:\/\/wp.ull.es\/fpiem\/wp-json\/wp\/v2\/pages"}],"about":[{"href":"https:\/\/wp.ull.es\/fpiem\/wp-json\/wp\/v2\/types\/page"}],"author":[{"embeddable":true,"href":"https:\/\/wp.ull.es\/fpiem\/wp-json\/wp\/v2\/users\/394"}],"replies":[{"embeddable":true,"href":"https:\/\/wp.ull.es\/fpiem\/wp-json\/wp\/v2\/comments?post=415"}],"version-history":[{"count":1,"href":"https:\/\/wp.ull.es\/fpiem\/wp-json\/wp\/v2\/pages\/415\/revisions"}],"predecessor-version":[{"id":929,"href":"https:\/\/wp.ull.es\/fpiem\/wp-json\/wp\/v2\/pages\/415\/revisions\/929"}],"wp:attachment":[{"href":"https:\/\/wp.ull.es\/fpiem\/wp-json\/wp\/v2\/media?parent=415"}],"curies":[{"name":"wp","href":"https:\/\/api.w.org\/{rel}","templated":true}]}}