{"id":356,"date":"2023-07-24T01:07:53","date_gmt":"2023-07-23T23:07:53","guid":{"rendered":"https:\/\/wp.ull.es\/fpiem\/?page_id=356"},"modified":"2023-07-30T01:08:15","modified_gmt":"2023-07-30T00:08:15","slug":"numero-x-2010","status":"publish","type":"page","link":"https:\/\/wp.ull.es\/fpiem\/numero-x-2010\/","title":{"rendered":"N\u00famero X &#8211; 2010"},"content":{"rendered":"\n<figure class=\"wp-block-image aligncenter size-full is-resized\"><img fetchpriority=\"high\" decoding=\"async\" src=\"https:\/\/wp.ull.es\/fpiem\/wp-content\/uploads\/sites\/158\/2023\/07\/vol10.jpg\" alt=\"\" class=\"wp-image-123\" width=\"295\" height=\"417\" srcset=\"https:\/\/wp.ull.es\/fpiem\/wp-content\/uploads\/sites\/158\/2023\/07\/vol10.jpg 590w, https:\/\/wp.ull.es\/fpiem\/wp-content\/uploads\/sites\/158\/2023\/07\/vol10-212x300.jpg 212w\" sizes=\"(max-width: 295px) 100vw, 295px\" \/><\/figure>\n\n\n\n<div class=\"wp-block-columns is-layout-flex wp-container-core-columns-is-layout-9d6595d7 wp-block-columns-is-layout-flex\">\n<div class=\"wp-block-column has-white-color has-luminous-vivid-amber-to-luminous-vivid-orange-gradient-background has-text-color has-background is-layout-flow wp-block-column-is-layout-flow\" style=\"font-style:normal;font-weight:700\">\n<p class=\"has-text-align-center\"><strong><a href=\"https:\/\/wp.ull.es\/fpiem\/wp-content\/uploads\/sites\/158\/2023\/07\/10_0a-indice.pdf\" data-type=\"attachment\" data-id=\"357\">\u00cdndice<\/a><\/strong><\/p>\n<\/div>\n\n\n\n<div class=\"wp-block-column has-white-color has-luminous-vivid-amber-to-luminous-vivid-orange-gradient-background has-text-color has-background is-layout-flow wp-block-column-is-layout-flow\" style=\"font-style:normal;font-weight:700\">\n<p class=\"has-text-align-center\"><strong><a href=\"https:\/\/wp.ull.es\/fpiem\/wp-content\/uploads\/sites\/158\/2023\/07\/10_0b-presentacion.pdf\" data-type=\"attachment\" data-id=\"358\">Presentaci\u00f3n<\/a><\/strong><\/p>\n<\/div>\n<\/div>\n\n\n\n<h2 class=\"wp-block-heading\"><em>Art\u00edculos:<\/em><\/h2>\n\n\n\n<p class=\"has-responsive-container-background-color-color has-luminous-vivid-amber-to-luminous-vivid-orange-gradient-background has-text-color has-background\" style=\"font-style:normal;font-weight:700\"><a href=\"https:\/\/wp.ull.es\/fpiem\/2023\/07\/29\/10_01-competencia-matematica-formal-un-ejemplo-el-algebra-escolar\/\" data-type=\"post\" data-id=\"727\">1. Competencia matem\u00e1tica formal. Un ejemplo: el \u00c1lgebra escolar.<\/a> (Socas, M. M.)<\/p>\n\n\n\n<p class=\"has-responsive-container-background-color-color has-luminous-vivid-amber-to-luminous-vivid-orange-gradient-background has-text-color has-background\" style=\"font-style:normal;font-weight:700\"><a href=\"https:\/\/wp.ull.es\/fpiem\/2023\/07\/30\/10_02-la-concepcion-de-derivada-de-una-funcion-en-primer-curso-de-universidad\/\" data-type=\"post\" data-id=\"740\">2. La concepci\u00f3n de derivada de una funci\u00f3n en primer curso de Universidad.<\/a> (Camacho, M.; Perdomo, J.; Santos, M.)<\/p>\n\n\n\n<p class=\"has-responsive-container-background-color-color has-luminous-vivid-amber-to-luminous-vivid-orange-gradient-background has-text-color has-background\" style=\"font-style:normal;font-weight:700\"><a href=\"https:\/\/wp.ull.es\/fpiem\/2023\/07\/30\/10_03-lenguaje-estadistico-una-propuesta-didactica\/\" data-type=\"post\" data-id=\"733\">3. Lenguaje estad\u00edstico. Una propuesta did\u00e1ctica.<\/a> (Garc\u00eda, I.; Garc\u00eda, J.A.)<\/p>\n\n\n\n<p class=\"has-responsive-container-background-color-color has-luminous-vivid-amber-to-luminous-vivid-orange-gradient-background has-text-color has-background\" style=\"font-style:normal;font-weight:700\"><a href=\"https:\/\/wp.ull.es\/fpiem\/2023\/07\/30\/10_04-guia-docente-de-matematicas-y-su-didactica-i-gradode-maestro-en-educacion-primaria\/\" data-type=\"post\" data-id=\"735\">4. Gu\u00eda docente de Matem\u00e1ticas y su Did\u00e1ctica I (Grado de Maestro en Educaci\u00f3n Primaria). <\/a>(Hern\u00e1ndez, V. M.; Morales, A.)<\/p>\n\n\n\n<p class=\"has-responsive-container-background-color-color has-luminous-vivid-amber-to-luminous-vivid-orange-gradient-background has-text-color has-background\" style=\"font-style:normal;font-weight:700\"><a href=\"https:\/\/wp.ull.es\/fpiem\/2023\/07\/30\/10_05-la-programacion-por-competencias-en-la-clase-de-matematicas-un-ejemplo-los-numeros-enteros-en-2o-de-la-eso\/\" data-type=\"post\" data-id=\"742\">5. La programaci\u00f3n por Competencias en la clase de Matem\u00e1ticas. Un ejemplo: los n\u00fameros enteros en 2\u00ba de la ESO.<\/a> (Hern\u00e1ndez, J.; Mu\u00f1oz, M\u00aa; Palarea, M\u00aa M.; Ruano, R.; Socas, M. M.)<\/p>\n\n\n\n<p class=\"has-responsive-container-background-color-color has-luminous-vivid-amber-to-luminous-vivid-orange-gradient-background has-text-color has-background\" style=\"font-style:normal;font-weight:700\"><a href=\"https:\/\/wp.ull.es\/fpiem\/2023\/07\/30\/10_06-interpretacion-y-analisis-de-los-resultados-obtenidos-antes-y-despues-de-un-programa-de-formacion-sobre-el-concepto-de-numero-decimal\/\" data-type=\"post\" data-id=\"745\">6. Interpretaci\u00f3n y an\u00e1lisis de los resultados obtenidos antes y despu\u00e9s de un programa de formaci\u00f3n sobre el concepto de n\u00famero decimal.<\/a> (Moreno, M\u00aa D.; Hern\u00e1ndez, V. M.; Socas, M. M.)<\/p>\n\n\n\n<div class=\"wp-block-buttons is-layout-flex wp-block-buttons-is-layout-flex\">\n<div class=\"wp-block-button\"><a class=\"wp-block-button__link has-black-color has-luminous-vivid-amber-background-color has-text-color has-background wp-element-button\" href=\"https:\/\/wp.ull.es\/fpiem\/\"><strong>&lt;&lt;&lt; Volver al inicio<\/strong><\/a><\/div>\n<\/div>\n\n\n\n<p><\/p>\n","protected":false},"excerpt":{"rendered":"<p>\u00cdndice Presentaci\u00f3n Art\u00edculos: 1. Competencia matem\u00e1tica formal. Un ejemplo: el \u00c1lgebra escolar. (Socas, M. M.) 2. La concepci\u00f3n de derivada de una funci\u00f3n en primer curso de Universidad. (Camacho, M.; Perdomo, J.; Santos, M.) 3. Lenguaje estad\u00edstico. Una propuesta did\u00e1ctica. &hellip;<\/p>\n<p class=\"read-more\"> <a class=\"more-link\" href=\"https:\/\/wp.ull.es\/fpiem\/numero-x-2010\/\"> <span class=\"screen-reader-text\">N\u00famero X &#8211; 2010<\/span> Leer m\u00e1s \u00bb<\/a><\/p>\n","protected":false},"author":394,"featured_media":0,"parent":0,"menu_order":0,"comment_status":"closed","ping_status":"closed","template":"","meta":{"footnotes":""},"class_list":["post-356","page","type-page","status-publish","hentry"],"_links":{"self":[{"href":"https:\/\/wp.ull.es\/fpiem\/wp-json\/wp\/v2\/pages\/356","targetHints":{"allow":["GET"]}}],"collection":[{"href":"https:\/\/wp.ull.es\/fpiem\/wp-json\/wp\/v2\/pages"}],"about":[{"href":"https:\/\/wp.ull.es\/fpiem\/wp-json\/wp\/v2\/types\/page"}],"author":[{"embeddable":true,"href":"https:\/\/wp.ull.es\/fpiem\/wp-json\/wp\/v2\/users\/394"}],"replies":[{"embeddable":true,"href":"https:\/\/wp.ull.es\/fpiem\/wp-json\/wp\/v2\/comments?post=356"}],"version-history":[{"count":1,"href":"https:\/\/wp.ull.es\/fpiem\/wp-json\/wp\/v2\/pages\/356\/revisions"}],"predecessor-version":[{"id":747,"href":"https:\/\/wp.ull.es\/fpiem\/wp-json\/wp\/v2\/pages\/356\/revisions\/747"}],"wp:attachment":[{"href":"https:\/\/wp.ull.es\/fpiem\/wp-json\/wp\/v2\/media?parent=356"}],"curies":[{"name":"wp","href":"https:\/\/api.w.org\/{rel}","templated":true}]}}