{"id":31,"date":"2023-07-21T12:12:17","date_gmt":"2023-07-21T11:12:17","guid":{"rendered":"https:\/\/wp.ull.es\/fpiem\/?page_id=31"},"modified":"2024-11-24T13:42:00","modified_gmt":"2024-11-24T13:42:00","slug":"numero-xiv-2022","status":"publish","type":"page","link":"https:\/\/wp.ull.es\/fpiem\/numero-xiv-2022\/","title":{"rendered":"N\u00famero XIV &#8211; 2022"},"content":{"rendered":"\n<figure class=\"wp-block-image aligncenter size-full is-resized is-style-default\"><img fetchpriority=\"high\" decoding=\"async\" width=\"643\" height=\"900\" src=\"https:\/\/wp.ull.es\/fpiem\/wp-content\/uploads\/sites\/158\/2023\/07\/Portada-reducida.png\" alt=\"\" class=\"wp-image-60\" srcset=\"https:\/\/wp.ull.es\/fpiem\/wp-content\/uploads\/sites\/158\/2023\/07\/Portada-reducida.png 643w, https:\/\/wp.ull.es\/fpiem\/wp-content\/uploads\/sites\/158\/2023\/07\/Portada-reducida-214x300.png 214w\" sizes=\"(max-width: 643px) 100vw, 643px\" \/><\/figure>\n\n\n\n<p><\/p>\n\n\n\n<div class=\"wp-block-columns is-layout-flex wp-container-core-columns-is-layout-9d6595d7 wp-block-columns-is-layout-flex\">\n<div class=\"wp-block-column has-white-color has-text-color has-background is-layout-flow wp-block-column-is-layout-flow\" style=\"background-color:#b687b6\">\n<p class=\"has-text-align-center\"><a href=\"https:\/\/wp.ull.es\/fpiem\/wp-content\/uploads\/sites\/158\/2023\/07\/0B-INDICE-FIN-Vol-14-pg-05-06.pdf\" data-type=\"attachment\" data-id=\"46\"><strong>\u00cdndice<\/strong><\/a><\/p>\n<\/div>\n\n\n\n<div class=\"wp-block-column has-white-color has-text-color has-background is-layout-flow wp-block-column-is-layout-flow\" style=\"background-color:#b687b6\">\n<p class=\"has-text-align-center\"><strong><strong><a href=\"https:\/\/wp.ull.es\/fpiem\/wp-content\/uploads\/sites\/158\/2023\/07\/0C-Presentacion-Vol.-14-pg-07-10.pdf\" data-type=\"attachment\" data-id=\"47\">Presentaci\u00f3n<\/a><\/strong><\/strong><\/p>\n<\/div>\n<\/div>\n\n\n\n<h2 class=\"wp-block-heading\"><em>Art\u00edculos:<\/em><\/h2>\n\n\n\n<p class=\"has-responsive-container-background-color-color has-text-color has-background\" style=\"background-color:#b687b6\"><strong><a href=\"https:\/\/wp.ull.es\/fpiem\/2024\/11\/24\/14_01-tareas-de-ensenanza-con-patrones-de-repeticion-fortalezas-y-debilidades-en-proyectos-editoriales-de-educacion-infantil\/\" data-type=\"post\" data-id=\"1045\">01 Tareas de ense\u00f1anza con patrones de repetici\u00f3n: Fortalezas y debilidades en proyectos editoriales de Educaci\u00f3n Infantil.<\/a><a href=\"https:\/\/wp.ull.es\/fpiem\/wp-content\/uploads\/sites\/158\/2023\/07\/Z01.Acosta-Pincheira-y-Alsina.-FPIEM-FIN-Vol.14.pdf\" data-type=\"attachment\" data-id=\"35\" target=\"_blank\" rel=\"noreferrer noopener\"> <\/a>(Acosta, Y.; Pincheira, N. y Alsina, A.)<\/strong><\/p>\n\n\n\n<p class=\"has-responsive-container-background-color-color has-text-color has-background\" style=\"background-color:#b687b6\"><strong><a href=\"https:\/\/wp.ull.es\/fpiem\/2024\/11\/24\/14_02-la-velocidad-lectora-como-predictor-del-exito-en-la-resolucion-de-problemas-multiplicativos-con-numeros-naturales\/\" data-type=\"post\" data-id=\"1048\">02 La velocidad lectora como predictor del \u00e9xito en la resoluci\u00f3n de problemas multiplicativos con n\u00fameros naturales.<\/a> (Cutillas, A.; Sanz, M.T.; L\u00f3pez-I\u00f1esta, E.; Garc\u00eda-Acosta, D. y Grimaldo, F.)<\/strong><\/p>\n\n\n\n<p class=\"has-responsive-container-background-color-color has-text-color has-background\" style=\"background-color:#b687b6\"><strong><a href=\"https:\/\/wp.ull.es\/fpiem\/2024\/11\/24\/14_03-una-caracterizacion-del-sentido-numerico-acerca-de-los-numeros-reales-como-notar-su-uso\/\" data-type=\"post\" data-id=\"1051\">03 Una caracterizaci\u00f3n del sentido num\u00e9rico acerca de los n\u00fameros reales: c\u00f3mo notar su uso<\/a>. (Garrido-Adame, V.; Figueras, O. y Mart\u00ednez-Ortega, M.)<\/strong><\/p>\n\n\n\n<p class=\"has-responsive-container-background-color-color has-text-color has-background\" style=\"background-color:#b687b6\"><strong><a href=\"https:\/\/wp.ull.es\/fpiem\/2024\/11\/24\/14_04-un-modelo-flipped-learning-en-el-desarrollo-de-la-competencia-profesional-del-futuro-maestro-en-matematicas\/\" data-type=\"post\" data-id=\"1054\">04 Un modelo Flipped Learning en el desarrollo de la competencia profesional del futuro maestro en matem\u00e1ticas.<\/a> (Gil, E. y Lupi\u00e1\u00f1ez, J.L.)<\/strong><\/p>\n\n\n\n<p class=\"has-responsive-container-background-color-color has-text-color has-background\" style=\"background-color:#b687b6\"><strong><a href=\"https:\/\/wp.ull.es\/fpiem\/2024\/11\/24\/14_05-el-papel-del-lenguaje-y-del-contexto-en-la-resolucion-de-problemas-en-alumnado-con-trastorno-del-espectro-autista\/\" data-type=\"post\" data-id=\"1056\">05 El papel del lenguaje y del contexto en la resoluci\u00f3n de problemas en alumnado con trastorno del espectro autista.<\/a> (Go\u00f1i-Cervera, J. Polo-Blanco, I.; Bruno, A.)<\/strong><\/p>\n\n\n\n<p class=\"has-responsive-container-background-color-color has-text-color has-background\" style=\"background-color:#b687b6\"><strong><a href=\"https:\/\/wp.ull.es\/fpiem\/2024\/11\/24\/14_06-la-fraccion-como-operador-resolucion-de-problemas-dificultades-asociadas-y-conocimiento-didactico-del-contenido\/\" data-type=\"post\" data-id=\"1059\">06 La fracci\u00f3n como operador: resoluci\u00f3n de problemas, dificultades asociadas y conocimiento did\u00e1ctico del contenido.<\/a> (Herreros, D.; Sanz, M.T.; Bernardo, C.)<\/strong><\/p>\n\n\n\n<p class=\"has-responsive-container-background-color-color has-text-color has-background\" style=\"background-color:#b687b6\"><strong><a href=\"https:\/\/wp.ull.es\/fpiem\/2024\/11\/24\/14_07-proyecto-de-centro-de-pensamiento-computacional-en-educacion-primaria-lecciones-aprendidas-y-planificacion-futura-partiendo-del-real-decreto-de-ensenanzas-minimas-de-la-lomloe\/\" data-type=\"post\" data-id=\"1064\">07 Proyecto de centro de pensamiento computacional en educaci\u00f3n primaria. Lecciones aprendidas y planificaci\u00f3n futura partiendo del Real Decreto de Ense\u00f1anzas M\u00ednimas de la LOMLOE.<\/a> (Santana, A.; Gonz\u00e1lez-Gallego, S.; Segura-Falc\u00f3n., J.E.; Luj\u00e1n-Rodr\u00edguez, J.; Romero, T.M.; Hern\u00e1ndez-Ortega, S.; Lij\u00f3-S\u00e1nchez, R.; Marqu\u00e9s-Romero, J.P.; Zapatera, A.; \u00c1lamo, J.; Quevedo, E.G.)<\/strong><\/p>\n\n\n\n<p class=\"has-responsive-container-background-color-color has-text-color has-background\" style=\"background-color:#b687b6\"><strong><a href=\"https:\/\/wp.ull.es\/fpiem\/2024\/11\/24\/14_08-lanzamiento-de-proyecto-de-centro-de-pensamiento-computacional-en-educacion-secundaria-lecciones-aprendidas-y-planificacion-futura-partiendo-del-real-decreto-de-ensenanzas-minimas-de-la-lomlo\/\" data-type=\"post\" data-id=\"1069\">08 Lanzamiento de proyecto de centro de pensamiento computacional en educaci\u00f3n secundaria. Lecciones aprendidas y planificaci\u00f3n futura partiendo del Real Decreto de Ense\u00f1anzas M\u00ednimas de la LOMLOE. <\/a>(Gonz\u00e1lez, S.; Santana, A.; Varea, R.; Alcalde, A.; Garc\u00eda, O.; P\u00e9rez, H.; Rosales, C.B.; Bacallado, M.A.; L\u00f3pez, R.; Garriga, C. P\u00e9rez, M.L.; Padr\u00f3n, J.R.; \u00c1lamo, J.; Zapatera, A.; Quevedo, E.G.)<\/strong><\/p>\n\n\n\n<div class=\"wp-block-buttons is-layout-flex wp-block-buttons-is-layout-flex\">\n<div class=\"wp-block-button\"><a class=\"wp-block-button__link has-black-color has-luminous-vivid-amber-background-color has-text-color has-background wp-element-button\" href=\"https:\/\/wp.ull.es\/fpiem\/\"><strong>&lt;&lt;&lt; Volver al inicio<\/strong><\/a><\/div>\n<\/div>\n","protected":false},"excerpt":{"rendered":"<p>\u00cdndice Presentaci\u00f3n Art\u00edculos: 01 Tareas de ense\u00f1anza con patrones de repetici\u00f3n: Fortalezas y debilidades en proyectos editoriales de Educaci\u00f3n Infantil. (Acosta, Y.; Pincheira, N. y Alsina, A.) 02 La velocidad lectora como predictor del \u00e9xito en la resoluci\u00f3n de problemas &hellip;<\/p>\n<p class=\"read-more\"> <a class=\"more-link\" href=\"https:\/\/wp.ull.es\/fpiem\/numero-xiv-2022\/\"> <span class=\"screen-reader-text\">N\u00famero XIV &#8211; 2022<\/span> Leer m\u00e1s \u00bb<\/a><\/p>\n","protected":false},"author":394,"featured_media":0,"parent":0,"menu_order":0,"comment_status":"closed","ping_status":"closed","template":"","meta":{"footnotes":""},"class_list":["post-31","page","type-page","status-publish","hentry"],"_links":{"self":[{"href":"https:\/\/wp.ull.es\/fpiem\/wp-json\/wp\/v2\/pages\/31","targetHints":{"allow":["GET"]}}],"collection":[{"href":"https:\/\/wp.ull.es\/fpiem\/wp-json\/wp\/v2\/pages"}],"about":[{"href":"https:\/\/wp.ull.es\/fpiem\/wp-json\/wp\/v2\/types\/page"}],"author":[{"embeddable":true,"href":"https:\/\/wp.ull.es\/fpiem\/wp-json\/wp\/v2\/users\/394"}],"replies":[{"embeddable":true,"href":"https:\/\/wp.ull.es\/fpiem\/wp-json\/wp\/v2\/comments?post=31"}],"version-history":[{"count":2,"href":"https:\/\/wp.ull.es\/fpiem\/wp-json\/wp\/v2\/pages\/31\/revisions"}],"predecessor-version":[{"id":1071,"href":"https:\/\/wp.ull.es\/fpiem\/wp-json\/wp\/v2\/pages\/31\/revisions\/1071"}],"wp:attachment":[{"href":"https:\/\/wp.ull.es\/fpiem\/wp-json\/wp\/v2\/media?parent=31"}],"curies":[{"name":"wp","href":"https:\/\/api.w.org\/{rel}","templated":true}]}}