{"id":288,"date":"2023-07-23T20:05:51","date_gmt":"2023-07-23T18:05:51","guid":{"rendered":"https:\/\/wp.ull.es\/fpiem\/?page_id=288"},"modified":"2023-07-31T12:02:54","modified_gmt":"2023-07-31T11:02:54","slug":"numero-xii-2017","status":"publish","type":"page","link":"https:\/\/wp.ull.es\/fpiem\/numero-xii-2017\/","title":{"rendered":"N\u00famero XII &#8211; 2017"},"content":{"rendered":"\n<figure class=\"wp-block-image aligncenter size-full is-resized\"><img fetchpriority=\"high\" decoding=\"async\" src=\"https:\/\/wp.ull.es\/fpiem\/wp-content\/uploads\/sites\/158\/2023\/07\/vol12.jpg\" alt=\"\" class=\"wp-image-125\" width=\"348\" height=\"488\" srcset=\"https:\/\/wp.ull.es\/fpiem\/wp-content\/uploads\/sites\/158\/2023\/07\/vol12.jpg 464w, https:\/\/wp.ull.es\/fpiem\/wp-content\/uploads\/sites\/158\/2023\/07\/vol12-214x300.jpg 214w\" sizes=\"(max-width: 348px) 100vw, 348px\" \/><\/figure>\n\n\n\n<div class=\"wp-block-columns is-layout-flex wp-container-core-columns-is-layout-9d6595d7 wp-block-columns-is-layout-flex\">\n<div class=\"wp-block-column has-black-color has-light-green-cyan-background-color has-text-color has-background is-layout-flow wp-block-column-is-layout-flow\" style=\"font-style:normal;font-weight:700\">\n<p class=\"has-text-align-center\"><strong><a href=\"https:\/\/wp.ull.es\/fpiem\/wp-content\/uploads\/sites\/158\/2023\/07\/12_0a-indice.pdf\" data-type=\"attachment\" data-id=\"276\">\u00cdndice<\/a><\/strong><\/p>\n<\/div>\n\n\n\n<div class=\"wp-block-column has-black-color has-light-green-cyan-background-color has-text-color has-background is-layout-flow wp-block-column-is-layout-flow\" style=\"font-style:normal;font-weight:700\">\n<p class=\"has-text-align-center\"><strong><a href=\"https:\/\/wp.ull.es\/fpiem\/wp-content\/uploads\/sites\/158\/2023\/07\/12_0b-presentacion.pdf\" data-type=\"attachment\" data-id=\"277\">Presentaci\u00f3n<\/a><\/strong><\/p>\n<\/div>\n<\/div>\n\n\n\n<h2 class=\"wp-block-heading\"><em>Art\u00edculos:<\/em><\/h2>\n\n\n\n<p class=\"has-black-color has-light-green-cyan-background-color has-text-color has-background\" style=\"font-style:normal;font-weight:700\"><a href=\"https:\/\/wp.ull.es\/fpiem\/2023\/07\/31\/12_01-evaluacion-de-sentido-numerico-en-tareas-de-fracciones\/\" data-type=\"post\" data-id=\"775\">1. Evaluaci\u00f3n de sentido num\u00e9rico en tareas de fracciones.<\/a> (Almeida, R.; Bruno, A.; Perdomo-D\u00edaz, J.)<\/p>\n\n\n\n<p class=\"has-black-color has-light-green-cyan-background-color has-text-color has-background\" style=\"font-style:normal;font-weight:700\"><a href=\"https:\/\/wp.ull.es\/fpiem\/2023\/07\/31\/12_02-resolucion-de-problemas-y-uso-de-sistemas-de-geometria-dinamica-un-ejemplo\/\" data-type=\"post\" data-id=\"777\">2. Resoluci\u00f3n de Problemas y uso de Sistemas de Geometr\u00eda Din\u00e1mica. Un ejemplo.<\/a> (Camacho-Mach\u00edn, M.; Hern\u00e1ndez, S. A.)<\/p>\n\n\n\n<p class=\"has-black-color has-light-green-cyan-background-color has-text-color has-background\" style=\"font-style:normal;font-weight:700\"><a href=\"https:\/\/wp.ull.es\/fpiem\/2023\/07\/31\/12_03-comprension-matematica-para-la-ensenanza-en-secundaria-de-estudiantes-del-grado-en-matematicas-cuando-resuelven-un-problema-con-geogebra\/\" data-type=\"post\" data-id=\"779\">3. Comprensi\u00f3n matem\u00e1tica para la ense\u00f1anza en Secundaria de estudiantes del Grado en Matem\u00e1ticas cuando resuelven un problema con GeoGebra.<\/a> (Camacho-Mach\u00edn, M.; Hern\u00e1ndez, S. A.; Perdomo-D\u00edaz, J.)<\/p>\n\n\n\n<p class=\"has-black-color has-light-green-cyan-background-color has-text-color has-background\" style=\"font-style:normal;font-weight:700\"><a href=\"https:\/\/wp.ull.es\/fpiem\/2023\/07\/31\/12_04-parlamentar-en-canarias\/\" data-type=\"post\" data-id=\"782\">4. Parlamentar en Canarias.<\/a> (Espinel, M\u00aa C.)<\/p>\n\n\n\n<p class=\"has-black-color has-light-green-cyan-background-color has-text-color has-background\" style=\"font-style:normal;font-weight:700\"><a href=\"https:\/\/wp.ull.es\/fpiem\/2023\/07\/31\/12_05-ensenanza-de-la-probabilidad-en-la-educacion-obligatoria-evaluacion-del-conocimiento-matematico-del-profesorado-y-analisis-del-empleo-de-los-recursos-didacticos-en-el-aula\/\" data-type=\"post\" data-id=\"784\">5. Ense\u00f1anza de la Probabilidad en la Educaci\u00f3n Obligatoria. Evaluaci\u00f3n del conocimiento matem\u00e1tico del profesorado y an\u00e1lisis del empleo de los recursos did\u00e1cticos en el aula.<\/a> (Marrero, A.; Hern\u00e1ndez, V. M.)<\/p>\n\n\n\n<p class=\"has-black-color has-light-green-cyan-background-color has-text-color has-background\" style=\"font-style:normal;font-weight:700\"><a href=\"https:\/\/wp.ull.es\/fpiem\/2023\/07\/31\/12_06-sobre-algunas-conjeturas-en-matematicas\/\" data-type=\"post\" data-id=\"786\">6. Sobre algunas conjeturas en Matem\u00e1ticas.<\/a> (Morales, A.; Quevedo, E. G.; Hern\u00e1ndez. V. M.)<\/p>\n\n\n\n<p class=\"has-black-color has-light-green-cyan-background-color has-text-color has-background\" style=\"font-style:normal;font-weight:700\"><a href=\"https:\/\/wp.ull.es\/fpiem\/2023\/07\/31\/12_07-puzle-triangular-de-cinco-piezas-algunas-consideraciones-matematicas-y-didacticas\/\" data-type=\"post\" data-id=\"790\">7. Puzle triangular de cinco piezas. Algunas consideraciones matem\u00e1ticas y did\u00e1cticas.<\/a> (Moreno, M. D.)<\/p>\n\n\n\n<p class=\"has-black-color has-light-green-cyan-background-color has-text-color has-background\" style=\"font-style:normal;font-weight:700\"><a href=\"https:\/\/wp.ull.es\/fpiem\/2023\/07\/31\/12_08-la-matematica-de-la-educacion-obligatoria-desde-la-perspectiva-competencial-consecuencias-didacticas-en-la-formacion-del-profesorado\/\" data-type=\"post\" data-id=\"792\">8. La matem\u00e1tica de la educaci\u00f3n obligatoria desde la perspectiva competencial. Consecuencias did\u00e1cticas en la formaci\u00f3n del profesorado. <\/a>(Socas, M. M.)<\/p>\n\n\n\n<p class=\"has-black-color has-light-green-cyan-background-color has-text-color has-background\" style=\"font-style:normal;font-weight:700\"><a href=\"https:\/\/wp.ull.es\/fpiem\/2023\/07\/31\/12_09-seminario-didactico-proyectos-de-estadistica-en-primaria\/\" data-type=\"post\" data-id=\"794\">9. Seminario did\u00e1ctico: Proyectos de Estad\u00edstica en primaria.<\/a> (Hern\u00e1ndez, V. M.; Quevedo, E. G.; Cabrera, F. S.)<\/p>\n\n\n\n<p class=\"has-black-color has-light-green-cyan-background-color has-text-color has-background\" style=\"font-style:normal;font-weight:700\"><a href=\"https:\/\/wp.ull.es\/fpiem\/2023\/07\/31\/12_10-un-mundo-de-unos-y-ceros-nuevos-recursos-didacticos-del-sistema-de-numeracion-binario-en-educacion-primaria\/\" data-type=\"post\" data-id=\"796\">10. Un mundo de unos y ceros. Nuevos recursos did\u00e1cticos del Sistema de numeraci\u00f3n binario en educaci\u00f3n primaria.<\/a> (Quevedo, E. G.; Hern\u00e1ndez, V. M.; Morales, A.)<\/p>\n\n\n\n<p class=\"has-black-color has-light-green-cyan-background-color has-text-color has-background\" style=\"font-style:normal;font-weight:700\"><a href=\"https:\/\/wp.ull.es\/fpiem\/2023\/07\/31\/12_11-lenguaje-de-programacion-scratch-como-herramienta-didactica-para-la-ensenanza-del-sistema-de-coordenadas-cartesianas-en-educacion-primaria\/\" data-type=\"post\" data-id=\"799\">11. Lenguaje de programaci\u00f3n Scratch como herramienta did\u00e1ctica para la ense\u00f1anza del sistema de coordenadas cartesianas en educaci\u00f3n primaria.<\/a> (Quevedo, E. G.; Hern\u00e1ndez, V. M.; Quevedo, J. R.; Zapatera, A.)<\/p>\n\n\n\n<p class=\"has-black-color has-light-green-cyan-background-color has-text-color has-background\" style=\"font-style:normal;font-weight:700\"><a href=\"https:\/\/wp.ull.es\/fpiem\/2023\/07\/31\/12_12-gao-gamificacion-y-operaciones-aritmeticas-practica-de-esquemas-de-razonamiento-de-agregar-y-desagregar-numeros\/\" data-type=\"post\" data-id=\"801\">12. Gao: gamificaci\u00f3n y operaciones aritm\u00e9ticas. Pr\u00e1ctica de esquemas de razonamiento de agregar y desagregar n\u00fameros. <\/a>(Quevedo, J. R.; Quevedo, E. G.; Hern\u00e1ndez, V. M.)<\/p>\n\n\n\n<p class=\"has-black-color has-light-green-cyan-background-color has-text-color has-background\" style=\"font-style:normal;font-weight:700\"><a href=\"https:\/\/wp.ull.es\/fpiem\/2023\/07\/31\/12_13-dificultades-y-errores-en-desigualdades-e-inecuaciones-lineales-de-estudiantes-del-grado-de-educacion-primaria\/\" data-type=\"post\" data-id=\"804\">13. Dificultades y errores en desigualdades e inecuaciones lineales de estudiantes del grado de educaci\u00f3n primaria.<\/a> (Moreno, M\u00aa. D.; Socas, M. M.; Hern\u00e1ndez, V. M.)<\/p>\n\n\n\n<p class=\"has-black-color has-light-green-cyan-background-color has-text-color has-background\" style=\"font-style:normal;font-weight:700\"><a href=\"https:\/\/wp.ull.es\/fpiem\/2023\/07\/31\/12_14-emociones-academicas-en-actividades-de-cuerpos-geometricos\/\" data-type=\"post\" data-id=\"806\">14. Emociones acad\u00e9micas en actividades de cuerpos geom\u00e9tricos. <\/a>(Perdomo-D\u00edaz, J.)<\/p>\n\n\n\n<div class=\"wp-block-buttons is-layout-flex wp-block-buttons-is-layout-flex\">\n<div class=\"wp-block-button\"><a class=\"wp-block-button__link has-black-color has-luminous-vivid-amber-background-color has-text-color has-background wp-element-button\" href=\"https:\/\/wp.ull.es\/fpiem\/\"><strong>&lt;&lt;&lt; Volver al inicio<\/strong><\/a><\/div>\n<\/div>\n","protected":false},"excerpt":{"rendered":"<p>\u00cdndice Presentaci\u00f3n Art\u00edculos: 1. Evaluaci\u00f3n de sentido num\u00e9rico en tareas de fracciones. (Almeida, R.; Bruno, A.; Perdomo-D\u00edaz, J.) 2. Resoluci\u00f3n de Problemas y uso de Sistemas de Geometr\u00eda Din\u00e1mica. Un ejemplo. (Camacho-Mach\u00edn, M.; Hern\u00e1ndez, S. A.) 3. Comprensi\u00f3n matem\u00e1tica para &hellip;<\/p>\n<p class=\"read-more\"> <a class=\"more-link\" href=\"https:\/\/wp.ull.es\/fpiem\/numero-xii-2017\/\"> <span class=\"screen-reader-text\">N\u00famero XII &#8211; 2017<\/span> Leer m\u00e1s \u00bb<\/a><\/p>\n","protected":false},"author":394,"featured_media":0,"parent":0,"menu_order":0,"comment_status":"closed","ping_status":"closed","template":"","meta":{"footnotes":""},"class_list":["post-288","page","type-page","status-publish","hentry"],"_links":{"self":[{"href":"https:\/\/wp.ull.es\/fpiem\/wp-json\/wp\/v2\/pages\/288","targetHints":{"allow":["GET"]}}],"collection":[{"href":"https:\/\/wp.ull.es\/fpiem\/wp-json\/wp\/v2\/pages"}],"about":[{"href":"https:\/\/wp.ull.es\/fpiem\/wp-json\/wp\/v2\/types\/page"}],"author":[{"embeddable":true,"href":"https:\/\/wp.ull.es\/fpiem\/wp-json\/wp\/v2\/users\/394"}],"replies":[{"embeddable":true,"href":"https:\/\/wp.ull.es\/fpiem\/wp-json\/wp\/v2\/comments?post=288"}],"version-history":[{"count":1,"href":"https:\/\/wp.ull.es\/fpiem\/wp-json\/wp\/v2\/pages\/288\/revisions"}],"predecessor-version":[{"id":809,"href":"https:\/\/wp.ull.es\/fpiem\/wp-json\/wp\/v2\/pages\/288\/revisions\/809"}],"wp:attachment":[{"href":"https:\/\/wp.ull.es\/fpiem\/wp-json\/wp\/v2\/media?parent=288"}],"curies":[{"name":"wp","href":"https:\/\/api.w.org\/{rel}","templated":true}]}}