{"id":216,"date":"2023-07-23T17:02:00","date_gmt":"2023-07-23T16:02:00","guid":{"rendered":"https:\/\/wp.ull.es\/fpiem\/?page_id=216"},"modified":"2023-07-25T15:44:55","modified_gmt":"2023-07-25T14:44:55","slug":"numero-iv-2002","status":"publish","type":"page","link":"https:\/\/wp.ull.es\/fpiem\/numero-iv-2002\/","title":{"rendered":"N\u00famero IV &#8211; 2002"},"content":{"rendered":"\n<figure class=\"wp-block-image aligncenter size-full is-resized\"><img fetchpriority=\"high\" decoding=\"async\" src=\"https:\/\/wp.ull.es\/fpiem\/wp-content\/uploads\/sites\/158\/2023\/07\/vol04.jpg\" alt=\"\" class=\"wp-image-117\" width=\"341\" height=\"482\" srcset=\"https:\/\/wp.ull.es\/fpiem\/wp-content\/uploads\/sites\/158\/2023\/07\/vol04.jpg 682w, https:\/\/wp.ull.es\/fpiem\/wp-content\/uploads\/sites\/158\/2023\/07\/vol04-212x300.jpg 212w\" sizes=\"(max-width: 341px) 100vw, 341px\" \/><\/figure>\n\n\n\n<div class=\"wp-block-columns is-layout-flex wp-container-core-columns-is-layout-9d6595d7 wp-block-columns-is-layout-flex\">\n<div class=\"wp-block-column has-black-color has-luminous-vivid-amber-background-color has-text-color has-background is-layout-flow wp-block-column-is-layout-flow\" style=\"font-style:normal;font-weight:700\">\n<p class=\"has-text-align-center\"><strong><a href=\"https:\/\/wp.ull.es\/fpiem\/wp-content\/uploads\/sites\/158\/2023\/07\/04_0a-indice.pdf\" data-type=\"attachment\" data-id=\"217\">\u00cdndice<\/a><\/strong><\/p>\n<\/div>\n\n\n\n<div class=\"wp-block-column has-black-color has-luminous-vivid-amber-background-color has-text-color has-background is-layout-flow wp-block-column-is-layout-flow\" style=\"font-style:normal;font-weight:700\">\n<p class=\"has-text-align-center\"><strong><a href=\"https:\/\/wp.ull.es\/fpiem\/wp-content\/uploads\/sites\/158\/2023\/07\/04_0b-presentacion.pdf\" data-type=\"attachment\" data-id=\"218\">Presentaci\u00f3n<\/a><\/strong><\/p>\n<\/div>\n<\/div>\n\n\n\n<h2 class=\"wp-block-heading\"><em>Art\u00edculos:<\/em><\/h2>\n\n\n\n<p class=\"has-black-color has-luminous-vivid-amber-background-color has-text-color has-background\" style=\"font-style:normal;font-weight:700\"><a href=\"https:\/\/wp.ull.es\/fpiem\/2023\/07\/23\/04_01-inteligencia-logico-matematica-y-curriculum-escolar\/\" data-type=\"post\" data-id=\"307\">1. Inteligencia L\u00f3gico-Matem\u00e1tica y Curr\u00edculum Escolar. <\/a>(Afonso, M\u00aa C ; Guerra, J. I.; Padr\u00f3n, U.; Plasencia I. C.; Varela, C.)<\/p>\n\n\n\n<p class=\"has-black-color has-luminous-vivid-amber-background-color has-text-color has-background\" style=\"font-style:normal;font-weight:700\"><a href=\"https:\/\/wp.ull.es\/fpiem\/2023\/07\/24\/04_02-identificacion-de-estructuras-de-problemas-aditivos-con-numeros-negativos\/\" data-type=\"post\" data-id=\"371\">2. Identificaci\u00f3n de estructuras de problemas aditivos con n\u00fameros negativos.<\/a> (Bruno, A.; Garc\u00eda Cruz, J. A.)<\/p>\n\n\n\n<p class=\"has-black-color has-luminous-vivid-amber-background-color has-text-color has-background\" style=\"font-style:normal;font-weight:700\"><a href=\"https:\/\/wp.ull.es\/fpiem\/2023\/07\/24\/04_03-posibilidades-de-la-calculadora-simbolica-ti-92-para-la-ensenanza-de-las-matematicas-propuestas-de-trabajo\/\" data-type=\"post\" data-id=\"373\">3. Posibilidades de la calculadora simb\u00f3lica TI-92 para la ense\u00f1anza de las Matem\u00e1ticas: Propuestas de trabajo.<\/a> (Camacho, M.; Gonz\u00e1lez-Mart\u00edn, A.; Rojas, M.)<\/p>\n\n\n\n<p class=\"has-black-color has-luminous-vivid-amber-background-color has-text-color has-background\" style=\"font-style:normal;font-weight:700\"><a href=\"https:\/\/wp.ull.es\/fpiem\/2023\/07\/24\/04_04-el-concepto-de-integral-definida-y-su-relacion-con-el-concepto-de-area-limitada-por-una-curva-analisis-de-una-experiencia-piloto\/\" data-type=\"post\" data-id=\"375\">4. El concepto de integral definida y su relaci\u00f3n con el concepto de \u00e1rea limitada por una curva. An\u00e1lisis de una experiencia piloto.<\/a> (Camacho, M.; Depool, R.)<\/p>\n\n\n\n<p class=\"has-black-color has-luminous-vivid-amber-background-color has-text-color has-background\" style=\"font-style:normal;font-weight:700\"><a href=\"https:\/\/wp.ull.es\/fpiem\/2023\/07\/24\/04_05-los-editores-graficos-como-recurso-para-la-ensenanza-y-el-aprendizaje-de-la-geometria\/\" data-type=\"post\" data-id=\"377\">5. Los editores gr\u00e1ficos como recurso para la ense\u00f1anza y el aprendizaje de la Geometr\u00eda. <\/a>(Carri\u00f3n, J. C.)<\/p>\n\n\n\n<p class=\"has-black-color has-luminous-vivid-amber-background-color has-text-color has-background\" style=\"font-style:normal;font-weight:700\"><a href=\"https:\/\/wp.ull.es\/fpiem\/2023\/07\/24\/04_06-estudio-didactico-de-la-estructura-de-algunas-instituciones-mediante-los-juegos-cooperativos\/\" data-type=\"post\" data-id=\"379\">6. Estudio de la estructura de algunas instituciones mediante los juegos cooperativos.<\/a> (Espinel, M\u00aa C.)<\/p>\n\n\n\n<p class=\"has-black-color has-luminous-vivid-amber-background-color has-text-color has-background\" style=\"font-style:normal;font-weight:700\"><a href=\"https:\/\/wp.ull.es\/fpiem\/2023\/07\/24\/04_07-la-formacion-inicial-en-matematicas-de-los-profesores-de-educacion-primaria-y-secundaria\/\" data-type=\"post\" data-id=\"383\">7. La formaci\u00f3n inicial en Matem\u00e1ticas de los profesores de Educaci\u00f3n Primaria y Secundaria.<\/a> (Hern\u00e1ndez, V. M.; R\u00edos, M\u00aa C.; Carri\u00f3n, J. C.)<\/p>\n\n\n\n<p class=\"has-black-color has-luminous-vivid-amber-background-color has-text-color has-background\" style=\"font-style:normal;font-weight:700\"><a href=\"https:\/\/wp.ull.es\/fpiem\/2023\/07\/24\/04_08-la-ecuacion-cuadratica-perspectiva-historica\/\" data-type=\"post\" data-id=\"386\">8. La ecuaci\u00f3n cuadr\u00e1tica: perspectiva hist\u00f3rica.<\/a> (Martel, J.)<\/p>\n\n\n\n<p class=\"has-black-color has-luminous-vivid-amber-background-color has-text-color has-background\" style=\"font-style:normal;font-weight:700\"><a href=\"https:\/\/wp.ull.es\/fpiem\/2023\/07\/24\/04_09-geometria-dinamica-y-porcentajes-una-propuesta-de-actividades\/\" data-type=\"post\" data-id=\"388\">9. Geometr\u00eda Din\u00e1mica y Porcentajes. Una propuesta de actividades. <\/a>(Morales A.; Moreno, M\u00aa D.)<\/p>\n\n\n\n<p class=\"has-black-color has-luminous-vivid-amber-background-color has-text-color has-background\" style=\"font-style:normal;font-weight:700\"><a href=\"https:\/\/wp.ull.es\/fpiem\/2023\/07\/24\/04_10-estrategias-para-la-resolucion-de-algunos-problemas-matematicos\/\" data-type=\"post\" data-id=\"390\">10. Estrategias para la resoluci\u00f3n de algunos problemas. <\/a>(Moreno, M\u00aa D.; Morales, A.)<\/p>\n\n\n\n<p class=\"has-black-color has-luminous-vivid-amber-background-color has-text-color has-background\" style=\"font-style:normal;font-weight:700\"><a href=\"https:\/\/wp.ull.es\/fpiem\/2023\/07\/24\/04_11-la-resolucion-de-problemas-mal-definidos-un-estudio-con-alumnos-de-primer-curso-de-magisterio\/\" data-type=\"post\" data-id=\"392\">11. La resoluci\u00f3n de problemas mal definidos. Un estudio con alumnos de primer curso del t\u00edtulo de Maestro.<\/a> (Noda, A.; Hern\u00e1ndez, J.; Socas, M. M.)<\/p>\n\n\n\n<p class=\"has-black-color has-luminous-vivid-amber-background-color has-text-color has-background\" style=\"font-style:normal;font-weight:700\"><a href=\"https:\/\/wp.ull.es\/fpiem\/2023\/07\/24\/04_12-analisis-de-resultados-de-una-prueba-de-algebra-con-alumnos-de-magisterio\/\" data-type=\"post\" data-id=\"394\">12. An\u00e1lisis de resultados de una prueba de \u00c1lgebra con alumnos de Magisterio. <\/a>(Palarea, M\u00aa M.; Socas, M. M.)<\/p>\n\n\n\n<p class=\"has-black-color has-luminous-vivid-amber-background-color has-text-color has-background\" style=\"font-style:normal;font-weight:700\"><a href=\"https:\/\/wp.ull.es\/fpiem\/2023\/07\/24\/04_13-la-ensenanza-de-la-matematica-un-ejemplo-la-educacion-obligatoria\/\" data-type=\"post\" data-id=\"397\">13. La ense\u00f1anza de la Matem\u00e1tica. Un ejemplo: la Educaci\u00f3n Obligatoria.<\/a> (Socas, M. M.; Hern\u00e1ndez, J.)<\/p>\n\n\n\n<p class=\"has-black-color has-luminous-vivid-amber-background-color has-text-color has-background\" style=\"font-style:normal;font-weight:700\"><a href=\"https:\/\/wp.ull.es\/fpiem\/2023\/07\/24\/04_14-experiencia-didactica-sobre-probabilidad-los-diagramas-de-arbol-como-herramienta-didactica\/\" data-type=\"post\" data-id=\"399\">14. Experiencia did\u00e1ctica sobre Probabilidad: los diagramas de \u00e1rbol como herramienta did\u00e1ctica.<\/a> (R\u00edos, M. C.; Hern\u00e1ndez V. M.; Cabrera, F.S.)<\/p>\n\n\n\n<div class=\"wp-block-buttons is-layout-flex wp-block-buttons-is-layout-flex\">\n<div class=\"wp-block-button\"><a class=\"wp-block-button__link has-black-color has-luminous-vivid-amber-background-color has-text-color has-background wp-element-button\" href=\"https:\/\/wp.ull.es\/fpiem\/\"><strong>&lt;&lt;&lt; Volver al inicio<\/strong><\/a><\/div>\n<\/div>\n","protected":false},"excerpt":{"rendered":"<p>\u00cdndice Presentaci\u00f3n Art\u00edculos: 1. Inteligencia L\u00f3gico-Matem\u00e1tica y Curr\u00edculum Escolar. (Afonso, M\u00aa C ; Guerra, J. I.; Padr\u00f3n, U.; Plasencia I. C.; Varela, C.) 2. Identificaci\u00f3n de estructuras de problemas aditivos con n\u00fameros negativos. (Bruno, A.; Garc\u00eda Cruz, J. A.) 3. &hellip;<\/p>\n<p class=\"read-more\"> <a class=\"more-link\" href=\"https:\/\/wp.ull.es\/fpiem\/numero-iv-2002\/\"> <span class=\"screen-reader-text\">N\u00famero IV &#8211; 2002<\/span> Leer m\u00e1s \u00bb<\/a><\/p>\n","protected":false},"author":394,"featured_media":0,"parent":0,"menu_order":0,"comment_status":"closed","ping_status":"closed","template":"","meta":{"footnotes":""},"class_list":["post-216","page","type-page","status-publish","hentry"],"_links":{"self":[{"href":"https:\/\/wp.ull.es\/fpiem\/wp-json\/wp\/v2\/pages\/216","targetHints":{"allow":["GET"]}}],"collection":[{"href":"https:\/\/wp.ull.es\/fpiem\/wp-json\/wp\/v2\/pages"}],"about":[{"href":"https:\/\/wp.ull.es\/fpiem\/wp-json\/wp\/v2\/types\/page"}],"author":[{"embeddable":true,"href":"https:\/\/wp.ull.es\/fpiem\/wp-json\/wp\/v2\/users\/394"}],"replies":[{"embeddable":true,"href":"https:\/\/wp.ull.es\/fpiem\/wp-json\/wp\/v2\/comments?post=216"}],"version-history":[{"count":2,"href":"https:\/\/wp.ull.es\/fpiem\/wp-json\/wp\/v2\/pages\/216\/revisions"}],"predecessor-version":[{"id":482,"href":"https:\/\/wp.ull.es\/fpiem\/wp-json\/wp\/v2\/pages\/216\/revisions\/482"}],"wp:attachment":[{"href":"https:\/\/wp.ull.es\/fpiem\/wp-json\/wp\/v2\/media?parent=216"}],"curies":[{"name":"wp","href":"https:\/\/api.w.org\/{rel}","templated":true}]}}