{"id":149,"date":"2023-07-22T22:38:24","date_gmt":"2023-07-22T20:38:24","guid":{"rendered":"https:\/\/wp.ull.es\/fpiem\/?page_id=149"},"modified":"2023-07-28T01:32:47","modified_gmt":"2023-07-28T00:32:47","slug":"numero-vii-2005","status":"publish","type":"page","link":"https:\/\/wp.ull.es\/fpiem\/numero-vii-2005\/","title":{"rendered":"N\u00famero VII &#8211; 2005"},"content":{"rendered":"\n<figure class=\"wp-block-image aligncenter size-full is-resized\"><img fetchpriority=\"high\" decoding=\"async\" src=\"https:\/\/wp.ull.es\/fpiem\/wp-content\/uploads\/sites\/158\/2023\/07\/vol07.jpg\" alt=\"\" class=\"wp-image-120\" width=\"318\" height=\"450\" srcset=\"https:\/\/wp.ull.es\/fpiem\/wp-content\/uploads\/sites\/158\/2023\/07\/vol07.jpg 424w, https:\/\/wp.ull.es\/fpiem\/wp-content\/uploads\/sites\/158\/2023\/07\/vol07-212x300.jpg 212w\" sizes=\"(max-width: 318px) 100vw, 318px\" \/><\/figure>\n\n\n\n<div class=\"wp-block-columns is-layout-flex wp-container-core-columns-is-layout-9d6595d7 wp-block-columns-is-layout-flex\">\n<div class=\"wp-block-column has-black-color has-text-color has-background is-layout-flow wp-block-column-is-layout-flow\" style=\"background-color:#9b51e047\">\n<p class=\"has-text-align-center\"><strong><a href=\"https:\/\/wp.ull.es\/fpiem\/wp-content\/uploads\/sites\/158\/2023\/07\/07_0a-indice.pdf\" data-type=\"attachment\" data-id=\"152\">\u00cdndice<\/a><\/strong><\/p>\n<\/div>\n\n\n\n<div class=\"wp-block-column has-black-color has-text-color has-background is-layout-flow wp-block-column-is-layout-flow\" style=\"background-color:#9b51e047\">\n<p class=\"has-text-align-center\"><strong><a href=\"https:\/\/wp.ull.es\/fpiem\/wp-content\/uploads\/sites\/158\/2023\/07\/07_0b-presentacion.pdf\" data-type=\"attachment\" data-id=\"153\">Presentaci\u00f3n<\/a><\/strong><\/p>\n<\/div>\n<\/div>\n\n\n\n<h2 class=\"wp-block-heading\"><em>Art\u00edculos:<\/em><\/h2>\n\n\n\n<p class=\"has-black-color has-text-color has-background\" style=\"background-color:#8dd2fc7a;font-style:normal;font-weight:700\"><a href=\"https:\/\/wp.ull.es\/fpiem\/2023\/07\/27\/07_01-competencias-didacticas-y-perfil-del-profesor-un-ejemplo-con-profesores-que-desarrollan-una-propuesta-en-geometria-en-terminos-de-van-hiele\/\" data-type=\"post\" data-id=\"610\">1. Competencias did\u00e1cticas y perfil del profesor: Un ejemplo con profesores que desarrollan una propuesta en Geometr\u00eda en t\u00e9rminos de Van Hiele. <\/a>(Afonso, M\u00aa. C.; Camacho, M.; Socas, M. M.)<\/p>\n\n\n\n<p class=\"has-black-color has-text-color has-background\" style=\"background-color:#8dd2fc7a;font-style:normal;font-weight:700\"><a href=\"https:\/\/wp.ull.es\/fpiem\/2023\/07\/27\/__trashed\/\" data-type=\"post\" data-id=\"612\">2. Una mirada a la recta num\u00e9rica en los libros de texto de tres editoriales espa\u00f1olas.<\/a> (Bruno, A.; Cabrera, N.)<\/p>\n\n\n\n<p class=\"has-black-color has-text-color has-background\" style=\"background-color:#8dd2fc7a;font-style:normal;font-weight:700\"><a href=\"https:\/\/wp.ull.es\/fpiem\/2023\/07\/27\/07_03-recta-numerica-escalas-y-graficas-estadisticas-un-estudio-con-estudiantes-para-profesores\/\" data-type=\"post\" data-id=\"616\">3. Recta num\u00e9rica, escalas y gr\u00e1ficas estad\u00edsticas: un estudio con estudiantes para profesores.<\/a> (Bruno, A.; Espinel, C.)<\/p>\n\n\n\n<p class=\"has-black-color has-text-color has-background\" style=\"background-color:#8dd2fc7a;font-style:normal;font-weight:700\"><a href=\"https:\/\/wp.ull.es\/fpiem\/2023\/07\/27\/07_04-informatica-en-la-diplomatura-de-maestros\/\" data-type=\"post\" data-id=\"618\">4. Inform\u00e1tica en la diplomatura de Maestros. <\/a>(Bruno, A.; Noda, A.)<\/p>\n\n\n\n<p class=\"has-black-color has-text-color has-background\" style=\"background-color:#8dd2fc7a;font-style:normal;font-weight:700\"><a href=\"https:\/\/wp.ull.es\/fpiem\/2023\/07\/27\/07_05-un-marco-general-para-el-analisis-de-la-actuacion-de-los-estudiantes-de-calculo-en-un-ambiente-computacional\/\" data-type=\"post\" data-id=\"620\">5. Un marco general para el an\u00e1lisis de la actuaci\u00f3n de los estudiantes de C\u00e1lculo en un ambiente computacional.<\/a> (Camacho, R.; Depool, R.; Santos-Trigo, L. M.)<\/p>\n\n\n\n<p class=\"has-black-color has-text-color has-background\" style=\"background-color:#8dd2fc7a;font-style:normal;font-weight:700\"><a href=\"https:\/\/wp.ull.es\/fpiem\/2023\/07\/28\/07_06-analisis-de-las-respuestas-de-estudiantes-universitarios-a-un-cuestionario-sobre-el-concepto-de-ecuacion-diferencial-ordinaria\/\" data-type=\"post\" data-id=\"636\">6. An\u00e1lisis de las respuestas de estudiantes universitarios a un cuestionario sobre el concepto de ecuaci\u00f3n diferencial ordinaria. <\/a>(Camacho, M.; Perdomo, J.)<\/p>\n\n\n\n<p class=\"has-black-color has-text-color has-background\" style=\"background-color:#8dd2fc7a;font-style:normal;font-weight:700\"><a href=\"https:\/\/wp.ull.es\/fpiem\/2023\/07\/28\/07_07-resolviendo-un-problema-de-maximos-y-minimos-utilizando-la-calculadora-simbolica-voyage-200-un-estudio-de-caso\/\" data-type=\"post\" data-id=\"638\">7. Resolviendo un problema de m\u00e1ximos y m\u00ednimos utilizando la calculadora simb\u00f3lica \u201cVoyage 200\u201d. Un estudio de caso.<\/a> (Camacho, M.; Rojas, M.)<\/p>\n\n\n\n<p class=\"has-black-color has-text-color has-background\" style=\"background-color:#8dd2fc7a;font-style:normal;font-weight:700\"><a href=\"https:\/\/wp.ull.es\/fpiem\/2023\/07\/28\/07_08-formas-de-aprendizaje-con-juegos-educativos-para-ordenadores-estudio-con-alumnos-de-educacion-primaria\/\" data-type=\"post\" data-id=\"641\">8. Formas de aprendizaje con juegos educativos para ordenadores. Estudio con alumnos de Educaci\u00f3n Primaria.<\/a> (Cannone, G.; Hern\u00e1ndez, J.; Palarea, M\u00aa. M.; Socas, M. M.)<\/p>\n\n\n\n<p class=\"has-black-color has-text-color has-background\" style=\"background-color:#8dd2fc7a;font-style:normal;font-weight:700\"><a href=\"https:\/\/wp.ull.es\/fpiem\/2023\/07\/28\/07_09-graficas-estadisticas-comprension-grafica-e-implicaciones-en-la-ensenanza\/\" data-type=\"post\" data-id=\"643\">9. Gr\u00e1ficas estad\u00edsticas: Comprensi\u00f3n gr\u00e1fica e implicaciones en la ense\u00f1anza.<\/a> (Carri\u00f3n, J. C.; Espinel, C.) <\/p>\n\n\n\n<p class=\"has-black-color has-text-color has-background\" style=\"background-color:#8dd2fc7a;font-style:normal;font-weight:700\"><a href=\"https:\/\/wp.ull.es\/fpiem\/2023\/07\/28\/07_10-un-cuestionario-y-estrategias-sobre-los-promedios\/\" data-type=\"post\" data-id=\"647\">10. Un cuestionario y estrategias sobre los promedios.<\/a> (Garret, A.L.; Garc\u00eda Cruz, J. A.) <\/p>\n\n\n\n<p class=\"has-black-color has-text-color has-background\" style=\"background-color:#8dd2fc7a;font-style:normal;font-weight:700\"><a href=\"https:\/\/wp.ull.es\/fpiem\/2023\/07\/28\/07_11-descripcion-de-una-experiencia-docente-en-el-campus-virtual-ulpgc\/\" data-type=\"post\" data-id=\"649\">11. Descripci\u00f3n de una experiencia docente en el Campus Virtual ULPGC.<\/a> (Hern\u00e1ndez, V. M; Morales, A.) <\/p>\n\n\n\n<p class=\"has-black-color has-text-color has-background\" style=\"background-color:#8dd2fc7a;font-style:normal;font-weight:700\"><a href=\"https:\/\/wp.ull.es\/fpiem\/2023\/07\/28\/07_12-lugares-geometricos-pintorescos-2\/\" data-type=\"post\" data-id=\"651\">12. Lugares geom\u00e9tricos pintorescos (2)<\/a>. (Martel, J.)<\/p>\n\n\n\n<p class=\"has-black-color has-text-color has-background\" style=\"background-color:#8dd2fc7a;font-style:normal;font-weight:700\"><a href=\"https:\/\/wp.ull.es\/fpiem\/2023\/07\/28\/07_13-utilizacion-didactica-de-un-entorno-de-geometria-dinamica-en-la-formacion-de-profesores\/\" data-type=\"post\" data-id=\"653\">13. Utilizaci\u00f3n did\u00e1ctica de un entorno de Geometr\u00eda Din\u00e1mica en la formaci\u00f3n de Profesores. <\/a>(Morales, A.)<\/p>\n\n\n\n<p class=\"has-black-color has-text-color has-background\" style=\"background-color:#8dd2fc7a;font-style:normal;font-weight:700\"><a href=\"https:\/\/wp.ull.es\/fpiem\/2023\/07\/28\/07_14-algunas-actividades-matematicas-en-el-entorno-powerpoint\/\" data-type=\"post\" data-id=\"656\">14. Algunas actividades matem\u00e1ticas en el entorno PowerPoint.<\/a> (Moreno, M\u00aa. D.; R\u00edos, M\u00aa C.)<\/p>\n\n\n\n<p class=\"has-black-color has-text-color has-background\" style=\"background-color:#8dd2fc7a;font-style:normal;font-weight:700\"><a href=\"https:\/\/wp.ull.es\/fpiem\/2023\/07\/28\/07_15-numeros-enteros-y-expresiones-algebraicas-estudio-biografico\/\" data-type=\"post\" data-id=\"658\">15. N\u00fameros enteros y expresiones algebraicas. Estudio biogr\u00e1fico.<\/a> (Mu\u00f1oz, M\u00aa.; Ruano, R.; Socas, M. M.)<\/p>\n\n\n\n<p class=\"has-black-color has-text-color has-background\" style=\"background-color:#8dd2fc7a;font-style:normal;font-weight:700\"><a href=\"https:\/\/wp.ull.es\/fpiem\/2023\/07\/28\/07_16-formacion-de-profesores-de-primaria-en-el-uso-de-las-tecnologias-informaticas-y-de-la-comunicacion-en-la-ensenanza-aprendizaje-de-las-matematicas\/\" data-type=\"post\" data-id=\"660\">16. Formaci\u00f3n de profesores de primaria en el uso de las tecnolog\u00edas inform\u00e1ticas y de la comunicaci\u00f3n en la ense\u00f1anza aprendizaje de las matem\u00e1ticas.<\/a> (Noda, A.)<\/p>\n\n\n\n<p class=\"has-black-color has-text-color has-background\" style=\"background-color:#8dd2fc7a;font-style:normal;font-weight:700\"><a href=\"https:\/\/wp.ull.es\/fpiem\/2023\/07\/28\/07_17-evaluacion-de-la-competencia-logico-matematica-desde-el-marco-de-las-inteligencias-multiples\/\" data-type=\"post\" data-id=\"662\">17. Evaluaci\u00f3n de la competencia l\u00f3gico-matem\u00e1tica desde el marco de las inteligencias m\u00faltiples. <\/a>(Plasencia, I.; Coello, J.R.; Mart\u00edn, N.; Rodr\u00edguez, R.; Sosa, A.; Varela, C.; Ventura, D.)<\/p>\n\n\n\n<p class=\"has-black-color has-text-color has-background\" style=\"background-color:#8dd2fc7a;font-style:normal;font-weight:700\"><a href=\"https:\/\/wp.ull.es\/fpiem\/2023\/07\/28\/07_18-desarrollo-de-una-autonomia-en-matematicas-de-una-alumna-con-dificultades-de-aprendizaje-construccion-de-sentido-y-control-en-el-trabajo-grafico\/\" data-type=\"post\" data-id=\"664\">18. Desarrollo de una autonom\u00eda en Matem\u00e1ticas de una alumna con dificultades de aprendizaje: Construcci\u00f3n de sentido y control en el trabajo gr\u00e1fico.<\/a> (Saboya, M.) <\/p>\n\n\n\n<div class=\"wp-block-buttons is-layout-flex wp-block-buttons-is-layout-flex\">\n<div class=\"wp-block-button\"><a class=\"wp-block-button__link has-black-color has-luminous-vivid-amber-background-color has-text-color has-background wp-element-button\" href=\"https:\/\/wp.ull.es\/fpiem\/\"><strong>&lt;&lt;&lt; Volver al inicio<\/strong><\/a><\/div>\n<\/div>\n","protected":false},"excerpt":{"rendered":"<p>\u00cdndice Presentaci\u00f3n Art\u00edculos: 1. Competencias did\u00e1cticas y perfil del profesor: Un ejemplo con profesores que desarrollan una propuesta en Geometr\u00eda en t\u00e9rminos de Van Hiele. (Afonso, M\u00aa. C.; Camacho, M.; Socas, M. M.) 2. Una mirada a la recta num\u00e9rica &hellip;<\/p>\n<p class=\"read-more\"> <a class=\"more-link\" href=\"https:\/\/wp.ull.es\/fpiem\/numero-vii-2005\/\"> <span class=\"screen-reader-text\">N\u00famero VII &#8211; 2005<\/span> Leer m\u00e1s \u00bb<\/a><\/p>\n","protected":false},"author":394,"featured_media":0,"parent":0,"menu_order":0,"comment_status":"closed","ping_status":"closed","template":"","meta":{"footnotes":""},"class_list":["post-149","page","type-page","status-publish","hentry"],"_links":{"self":[{"href":"https:\/\/wp.ull.es\/fpiem\/wp-json\/wp\/v2\/pages\/149","targetHints":{"allow":["GET"]}}],"collection":[{"href":"https:\/\/wp.ull.es\/fpiem\/wp-json\/wp\/v2\/pages"}],"about":[{"href":"https:\/\/wp.ull.es\/fpiem\/wp-json\/wp\/v2\/types\/page"}],"author":[{"embeddable":true,"href":"https:\/\/wp.ull.es\/fpiem\/wp-json\/wp\/v2\/users\/394"}],"replies":[{"embeddable":true,"href":"https:\/\/wp.ull.es\/fpiem\/wp-json\/wp\/v2\/comments?post=149"}],"version-history":[{"count":1,"href":"https:\/\/wp.ull.es\/fpiem\/wp-json\/wp\/v2\/pages\/149\/revisions"}],"predecessor-version":[{"id":667,"href":"https:\/\/wp.ull.es\/fpiem\/wp-json\/wp\/v2\/pages\/149\/revisions\/667"}],"wp:attachment":[{"href":"https:\/\/wp.ull.es\/fpiem\/wp-json\/wp\/v2\/media?parent=149"}],"curies":[{"name":"wp","href":"https:\/\/api.w.org\/{rel}","templated":true}]}}