{"id":143,"date":"2023-07-22T02:09:26","date_gmt":"2023-07-22T00:09:26","guid":{"rendered":"https:\/\/wp.ull.es\/fpiem\/?page_id=143"},"modified":"2023-07-26T22:05:55","modified_gmt":"2023-07-26T21:05:55","slug":"numero-vi-2004","status":"publish","type":"page","link":"https:\/\/wp.ull.es\/fpiem\/numero-vi-2004\/","title":{"rendered":"N\u00famero VI &#8211; 2004"},"content":{"rendered":"\n<figure class=\"wp-block-image aligncenter size-full is-resized\"><img fetchpriority=\"high\" decoding=\"async\" src=\"https:\/\/wp.ull.es\/fpiem\/wp-content\/uploads\/sites\/158\/2023\/07\/vol06.jpg\" alt=\"\" class=\"wp-image-119\" width=\"318\" height=\"450\" srcset=\"https:\/\/wp.ull.es\/fpiem\/wp-content\/uploads\/sites\/158\/2023\/07\/vol06.jpg 424w, https:\/\/wp.ull.es\/fpiem\/wp-content\/uploads\/sites\/158\/2023\/07\/vol06-212x300.jpg 212w\" sizes=\"(max-width: 318px) 100vw, 318px\" \/><\/figure>\n\n\n\n<div class=\"wp-block-columns is-layout-flex wp-container-core-columns-is-layout-9d6595d7 wp-block-columns-is-layout-flex\">\n<div class=\"wp-block-column has-black-color has-text-color has-background is-layout-flow wp-block-column-is-layout-flow\" style=\"background-color:#775803\">\n<p class=\"has-text-align-center\"><strong><a href=\"https:\/\/wp.ull.es\/fpiem\/wp-content\/uploads\/sites\/158\/2023\/07\/06_0-indice.pdf\" data-type=\"attachment\" data-id=\"129\" target=\"_blank\" rel=\"noreferrer noopener\">\u00cdndice<\/a><\/strong><\/p>\n<\/div>\n\n\n\n<div class=\"wp-block-column has-black-color has-text-color has-background is-layout-flow wp-block-column-is-layout-flow\" style=\"background-color:#775803\">\n<p class=\"has-text-align-center\"><strong><a href=\"https:\/\/wp.ull.es\/fpiem\/wp-content\/uploads\/sites\/158\/2023\/07\/06_00-presentacion.pdf\" data-type=\"attachment\" data-id=\"128\" target=\"_blank\" rel=\"noreferrer noopener\">Presentaci\u00f3n<\/a><\/strong><\/p>\n<\/div>\n<\/div>\n\n\n\n<h2 class=\"wp-block-heading\"><em>Art\u00edculos:<\/em><\/h2>\n\n\n\n<p class=\"has-responsive-main-container-background-color-color has-text-color has-background\" style=\"background-color:#775803;font-style:normal;font-weight:700\"><a href=\"https:\/\/wp.ull.es\/fpiem\/2023\/07\/26\/06_01-tratamiento-de-algoritmos-no-tradicionales-en-la-formacion-de-profesores-de-primaria\/\" data-type=\"post\" data-id=\"496\" target=\"_blank\" rel=\"noreferrer noopener\">1. Tratamiento de algoritmos no tradicionales en la formaci\u00f3n de profesores de Primaria.<\/a> (Bruno, A.; Noda, A.)<\/p>\n\n\n\n<p class=\"has-responsive-main-container-background-color-color has-text-color has-background\" style=\"background-color:#775803;font-style:normal;font-weight:700\"><a href=\"https:\/\/wp.ull.es\/fpiem\/2023\/07\/26\/06_02-la-comprension-del-concepto-de-area-e-integral-definida-en-un-entorno-computacional\/\" data-type=\"post\" data-id=\"498\" target=\"_blank\" rel=\"noreferrer noopener\">2. La comprensi\u00f3n del concepto de \u00e1rea e integral definida en un entorno computacional. Perfiles de actuaci\u00f3n.<\/a> (Camacho, M.; Depool, R.; Santos-Trigo, M.)<\/p>\n\n\n\n<p class=\"has-responsive-main-container-background-color-color has-text-color has-background\" style=\"background-color:#775803;font-style:normal;font-weight:700\"><a href=\"https:\/\/wp.ull.es\/fpiem\/2023\/07\/26\/06_03-juegos-educativos-para-ordenadores-en-la-ensenanza-aprendizaje-de-las-matematicas-en-primaria-cursos-de-profesores\/\" data-type=\"post\" data-id=\"500\" target=\"_blank\" rel=\"noreferrer noopener\">3. Juegos educativos para ordenadores en la ense\u00f1anza\/aprendizaje de las matem\u00e1ticas en primaria. Cursos de profesores.<\/a> (Cannone, G.; Palarea, M\u00aa. M.; Socas, M. M.) <\/p>\n\n\n\n<p class=\"has-responsive-main-container-background-color-color has-text-color has-background\" style=\"background-color:#775803;font-style:normal;font-weight:700\"><a href=\"https:\/\/wp.ull.es\/fpiem\/2023\/07\/26\/06_04-geometria-formacion-de-profesores-y-demostracion\/\" data-type=\"post\" data-id=\"502\" target=\"_blank\" rel=\"noreferrer noopener\">4. Geometr\u00eda, formaci\u00f3n de profesores y demostraci\u00f3n.<\/a> (De la Torre, E.)<\/p>\n\n\n\n<p class=\"has-responsive-main-container-background-color-color has-text-color has-background\" style=\"background-color:#775803;font-style:normal;font-weight:700\"><a href=\"https:\/\/wp.ull.es\/fpiem\/2023\/07\/26\/06_05-numeros-enteros-y-expresiones-algebraicas-en-2o-de-eso-experiencia-didactica-con-el-puzzle-algebraico\/\" data-type=\"post\" data-id=\"506\" target=\"_blank\" rel=\"noreferrer noopener\">5. N\u00fameros enteros y expresiones algebraicas en 2\u00ba de ESO. Experiencia did\u00e1ctica con el Puzzle algebraico. <\/a>(Dom\u00ednguez, E.; Mu\u00f1oz, M\u00aa.; Ruano, R.; Socas, M. M.)<\/p>\n\n\n\n<p class=\"has-responsive-main-container-background-color-color has-text-color has-background\" style=\"background-color:#775803;font-style:normal;font-weight:700\"><a href=\"https:\/\/wp.ull.es\/fpiem\/2023\/07\/26\/06_06-la-media-aritmetica\/\" data-type=\"post\" data-id=\"509\" target=\"_blank\" rel=\"noreferrer noopener\">6. La media aritm\u00e9tica.<\/a> (Garc\u00eda, I.; Garc\u00eda, J. A.)<\/p>\n\n\n\n<p class=\"has-responsive-main-container-background-color-color has-text-color has-background\" style=\"background-color:#775803;font-style:normal;font-weight:700\"><a href=\"https:\/\/wp.ull.es\/fpiem\/2023\/07\/26\/06_07-sistemas-de-representacion-en-la-resolucion-de-problemas\/\" data-type=\"post\" data-id=\"511\" target=\"_blank\" rel=\"noreferrer noopener\">7. Sistemas de representaci\u00f3n en la resoluci\u00f3n de problemas<\/a>. (Hern\u00e1ndez, J.; Noda, A.; Palarea, M\u00aa. M.; Socas, M. M.)<\/p>\n\n\n\n<p class=\"has-responsive-main-container-background-color-color has-text-color has-background\" style=\"background-color:#775803;font-style:normal;font-weight:700\"><a href=\"https:\/\/wp.ull.es\/fpiem\/2023\/07\/26\/06_08-historia-y-educacion-matematica\/\" data-type=\"post\" data-id=\"513\" target=\"_blank\" rel=\"noreferrer noopener\">8. Historia y educaci\u00f3n matem\u00e1tica.<\/a> (Hern\u00e1ndez, V.; R\u00edos, M\u00aa C.; Hern\u00e1ndez, R. M\u00aa.)<\/p>\n\n\n\n<p class=\"has-responsive-main-container-background-color-color has-text-color has-background\" style=\"background-color:#775803;font-style:normal;font-weight:700\"><a href=\"https:\/\/wp.ull.es\/fpiem\/2023\/07\/26\/06_09-lugares-geometricos-pintorescos\/\" data-type=\"post\" data-id=\"515\" target=\"_blank\" rel=\"noreferrer noopener\">9. Lugares geom\u00e9tricos pintorescos.<\/a> (Martel, J.)<\/p>\n\n\n\n<p class=\"has-responsive-main-container-background-color-color has-text-color has-background\" style=\"background-color:#775803;font-style:normal;font-weight:700\"><a href=\"https:\/\/wp.ull.es\/fpiem\/2023\/07\/26\/06_10-algunas-posibilidades-didacticas-del-uso-de-un-entorno-de-geometria-dinamica-en-la-formacion-de-maestros-de-educacion-primaria\/\" data-type=\"post\" data-id=\"519\" target=\"_blank\" rel=\"noreferrer noopener\">10. Algunas posibilidades did\u00e1cticas del uso de un entorno de Geometr\u00eda Din\u00e1mica en la formaci\u00f3n de Maestros de Educaci\u00f3n Primaria.<\/a> (Morales, A.)<\/p>\n\n\n\n<p class=\"has-responsive-main-container-background-color-color has-text-color has-background\" style=\"background-color:#775803;font-style:normal;font-weight:700\"><a href=\"https:\/\/wp.ull.es\/fpiem\/2023\/07\/26\/06_11-respuestas-del-alumnado-de-magisterio-a-un-cuestionario-sobre-numeros-decimales\/\" data-type=\"post\" data-id=\"522\" target=\"_blank\" rel=\"noreferrer noopener\">11. Respuestas del alumnado de Magisterio a un cuestionario sobre n\u00fameros decimales. <\/a>(Moreno M\u00aa. D.; Hern\u00e1ndez, V.; Socas, M. M.)<\/p>\n\n\n\n<p class=\"has-responsive-main-container-background-color-color has-text-color has-background\" style=\"background-color:#775803;font-style:normal;font-weight:700\"><a href=\"https:\/\/wp.ull.es\/fpiem\/2023\/07\/26\/06_12-consideraciones-sobre-la-matematica-y-su-ensenanza-y-aprendizaje-en-la-educacion-primaria\/\" data-type=\"post\" data-id=\"524\" target=\"_blank\" rel=\"noreferrer noopener\">12. Consideraciones sobre la matem\u00e1tica y su ense\u00f1anza y aprendizaje en la Educaci\u00f3n Primaria. <\/a>(Plasencia. I. C.)<\/p>\n\n\n\n<p class=\"has-responsive-main-container-background-color-color has-text-color has-background\" style=\"background-color:#775803;font-style:normal;font-weight:700\"><a href=\"https:\/\/wp.ull.es\/fpiem\/2023\/07\/26\/06_13-estudio-preliminar-sobre-graficas-estadisticas-en-la-ensenanza-obligatoria\/\" data-type=\"post\" data-id=\"526\" target=\"_blank\" rel=\"noreferrer noopener\">13. Estudio preliminar sobre gr\u00e1ficas estad\u00edsticas en la ense\u00f1anza obligatoria. <\/a>(Carri\u00f3n, J. C.)<\/p>\n\n\n\n<div class=\"wp-block-buttons is-layout-flex wp-block-buttons-is-layout-flex\">\n<div class=\"wp-block-button\"><a class=\"wp-block-button__link has-black-color has-luminous-vivid-amber-background-color has-text-color has-background wp-element-button\" href=\"https:\/\/wp.ull.es\/fpiem\/\"><strong>&lt;&lt;&lt; Volver al inicio<\/strong><\/a><\/div>\n<\/div>\n","protected":false},"excerpt":{"rendered":"<p>\u00cdndice Presentaci\u00f3n Art\u00edculos: 1. Tratamiento de algoritmos no tradicionales en la formaci\u00f3n de profesores de Primaria. (Bruno, A.; Noda, A.) 2. La comprensi\u00f3n del concepto de \u00e1rea e integral definida en un entorno computacional. Perfiles de actuaci\u00f3n. (Camacho, M.; Depool, &hellip;<\/p>\n<p class=\"read-more\"> <a class=\"more-link\" href=\"https:\/\/wp.ull.es\/fpiem\/numero-vi-2004\/\"> <span class=\"screen-reader-text\">N\u00famero VI &#8211; 2004<\/span> Leer m\u00e1s \u00bb<\/a><\/p>\n","protected":false},"author":394,"featured_media":0,"parent":0,"menu_order":0,"comment_status":"closed","ping_status":"closed","template":"","meta":{"footnotes":""},"class_list":["post-143","page","type-page","status-publish","hentry"],"_links":{"self":[{"href":"https:\/\/wp.ull.es\/fpiem\/wp-json\/wp\/v2\/pages\/143","targetHints":{"allow":["GET"]}}],"collection":[{"href":"https:\/\/wp.ull.es\/fpiem\/wp-json\/wp\/v2\/pages"}],"about":[{"href":"https:\/\/wp.ull.es\/fpiem\/wp-json\/wp\/v2\/types\/page"}],"author":[{"embeddable":true,"href":"https:\/\/wp.ull.es\/fpiem\/wp-json\/wp\/v2\/users\/394"}],"replies":[{"embeddable":true,"href":"https:\/\/wp.ull.es\/fpiem\/wp-json\/wp\/v2\/comments?post=143"}],"version-history":[{"count":1,"href":"https:\/\/wp.ull.es\/fpiem\/wp-json\/wp\/v2\/pages\/143\/revisions"}],"predecessor-version":[{"id":591,"href":"https:\/\/wp.ull.es\/fpiem\/wp-json\/wp\/v2\/pages\/143\/revisions\/591"}],"wp:attachment":[{"href":"https:\/\/wp.ull.es\/fpiem\/wp-json\/wp\/v2\/media?parent=143"}],"curies":[{"name":"wp","href":"https:\/\/api.w.org\/{rel}","templated":true}]}}