{"id":1111,"date":"2026-03-26T19:21:31","date_gmt":"2026-03-26T19:21:31","guid":{"rendered":"https:\/\/wp.ull.es\/fpiem\/?page_id=1111"},"modified":"2026-04-08T10:01:22","modified_gmt":"2026-04-08T09:01:22","slug":"numero-xvii-2025","status":"publish","type":"page","link":"https:\/\/wp.ull.es\/fpiem\/numero-xvii-2025\/","title":{"rendered":"N\u00famero XVII &#8211; 2025"},"content":{"rendered":"\n<figure class=\"wp-block-image aligncenter size-full is-resized is-style-default\"><img fetchpriority=\"high\" decoding=\"async\" width=\"736\" height=\"1024\" src=\"https:\/\/wp.ull.es\/fpiem\/wp-content\/uploads\/sites\/158\/2026\/03\/Portada-vol-17-1-pag.jpg\" alt=\"\" class=\"wp-image-1102\" style=\"width:337px;height:auto\" srcset=\"https:\/\/wp.ull.es\/fpiem\/wp-content\/uploads\/sites\/158\/2026\/03\/Portada-vol-17-1-pag.jpg 736w, https:\/\/wp.ull.es\/fpiem\/wp-content\/uploads\/sites\/158\/2026\/03\/Portada-vol-17-1-pag-216x300.jpg 216w, https:\/\/wp.ull.es\/fpiem\/wp-content\/uploads\/sites\/158\/2026\/03\/Portada-vol-17-1-pag-100x139.jpg 100w, https:\/\/wp.ull.es\/fpiem\/wp-content\/uploads\/sites\/158\/2026\/03\/Portada-vol-17-1-pag-150x209.jpg 150w, https:\/\/wp.ull.es\/fpiem\/wp-content\/uploads\/sites\/158\/2026\/03\/Portada-vol-17-1-pag-200x278.jpg 200w, https:\/\/wp.ull.es\/fpiem\/wp-content\/uploads\/sites\/158\/2026\/03\/Portada-vol-17-1-pag-300x417.jpg 300w, https:\/\/wp.ull.es\/fpiem\/wp-content\/uploads\/sites\/158\/2026\/03\/Portada-vol-17-1-pag-450x626.jpg 450w, https:\/\/wp.ull.es\/fpiem\/wp-content\/uploads\/sites\/158\/2026\/03\/Portada-vol-17-1-pag-600x835.jpg 600w\" sizes=\"(max-width: 736px) 100vw, 736px\" \/><\/figure>\n\n\n\n<p><\/p>\n\n\n\n<div class=\"wp-block-columns is-layout-flex wp-container-core-columns-is-layout-9d6595d7 wp-block-columns-is-layout-flex\">\n<div class=\"wp-block-column is-layout-flow wp-block-column-is-layout-flow\">\n<p class=\"has-text-align-center has-pale-cyan-blue-background-color has-background\"><strong>\u00cdndice<\/strong><\/p>\n<\/div>\n\n\n\n<div class=\"wp-block-column is-layout-flow wp-block-column-is-layout-flow\"><\/div>\n\n\n\n<div class=\"wp-block-column is-layout-flow wp-block-column-is-layout-flow\">\n<p class=\"has-text-align-center has-pale-cyan-blue-background-color has-background\"><strong>Presentaci\u00f3n<\/strong><\/p>\n<\/div>\n<\/div>\n\n\n\n<h2 class=\"wp-block-heading\"><em>Art\u00edculos:<\/em> <\/h2>\n\n\n\n<p class=\"has-responsive-container-background-color-color has-pale-cyan-blue-background-color has-text-color has-background\"><strong>01 <strong><a href=\"https:\/\/wp.ull.es\/fpiem\/2026\/03\/27\/17_01-formulacion-de-problemas-de-abstraccion-en-el-marco-del-pensamiento-computacional\/\">Formulaci\u00f3n de problemas de abstracci\u00f3n en el marco del pensamiento computacional<\/a><\/strong>.<a href=\"https:\/\/wp.ull.es\/fpiem\/wp-content\/uploads\/sites\/158\/2023\/07\/Z01.Acosta-Pincheira-y-Alsina.-FPIEM-FIN-Vol.14.pdf\" data-type=\"attachment\" data-id=\"35\" target=\"_blank\" rel=\"noreferrer noopener\"><\/a>(Arencibia-Cabrera, J.; Quevedo, E.; Josefa Perdomo-D\u00edaz, J.; Lijo, R. y de-Armas Gonz\u00e1lez, P.)<\/strong><\/p>\n\n\n\n<p class=\"has-responsive-container-background-color-color has-pale-cyan-blue-background-color has-text-color has-background\"><strong>02 <strong><a href=\"https:\/\/wp.ull.es\/fpiem\/2026\/03\/27\/17_02-proyecto-piloto-para-la-evaluacion-de-la-integracion-del-pensamiento-computacional-en-educacion-infantil-en-la-ciudad-de-las-palmas-de-gran-canaria\/\">Proyecto Piloto para la Evaluaci\u00f3n de la Integraci\u00f3n del Pensamiento Computacional en Educaci\u00f3n Infantil en la ciudad de Las Palmas de Gran Canaria<\/a><\/strong>. (D\u00edaz, J. A.; Lijo, R.; \u00c1lamo, J. y Quevedo, E.)<\/strong><\/p>\n\n\n\n<p class=\"has-responsive-container-background-color-color has-pale-cyan-blue-background-color has-text-color has-background\"><strong>03 <a href=\"https:\/\/wp.ull.es\/fpiem\/2026\/03\/27\/17_03-peticiones-y-valoraciones-de-la-formulacion-de-problemas-asistida-por-inteligencia-artificial-generativa\/\">Peticiones y valoraciones de la formulaci\u00f3n de problemas asistida por inteligencia artificial generativa<\/a>. (Embid S. y Perdomo-D\u00edaz, J.)<\/strong><\/p>\n\n\n\n<p class=\"has-responsive-container-background-color-color has-pale-cyan-blue-background-color has-text-color has-background\"><strong>04 <a href=\"https:\/\/wp.ull.es\/fpiem\/2026\/03\/27\/17_04-desarrollo-de-la-habilidad-de-formular-problemas-estadisticos-en-estudiantes-para-maestra-o-a-traves-de-una-retroalimentacion-guiada\/\">Desarrollo de la habilidad de formular problemas estad\u00edsticos en estudiantes para maestra\/o a trav\u00e9s de una retroalimentaci\u00f3n guiada<\/a>. (Guerra-Ones V. y Perdomo-D\u00edaz, J.)<\/strong><\/p>\n\n\n\n<p class=\"has-responsive-container-background-color-color has-pale-cyan-blue-background-color has-text-color has-background\"><strong>05 <a href=\"https:\/\/wp.ull.es\/fpiem\/2026\/03\/27\/17_05-diseno-de-tareas-steam-integrado-con-enfoque-de-sostenibilidad-en-la-formacion-docente-de-secundaria-y-bachillerato\/\">Dise\u00f1o de tareas STEAM integrado con enfoque de sostenibilidad en la formaci\u00f3n docente de secundaria y bachillerato<\/a>. (Hitt, F.)<\/strong><\/p>\n\n\n\n<p class=\"has-responsive-container-background-color-color has-pale-cyan-blue-background-color has-text-color has-background\"><strong>06 <a href=\"https:\/\/wp.ull.es\/fpiem\/2026\/03\/27\/17_06-algunas-caracteristicas-asociadas-a-la-clasificacion-de-baumanns-para-la-formulacion-de-problemas-matematicos\/\">Algunas caracter\u00edsticas asociadas a la clasificaci\u00f3n de Baumanns para la formulaci\u00f3n de problemas matem\u00e1ticos<\/a>. (Mart\u00edn-Ferraz, A.; Hern\u00e1ndez, A. y Camacho-Mach\u00edn, M.)<\/strong><\/p>\n\n\n\n<p class=\"has-responsive-container-background-color-color has-pale-cyan-blue-background-color has-text-color has-background\"><strong>07 <a href=\"https:\/\/wp.ull.es\/fpiem\/2026\/03\/27\/17_07-diseno-y-aplicacion-de-instrumentos-para-el-estudio-de-la-esperanza-matematica-intuitiva\/\">Dise\u00f1o y Aplicaci\u00f3n de Instrumentos para el Estudio de la Esperanza Matem\u00e1tica Intuitiva.<\/a> (Oval Trujillo, Z. y Garc\u00eda-Alonso, I.)<\/strong><\/p>\n\n\n\n<p class=\"has-responsive-container-background-color-color has-pale-cyan-blue-background-color has-text-color has-background\"><strong>08 <a href=\"https:\/\/wp.ull.es\/fpiem\/2026\/03\/27\/17_08-formulacion-de-problemas-de-areas-por-futuros-maestros-a-partir-de-un-contexto-algunas-caracteristicas\/\">Formulaci\u00f3n de problemas de \u00e1reas por futuros maestros a partir de un contexto: algunas caracter\u00edsticas<\/a>. (Sosa-Mart\u00edn, D.; Garc\u00eda-Alonso, I. y Bruno, A.)<\/strong><\/p>\n\n\n\n<div class=\"wp-block-buttons is-layout-flex wp-block-buttons-is-layout-flex\">\n<div class=\"wp-block-button\"><a class=\"wp-block-button__link has-black-color has-luminous-vivid-amber-background-color has-text-color has-background wp-element-button\" href=\"https:\/\/wp.ull.es\/fpiem\/\"><strong>&lt;&lt;&lt; Volver al inicio<\/strong><\/a><\/div>\n<\/div>\n\n\n\n<p><\/p>\n","protected":false},"excerpt":{"rendered":"<p>\u00cdndice Presentaci\u00f3n Art\u00edculos: 01 Formulaci\u00f3n de problemas de abstracci\u00f3n en el marco del pensamiento computacional.(Arencibia-Cabrera, J.; Quevedo, E.; Josefa Perdomo-D\u00edaz, J.; Lijo, R. y de-Armas Gonz\u00e1lez, P.) 02 Proyecto Piloto para la Evaluaci\u00f3n de la Integraci\u00f3n del Pensamiento Computacional en &hellip;<\/p>\n<p class=\"read-more\"> <a class=\"more-link\" href=\"https:\/\/wp.ull.es\/fpiem\/numero-xvii-2025\/\"> <span class=\"screen-reader-text\">N\u00famero XVII &#8211; 2025<\/span> Leer m\u00e1s \u00bb<\/a><\/p>\n","protected":false},"author":396,"featured_media":0,"parent":0,"menu_order":0,"comment_status":"closed","ping_status":"closed","template":"","meta":{"footnotes":""},"class_list":["post-1111","page","type-page","status-publish","hentry"],"_links":{"self":[{"href":"https:\/\/wp.ull.es\/fpiem\/wp-json\/wp\/v2\/pages\/1111","targetHints":{"allow":["GET"]}}],"collection":[{"href":"https:\/\/wp.ull.es\/fpiem\/wp-json\/wp\/v2\/pages"}],"about":[{"href":"https:\/\/wp.ull.es\/fpiem\/wp-json\/wp\/v2\/types\/page"}],"author":[{"embeddable":true,"href":"https:\/\/wp.ull.es\/fpiem\/wp-json\/wp\/v2\/users\/396"}],"replies":[{"embeddable":true,"href":"https:\/\/wp.ull.es\/fpiem\/wp-json\/wp\/v2\/comments?post=1111"}],"version-history":[{"count":2,"href":"https:\/\/wp.ull.es\/fpiem\/wp-json\/wp\/v2\/pages\/1111\/revisions"}],"predecessor-version":[{"id":1162,"href":"https:\/\/wp.ull.es\/fpiem\/wp-json\/wp\/v2\/pages\/1111\/revisions\/1162"}],"wp:attachment":[{"href":"https:\/\/wp.ull.es\/fpiem\/wp-json\/wp\/v2\/media?parent=1111"}],"curies":[{"name":"wp","href":"https:\/\/api.w.org\/{rel}","templated":true}]}}